{"id":10009,"date":"2026-02-24T03:18:03","date_gmt":"2026-02-24T02:18:03","guid":{"rendered":"https:\/\/www.patrick-koglin.com\/?page_id=10009"},"modified":"2026-04-29T10:09:23","modified_gmt":"2026-04-29T08:09:23","slug":"zertifikate-und-preise","status":"publish","type":"page","link":"https:\/\/www.patrick-koglin.com\/en\/zertifikate-und-preise\/","title":{"rendered":"Zertifikate und Auszeichnungen"},"content":{"rendered":"<p>Patrick Koglin ist mehrfach zertifiziert als NLP-, Business- und Hypnose-Coach. Er hat sich seit mehr als zwanzig Jahren auf Coaching und Pers\u00f6nlichkeitsentwicklung spezialisiert. Ein Ergebnis war die Gewinnung des deutschen Innovationspreises im Jahr 2025, der Aufbau einer eigenen Coaching-Ausbildung und die Unterst\u00fctzung von \u00fcber 2.200 Kunden. <\/p>\n\n\n\n<div style=\"height:50px\" aria-hidden=\"true\" class=\"wp-block-spacer\"><\/div>\n\n\n\n<div class=\"wp-block-columns is-layout-flex wp-container-core-columns-is-layout-9d6595d7 wp-block-columns-is-layout-flex\">\n<div class=\"wp-block-column is-vertically-aligned-center is-layout-flow wp-block-column-is-layout-flow\"><div class=\"wp-block-image\">\n<figure class=\"aligncenter size-full\"><img decoding=\"async\" width=\"227\" height=\"90\" src=\"https:\/\/www.patrick-koglin.com\/wp-content\/uploads\/2026\/02\/grafik-31.png\" alt=\"\" class=\"wp-image-9261\"\/><\/figure>\n<\/div>\n\n\n<p><\/p>\n\n\n\n<p class=\"has-text-align-center\">Ausgezeichnet in 2025, pr\u00e4miert f\u00fcr 2026<\/p>\n<\/div>\n\n\n\n<div class=\"wp-block-column is-vertically-aligned-center is-layout-flow wp-block-column-is-layout-flow\"><div class=\"wp-block-image\">\n<figure class=\"aligncenter size-full\"><img decoding=\"async\" width=\"170\" height=\"101\" src=\"https:\/\/www.patrick-koglin.com\/wp-content\/uploads\/2026\/02\/grafik-86.png\" alt=\"\" class=\"wp-image-10112\"\/><\/figure>\n<\/div>\n\n<div class=\"wp-block-image\">\n<figure class=\"aligncenter size-large is-resized\"><img fetchpriority=\"high\" decoding=\"async\" width=\"1024\" height=\"177\" src=\"https:\/\/www.patrick-koglin.com\/wp-content\/uploads\/2026\/02\/grafik-87-1024x177.png\" alt=\"\" class=\"wp-image-10114\" style=\"aspect-ratio:5.784801010981451;width:304px;height:auto\" srcset=\"https:\/\/www.patrick-koglin.com\/wp-content\/uploads\/2026\/02\/grafik-87-1024x177.png 1024w, https:\/\/www.patrick-koglin.com\/wp-content\/uploads\/2026\/02\/grafik-87-300x52.png 300w, https:\/\/www.patrick-koglin.com\/wp-content\/uploads\/2026\/02\/grafik-87-768x133.png 768w, https:\/\/www.patrick-koglin.com\/wp-content\/uploads\/2026\/02\/grafik-87.png 1200w\" sizes=\"(max-width: 1024px) 100vw, 1024px\" \/><\/figure>\n<\/div>\n\n\n<p><\/p>\n\n\n\n<p class=\"has-text-align-center\">Ausgezeichnet vom Deutschen Institut f\u00fcr Service-Qualit\u00e4t (DISQ)<\/p>\n<\/div>\n<\/div>\n\n\n\n<p><\/p>\n\n\n\n<hr class=\"wp-block-separator has-alpha-channel-opacity\"\/>\n\n\n\n<h2 class=\"wp-block-heading\">Aus- und Weiterbildungen<\/h2>\n\n\n\n<p>Auf dieser Seite finden Sie nur einen Auszug der absolvierten Ausbildungen und entsprechenden Nachweise. <\/p>\n\n\n\n<div class=\"wp-block-columns is-layout-flex wp-container-core-columns-is-layout-9d6595d7 wp-block-columns-is-layout-flex\">\n<div class=\"wp-block-column is-layout-flow wp-block-column-is-layout-flow\"><div class=\"wp-block-image\">\n<figure class=\"aligncenter size-full is-resized\"><img loading=\"lazy\" decoding=\"async\" width=\"371\" height=\"371\" src=\"https:\/\/www.patrick-koglin.com\/wp-content\/uploads\/2024\/09\/vak-coach_siegel-1.png\" alt=\"\" class=\"wp-image-1744\" style=\"width:200px\" srcset=\"https:\/\/www.patrick-koglin.com\/wp-content\/uploads\/2024\/09\/vak-coach_siegel-1.png 371w, https:\/\/www.patrick-koglin.com\/wp-content\/uploads\/2024\/09\/vak-coach_siegel-1-300x300.png 300w, https:\/\/www.patrick-koglin.com\/wp-content\/uploads\/2024\/09\/vak-coach_siegel-1-150x150.png 150w\" sizes=\"(max-width: 371px) 100vw, 371px\" \/><\/figure>\n<\/div>\n\n\n<p><\/p>\n\n\n\n<p class=\"has-text-align-center\"><strong>Was erzielt man durch VAK-Coaching?<\/strong><\/p>\n\n\n\n<p class=\"has-text-align-center\">Durch die <em>VAK-Coachingtechnik<\/em> k\u00f6nnen Menschen ihre Probleml\u00f6sungskompetenzen aktivieren. Es ist eine Technik, die nach der Ausbildung entweder eigenst\u00e4ndig oder durch mit Hilfe eines Coachings angewandt werden kann.<\/p>\n\n\n\n<p class=\"has-text-align-center\">Mit Hilfe dieser Technik konnte Patrick schon \u00fcber 500 Coachings aufbauen und zielf\u00fchrend sowie professionell strukturieren. <\/p>\n<\/div>\n\n\n\n<div class=\"wp-block-column is-layout-flow wp-block-column-is-layout-flow\"><div class=\"wp-block-image\">\n<figure class=\"aligncenter size-full is-resized\"><img loading=\"lazy\" decoding=\"async\" width=\"800\" height=\"800\" src=\"https:\/\/www.patrick-koglin.com\/wp-content\/uploads\/2024\/09\/Train-the-trainer-Emblem-1.jpeg\" alt=\"\" class=\"wp-image-1746\" style=\"width:200px\" srcset=\"https:\/\/www.patrick-koglin.com\/wp-content\/uploads\/2024\/09\/Train-the-trainer-Emblem-1.jpeg 800w, https:\/\/www.patrick-koglin.com\/wp-content\/uploads\/2024\/09\/Train-the-trainer-Emblem-1-300x300.jpeg 300w, https:\/\/www.patrick-koglin.com\/wp-content\/uploads\/2024\/09\/Train-the-trainer-Emblem-1-150x150.jpeg 150w, https:\/\/www.patrick-koglin.com\/wp-content\/uploads\/2024\/09\/Train-the-trainer-Emblem-1-768x768.jpeg 768w\" sizes=\"(max-width: 800px) 100vw, 800px\" \/><\/figure>\n<\/div>\n\n\n<p><\/p>\n\n\n\n<p class=\"has-text-align-center\"><strong>Was ist der Train-the-Trainer?<\/strong><\/p>\n\n\n\n<p class=\"has-text-align-center\">Der &#8222;<em>Train-the-Trainer<\/em>&#8220; hat Patrick Koglin in die Lage versetzt didaktische Ausbildungen, Workshops und Vortr\u00e4ge aufzubauen. <\/p>\n\n\n\n<p class=\"has-text-align-center\">Ein Ergebnis daraus waren nicht nur \u00fcber 100 durchgef\u00fchrte Online-Coachings, Webinare und Workshops, sondern auch das Erreichen von \u00fcber 250.000 Aufrufe auf Social Media. <\/p>\n<\/div>\n\n\n\n<div class=\"wp-block-column is-layout-flow wp-block-column-is-layout-flow\"><div class=\"wp-block-image\">\n<figure class=\"aligncenter size-full is-resized\"><img loading=\"lazy\" decoding=\"async\" width=\"800\" height=\"800\" src=\"https:\/\/www.patrick-koglin.com\/wp-content\/uploads\/2024\/09\/Impulscoach-1.jpeg\" alt=\"\" class=\"wp-image-1745\" style=\"width:200px\" srcset=\"https:\/\/www.patrick-koglin.com\/wp-content\/uploads\/2024\/09\/Impulscoach-1.jpeg 800w, https:\/\/www.patrick-koglin.com\/wp-content\/uploads\/2024\/09\/Impulscoach-1-300x300.jpeg 300w, https:\/\/www.patrick-koglin.com\/wp-content\/uploads\/2024\/09\/Impulscoach-1-150x150.jpeg 150w, https:\/\/www.patrick-koglin.com\/wp-content\/uploads\/2024\/09\/Impulscoach-1-768x768.jpeg 768w\" sizes=\"(max-width: 800px) 100vw, 800px\" \/><\/figure>\n<\/div>\n\n\n<p><\/p>\n\n\n\n<p class=\"has-text-align-center\"><strong>Was ist die Impuls-Coach Ausbildung?<\/strong><\/p>\n\n\n\n<p class=\"has-text-align-center\">Die Impus-Coach Ausbildung setzt sich aus mehreren inhaltlichen Modulen zusammen. Einerseits wird sehr viel mit Sprache gearbeitet und andererseits auch mit K\u00f6rperabfragetechniken. Diese m\u00fcssen angeleitet werden. Patrick hat auch einen Aspekte der Sandy Simon Coaching-Methodik dort lernen k\u00f6nnen. <\/p>\n<\/div>\n<\/div>\n\n\n\n<hr class=\"wp-block-separator has-alpha-channel-opacity\"\/>\n\n\n\n<div class=\"wp-block-columns is-layout-flex wp-container-core-columns-is-layout-9d6595d7 wp-block-columns-is-layout-flex\">\n<div class=\"wp-block-column is-layout-flow wp-block-column-is-layout-flow\"><div class=\"wp-block-image\">\n<figure class=\"aligncenter size-full is-resized\"><img loading=\"lazy\" decoding=\"async\" width=\"800\" height=\"800\" src=\"https:\/\/www.patrick-koglin.com\/wp-content\/uploads\/2025\/10\/Smart-Gecko-Scrum-Product-Owner-square-2.webp\" alt=\"\" class=\"wp-image-7492\" style=\"width:305px;height:auto\" srcset=\"https:\/\/www.patrick-koglin.com\/wp-content\/uploads\/2025\/10\/Smart-Gecko-Scrum-Product-Owner-square-2.webp 800w, https:\/\/www.patrick-koglin.com\/wp-content\/uploads\/2025\/10\/Smart-Gecko-Scrum-Product-Owner-square-2-300x300.webp 300w, https:\/\/www.patrick-koglin.com\/wp-content\/uploads\/2025\/10\/Smart-Gecko-Scrum-Product-Owner-square-2-150x150.webp 150w, https:\/\/www.patrick-koglin.com\/wp-content\/uploads\/2025\/10\/Smart-Gecko-Scrum-Product-Owner-square-2-768x768.webp 768w\" sizes=\"(max-width: 800px) 100vw, 800px\" \/><\/figure>\n<\/div><\/div>\n\n\n\n<div class=\"wp-block-column is-layout-flow wp-block-column-is-layout-flow\">\n<figure class=\"wp-block-image size-full\"><img loading=\"lazy\" decoding=\"async\" width=\"662\" height=\"504\" src=\"https:\/\/www.patrick-koglin.com\/wp-content\/uploads\/2024\/09\/Zertifikat3.png\" alt=\"\" class=\"wp-image-233\" srcset=\"https:\/\/www.patrick-koglin.com\/wp-content\/uploads\/2024\/09\/Zertifikat3.png 662w, https:\/\/www.patrick-koglin.com\/wp-content\/uploads\/2024\/09\/Zertifikat3-300x228.png 300w\" sizes=\"(max-width: 662px) 100vw, 662px\" \/><\/figure>\n<\/div>\n<\/div>\n\n\n\n<hr class=\"wp-block-separator has-alpha-channel-opacity\"\/>\n\n\n<div class=\"wp-block-image\">\n<figure class=\"aligncenter size-large is-resized\"><img loading=\"lazy\" decoding=\"async\" width=\"1024\" height=\"733\" src=\"https:\/\/www.patrick-koglin.com\/wp-content\/uploads\/2024\/09\/Zertifkat-Business-Coach-1024x733.jpg\" alt=\"\" class=\"wp-image-235\" style=\"width:684px;height:auto\" srcset=\"https:\/\/www.patrick-koglin.com\/wp-content\/uploads\/2024\/09\/Zertifkat-Business-Coach-1024x733.jpg 1024w, https:\/\/www.patrick-koglin.com\/wp-content\/uploads\/2024\/09\/Zertifkat-Business-Coach-300x215.jpg 300w, https:\/\/www.patrick-koglin.com\/wp-content\/uploads\/2024\/09\/Zertifkat-Business-Coach-768x550.jpg 768w, https:\/\/www.patrick-koglin.com\/wp-content\/uploads\/2024\/09\/Zertifkat-Business-Coach-1536x1099.jpg 1536w, https:\/\/www.patrick-koglin.com\/wp-content\/uploads\/2024\/09\/Zertifkat-Business-Coach-2048x1465.jpg 2048w\" sizes=\"(max-width: 1024px) 100vw, 1024px\" \/><\/figure>\n<\/div>\n\n<div class=\"wp-block-image\">\n<figure class=\"aligncenter size-full\"><img loading=\"lazy\" decoding=\"async\" width=\"592\" height=\"830\" src=\"https:\/\/www.patrick-koglin.com\/wp-content\/uploads\/2026\/02\/grafik-84.png\" alt=\"\" class=\"wp-image-10020\" srcset=\"https:\/\/www.patrick-koglin.com\/wp-content\/uploads\/2026\/02\/grafik-84.png 592w, https:\/\/www.patrick-koglin.com\/wp-content\/uploads\/2026\/02\/grafik-84-214x300.png 214w\" sizes=\"(max-width: 592px) 100vw, 592px\" \/><\/figure>\n<\/div>","protected":false},"excerpt":{"rendered":"<p>Patrick Koglin ist mehrfach zertifiziert als NLP-, Business- und Hypnose-Coach. Er hat sich seit mehr als zwanzig Jahren auf Coaching und Pers\u00f6nlichkeitsentwicklung spezialisiert. Ein Ergebnis war die Gewinnung des deutschen Innovationspreises im Jahr 2025, der Aufbau einer eigenen Coaching-Ausbildung und die Unterst\u00fctzung von \u00fcber 2.200 Kunden. Ausgezeichnet in 2025, pr\u00e4miert f\u00fcr 2026 Ausgezeichnet vom Deutschen &#8230; <a title=\"Zertifikate und Auszeichnungen\" class=\"read-more\" href=\"https:\/\/www.patrick-koglin.com\/en\/zertifikate-und-preise\/\" aria-label=\"Read more about Zertifikate und Auszeichnungen\">Read more<\/a><\/p>","protected":false},"author":1,"featured_media":0,"parent":0,"menu_order":0,"comment_status":"closed","ping_status":"closed","template":"","meta":{"footnotes":""},"class_list":["post-10009","page","type-page","status-publish"],"yoast_head":"<!-- This site is optimized with the Yoast SEO plugin v25.8 - https:\/\/yoast.com\/wordpress\/plugins\/seo\/ -->\n<title>Zertifikate und Auszeichnungen - Patrick Koglin<\/title>\n<meta name=\"robots\" content=\"index, follow, max-snippet:-1, max-image-preview:large, max-video-preview:-1\" \/>\n<link rel=\"canonical\" href=\"https:\/\/www.patrick-koglin.com\/en\/zertifikate-und-preise\/\" \/>\n<meta property=\"og:locale\" content=\"en_US\" \/>\n<meta property=\"og:type\" content=\"article\" \/>\n<meta property=\"og:title\" content=\"Zertifikate und Auszeichnungen - Patrick Koglin\" \/>\n<meta property=\"og:description\" content=\"Patrick Koglin ist mehrfach zertifiziert als NLP-, Business- und Hypnose-Coach. Er hat sich seit mehr als zwanzig Jahren auf Coaching und Pers\u00f6nlichkeitsentwicklung spezialisiert. Ein Ergebnis war die Gewinnung des deutschen Innovationspreises im Jahr 2025, der Aufbau einer eigenen Coaching-Ausbildung und die Unterst\u00fctzung von \u00fcber 2.200 Kunden. Ausgezeichnet in 2025, pr\u00e4miert f\u00fcr 2026 Ausgezeichnet vom Deutschen ... Read more\" \/>\n<meta property=\"og:url\" content=\"https:\/\/www.patrick-koglin.com\/en\/zertifikate-und-preise\/\" \/>\n<meta property=\"og:site_name\" content=\"Patrick Koglin\" \/>\n<meta property=\"article:publisher\" content=\"https:\/\/www.facebook.com\/profile.php?id=61566852463657\" \/>\n<meta property=\"article:modified_time\" content=\"2026-04-29T08:09:23+00:00\" \/>\n<meta property=\"og:image\" content=\"https:\/\/www.patrick-koglin.com\/wp-content\/uploads\/2026\/02\/grafik-31.png\" \/>\n\t<meta property=\"og:image:width\" content=\"227\" \/>\n\t<meta property=\"og:image:height\" content=\"90\" \/>\n\t<meta property=\"og:image:type\" content=\"image\/png\" \/>\n<meta name=\"twitter:card\" content=\"summary_large_image\" \/>\n<meta name=\"twitter:label1\" content=\"Est. reading time\" \/>\n\t<meta name=\"twitter:data1\" content=\"4 minutes\" \/>\n<script type=\"application\/ld+json\" class=\"yoast-schema-graph\">{\"@context\":\"https:\/\/schema.org\",\"@graph\":[{\"@type\":\"WebPage\",\"@id\":\"https:\/\/www.patrick-koglin.com\/zertifikate-und-preise\/\",\"url\":\"https:\/\/www.patrick-koglin.com\/zertifikate-und-preise\/\",\"name\":\"Zertifikate und Auszeichnungen - Patrick Koglin\",\"isPartOf\":{\"@id\":\"https:\/\/www.patrick-koglin.com\/#website\"},\"primaryImageOfPage\":{\"@id\":\"https:\/\/www.patrick-koglin.com\/zertifikate-und-preise\/#primaryimage\"},\"image\":{\"@id\":\"https:\/\/www.patrick-koglin.com\/zertifikate-und-preise\/#primaryimage\"},\"thumbnailUrl\":\"https:\/\/www.patrick-koglin.com\/wp-content\/uploads\/2026\/02\/grafik-31.png\",\"datePublished\":\"2026-02-24T02:18:03+00:00\",\"dateModified\":\"2026-04-29T08:09:23+00:00\",\"breadcrumb\":{\"@id\":\"https:\/\/www.patrick-koglin.com\/zertifikate-und-preise\/#breadcrumb\"},\"inLanguage\":\"en-US\",\"potentialAction\":[{\"@type\":\"ReadAction\",\"target\":[\"https:\/\/www.patrick-koglin.com\/zertifikate-und-preise\/\"]}]},{\"@type\":\"ImageObject\",\"inLanguage\":\"en-US\",\"@id\":\"https:\/\/www.patrick-koglin.com\/zertifikate-und-preise\/#primaryimage\",\"url\":\"https:\/\/www.patrick-koglin.com\/wp-content\/uploads\/2026\/02\/grafik-31.png\",\"contentUrl\":\"https:\/\/www.patrick-koglin.com\/wp-content\/uploads\/2026\/02\/grafik-31.png\"},{\"@type\":\"BreadcrumbList\",\"@id\":\"https:\/\/www.patrick-koglin.com\/zertifikate-und-preise\/#breadcrumb\",\"itemListElement\":[{\"@type\":\"ListItem\",\"position\":1,\"name\":\"Startseite\",\"item\":\"https:\/\/www.patrick-koglin.com\/\"},{\"@type\":\"ListItem\",\"position\":2,\"name\":\"Zertifikate und Auszeichnungen\"}]},{\"@type\":\"WebSite\",\"@id\":\"https:\/\/www.patrick-koglin.com\/#website\",\"url\":\"https:\/\/www.patrick-koglin.com\/\",\"name\":\"PK Coaching - Patrick Koglin Unternehmensgruppe\",\"description\":\"PK Coaching, Business-Design &amp; Development\",\"publisher\":{\"@id\":\"https:\/\/www.patrick-koglin.com\/#organization\"},\"potentialAction\":[{\"@type\":\"SearchAction\",\"target\":{\"@type\":\"EntryPoint\",\"urlTemplate\":\"https:\/\/www.patrick-koglin.com\/?s={search_term_string}\"},\"query-input\":{\"@type\":\"PropertyValueSpecification\",\"valueRequired\":true,\"valueName\":\"search_term_string\"}}],\"inLanguage\":\"en-US\"},{\"@type\":\"Organization\",\"@id\":\"https:\/\/www.patrick-koglin.com\/#organization\",\"name\":\"Patrick Koglin | CEO von PK Coaching\",\"url\":\"https:\/\/www.patrick-koglin.com\/\",\"logo\":{\"@type\":\"ImageObject\",\"inLanguage\":\"en-US\",\"@id\":\"https:\/\/www.patrick-koglin.com\/#\/schema\/logo\/image\/\",\"url\":\"https:\/\/www.patrick-koglin.com\/wp-content\/uploads\/2025\/07\/cropped-PK16.png\",\"contentUrl\":\"https:\/\/www.patrick-koglin.com\/wp-content\/uploads\/2025\/07\/cropped-PK16.png\",\"width\":619,\"height\":287,\"caption\":\"Patrick Koglin | CEO von PK Coaching\"},\"image\":{\"@id\":\"https:\/\/www.patrick-koglin.com\/#\/schema\/logo\/image\/\"},\"sameAs\":[\"https:\/\/www.facebook.com\/profile.php?id=61566852463657\"]}]}<\/script>\n<!-- \/ Yoast SEO plugin. -->","yoast_head_json":{"title":"Zertifikate und Auszeichnungen - Patrick Koglin","robots":{"index":"index","follow":"follow","max-snippet":"max-snippet:-1","max-image-preview":"max-image-preview:large","max-video-preview":"max-video-preview:-1"},"canonical":"https:\/\/www.patrick-koglin.com\/en\/zertifikate-und-preise\/","og_locale":"en_US","og_type":"article","og_title":"Zertifikate und Auszeichnungen - Patrick Koglin","og_description":"Patrick Koglin ist mehrfach zertifiziert als NLP-, Business- und Hypnose-Coach. Er hat sich seit mehr als zwanzig Jahren auf Coaching und Pers\u00f6nlichkeitsentwicklung spezialisiert. Ein Ergebnis war die Gewinnung des deutschen Innovationspreises im Jahr 2025, der Aufbau einer eigenen Coaching-Ausbildung und die Unterst\u00fctzung von \u00fcber 2.200 Kunden. Ausgezeichnet in 2025, pr\u00e4miert f\u00fcr 2026 Ausgezeichnet vom Deutschen ... Read more","og_url":"https:\/\/www.patrick-koglin.com\/en\/zertifikate-und-preise\/","og_site_name":"Patrick Koglin","article_publisher":"https:\/\/www.facebook.com\/profile.php?id=61566852463657","article_modified_time":"2026-04-29T08:09:23+00:00","og_image":[{"width":227,"height":90,"url":"https:\/\/www.patrick-koglin.com\/wp-content\/uploads\/2026\/02\/grafik-31.png","type":"image\/png"}],"twitter_card":"summary_large_image","twitter_misc":{"Est. reading time":"4 minutes"},"schema":{"@context":"https:\/\/schema.org","@graph":[{"@type":"WebPage","@id":"https:\/\/www.patrick-koglin.com\/zertifikate-und-preise\/","url":"https:\/\/www.patrick-koglin.com\/zertifikate-und-preise\/","name":"Zertifikate und Auszeichnungen - Patrick Koglin","isPartOf":{"@id":"https:\/\/www.patrick-koglin.com\/#website"},"primaryImageOfPage":{"@id":"https:\/\/www.patrick-koglin.com\/zertifikate-und-preise\/#primaryimage"},"image":{"@id":"https:\/\/www.patrick-koglin.com\/zertifikate-und-preise\/#primaryimage"},"thumbnailUrl":"https:\/\/www.patrick-koglin.com\/wp-content\/uploads\/2026\/02\/grafik-31.png","datePublished":"2026-02-24T02:18:03+00:00","dateModified":"2026-04-29T08:09:23+00:00","breadcrumb":{"@id":"https:\/\/www.patrick-koglin.com\/zertifikate-und-preise\/#breadcrumb"},"inLanguage":"en-US","potentialAction":[{"@type":"ReadAction","target":["https:\/\/www.patrick-koglin.com\/zertifikate-und-preise\/"]}]},{"@type":"ImageObject","inLanguage":"en-US","@id":"https:\/\/www.patrick-koglin.com\/zertifikate-und-preise\/#primaryimage","url":"https:\/\/www.patrick-koglin.com\/wp-content\/uploads\/2026\/02\/grafik-31.png","contentUrl":"https:\/\/www.patrick-koglin.com\/wp-content\/uploads\/2026\/02\/grafik-31.png"},{"@type":"BreadcrumbList","@id":"https:\/\/www.patrick-koglin.com\/zertifikate-und-preise\/#breadcrumb","itemListElement":[{"@type":"ListItem","position":1,"name":"Startseite","item":"https:\/\/www.patrick-koglin.com\/"},{"@type":"ListItem","position":2,"name":"Zertifikate und Auszeichnungen"}]},{"@type":"WebSite","@id":"https:\/\/www.patrick-koglin.com\/#website","url":"https:\/\/www.patrick-koglin.com\/","name":"PK Coaching - Patrick Koglin Unternehmensgruppe","description":"PK Coaching, Business-Design &amp; Development","publisher":{"@id":"https:\/\/www.patrick-koglin.com\/#organization"},"potentialAction":[{"@type":"SearchAction","target":{"@type":"EntryPoint","urlTemplate":"https:\/\/www.patrick-koglin.com\/?s={search_term_string}"},"query-input":{"@type":"PropertyValueSpecification","valueRequired":true,"valueName":"search_term_string"}}],"inLanguage":"en-US"},{"@type":"Organization","@id":"https:\/\/www.patrick-koglin.com\/#organization","name":"Patrick Koglin | CEO von PK Coaching","url":"https:\/\/www.patrick-koglin.com\/","logo":{"@type":"ImageObject","inLanguage":"en-US","@id":"https:\/\/www.patrick-koglin.com\/#\/schema\/logo\/image\/","url":"https:\/\/www.patrick-koglin.com\/wp-content\/uploads\/2025\/07\/cropped-PK16.png","contentUrl":"https:\/\/www.patrick-koglin.com\/wp-content\/uploads\/2025\/07\/cropped-PK16.png","width":619,"height":287,"caption":"Patrick Koglin | CEO von PK Coaching"},"image":{"@id":"https:\/\/www.patrick-koglin.com\/#\/schema\/logo\/image\/"},"sameAs":["https:\/\/www.facebook.com\/profile.php?id=61566852463657"]}]}},"_links":{"self":[{"href":"https:\/\/www.patrick-koglin.com\/en\/wp-json\/wp\/v2\/pages\/10009","targetHints":{"allow":["GET"]}}],"collection":[{"href":"https:\/\/www.patrick-koglin.com\/en\/wp-json\/wp\/v2\/pages"}],"about":[{"href":"https:\/\/www.patrick-koglin.com\/en\/wp-json\/wp\/v2\/types\/page"}],"author":[{"embeddable":true,"href":"https:\/\/www.patrick-koglin.com\/en\/wp-json\/wp\/v2\/users\/1"}],"replies":[{"embeddable":true,"href":"https:\/\/www.patrick-koglin.com\/en\/wp-json\/wp\/v2\/comments?post=10009"}],"version-history":[{"count":22,"href":"https:\/\/www.patrick-koglin.com\/en\/wp-json\/wp\/v2\/pages\/10009\/revisions"}],"predecessor-version":[{"id":14527,"href":"https:\/\/www.patrick-koglin.com\/en\/wp-json\/wp\/v2\/pages\/10009\/revisions\/14527"}],"wp:attachment":[{"href":"https:\/\/www.patrick-koglin.com\/en\/wp-json\/wp\/v2\/media?parent=10009"}],"curies":[{"name":"wp","href":"https:\/\/api.w.org\/{rel}","templated":true}]}}