{"id":10209,"date":"2026-02-26T20:16:08","date_gmt":"2026-02-26T19:16:08","guid":{"rendered":"https:\/\/www.patrick-koglin.com\/?page_id=10209"},"modified":"2026-02-26T21:00:06","modified_gmt":"2026-02-26T20:00:06","slug":"unterstuetzung-im-forderungsmanagement","status":"publish","type":"page","link":"https:\/\/www.patrick-koglin.com\/en\/karriere\/unterstuetzung-im-forderungsmanagement\/","title":{"rendered":"Unterst\u00fctzung im Forderungsmanagement"},"content":{"rendered":"<p>Leider kommt es immer mal wieder vor, dass Kunden nicht oder nicht zuverl\u00e4ssig zahlen. Einerseits weil Sie es vielleicht vergessen haben oder pl\u00f6tzlich auch mal aus irgendwelchen Befindlichkeiten nicht bereit sind f\u00fcr gekaufte und gebuchte Leistungen zu zahlen. Ein Teil der Kunden scheint auch zu pr\u00fcfen ob man das Zahlungsziel wirklich einhalten muss oder testet, wie weit man gehen kann bis es auff\u00e4llt. Andere wertsch\u00e4tzen die Vorleistung nicht oder wollen den Erfolg nicht g\u00f6nnen und versuchen das Unternehmenswachstum auf diese Weise zu bremsen &#8211; wie dem auch sei. <\/p>\n\n\n\n<p>Das f\u00fchrte in der Vergangenheit zu ziemlich zeitintensiven Controlling-Aufw\u00e4nden oder Diskussionen und damit auch wirtschaftlichen Kosten. Deshalb suche ich hier ab sofort Unterst\u00fctzung in der Kundenkommunikation und im Forderungsmanagement. Gerne auch 2 oder 3 Personen. <\/p>\n\n\n\n<p>Manche versuchen vielleicht auch auf diese Art und Weise Geld zu sparen. <\/p>\n\n\n\n<p>Andere haben vielleicht zu viel Geld ausgegeben und setzen das Gelernte nicht engagiert genug um, um die Investition wieder reinzuholen. Dann gibt es Kunden die vielleicht pl\u00f6tzlich doch lieber ein neues Auto kaufen, Network-Marketing Artikel bestellen, andere Kurse oder Ausbildungen buchen, die Wohnung renovieren, neuen Fu\u00dfboden legen, die W\u00e4nde streichen, nach Italien fahren oder nach Amerika fliegen, sich neu einkleiden oder stattdessen feiern und essen gehen. Deshalb suche ich eine gute Fee f\u00fcr das Forderungsmanagement. <\/p>\n\n\n\n<p>F\u00fcr diese Aufgabe wird eine geduldige Person gesucht. Eine, die die Kundenkommunikation professionell &#8211; aber auch klar \u00fcbernehmen kann und sich hierzu ggf. eng mit mir abstimmt. Die Vorgehensweise l\u00e4sst sich gut erkl\u00e4ren. Es ist so, das ich die Informationen und Kontaktdaten bereitstellen w\u00fcrde und das Forderungsmanagement dann die Gespr\u00e4che per E-Mail, Post oder Telefon f\u00fchrt. <\/p>\n\n\n\n<p>Es ist gut, wenn man die Grundlagen des b\u00fcrgerlichen Gesetzbuches und Handels kennt. Das wichtigste kann ich aber auch erkl\u00e4ren. Das ist nicht wirklich viel. Es k\u00f6nnen Mahngeb\u00fchr von maximal 5 Euro pro Rechnung gesetzt werden und Verzugszinsen. Wobei ich \u00fcblicherweise 1-2x freundlich um Zahlung bitte, wenn das nicht kommt, geht eine Mahnung raus. <\/p>\n\n\n\n<p>Bei Ratenzahlung kann dann die Ratenvereinbarung aufgehoben werden, sollte jemand nicht zahlen. Dann wird der Gesamtbetrag f\u00e4llig. In dem Fall werden Online-Zug\u00e4nge gesperrt, die Person erh\u00e4lt keine weitere Termine mehr und wird aus Gruppen entfernt. Damit ist auch keine Workshop-Teilnahme mehr m\u00f6glich. Bei weiteren Problemen folgen dann Verzugszinsen die man online ausrechnen kann. Das w\u00fcrde dann in enger Absprache mit mir erfolgen, weil ich Zugriff auf die Software habe.<\/p>\n\n\n\n<p>F\u00fcr diese Aufgabe suche ich eine Person mit starkem kommunikativen Kanal und Verhandlungsausdauer. <\/p>\n\n\n\n<p>Manchen Kunden muss man die \u00dcbersichten der geleisteten Zahlungen zeigen und gleichzeitig auch durchz\u00e4hlen wann welche Zahlung erfolgt ist. In seltenen F\u00e4llen reicht auch das nicht. Dann muss man ihnen erkl\u00e4ren das z.B. von 14 Zahlungen nur 12 geleistet wurden. Also das 14 &#8211; 12 dann eine Differenz von 2 ergibt und somit 2 Zahlungen fehlen. Manche schreiben dann, dass das alles sehr un\u00fcbersichtlich w\u00e4re und das eigentlich wir schuld daran sind, das sie nicht regelm\u00e4\u00dfig ihre Rechnung bezahlen oder keinen (zeitlich befristeten) Dauerauftrag eingerichtet haben. <\/p>\n\n\n\n<p>Es gibt Kunden, die dann per WhatsApp \u00fcber 10-20 Nachrichten und Sprachnachrichten hin und her diskutieren. Auch wenn man geduldig alles 3-4x wiederholt und erkl\u00e4rt das man sein Geld haben will oder nicht diskutieren will, bringt das nicht viel. Man kann in solchen F\u00e4llen auch Excel\u00fcbersichten, Aufstellungen und Screenshots aus dem Online-Banking zeigen, sie zahlen einfach nicht &#8211; warum auch immer. Diese muss man dann blockieren, Zug\u00e4nge sperren und dann auf eine E-Mail von ihnen warten. Manchmal melden sie sich auch erst, wenn man sagt das ihr Verhalten zur Insolvenz f\u00fchrt oder wenn sie beim n\u00e4chsten Kurs nicht dabei sein k\u00f6nnen und den Coach wechseln m\u00fcssen. Per E-Mail probieren sie meistens eine neue Argumentation. <\/p>\n\n\n\n<p>Einzelne Kunden z\u00e4hlen beispielsweise nur die Monate seit der ersten Zahlung durch, \u00fcberweisen dann beispielsweise 2 Monate nicht und behaupten das doch schon 12 Monate rum w\u00e4ren. Es reicht dann nicht, ihnen zu erkl\u00e4ren, das sie z.B. 2 Raten nicht gezahlt haben, nein &#8211; man muss ihnen dann wirklich vorrechnen das von 14 Zahlungen nur 12 Zahlungen erfolgt sind und ergo 2 fehlen. <\/p>\n\n\n\n<p>Auch kann es helfen zu erkl\u00e4ren wie man Dauerauftr\u00e4ge im Online-Banking einrichtet oder Rechnungen ordnungsgem\u00e4\u00df mit Angabe einer Rechnungsnummer im Betreff \u00fcberweist.  <\/p>\n\n\n\n<p>Es gibt auch F\u00e4lle in denen Kunden buchen und dann getriggert sind und aus Neid, Trotz oder Groll stornieren. Manche wollen auch nicht das ich ein Auto fahre, nur weil sie z.B. keins haben. Hier muss man ihnen dann erkl\u00e4ren, dass diese eine Rechtsverletzung darstellt oder aber emphatisch ihr Thema aufzeigen. Manche zahlen aber auch dann nicht und wollen nur das Coaching mitnehmen. Da muss man sich dann gut abgrenzen und auf die Uhr schauen wie lange man das mitmacht. <\/p>\n\n\n\n<p><strong>Erforderliche Kenntnisse:<\/strong><\/p>\n\n\n\n<ul class=\"wp-block-list\">\n<li>Man sollte grundlegend rechnen k\u00f6nnen und auch Plus, Minus und Prozentrechnung erkl\u00e4ren k\u00f6nnen<\/li>\n\n\n\n<li>Buchhalterische Grundkenntnisse sodass man entsprechend argumentieren kann warum eine Rechnung bezahlt werden muss<\/li>\n\n\n\n<li>Kenntnisse in der Bedienung von WhatsApp oder Telefon<\/li>\n\n\n\n<li>Kenntnisse in Excel, weil wir alle Ratenzahlungen \u00fcber MS Excel verwalten<\/li>\n\n\n\n<li>Eigene E-Mailadresse sollte vorhanden sein<\/li>\n<\/ul>\n\n\n\n<p>Die Verg\u00fctung erfolgt in Absprache auf Stunden- und Provisionsbasis. Je nach Aufwand bzw. Geschwindigkeit. <\/p>","protected":false},"excerpt":{"rendered":"<p>Leider kommt es immer mal wieder vor, dass Kunden nicht oder nicht zuverl\u00e4ssig zahlen. Einerseits weil Sie es vielleicht vergessen haben oder pl\u00f6tzlich auch mal aus irgendwelchen Befindlichkeiten nicht bereit sind f\u00fcr gekaufte und gebuchte Leistungen zu zahlen. Ein Teil der Kunden scheint auch zu pr\u00fcfen ob man das Zahlungsziel wirklich einhalten muss oder testet, &#8230; <a title=\"Unterst\u00fctzung im Forderungsmanagement\" class=\"read-more\" href=\"https:\/\/www.patrick-koglin.com\/en\/karriere\/unterstuetzung-im-forderungsmanagement\/\" aria-label=\"Read more about Unterst\u00fctzung im Forderungsmanagement\">Read more<\/a><\/p>","protected":false},"author":1,"featured_media":0,"parent":4827,"menu_order":0,"comment_status":"closed","ping_status":"closed","template":"","meta":{"footnotes":""},"class_list":["post-10209","page","type-page","status-publish"],"yoast_head":"<!-- This site is optimized with the Yoast SEO plugin v25.8 - https:\/\/yoast.com\/wordpress\/plugins\/seo\/ -->\n<title>Unterst\u00fctzung im Forderungsmanagement - Patrick Koglin<\/title>\n<meta name=\"robots\" content=\"index, follow, max-snippet:-1, max-image-preview:large, max-video-preview:-1\" \/>\n<link rel=\"canonical\" href=\"https:\/\/www.patrick-koglin.com\/en\/karriere\/unterstuetzung-im-forderungsmanagement\/\" \/>\n<meta property=\"og:locale\" content=\"en_US\" \/>\n<meta property=\"og:type\" content=\"article\" \/>\n<meta property=\"og:title\" content=\"Unterst\u00fctzung im Forderungsmanagement - Patrick Koglin\" \/>\n<meta property=\"og:description\" content=\"Leider kommt es immer mal wieder vor, dass Kunden nicht oder nicht zuverl\u00e4ssig zahlen. Einerseits weil Sie es vielleicht vergessen haben oder pl\u00f6tzlich auch mal aus irgendwelchen Befindlichkeiten nicht bereit sind f\u00fcr gekaufte und gebuchte Leistungen zu zahlen. Ein Teil der Kunden scheint auch zu pr\u00fcfen ob man das Zahlungsziel wirklich einhalten muss oder testet, ... Read more\" \/>\n<meta property=\"og:url\" content=\"https:\/\/www.patrick-koglin.com\/en\/karriere\/unterstuetzung-im-forderungsmanagement\/\" \/>\n<meta property=\"og:site_name\" content=\"Patrick Koglin\" \/>\n<meta property=\"article:publisher\" content=\"https:\/\/www.facebook.com\/profile.php?id=61566852463657\" \/>\n<meta property=\"article:modified_time\" content=\"2026-02-26T20:00:06+00:00\" \/>\n<meta name=\"twitter:card\" content=\"summary_large_image\" \/>\n<meta name=\"twitter:label1\" content=\"Est. reading time\" \/>\n\t<meta name=\"twitter:data1\" content=\"5 minutes\" \/>\n<script type=\"application\/ld+json\" class=\"yoast-schema-graph\">{\"@context\":\"https:\/\/schema.org\",\"@graph\":[{\"@type\":\"WebPage\",\"@id\":\"https:\/\/www.patrick-koglin.com\/karriere\/unterstuetzung-im-forderungsmanagement\/\",\"url\":\"https:\/\/www.patrick-koglin.com\/karriere\/unterstuetzung-im-forderungsmanagement\/\",\"name\":\"Unterst\u00fctzung im Forderungsmanagement - Patrick Koglin\",\"isPartOf\":{\"@id\":\"https:\/\/www.patrick-koglin.com\/#website\"},\"datePublished\":\"2026-02-26T19:16:08+00:00\",\"dateModified\":\"2026-02-26T20:00:06+00:00\",\"breadcrumb\":{\"@id\":\"https:\/\/www.patrick-koglin.com\/karriere\/unterstuetzung-im-forderungsmanagement\/#breadcrumb\"},\"inLanguage\":\"en-US\",\"potentialAction\":[{\"@type\":\"ReadAction\",\"target\":[\"https:\/\/www.patrick-koglin.com\/karriere\/unterstuetzung-im-forderungsmanagement\/\"]}]},{\"@type\":\"BreadcrumbList\",\"@id\":\"https:\/\/www.patrick-koglin.com\/karriere\/unterstuetzung-im-forderungsmanagement\/#breadcrumb\",\"itemListElement\":[{\"@type\":\"ListItem\",\"position\":1,\"name\":\"Startseite\",\"item\":\"https:\/\/www.patrick-koglin.com\/\"},{\"@type\":\"ListItem\",\"position\":2,\"name\":\"Karriere\",\"item\":\"https:\/\/www.patrick-koglin.com\/karriere\/\"},{\"@type\":\"ListItem\",\"position\":3,\"name\":\"Unterst\u00fctzung im Forderungsmanagement\"}]},{\"@type\":\"WebSite\",\"@id\":\"https:\/\/www.patrick-koglin.com\/#website\",\"url\":\"https:\/\/www.patrick-koglin.com\/\",\"name\":\"PK Coaching - Patrick Koglin Unternehmensgruppe\",\"description\":\"PK Coaching, Business-Design &amp; Development\",\"publisher\":{\"@id\":\"https:\/\/www.patrick-koglin.com\/#organization\"},\"potentialAction\":[{\"@type\":\"SearchAction\",\"target\":{\"@type\":\"EntryPoint\",\"urlTemplate\":\"https:\/\/www.patrick-koglin.com\/?s={search_term_string}\"},\"query-input\":{\"@type\":\"PropertyValueSpecification\",\"valueRequired\":true,\"valueName\":\"search_term_string\"}}],\"inLanguage\":\"en-US\"},{\"@type\":\"Organization\",\"@id\":\"https:\/\/www.patrick-koglin.com\/#organization\",\"name\":\"Patrick Koglin | CEO von PK Coaching\",\"url\":\"https:\/\/www.patrick-koglin.com\/\",\"logo\":{\"@type\":\"ImageObject\",\"inLanguage\":\"en-US\",\"@id\":\"https:\/\/www.patrick-koglin.com\/#\/schema\/logo\/image\/\",\"url\":\"https:\/\/www.patrick-koglin.com\/wp-content\/uploads\/2025\/07\/cropped-PK16.png\",\"contentUrl\":\"https:\/\/www.patrick-koglin.com\/wp-content\/uploads\/2025\/07\/cropped-PK16.png\",\"width\":619,\"height\":287,\"caption\":\"Patrick Koglin | CEO von PK Coaching\"},\"image\":{\"@id\":\"https:\/\/www.patrick-koglin.com\/#\/schema\/logo\/image\/\"},\"sameAs\":[\"https:\/\/www.facebook.com\/profile.php?id=61566852463657\"]}]}<\/script>\n<!-- \/ Yoast SEO plugin. -->","yoast_head_json":{"title":"Unterst\u00fctzung im Forderungsmanagement - Patrick Koglin","robots":{"index":"index","follow":"follow","max-snippet":"max-snippet:-1","max-image-preview":"max-image-preview:large","max-video-preview":"max-video-preview:-1"},"canonical":"https:\/\/www.patrick-koglin.com\/en\/karriere\/unterstuetzung-im-forderungsmanagement\/","og_locale":"en_US","og_type":"article","og_title":"Unterst\u00fctzung im Forderungsmanagement - Patrick Koglin","og_description":"Leider kommt es immer mal wieder vor, dass Kunden nicht oder nicht zuverl\u00e4ssig zahlen. Einerseits weil Sie es vielleicht vergessen haben oder pl\u00f6tzlich auch mal aus irgendwelchen Befindlichkeiten nicht bereit sind f\u00fcr gekaufte und gebuchte Leistungen zu zahlen. Ein Teil der Kunden scheint auch zu pr\u00fcfen ob man das Zahlungsziel wirklich einhalten muss oder testet, ... Read more","og_url":"https:\/\/www.patrick-koglin.com\/en\/karriere\/unterstuetzung-im-forderungsmanagement\/","og_site_name":"Patrick Koglin","article_publisher":"https:\/\/www.facebook.com\/profile.php?id=61566852463657","article_modified_time":"2026-02-26T20:00:06+00:00","twitter_card":"summary_large_image","twitter_misc":{"Est. reading time":"5 minutes"},"schema":{"@context":"https:\/\/schema.org","@graph":[{"@type":"WebPage","@id":"https:\/\/www.patrick-koglin.com\/karriere\/unterstuetzung-im-forderungsmanagement\/","url":"https:\/\/www.patrick-koglin.com\/karriere\/unterstuetzung-im-forderungsmanagement\/","name":"Unterst\u00fctzung im Forderungsmanagement - Patrick Koglin","isPartOf":{"@id":"https:\/\/www.patrick-koglin.com\/#website"},"datePublished":"2026-02-26T19:16:08+00:00","dateModified":"2026-02-26T20:00:06+00:00","breadcrumb":{"@id":"https:\/\/www.patrick-koglin.com\/karriere\/unterstuetzung-im-forderungsmanagement\/#breadcrumb"},"inLanguage":"en-US","potentialAction":[{"@type":"ReadAction","target":["https:\/\/www.patrick-koglin.com\/karriere\/unterstuetzung-im-forderungsmanagement\/"]}]},{"@type":"BreadcrumbList","@id":"https:\/\/www.patrick-koglin.com\/karriere\/unterstuetzung-im-forderungsmanagement\/#breadcrumb","itemListElement":[{"@type":"ListItem","position":1,"name":"Startseite","item":"https:\/\/www.patrick-koglin.com\/"},{"@type":"ListItem","position":2,"name":"Karriere","item":"https:\/\/www.patrick-koglin.com\/karriere\/"},{"@type":"ListItem","position":3,"name":"Unterst\u00fctzung im Forderungsmanagement"}]},{"@type":"WebSite","@id":"https:\/\/www.patrick-koglin.com\/#website","url":"https:\/\/www.patrick-koglin.com\/","name":"PK Coaching - Patrick Koglin Unternehmensgruppe","description":"PK Coaching, Business-Design &amp; Development","publisher":{"@id":"https:\/\/www.patrick-koglin.com\/#organization"},"potentialAction":[{"@type":"SearchAction","target":{"@type":"EntryPoint","urlTemplate":"https:\/\/www.patrick-koglin.com\/?s={search_term_string}"},"query-input":{"@type":"PropertyValueSpecification","valueRequired":true,"valueName":"search_term_string"}}],"inLanguage":"en-US"},{"@type":"Organization","@id":"https:\/\/www.patrick-koglin.com\/#organization","name":"Patrick Koglin | CEO von PK Coaching","url":"https:\/\/www.patrick-koglin.com\/","logo":{"@type":"ImageObject","inLanguage":"en-US","@id":"https:\/\/www.patrick-koglin.com\/#\/schema\/logo\/image\/","url":"https:\/\/www.patrick-koglin.com\/wp-content\/uploads\/2025\/07\/cropped-PK16.png","contentUrl":"https:\/\/www.patrick-koglin.com\/wp-content\/uploads\/2025\/07\/cropped-PK16.png","width":619,"height":287,"caption":"Patrick Koglin | CEO von PK Coaching"},"image":{"@id":"https:\/\/www.patrick-koglin.com\/#\/schema\/logo\/image\/"},"sameAs":["https:\/\/www.facebook.com\/profile.php?id=61566852463657"]}]}},"_links":{"self":[{"href":"https:\/\/www.patrick-koglin.com\/en\/wp-json\/wp\/v2\/pages\/10209","targetHints":{"allow":["GET"]}}],"collection":[{"href":"https:\/\/www.patrick-koglin.com\/en\/wp-json\/wp\/v2\/pages"}],"about":[{"href":"https:\/\/www.patrick-koglin.com\/en\/wp-json\/wp\/v2\/types\/page"}],"author":[{"embeddable":true,"href":"https:\/\/www.patrick-koglin.com\/en\/wp-json\/wp\/v2\/users\/1"}],"replies":[{"embeddable":true,"href":"https:\/\/www.patrick-koglin.com\/en\/wp-json\/wp\/v2\/comments?post=10209"}],"version-history":[{"count":24,"href":"https:\/\/www.patrick-koglin.com\/en\/wp-json\/wp\/v2\/pages\/10209\/revisions"}],"predecessor-version":[{"id":10243,"href":"https:\/\/www.patrick-koglin.com\/en\/wp-json\/wp\/v2\/pages\/10209\/revisions\/10243"}],"up":[{"embeddable":true,"href":"https:\/\/www.patrick-koglin.com\/en\/wp-json\/wp\/v2\/pages\/4827"}],"wp:attachment":[{"href":"https:\/\/www.patrick-koglin.com\/en\/wp-json\/wp\/v2\/media?parent=10209"}],"curies":[{"name":"wp","href":"https:\/\/api.w.org\/{rel}","templated":true}]}}