{"id":10664,"date":"2026-03-05T14:15:08","date_gmt":"2026-03-05T13:15:08","guid":{"rendered":"https:\/\/www.patrick-koglin.com\/?page_id=10664"},"modified":"2026-03-05T15:36:48","modified_gmt":"2026-03-05T14:36:48","slug":"vertrieb","status":"publish","type":"page","link":"https:\/\/www.patrick-koglin.com\/en\/vertrieb\/","title":{"rendered":"Vertrieb &amp; Wachstum"},"content":{"rendered":"<h3 class=\"wp-block-heading\"><\/h3>\n\n\n\n<p><strong>Erfolg verkaufen \u2013 ohne Druck<\/strong><br>Wir unterst\u00fctzen Sie dabei, ehrliche und ethisch korrekte Angebote vorzubereiten und Strukturen aufzubauen bei denen Sie nicht st\u00e4ndig neuen Kunden hinterherlaufen oder Geld in Werbekampagnen investieren m\u00fcssen.<\/p>\n\n\n<div class=\"wp-block-image\">\n<figure class=\"aligncenter size-large is-resized\"><img fetchpriority=\"high\" decoding=\"async\" width=\"1024\" height=\"683\" src=\"https:\/\/www.patrick-koglin.com\/wp-content\/uploads\/2026\/03\/Ein-\u201eNein-steckt-oft-ein-\u201eVielleicht-1024x683.png\" alt=\"\" class=\"wp-image-10686\" style=\"width:650px;height:auto\" srcset=\"https:\/\/www.patrick-koglin.com\/wp-content\/uploads\/2026\/03\/Ein-\u201eNein-steckt-oft-ein-\u201eVielleicht-1024x683.png 1024w, https:\/\/www.patrick-koglin.com\/wp-content\/uploads\/2026\/03\/Ein-\u201eNein-steckt-oft-ein-\u201eVielleicht-300x200.png 300w, https:\/\/www.patrick-koglin.com\/wp-content\/uploads\/2026\/03\/Ein-\u201eNein-steckt-oft-ein-\u201eVielleicht-768x512.png 768w, https:\/\/www.patrick-koglin.com\/wp-content\/uploads\/2026\/03\/Ein-\u201eNein-steckt-oft-ein-\u201eVielleicht.png 1536w\" sizes=\"(max-width: 1024px) 100vw, 1024px\" \/><\/figure>\n<\/div>\n\n\n<p><strong>Strategische Vertriebsbegleitung<\/strong><br>Wir helfen Ihnen, Vertriebsprozesse klar zu strukturieren, passende Kunden anzusprechen und Angebote \u00fcberzeugend zu pr\u00e4sentieren \u2013 damit Ihr Business sich weiterentwickelt und systematisch w\u00e4chst.<\/p>\n\n\n\n<p><strong>Vertriebs-Coaching f\u00fcr Teams und F\u00fchrungskr\u00e4fte<\/strong><br>Wir begleiten Ihre Teams und F\u00fchrungskr\u00e4fte darin, neue Vertriebsstrategien umzusetzen, Ziele zu erreichen und nachhaltig Ergebnisse zu erzielen.<\/p>\n\n\n\n<p><strong>Ihr Nutzen<\/strong><\/p>\n\n\n\n<ul class=\"wp-block-list\">\n<li>Mehr Klarheit \u00fcber Kunden und Angebote<\/li>\n\n\n\n<li>Effiziente Vertriebsprozesse<\/li>\n\n\n\n<li>Sicherere Entscheidungen im Vertrieb<\/li>\n\n\n\n<li>Messbare Umsatzsteigerung<\/li>\n<\/ul>\n\n\n\n<p><strong>Jetzt starten<\/strong><br>Lassen Sie uns gemeinsam pr\u00fcfen, wie wir Ihr Business vertrieblich st\u00e4rken k\u00f6nnen.<\/p>","protected":false},"excerpt":{"rendered":"<p>Erfolg verkaufen \u2013 ohne DruckWir unterst\u00fctzen Sie dabei, ehrliche und ethisch korrekte Angebote vorzubereiten und Strukturen aufzubauen bei denen Sie nicht st\u00e4ndig neuen Kunden hinterherlaufen oder Geld in Werbekampagnen investieren m\u00fcssen. Strategische VertriebsbegleitungWir helfen Ihnen, Vertriebsprozesse klar zu strukturieren, passende Kunden anzusprechen und Angebote \u00fcberzeugend zu pr\u00e4sentieren \u2013 damit Ihr Business sich weiterentwickelt und systematisch &#8230; <a title=\"Vertrieb &amp; Wachstum\" class=\"read-more\" href=\"https:\/\/www.patrick-koglin.com\/en\/vertrieb\/\" aria-label=\"Read more about Vertrieb &amp; Wachstum\">Read more<\/a><\/p>","protected":false},"author":1,"featured_media":0,"parent":0,"menu_order":0,"comment_status":"closed","ping_status":"closed","template":"","meta":{"footnotes":""},"class_list":["post-10664","page","type-page","status-publish"],"yoast_head":"<!-- This site is optimized with the Yoast SEO plugin v25.8 - https:\/\/yoast.com\/wordpress\/plugins\/seo\/ -->\n<title>Vertrieb &amp; Wachstum - Patrick Koglin<\/title>\n<meta name=\"robots\" content=\"index, follow, max-snippet:-1, max-image-preview:large, max-video-preview:-1\" \/>\n<link rel=\"canonical\" href=\"https:\/\/www.patrick-koglin.com\/en\/vertrieb\/\" \/>\n<meta property=\"og:locale\" content=\"en_US\" \/>\n<meta property=\"og:type\" content=\"article\" \/>\n<meta property=\"og:title\" content=\"Vertrieb &amp; Wachstum - Patrick Koglin\" \/>\n<meta property=\"og:description\" content=\"Erfolg verkaufen \u2013 ohne DruckWir unterst\u00fctzen Sie dabei, ehrliche und ethisch korrekte Angebote vorzubereiten und Strukturen aufzubauen bei denen Sie nicht st\u00e4ndig neuen Kunden hinterherlaufen oder Geld in Werbekampagnen investieren m\u00fcssen. Strategische VertriebsbegleitungWir helfen Ihnen, Vertriebsprozesse klar zu strukturieren, passende Kunden anzusprechen und Angebote \u00fcberzeugend zu pr\u00e4sentieren \u2013 damit Ihr Business sich weiterentwickelt und systematisch ... Read more\" \/>\n<meta property=\"og:url\" content=\"https:\/\/www.patrick-koglin.com\/en\/vertrieb\/\" \/>\n<meta property=\"og:site_name\" content=\"Patrick Koglin\" \/>\n<meta property=\"article:publisher\" content=\"https:\/\/www.facebook.com\/profile.php?id=61566852463657\" \/>\n<meta property=\"article:modified_time\" content=\"2026-03-05T14:36:48+00:00\" \/>\n<meta name=\"twitter:card\" content=\"summary_large_image\" \/>\n<meta name=\"twitter:label1\" content=\"Est. reading time\" \/>\n\t<meta name=\"twitter:data1\" content=\"1 minute\" \/>\n<script type=\"application\/ld+json\" class=\"yoast-schema-graph\">{\"@context\":\"https:\/\/schema.org\",\"@graph\":[{\"@type\":\"WebPage\",\"@id\":\"https:\/\/www.patrick-koglin.com\/vertrieb\/\",\"url\":\"https:\/\/www.patrick-koglin.com\/vertrieb\/\",\"name\":\"Vertrieb &amp; Wachstum - Patrick Koglin\",\"isPartOf\":{\"@id\":\"https:\/\/www.patrick-koglin.com\/#website\"},\"datePublished\":\"2026-03-05T13:15:08+00:00\",\"dateModified\":\"2026-03-05T14:36:48+00:00\",\"breadcrumb\":{\"@id\":\"https:\/\/www.patrick-koglin.com\/vertrieb\/#breadcrumb\"},\"inLanguage\":\"en-US\",\"potentialAction\":[{\"@type\":\"ReadAction\",\"target\":[\"https:\/\/www.patrick-koglin.com\/vertrieb\/\"]}]},{\"@type\":\"BreadcrumbList\",\"@id\":\"https:\/\/www.patrick-koglin.com\/vertrieb\/#breadcrumb\",\"itemListElement\":[{\"@type\":\"ListItem\",\"position\":1,\"name\":\"Startseite\",\"item\":\"https:\/\/www.patrick-koglin.com\/\"},{\"@type\":\"ListItem\",\"position\":2,\"name\":\"Vertrieb &amp; Wachstum\"}]},{\"@type\":\"WebSite\",\"@id\":\"https:\/\/www.patrick-koglin.com\/#website\",\"url\":\"https:\/\/www.patrick-koglin.com\/\",\"name\":\"PK Coaching - Patrick Koglin Unternehmensgruppe\",\"description\":\"PK Coaching, Business-Design &amp; Development\",\"publisher\":{\"@id\":\"https:\/\/www.patrick-koglin.com\/#organization\"},\"potentialAction\":[{\"@type\":\"SearchAction\",\"target\":{\"@type\":\"EntryPoint\",\"urlTemplate\":\"https:\/\/www.patrick-koglin.com\/?s={search_term_string}\"},\"query-input\":{\"@type\":\"PropertyValueSpecification\",\"valueRequired\":true,\"valueName\":\"search_term_string\"}}],\"inLanguage\":\"en-US\"},{\"@type\":\"Organization\",\"@id\":\"https:\/\/www.patrick-koglin.com\/#organization\",\"name\":\"Patrick Koglin | CEO von PK Coaching\",\"url\":\"https:\/\/www.patrick-koglin.com\/\",\"logo\":{\"@type\":\"ImageObject\",\"inLanguage\":\"en-US\",\"@id\":\"https:\/\/www.patrick-koglin.com\/#\/schema\/logo\/image\/\",\"url\":\"https:\/\/www.patrick-koglin.com\/wp-content\/uploads\/2025\/07\/cropped-PK16.png\",\"contentUrl\":\"https:\/\/www.patrick-koglin.com\/wp-content\/uploads\/2025\/07\/cropped-PK16.png\",\"width\":619,\"height\":287,\"caption\":\"Patrick Koglin | CEO von PK Coaching\"},\"image\":{\"@id\":\"https:\/\/www.patrick-koglin.com\/#\/schema\/logo\/image\/\"},\"sameAs\":[\"https:\/\/www.facebook.com\/profile.php?id=61566852463657\"]}]}<\/script>\n<!-- \/ Yoast SEO plugin. -->","yoast_head_json":{"title":"Vertrieb &amp; Wachstum - Patrick Koglin","robots":{"index":"index","follow":"follow","max-snippet":"max-snippet:-1","max-image-preview":"max-image-preview:large","max-video-preview":"max-video-preview:-1"},"canonical":"https:\/\/www.patrick-koglin.com\/en\/vertrieb\/","og_locale":"en_US","og_type":"article","og_title":"Vertrieb &amp; Wachstum - Patrick Koglin","og_description":"Erfolg verkaufen \u2013 ohne DruckWir unterst\u00fctzen Sie dabei, ehrliche und ethisch korrekte Angebote vorzubereiten und Strukturen aufzubauen bei denen Sie nicht st\u00e4ndig neuen Kunden hinterherlaufen oder Geld in Werbekampagnen investieren m\u00fcssen. Strategische VertriebsbegleitungWir helfen Ihnen, Vertriebsprozesse klar zu strukturieren, passende Kunden anzusprechen und Angebote \u00fcberzeugend zu pr\u00e4sentieren \u2013 damit Ihr Business sich weiterentwickelt und systematisch ... Read more","og_url":"https:\/\/www.patrick-koglin.com\/en\/vertrieb\/","og_site_name":"Patrick Koglin","article_publisher":"https:\/\/www.facebook.com\/profile.php?id=61566852463657","article_modified_time":"2026-03-05T14:36:48+00:00","twitter_card":"summary_large_image","twitter_misc":{"Est. reading time":"1 minute"},"schema":{"@context":"https:\/\/schema.org","@graph":[{"@type":"WebPage","@id":"https:\/\/www.patrick-koglin.com\/vertrieb\/","url":"https:\/\/www.patrick-koglin.com\/vertrieb\/","name":"Vertrieb &amp; Wachstum - Patrick Koglin","isPartOf":{"@id":"https:\/\/www.patrick-koglin.com\/#website"},"datePublished":"2026-03-05T13:15:08+00:00","dateModified":"2026-03-05T14:36:48+00:00","breadcrumb":{"@id":"https:\/\/www.patrick-koglin.com\/vertrieb\/#breadcrumb"},"inLanguage":"en-US","potentialAction":[{"@type":"ReadAction","target":["https:\/\/www.patrick-koglin.com\/vertrieb\/"]}]},{"@type":"BreadcrumbList","@id":"https:\/\/www.patrick-koglin.com\/vertrieb\/#breadcrumb","itemListElement":[{"@type":"ListItem","position":1,"name":"Startseite","item":"https:\/\/www.patrick-koglin.com\/"},{"@type":"ListItem","position":2,"name":"Vertrieb &amp; Wachstum"}]},{"@type":"WebSite","@id":"https:\/\/www.patrick-koglin.com\/#website","url":"https:\/\/www.patrick-koglin.com\/","name":"PK Coaching - Patrick Koglin Unternehmensgruppe","description":"PK Coaching, Business-Design &amp; Development","publisher":{"@id":"https:\/\/www.patrick-koglin.com\/#organization"},"potentialAction":[{"@type":"SearchAction","target":{"@type":"EntryPoint","urlTemplate":"https:\/\/www.patrick-koglin.com\/?s={search_term_string}"},"query-input":{"@type":"PropertyValueSpecification","valueRequired":true,"valueName":"search_term_string"}}],"inLanguage":"en-US"},{"@type":"Organization","@id":"https:\/\/www.patrick-koglin.com\/#organization","name":"Patrick Koglin | CEO von PK Coaching","url":"https:\/\/www.patrick-koglin.com\/","logo":{"@type":"ImageObject","inLanguage":"en-US","@id":"https:\/\/www.patrick-koglin.com\/#\/schema\/logo\/image\/","url":"https:\/\/www.patrick-koglin.com\/wp-content\/uploads\/2025\/07\/cropped-PK16.png","contentUrl":"https:\/\/www.patrick-koglin.com\/wp-content\/uploads\/2025\/07\/cropped-PK16.png","width":619,"height":287,"caption":"Patrick Koglin | CEO von PK Coaching"},"image":{"@id":"https:\/\/www.patrick-koglin.com\/#\/schema\/logo\/image\/"},"sameAs":["https:\/\/www.facebook.com\/profile.php?id=61566852463657"]}]}},"_links":{"self":[{"href":"https:\/\/www.patrick-koglin.com\/en\/wp-json\/wp\/v2\/pages\/10664","targetHints":{"allow":["GET"]}}],"collection":[{"href":"https:\/\/www.patrick-koglin.com\/en\/wp-json\/wp\/v2\/pages"}],"about":[{"href":"https:\/\/www.patrick-koglin.com\/en\/wp-json\/wp\/v2\/types\/page"}],"author":[{"embeddable":true,"href":"https:\/\/www.patrick-koglin.com\/en\/wp-json\/wp\/v2\/users\/1"}],"replies":[{"embeddable":true,"href":"https:\/\/www.patrick-koglin.com\/en\/wp-json\/wp\/v2\/comments?post=10664"}],"version-history":[{"count":5,"href":"https:\/\/www.patrick-koglin.com\/en\/wp-json\/wp\/v2\/pages\/10664\/revisions"}],"predecessor-version":[{"id":10687,"href":"https:\/\/www.patrick-koglin.com\/en\/wp-json\/wp\/v2\/pages\/10664\/revisions\/10687"}],"wp:attachment":[{"href":"https:\/\/www.patrick-koglin.com\/en\/wp-json\/wp\/v2\/media?parent=10664"}],"curies":[{"name":"wp","href":"https:\/\/api.w.org\/{rel}","templated":true}]}}