{"id":11391,"date":"2026-03-15T11:41:52","date_gmt":"2026-03-15T10:41:52","guid":{"rendered":"https:\/\/www.patrick-koglin.com\/?page_id=11391"},"modified":"2026-05-08T15:52:09","modified_gmt":"2026-05-08T13:52:09","slug":"referenzkunden","status":"publish","type":"page","link":"https:\/\/www.patrick-koglin.com\/en\/referenzkunden\/","title":{"rendered":"Referenzkunden und -projekte"},"content":{"rendered":"<p>Chronologisch sortiert<\/p>\n\n\n\n<ul class=\"wp-block-list\">\n<li>Qualit\u00e4tssicherung f\u00fcr eCommerce- und Shopsysteme-Auflistungen, <a href=\"https:\/\/www.shops.de\">shops.de<\/a><\/li>\n\n\n\n<li>Neukundengewinnung f\u00fcr Smart-City Projekte, digitale KI-L\u00f6sungen und Public Solutions, EDAG PS, Fulda<\/li>\n\n\n\n<li>Sichtung von \u00f6ffentlichen Ausschreibung, Messebesuche und Online-Recherche f\u00fcr neue Gesch\u00e4ftsmodell, Automobilbranche<\/li>\n\n\n\n<li>Herstellerauswahl f\u00fcr KI-L\u00f6sungen f\u00fcr Hochwasserfr\u00fchwarnsysteme, Gemeindeverbund, Niedersachsen<\/li>\n\n\n\n<li>Entwicklung einer eigenen Coaching- und Consulting-Ausbildung, PK Coaching<\/li>\n\n\n\n<li>Gr\u00fcndung eines eigenen Musik-Labels f\u00fcr deutsch-amerikanische Rap-Musik<\/li>\n<\/ul>\n\n\n\n<p><\/p>\n\n\n\n<ul class=\"wp-block-list\">\n<li>Strategie- und Positionierungsberatung f\u00fcr \u00fcber 250 Coaches, Trainer und Berater, DACH-Region<\/li>\n\n\n\n<li>Aufbau eines Online-Coaching Unternehmens, Kassel, Hessen<\/li>\n\n\n\n<li>\u00dcberf\u00fchrung eines Software-Projekts in den dauerhaften Support &amp; Betrieb, 1.000 User, 600.000 \u20ac Jahrebsbudget, internationaler Gro\u00dfkonzern, Niedersachsen<\/li>\n\n\n\n<li>Sofware-Entwicklung f\u00fcr ein digitales CRM-System, Kassel, Hessen<\/li>\n\n\n\n<li>Training und Schulung von \u00fcber 500 Software-Entwicklern, sowie IT-Fach- und F\u00fchrungskr\u00e4ften, Kassel und deutschlandweit<\/li>\n\n\n\n<li>Beratung in der Automobilbranche, DAX40-Konzern, Kassel, Hessen<\/li>\n\n\n\n<li>Software-Entwicklung, -Architektur und Vorarbeit f\u00fcr die digitale Patientenaktive, Kassel, Hessen<\/li>\n\n\n\n<li>Beratung im Finanzbereich, DAX40-Konzern, Frankfurt am Main, Hessen<\/li>\n\n\n\n<li>Unternehmensberatung bei plentyOne, 150 Mitarbeiter, 6.000 Kunden, eCommerce-Unternehmen aus Kassel, Hessen<\/li>\n\n\n\n<li>Mitaufbau eines Online-Forums und Unterst\u00fctzung bei Facebook\/Meta, deutschlandweit<\/li>\n\n\n\n<li>Webkonzept f\u00fcr ein bekanntes Caf\u00e9 in Mainz, Rheinland-Pfalz<\/li>\n<\/ul>\n\n\n\n<p><\/p>\n\n\n\n<ul class=\"wp-block-list\">\n<li>Online-Shop-Konzept f\u00fcr ein eCommerce-Unternehmen aus Hessen<\/li>\n\n\n\n<li>Beratung eines Architektur- und Ingenieurb\u00fcros, Software, Neumarkt in der Oberpfalz<\/li>\n\n\n\n<li>Online- und Webkonzept f\u00fcr eine Gastst\u00e4tte und Restaurant in Berlin<\/li>\n\n\n\n<li>Webseite f\u00fcr ein Tierheim in Neumarkt in der Oberpfalz, Bayern<\/li>\n\n\n\n<li>Strategie- und Positionierungsberatung f\u00fcr Seniorenbetreuung, Bayern<\/li>\n\n\n\n<li>Entwicklung eines Marketingkonzepts f\u00fcr ein Eiscaf\u00e9, Neumarkt in der Oberpfalz, Bayern<\/li>\n<\/ul>\n\n\n\n<p><\/p>\n\n\n\n<ul class=\"wp-block-list\">\n<li>Unterst\u00fctzung im Change-Prozess zur agilen Organisation, DATEV eG, N\u00fcrnberg, Bayern<\/li>\n\n\n\n<li>Verbesserung des Qualit\u00e4tsmanagements und Software-Testing, DATEV eG, N\u00fcrnberg<\/li>\n\n\n\n<li>Konzeption, Umsetzung, Pr\u00e4sentation und Dokumentation von Projekten f\u00fcr optimierte Lagerverwaltung, autonomes Fahren und KI, Fulda<\/li>\n\n\n\n<li>IT-Beratung f\u00fcr Wohnungsbaugesellschaften und Hausverwaltungen, Bad Hersfeld, Hessen<\/li>\n\n\n\n<li>IT-Berater f\u00fcr Hardware-Kauf, Netzwerk und PC, Online &#8211; Remote (<em>IT-Vertrieb<\/em>)<\/li>\n\n\n\n<li>Gr\u00fcndung einer IT- und Web-Beratungsfirma, Fulda, Hessen<\/li>\n<\/ul>\n\n\n\n<p><strong>Erste Berufserfahrung &#8211; nebenberuflich zur Schulzeit<\/strong><\/p>\n\n\n\n<ul class=\"wp-block-list\">\n<li>Praktikum IT-Abteilung bei der Berufsgenossenschaft Holz und Metall &#8211; Hauptverwaltung in Mainz, Rheinland-Pfalz<\/li>\n\n\n\n<li>Angestellt t\u00e4tig im Einzelhandel, Getr\u00e4nkehandel und Lieferdienst, Bad Hersfeld, Hessen<\/li>\n\n\n\n<li>Selbst\u00e4ndig t\u00e4tig im Online- und Webvertrieb, Bad Hersfeld, Hessen<\/li>\n\n\n\n<li>Selbst\u00e4ndig t\u00e4tig im Haus- und Gartenservice, Mainz und Vororte<\/li>\n<\/ul>","protected":false},"excerpt":{"rendered":"<p>Chronologisch sortiert Erste Berufserfahrung &#8211; nebenberuflich zur Schulzeit<\/p>","protected":false},"author":1,"featured_media":0,"parent":0,"menu_order":0,"comment_status":"closed","ping_status":"closed","template":"","meta":{"footnotes":""},"class_list":["post-11391","page","type-page","status-publish"],"yoast_head":"<!-- This site is optimized with the Yoast SEO plugin v25.8 - https:\/\/yoast.com\/wordpress\/plugins\/seo\/ -->\n<title>Referenzkunden und -projekte - Patrick Koglin<\/title>\n<meta name=\"robots\" content=\"index, follow, max-snippet:-1, max-image-preview:large, max-video-preview:-1\" \/>\n<link rel=\"canonical\" href=\"https:\/\/www.patrick-koglin.com\/en\/referenzkunden\/\" \/>\n<meta property=\"og:locale\" content=\"en_US\" \/>\n<meta property=\"og:type\" content=\"article\" \/>\n<meta property=\"og:title\" content=\"Referenzkunden und -projekte - Patrick Koglin\" \/>\n<meta property=\"og:description\" content=\"Chronologisch sortiert Erste Berufserfahrung &#8211; nebenberuflich zur Schulzeit\" \/>\n<meta property=\"og:url\" content=\"https:\/\/www.patrick-koglin.com\/en\/referenzkunden\/\" \/>\n<meta property=\"og:site_name\" content=\"Patrick Koglin\" \/>\n<meta property=\"article:publisher\" content=\"https:\/\/www.facebook.com\/profile.php?id=61566852463657\" \/>\n<meta property=\"article:modified_time\" content=\"2026-05-08T13:52:09+00:00\" \/>\n<meta name=\"twitter:card\" content=\"summary_large_image\" \/>\n<meta name=\"twitter:label1\" content=\"Est. reading time\" \/>\n\t<meta name=\"twitter:data1\" content=\"2 minutes\" \/>\n<script type=\"application\/ld+json\" class=\"yoast-schema-graph\">{\"@context\":\"https:\/\/schema.org\",\"@graph\":[{\"@type\":\"WebPage\",\"@id\":\"https:\/\/www.patrick-koglin.com\/referenzkunden\/\",\"url\":\"https:\/\/www.patrick-koglin.com\/referenzkunden\/\",\"name\":\"Referenzkunden und -projekte - Patrick Koglin\",\"isPartOf\":{\"@id\":\"https:\/\/www.patrick-koglin.com\/#website\"},\"datePublished\":\"2026-03-15T10:41:52+00:00\",\"dateModified\":\"2026-05-08T13:52:09+00:00\",\"breadcrumb\":{\"@id\":\"https:\/\/www.patrick-koglin.com\/referenzkunden\/#breadcrumb\"},\"inLanguage\":\"en-US\",\"potentialAction\":[{\"@type\":\"ReadAction\",\"target\":[\"https:\/\/www.patrick-koglin.com\/referenzkunden\/\"]}]},{\"@type\":\"BreadcrumbList\",\"@id\":\"https:\/\/www.patrick-koglin.com\/referenzkunden\/#breadcrumb\",\"itemListElement\":[{\"@type\":\"ListItem\",\"position\":1,\"name\":\"Startseite\",\"item\":\"https:\/\/www.patrick-koglin.com\/\"},{\"@type\":\"ListItem\",\"position\":2,\"name\":\"Referenzkunden und -projekte\"}]},{\"@type\":\"WebSite\",\"@id\":\"https:\/\/www.patrick-koglin.com\/#website\",\"url\":\"https:\/\/www.patrick-koglin.com\/\",\"name\":\"PK Coaching - Patrick Koglin Unternehmensgruppe\",\"description\":\"PK Coaching, Business-Design &amp; Development\",\"publisher\":{\"@id\":\"https:\/\/www.patrick-koglin.com\/#organization\"},\"potentialAction\":[{\"@type\":\"SearchAction\",\"target\":{\"@type\":\"EntryPoint\",\"urlTemplate\":\"https:\/\/www.patrick-koglin.com\/?s={search_term_string}\"},\"query-input\":{\"@type\":\"PropertyValueSpecification\",\"valueRequired\":true,\"valueName\":\"search_term_string\"}}],\"inLanguage\":\"en-US\"},{\"@type\":\"Organization\",\"@id\":\"https:\/\/www.patrick-koglin.com\/#organization\",\"name\":\"Patrick Koglin | CEO von PK Coaching\",\"url\":\"https:\/\/www.patrick-koglin.com\/\",\"logo\":{\"@type\":\"ImageObject\",\"inLanguage\":\"en-US\",\"@id\":\"https:\/\/www.patrick-koglin.com\/#\/schema\/logo\/image\/\",\"url\":\"https:\/\/www.patrick-koglin.com\/wp-content\/uploads\/2025\/07\/cropped-PK16.png\",\"contentUrl\":\"https:\/\/www.patrick-koglin.com\/wp-content\/uploads\/2025\/07\/cropped-PK16.png\",\"width\":619,\"height\":287,\"caption\":\"Patrick Koglin | CEO von PK Coaching\"},\"image\":{\"@id\":\"https:\/\/www.patrick-koglin.com\/#\/schema\/logo\/image\/\"},\"sameAs\":[\"https:\/\/www.facebook.com\/profile.php?id=61566852463657\"]}]}<\/script>\n<!-- \/ Yoast SEO plugin. -->","yoast_head_json":{"title":"Referenzkunden und -projekte - Patrick Koglin","robots":{"index":"index","follow":"follow","max-snippet":"max-snippet:-1","max-image-preview":"max-image-preview:large","max-video-preview":"max-video-preview:-1"},"canonical":"https:\/\/www.patrick-koglin.com\/en\/referenzkunden\/","og_locale":"en_US","og_type":"article","og_title":"Referenzkunden und -projekte - Patrick Koglin","og_description":"Chronologisch sortiert Erste Berufserfahrung &#8211; nebenberuflich zur Schulzeit","og_url":"https:\/\/www.patrick-koglin.com\/en\/referenzkunden\/","og_site_name":"Patrick Koglin","article_publisher":"https:\/\/www.facebook.com\/profile.php?id=61566852463657","article_modified_time":"2026-05-08T13:52:09+00:00","twitter_card":"summary_large_image","twitter_misc":{"Est. reading time":"2 minutes"},"schema":{"@context":"https:\/\/schema.org","@graph":[{"@type":"WebPage","@id":"https:\/\/www.patrick-koglin.com\/referenzkunden\/","url":"https:\/\/www.patrick-koglin.com\/referenzkunden\/","name":"Referenzkunden und -projekte - Patrick Koglin","isPartOf":{"@id":"https:\/\/www.patrick-koglin.com\/#website"},"datePublished":"2026-03-15T10:41:52+00:00","dateModified":"2026-05-08T13:52:09+00:00","breadcrumb":{"@id":"https:\/\/www.patrick-koglin.com\/referenzkunden\/#breadcrumb"},"inLanguage":"en-US","potentialAction":[{"@type":"ReadAction","target":["https:\/\/www.patrick-koglin.com\/referenzkunden\/"]}]},{"@type":"BreadcrumbList","@id":"https:\/\/www.patrick-koglin.com\/referenzkunden\/#breadcrumb","itemListElement":[{"@type":"ListItem","position":1,"name":"Startseite","item":"https:\/\/www.patrick-koglin.com\/"},{"@type":"ListItem","position":2,"name":"Referenzkunden und -projekte"}]},{"@type":"WebSite","@id":"https:\/\/www.patrick-koglin.com\/#website","url":"https:\/\/www.patrick-koglin.com\/","name":"PK Coaching - Patrick Koglin Unternehmensgruppe","description":"PK Coaching, Business-Design &amp; Development","publisher":{"@id":"https:\/\/www.patrick-koglin.com\/#organization"},"potentialAction":[{"@type":"SearchAction","target":{"@type":"EntryPoint","urlTemplate":"https:\/\/www.patrick-koglin.com\/?s={search_term_string}"},"query-input":{"@type":"PropertyValueSpecification","valueRequired":true,"valueName":"search_term_string"}}],"inLanguage":"en-US"},{"@type":"Organization","@id":"https:\/\/www.patrick-koglin.com\/#organization","name":"Patrick Koglin | CEO von PK Coaching","url":"https:\/\/www.patrick-koglin.com\/","logo":{"@type":"ImageObject","inLanguage":"en-US","@id":"https:\/\/www.patrick-koglin.com\/#\/schema\/logo\/image\/","url":"https:\/\/www.patrick-koglin.com\/wp-content\/uploads\/2025\/07\/cropped-PK16.png","contentUrl":"https:\/\/www.patrick-koglin.com\/wp-content\/uploads\/2025\/07\/cropped-PK16.png","width":619,"height":287,"caption":"Patrick Koglin | CEO von PK Coaching"},"image":{"@id":"https:\/\/www.patrick-koglin.com\/#\/schema\/logo\/image\/"},"sameAs":["https:\/\/www.facebook.com\/profile.php?id=61566852463657"]}]}},"_links":{"self":[{"href":"https:\/\/www.patrick-koglin.com\/en\/wp-json\/wp\/v2\/pages\/11391","targetHints":{"allow":["GET"]}}],"collection":[{"href":"https:\/\/www.patrick-koglin.com\/en\/wp-json\/wp\/v2\/pages"}],"about":[{"href":"https:\/\/www.patrick-koglin.com\/en\/wp-json\/wp\/v2\/types\/page"}],"author":[{"embeddable":true,"href":"https:\/\/www.patrick-koglin.com\/en\/wp-json\/wp\/v2\/users\/1"}],"replies":[{"embeddable":true,"href":"https:\/\/www.patrick-koglin.com\/en\/wp-json\/wp\/v2\/comments?post=11391"}],"version-history":[{"count":39,"href":"https:\/\/www.patrick-koglin.com\/en\/wp-json\/wp\/v2\/pages\/11391\/revisions"}],"predecessor-version":[{"id":15192,"href":"https:\/\/www.patrick-koglin.com\/en\/wp-json\/wp\/v2\/pages\/11391\/revisions\/15192"}],"wp:attachment":[{"href":"https:\/\/www.patrick-koglin.com\/en\/wp-json\/wp\/v2\/media?parent=11391"}],"curies":[{"name":"wp","href":"https:\/\/api.w.org\/{rel}","templated":true}]}}