{"id":12330,"date":"2026-03-26T17:06:16","date_gmt":"2026-03-26T16:06:16","guid":{"rendered":"https:\/\/www.patrick-koglin.com\/?page_id=12330"},"modified":"2026-03-26T19:01:44","modified_gmt":"2026-03-26T18:01:44","slug":"it-security-experte-und-consultant","status":"publish","type":"page","link":"https:\/\/www.patrick-koglin.com\/en\/karriere\/it-security-experte-und-consultant\/","title":{"rendered":"IT-Security Experte und Consultant"},"content":{"rendered":"<p>Wir sind mit PK Coaching &amp; Consulting unternehmersich in den letzten f\u00fcnf Jahren stark gewachsen und haben auch weiterhin viel vor. Dementsprechende Infrastruktur und IT-Infrastruktur sowie unterschiedliche Online-Portale zur Terminverwaltung, Datensicherung und Workshop-Durchf\u00fchrung wird hier genutzt.<\/p>\n\n\n\n<p>Wir agieren mit unserem Online-Marketing auf allen m\u00f6glichen Plattformen und sind inzwischen auch regional st\u00e4rker pr\u00e4sent. Zur Absicherung wollen wir das Unternehmen in Zukunft auditieren lassen und vorhandene Arbeitsprozesse noch st\u00e4rkere digitalisieren sowie automatisieren. <\/p>\n\n\n\n<p>Gleichzeitig haben wir entsprechende digitale Buchhaltungssysteme und automatisierte Prozesse etabliert. Auch unsere Kundendaten sind entsprechend DSGVO-konform gesch\u00fctzt, Backupsysteme werden betrieben und L\u00f6schkonzepte liegen vor.<\/p>\n\n\n\n<p>Zur Wartung und Umsetzung weiterer Projekte suchen wir hier einen IT-Sicherheitsbeauftragten und Experten der mein Team unterst\u00fctzt. <\/p>\n\n\n\n<p>Das betrifft einerseits die konzeptionelle R\u00fccksprache f\u00fcr kommende Projekte, Wartung und Instandhaltung vorhandener Systeme, weitere Absicherung der Loginsysteme und Beobachtung entsprechender Fr\u00fchwarnsysteme und E-Mails &#8211; auch zur Pr\u00e4vention. Eine Verbesserung der Systeme ist nicht notwendig. <\/p>\n\n\n\n<p>Wir haben alles anwaltlich gepr\u00fcft und datenschutzkonform umgesetzt. Auch die Kundendaten und Loginsysteme sind sicher. <\/p>\n\n\n\n<p>Unsere Systeme werden regelm\u00e4\u00dfig gewartet und getestet. Jetzt suchen wir jemand verl\u00e4sslichen der diese Arbeit \u00fcbernimmt. <\/p>\n\n\n\n<h2 class=\"wp-block-heading has-text-align-left\">Aufgabengebiet<\/h2>\n\n\n\n<ul class=\"wp-block-list\">\n<li>Integration bei zuk\u00fcnftigen Audits und IT-Projekten im Hinblick auf Datenschutz- und Datensicherungskonzepte<\/li>\n\n\n\n<li>Betreuung und Unterst\u00fctzung in DSGVO, Dekra- und T\u00dcV-Audits<\/li>\n\n\n\n<li>Schulung neuer Mitarbeiter und ggf. auch unsere anspruchsvollen Kunden im Hinblick auf IT-Security<\/li>\n\n\n\n<li>Aktualisierung und Wartung der Systeme<\/li>\n\n\n\n<li>Unterst\u00fctzung beim Ausbau des Unternehmens<\/li>\n<\/ul>\n\n\n\n<p><\/p>\n\n\n\n<h2 class=\"wp-block-heading\">Anforderungen<\/h2>\n\n\n\n<ul class=\"wp-block-list\">\n<li>Gute und klare Kommunikation, repr\u00e4sentatives und souver\u00e4nes Auftreten <\/li>\n\n\n\n<li>Umsetzungsst\u00e4rke, technisches Verst\u00e4ndnis und internationale Weitsicht <\/li>\n\n\n\n<li>Verst\u00e4ndnis f\u00fcr GoBD-konforme Rechnungserstellung, Prozessautomatisierung, Buchhaltungssysteme und IT<\/li>\n\n\n\n<li>Hohe Resilienz, technische Affini\u00e4t, Kompetenz und Agilit\u00e4t <\/li>\n\n\n\n<li>Verst\u00e4ndnis f\u00fcr Coaching und damit zusammenh\u00e4ngende pers\u00f6nliche Daten<\/li>\n\n\n\n<li>strukturierte Arbeitsweise im Rahmen der definierten Aufgaben und nicht dar\u00fcber hinaus<\/li>\n\n\n\n<li>bestm\u00f6glich Erfahrung im DATEV-Rechnungswesen und im Zusammenhang mit LEXWARE, Agenda, getmyinvoice und KI<\/li>\n\n\n\n<li>eigenst\u00e4ndige Vorschl\u00e4ge im Rahmen vorhandener Vorgaben von Zeit, Kosten, Sicherheit und Qualit\u00e4t m\u00f6glich<\/li>\n\n\n\n<li>Zertifizierungsstark f\u00fcr ISO 27001 und Experte auf dem IT-Sicherheitsgebeit<\/li>\n\n\n\n<li>idealerweise als IT-Sicherheitsbeauftragter besch\u00e4ftigbar oder selbst\u00e4ndig beauftragbar (also nur auf Rechnung)<\/li>\n<\/ul>\n\n\n\n<p>Aussagekr\u00e4fte Bewerbung mit nachvollziehbarem Lebenslauf, Bild und Motivationsschreiben warum genau Sie der oder die Richtige sind bitte mit Ausbildungs- oder Zertifikatsnachweisen an: <a href=\"mailto:bewerbung@patrick-koglin.com\">bewerbung@patrick-koglin.com<\/a> <\/p>\n\n\n\n<p><em>Das Bild dient als Nachweis zur Identit\u00e4t und der \u00dcberpr\u00fcfung in den sozialen Medien. <\/em><\/p>\n\n\n\n<p>Wir bezahlen hierf\u00fcr aktuell 25 \u20ac \/ Stunde zzgl. MwSt.<\/p>","protected":false},"excerpt":{"rendered":"<p>Wir sind mit PK Coaching &amp; Consulting unternehmersich in den letzten f\u00fcnf Jahren stark gewachsen und haben auch weiterhin viel vor. Dementsprechende Infrastruktur und IT-Infrastruktur sowie unterschiedliche Online-Portale zur Terminverwaltung, Datensicherung und Workshop-Durchf\u00fchrung wird hier genutzt. Wir agieren mit unserem Online-Marketing auf allen m\u00f6glichen Plattformen und sind inzwischen auch regional st\u00e4rker pr\u00e4sent. Zur Absicherung wollen &#8230; <a title=\"IT-Security Experte und Consultant\" class=\"read-more\" href=\"https:\/\/www.patrick-koglin.com\/en\/karriere\/it-security-experte-und-consultant\/\" aria-label=\"Read more about IT-Security Experte und Consultant\">Read more<\/a><\/p>","protected":false},"author":1,"featured_media":0,"parent":4827,"menu_order":0,"comment_status":"closed","ping_status":"closed","template":"","meta":{"footnotes":""},"class_list":["post-12330","page","type-page","status-publish"],"yoast_head":"<!-- This site is optimized with the Yoast SEO plugin v25.8 - https:\/\/yoast.com\/wordpress\/plugins\/seo\/ -->\n<title>IT-Security Experte und Consultant - Patrick Koglin<\/title>\n<meta name=\"robots\" content=\"index, follow, max-snippet:-1, max-image-preview:large, max-video-preview:-1\" \/>\n<link rel=\"canonical\" href=\"https:\/\/www.patrick-koglin.com\/en\/karriere\/it-security-experte-und-consultant\/\" \/>\n<meta property=\"og:locale\" content=\"en_US\" \/>\n<meta property=\"og:type\" content=\"article\" \/>\n<meta property=\"og:title\" content=\"IT-Security Experte und Consultant - Patrick Koglin\" \/>\n<meta property=\"og:description\" content=\"Wir sind mit PK Coaching &amp; Consulting unternehmersich in den letzten f\u00fcnf Jahren stark gewachsen und haben auch weiterhin viel vor. Dementsprechende Infrastruktur und IT-Infrastruktur sowie unterschiedliche Online-Portale zur Terminverwaltung, Datensicherung und Workshop-Durchf\u00fchrung wird hier genutzt. Wir agieren mit unserem Online-Marketing auf allen m\u00f6glichen Plattformen und sind inzwischen auch regional st\u00e4rker pr\u00e4sent. Zur Absicherung wollen ... Read more\" \/>\n<meta property=\"og:url\" content=\"https:\/\/www.patrick-koglin.com\/en\/karriere\/it-security-experte-und-consultant\/\" \/>\n<meta property=\"og:site_name\" content=\"Patrick Koglin\" \/>\n<meta property=\"article:publisher\" content=\"https:\/\/www.facebook.com\/profile.php?id=61566852463657\" \/>\n<meta property=\"article:modified_time\" content=\"2026-03-26T18:01:44+00:00\" \/>\n<meta name=\"twitter:card\" content=\"summary_large_image\" \/>\n<meta name=\"twitter:label1\" content=\"Est. reading time\" \/>\n\t<meta name=\"twitter:data1\" content=\"3 minutes\" \/>\n<script type=\"application\/ld+json\" class=\"yoast-schema-graph\">{\"@context\":\"https:\/\/schema.org\",\"@graph\":[{\"@type\":\"WebPage\",\"@id\":\"https:\/\/www.patrick-koglin.com\/karriere\/it-security-experte-und-consultant\/\",\"url\":\"https:\/\/www.patrick-koglin.com\/karriere\/it-security-experte-und-consultant\/\",\"name\":\"IT-Security Experte und Consultant - Patrick Koglin\",\"isPartOf\":{\"@id\":\"https:\/\/www.patrick-koglin.com\/#website\"},\"datePublished\":\"2026-03-26T16:06:16+00:00\",\"dateModified\":\"2026-03-26T18:01:44+00:00\",\"breadcrumb\":{\"@id\":\"https:\/\/www.patrick-koglin.com\/karriere\/it-security-experte-und-consultant\/#breadcrumb\"},\"inLanguage\":\"en-US\",\"potentialAction\":[{\"@type\":\"ReadAction\",\"target\":[\"https:\/\/www.patrick-koglin.com\/karriere\/it-security-experte-und-consultant\/\"]}]},{\"@type\":\"BreadcrumbList\",\"@id\":\"https:\/\/www.patrick-koglin.com\/karriere\/it-security-experte-und-consultant\/#breadcrumb\",\"itemListElement\":[{\"@type\":\"ListItem\",\"position\":1,\"name\":\"Startseite\",\"item\":\"https:\/\/www.patrick-koglin.com\/\"},{\"@type\":\"ListItem\",\"position\":2,\"name\":\"Karriere\",\"item\":\"https:\/\/www.patrick-koglin.com\/karriere\/\"},{\"@type\":\"ListItem\",\"position\":3,\"name\":\"IT-Security Experte und Consultant\"}]},{\"@type\":\"WebSite\",\"@id\":\"https:\/\/www.patrick-koglin.com\/#website\",\"url\":\"https:\/\/www.patrick-koglin.com\/\",\"name\":\"PK Coaching - Patrick Koglin Unternehmensgruppe\",\"description\":\"PK Coaching, Business-Design &amp; Development\",\"publisher\":{\"@id\":\"https:\/\/www.patrick-koglin.com\/#organization\"},\"potentialAction\":[{\"@type\":\"SearchAction\",\"target\":{\"@type\":\"EntryPoint\",\"urlTemplate\":\"https:\/\/www.patrick-koglin.com\/?s={search_term_string}\"},\"query-input\":{\"@type\":\"PropertyValueSpecification\",\"valueRequired\":true,\"valueName\":\"search_term_string\"}}],\"inLanguage\":\"en-US\"},{\"@type\":\"Organization\",\"@id\":\"https:\/\/www.patrick-koglin.com\/#organization\",\"name\":\"Patrick Koglin | CEO von PK Coaching\",\"url\":\"https:\/\/www.patrick-koglin.com\/\",\"logo\":{\"@type\":\"ImageObject\",\"inLanguage\":\"en-US\",\"@id\":\"https:\/\/www.patrick-koglin.com\/#\/schema\/logo\/image\/\",\"url\":\"https:\/\/www.patrick-koglin.com\/wp-content\/uploads\/2025\/07\/cropped-PK16.png\",\"contentUrl\":\"https:\/\/www.patrick-koglin.com\/wp-content\/uploads\/2025\/07\/cropped-PK16.png\",\"width\":619,\"height\":287,\"caption\":\"Patrick Koglin | CEO von PK Coaching\"},\"image\":{\"@id\":\"https:\/\/www.patrick-koglin.com\/#\/schema\/logo\/image\/\"},\"sameAs\":[\"https:\/\/www.facebook.com\/profile.php?id=61566852463657\"]}]}<\/script>\n<!-- \/ Yoast SEO plugin. -->","yoast_head_json":{"title":"IT-Security Experte und Consultant - Patrick Koglin","robots":{"index":"index","follow":"follow","max-snippet":"max-snippet:-1","max-image-preview":"max-image-preview:large","max-video-preview":"max-video-preview:-1"},"canonical":"https:\/\/www.patrick-koglin.com\/en\/karriere\/it-security-experte-und-consultant\/","og_locale":"en_US","og_type":"article","og_title":"IT-Security Experte und Consultant - Patrick Koglin","og_description":"Wir sind mit PK Coaching &amp; Consulting unternehmersich in den letzten f\u00fcnf Jahren stark gewachsen und haben auch weiterhin viel vor. Dementsprechende Infrastruktur und IT-Infrastruktur sowie unterschiedliche Online-Portale zur Terminverwaltung, Datensicherung und Workshop-Durchf\u00fchrung wird hier genutzt. Wir agieren mit unserem Online-Marketing auf allen m\u00f6glichen Plattformen und sind inzwischen auch regional st\u00e4rker pr\u00e4sent. Zur Absicherung wollen ... Read more","og_url":"https:\/\/www.patrick-koglin.com\/en\/karriere\/it-security-experte-und-consultant\/","og_site_name":"Patrick Koglin","article_publisher":"https:\/\/www.facebook.com\/profile.php?id=61566852463657","article_modified_time":"2026-03-26T18:01:44+00:00","twitter_card":"summary_large_image","twitter_misc":{"Est. reading time":"3 minutes"},"schema":{"@context":"https:\/\/schema.org","@graph":[{"@type":"WebPage","@id":"https:\/\/www.patrick-koglin.com\/karriere\/it-security-experte-und-consultant\/","url":"https:\/\/www.patrick-koglin.com\/karriere\/it-security-experte-und-consultant\/","name":"IT-Security Experte und Consultant - Patrick Koglin","isPartOf":{"@id":"https:\/\/www.patrick-koglin.com\/#website"},"datePublished":"2026-03-26T16:06:16+00:00","dateModified":"2026-03-26T18:01:44+00:00","breadcrumb":{"@id":"https:\/\/www.patrick-koglin.com\/karriere\/it-security-experte-und-consultant\/#breadcrumb"},"inLanguage":"en-US","potentialAction":[{"@type":"ReadAction","target":["https:\/\/www.patrick-koglin.com\/karriere\/it-security-experte-und-consultant\/"]}]},{"@type":"BreadcrumbList","@id":"https:\/\/www.patrick-koglin.com\/karriere\/it-security-experte-und-consultant\/#breadcrumb","itemListElement":[{"@type":"ListItem","position":1,"name":"Startseite","item":"https:\/\/www.patrick-koglin.com\/"},{"@type":"ListItem","position":2,"name":"Karriere","item":"https:\/\/www.patrick-koglin.com\/karriere\/"},{"@type":"ListItem","position":3,"name":"IT-Security Experte und Consultant"}]},{"@type":"WebSite","@id":"https:\/\/www.patrick-koglin.com\/#website","url":"https:\/\/www.patrick-koglin.com\/","name":"PK Coaching - Patrick Koglin Unternehmensgruppe","description":"PK Coaching, Business-Design &amp; Development","publisher":{"@id":"https:\/\/www.patrick-koglin.com\/#organization"},"potentialAction":[{"@type":"SearchAction","target":{"@type":"EntryPoint","urlTemplate":"https:\/\/www.patrick-koglin.com\/?s={search_term_string}"},"query-input":{"@type":"PropertyValueSpecification","valueRequired":true,"valueName":"search_term_string"}}],"inLanguage":"en-US"},{"@type":"Organization","@id":"https:\/\/www.patrick-koglin.com\/#organization","name":"Patrick Koglin | CEO von PK Coaching","url":"https:\/\/www.patrick-koglin.com\/","logo":{"@type":"ImageObject","inLanguage":"en-US","@id":"https:\/\/www.patrick-koglin.com\/#\/schema\/logo\/image\/","url":"https:\/\/www.patrick-koglin.com\/wp-content\/uploads\/2025\/07\/cropped-PK16.png","contentUrl":"https:\/\/www.patrick-koglin.com\/wp-content\/uploads\/2025\/07\/cropped-PK16.png","width":619,"height":287,"caption":"Patrick Koglin | CEO von PK Coaching"},"image":{"@id":"https:\/\/www.patrick-koglin.com\/#\/schema\/logo\/image\/"},"sameAs":["https:\/\/www.facebook.com\/profile.php?id=61566852463657"]}]}},"_links":{"self":[{"href":"https:\/\/www.patrick-koglin.com\/en\/wp-json\/wp\/v2\/pages\/12330","targetHints":{"allow":["GET"]}}],"collection":[{"href":"https:\/\/www.patrick-koglin.com\/en\/wp-json\/wp\/v2\/pages"}],"about":[{"href":"https:\/\/www.patrick-koglin.com\/en\/wp-json\/wp\/v2\/types\/page"}],"author":[{"embeddable":true,"href":"https:\/\/www.patrick-koglin.com\/en\/wp-json\/wp\/v2\/users\/1"}],"replies":[{"embeddable":true,"href":"https:\/\/www.patrick-koglin.com\/en\/wp-json\/wp\/v2\/comments?post=12330"}],"version-history":[{"count":5,"href":"https:\/\/www.patrick-koglin.com\/en\/wp-json\/wp\/v2\/pages\/12330\/revisions"}],"predecessor-version":[{"id":12341,"href":"https:\/\/www.patrick-koglin.com\/en\/wp-json\/wp\/v2\/pages\/12330\/revisions\/12341"}],"up":[{"embeddable":true,"href":"https:\/\/www.patrick-koglin.com\/en\/wp-json\/wp\/v2\/pages\/4827"}],"wp:attachment":[{"href":"https:\/\/www.patrick-koglin.com\/en\/wp-json\/wp\/v2\/media?parent=12330"}],"curies":[{"name":"wp","href":"https:\/\/api.w.org\/{rel}","templated":true}]}}