{"id":12440,"date":"2026-04-02T14:16:09","date_gmt":"2026-04-02T12:16:09","guid":{"rendered":"https:\/\/www.patrick-koglin.com\/?page_id=12440"},"modified":"2026-04-02T14:16:27","modified_gmt":"2026-04-02T12:16:27","slug":"hr","status":"publish","type":"page","link":"https:\/\/www.patrick-koglin.com\/en\/hr\/","title":{"rendered":"HR"},"content":{"rendered":"<p><strong>HR Services \u2013 Personalvermittlung und ma\u00dfgeschneiderte Unterst\u00fctzung<\/strong><\/p>\n\n\n\n<p>Finden Sie die richtigen Talente f\u00fcr Ihr Unternehmen \u2013 schnell, zuverl\u00e4ssig und passgenau. Unsere <em>HR Services<\/em> begleiten Sie in allen Phasen der Personalvermittlung und sorgen daf\u00fcr, dass Ihre Teams optimal aufgestellt sind.<\/p>\n\n\n\n<p><strong>Unsere Leistungen im \u00dcberblick:<\/strong><\/p>\n\n\n\n<ul class=\"wp-block-list\">\n<li><strong>Personalvermittlung:<\/strong> Wir identifizieren Kandidaten, die fachlich und kulturell zu Ihrem Unternehmen passen.<\/li>\n\n\n\n<li><strong>Recruiting-Strategien:<\/strong> Optimierung Ihrer Prozesse, um Talente effizient zu gewinnen.<\/li>\n\n\n\n<li><strong>Assessment &amp; Auswahl:<\/strong> Professionelle Pr\u00fcfung von Qualifikationen, F\u00e4higkeiten und Potenzialen.<\/li>\n\n\n\n<li><strong>Onboarding-Unterst\u00fctzung:<\/strong> Begleitung neuer Mitarbeiter f\u00fcr einen erfolgreichen Start im Unternehmen.<\/li>\n\n\n\n<li><strong>Beratung zu Employer Branding:<\/strong> St\u00e4rken Sie Ihre Attraktivit\u00e4t als Arbeitgeber, um Top-Talente langfristig zu binden.<\/li>\n<\/ul>\n\n\n\n<p>Unser Ansatz ist individuell, praxisnah und l\u00f6sungsorientiert. Wir verstehen die Herausforderungen im modernen HR-Management und bieten Ihnen Expertise, die messbare Ergebnisse liefert.<\/p>\n\n\n\n<p>Auch erhalten Sie bei uns HR-Coaching. <\/p>\n\n\n\n<p><strong>Sichern Sie sich die besten Talente f\u00fcr Ihr Unternehmen.<\/strong><br>\ud83d\udc49 Kontaktieren Sie uns f\u00fcr eine unverbindliche Beratung.<\/p>","protected":false},"excerpt":{"rendered":"<p>HR Services \u2013 Personalvermittlung und ma\u00dfgeschneiderte Unterst\u00fctzung Finden Sie die richtigen Talente f\u00fcr Ihr Unternehmen \u2013 schnell, zuverl\u00e4ssig und passgenau. Unsere HR Services begleiten Sie in allen Phasen der Personalvermittlung und sorgen daf\u00fcr, dass Ihre Teams optimal aufgestellt sind. Unsere Leistungen im \u00dcberblick: Unser Ansatz ist individuell, praxisnah und l\u00f6sungsorientiert. Wir verstehen die Herausforderungen im &#8230; <a title=\"HR\" class=\"read-more\" href=\"https:\/\/www.patrick-koglin.com\/en\/hr\/\" aria-label=\"Read more about HR\">Read more<\/a><\/p>","protected":false},"author":1,"featured_media":0,"parent":0,"menu_order":0,"comment_status":"closed","ping_status":"closed","template":"","meta":{"footnotes":""},"class_list":["post-12440","page","type-page","status-publish"],"yoast_head":"<!-- This site is optimized with the Yoast SEO plugin v25.8 - https:\/\/yoast.com\/wordpress\/plugins\/seo\/ -->\n<title>HR - Patrick Koglin<\/title>\n<meta name=\"robots\" content=\"index, follow, max-snippet:-1, max-image-preview:large, max-video-preview:-1\" \/>\n<link rel=\"canonical\" href=\"https:\/\/www.patrick-koglin.com\/en\/hr\/\" \/>\n<meta property=\"og:locale\" content=\"en_US\" \/>\n<meta property=\"og:type\" content=\"article\" \/>\n<meta property=\"og:title\" content=\"HR - Patrick Koglin\" \/>\n<meta property=\"og:description\" content=\"HR Services \u2013 Personalvermittlung und ma\u00dfgeschneiderte Unterst\u00fctzung Finden Sie die richtigen Talente f\u00fcr Ihr Unternehmen \u2013 schnell, zuverl\u00e4ssig und passgenau. Unsere HR Services begleiten Sie in allen Phasen der Personalvermittlung und sorgen daf\u00fcr, dass Ihre Teams optimal aufgestellt sind. Unsere Leistungen im \u00dcberblick: Unser Ansatz ist individuell, praxisnah und l\u00f6sungsorientiert. Wir verstehen die Herausforderungen im ... Read more\" \/>\n<meta property=\"og:url\" content=\"https:\/\/www.patrick-koglin.com\/en\/hr\/\" \/>\n<meta property=\"og:site_name\" content=\"Patrick Koglin\" \/>\n<meta property=\"article:publisher\" content=\"https:\/\/www.facebook.com\/profile.php?id=61566852463657\" \/>\n<meta property=\"article:modified_time\" content=\"2026-04-02T12:16:27+00:00\" \/>\n<meta name=\"twitter:card\" content=\"summary_large_image\" \/>\n<meta name=\"twitter:label1\" content=\"Est. reading time\" \/>\n\t<meta name=\"twitter:data1\" content=\"1 minute\" \/>\n<script type=\"application\/ld+json\" class=\"yoast-schema-graph\">{\"@context\":\"https:\/\/schema.org\",\"@graph\":[{\"@type\":\"WebPage\",\"@id\":\"https:\/\/www.patrick-koglin.com\/hr\/\",\"url\":\"https:\/\/www.patrick-koglin.com\/hr\/\",\"name\":\"HR - Patrick Koglin\",\"isPartOf\":{\"@id\":\"https:\/\/www.patrick-koglin.com\/#website\"},\"datePublished\":\"2026-04-02T12:16:09+00:00\",\"dateModified\":\"2026-04-02T12:16:27+00:00\",\"breadcrumb\":{\"@id\":\"https:\/\/www.patrick-koglin.com\/hr\/#breadcrumb\"},\"inLanguage\":\"en-US\",\"potentialAction\":[{\"@type\":\"ReadAction\",\"target\":[\"https:\/\/www.patrick-koglin.com\/hr\/\"]}]},{\"@type\":\"BreadcrumbList\",\"@id\":\"https:\/\/www.patrick-koglin.com\/hr\/#breadcrumb\",\"itemListElement\":[{\"@type\":\"ListItem\",\"position\":1,\"name\":\"Startseite\",\"item\":\"https:\/\/www.patrick-koglin.com\/\"},{\"@type\":\"ListItem\",\"position\":2,\"name\":\"HR\"}]},{\"@type\":\"WebSite\",\"@id\":\"https:\/\/www.patrick-koglin.com\/#website\",\"url\":\"https:\/\/www.patrick-koglin.com\/\",\"name\":\"PK Coaching - Patrick Koglin Unternehmensgruppe\",\"description\":\"PK Coaching, Business-Design &amp; Development\",\"publisher\":{\"@id\":\"https:\/\/www.patrick-koglin.com\/#organization\"},\"potentialAction\":[{\"@type\":\"SearchAction\",\"target\":{\"@type\":\"EntryPoint\",\"urlTemplate\":\"https:\/\/www.patrick-koglin.com\/?s={search_term_string}\"},\"query-input\":{\"@type\":\"PropertyValueSpecification\",\"valueRequired\":true,\"valueName\":\"search_term_string\"}}],\"inLanguage\":\"en-US\"},{\"@type\":\"Organization\",\"@id\":\"https:\/\/www.patrick-koglin.com\/#organization\",\"name\":\"Patrick Koglin | CEO von PK Coaching\",\"url\":\"https:\/\/www.patrick-koglin.com\/\",\"logo\":{\"@type\":\"ImageObject\",\"inLanguage\":\"en-US\",\"@id\":\"https:\/\/www.patrick-koglin.com\/#\/schema\/logo\/image\/\",\"url\":\"https:\/\/www.patrick-koglin.com\/wp-content\/uploads\/2025\/07\/cropped-PK16.png\",\"contentUrl\":\"https:\/\/www.patrick-koglin.com\/wp-content\/uploads\/2025\/07\/cropped-PK16.png\",\"width\":619,\"height\":287,\"caption\":\"Patrick Koglin | CEO von PK Coaching\"},\"image\":{\"@id\":\"https:\/\/www.patrick-koglin.com\/#\/schema\/logo\/image\/\"},\"sameAs\":[\"https:\/\/www.facebook.com\/profile.php?id=61566852463657\"]}]}<\/script>\n<!-- \/ Yoast SEO plugin. -->","yoast_head_json":{"title":"HR - Patrick Koglin","robots":{"index":"index","follow":"follow","max-snippet":"max-snippet:-1","max-image-preview":"max-image-preview:large","max-video-preview":"max-video-preview:-1"},"canonical":"https:\/\/www.patrick-koglin.com\/en\/hr\/","og_locale":"en_US","og_type":"article","og_title":"HR - Patrick Koglin","og_description":"HR Services \u2013 Personalvermittlung und ma\u00dfgeschneiderte Unterst\u00fctzung Finden Sie die richtigen Talente f\u00fcr Ihr Unternehmen \u2013 schnell, zuverl\u00e4ssig und passgenau. Unsere HR Services begleiten Sie in allen Phasen der Personalvermittlung und sorgen daf\u00fcr, dass Ihre Teams optimal aufgestellt sind. Unsere Leistungen im \u00dcberblick: Unser Ansatz ist individuell, praxisnah und l\u00f6sungsorientiert. Wir verstehen die Herausforderungen im ... Read more","og_url":"https:\/\/www.patrick-koglin.com\/en\/hr\/","og_site_name":"Patrick Koglin","article_publisher":"https:\/\/www.facebook.com\/profile.php?id=61566852463657","article_modified_time":"2026-04-02T12:16:27+00:00","twitter_card":"summary_large_image","twitter_misc":{"Est. reading time":"1 minute"},"schema":{"@context":"https:\/\/schema.org","@graph":[{"@type":"WebPage","@id":"https:\/\/www.patrick-koglin.com\/hr\/","url":"https:\/\/www.patrick-koglin.com\/hr\/","name":"HR - Patrick Koglin","isPartOf":{"@id":"https:\/\/www.patrick-koglin.com\/#website"},"datePublished":"2026-04-02T12:16:09+00:00","dateModified":"2026-04-02T12:16:27+00:00","breadcrumb":{"@id":"https:\/\/www.patrick-koglin.com\/hr\/#breadcrumb"},"inLanguage":"en-US","potentialAction":[{"@type":"ReadAction","target":["https:\/\/www.patrick-koglin.com\/hr\/"]}]},{"@type":"BreadcrumbList","@id":"https:\/\/www.patrick-koglin.com\/hr\/#breadcrumb","itemListElement":[{"@type":"ListItem","position":1,"name":"Startseite","item":"https:\/\/www.patrick-koglin.com\/"},{"@type":"ListItem","position":2,"name":"HR"}]},{"@type":"WebSite","@id":"https:\/\/www.patrick-koglin.com\/#website","url":"https:\/\/www.patrick-koglin.com\/","name":"PK Coaching - Patrick Koglin Unternehmensgruppe","description":"PK Coaching, Business-Design &amp; Development","publisher":{"@id":"https:\/\/www.patrick-koglin.com\/#organization"},"potentialAction":[{"@type":"SearchAction","target":{"@type":"EntryPoint","urlTemplate":"https:\/\/www.patrick-koglin.com\/?s={search_term_string}"},"query-input":{"@type":"PropertyValueSpecification","valueRequired":true,"valueName":"search_term_string"}}],"inLanguage":"en-US"},{"@type":"Organization","@id":"https:\/\/www.patrick-koglin.com\/#organization","name":"Patrick Koglin | CEO von PK Coaching","url":"https:\/\/www.patrick-koglin.com\/","logo":{"@type":"ImageObject","inLanguage":"en-US","@id":"https:\/\/www.patrick-koglin.com\/#\/schema\/logo\/image\/","url":"https:\/\/www.patrick-koglin.com\/wp-content\/uploads\/2025\/07\/cropped-PK16.png","contentUrl":"https:\/\/www.patrick-koglin.com\/wp-content\/uploads\/2025\/07\/cropped-PK16.png","width":619,"height":287,"caption":"Patrick Koglin | CEO von PK Coaching"},"image":{"@id":"https:\/\/www.patrick-koglin.com\/#\/schema\/logo\/image\/"},"sameAs":["https:\/\/www.facebook.com\/profile.php?id=61566852463657"]}]}},"_links":{"self":[{"href":"https:\/\/www.patrick-koglin.com\/en\/wp-json\/wp\/v2\/pages\/12440","targetHints":{"allow":["GET"]}}],"collection":[{"href":"https:\/\/www.patrick-koglin.com\/en\/wp-json\/wp\/v2\/pages"}],"about":[{"href":"https:\/\/www.patrick-koglin.com\/en\/wp-json\/wp\/v2\/types\/page"}],"author":[{"embeddable":true,"href":"https:\/\/www.patrick-koglin.com\/en\/wp-json\/wp\/v2\/users\/1"}],"replies":[{"embeddable":true,"href":"https:\/\/www.patrick-koglin.com\/en\/wp-json\/wp\/v2\/comments?post=12440"}],"version-history":[{"count":2,"href":"https:\/\/www.patrick-koglin.com\/en\/wp-json\/wp\/v2\/pages\/12440\/revisions"}],"predecessor-version":[{"id":12442,"href":"https:\/\/www.patrick-koglin.com\/en\/wp-json\/wp\/v2\/pages\/12440\/revisions\/12442"}],"wp:attachment":[{"href":"https:\/\/www.patrick-koglin.com\/en\/wp-json\/wp\/v2\/media?parent=12440"}],"curies":[{"name":"wp","href":"https:\/\/api.w.org\/{rel}","templated":true}]}}