{"id":14228,"date":"2026-04-23T15:09:36","date_gmt":"2026-04-23T13:09:36","guid":{"rendered":"https:\/\/www.patrick-koglin.com\/?page_id=14228"},"modified":"2026-04-23T15:09:37","modified_gmt":"2026-04-23T13:09:37","slug":"ki-beratung","status":"publish","type":"page","link":"https:\/\/www.patrick-koglin.com\/en\/it-web-solutions\/ki-beratung\/","title":{"rendered":"KI-Beratung"},"content":{"rendered":"<p>KI-Beratung optimiert Ihre internen Abl\u00e4ufe durch gezielte Prozessautomatisierung und schafft durch ma\u00dfgeschneiderte KI-Leitlinien rechtliche sowie operative Sicherheit im Team. <\/p>\n\n\n\n<p><strong>Wir bieten allgemeine KI-Beratung, Workshops und z.B. die Erstellung von KI-Leitlinien.<\/strong><\/p>\n\n\n\n<p>In unseren KI-Workshops bef\u00e4higen wir Ihre Mitarbeiter zudem, Potenziale selbstst\u00e4ndig zu heben und die Technologie als produktives Werkzeug f\u00fcr messbares Unternehmenswachstum einzusetzen.<\/p>\n\n\n\n<p>Genau unterst\u00fctzen wir hier:<\/p>\n\n\n\n<div class=\"wp-block-buttons is-layout-flex wp-block-buttons-is-layout-flex\">\n<div class=\"wp-block-button\"><a class=\"wp-block-button__link has-base-3-color has-contrast-2-background-color has-text-color has-background has-link-color wp-element-button\" href=\"https:\/\/www.patrick-koglin.com\/en\/termin\/\" style=\"border-top-left-radius:5px;border-top-right-radius:5px;border-bottom-left-radius:5px;border-bottom-right-radius:5px\">Angebot anfragen<\/a><\/div>\n<\/div>","protected":false},"excerpt":{"rendered":"<p>KI-Beratung optimiert Ihre internen Abl\u00e4ufe durch gezielte Prozessautomatisierung und schafft durch ma\u00dfgeschneiderte KI-Leitlinien rechtliche sowie operative Sicherheit im Team. Wir bieten allgemeine KI-Beratung, Workshops und z.B. die Erstellung von KI-Leitlinien. In unseren KI-Workshops bef\u00e4higen wir Ihre Mitarbeiter zudem, Potenziale selbstst\u00e4ndig zu heben und die Technologie als produktives Werkzeug f\u00fcr messbares Unternehmenswachstum einzusetzen. Genau unterst\u00fctzen wir &#8230; <a title=\"KI-Beratung\" class=\"read-more\" href=\"https:\/\/www.patrick-koglin.com\/en\/it-web-solutions\/ki-beratung\/\" aria-label=\"Read more about KI-Beratung\">Read more<\/a><\/p>","protected":false},"author":1,"featured_media":0,"parent":14194,"menu_order":0,"comment_status":"closed","ping_status":"closed","template":"","meta":{"footnotes":""},"class_list":["post-14228","page","type-page","status-publish"],"yoast_head":"<!-- This site is optimized with the Yoast SEO plugin v25.8 - https:\/\/yoast.com\/wordpress\/plugins\/seo\/ -->\n<title>KI-Beratung - Patrick Koglin<\/title>\n<meta name=\"robots\" content=\"index, follow, max-snippet:-1, max-image-preview:large, max-video-preview:-1\" \/>\n<link rel=\"canonical\" href=\"https:\/\/www.patrick-koglin.com\/en\/it-web-solutions\/ki-beratung\/\" \/>\n<meta property=\"og:locale\" content=\"en_US\" \/>\n<meta property=\"og:type\" content=\"article\" \/>\n<meta property=\"og:title\" content=\"KI-Beratung - Patrick Koglin\" \/>\n<meta property=\"og:description\" content=\"KI-Beratung optimiert Ihre internen Abl\u00e4ufe durch gezielte Prozessautomatisierung und schafft durch ma\u00dfgeschneiderte KI-Leitlinien rechtliche sowie operative Sicherheit im Team. Wir bieten allgemeine KI-Beratung, Workshops und z.B. die Erstellung von KI-Leitlinien. In unseren KI-Workshops bef\u00e4higen wir Ihre Mitarbeiter zudem, Potenziale selbstst\u00e4ndig zu heben und die Technologie als produktives Werkzeug f\u00fcr messbares Unternehmenswachstum einzusetzen. Genau unterst\u00fctzen wir ... Read more\" \/>\n<meta property=\"og:url\" content=\"https:\/\/www.patrick-koglin.com\/en\/it-web-solutions\/ki-beratung\/\" \/>\n<meta property=\"og:site_name\" content=\"Patrick Koglin\" \/>\n<meta property=\"article:publisher\" content=\"https:\/\/www.facebook.com\/profile.php?id=61566852463657\" \/>\n<meta property=\"article:modified_time\" content=\"2026-04-23T13:09:37+00:00\" \/>\n<meta name=\"twitter:card\" content=\"summary_large_image\" \/>\n<meta name=\"twitter:label1\" content=\"Est. reading time\" \/>\n\t<meta name=\"twitter:data1\" content=\"1 minute\" \/>\n<script type=\"application\/ld+json\" class=\"yoast-schema-graph\">{\"@context\":\"https:\/\/schema.org\",\"@graph\":[{\"@type\":\"WebPage\",\"@id\":\"https:\/\/www.patrick-koglin.com\/it-web-solutions\/ki-beratung\/\",\"url\":\"https:\/\/www.patrick-koglin.com\/it-web-solutions\/ki-beratung\/\",\"name\":\"KI-Beratung - Patrick Koglin\",\"isPartOf\":{\"@id\":\"https:\/\/www.patrick-koglin.com\/#website\"},\"datePublished\":\"2026-04-23T13:09:36+00:00\",\"dateModified\":\"2026-04-23T13:09:37+00:00\",\"breadcrumb\":{\"@id\":\"https:\/\/www.patrick-koglin.com\/it-web-solutions\/ki-beratung\/#breadcrumb\"},\"inLanguage\":\"en-US\",\"potentialAction\":[{\"@type\":\"ReadAction\",\"target\":[\"https:\/\/www.patrick-koglin.com\/it-web-solutions\/ki-beratung\/\"]}]},{\"@type\":\"BreadcrumbList\",\"@id\":\"https:\/\/www.patrick-koglin.com\/it-web-solutions\/ki-beratung\/#breadcrumb\",\"itemListElement\":[{\"@type\":\"ListItem\",\"position\":1,\"name\":\"Startseite\",\"item\":\"https:\/\/www.patrick-koglin.com\/\"},{\"@type\":\"ListItem\",\"position\":2,\"name\":\"IT &amp; Web Solutions\",\"item\":\"https:\/\/www.patrick-koglin.com\/it-web-solutions\/\"},{\"@type\":\"ListItem\",\"position\":3,\"name\":\"KI-Beratung\"}]},{\"@type\":\"WebSite\",\"@id\":\"https:\/\/www.patrick-koglin.com\/#website\",\"url\":\"https:\/\/www.patrick-koglin.com\/\",\"name\":\"PK Coaching - Patrick Koglin Unternehmensgruppe\",\"description\":\"PK Coaching, Business-Design &amp; Development\",\"publisher\":{\"@id\":\"https:\/\/www.patrick-koglin.com\/#organization\"},\"potentialAction\":[{\"@type\":\"SearchAction\",\"target\":{\"@type\":\"EntryPoint\",\"urlTemplate\":\"https:\/\/www.patrick-koglin.com\/?s={search_term_string}\"},\"query-input\":{\"@type\":\"PropertyValueSpecification\",\"valueRequired\":true,\"valueName\":\"search_term_string\"}}],\"inLanguage\":\"en-US\"},{\"@type\":\"Organization\",\"@id\":\"https:\/\/www.patrick-koglin.com\/#organization\",\"name\":\"Patrick Koglin | CEO von PK Coaching\",\"url\":\"https:\/\/www.patrick-koglin.com\/\",\"logo\":{\"@type\":\"ImageObject\",\"inLanguage\":\"en-US\",\"@id\":\"https:\/\/www.patrick-koglin.com\/#\/schema\/logo\/image\/\",\"url\":\"https:\/\/www.patrick-koglin.com\/wp-content\/uploads\/2025\/07\/cropped-PK16.png\",\"contentUrl\":\"https:\/\/www.patrick-koglin.com\/wp-content\/uploads\/2025\/07\/cropped-PK16.png\",\"width\":619,\"height\":287,\"caption\":\"Patrick Koglin | CEO von PK Coaching\"},\"image\":{\"@id\":\"https:\/\/www.patrick-koglin.com\/#\/schema\/logo\/image\/\"},\"sameAs\":[\"https:\/\/www.facebook.com\/profile.php?id=61566852463657\"]}]}<\/script>\n<!-- \/ Yoast SEO plugin. -->","yoast_head_json":{"title":"KI-Beratung - Patrick Koglin","robots":{"index":"index","follow":"follow","max-snippet":"max-snippet:-1","max-image-preview":"max-image-preview:large","max-video-preview":"max-video-preview:-1"},"canonical":"https:\/\/www.patrick-koglin.com\/en\/it-web-solutions\/ki-beratung\/","og_locale":"en_US","og_type":"article","og_title":"KI-Beratung - Patrick Koglin","og_description":"KI-Beratung optimiert Ihre internen Abl\u00e4ufe durch gezielte Prozessautomatisierung und schafft durch ma\u00dfgeschneiderte KI-Leitlinien rechtliche sowie operative Sicherheit im Team. Wir bieten allgemeine KI-Beratung, Workshops und z.B. die Erstellung von KI-Leitlinien. In unseren KI-Workshops bef\u00e4higen wir Ihre Mitarbeiter zudem, Potenziale selbstst\u00e4ndig zu heben und die Technologie als produktives Werkzeug f\u00fcr messbares Unternehmenswachstum einzusetzen. Genau unterst\u00fctzen wir ... Read more","og_url":"https:\/\/www.patrick-koglin.com\/en\/it-web-solutions\/ki-beratung\/","og_site_name":"Patrick Koglin","article_publisher":"https:\/\/www.facebook.com\/profile.php?id=61566852463657","article_modified_time":"2026-04-23T13:09:37+00:00","twitter_card":"summary_large_image","twitter_misc":{"Est. reading time":"1 minute"},"schema":{"@context":"https:\/\/schema.org","@graph":[{"@type":"WebPage","@id":"https:\/\/www.patrick-koglin.com\/it-web-solutions\/ki-beratung\/","url":"https:\/\/www.patrick-koglin.com\/it-web-solutions\/ki-beratung\/","name":"KI-Beratung - Patrick Koglin","isPartOf":{"@id":"https:\/\/www.patrick-koglin.com\/#website"},"datePublished":"2026-04-23T13:09:36+00:00","dateModified":"2026-04-23T13:09:37+00:00","breadcrumb":{"@id":"https:\/\/www.patrick-koglin.com\/it-web-solutions\/ki-beratung\/#breadcrumb"},"inLanguage":"en-US","potentialAction":[{"@type":"ReadAction","target":["https:\/\/www.patrick-koglin.com\/it-web-solutions\/ki-beratung\/"]}]},{"@type":"BreadcrumbList","@id":"https:\/\/www.patrick-koglin.com\/it-web-solutions\/ki-beratung\/#breadcrumb","itemListElement":[{"@type":"ListItem","position":1,"name":"Startseite","item":"https:\/\/www.patrick-koglin.com\/"},{"@type":"ListItem","position":2,"name":"IT &amp; Web Solutions","item":"https:\/\/www.patrick-koglin.com\/it-web-solutions\/"},{"@type":"ListItem","position":3,"name":"KI-Beratung"}]},{"@type":"WebSite","@id":"https:\/\/www.patrick-koglin.com\/#website","url":"https:\/\/www.patrick-koglin.com\/","name":"PK Coaching - Patrick Koglin Unternehmensgruppe","description":"PK Coaching, Business-Design &amp; Development","publisher":{"@id":"https:\/\/www.patrick-koglin.com\/#organization"},"potentialAction":[{"@type":"SearchAction","target":{"@type":"EntryPoint","urlTemplate":"https:\/\/www.patrick-koglin.com\/?s={search_term_string}"},"query-input":{"@type":"PropertyValueSpecification","valueRequired":true,"valueName":"search_term_string"}}],"inLanguage":"en-US"},{"@type":"Organization","@id":"https:\/\/www.patrick-koglin.com\/#organization","name":"Patrick Koglin | CEO von PK Coaching","url":"https:\/\/www.patrick-koglin.com\/","logo":{"@type":"ImageObject","inLanguage":"en-US","@id":"https:\/\/www.patrick-koglin.com\/#\/schema\/logo\/image\/","url":"https:\/\/www.patrick-koglin.com\/wp-content\/uploads\/2025\/07\/cropped-PK16.png","contentUrl":"https:\/\/www.patrick-koglin.com\/wp-content\/uploads\/2025\/07\/cropped-PK16.png","width":619,"height":287,"caption":"Patrick Koglin | CEO von PK Coaching"},"image":{"@id":"https:\/\/www.patrick-koglin.com\/#\/schema\/logo\/image\/"},"sameAs":["https:\/\/www.facebook.com\/profile.php?id=61566852463657"]}]}},"_links":{"self":[{"href":"https:\/\/www.patrick-koglin.com\/en\/wp-json\/wp\/v2\/pages\/14228","targetHints":{"allow":["GET"]}}],"collection":[{"href":"https:\/\/www.patrick-koglin.com\/en\/wp-json\/wp\/v2\/pages"}],"about":[{"href":"https:\/\/www.patrick-koglin.com\/en\/wp-json\/wp\/v2\/types\/page"}],"author":[{"embeddable":true,"href":"https:\/\/www.patrick-koglin.com\/en\/wp-json\/wp\/v2\/users\/1"}],"replies":[{"embeddable":true,"href":"https:\/\/www.patrick-koglin.com\/en\/wp-json\/wp\/v2\/comments?post=14228"}],"version-history":[{"count":1,"href":"https:\/\/www.patrick-koglin.com\/en\/wp-json\/wp\/v2\/pages\/14228\/revisions"}],"predecessor-version":[{"id":14229,"href":"https:\/\/www.patrick-koglin.com\/en\/wp-json\/wp\/v2\/pages\/14228\/revisions\/14229"}],"up":[{"embeddable":true,"href":"https:\/\/www.patrick-koglin.com\/en\/wp-json\/wp\/v2\/pages\/14194"}],"wp:attachment":[{"href":"https:\/\/www.patrick-koglin.com\/en\/wp-json\/wp\/v2\/media?parent=14228"}],"curies":[{"name":"wp","href":"https:\/\/api.w.org\/{rel}","templated":true}]}}