{"id":14337,"date":"2026-04-24T22:27:20","date_gmt":"2026-04-24T20:27:20","guid":{"rendered":"https:\/\/www.patrick-koglin.com\/?page_id=14337"},"modified":"2026-04-24T22:27:48","modified_gmt":"2026-04-24T20:27:48","slug":"spamschutz","status":"publish","type":"page","link":"https:\/\/www.patrick-koglin.com\/en\/it-web-solutions\/spamschutz\/","title":{"rendered":"Schluss mit Spam \u2013 Fokus auf das Wesentliche"},"content":{"rendered":"<p>Jede Minute, die Sie mit dem L\u00f6schen von Werbem\u00fcll, negativen Kommentaren, Fake-Anfragen \u00fcber E-Mail oder Kontaktformulare verbringen, ist verschwendete Arbeits- und Lebenszeit. <\/p>\n\n\n\n<p><strong>Patrick Koglin IT- &amp; Webservice<\/strong> macht Ihr digitales Postfach und Ihre Webseite zur festen Bastion gegen unerw\u00fcnschte Eindringlinge.<\/p>\n\n\n\n<h3 class=\"wp-block-heading\">Sauber. Sicher. Stressfrei.<\/h3>\n\n\n\n<ul class=\"wp-block-list\">\n<li><strong>E-Mail-Schutz:<\/strong> Intelligente Filterl\u00f6sungen, die Spam und Phishing erkennen, bevor sie Ihren Posteingang belasten \u2013 ohne dass wichtige Kundenmails verloren gehen.<\/li>\n\n\n\n<li><strong>Kontaktformulare:<\/strong> Wir integrieren moderne, DSGVO-konforme Schutzschilde (wie unsichtbare Captchas), die Bots stoppen, aber Ihre echten Interessenten nicht ausbremsen.<\/li>\n\n\n\n<li><strong>Webseiten-Sicherheit:<\/strong> Schutz vor automatisierten Angriffen und &#8222;Geister-Traffic&#8220;, damit Ihre Seite schnell bleibt und Ihre Daten sauber sind.<\/li>\n<\/ul>\n\n\n\n<p><strong>Kein Voodoo, kein Papierkram \u2013 einfach eine saubere digitale Leitung.<\/strong><\/p>\n\n\n\n<p><a href=\"mailto:mail@patrick-koglin.com\">Jetzt anfragen.<\/a><\/p>","protected":false},"excerpt":{"rendered":"<p>Jede Minute, die Sie mit dem L\u00f6schen von Werbem\u00fcll, negativen Kommentaren, Fake-Anfragen \u00fcber E-Mail oder Kontaktformulare verbringen, ist verschwendete Arbeits- und Lebenszeit. Patrick Koglin IT- &amp; Webservice macht Ihr digitales Postfach und Ihre Webseite zur festen Bastion gegen unerw\u00fcnschte Eindringlinge. Sauber. Sicher. Stressfrei. Kein Voodoo, kein Papierkram \u2013 einfach eine saubere digitale Leitung. Jetzt anfragen.<\/p>","protected":false},"author":1,"featured_media":0,"parent":14194,"menu_order":0,"comment_status":"closed","ping_status":"closed","template":"","meta":{"footnotes":""},"class_list":["post-14337","page","type-page","status-publish"],"yoast_head":"<!-- This site is optimized with the Yoast SEO plugin v25.8 - https:\/\/yoast.com\/wordpress\/plugins\/seo\/ -->\n<title>Schluss mit Spam \u2013 Fokus auf das Wesentliche - Patrick Koglin<\/title>\n<meta name=\"robots\" content=\"index, follow, max-snippet:-1, max-image-preview:large, max-video-preview:-1\" \/>\n<link rel=\"canonical\" href=\"https:\/\/www.patrick-koglin.com\/en\/it-web-solutions\/spamschutz\/\" \/>\n<meta property=\"og:locale\" content=\"en_US\" \/>\n<meta property=\"og:type\" content=\"article\" \/>\n<meta property=\"og:title\" content=\"Schluss mit Spam \u2013 Fokus auf das Wesentliche - Patrick Koglin\" \/>\n<meta property=\"og:description\" content=\"Jede Minute, die Sie mit dem L\u00f6schen von Werbem\u00fcll, negativen Kommentaren, Fake-Anfragen \u00fcber E-Mail oder Kontaktformulare verbringen, ist verschwendete Arbeits- und Lebenszeit. Patrick Koglin IT- &amp; Webservice macht Ihr digitales Postfach und Ihre Webseite zur festen Bastion gegen unerw\u00fcnschte Eindringlinge. Sauber. Sicher. Stressfrei. Kein Voodoo, kein Papierkram \u2013 einfach eine saubere digitale Leitung. Jetzt anfragen.\" \/>\n<meta property=\"og:url\" content=\"https:\/\/www.patrick-koglin.com\/en\/it-web-solutions\/spamschutz\/\" \/>\n<meta property=\"og:site_name\" content=\"Patrick Koglin\" \/>\n<meta property=\"article:publisher\" content=\"https:\/\/www.facebook.com\/profile.php?id=61566852463657\" \/>\n<meta property=\"article:modified_time\" content=\"2026-04-24T20:27:48+00:00\" \/>\n<meta name=\"twitter:card\" content=\"summary_large_image\" \/>\n<meta name=\"twitter:label1\" content=\"Est. reading time\" \/>\n\t<meta name=\"twitter:data1\" content=\"1 minute\" \/>\n<script type=\"application\/ld+json\" class=\"yoast-schema-graph\">{\"@context\":\"https:\/\/schema.org\",\"@graph\":[{\"@type\":\"WebPage\",\"@id\":\"https:\/\/www.patrick-koglin.com\/it-web-solutions\/spamschutz\/\",\"url\":\"https:\/\/www.patrick-koglin.com\/it-web-solutions\/spamschutz\/\",\"name\":\"Schluss mit Spam \u2013 Fokus auf das Wesentliche - Patrick Koglin\",\"isPartOf\":{\"@id\":\"https:\/\/www.patrick-koglin.com\/#website\"},\"datePublished\":\"2026-04-24T20:27:20+00:00\",\"dateModified\":\"2026-04-24T20:27:48+00:00\",\"breadcrumb\":{\"@id\":\"https:\/\/www.patrick-koglin.com\/it-web-solutions\/spamschutz\/#breadcrumb\"},\"inLanguage\":\"en-US\",\"potentialAction\":[{\"@type\":\"ReadAction\",\"target\":[\"https:\/\/www.patrick-koglin.com\/it-web-solutions\/spamschutz\/\"]}]},{\"@type\":\"BreadcrumbList\",\"@id\":\"https:\/\/www.patrick-koglin.com\/it-web-solutions\/spamschutz\/#breadcrumb\",\"itemListElement\":[{\"@type\":\"ListItem\",\"position\":1,\"name\":\"Startseite\",\"item\":\"https:\/\/www.patrick-koglin.com\/\"},{\"@type\":\"ListItem\",\"position\":2,\"name\":\"IT &amp; Web Solutions\",\"item\":\"https:\/\/www.patrick-koglin.com\/it-web-solutions\/\"},{\"@type\":\"ListItem\",\"position\":3,\"name\":\"Schluss mit Spam \u2013 Fokus auf das Wesentliche\"}]},{\"@type\":\"WebSite\",\"@id\":\"https:\/\/www.patrick-koglin.com\/#website\",\"url\":\"https:\/\/www.patrick-koglin.com\/\",\"name\":\"PK Coaching - Patrick Koglin Unternehmensgruppe\",\"description\":\"PK Coaching, Business-Design &amp; Development\",\"publisher\":{\"@id\":\"https:\/\/www.patrick-koglin.com\/#organization\"},\"potentialAction\":[{\"@type\":\"SearchAction\",\"target\":{\"@type\":\"EntryPoint\",\"urlTemplate\":\"https:\/\/www.patrick-koglin.com\/?s={search_term_string}\"},\"query-input\":{\"@type\":\"PropertyValueSpecification\",\"valueRequired\":true,\"valueName\":\"search_term_string\"}}],\"inLanguage\":\"en-US\"},{\"@type\":\"Organization\",\"@id\":\"https:\/\/www.patrick-koglin.com\/#organization\",\"name\":\"Patrick Koglin | CEO von PK Coaching\",\"url\":\"https:\/\/www.patrick-koglin.com\/\",\"logo\":{\"@type\":\"ImageObject\",\"inLanguage\":\"en-US\",\"@id\":\"https:\/\/www.patrick-koglin.com\/#\/schema\/logo\/image\/\",\"url\":\"https:\/\/www.patrick-koglin.com\/wp-content\/uploads\/2025\/07\/cropped-PK16.png\",\"contentUrl\":\"https:\/\/www.patrick-koglin.com\/wp-content\/uploads\/2025\/07\/cropped-PK16.png\",\"width\":619,\"height\":287,\"caption\":\"Patrick Koglin | CEO von PK Coaching\"},\"image\":{\"@id\":\"https:\/\/www.patrick-koglin.com\/#\/schema\/logo\/image\/\"},\"sameAs\":[\"https:\/\/www.facebook.com\/profile.php?id=61566852463657\"]}]}<\/script>\n<!-- \/ Yoast SEO plugin. -->","yoast_head_json":{"title":"Schluss mit Spam \u2013 Fokus auf das Wesentliche - Patrick Koglin","robots":{"index":"index","follow":"follow","max-snippet":"max-snippet:-1","max-image-preview":"max-image-preview:large","max-video-preview":"max-video-preview:-1"},"canonical":"https:\/\/www.patrick-koglin.com\/en\/it-web-solutions\/spamschutz\/","og_locale":"en_US","og_type":"article","og_title":"Schluss mit Spam \u2013 Fokus auf das Wesentliche - Patrick Koglin","og_description":"Jede Minute, die Sie mit dem L\u00f6schen von Werbem\u00fcll, negativen Kommentaren, Fake-Anfragen \u00fcber E-Mail oder Kontaktformulare verbringen, ist verschwendete Arbeits- und Lebenszeit. Patrick Koglin IT- &amp; Webservice macht Ihr digitales Postfach und Ihre Webseite zur festen Bastion gegen unerw\u00fcnschte Eindringlinge. Sauber. Sicher. Stressfrei. Kein Voodoo, kein Papierkram \u2013 einfach eine saubere digitale Leitung. Jetzt anfragen.","og_url":"https:\/\/www.patrick-koglin.com\/en\/it-web-solutions\/spamschutz\/","og_site_name":"Patrick Koglin","article_publisher":"https:\/\/www.facebook.com\/profile.php?id=61566852463657","article_modified_time":"2026-04-24T20:27:48+00:00","twitter_card":"summary_large_image","twitter_misc":{"Est. reading time":"1 minute"},"schema":{"@context":"https:\/\/schema.org","@graph":[{"@type":"WebPage","@id":"https:\/\/www.patrick-koglin.com\/it-web-solutions\/spamschutz\/","url":"https:\/\/www.patrick-koglin.com\/it-web-solutions\/spamschutz\/","name":"Schluss mit Spam \u2013 Fokus auf das Wesentliche - Patrick Koglin","isPartOf":{"@id":"https:\/\/www.patrick-koglin.com\/#website"},"datePublished":"2026-04-24T20:27:20+00:00","dateModified":"2026-04-24T20:27:48+00:00","breadcrumb":{"@id":"https:\/\/www.patrick-koglin.com\/it-web-solutions\/spamschutz\/#breadcrumb"},"inLanguage":"en-US","potentialAction":[{"@type":"ReadAction","target":["https:\/\/www.patrick-koglin.com\/it-web-solutions\/spamschutz\/"]}]},{"@type":"BreadcrumbList","@id":"https:\/\/www.patrick-koglin.com\/it-web-solutions\/spamschutz\/#breadcrumb","itemListElement":[{"@type":"ListItem","position":1,"name":"Startseite","item":"https:\/\/www.patrick-koglin.com\/"},{"@type":"ListItem","position":2,"name":"IT &amp; Web Solutions","item":"https:\/\/www.patrick-koglin.com\/it-web-solutions\/"},{"@type":"ListItem","position":3,"name":"Schluss mit Spam \u2013 Fokus auf das Wesentliche"}]},{"@type":"WebSite","@id":"https:\/\/www.patrick-koglin.com\/#website","url":"https:\/\/www.patrick-koglin.com\/","name":"PK Coaching - Patrick Koglin Unternehmensgruppe","description":"PK Coaching, Business-Design &amp; Development","publisher":{"@id":"https:\/\/www.patrick-koglin.com\/#organization"},"potentialAction":[{"@type":"SearchAction","target":{"@type":"EntryPoint","urlTemplate":"https:\/\/www.patrick-koglin.com\/?s={search_term_string}"},"query-input":{"@type":"PropertyValueSpecification","valueRequired":true,"valueName":"search_term_string"}}],"inLanguage":"en-US"},{"@type":"Organization","@id":"https:\/\/www.patrick-koglin.com\/#organization","name":"Patrick Koglin | CEO von PK Coaching","url":"https:\/\/www.patrick-koglin.com\/","logo":{"@type":"ImageObject","inLanguage":"en-US","@id":"https:\/\/www.patrick-koglin.com\/#\/schema\/logo\/image\/","url":"https:\/\/www.patrick-koglin.com\/wp-content\/uploads\/2025\/07\/cropped-PK16.png","contentUrl":"https:\/\/www.patrick-koglin.com\/wp-content\/uploads\/2025\/07\/cropped-PK16.png","width":619,"height":287,"caption":"Patrick Koglin | CEO von PK Coaching"},"image":{"@id":"https:\/\/www.patrick-koglin.com\/#\/schema\/logo\/image\/"},"sameAs":["https:\/\/www.facebook.com\/profile.php?id=61566852463657"]}]}},"_links":{"self":[{"href":"https:\/\/www.patrick-koglin.com\/en\/wp-json\/wp\/v2\/pages\/14337","targetHints":{"allow":["GET"]}}],"collection":[{"href":"https:\/\/www.patrick-koglin.com\/en\/wp-json\/wp\/v2\/pages"}],"about":[{"href":"https:\/\/www.patrick-koglin.com\/en\/wp-json\/wp\/v2\/types\/page"}],"author":[{"embeddable":true,"href":"https:\/\/www.patrick-koglin.com\/en\/wp-json\/wp\/v2\/users\/1"}],"replies":[{"embeddable":true,"href":"https:\/\/www.patrick-koglin.com\/en\/wp-json\/wp\/v2\/comments?post=14337"}],"version-history":[{"count":1,"href":"https:\/\/www.patrick-koglin.com\/en\/wp-json\/wp\/v2\/pages\/14337\/revisions"}],"predecessor-version":[{"id":14338,"href":"https:\/\/www.patrick-koglin.com\/en\/wp-json\/wp\/v2\/pages\/14337\/revisions\/14338"}],"up":[{"embeddable":true,"href":"https:\/\/www.patrick-koglin.com\/en\/wp-json\/wp\/v2\/pages\/14194"}],"wp:attachment":[{"href":"https:\/\/www.patrick-koglin.com\/en\/wp-json\/wp\/v2\/media?parent=14337"}],"curies":[{"name":"wp","href":"https:\/\/api.w.org\/{rel}","templated":true}]}}