{"id":14341,"date":"2026-04-24T22:29:41","date_gmt":"2026-04-24T20:29:41","guid":{"rendered":"https:\/\/www.patrick-koglin.com\/?page_id=14341"},"modified":"2026-04-24T22:30:43","modified_gmt":"2026-04-24T20:30:43","slug":"betrugspraevention","status":"publish","type":"page","link":"https:\/\/www.patrick-koglin.com\/en\/it-web-solutions\/betrugspraevention\/","title":{"rendered":"Betrugspr\u00e4vention"},"content":{"rendered":"<h2 class=\"wp-block-heading\">Social Media ohne Abzocke: Wir sch\u00fctzen Ihre Pr\u00e4senz<\/h2>\n\n\n\n<p>Soziale Netzwerke sind heute das Hauptziel f\u00fcr Identit\u00e4tsdiebstahl, Fake-Accounts und raffinierte Betrugsmaschen. <strong>Patrick Koglin IT- &amp; Webservice<\/strong> hilft Ihnen dabei, auf LinkedIn, Instagram und Co. professionell aufzutreten, ohne zur Zielscheibe zu werden.<\/p>\n\n\n\n<h3 class=\"wp-block-heading\">Erkennen. Blockieren. Sicher sein.<\/h3>\n\n\n\n<ul class=\"wp-block-list\">\n<li><strong>Account-Sicherung:<\/strong> Wir setzen Ihre Profile auf &#8222;Fort Knox&#8220;. Von der Zwei-Faktor-Authentisierung bis hin zum Schutz vor \u00dcbernahmen durch Hacker.<\/li>\n\n\n\n<li><strong>Betrugspr\u00e4vention:<\/strong> Wir trainieren Ihren Blick f\u00fcr Fake-Profile, Phishing-Versuche und betr\u00fcgerische Kooperationsanfragen, die Ihr Business und Ihren Ruf sch\u00e4digen k\u00f6nnten.<\/li>\n\n\n\n<li><strong>Reputationsschutz:<\/strong> Wir zeigen Ihnen, wie Sie sich gegen Impersonation (Identit\u00e4tsklau) wehren und verhindern, dass Betr\u00fcger in Ihrem Namen Kunden abwerben.<\/li>\n\n\n\n<li><strong>Sichere Prozesse:<\/strong> Klare Richtlinien f\u00fcr Ihr Team, damit Social Media ein Werkzeug f\u00fcr Wachstum bleibt und nicht zum Einfallstor f\u00fcr Cyberkriminelle wird.<\/li>\n\n\n\n<li><strong>Fake-Accounts &amp; Scam-Betrug erkennen:<\/strong> Wir beraten und schulen Sie und Ihre Mitarbeiter wie Sie typische Betrugsmaschen im Interneten von ernsten Anfragen besser unterscheiden und sich &#8211; einschlie\u00dflich ihrer Familie sch\u00fctzen k\u00f6nnen<\/li>\n<\/ul>\n\n\n\n<p><strong>Schluss mit dem Risiko. Nutzen Sie Social Media mit dem sicheren Gef\u00fchl, die volle Kontrolle zu haben.<\/strong><\/p>\n\n\n\n<p><a href=\"https:\/\/www.patrick-koglin.com\/en\/termin\/\">Jetzt Beratungsgespr\u00e4ch vereinbaren<\/a> oder per <a href=\"mailto:mail@patrick-koglin.com\">E-Mail anfragen<\/a><\/p>","protected":false},"excerpt":{"rendered":"<p>Social Media ohne Abzocke: Wir sch\u00fctzen Ihre Pr\u00e4senz Soziale Netzwerke sind heute das Hauptziel f\u00fcr Identit\u00e4tsdiebstahl, Fake-Accounts und raffinierte Betrugsmaschen. Patrick Koglin IT- &amp; Webservice hilft Ihnen dabei, auf LinkedIn, Instagram und Co. professionell aufzutreten, ohne zur Zielscheibe zu werden. Erkennen. Blockieren. Sicher sein. Schluss mit dem Risiko. Nutzen Sie Social Media mit dem sicheren &#8230; <a title=\"Betrugspr\u00e4vention\" class=\"read-more\" href=\"https:\/\/www.patrick-koglin.com\/en\/it-web-solutions\/betrugspraevention\/\" aria-label=\"Read more about Betrugspr\u00e4vention\">Read more<\/a><\/p>","protected":false},"author":1,"featured_media":0,"parent":14194,"menu_order":0,"comment_status":"closed","ping_status":"closed","template":"","meta":{"footnotes":""},"class_list":["post-14341","page","type-page","status-publish"],"yoast_head":"<!-- This site is optimized with the Yoast SEO plugin v25.8 - https:\/\/yoast.com\/wordpress\/plugins\/seo\/ -->\n<title>Betrugspr\u00e4vention - Patrick Koglin<\/title>\n<meta name=\"robots\" content=\"index, follow, max-snippet:-1, max-image-preview:large, max-video-preview:-1\" \/>\n<link rel=\"canonical\" href=\"https:\/\/www.patrick-koglin.com\/en\/it-web-solutions\/betrugspraevention\/\" \/>\n<meta property=\"og:locale\" content=\"en_US\" \/>\n<meta property=\"og:type\" content=\"article\" \/>\n<meta property=\"og:title\" content=\"Betrugspr\u00e4vention - Patrick Koglin\" \/>\n<meta property=\"og:description\" content=\"Social Media ohne Abzocke: Wir sch\u00fctzen Ihre Pr\u00e4senz Soziale Netzwerke sind heute das Hauptziel f\u00fcr Identit\u00e4tsdiebstahl, Fake-Accounts und raffinierte Betrugsmaschen. Patrick Koglin IT- &amp; Webservice hilft Ihnen dabei, auf LinkedIn, Instagram und Co. professionell aufzutreten, ohne zur Zielscheibe zu werden. Erkennen. Blockieren. Sicher sein. Schluss mit dem Risiko. Nutzen Sie Social Media mit dem sicheren ... Read more\" \/>\n<meta property=\"og:url\" content=\"https:\/\/www.patrick-koglin.com\/en\/it-web-solutions\/betrugspraevention\/\" \/>\n<meta property=\"og:site_name\" content=\"Patrick Koglin\" \/>\n<meta property=\"article:publisher\" content=\"https:\/\/www.facebook.com\/profile.php?id=61566852463657\" \/>\n<meta property=\"article:modified_time\" content=\"2026-04-24T20:30:43+00:00\" \/>\n<meta name=\"twitter:card\" content=\"summary_large_image\" \/>\n<meta name=\"twitter:label1\" content=\"Est. reading time\" \/>\n\t<meta name=\"twitter:data1\" content=\"1 minute\" \/>\n<script type=\"application\/ld+json\" class=\"yoast-schema-graph\">{\"@context\":\"https:\/\/schema.org\",\"@graph\":[{\"@type\":\"WebPage\",\"@id\":\"https:\/\/www.patrick-koglin.com\/it-web-solutions\/betrugspraevention\/\",\"url\":\"https:\/\/www.patrick-koglin.com\/it-web-solutions\/betrugspraevention\/\",\"name\":\"Betrugspr\u00e4vention - Patrick Koglin\",\"isPartOf\":{\"@id\":\"https:\/\/www.patrick-koglin.com\/#website\"},\"datePublished\":\"2026-04-24T20:29:41+00:00\",\"dateModified\":\"2026-04-24T20:30:43+00:00\",\"breadcrumb\":{\"@id\":\"https:\/\/www.patrick-koglin.com\/it-web-solutions\/betrugspraevention\/#breadcrumb\"},\"inLanguage\":\"en-US\",\"potentialAction\":[{\"@type\":\"ReadAction\",\"target\":[\"https:\/\/www.patrick-koglin.com\/it-web-solutions\/betrugspraevention\/\"]}]},{\"@type\":\"BreadcrumbList\",\"@id\":\"https:\/\/www.patrick-koglin.com\/it-web-solutions\/betrugspraevention\/#breadcrumb\",\"itemListElement\":[{\"@type\":\"ListItem\",\"position\":1,\"name\":\"Startseite\",\"item\":\"https:\/\/www.patrick-koglin.com\/\"},{\"@type\":\"ListItem\",\"position\":2,\"name\":\"IT &amp; Web Solutions\",\"item\":\"https:\/\/www.patrick-koglin.com\/it-web-solutions\/\"},{\"@type\":\"ListItem\",\"position\":3,\"name\":\"Betrugspr\u00e4vention\"}]},{\"@type\":\"WebSite\",\"@id\":\"https:\/\/www.patrick-koglin.com\/#website\",\"url\":\"https:\/\/www.patrick-koglin.com\/\",\"name\":\"PK Coaching - Patrick Koglin Unternehmensgruppe\",\"description\":\"PK Coaching, Business-Design &amp; Development\",\"publisher\":{\"@id\":\"https:\/\/www.patrick-koglin.com\/#organization\"},\"potentialAction\":[{\"@type\":\"SearchAction\",\"target\":{\"@type\":\"EntryPoint\",\"urlTemplate\":\"https:\/\/www.patrick-koglin.com\/?s={search_term_string}\"},\"query-input\":{\"@type\":\"PropertyValueSpecification\",\"valueRequired\":true,\"valueName\":\"search_term_string\"}}],\"inLanguage\":\"en-US\"},{\"@type\":\"Organization\",\"@id\":\"https:\/\/www.patrick-koglin.com\/#organization\",\"name\":\"Patrick Koglin | CEO von PK Coaching\",\"url\":\"https:\/\/www.patrick-koglin.com\/\",\"logo\":{\"@type\":\"ImageObject\",\"inLanguage\":\"en-US\",\"@id\":\"https:\/\/www.patrick-koglin.com\/#\/schema\/logo\/image\/\",\"url\":\"https:\/\/www.patrick-koglin.com\/wp-content\/uploads\/2025\/07\/cropped-PK16.png\",\"contentUrl\":\"https:\/\/www.patrick-koglin.com\/wp-content\/uploads\/2025\/07\/cropped-PK16.png\",\"width\":619,\"height\":287,\"caption\":\"Patrick Koglin | CEO von PK Coaching\"},\"image\":{\"@id\":\"https:\/\/www.patrick-koglin.com\/#\/schema\/logo\/image\/\"},\"sameAs\":[\"https:\/\/www.facebook.com\/profile.php?id=61566852463657\"]}]}<\/script>\n<!-- \/ Yoast SEO plugin. -->","yoast_head_json":{"title":"Betrugspr\u00e4vention - Patrick Koglin","robots":{"index":"index","follow":"follow","max-snippet":"max-snippet:-1","max-image-preview":"max-image-preview:large","max-video-preview":"max-video-preview:-1"},"canonical":"https:\/\/www.patrick-koglin.com\/en\/it-web-solutions\/betrugspraevention\/","og_locale":"en_US","og_type":"article","og_title":"Betrugspr\u00e4vention - Patrick Koglin","og_description":"Social Media ohne Abzocke: Wir sch\u00fctzen Ihre Pr\u00e4senz Soziale Netzwerke sind heute das Hauptziel f\u00fcr Identit\u00e4tsdiebstahl, Fake-Accounts und raffinierte Betrugsmaschen. Patrick Koglin IT- &amp; Webservice hilft Ihnen dabei, auf LinkedIn, Instagram und Co. professionell aufzutreten, ohne zur Zielscheibe zu werden. Erkennen. Blockieren. Sicher sein. Schluss mit dem Risiko. Nutzen Sie Social Media mit dem sicheren ... Read more","og_url":"https:\/\/www.patrick-koglin.com\/en\/it-web-solutions\/betrugspraevention\/","og_site_name":"Patrick Koglin","article_publisher":"https:\/\/www.facebook.com\/profile.php?id=61566852463657","article_modified_time":"2026-04-24T20:30:43+00:00","twitter_card":"summary_large_image","twitter_misc":{"Est. reading time":"1 minute"},"schema":{"@context":"https:\/\/schema.org","@graph":[{"@type":"WebPage","@id":"https:\/\/www.patrick-koglin.com\/it-web-solutions\/betrugspraevention\/","url":"https:\/\/www.patrick-koglin.com\/it-web-solutions\/betrugspraevention\/","name":"Betrugspr\u00e4vention - Patrick Koglin","isPartOf":{"@id":"https:\/\/www.patrick-koglin.com\/#website"},"datePublished":"2026-04-24T20:29:41+00:00","dateModified":"2026-04-24T20:30:43+00:00","breadcrumb":{"@id":"https:\/\/www.patrick-koglin.com\/it-web-solutions\/betrugspraevention\/#breadcrumb"},"inLanguage":"en-US","potentialAction":[{"@type":"ReadAction","target":["https:\/\/www.patrick-koglin.com\/it-web-solutions\/betrugspraevention\/"]}]},{"@type":"BreadcrumbList","@id":"https:\/\/www.patrick-koglin.com\/it-web-solutions\/betrugspraevention\/#breadcrumb","itemListElement":[{"@type":"ListItem","position":1,"name":"Startseite","item":"https:\/\/www.patrick-koglin.com\/"},{"@type":"ListItem","position":2,"name":"IT &amp; Web Solutions","item":"https:\/\/www.patrick-koglin.com\/it-web-solutions\/"},{"@type":"ListItem","position":3,"name":"Betrugspr\u00e4vention"}]},{"@type":"WebSite","@id":"https:\/\/www.patrick-koglin.com\/#website","url":"https:\/\/www.patrick-koglin.com\/","name":"PK Coaching - Patrick Koglin Unternehmensgruppe","description":"PK Coaching, Business-Design &amp; Development","publisher":{"@id":"https:\/\/www.patrick-koglin.com\/#organization"},"potentialAction":[{"@type":"SearchAction","target":{"@type":"EntryPoint","urlTemplate":"https:\/\/www.patrick-koglin.com\/?s={search_term_string}"},"query-input":{"@type":"PropertyValueSpecification","valueRequired":true,"valueName":"search_term_string"}}],"inLanguage":"en-US"},{"@type":"Organization","@id":"https:\/\/www.patrick-koglin.com\/#organization","name":"Patrick Koglin | CEO von PK Coaching","url":"https:\/\/www.patrick-koglin.com\/","logo":{"@type":"ImageObject","inLanguage":"en-US","@id":"https:\/\/www.patrick-koglin.com\/#\/schema\/logo\/image\/","url":"https:\/\/www.patrick-koglin.com\/wp-content\/uploads\/2025\/07\/cropped-PK16.png","contentUrl":"https:\/\/www.patrick-koglin.com\/wp-content\/uploads\/2025\/07\/cropped-PK16.png","width":619,"height":287,"caption":"Patrick Koglin | CEO von PK Coaching"},"image":{"@id":"https:\/\/www.patrick-koglin.com\/#\/schema\/logo\/image\/"},"sameAs":["https:\/\/www.facebook.com\/profile.php?id=61566852463657"]}]}},"_links":{"self":[{"href":"https:\/\/www.patrick-koglin.com\/en\/wp-json\/wp\/v2\/pages\/14341","targetHints":{"allow":["GET"]}}],"collection":[{"href":"https:\/\/www.patrick-koglin.com\/en\/wp-json\/wp\/v2\/pages"}],"about":[{"href":"https:\/\/www.patrick-koglin.com\/en\/wp-json\/wp\/v2\/types\/page"}],"author":[{"embeddable":true,"href":"https:\/\/www.patrick-koglin.com\/en\/wp-json\/wp\/v2\/users\/1"}],"replies":[{"embeddable":true,"href":"https:\/\/www.patrick-koglin.com\/en\/wp-json\/wp\/v2\/comments?post=14341"}],"version-history":[{"count":2,"href":"https:\/\/www.patrick-koglin.com\/en\/wp-json\/wp\/v2\/pages\/14341\/revisions"}],"predecessor-version":[{"id":14344,"href":"https:\/\/www.patrick-koglin.com\/en\/wp-json\/wp\/v2\/pages\/14341\/revisions\/14344"}],"up":[{"embeddable":true,"href":"https:\/\/www.patrick-koglin.com\/en\/wp-json\/wp\/v2\/pages\/14194"}],"wp:attachment":[{"href":"https:\/\/www.patrick-koglin.com\/en\/wp-json\/wp\/v2\/media?parent=14341"}],"curies":[{"name":"wp","href":"https:\/\/api.w.org\/{rel}","templated":true}]}}