{"id":15129,"date":"2026-05-08T01:57:50","date_gmt":"2026-05-07T23:57:50","guid":{"rendered":"https:\/\/www.patrick-koglin.com\/?page_id=15129"},"modified":"2026-05-08T02:09:42","modified_gmt":"2026-05-08T00:09:42","slug":"nur-noch-echte-ergebnisse","status":"publish","type":"page","link":"https:\/\/www.patrick-koglin.com\/en\/musik\/pk-music-productions\/song\/nur-noch-echte-ergebnisse\/","title":{"rendered":"Nur noch echte Ergebnisse"},"content":{"rendered":"\n<figure class=\"wp-block-image size-full is-resized\"><img fetchpriority=\"high\" decoding=\"async\" width=\"1024\" height=\"1024\" src=\"https:\/\/www.patrick-koglin.com\/wp-content\/uploads\/2026\/05\/image-24.png\" alt=\"\" class=\"wp-image-15130\" style=\"width:368px;height:auto\" srcset=\"https:\/\/www.patrick-koglin.com\/wp-content\/uploads\/2026\/05\/image-24.png 1024w, https:\/\/www.patrick-koglin.com\/wp-content\/uploads\/2026\/05\/image-24-300x300.png 300w, https:\/\/www.patrick-koglin.com\/wp-content\/uploads\/2026\/05\/image-24-150x150.png 150w, https:\/\/www.patrick-koglin.com\/wp-content\/uploads\/2026\/05\/image-24-768x768.png 768w, https:\/\/www.patrick-koglin.com\/wp-content\/uploads\/2026\/05\/image-24-12x12.png 12w\" sizes=\"(max-width: 1024px) 100vw, 1024px\" \/><\/figure>\n\n\n\n<p><\/p>\n\n\n\n<p><strong>Album:<\/strong> <a href=\"https:\/\/www.patrick-koglin.com\/musik\/pk-music-productions\/alben\/make-change-work\/\">Make. Change. Work.<\/a><br><strong>Label:<\/strong> <a href=\"https:\/\/www.patrick-koglin.com\/musik\/pk-music-productions\/\">PK Music Productions<\/a><\/p>\n\n\n\n<hr class=\"wp-block-separator has-alpha-channel-opacity\"\/>\n\n\n\n<p>[Verse 1]<br>Ich komm&#8216; mit Plan statt mit Gerede<br>Augen geradeaus, ich will was sehen<br>Schwei\u00df auf dem Shirt, doch ich bleib&#8216; stehen<br>Jeder Schritt z\u00e4hlt, ich geh&#8216; nicht leer<br>Fr\u00fch auf den Beinen, sp\u00e4t noch am Zieh&#8217;n<br>Kein Ausflug ins Nichts, ich will liefern<br>H\u00e4nde dran, wenn die anderen flieh&#8217;n<br>Ich bau&#8216; mir Druck in produktive Energie<\/p>\n\n\n\n<p>[Pre-Chorus]<br>Alles scharf, alles klar<br>Kein Zufall, nur noch Arbeit da<br>Kopf fokussiert, Blick wird hart<br>Jetzt wird aus Wille endlich Tat<\/p>\n\n\n\n<p>[Chorus]<br>Nur noch echte Ergebnisse<br>Nur noch echte Ergebnisse<br>Einsatz macht mich gr\u00f6\u00dfer<br>Leistung zieht mich weiter<br>Nur noch echte Ergebnisse<br>Nur noch echte Ergebnisse<br>Gute Energie im Kreislauf<br>Neue Motivation, die bleibt<\/p>\n\n\n\n<p>[Verse 2]<br>Kein leerer Talk, ich brauch&#8216; Beweise<br>Jede Runde z\u00e4hlt, jede Stunde bleibt<br>M\u00fcde vielleicht, doch nie unentschlossen<br>Ich geh&#8216; durch das Feuer, nicht drum herum<br>Disziplin in den H\u00e4nden, Puls auf Alarm<br>Ich halt&#8216; mein Wort, wenn ich&#8217;s einmal sag&#8216;<br>Kein Platz f\u00fcr Ausreden, kein Platz f\u00fcr Stillstand<br>Ich hol&#8216; mir den Morgen mit hartem Angriff<\/p>\n\n\n\n<p>[Pre-Chorus]<br>Alles scharf, alles klar<br>Kein Zufall, nur noch Arbeit da<br>Kopf fokussiert, Blick wird hart<br>Jetzt wird aus Wille endlich Tat<\/p>\n\n\n\n<p>[Chorus]<br>Nur noch echte Ergebnisse<br>Nur noch echte Ergebnisse<br>Einsatz macht mich gr\u00f6\u00dfer<br>Leistung zieht mich weiter<br>Nur noch echte Ergebnisse<br>Nur noch echte Ergebnisse<br>Gute Energie im Kreislauf<br>Neue Motivation, die bleibt<\/p>\n\n\n\n<p>[Bridge]<br>Wenn der Druck steigt, bleib&#8216; ich ruhig<br>Wenn&#8217;s brennt, werd&#8216; ich pr\u00e4zise<br>Nicht nur reden, ich bewege<br>Was gestern schwer war, wird jetzt easy<\/p>\n\n\n\n<p>[Chorus]<br>Nur noch echte Ergebnisse<br>Nur noch echte Ergebnisse<br>Einsatz macht mich gr\u00f6\u00dfer<br>Leistung zieht mich weiter<br>Nur noch echte Ergebnisse<br>Nur noch echte Ergebnisse<br>Gute Energie im Kreislauf<br>Neue Motivation, die bleibt<\/p>\n","protected":false},"excerpt":{"rendered":"<p>Album: Make. Change. Work.Label: PK Music Productions [Verse 1]Ich komm&#8216; mit Plan statt mit GeredeAugen geradeaus, ich will was sehenSchwei\u00df auf dem Shirt, doch ich bleib&#8216; stehenJeder Schritt z\u00e4hlt, ich geh&#8216; nicht leerFr\u00fch auf den Beinen, sp\u00e4t noch am Zieh&#8217;nKein Ausflug ins Nichts, ich will liefernH\u00e4nde dran, wenn die anderen flieh&#8217;nIch bau&#8216; mir Druck in &#8230; <a title=\"Nur noch echte Ergebnisse\" class=\"read-more\" href=\"https:\/\/www.patrick-koglin.com\/en\/musik\/pk-music-productions\/song\/nur-noch-echte-ergebnisse\/\" aria-label=\"Read more about Nur noch echte Ergebnisse\">Read more<\/a><\/p>\n","protected":false},"author":1,"featured_media":0,"parent":15137,"menu_order":0,"comment_status":"closed","ping_status":"closed","template":"","meta":{"footnotes":""},"class_list":["post-15129","page","type-page","status-publish"],"yoast_head":"<!-- This site is optimized with the Yoast SEO plugin v25.8 - https:\/\/yoast.com\/wordpress\/plugins\/seo\/ -->\n<title>Nur noch echte Ergebnisse - Patrick Koglin<\/title>\n<meta name=\"robots\" content=\"index, follow, max-snippet:-1, max-image-preview:large, max-video-preview:-1\" \/>\n<link rel=\"canonical\" href=\"https:\/\/www.patrick-koglin.com\/en\/musik\/pk-music-productions\/song\/nur-noch-echte-ergebnisse\/\" \/>\n<meta property=\"og:locale\" content=\"en_US\" \/>\n<meta property=\"og:type\" content=\"article\" \/>\n<meta property=\"og:title\" content=\"Nur noch echte Ergebnisse - Patrick Koglin\" \/>\n<meta property=\"og:description\" content=\"Album: Make. Change. Work.Label: PK Music Productions [Verse 1]Ich komm&#8216; mit Plan statt mit GeredeAugen geradeaus, ich will was sehenSchwei\u00df auf dem Shirt, doch ich bleib&#8216; stehenJeder Schritt z\u00e4hlt, ich geh&#8216; nicht leerFr\u00fch auf den Beinen, sp\u00e4t noch am Zieh&#8217;nKein Ausflug ins Nichts, ich will liefernH\u00e4nde dran, wenn die anderen flieh&#8217;nIch bau&#8216; mir Druck in ... Read more\" \/>\n<meta property=\"og:url\" content=\"https:\/\/www.patrick-koglin.com\/en\/musik\/pk-music-productions\/song\/nur-noch-echte-ergebnisse\/\" \/>\n<meta property=\"og:site_name\" content=\"Patrick Koglin\" \/>\n<meta property=\"article:publisher\" content=\"https:\/\/www.facebook.com\/profile.php?id=61566852463657\" \/>\n<meta property=\"article:modified_time\" content=\"2026-05-08T00:09:42+00:00\" \/>\n<meta property=\"og:image\" content=\"https:\/\/www.patrick-koglin.com\/wp-content\/uploads\/2026\/05\/image-24.png\" \/>\n\t<meta property=\"og:image:width\" content=\"1024\" \/>\n\t<meta property=\"og:image:height\" content=\"1024\" \/>\n\t<meta property=\"og:image:type\" content=\"image\/png\" \/>\n<meta name=\"twitter:card\" content=\"summary_large_image\" \/>\n<meta name=\"twitter:label1\" content=\"Est. reading time\" \/>\n\t<meta name=\"twitter:data1\" content=\"2 minutes\" \/>\n<script type=\"application\/ld+json\" class=\"yoast-schema-graph\">{\"@context\":\"https:\/\/schema.org\",\"@graph\":[{\"@type\":\"WebPage\",\"@id\":\"https:\/\/www.patrick-koglin.com\/musik\/pk-music-productions\/song\/nur-noch-echte-ergebnisse\/\",\"url\":\"https:\/\/www.patrick-koglin.com\/musik\/pk-music-productions\/song\/nur-noch-echte-ergebnisse\/\",\"name\":\"Nur noch echte Ergebnisse - Patrick Koglin\",\"isPartOf\":{\"@id\":\"https:\/\/www.patrick-koglin.com\/#website\"},\"primaryImageOfPage\":{\"@id\":\"https:\/\/www.patrick-koglin.com\/musik\/pk-music-productions\/song\/nur-noch-echte-ergebnisse\/#primaryimage\"},\"image\":{\"@id\":\"https:\/\/www.patrick-koglin.com\/musik\/pk-music-productions\/song\/nur-noch-echte-ergebnisse\/#primaryimage\"},\"thumbnailUrl\":\"https:\/\/www.patrick-koglin.com\/wp-content\/uploads\/2026\/05\/image-24.png\",\"datePublished\":\"2026-05-07T23:57:50+00:00\",\"dateModified\":\"2026-05-08T00:09:42+00:00\",\"breadcrumb\":{\"@id\":\"https:\/\/www.patrick-koglin.com\/musik\/pk-music-productions\/song\/nur-noch-echte-ergebnisse\/#breadcrumb\"},\"inLanguage\":\"en-US\",\"potentialAction\":[{\"@type\":\"ReadAction\",\"target\":[\"https:\/\/www.patrick-koglin.com\/musik\/pk-music-productions\/song\/nur-noch-echte-ergebnisse\/\"]}]},{\"@type\":\"ImageObject\",\"inLanguage\":\"en-US\",\"@id\":\"https:\/\/www.patrick-koglin.com\/musik\/pk-music-productions\/song\/nur-noch-echte-ergebnisse\/#primaryimage\",\"url\":\"https:\/\/www.patrick-koglin.com\/wp-content\/uploads\/2026\/05\/image-24.png\",\"contentUrl\":\"https:\/\/www.patrick-koglin.com\/wp-content\/uploads\/2026\/05\/image-24.png\"},{\"@type\":\"BreadcrumbList\",\"@id\":\"https:\/\/www.patrick-koglin.com\/musik\/pk-music-productions\/song\/nur-noch-echte-ergebnisse\/#breadcrumb\",\"itemListElement\":[{\"@type\":\"ListItem\",\"position\":1,\"name\":\"Startseite\",\"item\":\"https:\/\/www.patrick-koglin.com\/\"},{\"@type\":\"ListItem\",\"position\":2,\"name\":\"Musik\",\"item\":\"https:\/\/www.patrick-koglin.com\/musik\/\"},{\"@type\":\"ListItem\",\"position\":3,\"name\":\"PK Music Productions\",\"item\":\"https:\/\/www.patrick-koglin.com\/musik\/pk-music-productions\/\"},{\"@type\":\"ListItem\",\"position\":4,\"name\":\"Song (PKM)\",\"item\":\"https:\/\/www.patrick-koglin.com\/musik\/pk-music-productions\/song\/\"},{\"@type\":\"ListItem\",\"position\":5,\"name\":\"Nur noch echte Ergebnisse\"}]},{\"@type\":\"WebSite\",\"@id\":\"https:\/\/www.patrick-koglin.com\/#website\",\"url\":\"https:\/\/www.patrick-koglin.com\/\",\"name\":\"PK Coaching - Patrick Koglin Unternehmensgruppe\",\"description\":\"PK Coaching, Business-Design &amp; Development\",\"publisher\":{\"@id\":\"https:\/\/www.patrick-koglin.com\/#organization\"},\"potentialAction\":[{\"@type\":\"SearchAction\",\"target\":{\"@type\":\"EntryPoint\",\"urlTemplate\":\"https:\/\/www.patrick-koglin.com\/?s={search_term_string}\"},\"query-input\":{\"@type\":\"PropertyValueSpecification\",\"valueRequired\":true,\"valueName\":\"search_term_string\"}}],\"inLanguage\":\"en-US\"},{\"@type\":\"Organization\",\"@id\":\"https:\/\/www.patrick-koglin.com\/#organization\",\"name\":\"Patrick Koglin | CEO von PK Coaching\",\"url\":\"https:\/\/www.patrick-koglin.com\/\",\"logo\":{\"@type\":\"ImageObject\",\"inLanguage\":\"en-US\",\"@id\":\"https:\/\/www.patrick-koglin.com\/#\/schema\/logo\/image\/\",\"url\":\"https:\/\/www.patrick-koglin.com\/wp-content\/uploads\/2025\/07\/cropped-PK16.png\",\"contentUrl\":\"https:\/\/www.patrick-koglin.com\/wp-content\/uploads\/2025\/07\/cropped-PK16.png\",\"width\":619,\"height\":287,\"caption\":\"Patrick Koglin | CEO von PK Coaching\"},\"image\":{\"@id\":\"https:\/\/www.patrick-koglin.com\/#\/schema\/logo\/image\/\"},\"sameAs\":[\"https:\/\/www.facebook.com\/profile.php?id=61566852463657\"]}]}<\/script>\n<!-- \/ Yoast SEO plugin. -->","yoast_head_json":{"title":"Nur noch echte Ergebnisse - Patrick Koglin","robots":{"index":"index","follow":"follow","max-snippet":"max-snippet:-1","max-image-preview":"max-image-preview:large","max-video-preview":"max-video-preview:-1"},"canonical":"https:\/\/www.patrick-koglin.com\/en\/musik\/pk-music-productions\/song\/nur-noch-echte-ergebnisse\/","og_locale":"en_US","og_type":"article","og_title":"Nur noch echte Ergebnisse - Patrick Koglin","og_description":"Album: Make. Change. Work.Label: PK Music Productions [Verse 1]Ich komm&#8216; mit Plan statt mit GeredeAugen geradeaus, ich will was sehenSchwei\u00df auf dem Shirt, doch ich bleib&#8216; stehenJeder Schritt z\u00e4hlt, ich geh&#8216; nicht leerFr\u00fch auf den Beinen, sp\u00e4t noch am Zieh&#8217;nKein Ausflug ins Nichts, ich will liefernH\u00e4nde dran, wenn die anderen flieh&#8217;nIch bau&#8216; mir Druck in ... Read more","og_url":"https:\/\/www.patrick-koglin.com\/en\/musik\/pk-music-productions\/song\/nur-noch-echte-ergebnisse\/","og_site_name":"Patrick Koglin","article_publisher":"https:\/\/www.facebook.com\/profile.php?id=61566852463657","article_modified_time":"2026-05-08T00:09:42+00:00","og_image":[{"width":1024,"height":1024,"url":"https:\/\/www.patrick-koglin.com\/wp-content\/uploads\/2026\/05\/image-24.png","type":"image\/png"}],"twitter_card":"summary_large_image","twitter_misc":{"Est. reading time":"2 minutes"},"schema":{"@context":"https:\/\/schema.org","@graph":[{"@type":"WebPage","@id":"https:\/\/www.patrick-koglin.com\/musik\/pk-music-productions\/song\/nur-noch-echte-ergebnisse\/","url":"https:\/\/www.patrick-koglin.com\/musik\/pk-music-productions\/song\/nur-noch-echte-ergebnisse\/","name":"Nur noch echte Ergebnisse - Patrick Koglin","isPartOf":{"@id":"https:\/\/www.patrick-koglin.com\/#website"},"primaryImageOfPage":{"@id":"https:\/\/www.patrick-koglin.com\/musik\/pk-music-productions\/song\/nur-noch-echte-ergebnisse\/#primaryimage"},"image":{"@id":"https:\/\/www.patrick-koglin.com\/musik\/pk-music-productions\/song\/nur-noch-echte-ergebnisse\/#primaryimage"},"thumbnailUrl":"https:\/\/www.patrick-koglin.com\/wp-content\/uploads\/2026\/05\/image-24.png","datePublished":"2026-05-07T23:57:50+00:00","dateModified":"2026-05-08T00:09:42+00:00","breadcrumb":{"@id":"https:\/\/www.patrick-koglin.com\/musik\/pk-music-productions\/song\/nur-noch-echte-ergebnisse\/#breadcrumb"},"inLanguage":"en-US","potentialAction":[{"@type":"ReadAction","target":["https:\/\/www.patrick-koglin.com\/musik\/pk-music-productions\/song\/nur-noch-echte-ergebnisse\/"]}]},{"@type":"ImageObject","inLanguage":"en-US","@id":"https:\/\/www.patrick-koglin.com\/musik\/pk-music-productions\/song\/nur-noch-echte-ergebnisse\/#primaryimage","url":"https:\/\/www.patrick-koglin.com\/wp-content\/uploads\/2026\/05\/image-24.png","contentUrl":"https:\/\/www.patrick-koglin.com\/wp-content\/uploads\/2026\/05\/image-24.png"},{"@type":"BreadcrumbList","@id":"https:\/\/www.patrick-koglin.com\/musik\/pk-music-productions\/song\/nur-noch-echte-ergebnisse\/#breadcrumb","itemListElement":[{"@type":"ListItem","position":1,"name":"Startseite","item":"https:\/\/www.patrick-koglin.com\/"},{"@type":"ListItem","position":2,"name":"Musik","item":"https:\/\/www.patrick-koglin.com\/musik\/"},{"@type":"ListItem","position":3,"name":"PK Music Productions","item":"https:\/\/www.patrick-koglin.com\/musik\/pk-music-productions\/"},{"@type":"ListItem","position":4,"name":"Song (PKM)","item":"https:\/\/www.patrick-koglin.com\/musik\/pk-music-productions\/song\/"},{"@type":"ListItem","position":5,"name":"Nur noch echte Ergebnisse"}]},{"@type":"WebSite","@id":"https:\/\/www.patrick-koglin.com\/#website","url":"https:\/\/www.patrick-koglin.com\/","name":"PK Coaching - Patrick Koglin Unternehmensgruppe","description":"PK Coaching, Business-Design &amp; Development","publisher":{"@id":"https:\/\/www.patrick-koglin.com\/#organization"},"potentialAction":[{"@type":"SearchAction","target":{"@type":"EntryPoint","urlTemplate":"https:\/\/www.patrick-koglin.com\/?s={search_term_string}"},"query-input":{"@type":"PropertyValueSpecification","valueRequired":true,"valueName":"search_term_string"}}],"inLanguage":"en-US"},{"@type":"Organization","@id":"https:\/\/www.patrick-koglin.com\/#organization","name":"Patrick Koglin | CEO von PK Coaching","url":"https:\/\/www.patrick-koglin.com\/","logo":{"@type":"ImageObject","inLanguage":"en-US","@id":"https:\/\/www.patrick-koglin.com\/#\/schema\/logo\/image\/","url":"https:\/\/www.patrick-koglin.com\/wp-content\/uploads\/2025\/07\/cropped-PK16.png","contentUrl":"https:\/\/www.patrick-koglin.com\/wp-content\/uploads\/2025\/07\/cropped-PK16.png","width":619,"height":287,"caption":"Patrick Koglin | CEO von PK Coaching"},"image":{"@id":"https:\/\/www.patrick-koglin.com\/#\/schema\/logo\/image\/"},"sameAs":["https:\/\/www.facebook.com\/profile.php?id=61566852463657"]}]}},"_links":{"self":[{"href":"https:\/\/www.patrick-koglin.com\/en\/wp-json\/wp\/v2\/pages\/15129","targetHints":{"allow":["GET"]}}],"collection":[{"href":"https:\/\/www.patrick-koglin.com\/en\/wp-json\/wp\/v2\/pages"}],"about":[{"href":"https:\/\/www.patrick-koglin.com\/en\/wp-json\/wp\/v2\/types\/page"}],"author":[{"embeddable":true,"href":"https:\/\/www.patrick-koglin.com\/en\/wp-json\/wp\/v2\/users\/1"}],"replies":[{"embeddable":true,"href":"https:\/\/www.patrick-koglin.com\/en\/wp-json\/wp\/v2\/comments?post=15129"}],"version-history":[{"count":2,"href":"https:\/\/www.patrick-koglin.com\/en\/wp-json\/wp\/v2\/pages\/15129\/revisions"}],"predecessor-version":[{"id":15141,"href":"https:\/\/www.patrick-koglin.com\/en\/wp-json\/wp\/v2\/pages\/15129\/revisions\/15141"}],"up":[{"embeddable":true,"href":"https:\/\/www.patrick-koglin.com\/en\/wp-json\/wp\/v2\/pages\/15137"}],"wp:attachment":[{"href":"https:\/\/www.patrick-koglin.com\/en\/wp-json\/wp\/v2\/media?parent=15129"}],"curies":[{"name":"wp","href":"https:\/\/api.w.org\/{rel}","templated":true}]}}