{"id":15146,"date":"2026-05-08T02:16:14","date_gmt":"2026-05-08T00:16:14","guid":{"rendered":"https:\/\/www.patrick-koglin.com\/?page_id=15146"},"modified":"2026-05-08T02:16:15","modified_gmt":"2026-05-08T00:16:15","slug":"wandel-moeglich-machen","status":"publish","type":"page","link":"https:\/\/www.patrick-koglin.com\/en\/musik\/projekt__trashed\/pkr-rap-music__trashed\/song\/wandel-moeglich-machen\/","title":{"rendered":"Wandel m\u00f6glich machen"},"content":{"rendered":"\n<figure class=\"wp-block-image size-full is-resized\"><img fetchpriority=\"high\" decoding=\"async\" width=\"1024\" height=\"1024\" src=\"https:\/\/www.patrick-koglin.com\/wp-content\/uploads\/2026\/05\/image-26.png\" alt=\"\" class=\"wp-image-15148\" style=\"width:340px;height:auto\" srcset=\"https:\/\/www.patrick-koglin.com\/wp-content\/uploads\/2026\/05\/image-26.png 1024w, https:\/\/www.patrick-koglin.com\/wp-content\/uploads\/2026\/05\/image-26-300x300.png 300w, https:\/\/www.patrick-koglin.com\/wp-content\/uploads\/2026\/05\/image-26-150x150.png 150w, https:\/\/www.patrick-koglin.com\/wp-content\/uploads\/2026\/05\/image-26-768x768.png 768w, https:\/\/www.patrick-koglin.com\/wp-content\/uploads\/2026\/05\/image-26-12x12.png 12w\" sizes=\"(max-width: 1024px) 100vw, 1024px\" \/><\/figure>\n\n\n\n<p><\/p>\n\n\n\n<p><strong>Album:<\/strong> <a href=\"https:\/\/www.patrick-koglin.com\/musik\/pk-music-productions\/alben\/make-change-work\/\">Make. Change. Work.<\/a><br><strong>Label:<\/strong> <a href=\"https:\/\/www.patrick-koglin.com\/musik\/pk-music-productions\/\">PK Music Productions<\/a><\/p>\n\n\n\n<hr class=\"wp-block-separator has-alpha-channel-opacity\"\/>\n\n\n\n<p>[Verse 1]<br>Ich seh&#8216; die Risse im Plan,<br>doch ich lauf&#8216; durch das Grau.<br>Jeder Schritt gegen die Wand<br>macht den n\u00e4chsten erst schlau.<\/p>\n\n\n\n<p>Nicht warten, bis sich was dreht,<br>ich dreh&#8216; selber am Rad.<br>Aus dem Druck in der Brust<br>mach ich Kraft f\u00fcr den Tag.<\/p>\n\n\n\n<p>Neue Wege sind eng,<br>bis du ihnen vertraust.<br>Ich bau&#8216; Br\u00fccken aus Resten,<br>wenn du alles versaust.<\/p>\n\n\n\n<p>Und wenn die Zweifel laut sind,<br>bleib ich trotzdem dran.<br>Denn Bewegung beginnt<br>genau da, wo man kann.<\/p>\n\n\n\n<p>[Pre-Chorus]<br>Komm, wir nehmen den Stein<br>und machen was draus.<br>Aus dem Nein wird ein Morgen,<br>aus dem Stillstand ein Lauf.<\/p>\n\n\n\n<p>[Chorus]<br>Wandel m\u00f6glich machen<br>Wandel m\u00f6glich machen<br>Nicht reden, machen<br>Wandel m\u00f6glich machen<\/p>\n\n\n\n<p>Wandel m\u00f6glich machen<br>Wandel m\u00f6glich machen<br>Aus Scherben ein Morgen<br>Wandel m\u00f6glich machen<\/p>\n\n\n\n<p>[Verse 2]<br>Zu viele sagen: &#8222;Geht nicht&#8220;,<br>doch ich kenn&#8216; den Trick.<br>Erst die H\u00e4nde schmutzig,<br>dann kommt der echte Blick.<\/p>\n\n\n\n<p>Jeder Fehler ein Marker,<br>jeder R\u00fcckschlag ein Ort.<br>Ich sammel&#8216; die Teile<br>und geh&#8216; wieder nach vorn.<\/p>\n\n\n\n<p>Wenn die T\u00fcr noch klemmt,<br>dann tret&#8216; ich nicht blind.<br>Ich such&#8216; nach dem Hebel,<br>bis die M\u00f6glichkeiten sind.<\/p>\n\n\n\n<p>Und ich nehm&#8216; nicht nur Ma\u00df<br>an dem, was mal war.<br>Ich bau&#8216; mir ein Morgen<br>mitten im Gestern klar.<\/p>\n\n\n\n<p>[Pre-Chorus]<br>Komm, wir nehmen den Stein<br>und machen was draus.<br>Aus dem Nein wird ein Morgen,<br>aus dem Stillstand ein Lauf.<\/p>\n\n\n\n<p>[Chorus]<br>Wandel m\u00f6glich machen<br>Wandel m\u00f6glich machen<br>Nicht reden, machen<br>Wandel m\u00f6glich machen<\/p>\n\n\n\n<p>Wandel m\u00f6glich machen<br>Wandel m\u00f6glich machen<br>Aus Scherben ein Morgen<br>Wandel m\u00f6glich machen<\/p>\n\n\n\n<p>[Bridge]<br>Wenn der Wind sich dreht,<br>halt ich das Segel fest.<br>Kein Planet bleibt stehen,<br>wenn du Hoffnung nicht l\u00e4sst.<\/p>\n\n\n\n<p>Ein neuer Takt,<br>ein neuer Schritt,<br>ein neues Jetzt,<br>und ich geh&#8216; da mit.<\/p>\n\n\n\n<p>[Chorus]<br>Wandel m\u00f6glich machen<br>Wandel m\u00f6glich machen<br>Nicht reden, machen<br>Wandel m\u00f6glich machen<\/p>\n\n\n\n<p>Wandel m\u00f6glich machen<br>Wandel m\u00f6glich machen<br>Aus Scherben ein Morgen<br>Wandel m\u00f6glich machen<\/p>\n","protected":false},"excerpt":{"rendered":"<p>Album: Make. Change. Work.Label: PK Music Productions [Verse 1]Ich seh&#8216; die Risse im Plan,doch ich lauf&#8216; durch das Grau.Jeder Schritt gegen die Wandmacht den n\u00e4chsten erst schlau. Nicht warten, bis sich was dreht,ich dreh&#8216; selber am Rad.Aus dem Druck in der Brustmach ich Kraft f\u00fcr den Tag. Neue Wege sind eng,bis du ihnen vertraust.Ich bau&#8216; &#8230; <a title=\"Wandel m\u00f6glich machen\" class=\"read-more\" href=\"https:\/\/www.patrick-koglin.com\/en\/musik\/projekt__trashed\/pkr-rap-music__trashed\/song\/wandel-moeglich-machen\/\" aria-label=\"Read more about Wandel m\u00f6glich machen\">Read more<\/a><\/p>\n","protected":false},"author":1,"featured_media":0,"parent":13563,"menu_order":0,"comment_status":"closed","ping_status":"closed","template":"","meta":{"footnotes":""},"class_list":["post-15146","page","type-page","status-publish"],"yoast_head":"<!-- This site is optimized with the Yoast SEO plugin v25.8 - https:\/\/yoast.com\/wordpress\/plugins\/seo\/ -->\n<title>Wandel m\u00f6glich machen - Patrick Koglin<\/title>\n<meta name=\"robots\" content=\"index, follow, max-snippet:-1, max-image-preview:large, max-video-preview:-1\" \/>\n<link rel=\"canonical\" href=\"https:\/\/www.patrick-koglin.com\/en\/musik\/projekt__trashed\/pkr-rap-music__trashed\/song\/wandel-moeglich-machen\/\" \/>\n<meta property=\"og:locale\" content=\"en_US\" \/>\n<meta property=\"og:type\" content=\"article\" \/>\n<meta property=\"og:title\" content=\"Wandel m\u00f6glich machen - Patrick Koglin\" \/>\n<meta property=\"og:description\" content=\"Album: Make. Change. Work.Label: PK Music Productions [Verse 1]Ich seh&#8216; die Risse im Plan,doch ich lauf&#8216; durch das Grau.Jeder Schritt gegen die Wandmacht den n\u00e4chsten erst schlau. Nicht warten, bis sich was dreht,ich dreh&#8216; selber am Rad.Aus dem Druck in der Brustmach ich Kraft f\u00fcr den Tag. Neue Wege sind eng,bis du ihnen vertraust.Ich bau&#8216; ... Read more\" \/>\n<meta property=\"og:url\" content=\"https:\/\/www.patrick-koglin.com\/en\/musik\/projekt__trashed\/pkr-rap-music__trashed\/song\/wandel-moeglich-machen\/\" \/>\n<meta property=\"og:site_name\" content=\"Patrick Koglin\" \/>\n<meta property=\"article:publisher\" content=\"https:\/\/www.facebook.com\/profile.php?id=61566852463657\" \/>\n<meta property=\"article:modified_time\" content=\"2026-05-08T00:16:15+00:00\" \/>\n<meta property=\"og:image\" content=\"https:\/\/www.patrick-koglin.com\/wp-content\/uploads\/2026\/05\/image-26.png\" \/>\n\t<meta property=\"og:image:width\" content=\"1024\" \/>\n\t<meta property=\"og:image:height\" content=\"1024\" \/>\n\t<meta property=\"og:image:type\" content=\"image\/png\" \/>\n<meta name=\"twitter:card\" content=\"summary_large_image\" \/>\n<meta name=\"twitter:label1\" content=\"Est. reading time\" \/>\n\t<meta name=\"twitter:data1\" content=\"2 minutes\" \/>\n<script type=\"application\/ld+json\" class=\"yoast-schema-graph\">{\"@context\":\"https:\/\/schema.org\",\"@graph\":[{\"@type\":\"WebPage\",\"@id\":\"https:\/\/www.patrick-koglin.com\/musik\/projekt__trashed\/pkr-rap-music__trashed\/song\/wandel-moeglich-machen\/\",\"url\":\"https:\/\/www.patrick-koglin.com\/musik\/projekt__trashed\/pkr-rap-music__trashed\/song\/wandel-moeglich-machen\/\",\"name\":\"Wandel m\u00f6glich machen - Patrick Koglin\",\"isPartOf\":{\"@id\":\"https:\/\/www.patrick-koglin.com\/#website\"},\"primaryImageOfPage\":{\"@id\":\"https:\/\/www.patrick-koglin.com\/musik\/projekt__trashed\/pkr-rap-music__trashed\/song\/wandel-moeglich-machen\/#primaryimage\"},\"image\":{\"@id\":\"https:\/\/www.patrick-koglin.com\/musik\/projekt__trashed\/pkr-rap-music__trashed\/song\/wandel-moeglich-machen\/#primaryimage\"},\"thumbnailUrl\":\"https:\/\/www.patrick-koglin.com\/wp-content\/uploads\/2026\/05\/image-26.png\",\"datePublished\":\"2026-05-08T00:16:14+00:00\",\"dateModified\":\"2026-05-08T00:16:15+00:00\",\"breadcrumb\":{\"@id\":\"https:\/\/www.patrick-koglin.com\/musik\/projekt__trashed\/pkr-rap-music__trashed\/song\/wandel-moeglich-machen\/#breadcrumb\"},\"inLanguage\":\"en-US\",\"potentialAction\":[{\"@type\":\"ReadAction\",\"target\":[\"https:\/\/www.patrick-koglin.com\/musik\/projekt__trashed\/pkr-rap-music__trashed\/song\/wandel-moeglich-machen\/\"]}]},{\"@type\":\"ImageObject\",\"inLanguage\":\"en-US\",\"@id\":\"https:\/\/www.patrick-koglin.com\/musik\/projekt__trashed\/pkr-rap-music__trashed\/song\/wandel-moeglich-machen\/#primaryimage\",\"url\":\"https:\/\/www.patrick-koglin.com\/wp-content\/uploads\/2026\/05\/image-26.png\",\"contentUrl\":\"https:\/\/www.patrick-koglin.com\/wp-content\/uploads\/2026\/05\/image-26.png\"},{\"@type\":\"BreadcrumbList\",\"@id\":\"https:\/\/www.patrick-koglin.com\/musik\/projekt__trashed\/pkr-rap-music__trashed\/song\/wandel-moeglich-machen\/#breadcrumb\",\"itemListElement\":[{\"@type\":\"ListItem\",\"position\":1,\"name\":\"Startseite\",\"item\":\"https:\/\/www.patrick-koglin.com\/\"},{\"@type\":\"ListItem\",\"position\":2,\"name\":\"Musik\",\"item\":\"https:\/\/www.patrick-koglin.com\/musik\/\"},{\"@type\":\"ListItem\",\"position\":3,\"name\":\"Projekt \/ Artistname\",\"item\":\"https:\/\/www.patrick-koglin.com\/?page_id=13423\"},{\"@type\":\"ListItem\",\"position\":4,\"name\":\"PKR Rap Music\",\"item\":\"https:\/\/www.patrick-koglin.com\/?page_id=13548\"},{\"@type\":\"ListItem\",\"position\":5,\"name\":\"Song\",\"item\":\"https:\/\/www.patrick-koglin.com\/musik\/projekt__trashed\/pkr-rap-music__trashed\/song\/\"},{\"@type\":\"ListItem\",\"position\":6,\"name\":\"Wandel m\u00f6glich machen\"}]},{\"@type\":\"WebSite\",\"@id\":\"https:\/\/www.patrick-koglin.com\/#website\",\"url\":\"https:\/\/www.patrick-koglin.com\/\",\"name\":\"PK Coaching - Patrick Koglin Unternehmensgruppe\",\"description\":\"PK Coaching, Business-Design &amp; Development\",\"publisher\":{\"@id\":\"https:\/\/www.patrick-koglin.com\/#organization\"},\"potentialAction\":[{\"@type\":\"SearchAction\",\"target\":{\"@type\":\"EntryPoint\",\"urlTemplate\":\"https:\/\/www.patrick-koglin.com\/?s={search_term_string}\"},\"query-input\":{\"@type\":\"PropertyValueSpecification\",\"valueRequired\":true,\"valueName\":\"search_term_string\"}}],\"inLanguage\":\"en-US\"},{\"@type\":\"Organization\",\"@id\":\"https:\/\/www.patrick-koglin.com\/#organization\",\"name\":\"Patrick Koglin | CEO von PK Coaching\",\"url\":\"https:\/\/www.patrick-koglin.com\/\",\"logo\":{\"@type\":\"ImageObject\",\"inLanguage\":\"en-US\",\"@id\":\"https:\/\/www.patrick-koglin.com\/#\/schema\/logo\/image\/\",\"url\":\"https:\/\/www.patrick-koglin.com\/wp-content\/uploads\/2025\/07\/cropped-PK16.png\",\"contentUrl\":\"https:\/\/www.patrick-koglin.com\/wp-content\/uploads\/2025\/07\/cropped-PK16.png\",\"width\":619,\"height\":287,\"caption\":\"Patrick Koglin | CEO von PK Coaching\"},\"image\":{\"@id\":\"https:\/\/www.patrick-koglin.com\/#\/schema\/logo\/image\/\"},\"sameAs\":[\"https:\/\/www.facebook.com\/profile.php?id=61566852463657\"]}]}<\/script>\n<!-- \/ Yoast SEO plugin. -->","yoast_head_json":{"title":"Wandel m\u00f6glich machen - Patrick Koglin","robots":{"index":"index","follow":"follow","max-snippet":"max-snippet:-1","max-image-preview":"max-image-preview:large","max-video-preview":"max-video-preview:-1"},"canonical":"https:\/\/www.patrick-koglin.com\/en\/musik\/projekt__trashed\/pkr-rap-music__trashed\/song\/wandel-moeglich-machen\/","og_locale":"en_US","og_type":"article","og_title":"Wandel m\u00f6glich machen - Patrick Koglin","og_description":"Album: Make. Change. Work.Label: PK Music Productions [Verse 1]Ich seh&#8216; die Risse im Plan,doch ich lauf&#8216; durch das Grau.Jeder Schritt gegen die Wandmacht den n\u00e4chsten erst schlau. Nicht warten, bis sich was dreht,ich dreh&#8216; selber am Rad.Aus dem Druck in der Brustmach ich Kraft f\u00fcr den Tag. Neue Wege sind eng,bis du ihnen vertraust.Ich bau&#8216; ... Read more","og_url":"https:\/\/www.patrick-koglin.com\/en\/musik\/projekt__trashed\/pkr-rap-music__trashed\/song\/wandel-moeglich-machen\/","og_site_name":"Patrick Koglin","article_publisher":"https:\/\/www.facebook.com\/profile.php?id=61566852463657","article_modified_time":"2026-05-08T00:16:15+00:00","og_image":[{"width":1024,"height":1024,"url":"https:\/\/www.patrick-koglin.com\/wp-content\/uploads\/2026\/05\/image-26.png","type":"image\/png"}],"twitter_card":"summary_large_image","twitter_misc":{"Est. reading time":"2 minutes"},"schema":{"@context":"https:\/\/schema.org","@graph":[{"@type":"WebPage","@id":"https:\/\/www.patrick-koglin.com\/musik\/projekt__trashed\/pkr-rap-music__trashed\/song\/wandel-moeglich-machen\/","url":"https:\/\/www.patrick-koglin.com\/musik\/projekt__trashed\/pkr-rap-music__trashed\/song\/wandel-moeglich-machen\/","name":"Wandel m\u00f6glich machen - Patrick Koglin","isPartOf":{"@id":"https:\/\/www.patrick-koglin.com\/#website"},"primaryImageOfPage":{"@id":"https:\/\/www.patrick-koglin.com\/musik\/projekt__trashed\/pkr-rap-music__trashed\/song\/wandel-moeglich-machen\/#primaryimage"},"image":{"@id":"https:\/\/www.patrick-koglin.com\/musik\/projekt__trashed\/pkr-rap-music__trashed\/song\/wandel-moeglich-machen\/#primaryimage"},"thumbnailUrl":"https:\/\/www.patrick-koglin.com\/wp-content\/uploads\/2026\/05\/image-26.png","datePublished":"2026-05-08T00:16:14+00:00","dateModified":"2026-05-08T00:16:15+00:00","breadcrumb":{"@id":"https:\/\/www.patrick-koglin.com\/musik\/projekt__trashed\/pkr-rap-music__trashed\/song\/wandel-moeglich-machen\/#breadcrumb"},"inLanguage":"en-US","potentialAction":[{"@type":"ReadAction","target":["https:\/\/www.patrick-koglin.com\/musik\/projekt__trashed\/pkr-rap-music__trashed\/song\/wandel-moeglich-machen\/"]}]},{"@type":"ImageObject","inLanguage":"en-US","@id":"https:\/\/www.patrick-koglin.com\/musik\/projekt__trashed\/pkr-rap-music__trashed\/song\/wandel-moeglich-machen\/#primaryimage","url":"https:\/\/www.patrick-koglin.com\/wp-content\/uploads\/2026\/05\/image-26.png","contentUrl":"https:\/\/www.patrick-koglin.com\/wp-content\/uploads\/2026\/05\/image-26.png"},{"@type":"BreadcrumbList","@id":"https:\/\/www.patrick-koglin.com\/musik\/projekt__trashed\/pkr-rap-music__trashed\/song\/wandel-moeglich-machen\/#breadcrumb","itemListElement":[{"@type":"ListItem","position":1,"name":"Startseite","item":"https:\/\/www.patrick-koglin.com\/"},{"@type":"ListItem","position":2,"name":"Musik","item":"https:\/\/www.patrick-koglin.com\/musik\/"},{"@type":"ListItem","position":3,"name":"Projekt \/ Artistname","item":"https:\/\/www.patrick-koglin.com\/?page_id=13423"},{"@type":"ListItem","position":4,"name":"PKR Rap Music","item":"https:\/\/www.patrick-koglin.com\/?page_id=13548"},{"@type":"ListItem","position":5,"name":"Song","item":"https:\/\/www.patrick-koglin.com\/musik\/projekt__trashed\/pkr-rap-music__trashed\/song\/"},{"@type":"ListItem","position":6,"name":"Wandel m\u00f6glich machen"}]},{"@type":"WebSite","@id":"https:\/\/www.patrick-koglin.com\/#website","url":"https:\/\/www.patrick-koglin.com\/","name":"PK Coaching - Patrick Koglin Unternehmensgruppe","description":"PK Coaching, Business-Design &amp; Development","publisher":{"@id":"https:\/\/www.patrick-koglin.com\/#organization"},"potentialAction":[{"@type":"SearchAction","target":{"@type":"EntryPoint","urlTemplate":"https:\/\/www.patrick-koglin.com\/?s={search_term_string}"},"query-input":{"@type":"PropertyValueSpecification","valueRequired":true,"valueName":"search_term_string"}}],"inLanguage":"en-US"},{"@type":"Organization","@id":"https:\/\/www.patrick-koglin.com\/#organization","name":"Patrick Koglin | CEO von PK Coaching","url":"https:\/\/www.patrick-koglin.com\/","logo":{"@type":"ImageObject","inLanguage":"en-US","@id":"https:\/\/www.patrick-koglin.com\/#\/schema\/logo\/image\/","url":"https:\/\/www.patrick-koglin.com\/wp-content\/uploads\/2025\/07\/cropped-PK16.png","contentUrl":"https:\/\/www.patrick-koglin.com\/wp-content\/uploads\/2025\/07\/cropped-PK16.png","width":619,"height":287,"caption":"Patrick Koglin | CEO von PK Coaching"},"image":{"@id":"https:\/\/www.patrick-koglin.com\/#\/schema\/logo\/image\/"},"sameAs":["https:\/\/www.facebook.com\/profile.php?id=61566852463657"]}]}},"_links":{"self":[{"href":"https:\/\/www.patrick-koglin.com\/en\/wp-json\/wp\/v2\/pages\/15146","targetHints":{"allow":["GET"]}}],"collection":[{"href":"https:\/\/www.patrick-koglin.com\/en\/wp-json\/wp\/v2\/pages"}],"about":[{"href":"https:\/\/www.patrick-koglin.com\/en\/wp-json\/wp\/v2\/types\/page"}],"author":[{"embeddable":true,"href":"https:\/\/www.patrick-koglin.com\/en\/wp-json\/wp\/v2\/users\/1"}],"replies":[{"embeddable":true,"href":"https:\/\/www.patrick-koglin.com\/en\/wp-json\/wp\/v2\/comments?post=15146"}],"version-history":[{"count":1,"href":"https:\/\/www.patrick-koglin.com\/en\/wp-json\/wp\/v2\/pages\/15146\/revisions"}],"predecessor-version":[{"id":15149,"href":"https:\/\/www.patrick-koglin.com\/en\/wp-json\/wp\/v2\/pages\/15146\/revisions\/15149"}],"up":[{"embeddable":true,"href":"https:\/\/www.patrick-koglin.com\/en\/wp-json\/wp\/v2\/pages\/13563"}],"wp:attachment":[{"href":"https:\/\/www.patrick-koglin.com\/en\/wp-json\/wp\/v2\/media?parent=15146"}],"curies":[{"name":"wp","href":"https:\/\/api.w.org\/{rel}","templated":true}]}}