{"id":15153,"date":"2026-05-08T02:21:06","date_gmt":"2026-05-08T00:21:06","guid":{"rendered":"https:\/\/www.patrick-koglin.com\/?page_id=15153"},"modified":"2026-05-08T02:21:25","modified_gmt":"2026-05-08T00:21:25","slug":"es-sieht-leicht-aus","status":"publish","type":"page","link":"https:\/\/www.patrick-koglin.com\/en\/musik\/pk-music-productions\/song\/es-sieht-leicht-aus\/","title":{"rendered":"Es sieht leicht aus"},"content":{"rendered":"\n<figure class=\"wp-block-image size-full is-resized\"><img fetchpriority=\"high\" decoding=\"async\" width=\"1024\" height=\"1024\" src=\"https:\/\/www.patrick-koglin.com\/wp-content\/uploads\/2026\/05\/image-27.png\" alt=\"\" class=\"wp-image-15154\" style=\"width:394px;height:auto\" srcset=\"https:\/\/www.patrick-koglin.com\/wp-content\/uploads\/2026\/05\/image-27.png 1024w, https:\/\/www.patrick-koglin.com\/wp-content\/uploads\/2026\/05\/image-27-300x300.png 300w, https:\/\/www.patrick-koglin.com\/wp-content\/uploads\/2026\/05\/image-27-150x150.png 150w, https:\/\/www.patrick-koglin.com\/wp-content\/uploads\/2026\/05\/image-27-768x768.png 768w, https:\/\/www.patrick-koglin.com\/wp-content\/uploads\/2026\/05\/image-27-12x12.png 12w\" sizes=\"(max-width: 1024px) 100vw, 1024px\" \/><\/figure>\n\n\n\n<p><\/p>\n\n\n\n<p><strong>Album:<\/strong> <a href=\"https:\/\/www.patrick-koglin.com\/musik\/pk-music-productions\/alben\/make-change-work\/\">Make. Change. Work.<\/a><br><strong>Label:<\/strong> <a href=\"https:\/\/www.patrick-koglin.com\/musik\/pk-music-productions\/\">PK Music Productions<\/a><\/p>\n\n\n\n<p><\/p>\n\n\n\n<hr class=\"wp-block-separator has-alpha-channel-opacity\"\/>\n\n\n\n<h2 class=\"wp-block-heading\">Songtext<\/h2>\n\n\n\n<p>[Intro]<br>Vogelgezwitscher im Park<br>Sonne blinzelt durch die Bl\u00e4tter<br>Ich atme tief, ganz sacht<br>mach, dass Arbeit wirkt wie Bl\u00e4tter<\/p>\n\n\n\n<p>[Verse 1]<br>Hab gehetzt wie auf Schnellspur-Bilder<br>gegen Uhren in meinem Kopf<br>\u201eMuss in Wochen alles rei\u00dfen\u201c<br>und bekam nur m\u00fcden Schrott<br>Timeline voll von \u201eschneller, h\u00e4rter\u201c<br>\u201eBruder, du musst jeden schlagen\u201c<br>Clips voll k\u00fcnstlicher Raketen<br>die in Wirklichkeit nur jagen<\/p>\n\n\n\n<p>Wer von \u201eHack\u201c in f\u00fcnf Minuten<br>fl\u00fcstert L\u00fcgen in die Welt<br>und wundert sich, warum innen<br>alles trotzdem wieder f\u00e4lllt<br>Algorithmen lieben Wunder<br>\u00fcber Nacht zum Superstar<br>doch ich \u00fcbe leise weiter<br>bis es leicht wirkt, was ich war<\/p>\n\n\n\n<p>[Chorus]<br>Es sieht so leicht aus<br>doch ich \u00fcb noch jede Stund<br>jeder kleine Schritt ist<br>wie ein Kreis im weichen Grund<br>Ich w\u00e4hl Training statt Theater<br>Langstrecke statt Glanz und Schmerz<br>Effizienz mit Sanftheit drin<br>und Ruhe tief in meinem Herz<\/p>\n\n\n\n<p>[Verse 2]<br>Ich sag nicht mehr \u201eich zerst\u00f6r das\u201c<br>sag: \u201eIch \u00fcb denselben Tag\u201c<br>nicht \u201ein zwei, drei Moves perfekt jetzt\u201c<br>sondern: \u201emorgen wieder Schlag\u201c<br>Konsequent wie Tropfen prasseln<br>sanft auf alten, harten Stein<br>sie vergleichen nicht die Menge<br>nur den Rhythmus, immer fein<\/p>\n\n\n\n<p>Meine Heldin ist Geduld jetzt<br>die still am Rand vom Feld sitzt<br>mich anschaut und mich anl\u00e4chelt<br>wenn mein Leistungsdruck mal blitzt<br>Disziplin wie ein leiser Takt<br>der meinen Fokus h\u00e4lt<br>keine Spr\u00fcnge, nur klare Schritte<br>die mich sicher durch die Welt<\/p>\n\n\n\n<p>[Pre-Chorus]<br>Ich h\u00f6r auf, Erfolg zu jagen<br>wie \u2019nen Film im Zeitraffer<br>denn wer Dauerabk\u00fcrzung sucht<br>st\u00fcrzt beim ersten kleinen H\u00e4nger<\/p>\n\n\n\n<p>[Chorus]<br>Es sieht so leicht aus<\/p>\n\n\n\n<p>[Bridge]<br>Ich programmier meine Ziele neu<br>wie ein Weg, in Ruhe pflanzt<br>jede Wiederholung fl\u00fcstert<br>dass du kannst, was du noch kannst<br>Vogelstimmen \u00fcber mir<br>sanfte Steps auf weichem Gras<br>ich erlaube mir, zu \u00fcben<br>bis es leicht wirkt, was ich mach<\/p>\n\n\n\n<p>[Chorus]<br>Es sieht so leicht aus<\/p>\n","protected":false},"excerpt":{"rendered":"<p>Album: Make. Change. Work.Label: PK Music Productions Songtext [Intro]Vogelgezwitscher im ParkSonne blinzelt durch die Bl\u00e4tterIch atme tief, ganz sachtmach, dass Arbeit wirkt wie Bl\u00e4tter [Verse 1]Hab gehetzt wie auf Schnellspur-Bildergegen Uhren in meinem Kopf\u201eMuss in Wochen alles rei\u00dfen\u201cund bekam nur m\u00fcden SchrottTimeline voll von \u201eschneller, h\u00e4rter\u201c\u201eBruder, du musst jeden schlagen\u201cClips voll k\u00fcnstlicher Raketendie in Wirklichkeit &#8230; <a title=\"Es sieht leicht aus\" class=\"read-more\" href=\"https:\/\/www.patrick-koglin.com\/en\/musik\/pk-music-productions\/song\/es-sieht-leicht-aus\/\" aria-label=\"Read more about Es sieht leicht aus\">Read more<\/a><\/p>\n","protected":false},"author":1,"featured_media":0,"parent":15137,"menu_order":0,"comment_status":"closed","ping_status":"closed","template":"","meta":{"footnotes":""},"class_list":["post-15153","page","type-page","status-publish"],"yoast_head":"<!-- This site is optimized with the Yoast SEO plugin v25.8 - https:\/\/yoast.com\/wordpress\/plugins\/seo\/ -->\n<title>Es sieht leicht aus - Patrick Koglin<\/title>\n<meta name=\"robots\" content=\"index, follow, max-snippet:-1, max-image-preview:large, max-video-preview:-1\" \/>\n<link rel=\"canonical\" href=\"https:\/\/www.patrick-koglin.com\/en\/musik\/pk-music-productions\/song\/es-sieht-leicht-aus\/\" \/>\n<meta property=\"og:locale\" content=\"en_US\" \/>\n<meta property=\"og:type\" content=\"article\" \/>\n<meta property=\"og:title\" content=\"Es sieht leicht aus - Patrick Koglin\" \/>\n<meta property=\"og:description\" content=\"Album: Make. Change. Work.Label: PK Music Productions Songtext [Intro]Vogelgezwitscher im ParkSonne blinzelt durch die Bl\u00e4tterIch atme tief, ganz sachtmach, dass Arbeit wirkt wie Bl\u00e4tter [Verse 1]Hab gehetzt wie auf Schnellspur-Bildergegen Uhren in meinem Kopf\u201eMuss in Wochen alles rei\u00dfen\u201cund bekam nur m\u00fcden SchrottTimeline voll von \u201eschneller, h\u00e4rter\u201c\u201eBruder, du musst jeden schlagen\u201cClips voll k\u00fcnstlicher Raketendie in Wirklichkeit ... Read more\" \/>\n<meta property=\"og:url\" content=\"https:\/\/www.patrick-koglin.com\/en\/musik\/pk-music-productions\/song\/es-sieht-leicht-aus\/\" \/>\n<meta property=\"og:site_name\" content=\"Patrick Koglin\" \/>\n<meta property=\"article:publisher\" content=\"https:\/\/www.facebook.com\/profile.php?id=61566852463657\" \/>\n<meta property=\"article:modified_time\" content=\"2026-05-08T00:21:25+00:00\" \/>\n<meta property=\"og:image\" content=\"https:\/\/www.patrick-koglin.com\/wp-content\/uploads\/2026\/05\/image-27.png\" \/>\n\t<meta property=\"og:image:width\" content=\"1024\" \/>\n\t<meta property=\"og:image:height\" content=\"1024\" \/>\n\t<meta property=\"og:image:type\" content=\"image\/png\" \/>\n<meta name=\"twitter:card\" content=\"summary_large_image\" \/>\n<meta name=\"twitter:label1\" content=\"Est. reading time\" \/>\n\t<meta name=\"twitter:data1\" content=\"2 minutes\" \/>\n<script type=\"application\/ld+json\" class=\"yoast-schema-graph\">{\"@context\":\"https:\/\/schema.org\",\"@graph\":[{\"@type\":\"WebPage\",\"@id\":\"https:\/\/www.patrick-koglin.com\/musik\/pk-music-productions\/song\/es-sieht-leicht-aus\/\",\"url\":\"https:\/\/www.patrick-koglin.com\/musik\/pk-music-productions\/song\/es-sieht-leicht-aus\/\",\"name\":\"Es sieht leicht aus - Patrick Koglin\",\"isPartOf\":{\"@id\":\"https:\/\/www.patrick-koglin.com\/#website\"},\"primaryImageOfPage\":{\"@id\":\"https:\/\/www.patrick-koglin.com\/musik\/pk-music-productions\/song\/es-sieht-leicht-aus\/#primaryimage\"},\"image\":{\"@id\":\"https:\/\/www.patrick-koglin.com\/musik\/pk-music-productions\/song\/es-sieht-leicht-aus\/#primaryimage\"},\"thumbnailUrl\":\"https:\/\/www.patrick-koglin.com\/wp-content\/uploads\/2026\/05\/image-27.png\",\"datePublished\":\"2026-05-08T00:21:06+00:00\",\"dateModified\":\"2026-05-08T00:21:25+00:00\",\"breadcrumb\":{\"@id\":\"https:\/\/www.patrick-koglin.com\/musik\/pk-music-productions\/song\/es-sieht-leicht-aus\/#breadcrumb\"},\"inLanguage\":\"en-US\",\"potentialAction\":[{\"@type\":\"ReadAction\",\"target\":[\"https:\/\/www.patrick-koglin.com\/musik\/pk-music-productions\/song\/es-sieht-leicht-aus\/\"]}]},{\"@type\":\"ImageObject\",\"inLanguage\":\"en-US\",\"@id\":\"https:\/\/www.patrick-koglin.com\/musik\/pk-music-productions\/song\/es-sieht-leicht-aus\/#primaryimage\",\"url\":\"https:\/\/www.patrick-koglin.com\/wp-content\/uploads\/2026\/05\/image-27.png\",\"contentUrl\":\"https:\/\/www.patrick-koglin.com\/wp-content\/uploads\/2026\/05\/image-27.png\"},{\"@type\":\"BreadcrumbList\",\"@id\":\"https:\/\/www.patrick-koglin.com\/musik\/pk-music-productions\/song\/es-sieht-leicht-aus\/#breadcrumb\",\"itemListElement\":[{\"@type\":\"ListItem\",\"position\":1,\"name\":\"Startseite\",\"item\":\"https:\/\/www.patrick-koglin.com\/\"},{\"@type\":\"ListItem\",\"position\":2,\"name\":\"Musik\",\"item\":\"https:\/\/www.patrick-koglin.com\/musik\/\"},{\"@type\":\"ListItem\",\"position\":3,\"name\":\"PK Music Productions\",\"item\":\"https:\/\/www.patrick-koglin.com\/musik\/pk-music-productions\/\"},{\"@type\":\"ListItem\",\"position\":4,\"name\":\"Song (PKM)\",\"item\":\"https:\/\/www.patrick-koglin.com\/musik\/pk-music-productions\/song\/\"},{\"@type\":\"ListItem\",\"position\":5,\"name\":\"Es sieht leicht aus\"}]},{\"@type\":\"WebSite\",\"@id\":\"https:\/\/www.patrick-koglin.com\/#website\",\"url\":\"https:\/\/www.patrick-koglin.com\/\",\"name\":\"PK Coaching - Patrick Koglin Unternehmensgruppe\",\"description\":\"PK Coaching, Business-Design &amp; Development\",\"publisher\":{\"@id\":\"https:\/\/www.patrick-koglin.com\/#organization\"},\"potentialAction\":[{\"@type\":\"SearchAction\",\"target\":{\"@type\":\"EntryPoint\",\"urlTemplate\":\"https:\/\/www.patrick-koglin.com\/?s={search_term_string}\"},\"query-input\":{\"@type\":\"PropertyValueSpecification\",\"valueRequired\":true,\"valueName\":\"search_term_string\"}}],\"inLanguage\":\"en-US\"},{\"@type\":\"Organization\",\"@id\":\"https:\/\/www.patrick-koglin.com\/#organization\",\"name\":\"Patrick Koglin | CEO von PK Coaching\",\"url\":\"https:\/\/www.patrick-koglin.com\/\",\"logo\":{\"@type\":\"ImageObject\",\"inLanguage\":\"en-US\",\"@id\":\"https:\/\/www.patrick-koglin.com\/#\/schema\/logo\/image\/\",\"url\":\"https:\/\/www.patrick-koglin.com\/wp-content\/uploads\/2025\/07\/cropped-PK16.png\",\"contentUrl\":\"https:\/\/www.patrick-koglin.com\/wp-content\/uploads\/2025\/07\/cropped-PK16.png\",\"width\":619,\"height\":287,\"caption\":\"Patrick Koglin | CEO von PK Coaching\"},\"image\":{\"@id\":\"https:\/\/www.patrick-koglin.com\/#\/schema\/logo\/image\/\"},\"sameAs\":[\"https:\/\/www.facebook.com\/profile.php?id=61566852463657\"]}]}<\/script>\n<!-- \/ Yoast SEO plugin. -->","yoast_head_json":{"title":"Es sieht leicht aus - Patrick Koglin","robots":{"index":"index","follow":"follow","max-snippet":"max-snippet:-1","max-image-preview":"max-image-preview:large","max-video-preview":"max-video-preview:-1"},"canonical":"https:\/\/www.patrick-koglin.com\/en\/musik\/pk-music-productions\/song\/es-sieht-leicht-aus\/","og_locale":"en_US","og_type":"article","og_title":"Es sieht leicht aus - Patrick Koglin","og_description":"Album: Make. Change. Work.Label: PK Music Productions Songtext [Intro]Vogelgezwitscher im ParkSonne blinzelt durch die Bl\u00e4tterIch atme tief, ganz sachtmach, dass Arbeit wirkt wie Bl\u00e4tter [Verse 1]Hab gehetzt wie auf Schnellspur-Bildergegen Uhren in meinem Kopf\u201eMuss in Wochen alles rei\u00dfen\u201cund bekam nur m\u00fcden SchrottTimeline voll von \u201eschneller, h\u00e4rter\u201c\u201eBruder, du musst jeden schlagen\u201cClips voll k\u00fcnstlicher Raketendie in Wirklichkeit ... Read more","og_url":"https:\/\/www.patrick-koglin.com\/en\/musik\/pk-music-productions\/song\/es-sieht-leicht-aus\/","og_site_name":"Patrick Koglin","article_publisher":"https:\/\/www.facebook.com\/profile.php?id=61566852463657","article_modified_time":"2026-05-08T00:21:25+00:00","og_image":[{"width":1024,"height":1024,"url":"https:\/\/www.patrick-koglin.com\/wp-content\/uploads\/2026\/05\/image-27.png","type":"image\/png"}],"twitter_card":"summary_large_image","twitter_misc":{"Est. reading time":"2 minutes"},"schema":{"@context":"https:\/\/schema.org","@graph":[{"@type":"WebPage","@id":"https:\/\/www.patrick-koglin.com\/musik\/pk-music-productions\/song\/es-sieht-leicht-aus\/","url":"https:\/\/www.patrick-koglin.com\/musik\/pk-music-productions\/song\/es-sieht-leicht-aus\/","name":"Es sieht leicht aus - Patrick Koglin","isPartOf":{"@id":"https:\/\/www.patrick-koglin.com\/#website"},"primaryImageOfPage":{"@id":"https:\/\/www.patrick-koglin.com\/musik\/pk-music-productions\/song\/es-sieht-leicht-aus\/#primaryimage"},"image":{"@id":"https:\/\/www.patrick-koglin.com\/musik\/pk-music-productions\/song\/es-sieht-leicht-aus\/#primaryimage"},"thumbnailUrl":"https:\/\/www.patrick-koglin.com\/wp-content\/uploads\/2026\/05\/image-27.png","datePublished":"2026-05-08T00:21:06+00:00","dateModified":"2026-05-08T00:21:25+00:00","breadcrumb":{"@id":"https:\/\/www.patrick-koglin.com\/musik\/pk-music-productions\/song\/es-sieht-leicht-aus\/#breadcrumb"},"inLanguage":"en-US","potentialAction":[{"@type":"ReadAction","target":["https:\/\/www.patrick-koglin.com\/musik\/pk-music-productions\/song\/es-sieht-leicht-aus\/"]}]},{"@type":"ImageObject","inLanguage":"en-US","@id":"https:\/\/www.patrick-koglin.com\/musik\/pk-music-productions\/song\/es-sieht-leicht-aus\/#primaryimage","url":"https:\/\/www.patrick-koglin.com\/wp-content\/uploads\/2026\/05\/image-27.png","contentUrl":"https:\/\/www.patrick-koglin.com\/wp-content\/uploads\/2026\/05\/image-27.png"},{"@type":"BreadcrumbList","@id":"https:\/\/www.patrick-koglin.com\/musik\/pk-music-productions\/song\/es-sieht-leicht-aus\/#breadcrumb","itemListElement":[{"@type":"ListItem","position":1,"name":"Startseite","item":"https:\/\/www.patrick-koglin.com\/"},{"@type":"ListItem","position":2,"name":"Musik","item":"https:\/\/www.patrick-koglin.com\/musik\/"},{"@type":"ListItem","position":3,"name":"PK Music Productions","item":"https:\/\/www.patrick-koglin.com\/musik\/pk-music-productions\/"},{"@type":"ListItem","position":4,"name":"Song (PKM)","item":"https:\/\/www.patrick-koglin.com\/musik\/pk-music-productions\/song\/"},{"@type":"ListItem","position":5,"name":"Es sieht leicht aus"}]},{"@type":"WebSite","@id":"https:\/\/www.patrick-koglin.com\/#website","url":"https:\/\/www.patrick-koglin.com\/","name":"PK Coaching - Patrick Koglin Unternehmensgruppe","description":"PK Coaching, Business-Design &amp; Development","publisher":{"@id":"https:\/\/www.patrick-koglin.com\/#organization"},"potentialAction":[{"@type":"SearchAction","target":{"@type":"EntryPoint","urlTemplate":"https:\/\/www.patrick-koglin.com\/?s={search_term_string}"},"query-input":{"@type":"PropertyValueSpecification","valueRequired":true,"valueName":"search_term_string"}}],"inLanguage":"en-US"},{"@type":"Organization","@id":"https:\/\/www.patrick-koglin.com\/#organization","name":"Patrick Koglin | CEO von PK Coaching","url":"https:\/\/www.patrick-koglin.com\/","logo":{"@type":"ImageObject","inLanguage":"en-US","@id":"https:\/\/www.patrick-koglin.com\/#\/schema\/logo\/image\/","url":"https:\/\/www.patrick-koglin.com\/wp-content\/uploads\/2025\/07\/cropped-PK16.png","contentUrl":"https:\/\/www.patrick-koglin.com\/wp-content\/uploads\/2025\/07\/cropped-PK16.png","width":619,"height":287,"caption":"Patrick Koglin | CEO von PK Coaching"},"image":{"@id":"https:\/\/www.patrick-koglin.com\/#\/schema\/logo\/image\/"},"sameAs":["https:\/\/www.facebook.com\/profile.php?id=61566852463657"]}]}},"_links":{"self":[{"href":"https:\/\/www.patrick-koglin.com\/en\/wp-json\/wp\/v2\/pages\/15153","targetHints":{"allow":["GET"]}}],"collection":[{"href":"https:\/\/www.patrick-koglin.com\/en\/wp-json\/wp\/v2\/pages"}],"about":[{"href":"https:\/\/www.patrick-koglin.com\/en\/wp-json\/wp\/v2\/types\/page"}],"author":[{"embeddable":true,"href":"https:\/\/www.patrick-koglin.com\/en\/wp-json\/wp\/v2\/users\/1"}],"replies":[{"embeddable":true,"href":"https:\/\/www.patrick-koglin.com\/en\/wp-json\/wp\/v2\/comments?post=15153"}],"version-history":[{"count":1,"href":"https:\/\/www.patrick-koglin.com\/en\/wp-json\/wp\/v2\/pages\/15153\/revisions"}],"predecessor-version":[{"id":15155,"href":"https:\/\/www.patrick-koglin.com\/en\/wp-json\/wp\/v2\/pages\/15153\/revisions\/15155"}],"up":[{"embeddable":true,"href":"https:\/\/www.patrick-koglin.com\/en\/wp-json\/wp\/v2\/pages\/15137"}],"wp:attachment":[{"href":"https:\/\/www.patrick-koglin.com\/en\/wp-json\/wp\/v2\/media?parent=15153"}],"curies":[{"name":"wp","href":"https:\/\/api.w.org\/{rel}","templated":true}]}}