{"id":15158,"date":"2026-05-08T02:23:49","date_gmt":"2026-05-08T00:23:49","guid":{"rendered":"https:\/\/www.patrick-koglin.com\/?page_id=15158"},"modified":"2026-05-08T02:30:08","modified_gmt":"2026-05-08T00:30:08","slug":"die-welt-will-nicht-gerettet-werden","status":"publish","type":"page","link":"https:\/\/www.patrick-koglin.com\/en\/musik\/pk-music-productions\/song\/die-welt-will-nicht-gerettet-werden\/","title":{"rendered":"Die Welt will nicht gerettet werden"},"content":{"rendered":"\n<figure class=\"wp-block-image size-full is-resized\"><img fetchpriority=\"high\" decoding=\"async\" width=\"1024\" height=\"1024\" src=\"https:\/\/www.patrick-koglin.com\/wp-content\/uploads\/2026\/05\/image-28.png\" alt=\"\" class=\"wp-image-15159\" style=\"width:450px;height:auto\" srcset=\"https:\/\/www.patrick-koglin.com\/wp-content\/uploads\/2026\/05\/image-28.png 1024w, https:\/\/www.patrick-koglin.com\/wp-content\/uploads\/2026\/05\/image-28-300x300.png 300w, https:\/\/www.patrick-koglin.com\/wp-content\/uploads\/2026\/05\/image-28-150x150.png 150w, https:\/\/www.patrick-koglin.com\/wp-content\/uploads\/2026\/05\/image-28-768x768.png 768w, https:\/\/www.patrick-koglin.com\/wp-content\/uploads\/2026\/05\/image-28-12x12.png 12w\" sizes=\"(max-width: 1024px) 100vw, 1024px\" \/><\/figure>\n\n\n\n<p><\/p>\n\n\n\n<p><strong>Album:<\/strong> <a href=\"https:\/\/www.patrick-koglin.com\/musik\/pk-music-productions\/alben\/make-change-work\/\">Make. Change. Work.<\/a><br><strong>Label:<\/strong> <a href=\"https:\/\/www.patrick-koglin.com\/musik\/pk-music-productions\/\">PK Music Productions<\/a><\/p>\n\n\n\n<hr class=\"wp-block-separator has-alpha-channel-opacity\"\/>\n\n\n\n<h2 class=\"wp-block-heading\">Songtext<\/h2>\n\n\n\n<p>[Intro]<br>(dry male voice speaking)<br>Sie sagen, irgendwer da drau\u00dfen will die Welt noch retten,<br>aber was, wenn diese Welt sich gar nicht retten lassen will, ah yeah.<br>Vielleicht liebt sie ihre Narben, ihre alten Ketten,<br>und jedes Mal, wenn du sie \u00e4nderst, wird der Widerstand nur chill.<\/p>\n\n\n\n<p>[Verse 1]<br>Die Stra\u00dfe fl\u00fcstert: &#8222;Lass mich, ich war immer schon so, brenn&#8220;,<br>Menschen klammern sich an Muster, die sie innerlich noch kenn&#8216;.<br>Sie besch\u00fctzen ihr Ger\u00fcste, auch wenn alles dabei bricht,<br>weil Ver\u00e4nderung wie Feuer ist und viele seh&#8217;n das Licht nicht.<\/p>\n\n\n\n<p>Wenn du sagst: &#8222;Komm, wir heilen was&#8220;, kommt ein kalter Gegenwind,<br>Angst vor Neuem in den K\u00f6pfen, die so festgefahren sind.<br>Sie verteidigen die W\u00e4nde, die sie selber eingesperrt,<br>als ob Freiheit nur &#8217;ne Falle w\u00e4r und alt sein sich bew\u00e4hrt.<\/p>\n\n\n\n<p>Diese Welt hier will nicht h\u00f6ren, dass sie anders werden kann,<br>lieber sagt sie: &#8222;Ist halt so&#8220; und greift den n\u00e4chstbesten Plan.<br>Also wehrt sie jede Regung ab, die alte Ordnung bricht,<br>und der Widerstand gegen Ver\u00e4nderung malt ein starres, graues Bild.<\/p>\n","protected":false},"excerpt":{"rendered":"<p>Album: Make. Change. Work.Label: PK Music Productions Songtext [Intro](dry male voice speaking)Sie sagen, irgendwer da drau\u00dfen will die Welt noch retten,aber was, wenn diese Welt sich gar nicht retten lassen will, ah yeah.Vielleicht liebt sie ihre Narben, ihre alten Ketten,und jedes Mal, wenn du sie \u00e4nderst, wird der Widerstand nur chill. [Verse 1]Die Stra\u00dfe fl\u00fcstert: &#8230; <a title=\"Die Welt will nicht gerettet werden\" class=\"read-more\" href=\"https:\/\/www.patrick-koglin.com\/en\/musik\/pk-music-productions\/song\/die-welt-will-nicht-gerettet-werden\/\" aria-label=\"Read more about Die Welt will nicht gerettet werden\">Read more<\/a><\/p>\n","protected":false},"author":1,"featured_media":0,"parent":15137,"menu_order":0,"comment_status":"closed","ping_status":"closed","template":"","meta":{"footnotes":""},"class_list":["post-15158","page","type-page","status-publish"],"yoast_head":"<!-- This site is optimized with the Yoast SEO plugin v25.8 - https:\/\/yoast.com\/wordpress\/plugins\/seo\/ -->\n<title>Die Welt will nicht gerettet werden - Patrick Koglin<\/title>\n<meta name=\"robots\" content=\"index, follow, max-snippet:-1, max-image-preview:large, max-video-preview:-1\" \/>\n<link rel=\"canonical\" href=\"https:\/\/www.patrick-koglin.com\/en\/musik\/pk-music-productions\/song\/die-welt-will-nicht-gerettet-werden\/\" \/>\n<meta property=\"og:locale\" content=\"en_US\" \/>\n<meta property=\"og:type\" content=\"article\" \/>\n<meta property=\"og:title\" content=\"Die Welt will nicht gerettet werden - Patrick Koglin\" \/>\n<meta property=\"og:description\" content=\"Album: Make. Change. Work.Label: PK Music Productions Songtext [Intro](dry male voice speaking)Sie sagen, irgendwer da drau\u00dfen will die Welt noch retten,aber was, wenn diese Welt sich gar nicht retten lassen will, ah yeah.Vielleicht liebt sie ihre Narben, ihre alten Ketten,und jedes Mal, wenn du sie \u00e4nderst, wird der Widerstand nur chill. [Verse 1]Die Stra\u00dfe fl\u00fcstert: ... Read more\" \/>\n<meta property=\"og:url\" content=\"https:\/\/www.patrick-koglin.com\/en\/musik\/pk-music-productions\/song\/die-welt-will-nicht-gerettet-werden\/\" \/>\n<meta property=\"og:site_name\" content=\"Patrick Koglin\" \/>\n<meta property=\"article:publisher\" content=\"https:\/\/www.facebook.com\/profile.php?id=61566852463657\" \/>\n<meta property=\"article:modified_time\" content=\"2026-05-08T00:30:08+00:00\" \/>\n<meta property=\"og:image\" content=\"https:\/\/www.patrick-koglin.com\/wp-content\/uploads\/2026\/05\/image-28.png\" \/>\n\t<meta property=\"og:image:width\" content=\"1024\" \/>\n\t<meta property=\"og:image:height\" content=\"1024\" \/>\n\t<meta property=\"og:image:type\" content=\"image\/png\" \/>\n<meta name=\"twitter:card\" content=\"summary_large_image\" \/>\n<meta name=\"twitter:label1\" content=\"Est. reading time\" \/>\n\t<meta name=\"twitter:data1\" content=\"2 minutes\" \/>\n<script type=\"application\/ld+json\" class=\"yoast-schema-graph\">{\"@context\":\"https:\/\/schema.org\",\"@graph\":[{\"@type\":\"WebPage\",\"@id\":\"https:\/\/www.patrick-koglin.com\/musik\/pk-music-productions\/song\/die-welt-will-nicht-gerettet-werden\/\",\"url\":\"https:\/\/www.patrick-koglin.com\/musik\/pk-music-productions\/song\/die-welt-will-nicht-gerettet-werden\/\",\"name\":\"Die Welt will nicht gerettet werden - Patrick Koglin\",\"isPartOf\":{\"@id\":\"https:\/\/www.patrick-koglin.com\/#website\"},\"primaryImageOfPage\":{\"@id\":\"https:\/\/www.patrick-koglin.com\/musik\/pk-music-productions\/song\/die-welt-will-nicht-gerettet-werden\/#primaryimage\"},\"image\":{\"@id\":\"https:\/\/www.patrick-koglin.com\/musik\/pk-music-productions\/song\/die-welt-will-nicht-gerettet-werden\/#primaryimage\"},\"thumbnailUrl\":\"https:\/\/www.patrick-koglin.com\/wp-content\/uploads\/2026\/05\/image-28.png\",\"datePublished\":\"2026-05-08T00:23:49+00:00\",\"dateModified\":\"2026-05-08T00:30:08+00:00\",\"breadcrumb\":{\"@id\":\"https:\/\/www.patrick-koglin.com\/musik\/pk-music-productions\/song\/die-welt-will-nicht-gerettet-werden\/#breadcrumb\"},\"inLanguage\":\"en-US\",\"potentialAction\":[{\"@type\":\"ReadAction\",\"target\":[\"https:\/\/www.patrick-koglin.com\/musik\/pk-music-productions\/song\/die-welt-will-nicht-gerettet-werden\/\"]}]},{\"@type\":\"ImageObject\",\"inLanguage\":\"en-US\",\"@id\":\"https:\/\/www.patrick-koglin.com\/musik\/pk-music-productions\/song\/die-welt-will-nicht-gerettet-werden\/#primaryimage\",\"url\":\"https:\/\/www.patrick-koglin.com\/wp-content\/uploads\/2026\/05\/image-28.png\",\"contentUrl\":\"https:\/\/www.patrick-koglin.com\/wp-content\/uploads\/2026\/05\/image-28.png\"},{\"@type\":\"BreadcrumbList\",\"@id\":\"https:\/\/www.patrick-koglin.com\/musik\/pk-music-productions\/song\/die-welt-will-nicht-gerettet-werden\/#breadcrumb\",\"itemListElement\":[{\"@type\":\"ListItem\",\"position\":1,\"name\":\"Startseite\",\"item\":\"https:\/\/www.patrick-koglin.com\/\"},{\"@type\":\"ListItem\",\"position\":2,\"name\":\"Musik\",\"item\":\"https:\/\/www.patrick-koglin.com\/musik\/\"},{\"@type\":\"ListItem\",\"position\":3,\"name\":\"PK Music Productions\",\"item\":\"https:\/\/www.patrick-koglin.com\/musik\/pk-music-productions\/\"},{\"@type\":\"ListItem\",\"position\":4,\"name\":\"Song (PKM)\",\"item\":\"https:\/\/www.patrick-koglin.com\/musik\/pk-music-productions\/song\/\"},{\"@type\":\"ListItem\",\"position\":5,\"name\":\"Die Welt will nicht gerettet werden\"}]},{\"@type\":\"WebSite\",\"@id\":\"https:\/\/www.patrick-koglin.com\/#website\",\"url\":\"https:\/\/www.patrick-koglin.com\/\",\"name\":\"PK Coaching - Patrick Koglin Unternehmensgruppe\",\"description\":\"PK Coaching, Business-Design &amp; Development\",\"publisher\":{\"@id\":\"https:\/\/www.patrick-koglin.com\/#organization\"},\"potentialAction\":[{\"@type\":\"SearchAction\",\"target\":{\"@type\":\"EntryPoint\",\"urlTemplate\":\"https:\/\/www.patrick-koglin.com\/?s={search_term_string}\"},\"query-input\":{\"@type\":\"PropertyValueSpecification\",\"valueRequired\":true,\"valueName\":\"search_term_string\"}}],\"inLanguage\":\"en-US\"},{\"@type\":\"Organization\",\"@id\":\"https:\/\/www.patrick-koglin.com\/#organization\",\"name\":\"Patrick Koglin | CEO von PK Coaching\",\"url\":\"https:\/\/www.patrick-koglin.com\/\",\"logo\":{\"@type\":\"ImageObject\",\"inLanguage\":\"en-US\",\"@id\":\"https:\/\/www.patrick-koglin.com\/#\/schema\/logo\/image\/\",\"url\":\"https:\/\/www.patrick-koglin.com\/wp-content\/uploads\/2025\/07\/cropped-PK16.png\",\"contentUrl\":\"https:\/\/www.patrick-koglin.com\/wp-content\/uploads\/2025\/07\/cropped-PK16.png\",\"width\":619,\"height\":287,\"caption\":\"Patrick Koglin | CEO von PK Coaching\"},\"image\":{\"@id\":\"https:\/\/www.patrick-koglin.com\/#\/schema\/logo\/image\/\"},\"sameAs\":[\"https:\/\/www.facebook.com\/profile.php?id=61566852463657\"]}]}<\/script>\n<!-- \/ Yoast SEO plugin. -->","yoast_head_json":{"title":"Die Welt will nicht gerettet werden - Patrick Koglin","robots":{"index":"index","follow":"follow","max-snippet":"max-snippet:-1","max-image-preview":"max-image-preview:large","max-video-preview":"max-video-preview:-1"},"canonical":"https:\/\/www.patrick-koglin.com\/en\/musik\/pk-music-productions\/song\/die-welt-will-nicht-gerettet-werden\/","og_locale":"en_US","og_type":"article","og_title":"Die Welt will nicht gerettet werden - Patrick Koglin","og_description":"Album: Make. Change. Work.Label: PK Music Productions Songtext [Intro](dry male voice speaking)Sie sagen, irgendwer da drau\u00dfen will die Welt noch retten,aber was, wenn diese Welt sich gar nicht retten lassen will, ah yeah.Vielleicht liebt sie ihre Narben, ihre alten Ketten,und jedes Mal, wenn du sie \u00e4nderst, wird der Widerstand nur chill. [Verse 1]Die Stra\u00dfe fl\u00fcstert: ... Read more","og_url":"https:\/\/www.patrick-koglin.com\/en\/musik\/pk-music-productions\/song\/die-welt-will-nicht-gerettet-werden\/","og_site_name":"Patrick Koglin","article_publisher":"https:\/\/www.facebook.com\/profile.php?id=61566852463657","article_modified_time":"2026-05-08T00:30:08+00:00","og_image":[{"width":1024,"height":1024,"url":"https:\/\/www.patrick-koglin.com\/wp-content\/uploads\/2026\/05\/image-28.png","type":"image\/png"}],"twitter_card":"summary_large_image","twitter_misc":{"Est. reading time":"2 minutes"},"schema":{"@context":"https:\/\/schema.org","@graph":[{"@type":"WebPage","@id":"https:\/\/www.patrick-koglin.com\/musik\/pk-music-productions\/song\/die-welt-will-nicht-gerettet-werden\/","url":"https:\/\/www.patrick-koglin.com\/musik\/pk-music-productions\/song\/die-welt-will-nicht-gerettet-werden\/","name":"Die Welt will nicht gerettet werden - Patrick Koglin","isPartOf":{"@id":"https:\/\/www.patrick-koglin.com\/#website"},"primaryImageOfPage":{"@id":"https:\/\/www.patrick-koglin.com\/musik\/pk-music-productions\/song\/die-welt-will-nicht-gerettet-werden\/#primaryimage"},"image":{"@id":"https:\/\/www.patrick-koglin.com\/musik\/pk-music-productions\/song\/die-welt-will-nicht-gerettet-werden\/#primaryimage"},"thumbnailUrl":"https:\/\/www.patrick-koglin.com\/wp-content\/uploads\/2026\/05\/image-28.png","datePublished":"2026-05-08T00:23:49+00:00","dateModified":"2026-05-08T00:30:08+00:00","breadcrumb":{"@id":"https:\/\/www.patrick-koglin.com\/musik\/pk-music-productions\/song\/die-welt-will-nicht-gerettet-werden\/#breadcrumb"},"inLanguage":"en-US","potentialAction":[{"@type":"ReadAction","target":["https:\/\/www.patrick-koglin.com\/musik\/pk-music-productions\/song\/die-welt-will-nicht-gerettet-werden\/"]}]},{"@type":"ImageObject","inLanguage":"en-US","@id":"https:\/\/www.patrick-koglin.com\/musik\/pk-music-productions\/song\/die-welt-will-nicht-gerettet-werden\/#primaryimage","url":"https:\/\/www.patrick-koglin.com\/wp-content\/uploads\/2026\/05\/image-28.png","contentUrl":"https:\/\/www.patrick-koglin.com\/wp-content\/uploads\/2026\/05\/image-28.png"},{"@type":"BreadcrumbList","@id":"https:\/\/www.patrick-koglin.com\/musik\/pk-music-productions\/song\/die-welt-will-nicht-gerettet-werden\/#breadcrumb","itemListElement":[{"@type":"ListItem","position":1,"name":"Startseite","item":"https:\/\/www.patrick-koglin.com\/"},{"@type":"ListItem","position":2,"name":"Musik","item":"https:\/\/www.patrick-koglin.com\/musik\/"},{"@type":"ListItem","position":3,"name":"PK Music Productions","item":"https:\/\/www.patrick-koglin.com\/musik\/pk-music-productions\/"},{"@type":"ListItem","position":4,"name":"Song (PKM)","item":"https:\/\/www.patrick-koglin.com\/musik\/pk-music-productions\/song\/"},{"@type":"ListItem","position":5,"name":"Die Welt will nicht gerettet werden"}]},{"@type":"WebSite","@id":"https:\/\/www.patrick-koglin.com\/#website","url":"https:\/\/www.patrick-koglin.com\/","name":"PK Coaching - Patrick Koglin Unternehmensgruppe","description":"PK Coaching, Business-Design &amp; Development","publisher":{"@id":"https:\/\/www.patrick-koglin.com\/#organization"},"potentialAction":[{"@type":"SearchAction","target":{"@type":"EntryPoint","urlTemplate":"https:\/\/www.patrick-koglin.com\/?s={search_term_string}"},"query-input":{"@type":"PropertyValueSpecification","valueRequired":true,"valueName":"search_term_string"}}],"inLanguage":"en-US"},{"@type":"Organization","@id":"https:\/\/www.patrick-koglin.com\/#organization","name":"Patrick Koglin | CEO von PK Coaching","url":"https:\/\/www.patrick-koglin.com\/","logo":{"@type":"ImageObject","inLanguage":"en-US","@id":"https:\/\/www.patrick-koglin.com\/#\/schema\/logo\/image\/","url":"https:\/\/www.patrick-koglin.com\/wp-content\/uploads\/2025\/07\/cropped-PK16.png","contentUrl":"https:\/\/www.patrick-koglin.com\/wp-content\/uploads\/2025\/07\/cropped-PK16.png","width":619,"height":287,"caption":"Patrick Koglin | CEO von PK Coaching"},"image":{"@id":"https:\/\/www.patrick-koglin.com\/#\/schema\/logo\/image\/"},"sameAs":["https:\/\/www.facebook.com\/profile.php?id=61566852463657"]}]}},"_links":{"self":[{"href":"https:\/\/www.patrick-koglin.com\/en\/wp-json\/wp\/v2\/pages\/15158","targetHints":{"allow":["GET"]}}],"collection":[{"href":"https:\/\/www.patrick-koglin.com\/en\/wp-json\/wp\/v2\/pages"}],"about":[{"href":"https:\/\/www.patrick-koglin.com\/en\/wp-json\/wp\/v2\/types\/page"}],"author":[{"embeddable":true,"href":"https:\/\/www.patrick-koglin.com\/en\/wp-json\/wp\/v2\/users\/1"}],"replies":[{"embeddable":true,"href":"https:\/\/www.patrick-koglin.com\/en\/wp-json\/wp\/v2\/comments?post=15158"}],"version-history":[{"count":1,"href":"https:\/\/www.patrick-koglin.com\/en\/wp-json\/wp\/v2\/pages\/15158\/revisions"}],"predecessor-version":[{"id":15161,"href":"https:\/\/www.patrick-koglin.com\/en\/wp-json\/wp\/v2\/pages\/15158\/revisions\/15161"}],"up":[{"embeddable":true,"href":"https:\/\/www.patrick-koglin.com\/en\/wp-json\/wp\/v2\/pages\/15137"}],"wp:attachment":[{"href":"https:\/\/www.patrick-koglin.com\/en\/wp-json\/wp\/v2\/media?parent=15158"}],"curies":[{"name":"wp","href":"https:\/\/api.w.org\/{rel}","templated":true}]}}