{"id":15163,"date":"2026-05-08T02:29:45","date_gmt":"2026-05-08T00:29:45","guid":{"rendered":"https:\/\/www.patrick-koglin.com\/?page_id=15163"},"modified":"2026-05-08T02:30:17","modified_gmt":"2026-05-08T00:30:17","slug":"glueck-im-unglueck","status":"publish","type":"page","link":"https:\/\/www.patrick-koglin.com\/en\/musik\/pk-music-productions\/song\/glueck-im-unglueck\/","title":{"rendered":"Gl\u00fcck im Ungl\u00fcck"},"content":{"rendered":"\n<figure class=\"wp-block-image size-full is-resized\"><img fetchpriority=\"high\" decoding=\"async\" width=\"1024\" height=\"1024\" src=\"https:\/\/www.patrick-koglin.com\/wp-content\/uploads\/2026\/05\/image-29.png\" alt=\"\" class=\"wp-image-15164\" style=\"width:473px;height:auto\" srcset=\"https:\/\/www.patrick-koglin.com\/wp-content\/uploads\/2026\/05\/image-29.png 1024w, https:\/\/www.patrick-koglin.com\/wp-content\/uploads\/2026\/05\/image-29-300x300.png 300w, https:\/\/www.patrick-koglin.com\/wp-content\/uploads\/2026\/05\/image-29-150x150.png 150w, https:\/\/www.patrick-koglin.com\/wp-content\/uploads\/2026\/05\/image-29-768x768.png 768w, https:\/\/www.patrick-koglin.com\/wp-content\/uploads\/2026\/05\/image-29-12x12.png 12w\" sizes=\"(max-width: 1024px) 100vw, 1024px\" \/><\/figure>\n\n\n\n<p><\/p>\n\n\n\n<p><strong>Album:<\/strong> <a href=\"https:\/\/www.patrick-koglin.com\/musik\/pk-music-productions\/alben\/make-change-work\/\">Make. Change. Work.<\/a><br><strong>Label:<\/strong> <a href=\"https:\/\/www.patrick-koglin.com\/musik\/pk-music-productions\/\">PK Music Productions<\/a><\/p>\n\n\n\n<hr class=\"wp-block-separator has-alpha-channel-opacity\"\/>\n\n\n\n<p>Songtext<\/p>\n\n\n\n<p>[Verse 1]<br>Ich hab\u2019 mir Ziele gesetzt, ganze Listen geschrieben<br>Dachte straight nach oben, ich werd\u2019 niemals mehr liegen<br>Hab\u2019 nen Plan skizziert, jede Etappe markiert<br>Doch das Leben hat gelacht und den Weg umsortiert<\/p>\n\n\n\n<p>Ich hab\u2019 gehofft, hab\u2019 gemacht, jede Chance attackiert<br>Doch auf halber Strecke alles irgendwie krepiert<br>Was ich wollte ging schief, was ich liebte, zerbrach<br>Doch im Staub meiner Tr\u00e4ume lag ein neuerer Pfad<\/p>\n\n\n\n<p>[Chorus]<br>Gl\u00fcck im Ungl\u00fcck, ich fall\u2019 hin und steh\u2019 auf<br>Nie aufgeben, Bruder, das ist Teil uns\u2019rem Lauf<br>Wenn ein Plan untergeht, kommt ein besserer raus<br>Jede Tr\u00e4ne wird zum Tropfen, der mein Feuer entfacht, uh<\/p>\n\n\n\n<p>Gl\u00fcck im Ungl\u00fcck, ich verlier\u2019 und gewinn\u2019<br>Neue Richtung, neuer Drive, neuer Kampfgeist in mir drin<br>Keine Schuld, kein Fingerzeig, ich blick\u2019 nach vorn, nicht zur\u00fcck<br>Denn genau in meinem Scheitern lag das gr\u00f6\u00dfte St\u00fcck Gl\u00fcck<\/p>\n\n\n\n<p>[Verse 2]<br>Fr\u00fcher suchte ich den Grund immer drau\u00dfen im Sturm<br>Politik, andre Leute, jede Ausrede ein Turm<br>Doch die Mauer aus Vorw\u00fcrfen hielt mich selber nur klein<br>Also hab\u2019 ich sie gesprengt, lie\u00df das Opfersein sein<\/p>\n\n\n\n<p>Fehler sind nicht mein Feind, sie sind Wegweiser pur<br>Wenn ein Traum nicht mehr passt, ist es Reife, nicht nur<br>Ich geb\u2019 mir keine Schuld, doch ich schau\u2019 genau hin<br>Frag\u2019 mich: &#8222;Was lern\u2019 ich draus?&#8220; und bau\u2019 nen neuen Beginn<\/p>\n\n\n\n<p>Ich lass\u2019 Vergangenes ruh\u2019n, doch ich leugn\u2019 es nicht weg<br>Es ist Teil meines Fundaments, mein verborgener Schatz im Dreck<br>Was gut war, trag\u2019 ich weiter, lass\u2019 es wieder entflamm\u2019n<br>Aus den Resten alter Pl\u00e4ne bau ich neue Programmm\u2019<\/p>\n\n\n\n<p>[Chorus]<br>Gl\u00fcck im Ungl\u00fcck, ich fall\u2019 hin und steh\u2019 auf<br>Nie aufgeben, Bruder, das ist Teil uns\u2019rem Lauf<br>Wenn ein Plan untergeht, kommt ein besserer raus<br>Jede Tr\u00e4ne wird zum Tropfen, der mein Feuer entfacht, uh<\/p>\n\n\n\n<p>Gl\u00fcck im Ungl\u00fcck, ich verlier\u2019 und gewinn\u2019<br>Neue Richtung, neuer Drive, neuer Kampfgeist in mir drin<br>Keine Schuld, kein Fingerzeig, ich blick\u2019 nach vorn, nicht zur\u00fcck<br>Denn genau in meinem Scheitern lag das gr\u00f6\u00dfte St\u00fcck Gl\u00fcck<\/p>\n\n\n\n<p>[Bridge]<br>Manche Wege brechen ab, ohne Warnschild im Blick<br>Doch genau an diesen Kanten dreh\u2019n wir innerlich mit<br>Es ist kein Zufall, wenn ein Traum in der Luft einfach zerrei\u00dft<br>Vielleicht sch\u00fctzt dich dieser Absturz vor dem falschen Preis<\/p>\n\n\n\n<p>Wir sind mehr als uns\u2019re Fehler, mehr als Ziele im Sand<br>Mehr als Zahlen, die dir zeigen, was du angeblich nicht kannst<br>Du bist Wachstum in Bewegung, du bist Funke und Glut<br>Auch wenn alles grad verbrennt, aus der Asche w\u00e4chst Mut<\/p>\n\n\n\n<p>[Chorus]<br>Gl\u00fcck im Ungl\u00fcck, ich fall\u2019 hin und steh\u2019 auf<br>Nie aufgeben, Bruder, das ist Teil uns\u2019rem Lauf<br>Wenn ein Plan untergeht, kommt ein besserer raus<br>Jede Tr\u00e4ne wird zum Tropfen, der mein Feuer entfacht, uh<\/p>\n\n\n\n<p>Gl\u00fcck im Ungl\u00fcck, ich verlier\u2019 und gewinn\u2019<br>Neue Richtung, neuer Drive, neuer Kampfgeist in mir drin<br>Keine Schuld, kein Fingerzeig, ich blick\u2019 nach vorn, nicht zur\u00fcck<br>Denn genau in meinem Scheitern lag das gr\u00f6\u00dfte St\u00fcck Gl\u00fcck<\/p>\n","protected":false},"excerpt":{"rendered":"<p>Album: Make. Change. Work.Label: PK Music Productions Songtext [Verse 1]Ich hab\u2019 mir Ziele gesetzt, ganze Listen geschriebenDachte straight nach oben, ich werd\u2019 niemals mehr liegenHab\u2019 nen Plan skizziert, jede Etappe markiertDoch das Leben hat gelacht und den Weg umsortiert Ich hab\u2019 gehofft, hab\u2019 gemacht, jede Chance attackiertDoch auf halber Strecke alles irgendwie krepiertWas ich wollte &#8230; <a title=\"Gl\u00fcck im Ungl\u00fcck\" class=\"read-more\" href=\"https:\/\/www.patrick-koglin.com\/en\/musik\/pk-music-productions\/song\/glueck-im-unglueck\/\" aria-label=\"Read more about Gl\u00fcck im Ungl\u00fcck\">Read more<\/a><\/p>\n","protected":false},"author":1,"featured_media":0,"parent":15137,"menu_order":0,"comment_status":"closed","ping_status":"closed","template":"","meta":{"footnotes":""},"class_list":["post-15163","page","type-page","status-publish"],"yoast_head":"<!-- This site is optimized with the Yoast SEO plugin v25.8 - https:\/\/yoast.com\/wordpress\/plugins\/seo\/ -->\n<title>Gl\u00fcck im Ungl\u00fcck - Patrick Koglin<\/title>\n<meta name=\"robots\" content=\"index, follow, max-snippet:-1, max-image-preview:large, max-video-preview:-1\" \/>\n<link rel=\"canonical\" href=\"https:\/\/www.patrick-koglin.com\/en\/musik\/pk-music-productions\/song\/glueck-im-unglueck\/\" \/>\n<meta property=\"og:locale\" content=\"en_US\" \/>\n<meta property=\"og:type\" content=\"article\" \/>\n<meta property=\"og:title\" content=\"Gl\u00fcck im Ungl\u00fcck - Patrick Koglin\" \/>\n<meta property=\"og:description\" content=\"Album: Make. Change. Work.Label: PK Music Productions Songtext [Verse 1]Ich hab\u2019 mir Ziele gesetzt, ganze Listen geschriebenDachte straight nach oben, ich werd\u2019 niemals mehr liegenHab\u2019 nen Plan skizziert, jede Etappe markiertDoch das Leben hat gelacht und den Weg umsortiert Ich hab\u2019 gehofft, hab\u2019 gemacht, jede Chance attackiertDoch auf halber Strecke alles irgendwie krepiertWas ich wollte ... Read more\" \/>\n<meta property=\"og:url\" content=\"https:\/\/www.patrick-koglin.com\/en\/musik\/pk-music-productions\/song\/glueck-im-unglueck\/\" \/>\n<meta property=\"og:site_name\" content=\"Patrick Koglin\" \/>\n<meta property=\"article:publisher\" content=\"https:\/\/www.facebook.com\/profile.php?id=61566852463657\" \/>\n<meta property=\"article:modified_time\" content=\"2026-05-08T00:30:17+00:00\" \/>\n<meta property=\"og:image\" content=\"https:\/\/www.patrick-koglin.com\/wp-content\/uploads\/2026\/05\/image-29.png\" \/>\n\t<meta property=\"og:image:width\" content=\"1024\" \/>\n\t<meta property=\"og:image:height\" content=\"1024\" \/>\n\t<meta property=\"og:image:type\" content=\"image\/png\" \/>\n<meta name=\"twitter:card\" content=\"summary_large_image\" \/>\n<meta name=\"twitter:label1\" content=\"Est. reading time\" \/>\n\t<meta name=\"twitter:data1\" content=\"3 minutes\" \/>\n<script type=\"application\/ld+json\" class=\"yoast-schema-graph\">{\"@context\":\"https:\/\/schema.org\",\"@graph\":[{\"@type\":\"WebPage\",\"@id\":\"https:\/\/www.patrick-koglin.com\/musik\/pk-music-productions\/song\/glueck-im-unglueck\/\",\"url\":\"https:\/\/www.patrick-koglin.com\/musik\/pk-music-productions\/song\/glueck-im-unglueck\/\",\"name\":\"Gl\u00fcck im Ungl\u00fcck - Patrick Koglin\",\"isPartOf\":{\"@id\":\"https:\/\/www.patrick-koglin.com\/#website\"},\"primaryImageOfPage\":{\"@id\":\"https:\/\/www.patrick-koglin.com\/musik\/pk-music-productions\/song\/glueck-im-unglueck\/#primaryimage\"},\"image\":{\"@id\":\"https:\/\/www.patrick-koglin.com\/musik\/pk-music-productions\/song\/glueck-im-unglueck\/#primaryimage\"},\"thumbnailUrl\":\"https:\/\/www.patrick-koglin.com\/wp-content\/uploads\/2026\/05\/image-29.png\",\"datePublished\":\"2026-05-08T00:29:45+00:00\",\"dateModified\":\"2026-05-08T00:30:17+00:00\",\"breadcrumb\":{\"@id\":\"https:\/\/www.patrick-koglin.com\/musik\/pk-music-productions\/song\/glueck-im-unglueck\/#breadcrumb\"},\"inLanguage\":\"en-US\",\"potentialAction\":[{\"@type\":\"ReadAction\",\"target\":[\"https:\/\/www.patrick-koglin.com\/musik\/pk-music-productions\/song\/glueck-im-unglueck\/\"]}]},{\"@type\":\"ImageObject\",\"inLanguage\":\"en-US\",\"@id\":\"https:\/\/www.patrick-koglin.com\/musik\/pk-music-productions\/song\/glueck-im-unglueck\/#primaryimage\",\"url\":\"https:\/\/www.patrick-koglin.com\/wp-content\/uploads\/2026\/05\/image-29.png\",\"contentUrl\":\"https:\/\/www.patrick-koglin.com\/wp-content\/uploads\/2026\/05\/image-29.png\"},{\"@type\":\"BreadcrumbList\",\"@id\":\"https:\/\/www.patrick-koglin.com\/musik\/pk-music-productions\/song\/glueck-im-unglueck\/#breadcrumb\",\"itemListElement\":[{\"@type\":\"ListItem\",\"position\":1,\"name\":\"Startseite\",\"item\":\"https:\/\/www.patrick-koglin.com\/\"},{\"@type\":\"ListItem\",\"position\":2,\"name\":\"Musik\",\"item\":\"https:\/\/www.patrick-koglin.com\/musik\/\"},{\"@type\":\"ListItem\",\"position\":3,\"name\":\"PK Music Productions\",\"item\":\"https:\/\/www.patrick-koglin.com\/musik\/pk-music-productions\/\"},{\"@type\":\"ListItem\",\"position\":4,\"name\":\"Song (PKM)\",\"item\":\"https:\/\/www.patrick-koglin.com\/musik\/pk-music-productions\/song\/\"},{\"@type\":\"ListItem\",\"position\":5,\"name\":\"Gl\u00fcck im Ungl\u00fcck\"}]},{\"@type\":\"WebSite\",\"@id\":\"https:\/\/www.patrick-koglin.com\/#website\",\"url\":\"https:\/\/www.patrick-koglin.com\/\",\"name\":\"PK Coaching - Patrick Koglin Unternehmensgruppe\",\"description\":\"PK Coaching, Business-Design &amp; Development\",\"publisher\":{\"@id\":\"https:\/\/www.patrick-koglin.com\/#organization\"},\"potentialAction\":[{\"@type\":\"SearchAction\",\"target\":{\"@type\":\"EntryPoint\",\"urlTemplate\":\"https:\/\/www.patrick-koglin.com\/?s={search_term_string}\"},\"query-input\":{\"@type\":\"PropertyValueSpecification\",\"valueRequired\":true,\"valueName\":\"search_term_string\"}}],\"inLanguage\":\"en-US\"},{\"@type\":\"Organization\",\"@id\":\"https:\/\/www.patrick-koglin.com\/#organization\",\"name\":\"Patrick Koglin | CEO von PK Coaching\",\"url\":\"https:\/\/www.patrick-koglin.com\/\",\"logo\":{\"@type\":\"ImageObject\",\"inLanguage\":\"en-US\",\"@id\":\"https:\/\/www.patrick-koglin.com\/#\/schema\/logo\/image\/\",\"url\":\"https:\/\/www.patrick-koglin.com\/wp-content\/uploads\/2025\/07\/cropped-PK16.png\",\"contentUrl\":\"https:\/\/www.patrick-koglin.com\/wp-content\/uploads\/2025\/07\/cropped-PK16.png\",\"width\":619,\"height\":287,\"caption\":\"Patrick Koglin | CEO von PK Coaching\"},\"image\":{\"@id\":\"https:\/\/www.patrick-koglin.com\/#\/schema\/logo\/image\/\"},\"sameAs\":[\"https:\/\/www.facebook.com\/profile.php?id=61566852463657\"]}]}<\/script>\n<!-- \/ Yoast SEO plugin. -->","yoast_head_json":{"title":"Gl\u00fcck im Ungl\u00fcck - Patrick Koglin","robots":{"index":"index","follow":"follow","max-snippet":"max-snippet:-1","max-image-preview":"max-image-preview:large","max-video-preview":"max-video-preview:-1"},"canonical":"https:\/\/www.patrick-koglin.com\/en\/musik\/pk-music-productions\/song\/glueck-im-unglueck\/","og_locale":"en_US","og_type":"article","og_title":"Gl\u00fcck im Ungl\u00fcck - Patrick Koglin","og_description":"Album: Make. Change. Work.Label: PK Music Productions Songtext [Verse 1]Ich hab\u2019 mir Ziele gesetzt, ganze Listen geschriebenDachte straight nach oben, ich werd\u2019 niemals mehr liegenHab\u2019 nen Plan skizziert, jede Etappe markiertDoch das Leben hat gelacht und den Weg umsortiert Ich hab\u2019 gehofft, hab\u2019 gemacht, jede Chance attackiertDoch auf halber Strecke alles irgendwie krepiertWas ich wollte ... Read more","og_url":"https:\/\/www.patrick-koglin.com\/en\/musik\/pk-music-productions\/song\/glueck-im-unglueck\/","og_site_name":"Patrick Koglin","article_publisher":"https:\/\/www.facebook.com\/profile.php?id=61566852463657","article_modified_time":"2026-05-08T00:30:17+00:00","og_image":[{"width":1024,"height":1024,"url":"https:\/\/www.patrick-koglin.com\/wp-content\/uploads\/2026\/05\/image-29.png","type":"image\/png"}],"twitter_card":"summary_large_image","twitter_misc":{"Est. reading time":"3 minutes"},"schema":{"@context":"https:\/\/schema.org","@graph":[{"@type":"WebPage","@id":"https:\/\/www.patrick-koglin.com\/musik\/pk-music-productions\/song\/glueck-im-unglueck\/","url":"https:\/\/www.patrick-koglin.com\/musik\/pk-music-productions\/song\/glueck-im-unglueck\/","name":"Gl\u00fcck im Ungl\u00fcck - Patrick Koglin","isPartOf":{"@id":"https:\/\/www.patrick-koglin.com\/#website"},"primaryImageOfPage":{"@id":"https:\/\/www.patrick-koglin.com\/musik\/pk-music-productions\/song\/glueck-im-unglueck\/#primaryimage"},"image":{"@id":"https:\/\/www.patrick-koglin.com\/musik\/pk-music-productions\/song\/glueck-im-unglueck\/#primaryimage"},"thumbnailUrl":"https:\/\/www.patrick-koglin.com\/wp-content\/uploads\/2026\/05\/image-29.png","datePublished":"2026-05-08T00:29:45+00:00","dateModified":"2026-05-08T00:30:17+00:00","breadcrumb":{"@id":"https:\/\/www.patrick-koglin.com\/musik\/pk-music-productions\/song\/glueck-im-unglueck\/#breadcrumb"},"inLanguage":"en-US","potentialAction":[{"@type":"ReadAction","target":["https:\/\/www.patrick-koglin.com\/musik\/pk-music-productions\/song\/glueck-im-unglueck\/"]}]},{"@type":"ImageObject","inLanguage":"en-US","@id":"https:\/\/www.patrick-koglin.com\/musik\/pk-music-productions\/song\/glueck-im-unglueck\/#primaryimage","url":"https:\/\/www.patrick-koglin.com\/wp-content\/uploads\/2026\/05\/image-29.png","contentUrl":"https:\/\/www.patrick-koglin.com\/wp-content\/uploads\/2026\/05\/image-29.png"},{"@type":"BreadcrumbList","@id":"https:\/\/www.patrick-koglin.com\/musik\/pk-music-productions\/song\/glueck-im-unglueck\/#breadcrumb","itemListElement":[{"@type":"ListItem","position":1,"name":"Startseite","item":"https:\/\/www.patrick-koglin.com\/"},{"@type":"ListItem","position":2,"name":"Musik","item":"https:\/\/www.patrick-koglin.com\/musik\/"},{"@type":"ListItem","position":3,"name":"PK Music Productions","item":"https:\/\/www.patrick-koglin.com\/musik\/pk-music-productions\/"},{"@type":"ListItem","position":4,"name":"Song (PKM)","item":"https:\/\/www.patrick-koglin.com\/musik\/pk-music-productions\/song\/"},{"@type":"ListItem","position":5,"name":"Gl\u00fcck im Ungl\u00fcck"}]},{"@type":"WebSite","@id":"https:\/\/www.patrick-koglin.com\/#website","url":"https:\/\/www.patrick-koglin.com\/","name":"PK Coaching - Patrick Koglin Unternehmensgruppe","description":"PK Coaching, Business-Design &amp; Development","publisher":{"@id":"https:\/\/www.patrick-koglin.com\/#organization"},"potentialAction":[{"@type":"SearchAction","target":{"@type":"EntryPoint","urlTemplate":"https:\/\/www.patrick-koglin.com\/?s={search_term_string}"},"query-input":{"@type":"PropertyValueSpecification","valueRequired":true,"valueName":"search_term_string"}}],"inLanguage":"en-US"},{"@type":"Organization","@id":"https:\/\/www.patrick-koglin.com\/#organization","name":"Patrick Koglin | CEO von PK Coaching","url":"https:\/\/www.patrick-koglin.com\/","logo":{"@type":"ImageObject","inLanguage":"en-US","@id":"https:\/\/www.patrick-koglin.com\/#\/schema\/logo\/image\/","url":"https:\/\/www.patrick-koglin.com\/wp-content\/uploads\/2025\/07\/cropped-PK16.png","contentUrl":"https:\/\/www.patrick-koglin.com\/wp-content\/uploads\/2025\/07\/cropped-PK16.png","width":619,"height":287,"caption":"Patrick Koglin | CEO von PK Coaching"},"image":{"@id":"https:\/\/www.patrick-koglin.com\/#\/schema\/logo\/image\/"},"sameAs":["https:\/\/www.facebook.com\/profile.php?id=61566852463657"]}]}},"_links":{"self":[{"href":"https:\/\/www.patrick-koglin.com\/en\/wp-json\/wp\/v2\/pages\/15163","targetHints":{"allow":["GET"]}}],"collection":[{"href":"https:\/\/www.patrick-koglin.com\/en\/wp-json\/wp\/v2\/pages"}],"about":[{"href":"https:\/\/www.patrick-koglin.com\/en\/wp-json\/wp\/v2\/types\/page"}],"author":[{"embeddable":true,"href":"https:\/\/www.patrick-koglin.com\/en\/wp-json\/wp\/v2\/users\/1"}],"replies":[{"embeddable":true,"href":"https:\/\/www.patrick-koglin.com\/en\/wp-json\/wp\/v2\/comments?post=15163"}],"version-history":[{"count":2,"href":"https:\/\/www.patrick-koglin.com\/en\/wp-json\/wp\/v2\/pages\/15163\/revisions"}],"predecessor-version":[{"id":15168,"href":"https:\/\/www.patrick-koglin.com\/en\/wp-json\/wp\/v2\/pages\/15163\/revisions\/15168"}],"up":[{"embeddable":true,"href":"https:\/\/www.patrick-koglin.com\/en\/wp-json\/wp\/v2\/pages\/15137"}],"wp:attachment":[{"href":"https:\/\/www.patrick-koglin.com\/en\/wp-json\/wp\/v2\/media?parent=15163"}],"curies":[{"name":"wp","href":"https:\/\/api.w.org\/{rel}","templated":true}]}}