{"id":15176,"date":"2026-05-08T02:38:40","date_gmt":"2026-05-08T00:38:40","guid":{"rendered":"https:\/\/www.patrick-koglin.com\/?page_id=15176"},"modified":"2026-05-08T02:38:42","modified_gmt":"2026-05-08T00:38:42","slug":"danke-mama","status":"publish","type":"page","link":"https:\/\/www.patrick-koglin.com\/en\/musik\/pk-music-productions\/song\/danke-mama\/","title":{"rendered":"Danke Mama"},"content":{"rendered":"\n<figure class=\"wp-block-image size-full is-resized\"><img fetchpriority=\"high\" decoding=\"async\" width=\"1024\" height=\"1024\" src=\"https:\/\/www.patrick-koglin.com\/wp-content\/uploads\/2026\/05\/image-30.png\" alt=\"\" class=\"wp-image-15177\" style=\"width:335px;height:auto\" srcset=\"https:\/\/www.patrick-koglin.com\/wp-content\/uploads\/2026\/05\/image-30.png 1024w, https:\/\/www.patrick-koglin.com\/wp-content\/uploads\/2026\/05\/image-30-300x300.png 300w, https:\/\/www.patrick-koglin.com\/wp-content\/uploads\/2026\/05\/image-30-150x150.png 150w, https:\/\/www.patrick-koglin.com\/wp-content\/uploads\/2026\/05\/image-30-768x768.png 768w, https:\/\/www.patrick-koglin.com\/wp-content\/uploads\/2026\/05\/image-30-12x12.png 12w\" sizes=\"(max-width: 1024px) 100vw, 1024px\" \/><\/figure>\n\n\n\n<p><\/p>\n\n\n\n<p><strong>Album:<\/strong> <a href=\"https:\/\/www.patrick-koglin.com\/musik\/pk-music-productions\/alben\/make-change-work\/\">Make. Change. Work.<\/a><br><strong>Label:<\/strong> <a href=\"https:\/\/www.patrick-koglin.com\/musik\/pk-music-productions\/\">PK Music Productions<\/a><\/p>\n\n\n\n<hr class=\"wp-block-separator has-alpha-channel-opacity\"\/>\n\n\n\n<h2 class=\"wp-block-heading\">Songtext<\/h2>\n\n\n\n<p>[Verse 1]<br>Du warst da, wenn ich fiel,<br>hast mich immer wieder aufgebaut.<br>Mit ruhigen H\u00e4nden,<br>wenn mein Kopf zu laut war, hast du mich wieder geerdet.<\/p>\n\n\n\n<p>Du hast gewartet,<br>auch wenn Tage schwer und lang gewesen sind.<br>Und aus wenig ganz viel gemacht,<br>damit ich mich sicher f\u00fchl.<\/p>\n\n\n\n<p>Du hast gegeben,<br>ohne je nach Gegenleistung zu fragen.<br>Und deine Liebe war stark,<br>auch wenn du selber m\u00fcde warst.<\/p>\n\n\n\n<p>[Pre-Chorus]<br>Ich seh so viel in dir,<br>was ich fr\u00fcher nicht verstanden hab.<br>Geduld in jedem Blick,<br>Kraft in jedem Schritt, den du f\u00fcr uns gemacht hast.<\/p>\n\n\n\n<p>[Chorus]<br>Danke, Mama, danke<br>f\u00fcr alles, was du tust.<br>Danke, Mama, danke<br>f\u00fcr die Liebe, die uns h\u00e4lt.<\/p>\n\n\n\n<p>Danke, Mama, danke<br>f\u00fcr Geduld und f\u00fcr dein Herz.<br>Danke, Mama, danke<br>du tr\u00e4gst uns durch den Schmerz.<\/p>\n\n\n\n<p>[Verse 2]<br>Du hast aus Tagen N\u00e4chte gemacht,<br>damit wir ruhig schlafen konnten.<br>Hast Sorgen still getragen,<br>damit wir nicht daran zerbrechen mussten.<\/p>\n\n\n\n<p>Du hast gelernt zu l\u00e4cheln,<br>auch wenn dir selbst nicht danach war.<br>Und wenn wir Fehler hatten,<br>warst du trotzdem noch ganz nah.<\/p>\n\n\n\n<p>Du hast uns Wege gezeigt,<br>ohne uns die Richtung vorzuschreiben.<br>Und in deinen Worten lag<br>so viel Mut, dass wir es tragen.<\/p>\n\n\n\n<p>[Pre-Chorus]<br>Ich seh so viel in dir,<br>was man nicht in Worte packt.<br>F\u00fcrsorge in jeder Tat,<br>und eine St\u00e4rke, die kein Sturm zerknackt.<\/p>\n\n\n\n<p>[Chorus]<br>Danke, Mama, danke<br>f\u00fcr alles, was du tust.<br>Danke, Mama, danke<br>f\u00fcr die Liebe, die uns h\u00e4lt.<\/p>\n\n\n\n<p>Danke, Mama, danke<br>f\u00fcr Geduld und f\u00fcr dein Herz.<br>Danke, Mama, danke<br>du tr\u00e4gst uns durch den Schmerz.<\/p>\n\n\n\n<p>[Bridge]<br>F\u00fcr die H\u00e4nde, die nie ruhn,<br>f\u00fcr die W\u00e4rme, die bleibt.<br>F\u00fcr den Blick, der sagt:<br>\u201eIch glaub an dich\u201c, zu jeder Zeit.<\/p>\n\n\n\n<p>F\u00fcr die Opfer, die man nicht sieht,<br>f\u00fcr die Last, die du kennst.<br>F\u00fcr das Leben, das du gibst,<br>weil du mehr als nur Mama bist.<\/p>\n\n\n\n<p>[Chorus]<br>Danke, Mama, danke<br>f\u00fcr alles, was du tust.<br>Danke, Mama, danke<br>f\u00fcr die Liebe, die uns h\u00e4lt.<\/p>\n\n\n\n<p>Danke, Mama, danke<br>f\u00fcr Geduld und f\u00fcr dein Herz.<br>Danke, Mama, danke<br>du tr\u00e4gst uns durch den Schmerz.<\/p>\n","protected":false},"excerpt":{"rendered":"<p>Album: Make. Change. Work.Label: PK Music Productions Songtext [Verse 1]Du warst da, wenn ich fiel,hast mich immer wieder aufgebaut.Mit ruhigen H\u00e4nden,wenn mein Kopf zu laut war, hast du mich wieder geerdet. Du hast gewartet,auch wenn Tage schwer und lang gewesen sind.Und aus wenig ganz viel gemacht,damit ich mich sicher f\u00fchl. Du hast gegeben,ohne je nach &#8230; <a title=\"Danke Mama\" class=\"read-more\" href=\"https:\/\/www.patrick-koglin.com\/en\/musik\/pk-music-productions\/song\/danke-mama\/\" aria-label=\"Read more about Danke Mama\">Read more<\/a><\/p>\n","protected":false},"author":1,"featured_media":0,"parent":15137,"menu_order":0,"comment_status":"closed","ping_status":"closed","template":"","meta":{"footnotes":""},"class_list":["post-15176","page","type-page","status-publish"],"yoast_head":"<!-- This site is optimized with the Yoast SEO plugin v25.8 - https:\/\/yoast.com\/wordpress\/plugins\/seo\/ -->\n<title>Danke Mama - Patrick Koglin<\/title>\n<meta name=\"robots\" content=\"index, follow, max-snippet:-1, max-image-preview:large, max-video-preview:-1\" \/>\n<link rel=\"canonical\" href=\"https:\/\/www.patrick-koglin.com\/en\/musik\/pk-music-productions\/song\/danke-mama\/\" \/>\n<meta property=\"og:locale\" content=\"en_US\" \/>\n<meta property=\"og:type\" content=\"article\" \/>\n<meta property=\"og:title\" content=\"Danke Mama - Patrick Koglin\" \/>\n<meta property=\"og:description\" content=\"Album: Make. Change. Work.Label: PK Music Productions Songtext [Verse 1]Du warst da, wenn ich fiel,hast mich immer wieder aufgebaut.Mit ruhigen H\u00e4nden,wenn mein Kopf zu laut war, hast du mich wieder geerdet. Du hast gewartet,auch wenn Tage schwer und lang gewesen sind.Und aus wenig ganz viel gemacht,damit ich mich sicher f\u00fchl. Du hast gegeben,ohne je nach ... Read more\" \/>\n<meta property=\"og:url\" content=\"https:\/\/www.patrick-koglin.com\/en\/musik\/pk-music-productions\/song\/danke-mama\/\" \/>\n<meta property=\"og:site_name\" content=\"Patrick Koglin\" \/>\n<meta property=\"article:publisher\" content=\"https:\/\/www.facebook.com\/profile.php?id=61566852463657\" \/>\n<meta property=\"article:modified_time\" content=\"2026-05-08T00:38:42+00:00\" \/>\n<meta property=\"og:image\" content=\"https:\/\/www.patrick-koglin.com\/wp-content\/uploads\/2026\/05\/image-30.png\" \/>\n\t<meta property=\"og:image:width\" content=\"1024\" \/>\n\t<meta property=\"og:image:height\" content=\"1024\" \/>\n\t<meta property=\"og:image:type\" content=\"image\/png\" \/>\n<meta name=\"twitter:card\" content=\"summary_large_image\" \/>\n<meta name=\"twitter:label1\" content=\"Est. reading time\" \/>\n\t<meta name=\"twitter:data1\" content=\"3 minutes\" \/>\n<script type=\"application\/ld+json\" class=\"yoast-schema-graph\">{\"@context\":\"https:\/\/schema.org\",\"@graph\":[{\"@type\":\"WebPage\",\"@id\":\"https:\/\/www.patrick-koglin.com\/musik\/pk-music-productions\/song\/danke-mama\/\",\"url\":\"https:\/\/www.patrick-koglin.com\/musik\/pk-music-productions\/song\/danke-mama\/\",\"name\":\"Danke Mama - Patrick Koglin\",\"isPartOf\":{\"@id\":\"https:\/\/www.patrick-koglin.com\/#website\"},\"primaryImageOfPage\":{\"@id\":\"https:\/\/www.patrick-koglin.com\/musik\/pk-music-productions\/song\/danke-mama\/#primaryimage\"},\"image\":{\"@id\":\"https:\/\/www.patrick-koglin.com\/musik\/pk-music-productions\/song\/danke-mama\/#primaryimage\"},\"thumbnailUrl\":\"https:\/\/www.patrick-koglin.com\/wp-content\/uploads\/2026\/05\/image-30.png\",\"datePublished\":\"2026-05-08T00:38:40+00:00\",\"dateModified\":\"2026-05-08T00:38:42+00:00\",\"breadcrumb\":{\"@id\":\"https:\/\/www.patrick-koglin.com\/musik\/pk-music-productions\/song\/danke-mama\/#breadcrumb\"},\"inLanguage\":\"en-US\",\"potentialAction\":[{\"@type\":\"ReadAction\",\"target\":[\"https:\/\/www.patrick-koglin.com\/musik\/pk-music-productions\/song\/danke-mama\/\"]}]},{\"@type\":\"ImageObject\",\"inLanguage\":\"en-US\",\"@id\":\"https:\/\/www.patrick-koglin.com\/musik\/pk-music-productions\/song\/danke-mama\/#primaryimage\",\"url\":\"https:\/\/www.patrick-koglin.com\/wp-content\/uploads\/2026\/05\/image-30.png\",\"contentUrl\":\"https:\/\/www.patrick-koglin.com\/wp-content\/uploads\/2026\/05\/image-30.png\"},{\"@type\":\"BreadcrumbList\",\"@id\":\"https:\/\/www.patrick-koglin.com\/musik\/pk-music-productions\/song\/danke-mama\/#breadcrumb\",\"itemListElement\":[{\"@type\":\"ListItem\",\"position\":1,\"name\":\"Startseite\",\"item\":\"https:\/\/www.patrick-koglin.com\/\"},{\"@type\":\"ListItem\",\"position\":2,\"name\":\"Musik\",\"item\":\"https:\/\/www.patrick-koglin.com\/musik\/\"},{\"@type\":\"ListItem\",\"position\":3,\"name\":\"PK Music Productions\",\"item\":\"https:\/\/www.patrick-koglin.com\/musik\/pk-music-productions\/\"},{\"@type\":\"ListItem\",\"position\":4,\"name\":\"Song (PKM)\",\"item\":\"https:\/\/www.patrick-koglin.com\/musik\/pk-music-productions\/song\/\"},{\"@type\":\"ListItem\",\"position\":5,\"name\":\"Danke Mama\"}]},{\"@type\":\"WebSite\",\"@id\":\"https:\/\/www.patrick-koglin.com\/#website\",\"url\":\"https:\/\/www.patrick-koglin.com\/\",\"name\":\"PK Coaching - Patrick Koglin Unternehmensgruppe\",\"description\":\"PK Coaching, Business-Design &amp; Development\",\"publisher\":{\"@id\":\"https:\/\/www.patrick-koglin.com\/#organization\"},\"potentialAction\":[{\"@type\":\"SearchAction\",\"target\":{\"@type\":\"EntryPoint\",\"urlTemplate\":\"https:\/\/www.patrick-koglin.com\/?s={search_term_string}\"},\"query-input\":{\"@type\":\"PropertyValueSpecification\",\"valueRequired\":true,\"valueName\":\"search_term_string\"}}],\"inLanguage\":\"en-US\"},{\"@type\":\"Organization\",\"@id\":\"https:\/\/www.patrick-koglin.com\/#organization\",\"name\":\"Patrick Koglin | CEO von PK Coaching\",\"url\":\"https:\/\/www.patrick-koglin.com\/\",\"logo\":{\"@type\":\"ImageObject\",\"inLanguage\":\"en-US\",\"@id\":\"https:\/\/www.patrick-koglin.com\/#\/schema\/logo\/image\/\",\"url\":\"https:\/\/www.patrick-koglin.com\/wp-content\/uploads\/2025\/07\/cropped-PK16.png\",\"contentUrl\":\"https:\/\/www.patrick-koglin.com\/wp-content\/uploads\/2025\/07\/cropped-PK16.png\",\"width\":619,\"height\":287,\"caption\":\"Patrick Koglin | CEO von PK Coaching\"},\"image\":{\"@id\":\"https:\/\/www.patrick-koglin.com\/#\/schema\/logo\/image\/\"},\"sameAs\":[\"https:\/\/www.facebook.com\/profile.php?id=61566852463657\"]}]}<\/script>\n<!-- \/ Yoast SEO plugin. -->","yoast_head_json":{"title":"Danke Mama - Patrick Koglin","robots":{"index":"index","follow":"follow","max-snippet":"max-snippet:-1","max-image-preview":"max-image-preview:large","max-video-preview":"max-video-preview:-1"},"canonical":"https:\/\/www.patrick-koglin.com\/en\/musik\/pk-music-productions\/song\/danke-mama\/","og_locale":"en_US","og_type":"article","og_title":"Danke Mama - Patrick Koglin","og_description":"Album: Make. Change. Work.Label: PK Music Productions Songtext [Verse 1]Du warst da, wenn ich fiel,hast mich immer wieder aufgebaut.Mit ruhigen H\u00e4nden,wenn mein Kopf zu laut war, hast du mich wieder geerdet. Du hast gewartet,auch wenn Tage schwer und lang gewesen sind.Und aus wenig ganz viel gemacht,damit ich mich sicher f\u00fchl. Du hast gegeben,ohne je nach ... Read more","og_url":"https:\/\/www.patrick-koglin.com\/en\/musik\/pk-music-productions\/song\/danke-mama\/","og_site_name":"Patrick Koglin","article_publisher":"https:\/\/www.facebook.com\/profile.php?id=61566852463657","article_modified_time":"2026-05-08T00:38:42+00:00","og_image":[{"width":1024,"height":1024,"url":"https:\/\/www.patrick-koglin.com\/wp-content\/uploads\/2026\/05\/image-30.png","type":"image\/png"}],"twitter_card":"summary_large_image","twitter_misc":{"Est. reading time":"3 minutes"},"schema":{"@context":"https:\/\/schema.org","@graph":[{"@type":"WebPage","@id":"https:\/\/www.patrick-koglin.com\/musik\/pk-music-productions\/song\/danke-mama\/","url":"https:\/\/www.patrick-koglin.com\/musik\/pk-music-productions\/song\/danke-mama\/","name":"Danke Mama - Patrick Koglin","isPartOf":{"@id":"https:\/\/www.patrick-koglin.com\/#website"},"primaryImageOfPage":{"@id":"https:\/\/www.patrick-koglin.com\/musik\/pk-music-productions\/song\/danke-mama\/#primaryimage"},"image":{"@id":"https:\/\/www.patrick-koglin.com\/musik\/pk-music-productions\/song\/danke-mama\/#primaryimage"},"thumbnailUrl":"https:\/\/www.patrick-koglin.com\/wp-content\/uploads\/2026\/05\/image-30.png","datePublished":"2026-05-08T00:38:40+00:00","dateModified":"2026-05-08T00:38:42+00:00","breadcrumb":{"@id":"https:\/\/www.patrick-koglin.com\/musik\/pk-music-productions\/song\/danke-mama\/#breadcrumb"},"inLanguage":"en-US","potentialAction":[{"@type":"ReadAction","target":["https:\/\/www.patrick-koglin.com\/musik\/pk-music-productions\/song\/danke-mama\/"]}]},{"@type":"ImageObject","inLanguage":"en-US","@id":"https:\/\/www.patrick-koglin.com\/musik\/pk-music-productions\/song\/danke-mama\/#primaryimage","url":"https:\/\/www.patrick-koglin.com\/wp-content\/uploads\/2026\/05\/image-30.png","contentUrl":"https:\/\/www.patrick-koglin.com\/wp-content\/uploads\/2026\/05\/image-30.png"},{"@type":"BreadcrumbList","@id":"https:\/\/www.patrick-koglin.com\/musik\/pk-music-productions\/song\/danke-mama\/#breadcrumb","itemListElement":[{"@type":"ListItem","position":1,"name":"Startseite","item":"https:\/\/www.patrick-koglin.com\/"},{"@type":"ListItem","position":2,"name":"Musik","item":"https:\/\/www.patrick-koglin.com\/musik\/"},{"@type":"ListItem","position":3,"name":"PK Music Productions","item":"https:\/\/www.patrick-koglin.com\/musik\/pk-music-productions\/"},{"@type":"ListItem","position":4,"name":"Song (PKM)","item":"https:\/\/www.patrick-koglin.com\/musik\/pk-music-productions\/song\/"},{"@type":"ListItem","position":5,"name":"Danke Mama"}]},{"@type":"WebSite","@id":"https:\/\/www.patrick-koglin.com\/#website","url":"https:\/\/www.patrick-koglin.com\/","name":"PK Coaching - Patrick Koglin Unternehmensgruppe","description":"PK Coaching, Business-Design &amp; Development","publisher":{"@id":"https:\/\/www.patrick-koglin.com\/#organization"},"potentialAction":[{"@type":"SearchAction","target":{"@type":"EntryPoint","urlTemplate":"https:\/\/www.patrick-koglin.com\/?s={search_term_string}"},"query-input":{"@type":"PropertyValueSpecification","valueRequired":true,"valueName":"search_term_string"}}],"inLanguage":"en-US"},{"@type":"Organization","@id":"https:\/\/www.patrick-koglin.com\/#organization","name":"Patrick Koglin | CEO von PK Coaching","url":"https:\/\/www.patrick-koglin.com\/","logo":{"@type":"ImageObject","inLanguage":"en-US","@id":"https:\/\/www.patrick-koglin.com\/#\/schema\/logo\/image\/","url":"https:\/\/www.patrick-koglin.com\/wp-content\/uploads\/2025\/07\/cropped-PK16.png","contentUrl":"https:\/\/www.patrick-koglin.com\/wp-content\/uploads\/2025\/07\/cropped-PK16.png","width":619,"height":287,"caption":"Patrick Koglin | CEO von PK Coaching"},"image":{"@id":"https:\/\/www.patrick-koglin.com\/#\/schema\/logo\/image\/"},"sameAs":["https:\/\/www.facebook.com\/profile.php?id=61566852463657"]}]}},"_links":{"self":[{"href":"https:\/\/www.patrick-koglin.com\/en\/wp-json\/wp\/v2\/pages\/15176","targetHints":{"allow":["GET"]}}],"collection":[{"href":"https:\/\/www.patrick-koglin.com\/en\/wp-json\/wp\/v2\/pages"}],"about":[{"href":"https:\/\/www.patrick-koglin.com\/en\/wp-json\/wp\/v2\/types\/page"}],"author":[{"embeddable":true,"href":"https:\/\/www.patrick-koglin.com\/en\/wp-json\/wp\/v2\/users\/1"}],"replies":[{"embeddable":true,"href":"https:\/\/www.patrick-koglin.com\/en\/wp-json\/wp\/v2\/comments?post=15176"}],"version-history":[{"count":1,"href":"https:\/\/www.patrick-koglin.com\/en\/wp-json\/wp\/v2\/pages\/15176\/revisions"}],"predecessor-version":[{"id":15178,"href":"https:\/\/www.patrick-koglin.com\/en\/wp-json\/wp\/v2\/pages\/15176\/revisions\/15178"}],"up":[{"embeddable":true,"href":"https:\/\/www.patrick-koglin.com\/en\/wp-json\/wp\/v2\/pages\/15137"}],"wp:attachment":[{"href":"https:\/\/www.patrick-koglin.com\/en\/wp-json\/wp\/v2\/media?parent=15176"}],"curies":[{"name":"wp","href":"https:\/\/api.w.org\/{rel}","templated":true}]}}