{"id":15219,"date":"2026-05-09T20:50:11","date_gmt":"2026-05-09T18:50:11","guid":{"rendered":"https:\/\/www.patrick-koglin.com\/?page_id=15219"},"modified":"2026-05-09T20:51:16","modified_gmt":"2026-05-09T18:51:16","slug":"stimme-zurueck","status":"publish","type":"page","link":"https:\/\/www.patrick-koglin.com\/en\/musik\/pk-music-productions\/song\/stimme-zurueck\/","title":{"rendered":"Stimme zur\u00fcck"},"content":{"rendered":"\n<figure class=\"wp-block-image size-full is-resized\"><img fetchpriority=\"high\" decoding=\"async\" width=\"1024\" height=\"1024\" src=\"https:\/\/www.patrick-koglin.com\/wp-content\/uploads\/2026\/05\/image-31.png\" alt=\"\" class=\"wp-image-15220\" style=\"width:425px;height:auto\" srcset=\"https:\/\/www.patrick-koglin.com\/wp-content\/uploads\/2026\/05\/image-31.png 1024w, https:\/\/www.patrick-koglin.com\/wp-content\/uploads\/2026\/05\/image-31-300x300.png 300w, https:\/\/www.patrick-koglin.com\/wp-content\/uploads\/2026\/05\/image-31-150x150.png 150w, https:\/\/www.patrick-koglin.com\/wp-content\/uploads\/2026\/05\/image-31-768x768.png 768w, https:\/\/www.patrick-koglin.com\/wp-content\/uploads\/2026\/05\/image-31-12x12.png 12w\" sizes=\"(max-width: 1024px) 100vw, 1024px\" \/><\/figure>\n\n\n\n<p><\/p>\n\n\n\n<p>[Strophe 1]<br>Hab mich kleinreden lassen<br>Hab geschwiegen, still gelassen<br>Worte stapeln sich im Herz<br>Schwere Steine, tiefer Schmerz<\/p>\n\n\n\n<p>Hab Notizen auf dem Boden<br>Meine Wahrheit an den Toren<br>Dreh seit Tagen um den Block<br>Such den einen, hellen Funken noch<\/p>\n\n\n\n<p>Die nahmen St\u00fccke, nicht alles<br>Trotzdem schn\u00fcrte mir die Kehle<br>Jeder Raum viel zu eng<br>Jedes Ja klang zu fremd<\/p>\n\n\n\n<p>War noch da, doch verschoben<br>Mein Name stand da, ich hab ihn verwoben<br>Jetzt kratz ich mir meinen Sound<br>Aus der Tiefe, aus dem Grund<\/p>\n\n\n\n<p>[Pre-Refrain]<br>H\u00f6r den Riss in der Stille<br>Das bin ich, der sie zers\u00e4gt<br>War verirrt, jetzt entflamme<br>Jeden Nerv, der in mir lebt<\/p>\n\n\n\n<p>Ein Atem, dann ich nehm ihn<br>Ein Wort, und es bebt mit<br>War zu lange viel zu leise<br>Jetzt komm ich mit Gewicht<\/p>\n\n\n\n<p>[Refrain]<br>Stimme zur\u00fcck<br>Stimme zur\u00fcck<br>Sag es laut, sag es jetzt<br>Stimme zur\u00fcck<\/p>\n\n\n\n<p>Stimme zur\u00fcck<br>Stimme zur\u00fcck<br>War kurz weg, f\u00fcr \u2019nen Moment<br>Jetzt brenn ich brennend<\/p>\n\n\n\n<p>[Strophe 2]<br>Trug mein Schweigen wie Ketten<br>Hab gel\u00e4chelt durch das Pressen<br>Hatte Sturm in meinem Mund<br>Lie\u00df ihn ausgl\u00fch\u2019n, keine Kund<\/p>\n\n\n\n<p>Wei\u00df den Tag noch genau<br>Als sie sagten: \u201eLass es so\u201c<br>Tat es nicht, ich hab gelernt<br>Wie man Schlucken in Glut verkehrt<\/p>\n\n\n\n<p>Jetzt der Beat in der Brust<br>Macht mich fertig f\u00fcr die Pr\u00fcf<br>Wenn sie fragen, wer ich bin<br>Bin die Antwort in der Hand<\/p>\n\n\n\n<p>Bin der Schnitt durch die Vorhang<br>Bin die Wahrheit, die noch anklang<br>Bin der Name, den ich verlor<br>Bin der Same, bin das Tor<\/p>\n\n\n\n<p>[Pre-Refrain]<br>H\u00f6r den Riss in der Stille<br>Das bin ich, der sie zers\u00e4gt<br>War verirrt, jetzt entflamme<br>Jeden Nerv, der in mir lebt<\/p>\n\n\n\n<p>Ein Atem, dann ich nehm ihn<br>Ein Wort, und es bebt mit<br>War zu lange viel zu leise<br>Jetzt komm ich mit Gewicht<\/p>\n\n\n\n<p>[Refrain]<br>Stimme zur\u00fcck<br>Stimme zur\u00fcck<br>Sag es laut, sag es jetzt<br>Stimme zur\u00fcck<\/p>\n\n\n\n<p>Stimme zur\u00fcck<br>Stimme zur\u00fcck<br>War kurz weg, f\u00fcr \u2019nen Moment<br>Jetzt brenn ich brennend<\/p>\n\n\n\n<p>[Bridge]<br>[Half-time break]<br>Kein Verkleinern<br>Kein Verz\u00f6gern<br>Kein Verschlucken mehr vom Feuer<br>Daf\u00fcr bin ich gemacht<\/p>\n\n\n\n<p>Lass es beben<br>Lass es brechen<br>Lass es hallen durch den Raum<br>Bis es klingt wie ich<\/p>\n\n\n\n<p>[Finaler Refrain]<br>Stimme zur\u00fcck<br>Stimme zur\u00fcck<br>Sag es laut, sag es jetzt<br>Stimme zur\u00fcck<\/p>\n\n\n\n<p>Stimme zur\u00fcck<br>Stimme zur\u00fcck<br>War kurz weg, f\u00fcr \u2019nen Moment<br>Jetzt brenn ich brennend<\/p>\n\n\n\n<p>Stimme zur\u00fcck<br>Stimme zur\u00fcck<br>Das ist mein, das ist mein<br>Stimme zur\u00fcck<\/p>\n","protected":false},"excerpt":{"rendered":"<p>[Strophe 1]Hab mich kleinreden lassenHab geschwiegen, still gelassenWorte stapeln sich im HerzSchwere Steine, tiefer Schmerz Hab Notizen auf dem BodenMeine Wahrheit an den TorenDreh seit Tagen um den BlockSuch den einen, hellen Funken noch Die nahmen St\u00fccke, nicht allesTrotzdem schn\u00fcrte mir die KehleJeder Raum viel zu engJedes Ja klang zu fremd War noch da, doch &#8230; <a title=\"Stimme zur\u00fcck\" class=\"read-more\" href=\"https:\/\/www.patrick-koglin.com\/en\/musik\/pk-music-productions\/song\/stimme-zurueck\/\" aria-label=\"Read more about Stimme zur\u00fcck\">Read more<\/a><\/p>\n","protected":false},"author":1,"featured_media":0,"parent":15137,"menu_order":0,"comment_status":"closed","ping_status":"closed","template":"","meta":{"footnotes":""},"class_list":["post-15219","page","type-page","status-publish"],"yoast_head":"<!-- This site is optimized with the Yoast SEO plugin v25.8 - https:\/\/yoast.com\/wordpress\/plugins\/seo\/ -->\n<title>Stimme zur\u00fcck - Patrick Koglin<\/title>\n<meta name=\"robots\" content=\"index, follow, max-snippet:-1, max-image-preview:large, max-video-preview:-1\" \/>\n<link rel=\"canonical\" href=\"https:\/\/www.patrick-koglin.com\/en\/musik\/pk-music-productions\/song\/stimme-zurueck\/\" \/>\n<meta property=\"og:locale\" content=\"en_US\" \/>\n<meta property=\"og:type\" content=\"article\" \/>\n<meta property=\"og:title\" content=\"Stimme zur\u00fcck - Patrick Koglin\" \/>\n<meta property=\"og:description\" content=\"[Strophe 1]Hab mich kleinreden lassenHab geschwiegen, still gelassenWorte stapeln sich im HerzSchwere Steine, tiefer Schmerz Hab Notizen auf dem BodenMeine Wahrheit an den TorenDreh seit Tagen um den BlockSuch den einen, hellen Funken noch Die nahmen St\u00fccke, nicht allesTrotzdem schn\u00fcrte mir die KehleJeder Raum viel zu engJedes Ja klang zu fremd War noch da, doch ... Read more\" \/>\n<meta property=\"og:url\" content=\"https:\/\/www.patrick-koglin.com\/en\/musik\/pk-music-productions\/song\/stimme-zurueck\/\" \/>\n<meta property=\"og:site_name\" content=\"Patrick Koglin\" \/>\n<meta property=\"article:publisher\" content=\"https:\/\/www.facebook.com\/profile.php?id=61566852463657\" \/>\n<meta property=\"article:modified_time\" content=\"2026-05-09T18:51:16+00:00\" \/>\n<meta property=\"og:image\" content=\"https:\/\/www.patrick-koglin.com\/wp-content\/uploads\/2026\/05\/image-31.png\" \/>\n\t<meta property=\"og:image:width\" content=\"1024\" \/>\n\t<meta property=\"og:image:height\" content=\"1024\" \/>\n\t<meta property=\"og:image:type\" content=\"image\/png\" \/>\n<meta name=\"twitter:card\" content=\"summary_large_image\" \/>\n<meta name=\"twitter:label1\" content=\"Est. reading time\" \/>\n\t<meta name=\"twitter:data1\" content=\"3 minutes\" \/>\n<script type=\"application\/ld+json\" class=\"yoast-schema-graph\">{\"@context\":\"https:\/\/schema.org\",\"@graph\":[{\"@type\":\"WebPage\",\"@id\":\"https:\/\/www.patrick-koglin.com\/musik\/pk-music-productions\/song\/stimme-zurueck\/\",\"url\":\"https:\/\/www.patrick-koglin.com\/musik\/pk-music-productions\/song\/stimme-zurueck\/\",\"name\":\"Stimme zur\u00fcck - Patrick Koglin\",\"isPartOf\":{\"@id\":\"https:\/\/www.patrick-koglin.com\/#website\"},\"primaryImageOfPage\":{\"@id\":\"https:\/\/www.patrick-koglin.com\/musik\/pk-music-productions\/song\/stimme-zurueck\/#primaryimage\"},\"image\":{\"@id\":\"https:\/\/www.patrick-koglin.com\/musik\/pk-music-productions\/song\/stimme-zurueck\/#primaryimage\"},\"thumbnailUrl\":\"https:\/\/www.patrick-koglin.com\/wp-content\/uploads\/2026\/05\/image-31.png\",\"datePublished\":\"2026-05-09T18:50:11+00:00\",\"dateModified\":\"2026-05-09T18:51:16+00:00\",\"breadcrumb\":{\"@id\":\"https:\/\/www.patrick-koglin.com\/musik\/pk-music-productions\/song\/stimme-zurueck\/#breadcrumb\"},\"inLanguage\":\"en-US\",\"potentialAction\":[{\"@type\":\"ReadAction\",\"target\":[\"https:\/\/www.patrick-koglin.com\/musik\/pk-music-productions\/song\/stimme-zurueck\/\"]}]},{\"@type\":\"ImageObject\",\"inLanguage\":\"en-US\",\"@id\":\"https:\/\/www.patrick-koglin.com\/musik\/pk-music-productions\/song\/stimme-zurueck\/#primaryimage\",\"url\":\"https:\/\/www.patrick-koglin.com\/wp-content\/uploads\/2026\/05\/image-31.png\",\"contentUrl\":\"https:\/\/www.patrick-koglin.com\/wp-content\/uploads\/2026\/05\/image-31.png\"},{\"@type\":\"BreadcrumbList\",\"@id\":\"https:\/\/www.patrick-koglin.com\/musik\/pk-music-productions\/song\/stimme-zurueck\/#breadcrumb\",\"itemListElement\":[{\"@type\":\"ListItem\",\"position\":1,\"name\":\"Startseite\",\"item\":\"https:\/\/www.patrick-koglin.com\/\"},{\"@type\":\"ListItem\",\"position\":2,\"name\":\"Musik\",\"item\":\"https:\/\/www.patrick-koglin.com\/musik\/\"},{\"@type\":\"ListItem\",\"position\":3,\"name\":\"PK Music Productions\",\"item\":\"https:\/\/www.patrick-koglin.com\/musik\/pk-music-productions\/\"},{\"@type\":\"ListItem\",\"position\":4,\"name\":\"Song (PKM)\",\"item\":\"https:\/\/www.patrick-koglin.com\/musik\/pk-music-productions\/song\/\"},{\"@type\":\"ListItem\",\"position\":5,\"name\":\"Stimme zur\u00fcck\"}]},{\"@type\":\"WebSite\",\"@id\":\"https:\/\/www.patrick-koglin.com\/#website\",\"url\":\"https:\/\/www.patrick-koglin.com\/\",\"name\":\"PK Coaching - Patrick Koglin Unternehmensgruppe\",\"description\":\"PK Coaching, Business-Design &amp; Development\",\"publisher\":{\"@id\":\"https:\/\/www.patrick-koglin.com\/#organization\"},\"potentialAction\":[{\"@type\":\"SearchAction\",\"target\":{\"@type\":\"EntryPoint\",\"urlTemplate\":\"https:\/\/www.patrick-koglin.com\/?s={search_term_string}\"},\"query-input\":{\"@type\":\"PropertyValueSpecification\",\"valueRequired\":true,\"valueName\":\"search_term_string\"}}],\"inLanguage\":\"en-US\"},{\"@type\":\"Organization\",\"@id\":\"https:\/\/www.patrick-koglin.com\/#organization\",\"name\":\"Patrick Koglin | CEO von PK Coaching\",\"url\":\"https:\/\/www.patrick-koglin.com\/\",\"logo\":{\"@type\":\"ImageObject\",\"inLanguage\":\"en-US\",\"@id\":\"https:\/\/www.patrick-koglin.com\/#\/schema\/logo\/image\/\",\"url\":\"https:\/\/www.patrick-koglin.com\/wp-content\/uploads\/2025\/07\/cropped-PK16.png\",\"contentUrl\":\"https:\/\/www.patrick-koglin.com\/wp-content\/uploads\/2025\/07\/cropped-PK16.png\",\"width\":619,\"height\":287,\"caption\":\"Patrick Koglin | CEO von PK Coaching\"},\"image\":{\"@id\":\"https:\/\/www.patrick-koglin.com\/#\/schema\/logo\/image\/\"},\"sameAs\":[\"https:\/\/www.facebook.com\/profile.php?id=61566852463657\"]}]}<\/script>\n<!-- \/ Yoast SEO plugin. -->","yoast_head_json":{"title":"Stimme zur\u00fcck - Patrick Koglin","robots":{"index":"index","follow":"follow","max-snippet":"max-snippet:-1","max-image-preview":"max-image-preview:large","max-video-preview":"max-video-preview:-1"},"canonical":"https:\/\/www.patrick-koglin.com\/en\/musik\/pk-music-productions\/song\/stimme-zurueck\/","og_locale":"en_US","og_type":"article","og_title":"Stimme zur\u00fcck - Patrick Koglin","og_description":"[Strophe 1]Hab mich kleinreden lassenHab geschwiegen, still gelassenWorte stapeln sich im HerzSchwere Steine, tiefer Schmerz Hab Notizen auf dem BodenMeine Wahrheit an den TorenDreh seit Tagen um den BlockSuch den einen, hellen Funken noch Die nahmen St\u00fccke, nicht allesTrotzdem schn\u00fcrte mir die KehleJeder Raum viel zu engJedes Ja klang zu fremd War noch da, doch ... Read more","og_url":"https:\/\/www.patrick-koglin.com\/en\/musik\/pk-music-productions\/song\/stimme-zurueck\/","og_site_name":"Patrick Koglin","article_publisher":"https:\/\/www.facebook.com\/profile.php?id=61566852463657","article_modified_time":"2026-05-09T18:51:16+00:00","og_image":[{"width":1024,"height":1024,"url":"https:\/\/www.patrick-koglin.com\/wp-content\/uploads\/2026\/05\/image-31.png","type":"image\/png"}],"twitter_card":"summary_large_image","twitter_misc":{"Est. reading time":"3 minutes"},"schema":{"@context":"https:\/\/schema.org","@graph":[{"@type":"WebPage","@id":"https:\/\/www.patrick-koglin.com\/musik\/pk-music-productions\/song\/stimme-zurueck\/","url":"https:\/\/www.patrick-koglin.com\/musik\/pk-music-productions\/song\/stimme-zurueck\/","name":"Stimme zur\u00fcck - Patrick Koglin","isPartOf":{"@id":"https:\/\/www.patrick-koglin.com\/#website"},"primaryImageOfPage":{"@id":"https:\/\/www.patrick-koglin.com\/musik\/pk-music-productions\/song\/stimme-zurueck\/#primaryimage"},"image":{"@id":"https:\/\/www.patrick-koglin.com\/musik\/pk-music-productions\/song\/stimme-zurueck\/#primaryimage"},"thumbnailUrl":"https:\/\/www.patrick-koglin.com\/wp-content\/uploads\/2026\/05\/image-31.png","datePublished":"2026-05-09T18:50:11+00:00","dateModified":"2026-05-09T18:51:16+00:00","breadcrumb":{"@id":"https:\/\/www.patrick-koglin.com\/musik\/pk-music-productions\/song\/stimme-zurueck\/#breadcrumb"},"inLanguage":"en-US","potentialAction":[{"@type":"ReadAction","target":["https:\/\/www.patrick-koglin.com\/musik\/pk-music-productions\/song\/stimme-zurueck\/"]}]},{"@type":"ImageObject","inLanguage":"en-US","@id":"https:\/\/www.patrick-koglin.com\/musik\/pk-music-productions\/song\/stimme-zurueck\/#primaryimage","url":"https:\/\/www.patrick-koglin.com\/wp-content\/uploads\/2026\/05\/image-31.png","contentUrl":"https:\/\/www.patrick-koglin.com\/wp-content\/uploads\/2026\/05\/image-31.png"},{"@type":"BreadcrumbList","@id":"https:\/\/www.patrick-koglin.com\/musik\/pk-music-productions\/song\/stimme-zurueck\/#breadcrumb","itemListElement":[{"@type":"ListItem","position":1,"name":"Startseite","item":"https:\/\/www.patrick-koglin.com\/"},{"@type":"ListItem","position":2,"name":"Musik","item":"https:\/\/www.patrick-koglin.com\/musik\/"},{"@type":"ListItem","position":3,"name":"PK Music Productions","item":"https:\/\/www.patrick-koglin.com\/musik\/pk-music-productions\/"},{"@type":"ListItem","position":4,"name":"Song (PKM)","item":"https:\/\/www.patrick-koglin.com\/musik\/pk-music-productions\/song\/"},{"@type":"ListItem","position":5,"name":"Stimme zur\u00fcck"}]},{"@type":"WebSite","@id":"https:\/\/www.patrick-koglin.com\/#website","url":"https:\/\/www.patrick-koglin.com\/","name":"PK Coaching - Patrick Koglin Unternehmensgruppe","description":"PK Coaching, Business-Design &amp; Development","publisher":{"@id":"https:\/\/www.patrick-koglin.com\/#organization"},"potentialAction":[{"@type":"SearchAction","target":{"@type":"EntryPoint","urlTemplate":"https:\/\/www.patrick-koglin.com\/?s={search_term_string}"},"query-input":{"@type":"PropertyValueSpecification","valueRequired":true,"valueName":"search_term_string"}}],"inLanguage":"en-US"},{"@type":"Organization","@id":"https:\/\/www.patrick-koglin.com\/#organization","name":"Patrick Koglin | CEO von PK Coaching","url":"https:\/\/www.patrick-koglin.com\/","logo":{"@type":"ImageObject","inLanguage":"en-US","@id":"https:\/\/www.patrick-koglin.com\/#\/schema\/logo\/image\/","url":"https:\/\/www.patrick-koglin.com\/wp-content\/uploads\/2025\/07\/cropped-PK16.png","contentUrl":"https:\/\/www.patrick-koglin.com\/wp-content\/uploads\/2025\/07\/cropped-PK16.png","width":619,"height":287,"caption":"Patrick Koglin | CEO von PK Coaching"},"image":{"@id":"https:\/\/www.patrick-koglin.com\/#\/schema\/logo\/image\/"},"sameAs":["https:\/\/www.facebook.com\/profile.php?id=61566852463657"]}]}},"_links":{"self":[{"href":"https:\/\/www.patrick-koglin.com\/en\/wp-json\/wp\/v2\/pages\/15219","targetHints":{"allow":["GET"]}}],"collection":[{"href":"https:\/\/www.patrick-koglin.com\/en\/wp-json\/wp\/v2\/pages"}],"about":[{"href":"https:\/\/www.patrick-koglin.com\/en\/wp-json\/wp\/v2\/types\/page"}],"author":[{"embeddable":true,"href":"https:\/\/www.patrick-koglin.com\/en\/wp-json\/wp\/v2\/users\/1"}],"replies":[{"embeddable":true,"href":"https:\/\/www.patrick-koglin.com\/en\/wp-json\/wp\/v2\/comments?post=15219"}],"version-history":[{"count":1,"href":"https:\/\/www.patrick-koglin.com\/en\/wp-json\/wp\/v2\/pages\/15219\/revisions"}],"predecessor-version":[{"id":15221,"href":"https:\/\/www.patrick-koglin.com\/en\/wp-json\/wp\/v2\/pages\/15219\/revisions\/15221"}],"up":[{"embeddable":true,"href":"https:\/\/www.patrick-koglin.com\/en\/wp-json\/wp\/v2\/pages\/15137"}],"wp:attachment":[{"href":"https:\/\/www.patrick-koglin.com\/en\/wp-json\/wp\/v2\/media?parent=15219"}],"curies":[{"name":"wp","href":"https:\/\/api.w.org\/{rel}","templated":true}]}}