{"id":15224,"date":"2026-05-09T20:54:17","date_gmt":"2026-05-09T18:54:17","guid":{"rendered":"https:\/\/www.patrick-koglin.com\/?page_id=15224"},"modified":"2026-05-09T20:54:18","modified_gmt":"2026-05-09T18:54:18","slug":"riss-im-foto","status":"publish","type":"page","link":"https:\/\/www.patrick-koglin.com\/en\/musik\/pk-music-productions\/song\/riss-im-foto\/","title":{"rendered":"Riss im Foto"},"content":{"rendered":"\n<figure class=\"wp-block-image size-full is-resized\"><img fetchpriority=\"high\" decoding=\"async\" width=\"1024\" height=\"1024\" src=\"https:\/\/www.patrick-koglin.com\/wp-content\/uploads\/2026\/05\/image-32.png\" alt=\"\" class=\"wp-image-15226\" style=\"width:428px;height:auto\" srcset=\"https:\/\/www.patrick-koglin.com\/wp-content\/uploads\/2026\/05\/image-32.png 1024w, https:\/\/www.patrick-koglin.com\/wp-content\/uploads\/2026\/05\/image-32-300x300.png 300w, https:\/\/www.patrick-koglin.com\/wp-content\/uploads\/2026\/05\/image-32-150x150.png 150w, https:\/\/www.patrick-koglin.com\/wp-content\/uploads\/2026\/05\/image-32-768x768.png 768w, https:\/\/www.patrick-koglin.com\/wp-content\/uploads\/2026\/05\/image-32-12x12.png 12w\" sizes=\"(max-width: 1024px) 100vw, 1024px\" \/><\/figure>\n\n\n\n<p><\/p>\n\n\n\n<p>[Verse 1]<br>Dein Name h\u00e4ngt noch<br>an der Kante vom Glas<br>ich seh uns im Flur<br>wie ein Film ohne Ma\u00df<\/p>\n\n\n\n<p>Dein Lachen war nah<br>dein Blick war ein Haus<br>wir waren noch leicht<br>doch die Zeit zog uns raus<\/p>\n\n\n\n<p>Zu viel Gerede im Kreis<br>zu viel Blick von der Seite<br>zu viele Urteile schnell<br>zu wenig Herzweite<\/p>\n\n\n\n<p>Man hat \u00fcber dich geredet<br>und ich hab zu lang geschwiegen<br>hab dich mit Augen vermessen<br>statt dich wirklich zu lieben<\/p>\n\n\n\n<p>[Pre-Chorus]<br>Ich war im Kopf<br>du warst im Feuer<br>ich nannte es klug<br>doch verlor das Neue<\/p>\n\n\n\n<p>Ich dachte zu viel<br>und f\u00fchlte zu wenig<br>und unser Ja<br>wurde still und erledigt<\/p>\n\n\n\n<p>[Chorus]<br>Zu schnell vorbei<br>zu schnell vorbei<br>ich trag dich noch<br>in mir dabei<\/p>\n\n\n\n<p>Zu schnell vorbei<br>zu schnell vorbei<br>aus Herz wurde Kopf<br>und dann warst du frei<\/p>\n\n\n\n<p>[Verse 2]<br>Ich seh noch die Bahn<br>wie wir eng auf den Sitzen<br>du hattest den Mut<br>ich nur Angst vor den Rissen<\/p>\n\n\n\n<p>Du konntest mich lesen<br>ich wollte mich sch\u00fctzen<br>hab Mauern gebaut<br>statt mich falln zu lassen, zu gl\u00fccken<\/p>\n\n\n\n<p>Ich liebte dich halb<br>mit gesenktem Visier<br>als w\u00e4r Liebe ein Plan<br>und nicht Leben mit dir<\/p>\n\n\n\n<p>Dann kamen die Stimmen<br>von au\u00dfen, von innen<br>aus kleinen Gedanken<br>wurden gro\u00dfe Scherben, winzige Spinnen<\/p>\n\n\n\n<p>Und ich hab gemerkt<br>wie N\u00e4he verbrennt<br>wenn einer nur z\u00e4hlt<br>statt zu geben, was brennt<\/p>\n\n\n\n<p>[Pre-Chorus]<br>Ich war im Kopf<br>du warst im Feuer<br>ich nannte es klug<br>doch verlor das Neue<\/p>\n\n\n\n<p>Ich dachte zu viel<br>und f\u00fchlte zu wenig<br>und unser Ja<br>wurde still und erledigt<\/p>\n\n\n\n<p>[Chorus]<br>Zu schnell vorbei<br>zu schnell vorbei<br>ich trag dich noch<br>in mir dabei<\/p>\n\n\n\n<p>Zu schnell vorbei<br>zu schnell vorbei<br>aus Herz wurde Kopf<br>und dann warst du frei<\/p>\n\n\n\n<p>[Bridge]<br>Vielleicht waren wir echt<br>nur zur falschen Zeit<br>vielleicht war mein Stolz<br>f\u00fcr uns beide zu breit<\/p>\n\n\n\n<p>Ich such dich in R\u00e4umen<br>in Ger\u00fcchen, in Licht<br>doch was einmal zerbrach<br>kehrt nicht einfach zur\u00fcck<\/p>\n\n\n\n<p>Trotz allem bleibt warm<br>was damals bei uns war<br>du warst kein Kapitel<br>du warst ein ganzes Jahr<\/p>\n\n\n\n<p>[Chorus]<br>Zu schnell vorbei<br>zu schnell vorbei<br>ich trag dich noch<br>in mir dabei<\/p>\n\n\n\n<p>Zu schnell vorbei<br>zu schnell vorbei<br>aus Herz wurde Kopf<br>und dann warst du frei<\/p>\n\n\n\n<p>[Outro]<br>Wenn ich ehrlich bin<br>warst du nie ganz weg<br>nur ein stiller Raum<br>unter diesem Deck<\/p>\n\n\n\n<p>Und manchmal trifft mich<br>dein altes Gesicht<br>dann wei\u00df ich genau<br>ich vergess dich nicht<\/p>\n","protected":false},"excerpt":{"rendered":"<p>[Verse 1]Dein Name h\u00e4ngt nochan der Kante vom Glasich seh uns im Flurwie ein Film ohne Ma\u00df Dein Lachen war nahdein Blick war ein Hauswir waren noch leichtdoch die Zeit zog uns raus Zu viel Gerede im Kreiszu viel Blick von der Seitezu viele Urteile schnellzu wenig Herzweite Man hat \u00fcber dich geredetund ich hab &#8230; <a title=\"Riss im Foto\" class=\"read-more\" href=\"https:\/\/www.patrick-koglin.com\/en\/musik\/pk-music-productions\/song\/riss-im-foto\/\" aria-label=\"Read more about Riss im Foto\">Read more<\/a><\/p>\n","protected":false},"author":1,"featured_media":0,"parent":15137,"menu_order":0,"comment_status":"closed","ping_status":"closed","template":"","meta":{"footnotes":""},"class_list":["post-15224","page","type-page","status-publish"],"yoast_head":"<!-- This site is optimized with the Yoast SEO plugin v25.8 - https:\/\/yoast.com\/wordpress\/plugins\/seo\/ -->\n<title>Riss im Foto - Patrick Koglin<\/title>\n<meta name=\"robots\" content=\"index, follow, max-snippet:-1, max-image-preview:large, max-video-preview:-1\" \/>\n<link rel=\"canonical\" href=\"https:\/\/www.patrick-koglin.com\/en\/musik\/pk-music-productions\/song\/riss-im-foto\/\" \/>\n<meta property=\"og:locale\" content=\"en_US\" \/>\n<meta property=\"og:type\" content=\"article\" \/>\n<meta property=\"og:title\" content=\"Riss im Foto - Patrick Koglin\" \/>\n<meta property=\"og:description\" content=\"[Verse 1]Dein Name h\u00e4ngt nochan der Kante vom Glasich seh uns im Flurwie ein Film ohne Ma\u00df Dein Lachen war nahdein Blick war ein Hauswir waren noch leichtdoch die Zeit zog uns raus Zu viel Gerede im Kreiszu viel Blick von der Seitezu viele Urteile schnellzu wenig Herzweite Man hat \u00fcber dich geredetund ich hab ... Read more\" \/>\n<meta property=\"og:url\" content=\"https:\/\/www.patrick-koglin.com\/en\/musik\/pk-music-productions\/song\/riss-im-foto\/\" \/>\n<meta property=\"og:site_name\" content=\"Patrick Koglin\" \/>\n<meta property=\"article:publisher\" content=\"https:\/\/www.facebook.com\/profile.php?id=61566852463657\" \/>\n<meta property=\"article:modified_time\" content=\"2026-05-09T18:54:18+00:00\" \/>\n<meta property=\"og:image\" content=\"https:\/\/www.patrick-koglin.com\/wp-content\/uploads\/2026\/05\/image-32.png\" \/>\n\t<meta property=\"og:image:width\" content=\"1024\" \/>\n\t<meta property=\"og:image:height\" content=\"1024\" \/>\n\t<meta property=\"og:image:type\" content=\"image\/png\" \/>\n<meta name=\"twitter:card\" content=\"summary_large_image\" \/>\n<meta name=\"twitter:label1\" content=\"Est. reading time\" \/>\n\t<meta name=\"twitter:data1\" content=\"3 minutes\" \/>\n<script type=\"application\/ld+json\" class=\"yoast-schema-graph\">{\"@context\":\"https:\/\/schema.org\",\"@graph\":[{\"@type\":\"WebPage\",\"@id\":\"https:\/\/www.patrick-koglin.com\/musik\/pk-music-productions\/song\/riss-im-foto\/\",\"url\":\"https:\/\/www.patrick-koglin.com\/musik\/pk-music-productions\/song\/riss-im-foto\/\",\"name\":\"Riss im Foto - Patrick Koglin\",\"isPartOf\":{\"@id\":\"https:\/\/www.patrick-koglin.com\/#website\"},\"primaryImageOfPage\":{\"@id\":\"https:\/\/www.patrick-koglin.com\/musik\/pk-music-productions\/song\/riss-im-foto\/#primaryimage\"},\"image\":{\"@id\":\"https:\/\/www.patrick-koglin.com\/musik\/pk-music-productions\/song\/riss-im-foto\/#primaryimage\"},\"thumbnailUrl\":\"https:\/\/www.patrick-koglin.com\/wp-content\/uploads\/2026\/05\/image-32.png\",\"datePublished\":\"2026-05-09T18:54:17+00:00\",\"dateModified\":\"2026-05-09T18:54:18+00:00\",\"breadcrumb\":{\"@id\":\"https:\/\/www.patrick-koglin.com\/musik\/pk-music-productions\/song\/riss-im-foto\/#breadcrumb\"},\"inLanguage\":\"en-US\",\"potentialAction\":[{\"@type\":\"ReadAction\",\"target\":[\"https:\/\/www.patrick-koglin.com\/musik\/pk-music-productions\/song\/riss-im-foto\/\"]}]},{\"@type\":\"ImageObject\",\"inLanguage\":\"en-US\",\"@id\":\"https:\/\/www.patrick-koglin.com\/musik\/pk-music-productions\/song\/riss-im-foto\/#primaryimage\",\"url\":\"https:\/\/www.patrick-koglin.com\/wp-content\/uploads\/2026\/05\/image-32.png\",\"contentUrl\":\"https:\/\/www.patrick-koglin.com\/wp-content\/uploads\/2026\/05\/image-32.png\"},{\"@type\":\"BreadcrumbList\",\"@id\":\"https:\/\/www.patrick-koglin.com\/musik\/pk-music-productions\/song\/riss-im-foto\/#breadcrumb\",\"itemListElement\":[{\"@type\":\"ListItem\",\"position\":1,\"name\":\"Startseite\",\"item\":\"https:\/\/www.patrick-koglin.com\/\"},{\"@type\":\"ListItem\",\"position\":2,\"name\":\"Musik\",\"item\":\"https:\/\/www.patrick-koglin.com\/musik\/\"},{\"@type\":\"ListItem\",\"position\":3,\"name\":\"PK Music Productions\",\"item\":\"https:\/\/www.patrick-koglin.com\/musik\/pk-music-productions\/\"},{\"@type\":\"ListItem\",\"position\":4,\"name\":\"Song (PKM)\",\"item\":\"https:\/\/www.patrick-koglin.com\/musik\/pk-music-productions\/song\/\"},{\"@type\":\"ListItem\",\"position\":5,\"name\":\"Riss im Foto\"}]},{\"@type\":\"WebSite\",\"@id\":\"https:\/\/www.patrick-koglin.com\/#website\",\"url\":\"https:\/\/www.patrick-koglin.com\/\",\"name\":\"PK Coaching - Patrick Koglin Unternehmensgruppe\",\"description\":\"PK Coaching, Business-Design &amp; Development\",\"publisher\":{\"@id\":\"https:\/\/www.patrick-koglin.com\/#organization\"},\"potentialAction\":[{\"@type\":\"SearchAction\",\"target\":{\"@type\":\"EntryPoint\",\"urlTemplate\":\"https:\/\/www.patrick-koglin.com\/?s={search_term_string}\"},\"query-input\":{\"@type\":\"PropertyValueSpecification\",\"valueRequired\":true,\"valueName\":\"search_term_string\"}}],\"inLanguage\":\"en-US\"},{\"@type\":\"Organization\",\"@id\":\"https:\/\/www.patrick-koglin.com\/#organization\",\"name\":\"Patrick Koglin | CEO von PK Coaching\",\"url\":\"https:\/\/www.patrick-koglin.com\/\",\"logo\":{\"@type\":\"ImageObject\",\"inLanguage\":\"en-US\",\"@id\":\"https:\/\/www.patrick-koglin.com\/#\/schema\/logo\/image\/\",\"url\":\"https:\/\/www.patrick-koglin.com\/wp-content\/uploads\/2025\/07\/cropped-PK16.png\",\"contentUrl\":\"https:\/\/www.patrick-koglin.com\/wp-content\/uploads\/2025\/07\/cropped-PK16.png\",\"width\":619,\"height\":287,\"caption\":\"Patrick Koglin | CEO von PK Coaching\"},\"image\":{\"@id\":\"https:\/\/www.patrick-koglin.com\/#\/schema\/logo\/image\/\"},\"sameAs\":[\"https:\/\/www.facebook.com\/profile.php?id=61566852463657\"]}]}<\/script>\n<!-- \/ Yoast SEO plugin. -->","yoast_head_json":{"title":"Riss im Foto - Patrick Koglin","robots":{"index":"index","follow":"follow","max-snippet":"max-snippet:-1","max-image-preview":"max-image-preview:large","max-video-preview":"max-video-preview:-1"},"canonical":"https:\/\/www.patrick-koglin.com\/en\/musik\/pk-music-productions\/song\/riss-im-foto\/","og_locale":"en_US","og_type":"article","og_title":"Riss im Foto - Patrick Koglin","og_description":"[Verse 1]Dein Name h\u00e4ngt nochan der Kante vom Glasich seh uns im Flurwie ein Film ohne Ma\u00df Dein Lachen war nahdein Blick war ein Hauswir waren noch leichtdoch die Zeit zog uns raus Zu viel Gerede im Kreiszu viel Blick von der Seitezu viele Urteile schnellzu wenig Herzweite Man hat \u00fcber dich geredetund ich hab ... Read more","og_url":"https:\/\/www.patrick-koglin.com\/en\/musik\/pk-music-productions\/song\/riss-im-foto\/","og_site_name":"Patrick Koglin","article_publisher":"https:\/\/www.facebook.com\/profile.php?id=61566852463657","article_modified_time":"2026-05-09T18:54:18+00:00","og_image":[{"width":1024,"height":1024,"url":"https:\/\/www.patrick-koglin.com\/wp-content\/uploads\/2026\/05\/image-32.png","type":"image\/png"}],"twitter_card":"summary_large_image","twitter_misc":{"Est. reading time":"3 minutes"},"schema":{"@context":"https:\/\/schema.org","@graph":[{"@type":"WebPage","@id":"https:\/\/www.patrick-koglin.com\/musik\/pk-music-productions\/song\/riss-im-foto\/","url":"https:\/\/www.patrick-koglin.com\/musik\/pk-music-productions\/song\/riss-im-foto\/","name":"Riss im Foto - Patrick Koglin","isPartOf":{"@id":"https:\/\/www.patrick-koglin.com\/#website"},"primaryImageOfPage":{"@id":"https:\/\/www.patrick-koglin.com\/musik\/pk-music-productions\/song\/riss-im-foto\/#primaryimage"},"image":{"@id":"https:\/\/www.patrick-koglin.com\/musik\/pk-music-productions\/song\/riss-im-foto\/#primaryimage"},"thumbnailUrl":"https:\/\/www.patrick-koglin.com\/wp-content\/uploads\/2026\/05\/image-32.png","datePublished":"2026-05-09T18:54:17+00:00","dateModified":"2026-05-09T18:54:18+00:00","breadcrumb":{"@id":"https:\/\/www.patrick-koglin.com\/musik\/pk-music-productions\/song\/riss-im-foto\/#breadcrumb"},"inLanguage":"en-US","potentialAction":[{"@type":"ReadAction","target":["https:\/\/www.patrick-koglin.com\/musik\/pk-music-productions\/song\/riss-im-foto\/"]}]},{"@type":"ImageObject","inLanguage":"en-US","@id":"https:\/\/www.patrick-koglin.com\/musik\/pk-music-productions\/song\/riss-im-foto\/#primaryimage","url":"https:\/\/www.patrick-koglin.com\/wp-content\/uploads\/2026\/05\/image-32.png","contentUrl":"https:\/\/www.patrick-koglin.com\/wp-content\/uploads\/2026\/05\/image-32.png"},{"@type":"BreadcrumbList","@id":"https:\/\/www.patrick-koglin.com\/musik\/pk-music-productions\/song\/riss-im-foto\/#breadcrumb","itemListElement":[{"@type":"ListItem","position":1,"name":"Startseite","item":"https:\/\/www.patrick-koglin.com\/"},{"@type":"ListItem","position":2,"name":"Musik","item":"https:\/\/www.patrick-koglin.com\/musik\/"},{"@type":"ListItem","position":3,"name":"PK Music Productions","item":"https:\/\/www.patrick-koglin.com\/musik\/pk-music-productions\/"},{"@type":"ListItem","position":4,"name":"Song (PKM)","item":"https:\/\/www.patrick-koglin.com\/musik\/pk-music-productions\/song\/"},{"@type":"ListItem","position":5,"name":"Riss im Foto"}]},{"@type":"WebSite","@id":"https:\/\/www.patrick-koglin.com\/#website","url":"https:\/\/www.patrick-koglin.com\/","name":"PK Coaching - Patrick Koglin Unternehmensgruppe","description":"PK Coaching, Business-Design &amp; Development","publisher":{"@id":"https:\/\/www.patrick-koglin.com\/#organization"},"potentialAction":[{"@type":"SearchAction","target":{"@type":"EntryPoint","urlTemplate":"https:\/\/www.patrick-koglin.com\/?s={search_term_string}"},"query-input":{"@type":"PropertyValueSpecification","valueRequired":true,"valueName":"search_term_string"}}],"inLanguage":"en-US"},{"@type":"Organization","@id":"https:\/\/www.patrick-koglin.com\/#organization","name":"Patrick Koglin | CEO von PK Coaching","url":"https:\/\/www.patrick-koglin.com\/","logo":{"@type":"ImageObject","inLanguage":"en-US","@id":"https:\/\/www.patrick-koglin.com\/#\/schema\/logo\/image\/","url":"https:\/\/www.patrick-koglin.com\/wp-content\/uploads\/2025\/07\/cropped-PK16.png","contentUrl":"https:\/\/www.patrick-koglin.com\/wp-content\/uploads\/2025\/07\/cropped-PK16.png","width":619,"height":287,"caption":"Patrick Koglin | CEO von PK Coaching"},"image":{"@id":"https:\/\/www.patrick-koglin.com\/#\/schema\/logo\/image\/"},"sameAs":["https:\/\/www.facebook.com\/profile.php?id=61566852463657"]}]}},"_links":{"self":[{"href":"https:\/\/www.patrick-koglin.com\/en\/wp-json\/wp\/v2\/pages\/15224","targetHints":{"allow":["GET"]}}],"collection":[{"href":"https:\/\/www.patrick-koglin.com\/en\/wp-json\/wp\/v2\/pages"}],"about":[{"href":"https:\/\/www.patrick-koglin.com\/en\/wp-json\/wp\/v2\/types\/page"}],"author":[{"embeddable":true,"href":"https:\/\/www.patrick-koglin.com\/en\/wp-json\/wp\/v2\/users\/1"}],"replies":[{"embeddable":true,"href":"https:\/\/www.patrick-koglin.com\/en\/wp-json\/wp\/v2\/comments?post=15224"}],"version-history":[{"count":1,"href":"https:\/\/www.patrick-koglin.com\/en\/wp-json\/wp\/v2\/pages\/15224\/revisions"}],"predecessor-version":[{"id":15227,"href":"https:\/\/www.patrick-koglin.com\/en\/wp-json\/wp\/v2\/pages\/15224\/revisions\/15227"}],"up":[{"embeddable":true,"href":"https:\/\/www.patrick-koglin.com\/en\/wp-json\/wp\/v2\/pages\/15137"}],"wp:attachment":[{"href":"https:\/\/www.patrick-koglin.com\/en\/wp-json\/wp\/v2\/media?parent=15224"}],"curies":[{"name":"wp","href":"https:\/\/api.w.org\/{rel}","templated":true}]}}