{"id":15229,"date":"2026-05-09T20:59:32","date_gmt":"2026-05-09T18:59:32","guid":{"rendered":"https:\/\/www.patrick-koglin.com\/?page_id=15229"},"modified":"2026-05-09T20:59:34","modified_gmt":"2026-05-09T18:59:34","slug":"50-samstage","status":"publish","type":"page","link":"https:\/\/www.patrick-koglin.com\/en\/musik\/pk-music-productions\/song\/50-samstage\/","title":{"rendered":"50 Samstage"},"content":{"rendered":"\n<figure class=\"wp-block-image size-full is-resized\"><img fetchpriority=\"high\" decoding=\"async\" width=\"1024\" height=\"1024\" src=\"https:\/\/www.patrick-koglin.com\/wp-content\/uploads\/2026\/05\/image-33.png\" alt=\"\" class=\"wp-image-15230\" style=\"width:448px;height:auto\" srcset=\"https:\/\/www.patrick-koglin.com\/wp-content\/uploads\/2026\/05\/image-33.png 1024w, https:\/\/www.patrick-koglin.com\/wp-content\/uploads\/2026\/05\/image-33-300x300.png 300w, https:\/\/www.patrick-koglin.com\/wp-content\/uploads\/2026\/05\/image-33-150x150.png 150w, https:\/\/www.patrick-koglin.com\/wp-content\/uploads\/2026\/05\/image-33-768x768.png 768w, https:\/\/www.patrick-koglin.com\/wp-content\/uploads\/2026\/05\/image-33-12x12.png 12w\" sizes=\"(max-width: 1024px) 100vw, 1024px\" \/><\/figure>\n\n\n\n<p><\/p>\n\n\n\n<p><\/p>\n\n\n\n<hr class=\"wp-block-separator has-alpha-channel-opacity\"\/>\n\n\n\n<p>[Verse 1]<br>F\u00fcnfzig Wochen, f\u00fcnfzig Samstage<br>und ich lern&#8216; die Stille ohne Ansage<br>Freitag allein, der Tisch bleibt kalt<br>mein Spiegel kennt mich, aber fragt mich nicht alt<br>Ich h\u00f6r&#8216; die Uhr, wie sie N\u00e4gel zieht<br>jede Minute, die sich gegen mich wiegt<br>Alle reden von N\u00e4he, ich seh nur Raum<br>zu viel Bewusstsein macht aus Tagen Traum<\/p>\n\n\n\n<p>[Pre-Chorus]<br>Und wenn die Nacht dann zu lang wird<br>merk ich, wie mein Kopf sich selber anstarrt<br>Ich bin wach, wenn die Stadt schl\u00e4ft<br>und jeder Gedanke in mir hart klappert<\/p>\n\n\n\n<p>[Chorus]<br>F\u00fcnfzig Samstage allein<br>f\u00fcnfzig Samstage allein<br>Ich trag das Schweigen nach Haus<br>und stell&#8217;s neben meinen Namen<\/p>\n\n\n\n<p>F\u00fcnfzig Samstage allein<br>f\u00fcnfzig Samstage allein<br>Zu viel Licht im Kopf<br>macht aus mir einen Raum ohne W\u00e4nde<\/p>\n\n\n\n<p>[Verse 2]<br>Samstag allein, ich geh die Runde<br>doch jede Ecke kennt schon meine Stunde<br>Sonntag allein, und der Sonntag nagt<br>weil selbst die Ruhe mich ausfragt<br>Unter der Woche, Montag bis sp\u00e4t<br>jeder Gang durch die Wohnung wird zum Gebet<br>Ich z\u00e4hl die Fliesen, ich z\u00e4hl den L\u00e4rm<br>doch die Leere in mir bleibt gef\u00e4hrlich gern<\/p>\n\n\n\n<p>[Pre-Chorus]<br>Und wenn das Lachen von drau\u00dfen f\u00e4llt<br>klingt es, als w\u00e4r ich hinter Glas gestellt<br>Ich seh Gesichter, doch bleib am Rand<br>zu viel Klarheit, und mir rutscht die Hand<\/p>\n\n\n\n<p>[Chorus]<br>F\u00fcnfzig Samstage allein<br>f\u00fcnfzig Samstage allein<br>Ich trag das Schweigen nach Haus<br>und stell&#8217;s neben meinen Namen<\/p>\n\n\n\n<p>F\u00fcnfzig Samstage allein<br>f\u00fcnfzig Samstage allein<br>Zu viel Licht im Kopf<br>macht aus mir einen Raum ohne W\u00e4nde<\/p>\n\n\n\n<p>[Bridge]<br>Mehr Bewusstsein, mehr Gewicht<br>manchmal rettet es mich, manchmal nicht<br>Ich kenn die Schatten in meinem Blick<br>und jeder Schritt f\u00fchrt mich zu mir zur\u00fcck<br>Vielleicht ist Einsamkeit auch laut<br>wenn man sich selbst bis auf den Kern durchschaut<\/p>\n\n\n\n<p>[Chorus]<br>F\u00fcnfzig Samstage allein<br>f\u00fcnfzig Samstage allein<br>Ich trag das Schweigen nach Haus<br>und stell&#8217;s neben meinen Namen<\/p>\n\n\n\n<p>F\u00fcnfzig Samstage allein<br>f\u00fcnfzig Samstage allein<br>Zu viel Licht im Kopf<br>macht aus mir einen Raum ohne W\u00e4nde<\/p>\n","protected":false},"excerpt":{"rendered":"<p>[Verse 1]F\u00fcnfzig Wochen, f\u00fcnfzig Samstageund ich lern&#8216; die Stille ohne AnsageFreitag allein, der Tisch bleibt kaltmein Spiegel kennt mich, aber fragt mich nicht altIch h\u00f6r&#8216; die Uhr, wie sie N\u00e4gel ziehtjede Minute, die sich gegen mich wiegtAlle reden von N\u00e4he, ich seh nur Raumzu viel Bewusstsein macht aus Tagen Traum [Pre-Chorus]Und wenn die Nacht dann &#8230; <a title=\"50 Samstage\" class=\"read-more\" href=\"https:\/\/www.patrick-koglin.com\/en\/musik\/pk-music-productions\/song\/50-samstage\/\" aria-label=\"Read more about 50 Samstage\">Read more<\/a><\/p>\n","protected":false},"author":1,"featured_media":0,"parent":15137,"menu_order":0,"comment_status":"closed","ping_status":"closed","template":"","meta":{"footnotes":""},"class_list":["post-15229","page","type-page","status-publish"],"yoast_head":"<!-- This site is optimized with the Yoast SEO plugin v25.8 - https:\/\/yoast.com\/wordpress\/plugins\/seo\/ -->\n<title>50 Samstage - Patrick Koglin<\/title>\n<meta name=\"robots\" content=\"index, follow, max-snippet:-1, max-image-preview:large, max-video-preview:-1\" \/>\n<link rel=\"canonical\" href=\"https:\/\/www.patrick-koglin.com\/en\/musik\/pk-music-productions\/song\/50-samstage\/\" \/>\n<meta property=\"og:locale\" content=\"en_US\" \/>\n<meta property=\"og:type\" content=\"article\" \/>\n<meta property=\"og:title\" content=\"50 Samstage - Patrick Koglin\" \/>\n<meta property=\"og:description\" content=\"[Verse 1]F\u00fcnfzig Wochen, f\u00fcnfzig Samstageund ich lern&#8216; die Stille ohne AnsageFreitag allein, der Tisch bleibt kaltmein Spiegel kennt mich, aber fragt mich nicht altIch h\u00f6r&#8216; die Uhr, wie sie N\u00e4gel ziehtjede Minute, die sich gegen mich wiegtAlle reden von N\u00e4he, ich seh nur Raumzu viel Bewusstsein macht aus Tagen Traum [Pre-Chorus]Und wenn die Nacht dann ... Read more\" \/>\n<meta property=\"og:url\" content=\"https:\/\/www.patrick-koglin.com\/en\/musik\/pk-music-productions\/song\/50-samstage\/\" \/>\n<meta property=\"og:site_name\" content=\"Patrick Koglin\" \/>\n<meta property=\"article:publisher\" content=\"https:\/\/www.facebook.com\/profile.php?id=61566852463657\" \/>\n<meta property=\"article:modified_time\" content=\"2026-05-09T18:59:34+00:00\" \/>\n<meta property=\"og:image\" content=\"https:\/\/www.patrick-koglin.com\/wp-content\/uploads\/2026\/05\/image-33.png\" \/>\n\t<meta property=\"og:image:width\" content=\"1024\" \/>\n\t<meta property=\"og:image:height\" content=\"1024\" \/>\n\t<meta property=\"og:image:type\" content=\"image\/png\" \/>\n<meta name=\"twitter:card\" content=\"summary_large_image\" \/>\n<meta name=\"twitter:label1\" content=\"Est. reading time\" \/>\n\t<meta name=\"twitter:data1\" content=\"3 minutes\" \/>\n<script type=\"application\/ld+json\" class=\"yoast-schema-graph\">{\"@context\":\"https:\/\/schema.org\",\"@graph\":[{\"@type\":\"WebPage\",\"@id\":\"https:\/\/www.patrick-koglin.com\/musik\/pk-music-productions\/song\/50-samstage\/\",\"url\":\"https:\/\/www.patrick-koglin.com\/musik\/pk-music-productions\/song\/50-samstage\/\",\"name\":\"50 Samstage - Patrick Koglin\",\"isPartOf\":{\"@id\":\"https:\/\/www.patrick-koglin.com\/#website\"},\"primaryImageOfPage\":{\"@id\":\"https:\/\/www.patrick-koglin.com\/musik\/pk-music-productions\/song\/50-samstage\/#primaryimage\"},\"image\":{\"@id\":\"https:\/\/www.patrick-koglin.com\/musik\/pk-music-productions\/song\/50-samstage\/#primaryimage\"},\"thumbnailUrl\":\"https:\/\/www.patrick-koglin.com\/wp-content\/uploads\/2026\/05\/image-33.png\",\"datePublished\":\"2026-05-09T18:59:32+00:00\",\"dateModified\":\"2026-05-09T18:59:34+00:00\",\"breadcrumb\":{\"@id\":\"https:\/\/www.patrick-koglin.com\/musik\/pk-music-productions\/song\/50-samstage\/#breadcrumb\"},\"inLanguage\":\"en-US\",\"potentialAction\":[{\"@type\":\"ReadAction\",\"target\":[\"https:\/\/www.patrick-koglin.com\/musik\/pk-music-productions\/song\/50-samstage\/\"]}]},{\"@type\":\"ImageObject\",\"inLanguage\":\"en-US\",\"@id\":\"https:\/\/www.patrick-koglin.com\/musik\/pk-music-productions\/song\/50-samstage\/#primaryimage\",\"url\":\"https:\/\/www.patrick-koglin.com\/wp-content\/uploads\/2026\/05\/image-33.png\",\"contentUrl\":\"https:\/\/www.patrick-koglin.com\/wp-content\/uploads\/2026\/05\/image-33.png\"},{\"@type\":\"BreadcrumbList\",\"@id\":\"https:\/\/www.patrick-koglin.com\/musik\/pk-music-productions\/song\/50-samstage\/#breadcrumb\",\"itemListElement\":[{\"@type\":\"ListItem\",\"position\":1,\"name\":\"Startseite\",\"item\":\"https:\/\/www.patrick-koglin.com\/\"},{\"@type\":\"ListItem\",\"position\":2,\"name\":\"Musik\",\"item\":\"https:\/\/www.patrick-koglin.com\/musik\/\"},{\"@type\":\"ListItem\",\"position\":3,\"name\":\"PK Music Productions\",\"item\":\"https:\/\/www.patrick-koglin.com\/musik\/pk-music-productions\/\"},{\"@type\":\"ListItem\",\"position\":4,\"name\":\"Song (PKM)\",\"item\":\"https:\/\/www.patrick-koglin.com\/musik\/pk-music-productions\/song\/\"},{\"@type\":\"ListItem\",\"position\":5,\"name\":\"50 Samstage\"}]},{\"@type\":\"WebSite\",\"@id\":\"https:\/\/www.patrick-koglin.com\/#website\",\"url\":\"https:\/\/www.patrick-koglin.com\/\",\"name\":\"PK Coaching - Patrick Koglin Unternehmensgruppe\",\"description\":\"PK Coaching, Business-Design &amp; Development\",\"publisher\":{\"@id\":\"https:\/\/www.patrick-koglin.com\/#organization\"},\"potentialAction\":[{\"@type\":\"SearchAction\",\"target\":{\"@type\":\"EntryPoint\",\"urlTemplate\":\"https:\/\/www.patrick-koglin.com\/?s={search_term_string}\"},\"query-input\":{\"@type\":\"PropertyValueSpecification\",\"valueRequired\":true,\"valueName\":\"search_term_string\"}}],\"inLanguage\":\"en-US\"},{\"@type\":\"Organization\",\"@id\":\"https:\/\/www.patrick-koglin.com\/#organization\",\"name\":\"Patrick Koglin | CEO von PK Coaching\",\"url\":\"https:\/\/www.patrick-koglin.com\/\",\"logo\":{\"@type\":\"ImageObject\",\"inLanguage\":\"en-US\",\"@id\":\"https:\/\/www.patrick-koglin.com\/#\/schema\/logo\/image\/\",\"url\":\"https:\/\/www.patrick-koglin.com\/wp-content\/uploads\/2025\/07\/cropped-PK16.png\",\"contentUrl\":\"https:\/\/www.patrick-koglin.com\/wp-content\/uploads\/2025\/07\/cropped-PK16.png\",\"width\":619,\"height\":287,\"caption\":\"Patrick Koglin | CEO von PK Coaching\"},\"image\":{\"@id\":\"https:\/\/www.patrick-koglin.com\/#\/schema\/logo\/image\/\"},\"sameAs\":[\"https:\/\/www.facebook.com\/profile.php?id=61566852463657\"]}]}<\/script>\n<!-- \/ Yoast SEO plugin. -->","yoast_head_json":{"title":"50 Samstage - Patrick Koglin","robots":{"index":"index","follow":"follow","max-snippet":"max-snippet:-1","max-image-preview":"max-image-preview:large","max-video-preview":"max-video-preview:-1"},"canonical":"https:\/\/www.patrick-koglin.com\/en\/musik\/pk-music-productions\/song\/50-samstage\/","og_locale":"en_US","og_type":"article","og_title":"50 Samstage - Patrick Koglin","og_description":"[Verse 1]F\u00fcnfzig Wochen, f\u00fcnfzig Samstageund ich lern&#8216; die Stille ohne AnsageFreitag allein, der Tisch bleibt kaltmein Spiegel kennt mich, aber fragt mich nicht altIch h\u00f6r&#8216; die Uhr, wie sie N\u00e4gel ziehtjede Minute, die sich gegen mich wiegtAlle reden von N\u00e4he, ich seh nur Raumzu viel Bewusstsein macht aus Tagen Traum [Pre-Chorus]Und wenn die Nacht dann ... Read more","og_url":"https:\/\/www.patrick-koglin.com\/en\/musik\/pk-music-productions\/song\/50-samstage\/","og_site_name":"Patrick Koglin","article_publisher":"https:\/\/www.facebook.com\/profile.php?id=61566852463657","article_modified_time":"2026-05-09T18:59:34+00:00","og_image":[{"width":1024,"height":1024,"url":"https:\/\/www.patrick-koglin.com\/wp-content\/uploads\/2026\/05\/image-33.png","type":"image\/png"}],"twitter_card":"summary_large_image","twitter_misc":{"Est. reading time":"3 minutes"},"schema":{"@context":"https:\/\/schema.org","@graph":[{"@type":"WebPage","@id":"https:\/\/www.patrick-koglin.com\/musik\/pk-music-productions\/song\/50-samstage\/","url":"https:\/\/www.patrick-koglin.com\/musik\/pk-music-productions\/song\/50-samstage\/","name":"50 Samstage - Patrick Koglin","isPartOf":{"@id":"https:\/\/www.patrick-koglin.com\/#website"},"primaryImageOfPage":{"@id":"https:\/\/www.patrick-koglin.com\/musik\/pk-music-productions\/song\/50-samstage\/#primaryimage"},"image":{"@id":"https:\/\/www.patrick-koglin.com\/musik\/pk-music-productions\/song\/50-samstage\/#primaryimage"},"thumbnailUrl":"https:\/\/www.patrick-koglin.com\/wp-content\/uploads\/2026\/05\/image-33.png","datePublished":"2026-05-09T18:59:32+00:00","dateModified":"2026-05-09T18:59:34+00:00","breadcrumb":{"@id":"https:\/\/www.patrick-koglin.com\/musik\/pk-music-productions\/song\/50-samstage\/#breadcrumb"},"inLanguage":"en-US","potentialAction":[{"@type":"ReadAction","target":["https:\/\/www.patrick-koglin.com\/musik\/pk-music-productions\/song\/50-samstage\/"]}]},{"@type":"ImageObject","inLanguage":"en-US","@id":"https:\/\/www.patrick-koglin.com\/musik\/pk-music-productions\/song\/50-samstage\/#primaryimage","url":"https:\/\/www.patrick-koglin.com\/wp-content\/uploads\/2026\/05\/image-33.png","contentUrl":"https:\/\/www.patrick-koglin.com\/wp-content\/uploads\/2026\/05\/image-33.png"},{"@type":"BreadcrumbList","@id":"https:\/\/www.patrick-koglin.com\/musik\/pk-music-productions\/song\/50-samstage\/#breadcrumb","itemListElement":[{"@type":"ListItem","position":1,"name":"Startseite","item":"https:\/\/www.patrick-koglin.com\/"},{"@type":"ListItem","position":2,"name":"Musik","item":"https:\/\/www.patrick-koglin.com\/musik\/"},{"@type":"ListItem","position":3,"name":"PK Music Productions","item":"https:\/\/www.patrick-koglin.com\/musik\/pk-music-productions\/"},{"@type":"ListItem","position":4,"name":"Song (PKM)","item":"https:\/\/www.patrick-koglin.com\/musik\/pk-music-productions\/song\/"},{"@type":"ListItem","position":5,"name":"50 Samstage"}]},{"@type":"WebSite","@id":"https:\/\/www.patrick-koglin.com\/#website","url":"https:\/\/www.patrick-koglin.com\/","name":"PK Coaching - Patrick Koglin Unternehmensgruppe","description":"PK Coaching, Business-Design &amp; Development","publisher":{"@id":"https:\/\/www.patrick-koglin.com\/#organization"},"potentialAction":[{"@type":"SearchAction","target":{"@type":"EntryPoint","urlTemplate":"https:\/\/www.patrick-koglin.com\/?s={search_term_string}"},"query-input":{"@type":"PropertyValueSpecification","valueRequired":true,"valueName":"search_term_string"}}],"inLanguage":"en-US"},{"@type":"Organization","@id":"https:\/\/www.patrick-koglin.com\/#organization","name":"Patrick Koglin | CEO von PK Coaching","url":"https:\/\/www.patrick-koglin.com\/","logo":{"@type":"ImageObject","inLanguage":"en-US","@id":"https:\/\/www.patrick-koglin.com\/#\/schema\/logo\/image\/","url":"https:\/\/www.patrick-koglin.com\/wp-content\/uploads\/2025\/07\/cropped-PK16.png","contentUrl":"https:\/\/www.patrick-koglin.com\/wp-content\/uploads\/2025\/07\/cropped-PK16.png","width":619,"height":287,"caption":"Patrick Koglin | CEO von PK Coaching"},"image":{"@id":"https:\/\/www.patrick-koglin.com\/#\/schema\/logo\/image\/"},"sameAs":["https:\/\/www.facebook.com\/profile.php?id=61566852463657"]}]}},"_links":{"self":[{"href":"https:\/\/www.patrick-koglin.com\/en\/wp-json\/wp\/v2\/pages\/15229","targetHints":{"allow":["GET"]}}],"collection":[{"href":"https:\/\/www.patrick-koglin.com\/en\/wp-json\/wp\/v2\/pages"}],"about":[{"href":"https:\/\/www.patrick-koglin.com\/en\/wp-json\/wp\/v2\/types\/page"}],"author":[{"embeddable":true,"href":"https:\/\/www.patrick-koglin.com\/en\/wp-json\/wp\/v2\/users\/1"}],"replies":[{"embeddable":true,"href":"https:\/\/www.patrick-koglin.com\/en\/wp-json\/wp\/v2\/comments?post=15229"}],"version-history":[{"count":1,"href":"https:\/\/www.patrick-koglin.com\/en\/wp-json\/wp\/v2\/pages\/15229\/revisions"}],"predecessor-version":[{"id":15231,"href":"https:\/\/www.patrick-koglin.com\/en\/wp-json\/wp\/v2\/pages\/15229\/revisions\/15231"}],"up":[{"embeddable":true,"href":"https:\/\/www.patrick-koglin.com\/en\/wp-json\/wp\/v2\/pages\/15137"}],"wp:attachment":[{"href":"https:\/\/www.patrick-koglin.com\/en\/wp-json\/wp\/v2\/media?parent=15229"}],"curies":[{"name":"wp","href":"https:\/\/api.w.org\/{rel}","templated":true}]}}