{"id":15233,"date":"2026-05-09T21:03:30","date_gmt":"2026-05-09T19:03:30","guid":{"rendered":"https:\/\/www.patrick-koglin.com\/?page_id=15233"},"modified":"2026-05-09T21:03:32","modified_gmt":"2026-05-09T19:03:32","slug":"zu-spaet-gesagt","status":"publish","type":"page","link":"https:\/\/www.patrick-koglin.com\/en\/musik\/pk-music-productions\/song\/zu-spaet-gesagt\/","title":{"rendered":"Zu sp\u00e4t gesagt"},"content":{"rendered":"\n<figure class=\"wp-block-image size-full is-resized\"><img fetchpriority=\"high\" decoding=\"async\" width=\"1024\" height=\"1024\" src=\"https:\/\/www.patrick-koglin.com\/wp-content\/uploads\/2026\/05\/image-34.png\" alt=\"\" class=\"wp-image-15235\" style=\"width:259px;height:auto\" srcset=\"https:\/\/www.patrick-koglin.com\/wp-content\/uploads\/2026\/05\/image-34.png 1024w, https:\/\/www.patrick-koglin.com\/wp-content\/uploads\/2026\/05\/image-34-300x300.png 300w, https:\/\/www.patrick-koglin.com\/wp-content\/uploads\/2026\/05\/image-34-150x150.png 150w, https:\/\/www.patrick-koglin.com\/wp-content\/uploads\/2026\/05\/image-34-768x768.png 768w, https:\/\/www.patrick-koglin.com\/wp-content\/uploads\/2026\/05\/image-34-12x12.png 12w\" sizes=\"(max-width: 1024px) 100vw, 1024px\" \/><\/figure>\n\n\n\n<hr class=\"wp-block-separator has-alpha-channel-opacity\"\/>\n\n\n\n<p>[Verse 1]<br>Du sagst erst, Geld ist dir egal<br>Ich geb dir Zeit, geb dir Respekt, geb dir Kral<br>Hab dir geh\u00f6rt, wenn dein Kopf wieder voll war<br>Hab dir gezeigt, wie man bleibt, auch wenn\u2019s schlimm war<\/p>\n\n\n\n<p>Ich stand parat, wenn du kipptest<br>Hab dir Geduld gegeben, obwohl du nur mistest<br>War nicht auf Show, war nicht auf Spielchen<br>Doch du machst aus Dankbarkeit wieder nur Zielchen<\/p>\n\n\n\n<p>Erst nimmst du W\u00e4rme, dann willst du mehr<br>Als ob mein Herz f\u00fcr dich nie schwer genug w\u00e4r<br>Ich war loyal, du warst bequem<br>Und wenn ich frag, wird aus N\u00e4he pl\u00f6tzlich ein Problem<\/p>\n\n\n\n<p>[Pre-Chorus]<br>Du wolltest Ruhe, wolltest Stil<br>Jetzt willst du nur noch mehr und viel<br>Was gestern noch genug f\u00fcr dich war<br>Ist heute schon wieder nicht klar<\/p>\n\n\n\n<p>[Chorus]<br>Zu sp\u00e4t gesagt<br>Zu sp\u00e4t gesagt<br>Erst wolltest du mich, dann war nichts mehr genug<\/p>\n\n\n\n<p>Zu sp\u00e4t gesagt<br>Zu sp\u00e4t gesagt<br>Ich gab dir alles, du gabst mir nur Druck<\/p>\n\n\n\n<p>[Verse 2]<br>Ich hab dir Raum gebaut, du hast ihn verbaut<br>Hab deine Laune getragen, bis mein Atem staut<br>Jede kleine Geste von mir war dir recht<br>Bis du gemerkt hast, ein guter Mensch macht dich nicht echt<\/p>\n\n\n\n<p>Du willst Beweis, doch du liebst nur den Schein<br>Wenn ich nicht renn, dann darf ich auf einmal keiner sein<br>Machst aus Geschenken \u2019ne Pflicht<br>Und aus einem echten Mann pl\u00f6tzlich ein Pflichtbericht<\/p>\n\n\n\n<p>Ich seh den Trick, ich kenn dein Profil<br>Erst bist du weich, dann wird dein Herz zum Kalk\u00fcl<br>Du willst bekommen, doch gibst nie zur\u00fcck<br>Und nennst es dann noch Pech, wenn ich geh aus dem St\u00fcck<\/p>\n\n\n\n<p>[Pre-Chorus]<br>Du wolltest Ruhe, wolltest Stil<br>Jetzt willst du nur noch mehr und viel<br>Was gestern noch genug f\u00fcr dich war<br>Ist heute schon wieder nicht klar<\/p>\n\n\n\n<p>[Chorus]<br>Zu sp\u00e4t gesagt<br>Zu sp\u00e4t gesagt<br>Erst wolltest du mich, dann war nichts mehr genug<\/p>\n\n\n\n<p>Zu sp\u00e4t gesagt<br>Zu sp\u00e4t gesagt<br>Ich gab dir alles, du gabst mir nur Druck<\/p>\n\n\n\n<p>[Bridge]<br>Nimm deine W\u00fcnsche und geh<br>Ich war kein Geldautomat im Schnee<br>Kein Platz f\u00fcr dein st\u00e4ndiges Zerren<br>Wer nur nimmt, wird am Ende auch leer<\/p>\n\n\n\n<p>[Chorus]<br>Zu sp\u00e4t gesagt<br>Zu sp\u00e4t gesagt<br>Erst wolltest du mich, dann war nichts mehr genug<\/p>\n\n\n\n<p>Zu sp\u00e4t gesagt<br>Zu sp\u00e4t gesagt<br>Ich gab dir alles, du gabst mir nur Druck<\/p>\n\n\n\n<p><\/p>\n","protected":false},"excerpt":{"rendered":"<p>[Verse 1]Du sagst erst, Geld ist dir egalIch geb dir Zeit, geb dir Respekt, geb dir KralHab dir geh\u00f6rt, wenn dein Kopf wieder voll warHab dir gezeigt, wie man bleibt, auch wenn\u2019s schlimm war Ich stand parat, wenn du kipptestHab dir Geduld gegeben, obwohl du nur mistestWar nicht auf Show, war nicht auf SpielchenDoch du &#8230; <a title=\"Zu sp\u00e4t gesagt\" class=\"read-more\" href=\"https:\/\/www.patrick-koglin.com\/en\/musik\/pk-music-productions\/song\/zu-spaet-gesagt\/\" aria-label=\"Read more about Zu sp\u00e4t gesagt\">Read more<\/a><\/p>\n","protected":false},"author":1,"featured_media":0,"parent":15137,"menu_order":0,"comment_status":"closed","ping_status":"closed","template":"","meta":{"footnotes":""},"class_list":["post-15233","page","type-page","status-publish"],"yoast_head":"<!-- This site is optimized with the Yoast SEO plugin v25.8 - https:\/\/yoast.com\/wordpress\/plugins\/seo\/ -->\n<title>Zu sp\u00e4t gesagt - Patrick Koglin<\/title>\n<meta name=\"robots\" content=\"index, follow, max-snippet:-1, max-image-preview:large, max-video-preview:-1\" \/>\n<link rel=\"canonical\" href=\"https:\/\/www.patrick-koglin.com\/en\/musik\/pk-music-productions\/song\/zu-spaet-gesagt\/\" \/>\n<meta property=\"og:locale\" content=\"en_US\" \/>\n<meta property=\"og:type\" content=\"article\" \/>\n<meta property=\"og:title\" content=\"Zu sp\u00e4t gesagt - Patrick Koglin\" \/>\n<meta property=\"og:description\" content=\"[Verse 1]Du sagst erst, Geld ist dir egalIch geb dir Zeit, geb dir Respekt, geb dir KralHab dir geh\u00f6rt, wenn dein Kopf wieder voll warHab dir gezeigt, wie man bleibt, auch wenn\u2019s schlimm war Ich stand parat, wenn du kipptestHab dir Geduld gegeben, obwohl du nur mistestWar nicht auf Show, war nicht auf SpielchenDoch du ... Read more\" \/>\n<meta property=\"og:url\" content=\"https:\/\/www.patrick-koglin.com\/en\/musik\/pk-music-productions\/song\/zu-spaet-gesagt\/\" \/>\n<meta property=\"og:site_name\" content=\"Patrick Koglin\" \/>\n<meta property=\"article:publisher\" content=\"https:\/\/www.facebook.com\/profile.php?id=61566852463657\" \/>\n<meta property=\"article:modified_time\" content=\"2026-05-09T19:03:32+00:00\" \/>\n<meta property=\"og:image\" content=\"https:\/\/www.patrick-koglin.com\/wp-content\/uploads\/2026\/05\/image-34.png\" \/>\n\t<meta property=\"og:image:width\" content=\"1024\" \/>\n\t<meta property=\"og:image:height\" content=\"1024\" \/>\n\t<meta property=\"og:image:type\" content=\"image\/png\" \/>\n<meta name=\"twitter:card\" content=\"summary_large_image\" \/>\n<meta name=\"twitter:label1\" content=\"Est. reading time\" \/>\n\t<meta name=\"twitter:data1\" content=\"3 minutes\" \/>\n<script type=\"application\/ld+json\" class=\"yoast-schema-graph\">{\"@context\":\"https:\/\/schema.org\",\"@graph\":[{\"@type\":\"WebPage\",\"@id\":\"https:\/\/www.patrick-koglin.com\/musik\/pk-music-productions\/song\/zu-spaet-gesagt\/\",\"url\":\"https:\/\/www.patrick-koglin.com\/musik\/pk-music-productions\/song\/zu-spaet-gesagt\/\",\"name\":\"Zu sp\u00e4t gesagt - Patrick Koglin\",\"isPartOf\":{\"@id\":\"https:\/\/www.patrick-koglin.com\/#website\"},\"primaryImageOfPage\":{\"@id\":\"https:\/\/www.patrick-koglin.com\/musik\/pk-music-productions\/song\/zu-spaet-gesagt\/#primaryimage\"},\"image\":{\"@id\":\"https:\/\/www.patrick-koglin.com\/musik\/pk-music-productions\/song\/zu-spaet-gesagt\/#primaryimage\"},\"thumbnailUrl\":\"https:\/\/www.patrick-koglin.com\/wp-content\/uploads\/2026\/05\/image-34.png\",\"datePublished\":\"2026-05-09T19:03:30+00:00\",\"dateModified\":\"2026-05-09T19:03:32+00:00\",\"breadcrumb\":{\"@id\":\"https:\/\/www.patrick-koglin.com\/musik\/pk-music-productions\/song\/zu-spaet-gesagt\/#breadcrumb\"},\"inLanguage\":\"en-US\",\"potentialAction\":[{\"@type\":\"ReadAction\",\"target\":[\"https:\/\/www.patrick-koglin.com\/musik\/pk-music-productions\/song\/zu-spaet-gesagt\/\"]}]},{\"@type\":\"ImageObject\",\"inLanguage\":\"en-US\",\"@id\":\"https:\/\/www.patrick-koglin.com\/musik\/pk-music-productions\/song\/zu-spaet-gesagt\/#primaryimage\",\"url\":\"https:\/\/www.patrick-koglin.com\/wp-content\/uploads\/2026\/05\/image-34.png\",\"contentUrl\":\"https:\/\/www.patrick-koglin.com\/wp-content\/uploads\/2026\/05\/image-34.png\"},{\"@type\":\"BreadcrumbList\",\"@id\":\"https:\/\/www.patrick-koglin.com\/musik\/pk-music-productions\/song\/zu-spaet-gesagt\/#breadcrumb\",\"itemListElement\":[{\"@type\":\"ListItem\",\"position\":1,\"name\":\"Startseite\",\"item\":\"https:\/\/www.patrick-koglin.com\/\"},{\"@type\":\"ListItem\",\"position\":2,\"name\":\"Musik\",\"item\":\"https:\/\/www.patrick-koglin.com\/musik\/\"},{\"@type\":\"ListItem\",\"position\":3,\"name\":\"PK Music Productions\",\"item\":\"https:\/\/www.patrick-koglin.com\/musik\/pk-music-productions\/\"},{\"@type\":\"ListItem\",\"position\":4,\"name\":\"Song (PKM)\",\"item\":\"https:\/\/www.patrick-koglin.com\/musik\/pk-music-productions\/song\/\"},{\"@type\":\"ListItem\",\"position\":5,\"name\":\"Zu sp\u00e4t gesagt\"}]},{\"@type\":\"WebSite\",\"@id\":\"https:\/\/www.patrick-koglin.com\/#website\",\"url\":\"https:\/\/www.patrick-koglin.com\/\",\"name\":\"PK Coaching - Patrick Koglin Unternehmensgruppe\",\"description\":\"PK Coaching, Business-Design &amp; Development\",\"publisher\":{\"@id\":\"https:\/\/www.patrick-koglin.com\/#organization\"},\"potentialAction\":[{\"@type\":\"SearchAction\",\"target\":{\"@type\":\"EntryPoint\",\"urlTemplate\":\"https:\/\/www.patrick-koglin.com\/?s={search_term_string}\"},\"query-input\":{\"@type\":\"PropertyValueSpecification\",\"valueRequired\":true,\"valueName\":\"search_term_string\"}}],\"inLanguage\":\"en-US\"},{\"@type\":\"Organization\",\"@id\":\"https:\/\/www.patrick-koglin.com\/#organization\",\"name\":\"Patrick Koglin | CEO von PK Coaching\",\"url\":\"https:\/\/www.patrick-koglin.com\/\",\"logo\":{\"@type\":\"ImageObject\",\"inLanguage\":\"en-US\",\"@id\":\"https:\/\/www.patrick-koglin.com\/#\/schema\/logo\/image\/\",\"url\":\"https:\/\/www.patrick-koglin.com\/wp-content\/uploads\/2025\/07\/cropped-PK16.png\",\"contentUrl\":\"https:\/\/www.patrick-koglin.com\/wp-content\/uploads\/2025\/07\/cropped-PK16.png\",\"width\":619,\"height\":287,\"caption\":\"Patrick Koglin | CEO von PK Coaching\"},\"image\":{\"@id\":\"https:\/\/www.patrick-koglin.com\/#\/schema\/logo\/image\/\"},\"sameAs\":[\"https:\/\/www.facebook.com\/profile.php?id=61566852463657\"]}]}<\/script>\n<!-- \/ Yoast SEO plugin. -->","yoast_head_json":{"title":"Zu sp\u00e4t gesagt - Patrick Koglin","robots":{"index":"index","follow":"follow","max-snippet":"max-snippet:-1","max-image-preview":"max-image-preview:large","max-video-preview":"max-video-preview:-1"},"canonical":"https:\/\/www.patrick-koglin.com\/en\/musik\/pk-music-productions\/song\/zu-spaet-gesagt\/","og_locale":"en_US","og_type":"article","og_title":"Zu sp\u00e4t gesagt - Patrick Koglin","og_description":"[Verse 1]Du sagst erst, Geld ist dir egalIch geb dir Zeit, geb dir Respekt, geb dir KralHab dir geh\u00f6rt, wenn dein Kopf wieder voll warHab dir gezeigt, wie man bleibt, auch wenn\u2019s schlimm war Ich stand parat, wenn du kipptestHab dir Geduld gegeben, obwohl du nur mistestWar nicht auf Show, war nicht auf SpielchenDoch du ... Read more","og_url":"https:\/\/www.patrick-koglin.com\/en\/musik\/pk-music-productions\/song\/zu-spaet-gesagt\/","og_site_name":"Patrick Koglin","article_publisher":"https:\/\/www.facebook.com\/profile.php?id=61566852463657","article_modified_time":"2026-05-09T19:03:32+00:00","og_image":[{"width":1024,"height":1024,"url":"https:\/\/www.patrick-koglin.com\/wp-content\/uploads\/2026\/05\/image-34.png","type":"image\/png"}],"twitter_card":"summary_large_image","twitter_misc":{"Est. reading time":"3 minutes"},"schema":{"@context":"https:\/\/schema.org","@graph":[{"@type":"WebPage","@id":"https:\/\/www.patrick-koglin.com\/musik\/pk-music-productions\/song\/zu-spaet-gesagt\/","url":"https:\/\/www.patrick-koglin.com\/musik\/pk-music-productions\/song\/zu-spaet-gesagt\/","name":"Zu sp\u00e4t gesagt - Patrick Koglin","isPartOf":{"@id":"https:\/\/www.patrick-koglin.com\/#website"},"primaryImageOfPage":{"@id":"https:\/\/www.patrick-koglin.com\/musik\/pk-music-productions\/song\/zu-spaet-gesagt\/#primaryimage"},"image":{"@id":"https:\/\/www.patrick-koglin.com\/musik\/pk-music-productions\/song\/zu-spaet-gesagt\/#primaryimage"},"thumbnailUrl":"https:\/\/www.patrick-koglin.com\/wp-content\/uploads\/2026\/05\/image-34.png","datePublished":"2026-05-09T19:03:30+00:00","dateModified":"2026-05-09T19:03:32+00:00","breadcrumb":{"@id":"https:\/\/www.patrick-koglin.com\/musik\/pk-music-productions\/song\/zu-spaet-gesagt\/#breadcrumb"},"inLanguage":"en-US","potentialAction":[{"@type":"ReadAction","target":["https:\/\/www.patrick-koglin.com\/musik\/pk-music-productions\/song\/zu-spaet-gesagt\/"]}]},{"@type":"ImageObject","inLanguage":"en-US","@id":"https:\/\/www.patrick-koglin.com\/musik\/pk-music-productions\/song\/zu-spaet-gesagt\/#primaryimage","url":"https:\/\/www.patrick-koglin.com\/wp-content\/uploads\/2026\/05\/image-34.png","contentUrl":"https:\/\/www.patrick-koglin.com\/wp-content\/uploads\/2026\/05\/image-34.png"},{"@type":"BreadcrumbList","@id":"https:\/\/www.patrick-koglin.com\/musik\/pk-music-productions\/song\/zu-spaet-gesagt\/#breadcrumb","itemListElement":[{"@type":"ListItem","position":1,"name":"Startseite","item":"https:\/\/www.patrick-koglin.com\/"},{"@type":"ListItem","position":2,"name":"Musik","item":"https:\/\/www.patrick-koglin.com\/musik\/"},{"@type":"ListItem","position":3,"name":"PK Music Productions","item":"https:\/\/www.patrick-koglin.com\/musik\/pk-music-productions\/"},{"@type":"ListItem","position":4,"name":"Song (PKM)","item":"https:\/\/www.patrick-koglin.com\/musik\/pk-music-productions\/song\/"},{"@type":"ListItem","position":5,"name":"Zu sp\u00e4t gesagt"}]},{"@type":"WebSite","@id":"https:\/\/www.patrick-koglin.com\/#website","url":"https:\/\/www.patrick-koglin.com\/","name":"PK Coaching - Patrick Koglin Unternehmensgruppe","description":"PK Coaching, Business-Design &amp; Development","publisher":{"@id":"https:\/\/www.patrick-koglin.com\/#organization"},"potentialAction":[{"@type":"SearchAction","target":{"@type":"EntryPoint","urlTemplate":"https:\/\/www.patrick-koglin.com\/?s={search_term_string}"},"query-input":{"@type":"PropertyValueSpecification","valueRequired":true,"valueName":"search_term_string"}}],"inLanguage":"en-US"},{"@type":"Organization","@id":"https:\/\/www.patrick-koglin.com\/#organization","name":"Patrick Koglin | CEO von PK Coaching","url":"https:\/\/www.patrick-koglin.com\/","logo":{"@type":"ImageObject","inLanguage":"en-US","@id":"https:\/\/www.patrick-koglin.com\/#\/schema\/logo\/image\/","url":"https:\/\/www.patrick-koglin.com\/wp-content\/uploads\/2025\/07\/cropped-PK16.png","contentUrl":"https:\/\/www.patrick-koglin.com\/wp-content\/uploads\/2025\/07\/cropped-PK16.png","width":619,"height":287,"caption":"Patrick Koglin | CEO von PK Coaching"},"image":{"@id":"https:\/\/www.patrick-koglin.com\/#\/schema\/logo\/image\/"},"sameAs":["https:\/\/www.facebook.com\/profile.php?id=61566852463657"]}]}},"_links":{"self":[{"href":"https:\/\/www.patrick-koglin.com\/en\/wp-json\/wp\/v2\/pages\/15233","targetHints":{"allow":["GET"]}}],"collection":[{"href":"https:\/\/www.patrick-koglin.com\/en\/wp-json\/wp\/v2\/pages"}],"about":[{"href":"https:\/\/www.patrick-koglin.com\/en\/wp-json\/wp\/v2\/types\/page"}],"author":[{"embeddable":true,"href":"https:\/\/www.patrick-koglin.com\/en\/wp-json\/wp\/v2\/users\/1"}],"replies":[{"embeddable":true,"href":"https:\/\/www.patrick-koglin.com\/en\/wp-json\/wp\/v2\/comments?post=15233"}],"version-history":[{"count":1,"href":"https:\/\/www.patrick-koglin.com\/en\/wp-json\/wp\/v2\/pages\/15233\/revisions"}],"predecessor-version":[{"id":15236,"href":"https:\/\/www.patrick-koglin.com\/en\/wp-json\/wp\/v2\/pages\/15233\/revisions\/15236"}],"up":[{"embeddable":true,"href":"https:\/\/www.patrick-koglin.com\/en\/wp-json\/wp\/v2\/pages\/15137"}],"wp:attachment":[{"href":"https:\/\/www.patrick-koglin.com\/en\/wp-json\/wp\/v2\/media?parent=15233"}],"curies":[{"name":"wp","href":"https:\/\/api.w.org\/{rel}","templated":true}]}}