{"id":15237,"date":"2026-05-09T21:05:30","date_gmt":"2026-05-09T19:05:30","guid":{"rendered":"https:\/\/www.patrick-koglin.com\/?page_id=15237"},"modified":"2026-05-09T21:08:40","modified_gmt":"2026-05-09T19:08:40","slug":"unsichtbar-blockiert","status":"publish","type":"page","link":"https:\/\/www.patrick-koglin.com\/en\/musik\/pk-music-productions\/song\/unsichtbar-blockiert\/","title":{"rendered":"Unsichtbar blockiert"},"content":{"rendered":"\n<figure class=\"wp-block-image size-full is-resized\"><img fetchpriority=\"high\" decoding=\"async\" width=\"1024\" height=\"1024\" src=\"https:\/\/www.patrick-koglin.com\/wp-content\/uploads\/2026\/05\/image-36.png\" alt=\"\" class=\"wp-image-15241\" style=\"width:553px;height:auto\" srcset=\"https:\/\/www.patrick-koglin.com\/wp-content\/uploads\/2026\/05\/image-36.png 1024w, https:\/\/www.patrick-koglin.com\/wp-content\/uploads\/2026\/05\/image-36-300x300.png 300w, https:\/\/www.patrick-koglin.com\/wp-content\/uploads\/2026\/05\/image-36-150x150.png 150w, https:\/\/www.patrick-koglin.com\/wp-content\/uploads\/2026\/05\/image-36-768x768.png 768w, https:\/\/www.patrick-koglin.com\/wp-content\/uploads\/2026\/05\/image-36-12x12.png 12w\" sizes=\"(max-width: 1024px) 100vw, 1024px\" \/><\/figure>\n\n\n\n<p><\/p>\n\n\n\n<p>[Verse 1]<br>Du warst da, dann weg<br>wie Schatten an der Wand<br>erst nah an meinem Herz<br>dann leer in meiner Hand<\/p>\n\n\n\n<p>Kein Ende, keine Klarheit<br>nur Funkstille als Tat<br>du l\u00e4sst mich hier verhungern<br>mitten in dem Gespr\u00e4ch<\/p>\n\n\n\n<p>Ich such den Fehler bei mir<br>nachts im eigenen Kopf<br>jedes kleine Detail<br>wird zu einem schweren Brocken<\/p>\n\n\n\n<p>Was war echt, was war Taktik<br>was war nur dein Spiel?<br>Du ziehst die T\u00fcr ganz leise zu<br>und nennst das dann Stil<\/p>\n\n\n\n<p>Doch das ist kein Stil<br>das ist kalte Gewalt<br>wenn jemand Bindung nimmt<br>und dann die Spur verwischt, kalt<\/p>\n\n\n\n<p>[Pre-Chorus]<br>Weil Schweigen schreit<br>wenn es zu lange bleibt<br>Weil Unklarheit frisst<br>was von Vertrauen noch bleibt<\/p>\n\n\n\n<p>Du l\u00e4sst mich h\u00e4ngen<br>und nennst das Distanz<br>doch ich nenn es Macht<br>und Missbrauch auf Zeit<\/p>\n\n\n\n<p>[Chorus]<br>Ghosting ist nicht nichts<br>Ghosting ist ein Schnitt<br>Ghosting macht mich krank<br>weil es mich nicht losl\u00e4sst<\/p>\n\n\n\n<p>Ghosting ist nicht nichts<br>du rei\u00dft einfach weg<br>und ich trag den Druck<br>als w\u00e4r ich selbst der Dreck<\/p>\n\n\n\n<p>Ghosting ist nicht nichts<br>Ghosting ist ein Schlag<br>wenn du einfach aus dem Leben gehst<br>und nichts erkl\u00e4rst, nur sagst<\/p>\n\n\n\n<p>[Verse 2]<br>Du wei\u00dft genau, was du tust<br>wenn du dich einfach entziehst<br>du gibst N\u00e4he erst Gewicht<br>damit der Fall dann tief wird<\/p>\n\n\n\n<p>F\u00fcr dich nur ein Klick<br>f\u00fcr mich ein Loch im Brustkorb<br>f\u00fcr dich nur ein Block<br>f\u00fcr mich ein Raum ohne T\u00fcrknopf<\/p>\n\n\n\n<p>Ich lauf nicht nur dir hinterher<br>ich lauf dem Sinn hinterher<br>war es Liebe, war es L\u00fcge<br>oder war es dir nur leer?<\/p>\n\n\n\n<p>Und das macht so m\u00fcde<br>weil mein Kopf nicht abschaltet<br>ich will nur ein Ende<br>doch du h\u00e4ltst alles angehalten<\/p>\n\n\n\n<p>Das ist nicht gleichg\u00fcltig<br>das ist eine Entscheidung<br>du bestimmst den Schnitt<br>und ich zahl die ganze Rechnung<\/p>\n\n\n\n<p>[Pre-Chorus]<br>Weil Schweigen schreit<br>wenn es zu lange bleibt<br>Weil Unklarheit frisst<br>was von Vertrauen noch bleibt<\/p>\n\n\n\n<p>Du l\u00e4sst mich h\u00e4ngen<br>und nennst das Distanz<br>doch ich nenn es Macht<br>und Missbrauch auf Zeit<\/p>\n\n\n\n<p>[Chorus]<br>Ghosting ist nicht nichts<br>Ghosting ist ein Schnitt<br>Ghosting macht mich krank<br>weil es mich nicht losl\u00e4sst<\/p>\n\n\n\n<p>Ghosting ist nicht nichts<br>du rei\u00dft einfach weg<br>und ich trag den Druck<br>als w\u00e4r ich selbst der Dreck<\/p>\n\n\n\n<p>Ghosting ist nicht nichts<br>Ghosting ist ein Schlag<br>wenn du einfach aus dem Leben gehst<br>und nichts erkl\u00e4rst, nur sagst<\/p>\n\n\n\n<p>[Bridge]<br>Sag doch einfach Schluss<br>wenn du Schluss meinst<br>Sag doch einfach nein<br>wenn du es so willst<\/p>\n\n\n\n<p>Nicht dieses stille Gift<br>nicht dieses kalte Schweben<br>nicht dieses Machtspiel<br>\u00fcber N\u00e4he und \u00fcber Leben<\/p>\n\n\n\n<p>Denn ich bin kein Platzhalter<br>f\u00fcr deinen bequemen Ausweg<br>kein Name im Schatten<br>den man einfach weglegt<\/p>\n\n\n\n<p>[Chorus]<br>Ghosting ist nicht nichts<br>Ghosting ist ein Schnitt<br>Ghosting macht mich krank<br>weil es mich nicht losl\u00e4sst<\/p>\n\n\n\n<p>Ghosting ist nicht nichts<br>du rei\u00dft einfach weg<br>und ich trag den Druck<br>als w\u00e4r ich selbst der Dreck<\/p>\n\n\n\n<p>Ghosting ist nicht nichts<br>Ghosting ist ein Schlag<br>wenn du einfach aus dem Leben gehst<br>und nichts erkl\u00e4rst, nur sagst<\/p>\n","protected":false},"excerpt":{"rendered":"<p>[Verse 1]Du warst da, dann wegwie Schatten an der Wanderst nah an meinem Herzdann leer in meiner Hand Kein Ende, keine Klarheitnur Funkstille als Tatdu l\u00e4sst mich hier verhungernmitten in dem Gespr\u00e4ch Ich such den Fehler bei mirnachts im eigenen Kopfjedes kleine Detailwird zu einem schweren Brocken Was war echt, was war Taktikwas war nur &#8230; <a title=\"Unsichtbar blockiert\" class=\"read-more\" href=\"https:\/\/www.patrick-koglin.com\/en\/musik\/pk-music-productions\/song\/unsichtbar-blockiert\/\" aria-label=\"Read more about Unsichtbar blockiert\">Read more<\/a><\/p>\n","protected":false},"author":1,"featured_media":0,"parent":15137,"menu_order":0,"comment_status":"closed","ping_status":"closed","template":"","meta":{"footnotes":""},"class_list":["post-15237","page","type-page","status-publish"],"yoast_head":"<!-- This site is optimized with the Yoast SEO plugin v25.8 - https:\/\/yoast.com\/wordpress\/plugins\/seo\/ -->\n<title>Unsichtbar blockiert - Patrick Koglin<\/title>\n<meta name=\"robots\" content=\"index, follow, max-snippet:-1, max-image-preview:large, max-video-preview:-1\" \/>\n<link rel=\"canonical\" href=\"https:\/\/www.patrick-koglin.com\/en\/musik\/pk-music-productions\/song\/unsichtbar-blockiert\/\" \/>\n<meta property=\"og:locale\" content=\"en_US\" \/>\n<meta property=\"og:type\" content=\"article\" \/>\n<meta property=\"og:title\" content=\"Unsichtbar blockiert - Patrick Koglin\" \/>\n<meta property=\"og:description\" content=\"[Verse 1]Du warst da, dann wegwie Schatten an der Wanderst nah an meinem Herzdann leer in meiner Hand Kein Ende, keine Klarheitnur Funkstille als Tatdu l\u00e4sst mich hier verhungernmitten in dem Gespr\u00e4ch Ich such den Fehler bei mirnachts im eigenen Kopfjedes kleine Detailwird zu einem schweren Brocken Was war echt, was war Taktikwas war nur ... Read more\" \/>\n<meta property=\"og:url\" content=\"https:\/\/www.patrick-koglin.com\/en\/musik\/pk-music-productions\/song\/unsichtbar-blockiert\/\" \/>\n<meta property=\"og:site_name\" content=\"Patrick Koglin\" \/>\n<meta property=\"article:publisher\" content=\"https:\/\/www.facebook.com\/profile.php?id=61566852463657\" \/>\n<meta property=\"article:modified_time\" content=\"2026-05-09T19:08:40+00:00\" \/>\n<meta property=\"og:image\" content=\"https:\/\/www.patrick-koglin.com\/wp-content\/uploads\/2026\/05\/image-36.png\" \/>\n\t<meta property=\"og:image:width\" content=\"1024\" \/>\n\t<meta property=\"og:image:height\" content=\"1024\" \/>\n\t<meta property=\"og:image:type\" content=\"image\/png\" \/>\n<meta name=\"twitter:card\" content=\"summary_large_image\" \/>\n<meta name=\"twitter:label1\" content=\"Est. reading time\" \/>\n\t<meta name=\"twitter:data1\" content=\"3 minutes\" \/>\n<script type=\"application\/ld+json\" class=\"yoast-schema-graph\">{\"@context\":\"https:\/\/schema.org\",\"@graph\":[{\"@type\":\"WebPage\",\"@id\":\"https:\/\/www.patrick-koglin.com\/musik\/pk-music-productions\/song\/unsichtbar-blockiert\/\",\"url\":\"https:\/\/www.patrick-koglin.com\/musik\/pk-music-productions\/song\/unsichtbar-blockiert\/\",\"name\":\"Unsichtbar blockiert - Patrick Koglin\",\"isPartOf\":{\"@id\":\"https:\/\/www.patrick-koglin.com\/#website\"},\"primaryImageOfPage\":{\"@id\":\"https:\/\/www.patrick-koglin.com\/musik\/pk-music-productions\/song\/unsichtbar-blockiert\/#primaryimage\"},\"image\":{\"@id\":\"https:\/\/www.patrick-koglin.com\/musik\/pk-music-productions\/song\/unsichtbar-blockiert\/#primaryimage\"},\"thumbnailUrl\":\"https:\/\/www.patrick-koglin.com\/wp-content\/uploads\/2026\/05\/image-36.png\",\"datePublished\":\"2026-05-09T19:05:30+00:00\",\"dateModified\":\"2026-05-09T19:08:40+00:00\",\"breadcrumb\":{\"@id\":\"https:\/\/www.patrick-koglin.com\/musik\/pk-music-productions\/song\/unsichtbar-blockiert\/#breadcrumb\"},\"inLanguage\":\"en-US\",\"potentialAction\":[{\"@type\":\"ReadAction\",\"target\":[\"https:\/\/www.patrick-koglin.com\/musik\/pk-music-productions\/song\/unsichtbar-blockiert\/\"]}]},{\"@type\":\"ImageObject\",\"inLanguage\":\"en-US\",\"@id\":\"https:\/\/www.patrick-koglin.com\/musik\/pk-music-productions\/song\/unsichtbar-blockiert\/#primaryimage\",\"url\":\"https:\/\/www.patrick-koglin.com\/wp-content\/uploads\/2026\/05\/image-36.png\",\"contentUrl\":\"https:\/\/www.patrick-koglin.com\/wp-content\/uploads\/2026\/05\/image-36.png\"},{\"@type\":\"BreadcrumbList\",\"@id\":\"https:\/\/www.patrick-koglin.com\/musik\/pk-music-productions\/song\/unsichtbar-blockiert\/#breadcrumb\",\"itemListElement\":[{\"@type\":\"ListItem\",\"position\":1,\"name\":\"Startseite\",\"item\":\"https:\/\/www.patrick-koglin.com\/\"},{\"@type\":\"ListItem\",\"position\":2,\"name\":\"Musik\",\"item\":\"https:\/\/www.patrick-koglin.com\/musik\/\"},{\"@type\":\"ListItem\",\"position\":3,\"name\":\"PK Music Productions\",\"item\":\"https:\/\/www.patrick-koglin.com\/musik\/pk-music-productions\/\"},{\"@type\":\"ListItem\",\"position\":4,\"name\":\"Song (PKM)\",\"item\":\"https:\/\/www.patrick-koglin.com\/musik\/pk-music-productions\/song\/\"},{\"@type\":\"ListItem\",\"position\":5,\"name\":\"Unsichtbar blockiert\"}]},{\"@type\":\"WebSite\",\"@id\":\"https:\/\/www.patrick-koglin.com\/#website\",\"url\":\"https:\/\/www.patrick-koglin.com\/\",\"name\":\"PK Coaching - Patrick Koglin Unternehmensgruppe\",\"description\":\"PK Coaching, Business-Design &amp; Development\",\"publisher\":{\"@id\":\"https:\/\/www.patrick-koglin.com\/#organization\"},\"potentialAction\":[{\"@type\":\"SearchAction\",\"target\":{\"@type\":\"EntryPoint\",\"urlTemplate\":\"https:\/\/www.patrick-koglin.com\/?s={search_term_string}\"},\"query-input\":{\"@type\":\"PropertyValueSpecification\",\"valueRequired\":true,\"valueName\":\"search_term_string\"}}],\"inLanguage\":\"en-US\"},{\"@type\":\"Organization\",\"@id\":\"https:\/\/www.patrick-koglin.com\/#organization\",\"name\":\"Patrick Koglin | CEO von PK Coaching\",\"url\":\"https:\/\/www.patrick-koglin.com\/\",\"logo\":{\"@type\":\"ImageObject\",\"inLanguage\":\"en-US\",\"@id\":\"https:\/\/www.patrick-koglin.com\/#\/schema\/logo\/image\/\",\"url\":\"https:\/\/www.patrick-koglin.com\/wp-content\/uploads\/2025\/07\/cropped-PK16.png\",\"contentUrl\":\"https:\/\/www.patrick-koglin.com\/wp-content\/uploads\/2025\/07\/cropped-PK16.png\",\"width\":619,\"height\":287,\"caption\":\"Patrick Koglin | CEO von PK Coaching\"},\"image\":{\"@id\":\"https:\/\/www.patrick-koglin.com\/#\/schema\/logo\/image\/\"},\"sameAs\":[\"https:\/\/www.facebook.com\/profile.php?id=61566852463657\"]}]}<\/script>\n<!-- \/ Yoast SEO plugin. -->","yoast_head_json":{"title":"Unsichtbar blockiert - Patrick Koglin","robots":{"index":"index","follow":"follow","max-snippet":"max-snippet:-1","max-image-preview":"max-image-preview:large","max-video-preview":"max-video-preview:-1"},"canonical":"https:\/\/www.patrick-koglin.com\/en\/musik\/pk-music-productions\/song\/unsichtbar-blockiert\/","og_locale":"en_US","og_type":"article","og_title":"Unsichtbar blockiert - Patrick Koglin","og_description":"[Verse 1]Du warst da, dann wegwie Schatten an der Wanderst nah an meinem Herzdann leer in meiner Hand Kein Ende, keine Klarheitnur Funkstille als Tatdu l\u00e4sst mich hier verhungernmitten in dem Gespr\u00e4ch Ich such den Fehler bei mirnachts im eigenen Kopfjedes kleine Detailwird zu einem schweren Brocken Was war echt, was war Taktikwas war nur ... Read more","og_url":"https:\/\/www.patrick-koglin.com\/en\/musik\/pk-music-productions\/song\/unsichtbar-blockiert\/","og_site_name":"Patrick Koglin","article_publisher":"https:\/\/www.facebook.com\/profile.php?id=61566852463657","article_modified_time":"2026-05-09T19:08:40+00:00","og_image":[{"width":1024,"height":1024,"url":"https:\/\/www.patrick-koglin.com\/wp-content\/uploads\/2026\/05\/image-36.png","type":"image\/png"}],"twitter_card":"summary_large_image","twitter_misc":{"Est. reading time":"3 minutes"},"schema":{"@context":"https:\/\/schema.org","@graph":[{"@type":"WebPage","@id":"https:\/\/www.patrick-koglin.com\/musik\/pk-music-productions\/song\/unsichtbar-blockiert\/","url":"https:\/\/www.patrick-koglin.com\/musik\/pk-music-productions\/song\/unsichtbar-blockiert\/","name":"Unsichtbar blockiert - Patrick Koglin","isPartOf":{"@id":"https:\/\/www.patrick-koglin.com\/#website"},"primaryImageOfPage":{"@id":"https:\/\/www.patrick-koglin.com\/musik\/pk-music-productions\/song\/unsichtbar-blockiert\/#primaryimage"},"image":{"@id":"https:\/\/www.patrick-koglin.com\/musik\/pk-music-productions\/song\/unsichtbar-blockiert\/#primaryimage"},"thumbnailUrl":"https:\/\/www.patrick-koglin.com\/wp-content\/uploads\/2026\/05\/image-36.png","datePublished":"2026-05-09T19:05:30+00:00","dateModified":"2026-05-09T19:08:40+00:00","breadcrumb":{"@id":"https:\/\/www.patrick-koglin.com\/musik\/pk-music-productions\/song\/unsichtbar-blockiert\/#breadcrumb"},"inLanguage":"en-US","potentialAction":[{"@type":"ReadAction","target":["https:\/\/www.patrick-koglin.com\/musik\/pk-music-productions\/song\/unsichtbar-blockiert\/"]}]},{"@type":"ImageObject","inLanguage":"en-US","@id":"https:\/\/www.patrick-koglin.com\/musik\/pk-music-productions\/song\/unsichtbar-blockiert\/#primaryimage","url":"https:\/\/www.patrick-koglin.com\/wp-content\/uploads\/2026\/05\/image-36.png","contentUrl":"https:\/\/www.patrick-koglin.com\/wp-content\/uploads\/2026\/05\/image-36.png"},{"@type":"BreadcrumbList","@id":"https:\/\/www.patrick-koglin.com\/musik\/pk-music-productions\/song\/unsichtbar-blockiert\/#breadcrumb","itemListElement":[{"@type":"ListItem","position":1,"name":"Startseite","item":"https:\/\/www.patrick-koglin.com\/"},{"@type":"ListItem","position":2,"name":"Musik","item":"https:\/\/www.patrick-koglin.com\/musik\/"},{"@type":"ListItem","position":3,"name":"PK Music Productions","item":"https:\/\/www.patrick-koglin.com\/musik\/pk-music-productions\/"},{"@type":"ListItem","position":4,"name":"Song (PKM)","item":"https:\/\/www.patrick-koglin.com\/musik\/pk-music-productions\/song\/"},{"@type":"ListItem","position":5,"name":"Unsichtbar blockiert"}]},{"@type":"WebSite","@id":"https:\/\/www.patrick-koglin.com\/#website","url":"https:\/\/www.patrick-koglin.com\/","name":"PK Coaching - Patrick Koglin Unternehmensgruppe","description":"PK Coaching, Business-Design &amp; Development","publisher":{"@id":"https:\/\/www.patrick-koglin.com\/#organization"},"potentialAction":[{"@type":"SearchAction","target":{"@type":"EntryPoint","urlTemplate":"https:\/\/www.patrick-koglin.com\/?s={search_term_string}"},"query-input":{"@type":"PropertyValueSpecification","valueRequired":true,"valueName":"search_term_string"}}],"inLanguage":"en-US"},{"@type":"Organization","@id":"https:\/\/www.patrick-koglin.com\/#organization","name":"Patrick Koglin | CEO von PK Coaching","url":"https:\/\/www.patrick-koglin.com\/","logo":{"@type":"ImageObject","inLanguage":"en-US","@id":"https:\/\/www.patrick-koglin.com\/#\/schema\/logo\/image\/","url":"https:\/\/www.patrick-koglin.com\/wp-content\/uploads\/2025\/07\/cropped-PK16.png","contentUrl":"https:\/\/www.patrick-koglin.com\/wp-content\/uploads\/2025\/07\/cropped-PK16.png","width":619,"height":287,"caption":"Patrick Koglin | CEO von PK Coaching"},"image":{"@id":"https:\/\/www.patrick-koglin.com\/#\/schema\/logo\/image\/"},"sameAs":["https:\/\/www.facebook.com\/profile.php?id=61566852463657"]}]}},"_links":{"self":[{"href":"https:\/\/www.patrick-koglin.com\/en\/wp-json\/wp\/v2\/pages\/15237","targetHints":{"allow":["GET"]}}],"collection":[{"href":"https:\/\/www.patrick-koglin.com\/en\/wp-json\/wp\/v2\/pages"}],"about":[{"href":"https:\/\/www.patrick-koglin.com\/en\/wp-json\/wp\/v2\/types\/page"}],"author":[{"embeddable":true,"href":"https:\/\/www.patrick-koglin.com\/en\/wp-json\/wp\/v2\/users\/1"}],"replies":[{"embeddable":true,"href":"https:\/\/www.patrick-koglin.com\/en\/wp-json\/wp\/v2\/comments?post=15237"}],"version-history":[{"count":2,"href":"https:\/\/www.patrick-koglin.com\/en\/wp-json\/wp\/v2\/pages\/15237\/revisions"}],"predecessor-version":[{"id":15242,"href":"https:\/\/www.patrick-koglin.com\/en\/wp-json\/wp\/v2\/pages\/15237\/revisions\/15242"}],"up":[{"embeddable":true,"href":"https:\/\/www.patrick-koglin.com\/en\/wp-json\/wp\/v2\/pages\/15137"}],"wp:attachment":[{"href":"https:\/\/www.patrick-koglin.com\/en\/wp-json\/wp\/v2\/media?parent=15237"}],"curies":[{"name":"wp","href":"https:\/\/api.w.org\/{rel}","templated":true}]}}