{"id":15244,"date":"2026-05-09T21:11:12","date_gmt":"2026-05-09T19:11:12","guid":{"rendered":"https:\/\/www.patrick-koglin.com\/?page_id=15244"},"modified":"2026-05-09T21:11:14","modified_gmt":"2026-05-09T19:11:14","slug":"eigener-spiegel","status":"publish","type":"page","link":"https:\/\/www.patrick-koglin.com\/en\/musik\/pk-music-productions\/song\/eigener-spiegel\/","title":{"rendered":"Eigener Spiegel"},"content":{"rendered":"\n<figure class=\"wp-block-image size-full is-resized\"><img fetchpriority=\"high\" decoding=\"async\" width=\"1024\" height=\"1024\" src=\"https:\/\/www.patrick-koglin.com\/wp-content\/uploads\/2026\/05\/image-37.png\" alt=\"\" class=\"wp-image-15245\" style=\"width:204px;height:auto\" srcset=\"https:\/\/www.patrick-koglin.com\/wp-content\/uploads\/2026\/05\/image-37.png 1024w, https:\/\/www.patrick-koglin.com\/wp-content\/uploads\/2026\/05\/image-37-300x300.png 300w, https:\/\/www.patrick-koglin.com\/wp-content\/uploads\/2026\/05\/image-37-150x150.png 150w, https:\/\/www.patrick-koglin.com\/wp-content\/uploads\/2026\/05\/image-37-768x768.png 768w, https:\/\/www.patrick-koglin.com\/wp-content\/uploads\/2026\/05\/image-37-12x12.png 12w\" sizes=\"(max-width: 1024px) 100vw, 1024px\" \/><\/figure>\n\n\n\n<p><\/p>\n\n\n\n<p>[Verse 1]<br>Ich schau mich an, kein Filterglas<br>Jede Narbe sagt, wer ich war<br>Fr\u00fcher rannte ich vor mir weg<br>Heut geh ich grad durch mein Versteck<\/p>\n\n\n\n<p>Zu oft gespielt, was niemand sieht<br>Zu oft gelacht, wenn innen Krieg<br>Doch meine Wahrheit bleibt im Raum<br>Auch wenn sie leise ist, ich glaub dran<\/p>\n\n\n\n<p>Ich brauch kein Lob, ich brauch nur Klarheit<br>Kein fremdes Licht f\u00fcr meine Wahrheit<br>Wenn ich fall, steh ich allein<br>Doch ich bleib echt, ich bleib mein<\/p>\n\n\n\n<p>[Pre-Chorus]<br>Ich h\u00f6r auf das, was in mir spricht<br>Auch wenn die Welt mir etwas bricht<br>Kein fremdes Ma\u00df, kein falscher Schein<br>Ich lern, mir selber treu zu sein<\/p>\n\n\n\n<p>[Chorus]<br>Ich bleib echt<br>Ich bleib mein<br>Wahrheit zieht<br>Durch mein Sein<br>Ich bleib echt<br>Ich bleib mein<br>Auch im Dunkeln<br>Bleib ich rein<\/p>\n\n\n\n<p>[Verse 2]<br>Nicht jeder Tag ist stark und glatt<br>Manchmal bin ich m\u00fcde, satt<br>Manchmal zweifle ich an mir<br>Doch ich lauf nicht mehr vor mir<\/p>\n\n\n\n<p>Ich sag nein, wenn mein Herz nein sagt<br>Ich geh grad, auch wenn keiner klatscht<br>Denn was ich f\u00fchl, ist nicht gespielt<br>Ich hab mir selbst den Blick verlieh&#8217;n<\/p>\n\n\n\n<p>Ich trag kein Kleid aus blo\u00dfem L\u00e4rm<br>Ich will kein Leben, das nicht w\u00e4rmt<br>Ich nehm die Wahrheit auf die Schultern<br>Und lass sie nicht von andern wundern<\/p>\n\n\n\n<p>[Pre-Chorus]<br>Ich h\u00f6r auf das, was in mir spricht<br>Auch wenn die Welt mir etwas bricht<br>Kein fremdes Ma\u00df, kein falscher Schein<br>Ich lern, mir selber treu zu sein<\/p>\n\n\n\n<p>[Chorus]<br>Ich bleib echt<br>Ich bleib mein<br>Wahrheit zieht<br>Durch mein Sein<br>Ich bleib echt<br>Ich bleib mein<br>Auch im Dunkeln<br>Bleib ich rein<\/p>\n\n\n\n<p>[Bridge]<br>Wenn alles f\u00e4llt, bleibt mein Kern<br>Nicht perfekt, doch echt und fern<br>Von dem L\u00e4rm, der mich verbiegt<br>Von der L\u00fcge, die mich kriegt<\/p>\n\n\n\n<p>Ich nehm mich an, auch St\u00fcck f\u00fcr St\u00fcck<br>Kein R\u00fcckzug mehr, kein altes Gl\u00fcck<br>Nur dieser Blick, klar und frei<br>Ich bin hier, und ich bleib bei mir<\/p>\n\n\n\n<p>[Final Chorus]<br>Ich bleib echt<br>Ich bleib mein<br>Wahrheit zieht<br>Durch mein Sein<br>Ich bleib echt<br>Ich bleib mein<br>Auch im Dunkeln<br>Bleib ich rein<br>Ich bleib echt<br>Ich bleib mein<br>Meine Wahrheit<br>Bleibt allein<\/p>\n","protected":false},"excerpt":{"rendered":"<p>[Verse 1]Ich schau mich an, kein FilterglasJede Narbe sagt, wer ich warFr\u00fcher rannte ich vor mir wegHeut geh ich grad durch mein Versteck Zu oft gespielt, was niemand siehtZu oft gelacht, wenn innen KriegDoch meine Wahrheit bleibt im RaumAuch wenn sie leise ist, ich glaub dran Ich brauch kein Lob, ich brauch nur KlarheitKein fremdes &#8230; <a title=\"Eigener Spiegel\" class=\"read-more\" href=\"https:\/\/www.patrick-koglin.com\/en\/musik\/pk-music-productions\/song\/eigener-spiegel\/\" aria-label=\"Read more about Eigener Spiegel\">Read more<\/a><\/p>\n","protected":false},"author":1,"featured_media":0,"parent":15137,"menu_order":0,"comment_status":"closed","ping_status":"closed","template":"","meta":{"footnotes":""},"class_list":["post-15244","page","type-page","status-publish"],"yoast_head":"<!-- This site is optimized with the Yoast SEO plugin v25.8 - https:\/\/yoast.com\/wordpress\/plugins\/seo\/ -->\n<title>Eigener Spiegel - Patrick Koglin<\/title>\n<meta name=\"robots\" content=\"index, follow, max-snippet:-1, max-image-preview:large, max-video-preview:-1\" \/>\n<link rel=\"canonical\" href=\"https:\/\/www.patrick-koglin.com\/en\/musik\/pk-music-productions\/song\/eigener-spiegel\/\" \/>\n<meta property=\"og:locale\" content=\"en_US\" \/>\n<meta property=\"og:type\" content=\"article\" \/>\n<meta property=\"og:title\" content=\"Eigener Spiegel - Patrick Koglin\" \/>\n<meta property=\"og:description\" content=\"[Verse 1]Ich schau mich an, kein FilterglasJede Narbe sagt, wer ich warFr\u00fcher rannte ich vor mir wegHeut geh ich grad durch mein Versteck Zu oft gespielt, was niemand siehtZu oft gelacht, wenn innen KriegDoch meine Wahrheit bleibt im RaumAuch wenn sie leise ist, ich glaub dran Ich brauch kein Lob, ich brauch nur KlarheitKein fremdes ... Read more\" \/>\n<meta property=\"og:url\" content=\"https:\/\/www.patrick-koglin.com\/en\/musik\/pk-music-productions\/song\/eigener-spiegel\/\" \/>\n<meta property=\"og:site_name\" content=\"Patrick Koglin\" \/>\n<meta property=\"article:publisher\" content=\"https:\/\/www.facebook.com\/profile.php?id=61566852463657\" \/>\n<meta property=\"article:modified_time\" content=\"2026-05-09T19:11:14+00:00\" \/>\n<meta property=\"og:image\" content=\"https:\/\/www.patrick-koglin.com\/wp-content\/uploads\/2026\/05\/image-37.png\" \/>\n\t<meta property=\"og:image:width\" content=\"1024\" \/>\n\t<meta property=\"og:image:height\" content=\"1024\" \/>\n\t<meta property=\"og:image:type\" content=\"image\/png\" \/>\n<meta name=\"twitter:card\" content=\"summary_large_image\" \/>\n<meta name=\"twitter:label1\" content=\"Est. reading time\" \/>\n\t<meta name=\"twitter:data1\" content=\"3 minutes\" \/>\n<script type=\"application\/ld+json\" class=\"yoast-schema-graph\">{\"@context\":\"https:\/\/schema.org\",\"@graph\":[{\"@type\":\"WebPage\",\"@id\":\"https:\/\/www.patrick-koglin.com\/musik\/pk-music-productions\/song\/eigener-spiegel\/\",\"url\":\"https:\/\/www.patrick-koglin.com\/musik\/pk-music-productions\/song\/eigener-spiegel\/\",\"name\":\"Eigener Spiegel - Patrick Koglin\",\"isPartOf\":{\"@id\":\"https:\/\/www.patrick-koglin.com\/#website\"},\"primaryImageOfPage\":{\"@id\":\"https:\/\/www.patrick-koglin.com\/musik\/pk-music-productions\/song\/eigener-spiegel\/#primaryimage\"},\"image\":{\"@id\":\"https:\/\/www.patrick-koglin.com\/musik\/pk-music-productions\/song\/eigener-spiegel\/#primaryimage\"},\"thumbnailUrl\":\"https:\/\/www.patrick-koglin.com\/wp-content\/uploads\/2026\/05\/image-37.png\",\"datePublished\":\"2026-05-09T19:11:12+00:00\",\"dateModified\":\"2026-05-09T19:11:14+00:00\",\"breadcrumb\":{\"@id\":\"https:\/\/www.patrick-koglin.com\/musik\/pk-music-productions\/song\/eigener-spiegel\/#breadcrumb\"},\"inLanguage\":\"en-US\",\"potentialAction\":[{\"@type\":\"ReadAction\",\"target\":[\"https:\/\/www.patrick-koglin.com\/musik\/pk-music-productions\/song\/eigener-spiegel\/\"]}]},{\"@type\":\"ImageObject\",\"inLanguage\":\"en-US\",\"@id\":\"https:\/\/www.patrick-koglin.com\/musik\/pk-music-productions\/song\/eigener-spiegel\/#primaryimage\",\"url\":\"https:\/\/www.patrick-koglin.com\/wp-content\/uploads\/2026\/05\/image-37.png\",\"contentUrl\":\"https:\/\/www.patrick-koglin.com\/wp-content\/uploads\/2026\/05\/image-37.png\"},{\"@type\":\"BreadcrumbList\",\"@id\":\"https:\/\/www.patrick-koglin.com\/musik\/pk-music-productions\/song\/eigener-spiegel\/#breadcrumb\",\"itemListElement\":[{\"@type\":\"ListItem\",\"position\":1,\"name\":\"Startseite\",\"item\":\"https:\/\/www.patrick-koglin.com\/\"},{\"@type\":\"ListItem\",\"position\":2,\"name\":\"Musik\",\"item\":\"https:\/\/www.patrick-koglin.com\/musik\/\"},{\"@type\":\"ListItem\",\"position\":3,\"name\":\"PK Music Productions\",\"item\":\"https:\/\/www.patrick-koglin.com\/musik\/pk-music-productions\/\"},{\"@type\":\"ListItem\",\"position\":4,\"name\":\"Song (PKM)\",\"item\":\"https:\/\/www.patrick-koglin.com\/musik\/pk-music-productions\/song\/\"},{\"@type\":\"ListItem\",\"position\":5,\"name\":\"Eigener Spiegel\"}]},{\"@type\":\"WebSite\",\"@id\":\"https:\/\/www.patrick-koglin.com\/#website\",\"url\":\"https:\/\/www.patrick-koglin.com\/\",\"name\":\"PK Coaching - Patrick Koglin Unternehmensgruppe\",\"description\":\"PK Coaching, Business-Design &amp; Development\",\"publisher\":{\"@id\":\"https:\/\/www.patrick-koglin.com\/#organization\"},\"potentialAction\":[{\"@type\":\"SearchAction\",\"target\":{\"@type\":\"EntryPoint\",\"urlTemplate\":\"https:\/\/www.patrick-koglin.com\/?s={search_term_string}\"},\"query-input\":{\"@type\":\"PropertyValueSpecification\",\"valueRequired\":true,\"valueName\":\"search_term_string\"}}],\"inLanguage\":\"en-US\"},{\"@type\":\"Organization\",\"@id\":\"https:\/\/www.patrick-koglin.com\/#organization\",\"name\":\"Patrick Koglin | CEO von PK Coaching\",\"url\":\"https:\/\/www.patrick-koglin.com\/\",\"logo\":{\"@type\":\"ImageObject\",\"inLanguage\":\"en-US\",\"@id\":\"https:\/\/www.patrick-koglin.com\/#\/schema\/logo\/image\/\",\"url\":\"https:\/\/www.patrick-koglin.com\/wp-content\/uploads\/2025\/07\/cropped-PK16.png\",\"contentUrl\":\"https:\/\/www.patrick-koglin.com\/wp-content\/uploads\/2025\/07\/cropped-PK16.png\",\"width\":619,\"height\":287,\"caption\":\"Patrick Koglin | CEO von PK Coaching\"},\"image\":{\"@id\":\"https:\/\/www.patrick-koglin.com\/#\/schema\/logo\/image\/\"},\"sameAs\":[\"https:\/\/www.facebook.com\/profile.php?id=61566852463657\"]}]}<\/script>\n<!-- \/ Yoast SEO plugin. -->","yoast_head_json":{"title":"Eigener Spiegel - Patrick Koglin","robots":{"index":"index","follow":"follow","max-snippet":"max-snippet:-1","max-image-preview":"max-image-preview:large","max-video-preview":"max-video-preview:-1"},"canonical":"https:\/\/www.patrick-koglin.com\/en\/musik\/pk-music-productions\/song\/eigener-spiegel\/","og_locale":"en_US","og_type":"article","og_title":"Eigener Spiegel - Patrick Koglin","og_description":"[Verse 1]Ich schau mich an, kein FilterglasJede Narbe sagt, wer ich warFr\u00fcher rannte ich vor mir wegHeut geh ich grad durch mein Versteck Zu oft gespielt, was niemand siehtZu oft gelacht, wenn innen KriegDoch meine Wahrheit bleibt im RaumAuch wenn sie leise ist, ich glaub dran Ich brauch kein Lob, ich brauch nur KlarheitKein fremdes ... Read more","og_url":"https:\/\/www.patrick-koglin.com\/en\/musik\/pk-music-productions\/song\/eigener-spiegel\/","og_site_name":"Patrick Koglin","article_publisher":"https:\/\/www.facebook.com\/profile.php?id=61566852463657","article_modified_time":"2026-05-09T19:11:14+00:00","og_image":[{"width":1024,"height":1024,"url":"https:\/\/www.patrick-koglin.com\/wp-content\/uploads\/2026\/05\/image-37.png","type":"image\/png"}],"twitter_card":"summary_large_image","twitter_misc":{"Est. reading time":"3 minutes"},"schema":{"@context":"https:\/\/schema.org","@graph":[{"@type":"WebPage","@id":"https:\/\/www.patrick-koglin.com\/musik\/pk-music-productions\/song\/eigener-spiegel\/","url":"https:\/\/www.patrick-koglin.com\/musik\/pk-music-productions\/song\/eigener-spiegel\/","name":"Eigener Spiegel - Patrick Koglin","isPartOf":{"@id":"https:\/\/www.patrick-koglin.com\/#website"},"primaryImageOfPage":{"@id":"https:\/\/www.patrick-koglin.com\/musik\/pk-music-productions\/song\/eigener-spiegel\/#primaryimage"},"image":{"@id":"https:\/\/www.patrick-koglin.com\/musik\/pk-music-productions\/song\/eigener-spiegel\/#primaryimage"},"thumbnailUrl":"https:\/\/www.patrick-koglin.com\/wp-content\/uploads\/2026\/05\/image-37.png","datePublished":"2026-05-09T19:11:12+00:00","dateModified":"2026-05-09T19:11:14+00:00","breadcrumb":{"@id":"https:\/\/www.patrick-koglin.com\/musik\/pk-music-productions\/song\/eigener-spiegel\/#breadcrumb"},"inLanguage":"en-US","potentialAction":[{"@type":"ReadAction","target":["https:\/\/www.patrick-koglin.com\/musik\/pk-music-productions\/song\/eigener-spiegel\/"]}]},{"@type":"ImageObject","inLanguage":"en-US","@id":"https:\/\/www.patrick-koglin.com\/musik\/pk-music-productions\/song\/eigener-spiegel\/#primaryimage","url":"https:\/\/www.patrick-koglin.com\/wp-content\/uploads\/2026\/05\/image-37.png","contentUrl":"https:\/\/www.patrick-koglin.com\/wp-content\/uploads\/2026\/05\/image-37.png"},{"@type":"BreadcrumbList","@id":"https:\/\/www.patrick-koglin.com\/musik\/pk-music-productions\/song\/eigener-spiegel\/#breadcrumb","itemListElement":[{"@type":"ListItem","position":1,"name":"Startseite","item":"https:\/\/www.patrick-koglin.com\/"},{"@type":"ListItem","position":2,"name":"Musik","item":"https:\/\/www.patrick-koglin.com\/musik\/"},{"@type":"ListItem","position":3,"name":"PK Music Productions","item":"https:\/\/www.patrick-koglin.com\/musik\/pk-music-productions\/"},{"@type":"ListItem","position":4,"name":"Song (PKM)","item":"https:\/\/www.patrick-koglin.com\/musik\/pk-music-productions\/song\/"},{"@type":"ListItem","position":5,"name":"Eigener Spiegel"}]},{"@type":"WebSite","@id":"https:\/\/www.patrick-koglin.com\/#website","url":"https:\/\/www.patrick-koglin.com\/","name":"PK Coaching - Patrick Koglin Unternehmensgruppe","description":"PK Coaching, Business-Design &amp; Development","publisher":{"@id":"https:\/\/www.patrick-koglin.com\/#organization"},"potentialAction":[{"@type":"SearchAction","target":{"@type":"EntryPoint","urlTemplate":"https:\/\/www.patrick-koglin.com\/?s={search_term_string}"},"query-input":{"@type":"PropertyValueSpecification","valueRequired":true,"valueName":"search_term_string"}}],"inLanguage":"en-US"},{"@type":"Organization","@id":"https:\/\/www.patrick-koglin.com\/#organization","name":"Patrick Koglin | CEO von PK Coaching","url":"https:\/\/www.patrick-koglin.com\/","logo":{"@type":"ImageObject","inLanguage":"en-US","@id":"https:\/\/www.patrick-koglin.com\/#\/schema\/logo\/image\/","url":"https:\/\/www.patrick-koglin.com\/wp-content\/uploads\/2025\/07\/cropped-PK16.png","contentUrl":"https:\/\/www.patrick-koglin.com\/wp-content\/uploads\/2025\/07\/cropped-PK16.png","width":619,"height":287,"caption":"Patrick Koglin | CEO von PK Coaching"},"image":{"@id":"https:\/\/www.patrick-koglin.com\/#\/schema\/logo\/image\/"},"sameAs":["https:\/\/www.facebook.com\/profile.php?id=61566852463657"]}]}},"_links":{"self":[{"href":"https:\/\/www.patrick-koglin.com\/en\/wp-json\/wp\/v2\/pages\/15244","targetHints":{"allow":["GET"]}}],"collection":[{"href":"https:\/\/www.patrick-koglin.com\/en\/wp-json\/wp\/v2\/pages"}],"about":[{"href":"https:\/\/www.patrick-koglin.com\/en\/wp-json\/wp\/v2\/types\/page"}],"author":[{"embeddable":true,"href":"https:\/\/www.patrick-koglin.com\/en\/wp-json\/wp\/v2\/users\/1"}],"replies":[{"embeddable":true,"href":"https:\/\/www.patrick-koglin.com\/en\/wp-json\/wp\/v2\/comments?post=15244"}],"version-history":[{"count":1,"href":"https:\/\/www.patrick-koglin.com\/en\/wp-json\/wp\/v2\/pages\/15244\/revisions"}],"predecessor-version":[{"id":15246,"href":"https:\/\/www.patrick-koglin.com\/en\/wp-json\/wp\/v2\/pages\/15244\/revisions\/15246"}],"up":[{"embeddable":true,"href":"https:\/\/www.patrick-koglin.com\/en\/wp-json\/wp\/v2\/pages\/15137"}],"wp:attachment":[{"href":"https:\/\/www.patrick-koglin.com\/en\/wp-json\/wp\/v2\/media?parent=15244"}],"curies":[{"name":"wp","href":"https:\/\/api.w.org\/{rel}","templated":true}]}}