{"id":15251,"date":"2026-05-09T21:15:06","date_gmt":"2026-05-09T19:15:06","guid":{"rendered":"https:\/\/www.patrick-koglin.com\/?page_id=15251"},"modified":"2026-05-09T21:15:08","modified_gmt":"2026-05-09T19:15:08","slug":"kein-energievampir","status":"publish","type":"page","link":"https:\/\/www.patrick-koglin.com\/en\/musik\/pk-music-productions\/song\/kein-energievampir\/","title":{"rendered":"Kein Energievampir"},"content":{"rendered":"\n<figure class=\"wp-block-image size-full is-resized\"><img fetchpriority=\"high\" decoding=\"async\" width=\"1024\" height=\"1024\" src=\"https:\/\/www.patrick-koglin.com\/wp-content\/uploads\/2026\/05\/image-38.png\" alt=\"\" class=\"wp-image-15252\" style=\"width:421px;height:auto\" srcset=\"https:\/\/www.patrick-koglin.com\/wp-content\/uploads\/2026\/05\/image-38.png 1024w, https:\/\/www.patrick-koglin.com\/wp-content\/uploads\/2026\/05\/image-38-300x300.png 300w, https:\/\/www.patrick-koglin.com\/wp-content\/uploads\/2026\/05\/image-38-150x150.png 150w, https:\/\/www.patrick-koglin.com\/wp-content\/uploads\/2026\/05\/image-38-768x768.png 768w, https:\/\/www.patrick-koglin.com\/wp-content\/uploads\/2026\/05\/image-38-12x12.png 12w\" sizes=\"(max-width: 1024px) 100vw, 1024px\" \/><\/figure>\n\n\n\n<p><\/p>\n\n\n\n<p><strong>Album:<\/strong> <a href=\"https:\/\/www.patrick-koglin.com\/musik\/pk-music-productions\/alben\/die-antwort\/\">Die Antwort<\/a><\/p>\n\n\n\n<hr class=\"wp-block-separator has-alpha-channel-opacity\"\/>\n\n\n\n<h2 class=\"wp-block-heading\">Songtext<\/h2>\n\n\n\n<p>[Verse 1]<br>Du nennst mich schwer<br>weil du nicht klar redest<br>ziehst ein Etikett<br>wenn du selbst ausweichst<\/p>\n\n\n\n<p>Sagst: \u201eDer saugt mich leer\u201c<br>doch du meinst Kritik<br>weil du nicht h\u00f6rst<br>wenn es unbequem wird<\/p>\n\n\n\n<p>Ein Blick, ein Satz<br>und schon bin ich schuld<br>an deiner M\u00fcdigkeit<br>an deinem Fluchtpunkt<\/p>\n\n\n\n<p>Doch oft ist es so<br>du willst keine N\u00e4he<br>du willst nur Recht<br>und nennst das dann Seele<\/p>\n\n\n\n<p>[Pre-Chorus]<br>Du suchst dir ein Bild<br>damit du nicht schaust<br>auf deinen Teil<br>auf dein eigenes Chaos<\/p>\n\n\n\n<p>Wenn das Gespr\u00e4ch brennt<br>rufst du mich krank<br>doch vielleicht war&#8217;s nur<br>dein Stolz an der Wand<\/p>\n\n\n\n<p>[Chorus]<br>Kein Energievampir<br>du weichst nur aus<br>Kein Energievampir<br>du drehst es raus<\/p>\n\n\n\n<p>Nenn nicht mein Atmen<br>f\u00fcr deine Last<br>Kein Energievampir<br>wenn du nichts tr\u00e4gst (nichts tr\u00e4gst)<\/p>\n\n\n\n<p>[Verse 2]<br>Du willst die B\u00fchne<br>doch nicht die Verantwortung<br>willst Wirkung kassieren<br>aber nie die Rechnung<\/p>\n\n\n\n<p>Wenn Worte treffen<br>wird sofort pathologisiert<br>statt mal zu sagen<br>\u201eJa, ich hab&#8217;s verbockt\u201c<\/p>\n\n\n\n<p>Das ist bequem<br>weil es dich hebt<br>\u00fcber den anderen<br>ohne dass du was gibst<\/p>\n\n\n\n<p>Ein gro\u00dfes Wort<br>wie ein sauberer Schild<br>doch darunter bleibt<br>nur dein alter Film<\/p>\n\n\n\n<p>[Pre-Chorus]<br>Du suchst dir ein Bild<br>damit du nicht schaust<br>auf deinen Teil<br>auf dein eigenes Chaos<\/p>\n\n\n\n<p>Wenn das Gespr\u00e4ch brennt<br>rufst du mich krank<br>doch vielleicht war&#8217;s nur<br>dein Stolz an der Wand<\/p>\n\n\n\n<p>[Chorus]<br>Kein Energievampir<br>du weichst nur aus<br>Kein Energievampir<br>du drehst es raus<\/p>\n\n\n\n<p>Nenn nicht mein Atmen<br>f\u00fcr deine Last<br>Kein Energievampir<br>wenn du nichts tr\u00e4gst (nichts tr\u00e4gst)<\/p>\n\n\n\n<p>[Bridge]<br>Vielleicht war&#8217;s zu direkt<br>vielleicht war&#8217;s zu echt<br>aber echte N\u00e4he<br>ist nie nur nett<\/p>\n\n\n\n<p>Sie fragt auch zur\u00fcck<br>sie h\u00e4lt dich aus<br>sie zeigt dir Schatten<br>und jagt dich nicht raus<\/p>\n\n\n\n<p>[Chorus]<br>Kein Energievampir<br>du weichst nur aus<br>Kein Energievampir<br>du drehst es raus<\/p>\n\n\n\n<p>Nenn nicht mein Atmen<br>f\u00fcr deine Last<br>Kein Energievampir<br>wenn du nichts tr\u00e4gst (nichts tr\u00e4gst)<\/p>\n\n\n\n<p>[Outro]<br>Mehr Haltung, mehr Blick<br>mehr Teil an dir<br>Dann wird aus Schuld<br>ein echtes Wir<\/p>\n","protected":false},"excerpt":{"rendered":"<p>Album: Die Antwort Songtext [Verse 1]Du nennst mich schwerweil du nicht klar redestziehst ein Etikettwenn du selbst ausweichst Sagst: \u201eDer saugt mich leer\u201cdoch du meinst Kritikweil du nicht h\u00f6rstwenn es unbequem wird Ein Blick, ein Satzund schon bin ich schuldan deiner M\u00fcdigkeitan deinem Fluchtpunkt Doch oft ist es sodu willst keine N\u00e4hedu willst nur Rechtund &#8230; <a title=\"Kein Energievampir\" class=\"read-more\" href=\"https:\/\/www.patrick-koglin.com\/en\/musik\/pk-music-productions\/song\/kein-energievampir\/\" aria-label=\"Read more about Kein Energievampir\">Read more<\/a><\/p>\n","protected":false},"author":1,"featured_media":0,"parent":15137,"menu_order":0,"comment_status":"closed","ping_status":"closed","template":"","meta":{"footnotes":""},"class_list":["post-15251","page","type-page","status-publish"],"yoast_head":"<!-- This site is optimized with the Yoast SEO plugin v25.8 - https:\/\/yoast.com\/wordpress\/plugins\/seo\/ -->\n<title>Kein Energievampir - Patrick Koglin<\/title>\n<meta name=\"robots\" content=\"index, follow, max-snippet:-1, max-image-preview:large, max-video-preview:-1\" \/>\n<link rel=\"canonical\" href=\"https:\/\/www.patrick-koglin.com\/en\/musik\/pk-music-productions\/song\/kein-energievampir\/\" \/>\n<meta property=\"og:locale\" content=\"en_US\" \/>\n<meta property=\"og:type\" content=\"article\" \/>\n<meta property=\"og:title\" content=\"Kein Energievampir - Patrick Koglin\" \/>\n<meta property=\"og:description\" content=\"Album: Die Antwort Songtext [Verse 1]Du nennst mich schwerweil du nicht klar redestziehst ein Etikettwenn du selbst ausweichst Sagst: \u201eDer saugt mich leer\u201cdoch du meinst Kritikweil du nicht h\u00f6rstwenn es unbequem wird Ein Blick, ein Satzund schon bin ich schuldan deiner M\u00fcdigkeitan deinem Fluchtpunkt Doch oft ist es sodu willst keine N\u00e4hedu willst nur Rechtund ... Read more\" \/>\n<meta property=\"og:url\" content=\"https:\/\/www.patrick-koglin.com\/en\/musik\/pk-music-productions\/song\/kein-energievampir\/\" \/>\n<meta property=\"og:site_name\" content=\"Patrick Koglin\" \/>\n<meta property=\"article:publisher\" content=\"https:\/\/www.facebook.com\/profile.php?id=61566852463657\" \/>\n<meta property=\"article:modified_time\" content=\"2026-05-09T19:15:08+00:00\" \/>\n<meta property=\"og:image\" content=\"https:\/\/www.patrick-koglin.com\/wp-content\/uploads\/2026\/05\/image-38.png\" \/>\n\t<meta property=\"og:image:width\" content=\"1024\" \/>\n\t<meta property=\"og:image:height\" content=\"1024\" \/>\n\t<meta property=\"og:image:type\" content=\"image\/png\" \/>\n<meta name=\"twitter:card\" content=\"summary_large_image\" \/>\n<meta name=\"twitter:label1\" content=\"Est. reading time\" \/>\n\t<meta name=\"twitter:data1\" content=\"3 minutes\" \/>\n<script type=\"application\/ld+json\" class=\"yoast-schema-graph\">{\"@context\":\"https:\/\/schema.org\",\"@graph\":[{\"@type\":\"WebPage\",\"@id\":\"https:\/\/www.patrick-koglin.com\/musik\/pk-music-productions\/song\/kein-energievampir\/\",\"url\":\"https:\/\/www.patrick-koglin.com\/musik\/pk-music-productions\/song\/kein-energievampir\/\",\"name\":\"Kein Energievampir - Patrick Koglin\",\"isPartOf\":{\"@id\":\"https:\/\/www.patrick-koglin.com\/#website\"},\"primaryImageOfPage\":{\"@id\":\"https:\/\/www.patrick-koglin.com\/musik\/pk-music-productions\/song\/kein-energievampir\/#primaryimage\"},\"image\":{\"@id\":\"https:\/\/www.patrick-koglin.com\/musik\/pk-music-productions\/song\/kein-energievampir\/#primaryimage\"},\"thumbnailUrl\":\"https:\/\/www.patrick-koglin.com\/wp-content\/uploads\/2026\/05\/image-38.png\",\"datePublished\":\"2026-05-09T19:15:06+00:00\",\"dateModified\":\"2026-05-09T19:15:08+00:00\",\"breadcrumb\":{\"@id\":\"https:\/\/www.patrick-koglin.com\/musik\/pk-music-productions\/song\/kein-energievampir\/#breadcrumb\"},\"inLanguage\":\"en-US\",\"potentialAction\":[{\"@type\":\"ReadAction\",\"target\":[\"https:\/\/www.patrick-koglin.com\/musik\/pk-music-productions\/song\/kein-energievampir\/\"]}]},{\"@type\":\"ImageObject\",\"inLanguage\":\"en-US\",\"@id\":\"https:\/\/www.patrick-koglin.com\/musik\/pk-music-productions\/song\/kein-energievampir\/#primaryimage\",\"url\":\"https:\/\/www.patrick-koglin.com\/wp-content\/uploads\/2026\/05\/image-38.png\",\"contentUrl\":\"https:\/\/www.patrick-koglin.com\/wp-content\/uploads\/2026\/05\/image-38.png\"},{\"@type\":\"BreadcrumbList\",\"@id\":\"https:\/\/www.patrick-koglin.com\/musik\/pk-music-productions\/song\/kein-energievampir\/#breadcrumb\",\"itemListElement\":[{\"@type\":\"ListItem\",\"position\":1,\"name\":\"Startseite\",\"item\":\"https:\/\/www.patrick-koglin.com\/\"},{\"@type\":\"ListItem\",\"position\":2,\"name\":\"Musik\",\"item\":\"https:\/\/www.patrick-koglin.com\/musik\/\"},{\"@type\":\"ListItem\",\"position\":3,\"name\":\"PK Music Productions\",\"item\":\"https:\/\/www.patrick-koglin.com\/musik\/pk-music-productions\/\"},{\"@type\":\"ListItem\",\"position\":4,\"name\":\"Song (PKM)\",\"item\":\"https:\/\/www.patrick-koglin.com\/musik\/pk-music-productions\/song\/\"},{\"@type\":\"ListItem\",\"position\":5,\"name\":\"Kein Energievampir\"}]},{\"@type\":\"WebSite\",\"@id\":\"https:\/\/www.patrick-koglin.com\/#website\",\"url\":\"https:\/\/www.patrick-koglin.com\/\",\"name\":\"PK Coaching - Patrick Koglin Unternehmensgruppe\",\"description\":\"PK Coaching, Business-Design &amp; Development\",\"publisher\":{\"@id\":\"https:\/\/www.patrick-koglin.com\/#organization\"},\"potentialAction\":[{\"@type\":\"SearchAction\",\"target\":{\"@type\":\"EntryPoint\",\"urlTemplate\":\"https:\/\/www.patrick-koglin.com\/?s={search_term_string}\"},\"query-input\":{\"@type\":\"PropertyValueSpecification\",\"valueRequired\":true,\"valueName\":\"search_term_string\"}}],\"inLanguage\":\"en-US\"},{\"@type\":\"Organization\",\"@id\":\"https:\/\/www.patrick-koglin.com\/#organization\",\"name\":\"Patrick Koglin | CEO von PK Coaching\",\"url\":\"https:\/\/www.patrick-koglin.com\/\",\"logo\":{\"@type\":\"ImageObject\",\"inLanguage\":\"en-US\",\"@id\":\"https:\/\/www.patrick-koglin.com\/#\/schema\/logo\/image\/\",\"url\":\"https:\/\/www.patrick-koglin.com\/wp-content\/uploads\/2025\/07\/cropped-PK16.png\",\"contentUrl\":\"https:\/\/www.patrick-koglin.com\/wp-content\/uploads\/2025\/07\/cropped-PK16.png\",\"width\":619,\"height\":287,\"caption\":\"Patrick Koglin | CEO von PK Coaching\"},\"image\":{\"@id\":\"https:\/\/www.patrick-koglin.com\/#\/schema\/logo\/image\/\"},\"sameAs\":[\"https:\/\/www.facebook.com\/profile.php?id=61566852463657\"]}]}<\/script>\n<!-- \/ Yoast SEO plugin. -->","yoast_head_json":{"title":"Kein Energievampir - Patrick Koglin","robots":{"index":"index","follow":"follow","max-snippet":"max-snippet:-1","max-image-preview":"max-image-preview:large","max-video-preview":"max-video-preview:-1"},"canonical":"https:\/\/www.patrick-koglin.com\/en\/musik\/pk-music-productions\/song\/kein-energievampir\/","og_locale":"en_US","og_type":"article","og_title":"Kein Energievampir - Patrick Koglin","og_description":"Album: Die Antwort Songtext [Verse 1]Du nennst mich schwerweil du nicht klar redestziehst ein Etikettwenn du selbst ausweichst Sagst: \u201eDer saugt mich leer\u201cdoch du meinst Kritikweil du nicht h\u00f6rstwenn es unbequem wird Ein Blick, ein Satzund schon bin ich schuldan deiner M\u00fcdigkeitan deinem Fluchtpunkt Doch oft ist es sodu willst keine N\u00e4hedu willst nur Rechtund ... Read more","og_url":"https:\/\/www.patrick-koglin.com\/en\/musik\/pk-music-productions\/song\/kein-energievampir\/","og_site_name":"Patrick Koglin","article_publisher":"https:\/\/www.facebook.com\/profile.php?id=61566852463657","article_modified_time":"2026-05-09T19:15:08+00:00","og_image":[{"width":1024,"height":1024,"url":"https:\/\/www.patrick-koglin.com\/wp-content\/uploads\/2026\/05\/image-38.png","type":"image\/png"}],"twitter_card":"summary_large_image","twitter_misc":{"Est. reading time":"3 minutes"},"schema":{"@context":"https:\/\/schema.org","@graph":[{"@type":"WebPage","@id":"https:\/\/www.patrick-koglin.com\/musik\/pk-music-productions\/song\/kein-energievampir\/","url":"https:\/\/www.patrick-koglin.com\/musik\/pk-music-productions\/song\/kein-energievampir\/","name":"Kein Energievampir - Patrick Koglin","isPartOf":{"@id":"https:\/\/www.patrick-koglin.com\/#website"},"primaryImageOfPage":{"@id":"https:\/\/www.patrick-koglin.com\/musik\/pk-music-productions\/song\/kein-energievampir\/#primaryimage"},"image":{"@id":"https:\/\/www.patrick-koglin.com\/musik\/pk-music-productions\/song\/kein-energievampir\/#primaryimage"},"thumbnailUrl":"https:\/\/www.patrick-koglin.com\/wp-content\/uploads\/2026\/05\/image-38.png","datePublished":"2026-05-09T19:15:06+00:00","dateModified":"2026-05-09T19:15:08+00:00","breadcrumb":{"@id":"https:\/\/www.patrick-koglin.com\/musik\/pk-music-productions\/song\/kein-energievampir\/#breadcrumb"},"inLanguage":"en-US","potentialAction":[{"@type":"ReadAction","target":["https:\/\/www.patrick-koglin.com\/musik\/pk-music-productions\/song\/kein-energievampir\/"]}]},{"@type":"ImageObject","inLanguage":"en-US","@id":"https:\/\/www.patrick-koglin.com\/musik\/pk-music-productions\/song\/kein-energievampir\/#primaryimage","url":"https:\/\/www.patrick-koglin.com\/wp-content\/uploads\/2026\/05\/image-38.png","contentUrl":"https:\/\/www.patrick-koglin.com\/wp-content\/uploads\/2026\/05\/image-38.png"},{"@type":"BreadcrumbList","@id":"https:\/\/www.patrick-koglin.com\/musik\/pk-music-productions\/song\/kein-energievampir\/#breadcrumb","itemListElement":[{"@type":"ListItem","position":1,"name":"Startseite","item":"https:\/\/www.patrick-koglin.com\/"},{"@type":"ListItem","position":2,"name":"Musik","item":"https:\/\/www.patrick-koglin.com\/musik\/"},{"@type":"ListItem","position":3,"name":"PK Music Productions","item":"https:\/\/www.patrick-koglin.com\/musik\/pk-music-productions\/"},{"@type":"ListItem","position":4,"name":"Song (PKM)","item":"https:\/\/www.patrick-koglin.com\/musik\/pk-music-productions\/song\/"},{"@type":"ListItem","position":5,"name":"Kein Energievampir"}]},{"@type":"WebSite","@id":"https:\/\/www.patrick-koglin.com\/#website","url":"https:\/\/www.patrick-koglin.com\/","name":"PK Coaching - Patrick Koglin Unternehmensgruppe","description":"PK Coaching, Business-Design &amp; Development","publisher":{"@id":"https:\/\/www.patrick-koglin.com\/#organization"},"potentialAction":[{"@type":"SearchAction","target":{"@type":"EntryPoint","urlTemplate":"https:\/\/www.patrick-koglin.com\/?s={search_term_string}"},"query-input":{"@type":"PropertyValueSpecification","valueRequired":true,"valueName":"search_term_string"}}],"inLanguage":"en-US"},{"@type":"Organization","@id":"https:\/\/www.patrick-koglin.com\/#organization","name":"Patrick Koglin | CEO von PK Coaching","url":"https:\/\/www.patrick-koglin.com\/","logo":{"@type":"ImageObject","inLanguage":"en-US","@id":"https:\/\/www.patrick-koglin.com\/#\/schema\/logo\/image\/","url":"https:\/\/www.patrick-koglin.com\/wp-content\/uploads\/2025\/07\/cropped-PK16.png","contentUrl":"https:\/\/www.patrick-koglin.com\/wp-content\/uploads\/2025\/07\/cropped-PK16.png","width":619,"height":287,"caption":"Patrick Koglin | CEO von PK Coaching"},"image":{"@id":"https:\/\/www.patrick-koglin.com\/#\/schema\/logo\/image\/"},"sameAs":["https:\/\/www.facebook.com\/profile.php?id=61566852463657"]}]}},"_links":{"self":[{"href":"https:\/\/www.patrick-koglin.com\/en\/wp-json\/wp\/v2\/pages\/15251","targetHints":{"allow":["GET"]}}],"collection":[{"href":"https:\/\/www.patrick-koglin.com\/en\/wp-json\/wp\/v2\/pages"}],"about":[{"href":"https:\/\/www.patrick-koglin.com\/en\/wp-json\/wp\/v2\/types\/page"}],"author":[{"embeddable":true,"href":"https:\/\/www.patrick-koglin.com\/en\/wp-json\/wp\/v2\/users\/1"}],"replies":[{"embeddable":true,"href":"https:\/\/www.patrick-koglin.com\/en\/wp-json\/wp\/v2\/comments?post=15251"}],"version-history":[{"count":1,"href":"https:\/\/www.patrick-koglin.com\/en\/wp-json\/wp\/v2\/pages\/15251\/revisions"}],"predecessor-version":[{"id":15253,"href":"https:\/\/www.patrick-koglin.com\/en\/wp-json\/wp\/v2\/pages\/15251\/revisions\/15253"}],"up":[{"embeddable":true,"href":"https:\/\/www.patrick-koglin.com\/en\/wp-json\/wp\/v2\/pages\/15137"}],"wp:attachment":[{"href":"https:\/\/www.patrick-koglin.com\/en\/wp-json\/wp\/v2\/media?parent=15251"}],"curies":[{"name":"wp","href":"https:\/\/api.w.org\/{rel}","templated":true}]}}