{"id":15266,"date":"2026-05-09T21:24:49","date_gmt":"2026-05-09T19:24:49","guid":{"rendered":"https:\/\/www.patrick-koglin.com\/?page_id=15266"},"modified":"2026-05-09T21:24:51","modified_gmt":"2026-05-09T19:24:51","slug":"fahrschein-ohne-weitblick","status":"publish","type":"page","link":"https:\/\/www.patrick-koglin.com\/en\/fahrschein-ohne-weitblick\/","title":{"rendered":"Fahrschein ohne Weitblick"},"content":{"rendered":"\n<figure class=\"wp-block-image size-full is-resized\"><img fetchpriority=\"high\" decoding=\"async\" width=\"1024\" height=\"1024\" src=\"https:\/\/www.patrick-koglin.com\/wp-content\/uploads\/2026\/05\/image-40.png\" alt=\"\" class=\"wp-image-15267\" style=\"width:525px;height:auto\" srcset=\"https:\/\/www.patrick-koglin.com\/wp-content\/uploads\/2026\/05\/image-40.png 1024w, https:\/\/www.patrick-koglin.com\/wp-content\/uploads\/2026\/05\/image-40-300x300.png 300w, https:\/\/www.patrick-koglin.com\/wp-content\/uploads\/2026\/05\/image-40-150x150.png 150w, https:\/\/www.patrick-koglin.com\/wp-content\/uploads\/2026\/05\/image-40-768x768.png 768w, https:\/\/www.patrick-koglin.com\/wp-content\/uploads\/2026\/05\/image-40-12x12.png 12w\" sizes=\"(max-width: 1024px) 100vw, 1024px\" \/><\/figure>\n\n\n\n<p><\/p>\n\n\n\n<p><strong>Album: <\/strong><a href=\"https:\/\/www.patrick-koglin.com\/musik\/pk-music-productions\/alben\/die-antwort\/\">Die Antwort<\/a><\/p>\n\n\n\n<hr class=\"wp-block-separator has-alpha-channel-opacity\"\/>\n\n\n\n<p>[Verse 1]<br>Alles okay, sagen sie so leicht<br>doch keiner fragt, was im Anderen bleibt<br>Worte wie Kies in der offenen Wunde<br>und dann nur: &#8222;War doch nur &#8217;ne Stunde&#8220;<\/p>\n\n\n\n<p>Alles erlaubt, Hauptsache schnell<br>Hauptsache ich, Hauptsache hell<br>Doch wenn dein Vorteil auf Br\u00fcchen steht<br>ist es kein Weg, der nach vorne geht<\/p>\n\n\n\n<p>Du nennst es Freiheit, ich nenn&#8217;s Verfall<br>wenn keiner mehr sp\u00fcrt, was er ausl\u00f6st, \u00fcberall<br>Kein Blick f\u00fcr das Ganze, nur Appetit<br>und jeder Schritt zieht Kreise im Betrieb<\/p>\n\n\n\n<p>[Pre-Chorus]<br>Was trifft es bei dir?<br>Was trifft es bei mir?<br>Wenn ich dich \u00fcbergeh<br>was macht das aus dir?<\/p>\n\n\n\n<p>[Chorus]<br>Was l\u00f6st du aus? (was l\u00f6st du aus?)<br>Was l\u00f6st du aus?<br>Nicht alles ist egal<br>nicht jeder Schritt ist schlau<br>Was l\u00f6st du aus? (was l\u00f6st du aus?)<br>Was l\u00f6st du aus?<br>Wer Vertrauen bricht<br>verl\u00e4sst sich selber auch<\/p>\n\n\n\n<p>[Verse 2]<br>Da sitzt der Mund auf dem Throne der Frechheit<br>spuckt einen Satz und nennt das Klarheit<br>Doch jedes &#8222;Ist mir egal&#8220; hat Gewicht<br>und f\u00e4llt in Gesichter, die du nicht siehst<\/p>\n\n\n\n<p>Du redest von &#8222;ehrlich&#8220;, doch meinst nur hart<br>und l\u00e4sst verbrannte Erde auf jedem Pfad<br>Wenn keiner mehr pr\u00fcft, was das Spiel verursacht<br>wird aus Gewohnheit ganz schnell ein Absturz<\/p>\n\n\n\n<p>Kein systemischer Blick, nur enger Gang<br>und alle wundern sich \u00fcber den Brand<br>Wenn jeder nimmt, was gerade geht<br>w\u00e4chst nichts, das l\u00e4nger als morgen steht<\/p>\n\n\n\n<p>[Pre-Chorus]<br>Was trifft es bei dir?<br>Was trifft es bei mir?<br>Wenn ich dich \u00fcbergeh<br>was macht das aus dir?<\/p>\n\n\n\n<p>[Chorus]<br>Was l\u00f6st du aus? (was l\u00f6st du aus?)<br>Was l\u00f6st du aus?<br>Nicht alles ist egal<br>nicht jeder Schritt ist schlau<br>Was l\u00f6st du aus? (was l\u00f6st du aus?)<br>Was l\u00f6st du aus?<br>Wer Vertrauen bricht<br>verl\u00e4sst sich selber auch<\/p>\n\n\n\n<p>[Bridge]<br>Stell dich kurz still<br>und h\u00f6r mal hin<br>Wer wird klein<br>durch deinen Sinn?<\/p>\n\n\n\n<p>Was bleibt von dir<br>wenn du nur nimmst?<br>Was w\u00e4chst in dir<br>wenn du dich pr\u00fcfst?<\/p>\n\n\n\n<p>[Final Chorus]<br>Was l\u00f6st du aus? (was l\u00f6st du aus?)<br>Was l\u00f6st du aus?<br>Nicht alles ist egal<br>nicht jeder Schritt ist schlau<br>Was l\u00f6st du aus? (was l\u00f6st du aus?)<br>Was l\u00f6st du aus?<br>Wer hinsehn lernt<br>der wird erst wirklich wach<\/p>\n\n\n\n<p>Was l\u00f6st du aus? (was l\u00f6st du aus?)<br>Was l\u00f6st du aus?<br>Mehr als ein Reflex<br>mehr als nur ein Traum von &#8222;auch&#8220;<br>Was l\u00f6st du aus? (was l\u00f6st du aus?)<br>Was l\u00f6st du aus?<br>Bewusstsein hei\u00dft<br>ich seh dich mit mir im Bauch<\/p>\n","protected":false},"excerpt":{"rendered":"<p>Album: Die Antwort [Verse 1]Alles okay, sagen sie so leichtdoch keiner fragt, was im Anderen bleibtWorte wie Kies in der offenen Wundeund dann nur: &#8222;War doch nur &#8217;ne Stunde&#8220; Alles erlaubt, Hauptsache schnellHauptsache ich, Hauptsache hellDoch wenn dein Vorteil auf Br\u00fcchen stehtist es kein Weg, der nach vorne geht Du nennst es Freiheit, ich nenn&#8217;s &#8230; <a title=\"Fahrschein ohne Weitblick\" class=\"read-more\" href=\"https:\/\/www.patrick-koglin.com\/en\/fahrschein-ohne-weitblick\/\" aria-label=\"Read more about Fahrschein ohne Weitblick\">Read more<\/a><\/p>\n","protected":false},"author":1,"featured_media":0,"parent":0,"menu_order":0,"comment_status":"closed","ping_status":"closed","template":"","meta":{"footnotes":""},"class_list":["post-15266","page","type-page","status-publish"],"yoast_head":"<!-- This site is optimized with the Yoast SEO plugin v25.8 - https:\/\/yoast.com\/wordpress\/plugins\/seo\/ -->\n<title>Fahrschein ohne Weitblick - Patrick Koglin<\/title>\n<meta name=\"robots\" content=\"index, follow, max-snippet:-1, max-image-preview:large, max-video-preview:-1\" \/>\n<link rel=\"canonical\" href=\"https:\/\/www.patrick-koglin.com\/en\/fahrschein-ohne-weitblick\/\" \/>\n<meta property=\"og:locale\" content=\"en_US\" \/>\n<meta property=\"og:type\" content=\"article\" \/>\n<meta property=\"og:title\" content=\"Fahrschein ohne Weitblick - Patrick Koglin\" \/>\n<meta property=\"og:description\" content=\"Album: Die Antwort [Verse 1]Alles okay, sagen sie so leichtdoch keiner fragt, was im Anderen bleibtWorte wie Kies in der offenen Wundeund dann nur: &#8222;War doch nur &#8217;ne Stunde&#8220; Alles erlaubt, Hauptsache schnellHauptsache ich, Hauptsache hellDoch wenn dein Vorteil auf Br\u00fcchen stehtist es kein Weg, der nach vorne geht Du nennst es Freiheit, ich nenn&#8217;s ... Read more\" \/>\n<meta property=\"og:url\" content=\"https:\/\/www.patrick-koglin.com\/en\/fahrschein-ohne-weitblick\/\" \/>\n<meta property=\"og:site_name\" content=\"Patrick Koglin\" \/>\n<meta property=\"article:publisher\" content=\"https:\/\/www.facebook.com\/profile.php?id=61566852463657\" \/>\n<meta property=\"article:modified_time\" content=\"2026-05-09T19:24:51+00:00\" \/>\n<meta property=\"og:image\" content=\"https:\/\/www.patrick-koglin.com\/wp-content\/uploads\/2026\/05\/image-40.png\" \/>\n\t<meta property=\"og:image:width\" content=\"1024\" \/>\n\t<meta property=\"og:image:height\" content=\"1024\" \/>\n\t<meta property=\"og:image:type\" content=\"image\/png\" \/>\n<meta name=\"twitter:card\" content=\"summary_large_image\" \/>\n<meta name=\"twitter:label1\" content=\"Est. reading time\" \/>\n\t<meta name=\"twitter:data1\" content=\"3 minutes\" \/>\n<script type=\"application\/ld+json\" class=\"yoast-schema-graph\">{\"@context\":\"https:\/\/schema.org\",\"@graph\":[{\"@type\":\"WebPage\",\"@id\":\"https:\/\/www.patrick-koglin.com\/fahrschein-ohne-weitblick\/\",\"url\":\"https:\/\/www.patrick-koglin.com\/fahrschein-ohne-weitblick\/\",\"name\":\"Fahrschein ohne Weitblick - Patrick Koglin\",\"isPartOf\":{\"@id\":\"https:\/\/www.patrick-koglin.com\/#website\"},\"primaryImageOfPage\":{\"@id\":\"https:\/\/www.patrick-koglin.com\/fahrschein-ohne-weitblick\/#primaryimage\"},\"image\":{\"@id\":\"https:\/\/www.patrick-koglin.com\/fahrschein-ohne-weitblick\/#primaryimage\"},\"thumbnailUrl\":\"https:\/\/www.patrick-koglin.com\/wp-content\/uploads\/2026\/05\/image-40.png\",\"datePublished\":\"2026-05-09T19:24:49+00:00\",\"dateModified\":\"2026-05-09T19:24:51+00:00\",\"breadcrumb\":{\"@id\":\"https:\/\/www.patrick-koglin.com\/fahrschein-ohne-weitblick\/#breadcrumb\"},\"inLanguage\":\"en-US\",\"potentialAction\":[{\"@type\":\"ReadAction\",\"target\":[\"https:\/\/www.patrick-koglin.com\/fahrschein-ohne-weitblick\/\"]}]},{\"@type\":\"ImageObject\",\"inLanguage\":\"en-US\",\"@id\":\"https:\/\/www.patrick-koglin.com\/fahrschein-ohne-weitblick\/#primaryimage\",\"url\":\"https:\/\/www.patrick-koglin.com\/wp-content\/uploads\/2026\/05\/image-40.png\",\"contentUrl\":\"https:\/\/www.patrick-koglin.com\/wp-content\/uploads\/2026\/05\/image-40.png\"},{\"@type\":\"BreadcrumbList\",\"@id\":\"https:\/\/www.patrick-koglin.com\/fahrschein-ohne-weitblick\/#breadcrumb\",\"itemListElement\":[{\"@type\":\"ListItem\",\"position\":1,\"name\":\"Startseite\",\"item\":\"https:\/\/www.patrick-koglin.com\/\"},{\"@type\":\"ListItem\",\"position\":2,\"name\":\"Fahrschein ohne Weitblick\"}]},{\"@type\":\"WebSite\",\"@id\":\"https:\/\/www.patrick-koglin.com\/#website\",\"url\":\"https:\/\/www.patrick-koglin.com\/\",\"name\":\"PK Coaching - Patrick Koglin Unternehmensgruppe\",\"description\":\"PK Coaching, Business-Design &amp; Development\",\"publisher\":{\"@id\":\"https:\/\/www.patrick-koglin.com\/#organization\"},\"potentialAction\":[{\"@type\":\"SearchAction\",\"target\":{\"@type\":\"EntryPoint\",\"urlTemplate\":\"https:\/\/www.patrick-koglin.com\/?s={search_term_string}\"},\"query-input\":{\"@type\":\"PropertyValueSpecification\",\"valueRequired\":true,\"valueName\":\"search_term_string\"}}],\"inLanguage\":\"en-US\"},{\"@type\":\"Organization\",\"@id\":\"https:\/\/www.patrick-koglin.com\/#organization\",\"name\":\"Patrick Koglin | CEO von PK Coaching\",\"url\":\"https:\/\/www.patrick-koglin.com\/\",\"logo\":{\"@type\":\"ImageObject\",\"inLanguage\":\"en-US\",\"@id\":\"https:\/\/www.patrick-koglin.com\/#\/schema\/logo\/image\/\",\"url\":\"https:\/\/www.patrick-koglin.com\/wp-content\/uploads\/2025\/07\/cropped-PK16.png\",\"contentUrl\":\"https:\/\/www.patrick-koglin.com\/wp-content\/uploads\/2025\/07\/cropped-PK16.png\",\"width\":619,\"height\":287,\"caption\":\"Patrick Koglin | CEO von PK Coaching\"},\"image\":{\"@id\":\"https:\/\/www.patrick-koglin.com\/#\/schema\/logo\/image\/\"},\"sameAs\":[\"https:\/\/www.facebook.com\/profile.php?id=61566852463657\"]}]}<\/script>\n<!-- \/ Yoast SEO plugin. -->","yoast_head_json":{"title":"Fahrschein ohne Weitblick - Patrick Koglin","robots":{"index":"index","follow":"follow","max-snippet":"max-snippet:-1","max-image-preview":"max-image-preview:large","max-video-preview":"max-video-preview:-1"},"canonical":"https:\/\/www.patrick-koglin.com\/en\/fahrschein-ohne-weitblick\/","og_locale":"en_US","og_type":"article","og_title":"Fahrschein ohne Weitblick - Patrick Koglin","og_description":"Album: Die Antwort [Verse 1]Alles okay, sagen sie so leichtdoch keiner fragt, was im Anderen bleibtWorte wie Kies in der offenen Wundeund dann nur: &#8222;War doch nur &#8217;ne Stunde&#8220; Alles erlaubt, Hauptsache schnellHauptsache ich, Hauptsache hellDoch wenn dein Vorteil auf Br\u00fcchen stehtist es kein Weg, der nach vorne geht Du nennst es Freiheit, ich nenn&#8217;s ... Read more","og_url":"https:\/\/www.patrick-koglin.com\/en\/fahrschein-ohne-weitblick\/","og_site_name":"Patrick Koglin","article_publisher":"https:\/\/www.facebook.com\/profile.php?id=61566852463657","article_modified_time":"2026-05-09T19:24:51+00:00","og_image":[{"width":1024,"height":1024,"url":"https:\/\/www.patrick-koglin.com\/wp-content\/uploads\/2026\/05\/image-40.png","type":"image\/png"}],"twitter_card":"summary_large_image","twitter_misc":{"Est. reading time":"3 minutes"},"schema":{"@context":"https:\/\/schema.org","@graph":[{"@type":"WebPage","@id":"https:\/\/www.patrick-koglin.com\/fahrschein-ohne-weitblick\/","url":"https:\/\/www.patrick-koglin.com\/fahrschein-ohne-weitblick\/","name":"Fahrschein ohne Weitblick - Patrick Koglin","isPartOf":{"@id":"https:\/\/www.patrick-koglin.com\/#website"},"primaryImageOfPage":{"@id":"https:\/\/www.patrick-koglin.com\/fahrschein-ohne-weitblick\/#primaryimage"},"image":{"@id":"https:\/\/www.patrick-koglin.com\/fahrschein-ohne-weitblick\/#primaryimage"},"thumbnailUrl":"https:\/\/www.patrick-koglin.com\/wp-content\/uploads\/2026\/05\/image-40.png","datePublished":"2026-05-09T19:24:49+00:00","dateModified":"2026-05-09T19:24:51+00:00","breadcrumb":{"@id":"https:\/\/www.patrick-koglin.com\/fahrschein-ohne-weitblick\/#breadcrumb"},"inLanguage":"en-US","potentialAction":[{"@type":"ReadAction","target":["https:\/\/www.patrick-koglin.com\/fahrschein-ohne-weitblick\/"]}]},{"@type":"ImageObject","inLanguage":"en-US","@id":"https:\/\/www.patrick-koglin.com\/fahrschein-ohne-weitblick\/#primaryimage","url":"https:\/\/www.patrick-koglin.com\/wp-content\/uploads\/2026\/05\/image-40.png","contentUrl":"https:\/\/www.patrick-koglin.com\/wp-content\/uploads\/2026\/05\/image-40.png"},{"@type":"BreadcrumbList","@id":"https:\/\/www.patrick-koglin.com\/fahrschein-ohne-weitblick\/#breadcrumb","itemListElement":[{"@type":"ListItem","position":1,"name":"Startseite","item":"https:\/\/www.patrick-koglin.com\/"},{"@type":"ListItem","position":2,"name":"Fahrschein ohne Weitblick"}]},{"@type":"WebSite","@id":"https:\/\/www.patrick-koglin.com\/#website","url":"https:\/\/www.patrick-koglin.com\/","name":"PK Coaching - Patrick Koglin Unternehmensgruppe","description":"PK Coaching, Business-Design &amp; Development","publisher":{"@id":"https:\/\/www.patrick-koglin.com\/#organization"},"potentialAction":[{"@type":"SearchAction","target":{"@type":"EntryPoint","urlTemplate":"https:\/\/www.patrick-koglin.com\/?s={search_term_string}"},"query-input":{"@type":"PropertyValueSpecification","valueRequired":true,"valueName":"search_term_string"}}],"inLanguage":"en-US"},{"@type":"Organization","@id":"https:\/\/www.patrick-koglin.com\/#organization","name":"Patrick Koglin | CEO von PK Coaching","url":"https:\/\/www.patrick-koglin.com\/","logo":{"@type":"ImageObject","inLanguage":"en-US","@id":"https:\/\/www.patrick-koglin.com\/#\/schema\/logo\/image\/","url":"https:\/\/www.patrick-koglin.com\/wp-content\/uploads\/2025\/07\/cropped-PK16.png","contentUrl":"https:\/\/www.patrick-koglin.com\/wp-content\/uploads\/2025\/07\/cropped-PK16.png","width":619,"height":287,"caption":"Patrick Koglin | CEO von PK Coaching"},"image":{"@id":"https:\/\/www.patrick-koglin.com\/#\/schema\/logo\/image\/"},"sameAs":["https:\/\/www.facebook.com\/profile.php?id=61566852463657"]}]}},"_links":{"self":[{"href":"https:\/\/www.patrick-koglin.com\/en\/wp-json\/wp\/v2\/pages\/15266","targetHints":{"allow":["GET"]}}],"collection":[{"href":"https:\/\/www.patrick-koglin.com\/en\/wp-json\/wp\/v2\/pages"}],"about":[{"href":"https:\/\/www.patrick-koglin.com\/en\/wp-json\/wp\/v2\/types\/page"}],"author":[{"embeddable":true,"href":"https:\/\/www.patrick-koglin.com\/en\/wp-json\/wp\/v2\/users\/1"}],"replies":[{"embeddable":true,"href":"https:\/\/www.patrick-koglin.com\/en\/wp-json\/wp\/v2\/comments?post=15266"}],"version-history":[{"count":1,"href":"https:\/\/www.patrick-koglin.com\/en\/wp-json\/wp\/v2\/pages\/15266\/revisions"}],"predecessor-version":[{"id":15268,"href":"https:\/\/www.patrick-koglin.com\/en\/wp-json\/wp\/v2\/pages\/15266\/revisions\/15268"}],"wp:attachment":[{"href":"https:\/\/www.patrick-koglin.com\/en\/wp-json\/wp\/v2\/media?parent=15266"}],"curies":[{"name":"wp","href":"https:\/\/api.w.org\/{rel}","templated":true}]}}