{"id":15269,"date":"2026-05-09T21:29:34","date_gmt":"2026-05-09T19:29:34","guid":{"rendered":"https:\/\/www.patrick-koglin.com\/?page_id=15269"},"modified":"2026-05-09T21:29:36","modified_gmt":"2026-05-09T19:29:36","slug":"einer-gegen-zehntausend","status":"publish","type":"page","link":"https:\/\/www.patrick-koglin.com\/en\/musik\/pk-music-productions\/song\/einer-gegen-zehntausend\/","title":{"rendered":"Einer gegen Zehntausend"},"content":{"rendered":"\n<figure class=\"wp-block-image size-full is-resized\"><img fetchpriority=\"high\" decoding=\"async\" width=\"1024\" height=\"1024\" src=\"https:\/\/www.patrick-koglin.com\/wp-content\/uploads\/2026\/05\/image-41.png\" alt=\"\" class=\"wp-image-15270\" style=\"width:527px;height:auto\" srcset=\"https:\/\/www.patrick-koglin.com\/wp-content\/uploads\/2026\/05\/image-41.png 1024w, https:\/\/www.patrick-koglin.com\/wp-content\/uploads\/2026\/05\/image-41-300x300.png 300w, https:\/\/www.patrick-koglin.com\/wp-content\/uploads\/2026\/05\/image-41-150x150.png 150w, https:\/\/www.patrick-koglin.com\/wp-content\/uploads\/2026\/05\/image-41-768x768.png 768w, https:\/\/www.patrick-koglin.com\/wp-content\/uploads\/2026\/05\/image-41-12x12.png 12w\" sizes=\"(max-width: 1024px) 100vw, 1024px\" \/><\/figure>\n\n\n\n<p><\/p>\n\n\n\n<p><strong>Album:<\/strong> <a href=\"https:\/\/www.patrick-koglin.com\/musik\/pk-music-productions\/alben\/die-antwort\/\">Die Antwort<\/a><\/p>\n\n\n\n<hr class=\"wp-block-separator has-alpha-channel-opacity\"\/>\n\n\n\n<p>[Verse 1]<br>Sag mir nicht: so ist es immer<br>weil jeder Raum anders tickt<br>hier z\u00e4hlt nicht das eine Schema<br>wenn du wirklich hinterblickst<\/p>\n\n\n\n<p>Keiner kennt hier alle Leute<br>nur die R\u00e4nder vom Kontakt<br>einer sieht nur seine Runde<br>und erkl\u00e4rt gleich ganze Stadt<\/p>\n\n\n\n<p>Doch ein Kreis frisst seine Regeln<br>was hier gilt, gilt dort noch lang nicht<br>was im einen Tisch wie Wahrheit klingt<br>ist am n\u00e4chsten schon kein Landlicht<\/p>\n\n\n\n<p>Du kennst Namen, kennst Gesichter<br>aber nicht den inneren Druck<br>nicht die Last im stillen Wechsel<br>nicht den Deal hinter dem Blick<\/p>\n\n\n\n<p>[Pre-Chorus]<br>Jede Gruppe hat ihr Tempo<br>eigene Codes, eigenes Ma\u00df<br>was von au\u00dfen logisch wirkt<br>ist von innen oft nur Spa\u00df<\/p>\n\n\n\n<p>Und was alle laut behaupten<br>wird im Kern schnell schmal und klein<br>denn die eine gro\u00dfe Wahrheit<br>passt in keine hundert Reihen<\/p>\n\n\n\n<p>[Chorus]<br>Einer gegen Zehntausend<br>und doch kennt keiner alle<br>Einer gegen Zehntausend<br>jede Ecke hat ihre Falle<br>Einer gegen Zehntausend<br>keine Wahrheit f\u00fcr den Rest<br>Einer gegen Zehntausend<br>nur wer drin ist, kennt den Test (kennst du den Test)<\/p>\n\n\n\n<p>[Verse 2]<br>Jeder Clan baut sich sein Wetter<br>seinen Ton und seine Zeit<br>was bei denen wie Loyalit\u00e4t wirkt<br>hei\u00dft woanders nur noch Streit<\/p>\n\n\n\n<p>Manche reden mit den Schultern<br>manche nur mit kaltem Blick<br>manche halten an dem Einen<br>andere lassen sofort zur\u00fcck<\/p>\n\n\n\n<p>Und du darfst nichts pauschalieren<br>weil das Bild sonst kippt und bricht<br>ein Kollektiv ist wie ein Flussbett<br>nicht jeder Tropfen spricht<\/p>\n\n\n\n<p>Was du von fern als Muster liest<br>ist oft nur ein kurzer Schnitt<br>ein Moment in einem Ablauf<br>doch die Tiefe nimmst du mit<\/p>\n\n\n\n<p>[Pre-Chorus]<br>Jede Gruppe hat ihr Tempo<br>eigene Codes, eigenes Ma\u00df<br>was von au\u00dfen logisch wirkt<br>ist von innen oft nur Spa\u00df<\/p>\n\n\n\n<p>Und wer eine Regel sucht<br>f\u00fcr all das hier und \u00fcberall<br>stellt die Frage viel zu breit<br>und bekommt nur Hall im Saal<\/p>\n\n\n\n<p>[Chorus]<br>Einer gegen Zehntausend<br>und doch kennt keiner alle<br>Einer gegen Zehntausend<br>jede Ecke hat ihre Falle<br>Einer gegen Zehntausend<br>keine Wahrheit f\u00fcr den Rest<br>Einer gegen Zehntausend<br>nur wer drin ist, kennt den Test (kennst du den Test)<\/p>\n\n\n\n<p>[Bridge]<br>Vielleicht ist Wissen leiser<br>als das gro\u00dfe laute Wort<br>vielleicht sieht man erst im Gehen<br>warum alles anders dort<\/p>\n\n\n\n<p>Kein Blick von au\u00dfen reicht alleine<br>keine Formel tr\u00e4gt dich weit<br>wenn du Menschen wirklich lesen willst<br>brauchst du mehr als nur die Zeit<\/p>\n\n\n\n<p>[Final Chorus]<br>Einer gegen Zehntausend<br>und doch kennt keiner alle<br>Einer gegen Zehntausend<br>jede Ecke hat ihre Falle<br>Einer gegen Zehntausend<br>keine Wahrheit f\u00fcr den Rest<br>Einer gegen Zehntausend<br>nur wer drin ist, kennt den Test (kennst du den Test)<\/p>\n","protected":false},"excerpt":{"rendered":"<p>Album: Die Antwort [Verse 1]Sag mir nicht: so ist es immerweil jeder Raum anders tickthier z\u00e4hlt nicht das eine Schemawenn du wirklich hinterblickst Keiner kennt hier alle Leutenur die R\u00e4nder vom Kontakteiner sieht nur seine Rundeund erkl\u00e4rt gleich ganze Stadt Doch ein Kreis frisst seine Regelnwas hier gilt, gilt dort noch lang nichtwas im einen &#8230; <a title=\"Einer gegen Zehntausend\" class=\"read-more\" href=\"https:\/\/www.patrick-koglin.com\/en\/musik\/pk-music-productions\/song\/einer-gegen-zehntausend\/\" aria-label=\"Read more about Einer gegen Zehntausend\">Read more<\/a><\/p>\n","protected":false},"author":1,"featured_media":0,"parent":15137,"menu_order":0,"comment_status":"closed","ping_status":"closed","template":"","meta":{"footnotes":""},"class_list":["post-15269","page","type-page","status-publish"],"yoast_head":"<!-- This site is optimized with the Yoast SEO plugin v25.8 - https:\/\/yoast.com\/wordpress\/plugins\/seo\/ -->\n<title>Einer gegen Zehntausend - Patrick Koglin<\/title>\n<meta name=\"robots\" content=\"index, follow, max-snippet:-1, max-image-preview:large, max-video-preview:-1\" \/>\n<link rel=\"canonical\" href=\"https:\/\/www.patrick-koglin.com\/en\/musik\/pk-music-productions\/song\/einer-gegen-zehntausend\/\" \/>\n<meta property=\"og:locale\" content=\"en_US\" \/>\n<meta property=\"og:type\" content=\"article\" \/>\n<meta property=\"og:title\" content=\"Einer gegen Zehntausend - Patrick Koglin\" \/>\n<meta property=\"og:description\" content=\"Album: Die Antwort [Verse 1]Sag mir nicht: so ist es immerweil jeder Raum anders tickthier z\u00e4hlt nicht das eine Schemawenn du wirklich hinterblickst Keiner kennt hier alle Leutenur die R\u00e4nder vom Kontakteiner sieht nur seine Rundeund erkl\u00e4rt gleich ganze Stadt Doch ein Kreis frisst seine Regelnwas hier gilt, gilt dort noch lang nichtwas im einen ... Read more\" \/>\n<meta property=\"og:url\" content=\"https:\/\/www.patrick-koglin.com\/en\/musik\/pk-music-productions\/song\/einer-gegen-zehntausend\/\" \/>\n<meta property=\"og:site_name\" content=\"Patrick Koglin\" \/>\n<meta property=\"article:publisher\" content=\"https:\/\/www.facebook.com\/profile.php?id=61566852463657\" \/>\n<meta property=\"article:modified_time\" content=\"2026-05-09T19:29:36+00:00\" \/>\n<meta property=\"og:image\" content=\"https:\/\/www.patrick-koglin.com\/wp-content\/uploads\/2026\/05\/image-41.png\" \/>\n\t<meta property=\"og:image:width\" content=\"1024\" \/>\n\t<meta property=\"og:image:height\" content=\"1024\" \/>\n\t<meta property=\"og:image:type\" content=\"image\/png\" \/>\n<meta name=\"twitter:card\" content=\"summary_large_image\" \/>\n<meta name=\"twitter:label1\" content=\"Est. reading time\" \/>\n\t<meta name=\"twitter:data1\" content=\"3 minutes\" \/>\n<script type=\"application\/ld+json\" class=\"yoast-schema-graph\">{\"@context\":\"https:\/\/schema.org\",\"@graph\":[{\"@type\":\"WebPage\",\"@id\":\"https:\/\/www.patrick-koglin.com\/musik\/pk-music-productions\/song\/einer-gegen-zehntausend\/\",\"url\":\"https:\/\/www.patrick-koglin.com\/musik\/pk-music-productions\/song\/einer-gegen-zehntausend\/\",\"name\":\"Einer gegen Zehntausend - Patrick Koglin\",\"isPartOf\":{\"@id\":\"https:\/\/www.patrick-koglin.com\/#website\"},\"primaryImageOfPage\":{\"@id\":\"https:\/\/www.patrick-koglin.com\/musik\/pk-music-productions\/song\/einer-gegen-zehntausend\/#primaryimage\"},\"image\":{\"@id\":\"https:\/\/www.patrick-koglin.com\/musik\/pk-music-productions\/song\/einer-gegen-zehntausend\/#primaryimage\"},\"thumbnailUrl\":\"https:\/\/www.patrick-koglin.com\/wp-content\/uploads\/2026\/05\/image-41.png\",\"datePublished\":\"2026-05-09T19:29:34+00:00\",\"dateModified\":\"2026-05-09T19:29:36+00:00\",\"breadcrumb\":{\"@id\":\"https:\/\/www.patrick-koglin.com\/musik\/pk-music-productions\/song\/einer-gegen-zehntausend\/#breadcrumb\"},\"inLanguage\":\"en-US\",\"potentialAction\":[{\"@type\":\"ReadAction\",\"target\":[\"https:\/\/www.patrick-koglin.com\/musik\/pk-music-productions\/song\/einer-gegen-zehntausend\/\"]}]},{\"@type\":\"ImageObject\",\"inLanguage\":\"en-US\",\"@id\":\"https:\/\/www.patrick-koglin.com\/musik\/pk-music-productions\/song\/einer-gegen-zehntausend\/#primaryimage\",\"url\":\"https:\/\/www.patrick-koglin.com\/wp-content\/uploads\/2026\/05\/image-41.png\",\"contentUrl\":\"https:\/\/www.patrick-koglin.com\/wp-content\/uploads\/2026\/05\/image-41.png\"},{\"@type\":\"BreadcrumbList\",\"@id\":\"https:\/\/www.patrick-koglin.com\/musik\/pk-music-productions\/song\/einer-gegen-zehntausend\/#breadcrumb\",\"itemListElement\":[{\"@type\":\"ListItem\",\"position\":1,\"name\":\"Startseite\",\"item\":\"https:\/\/www.patrick-koglin.com\/\"},{\"@type\":\"ListItem\",\"position\":2,\"name\":\"Musik\",\"item\":\"https:\/\/www.patrick-koglin.com\/musik\/\"},{\"@type\":\"ListItem\",\"position\":3,\"name\":\"PK Music Productions\",\"item\":\"https:\/\/www.patrick-koglin.com\/musik\/pk-music-productions\/\"},{\"@type\":\"ListItem\",\"position\":4,\"name\":\"Song (PKM)\",\"item\":\"https:\/\/www.patrick-koglin.com\/musik\/pk-music-productions\/song\/\"},{\"@type\":\"ListItem\",\"position\":5,\"name\":\"Einer gegen Zehntausend\"}]},{\"@type\":\"WebSite\",\"@id\":\"https:\/\/www.patrick-koglin.com\/#website\",\"url\":\"https:\/\/www.patrick-koglin.com\/\",\"name\":\"PK Coaching - Patrick Koglin Unternehmensgruppe\",\"description\":\"PK Coaching, Business-Design &amp; Development\",\"publisher\":{\"@id\":\"https:\/\/www.patrick-koglin.com\/#organization\"},\"potentialAction\":[{\"@type\":\"SearchAction\",\"target\":{\"@type\":\"EntryPoint\",\"urlTemplate\":\"https:\/\/www.patrick-koglin.com\/?s={search_term_string}\"},\"query-input\":{\"@type\":\"PropertyValueSpecification\",\"valueRequired\":true,\"valueName\":\"search_term_string\"}}],\"inLanguage\":\"en-US\"},{\"@type\":\"Organization\",\"@id\":\"https:\/\/www.patrick-koglin.com\/#organization\",\"name\":\"Patrick Koglin | CEO von PK Coaching\",\"url\":\"https:\/\/www.patrick-koglin.com\/\",\"logo\":{\"@type\":\"ImageObject\",\"inLanguage\":\"en-US\",\"@id\":\"https:\/\/www.patrick-koglin.com\/#\/schema\/logo\/image\/\",\"url\":\"https:\/\/www.patrick-koglin.com\/wp-content\/uploads\/2025\/07\/cropped-PK16.png\",\"contentUrl\":\"https:\/\/www.patrick-koglin.com\/wp-content\/uploads\/2025\/07\/cropped-PK16.png\",\"width\":619,\"height\":287,\"caption\":\"Patrick Koglin | CEO von PK Coaching\"},\"image\":{\"@id\":\"https:\/\/www.patrick-koglin.com\/#\/schema\/logo\/image\/\"},\"sameAs\":[\"https:\/\/www.facebook.com\/profile.php?id=61566852463657\"]}]}<\/script>\n<!-- \/ Yoast SEO plugin. -->","yoast_head_json":{"title":"Einer gegen Zehntausend - Patrick Koglin","robots":{"index":"index","follow":"follow","max-snippet":"max-snippet:-1","max-image-preview":"max-image-preview:large","max-video-preview":"max-video-preview:-1"},"canonical":"https:\/\/www.patrick-koglin.com\/en\/musik\/pk-music-productions\/song\/einer-gegen-zehntausend\/","og_locale":"en_US","og_type":"article","og_title":"Einer gegen Zehntausend - Patrick Koglin","og_description":"Album: Die Antwort [Verse 1]Sag mir nicht: so ist es immerweil jeder Raum anders tickthier z\u00e4hlt nicht das eine Schemawenn du wirklich hinterblickst Keiner kennt hier alle Leutenur die R\u00e4nder vom Kontakteiner sieht nur seine Rundeund erkl\u00e4rt gleich ganze Stadt Doch ein Kreis frisst seine Regelnwas hier gilt, gilt dort noch lang nichtwas im einen ... Read more","og_url":"https:\/\/www.patrick-koglin.com\/en\/musik\/pk-music-productions\/song\/einer-gegen-zehntausend\/","og_site_name":"Patrick Koglin","article_publisher":"https:\/\/www.facebook.com\/profile.php?id=61566852463657","article_modified_time":"2026-05-09T19:29:36+00:00","og_image":[{"width":1024,"height":1024,"url":"https:\/\/www.patrick-koglin.com\/wp-content\/uploads\/2026\/05\/image-41.png","type":"image\/png"}],"twitter_card":"summary_large_image","twitter_misc":{"Est. reading time":"3 minutes"},"schema":{"@context":"https:\/\/schema.org","@graph":[{"@type":"WebPage","@id":"https:\/\/www.patrick-koglin.com\/musik\/pk-music-productions\/song\/einer-gegen-zehntausend\/","url":"https:\/\/www.patrick-koglin.com\/musik\/pk-music-productions\/song\/einer-gegen-zehntausend\/","name":"Einer gegen Zehntausend - Patrick Koglin","isPartOf":{"@id":"https:\/\/www.patrick-koglin.com\/#website"},"primaryImageOfPage":{"@id":"https:\/\/www.patrick-koglin.com\/musik\/pk-music-productions\/song\/einer-gegen-zehntausend\/#primaryimage"},"image":{"@id":"https:\/\/www.patrick-koglin.com\/musik\/pk-music-productions\/song\/einer-gegen-zehntausend\/#primaryimage"},"thumbnailUrl":"https:\/\/www.patrick-koglin.com\/wp-content\/uploads\/2026\/05\/image-41.png","datePublished":"2026-05-09T19:29:34+00:00","dateModified":"2026-05-09T19:29:36+00:00","breadcrumb":{"@id":"https:\/\/www.patrick-koglin.com\/musik\/pk-music-productions\/song\/einer-gegen-zehntausend\/#breadcrumb"},"inLanguage":"en-US","potentialAction":[{"@type":"ReadAction","target":["https:\/\/www.patrick-koglin.com\/musik\/pk-music-productions\/song\/einer-gegen-zehntausend\/"]}]},{"@type":"ImageObject","inLanguage":"en-US","@id":"https:\/\/www.patrick-koglin.com\/musik\/pk-music-productions\/song\/einer-gegen-zehntausend\/#primaryimage","url":"https:\/\/www.patrick-koglin.com\/wp-content\/uploads\/2026\/05\/image-41.png","contentUrl":"https:\/\/www.patrick-koglin.com\/wp-content\/uploads\/2026\/05\/image-41.png"},{"@type":"BreadcrumbList","@id":"https:\/\/www.patrick-koglin.com\/musik\/pk-music-productions\/song\/einer-gegen-zehntausend\/#breadcrumb","itemListElement":[{"@type":"ListItem","position":1,"name":"Startseite","item":"https:\/\/www.patrick-koglin.com\/"},{"@type":"ListItem","position":2,"name":"Musik","item":"https:\/\/www.patrick-koglin.com\/musik\/"},{"@type":"ListItem","position":3,"name":"PK Music Productions","item":"https:\/\/www.patrick-koglin.com\/musik\/pk-music-productions\/"},{"@type":"ListItem","position":4,"name":"Song (PKM)","item":"https:\/\/www.patrick-koglin.com\/musik\/pk-music-productions\/song\/"},{"@type":"ListItem","position":5,"name":"Einer gegen Zehntausend"}]},{"@type":"WebSite","@id":"https:\/\/www.patrick-koglin.com\/#website","url":"https:\/\/www.patrick-koglin.com\/","name":"PK Coaching - Patrick Koglin Unternehmensgruppe","description":"PK Coaching, Business-Design &amp; Development","publisher":{"@id":"https:\/\/www.patrick-koglin.com\/#organization"},"potentialAction":[{"@type":"SearchAction","target":{"@type":"EntryPoint","urlTemplate":"https:\/\/www.patrick-koglin.com\/?s={search_term_string}"},"query-input":{"@type":"PropertyValueSpecification","valueRequired":true,"valueName":"search_term_string"}}],"inLanguage":"en-US"},{"@type":"Organization","@id":"https:\/\/www.patrick-koglin.com\/#organization","name":"Patrick Koglin | CEO von PK Coaching","url":"https:\/\/www.patrick-koglin.com\/","logo":{"@type":"ImageObject","inLanguage":"en-US","@id":"https:\/\/www.patrick-koglin.com\/#\/schema\/logo\/image\/","url":"https:\/\/www.patrick-koglin.com\/wp-content\/uploads\/2025\/07\/cropped-PK16.png","contentUrl":"https:\/\/www.patrick-koglin.com\/wp-content\/uploads\/2025\/07\/cropped-PK16.png","width":619,"height":287,"caption":"Patrick Koglin | CEO von PK Coaching"},"image":{"@id":"https:\/\/www.patrick-koglin.com\/#\/schema\/logo\/image\/"},"sameAs":["https:\/\/www.facebook.com\/profile.php?id=61566852463657"]}]}},"_links":{"self":[{"href":"https:\/\/www.patrick-koglin.com\/en\/wp-json\/wp\/v2\/pages\/15269","targetHints":{"allow":["GET"]}}],"collection":[{"href":"https:\/\/www.patrick-koglin.com\/en\/wp-json\/wp\/v2\/pages"}],"about":[{"href":"https:\/\/www.patrick-koglin.com\/en\/wp-json\/wp\/v2\/types\/page"}],"author":[{"embeddable":true,"href":"https:\/\/www.patrick-koglin.com\/en\/wp-json\/wp\/v2\/users\/1"}],"replies":[{"embeddable":true,"href":"https:\/\/www.patrick-koglin.com\/en\/wp-json\/wp\/v2\/comments?post=15269"}],"version-history":[{"count":1,"href":"https:\/\/www.patrick-koglin.com\/en\/wp-json\/wp\/v2\/pages\/15269\/revisions"}],"predecessor-version":[{"id":15271,"href":"https:\/\/www.patrick-koglin.com\/en\/wp-json\/wp\/v2\/pages\/15269\/revisions\/15271"}],"up":[{"embeddable":true,"href":"https:\/\/www.patrick-koglin.com\/en\/wp-json\/wp\/v2\/pages\/15137"}],"wp:attachment":[{"href":"https:\/\/www.patrick-koglin.com\/en\/wp-json\/wp\/v2\/media?parent=15269"}],"curies":[{"name":"wp","href":"https:\/\/api.w.org\/{rel}","templated":true}]}}