{"id":15272,"date":"2026-05-09T21:31:08","date_gmt":"2026-05-09T19:31:08","guid":{"rendered":"https:\/\/www.patrick-koglin.com\/?page_id=15272"},"modified":"2026-05-09T21:31:10","modified_gmt":"2026-05-09T19:31:10","slug":"keine-freunde-kein-wir","status":"publish","type":"page","link":"https:\/\/www.patrick-koglin.com\/en\/musik\/pk-music-productions\/song\/keine-freunde-kein-wir\/","title":{"rendered":"Keine Freunde, kein wir"},"content":{"rendered":"\n<figure class=\"wp-block-image size-full is-resized\"><img fetchpriority=\"high\" decoding=\"async\" width=\"1024\" height=\"1024\" src=\"https:\/\/www.patrick-koglin.com\/wp-content\/uploads\/2026\/05\/image-42.png\" alt=\"\" class=\"wp-image-15273\" style=\"width:412px;height:auto\" srcset=\"https:\/\/www.patrick-koglin.com\/wp-content\/uploads\/2026\/05\/image-42.png 1024w, https:\/\/www.patrick-koglin.com\/wp-content\/uploads\/2026\/05\/image-42-300x300.png 300w, https:\/\/www.patrick-koglin.com\/wp-content\/uploads\/2026\/05\/image-42-150x150.png 150w, https:\/\/www.patrick-koglin.com\/wp-content\/uploads\/2026\/05\/image-42-768x768.png 768w, https:\/\/www.patrick-koglin.com\/wp-content\/uploads\/2026\/05\/image-42-12x12.png 12w\" sizes=\"(max-width: 1024px) 100vw, 1024px\" \/><\/figure>\n\n\n\n<p><\/p>\n\n\n\n<p>[Verse 1]<br>Du sitzt da und tust so k\u00fchl,<br>doch ich seh, was unter dir gl\u00fcht.<br>Ich wollt nur N\u00e4he, nur zwei,<br>kein Spiel, kein Rand, kein Vielleicht.<\/p>\n\n\n\n<p>Ich hab mich reingeworfen, echt,<br>mit offenem Herz und schiefer Brust.<br>Du machst die T\u00fcr mit Blicken zu,<br>als w\u00e4r ich blo\u00df zu viel im Raum.<\/p>\n\n\n\n<p>Ich hab nicht viel, nur diesen Wunsch,<br>dass jemand bleibt, wenn&#8217;s still wird.<br>Dass eine Hand mein Zittern kennt,<br>wenn die Nacht zu gro\u00df f\u00fcr mich wird.<\/p>\n\n\n\n<p>[Pre-Chorus]<br>Und du sagst es so, ganz hart,<br>als w\u00e4r&#8217;s normal, als w\u00e4r&#8217;s nichts wert.<br>Doch jedes Wort trifft tiefer ein,<br>weil ich genau nach dir gek\u00e4mpft hab.<\/p>\n\n\n\n<p>[Chorus]<br>Kann ich doch nichts dazu<br>Kann ich doch nichts dazu<br>Dass du allein da stehst<\/p>\n\n\n\n<p>Ich wollt doch nur zu zweit<br>Ich wollt doch nur zu zweit<br>Doch du l\u00e4sst mich kalt im Regen<\/p>\n\n\n\n<p>Kann ich doch nichts dazu<br>Kann ich doch nichts dazu<br>Und trotzdem tut&#8217;s so weh<\/p>\n\n\n\n<p>[Verse 2]<br>Du redest von Freiheit und Stolz,<br>doch deine Wohnung klingt nach leer.<br>Zwei Tassen steh&#8217;n nur f\u00fcr Besuch,<br>und dein Lachen wirkt schon l\u00e4nger schwer.<\/p>\n\n\n\n<p>Ich hab dir alles offen hingelegt,<br>keine Maske, kein dummes Theater.<br>Du nennst das Schw\u00e4che, nennst es Druck,<br>ich nenn&#8217;s den Mut, dich echt zu sehen.<\/p>\n\n\n\n<p>Und ja, es trifft, wenn du so sprichst,<br>als w\u00e4r N\u00e4he nur ein Fehler.<br>Als w\u00e4r mein Herz ein billiger Witz,<br>den man kurz sagt und dann zerlegt.<\/p>\n\n\n\n<p>[Pre-Chorus]<br>Doch nachts, wenn alles auf dich f\u00e4llt,<br>wenn keiner kommt und niemand fragt,<br>dann suchst du auch nach einer Stimme,<br>die dich h\u00e4lt, bevor du f\u00e4llst.<\/p>\n\n\n\n<p>[Chorus]<br>Kann ich doch nichts dazu<br>Kann ich doch nichts dazu<br>Dass du allein da stehst<\/p>\n\n\n\n<p>Ich wollt doch nur zu zweit<br>Ich wollt doch nur zu zweit<br>Doch du l\u00e4sst mich kalt im Regen<\/p>\n\n\n\n<p>Kann ich doch nichts dazu<br>Kann ich doch nichts dazu<br>Und trotzdem tut&#8217;s so weh<\/p>\n\n\n\n<p>[Bridge]<br>Vielleicht bist du nur zu stolz,<br>um zuzugeben, was dir fehlt.<br>Vielleicht hast du Angst vor H\u00e4nden,<br>die dich kennen, wenn du wackelst.<\/p>\n\n\n\n<p>Ich w\u00e4r geblieben, wenn du wolltest,<br>nicht als Pflicht, nur echt und nah.<br>Doch du machst aus Hunger Abwehr,<br>und aus Sehnsucht eine Narbe.<\/p>\n\n\n\n<p>[Chorus]<br>Kann ich doch nichts dazu<br>Kann ich doch nichts dazu<br>Dass du allein da stehst<\/p>\n\n\n\n<p>Ich wollt doch nur zu zweit<br>Ich wollt doch nur zu zweit<br>Doch du l\u00e4sst mich kalt im Regen<\/p>\n\n\n\n<p>Kann ich doch nichts dazu<br>Kann ich doch nichts dazu<br>Und trotzdem tut&#8217;s so weh<\/p>\n\n\n\n<p><\/p>\n","protected":false},"excerpt":{"rendered":"<p>[Verse 1]Du sitzt da und tust so k\u00fchl,doch ich seh, was unter dir gl\u00fcht.Ich wollt nur N\u00e4he, nur zwei,kein Spiel, kein Rand, kein Vielleicht. Ich hab mich reingeworfen, echt,mit offenem Herz und schiefer Brust.Du machst die T\u00fcr mit Blicken zu,als w\u00e4r ich blo\u00df zu viel im Raum. Ich hab nicht viel, nur diesen Wunsch,dass jemand &#8230; <a title=\"Keine Freunde, kein wir\" class=\"read-more\" href=\"https:\/\/www.patrick-koglin.com\/en\/musik\/pk-music-productions\/song\/keine-freunde-kein-wir\/\" aria-label=\"Read more about Keine Freunde, kein wir\">Read more<\/a><\/p>\n","protected":false},"author":1,"featured_media":0,"parent":15137,"menu_order":0,"comment_status":"closed","ping_status":"closed","template":"","meta":{"footnotes":""},"class_list":["post-15272","page","type-page","status-publish"],"yoast_head":"<!-- This site is optimized with the Yoast SEO plugin v25.8 - https:\/\/yoast.com\/wordpress\/plugins\/seo\/ -->\n<title>Keine Freunde, kein wir - Patrick Koglin<\/title>\n<meta name=\"robots\" content=\"index, follow, max-snippet:-1, max-image-preview:large, max-video-preview:-1\" \/>\n<link rel=\"canonical\" href=\"https:\/\/www.patrick-koglin.com\/en\/musik\/pk-music-productions\/song\/keine-freunde-kein-wir\/\" \/>\n<meta property=\"og:locale\" content=\"en_US\" \/>\n<meta property=\"og:type\" content=\"article\" \/>\n<meta property=\"og:title\" content=\"Keine Freunde, kein wir - Patrick Koglin\" \/>\n<meta property=\"og:description\" content=\"[Verse 1]Du sitzt da und tust so k\u00fchl,doch ich seh, was unter dir gl\u00fcht.Ich wollt nur N\u00e4he, nur zwei,kein Spiel, kein Rand, kein Vielleicht. Ich hab mich reingeworfen, echt,mit offenem Herz und schiefer Brust.Du machst die T\u00fcr mit Blicken zu,als w\u00e4r ich blo\u00df zu viel im Raum. Ich hab nicht viel, nur diesen Wunsch,dass jemand ... Read more\" \/>\n<meta property=\"og:url\" content=\"https:\/\/www.patrick-koglin.com\/en\/musik\/pk-music-productions\/song\/keine-freunde-kein-wir\/\" \/>\n<meta property=\"og:site_name\" content=\"Patrick Koglin\" \/>\n<meta property=\"article:publisher\" content=\"https:\/\/www.facebook.com\/profile.php?id=61566852463657\" \/>\n<meta property=\"article:modified_time\" content=\"2026-05-09T19:31:10+00:00\" \/>\n<meta property=\"og:image\" content=\"https:\/\/www.patrick-koglin.com\/wp-content\/uploads\/2026\/05\/image-42.png\" \/>\n\t<meta property=\"og:image:width\" content=\"1024\" \/>\n\t<meta property=\"og:image:height\" content=\"1024\" \/>\n\t<meta property=\"og:image:type\" content=\"image\/png\" \/>\n<meta name=\"twitter:card\" content=\"summary_large_image\" \/>\n<meta name=\"twitter:label1\" content=\"Est. reading time\" \/>\n\t<meta name=\"twitter:data1\" content=\"3 minutes\" \/>\n<script type=\"application\/ld+json\" class=\"yoast-schema-graph\">{\"@context\":\"https:\/\/schema.org\",\"@graph\":[{\"@type\":\"WebPage\",\"@id\":\"https:\/\/www.patrick-koglin.com\/musik\/pk-music-productions\/song\/keine-freunde-kein-wir\/\",\"url\":\"https:\/\/www.patrick-koglin.com\/musik\/pk-music-productions\/song\/keine-freunde-kein-wir\/\",\"name\":\"Keine Freunde, kein wir - Patrick Koglin\",\"isPartOf\":{\"@id\":\"https:\/\/www.patrick-koglin.com\/#website\"},\"primaryImageOfPage\":{\"@id\":\"https:\/\/www.patrick-koglin.com\/musik\/pk-music-productions\/song\/keine-freunde-kein-wir\/#primaryimage\"},\"image\":{\"@id\":\"https:\/\/www.patrick-koglin.com\/musik\/pk-music-productions\/song\/keine-freunde-kein-wir\/#primaryimage\"},\"thumbnailUrl\":\"https:\/\/www.patrick-koglin.com\/wp-content\/uploads\/2026\/05\/image-42.png\",\"datePublished\":\"2026-05-09T19:31:08+00:00\",\"dateModified\":\"2026-05-09T19:31:10+00:00\",\"breadcrumb\":{\"@id\":\"https:\/\/www.patrick-koglin.com\/musik\/pk-music-productions\/song\/keine-freunde-kein-wir\/#breadcrumb\"},\"inLanguage\":\"en-US\",\"potentialAction\":[{\"@type\":\"ReadAction\",\"target\":[\"https:\/\/www.patrick-koglin.com\/musik\/pk-music-productions\/song\/keine-freunde-kein-wir\/\"]}]},{\"@type\":\"ImageObject\",\"inLanguage\":\"en-US\",\"@id\":\"https:\/\/www.patrick-koglin.com\/musik\/pk-music-productions\/song\/keine-freunde-kein-wir\/#primaryimage\",\"url\":\"https:\/\/www.patrick-koglin.com\/wp-content\/uploads\/2026\/05\/image-42.png\",\"contentUrl\":\"https:\/\/www.patrick-koglin.com\/wp-content\/uploads\/2026\/05\/image-42.png\"},{\"@type\":\"BreadcrumbList\",\"@id\":\"https:\/\/www.patrick-koglin.com\/musik\/pk-music-productions\/song\/keine-freunde-kein-wir\/#breadcrumb\",\"itemListElement\":[{\"@type\":\"ListItem\",\"position\":1,\"name\":\"Startseite\",\"item\":\"https:\/\/www.patrick-koglin.com\/\"},{\"@type\":\"ListItem\",\"position\":2,\"name\":\"Musik\",\"item\":\"https:\/\/www.patrick-koglin.com\/musik\/\"},{\"@type\":\"ListItem\",\"position\":3,\"name\":\"PK Music Productions\",\"item\":\"https:\/\/www.patrick-koglin.com\/musik\/pk-music-productions\/\"},{\"@type\":\"ListItem\",\"position\":4,\"name\":\"Song (PKM)\",\"item\":\"https:\/\/www.patrick-koglin.com\/musik\/pk-music-productions\/song\/\"},{\"@type\":\"ListItem\",\"position\":5,\"name\":\"Keine Freunde, kein wir\"}]},{\"@type\":\"WebSite\",\"@id\":\"https:\/\/www.patrick-koglin.com\/#website\",\"url\":\"https:\/\/www.patrick-koglin.com\/\",\"name\":\"PK Coaching - Patrick Koglin Unternehmensgruppe\",\"description\":\"PK Coaching, Business-Design &amp; Development\",\"publisher\":{\"@id\":\"https:\/\/www.patrick-koglin.com\/#organization\"},\"potentialAction\":[{\"@type\":\"SearchAction\",\"target\":{\"@type\":\"EntryPoint\",\"urlTemplate\":\"https:\/\/www.patrick-koglin.com\/?s={search_term_string}\"},\"query-input\":{\"@type\":\"PropertyValueSpecification\",\"valueRequired\":true,\"valueName\":\"search_term_string\"}}],\"inLanguage\":\"en-US\"},{\"@type\":\"Organization\",\"@id\":\"https:\/\/www.patrick-koglin.com\/#organization\",\"name\":\"Patrick Koglin | CEO von PK Coaching\",\"url\":\"https:\/\/www.patrick-koglin.com\/\",\"logo\":{\"@type\":\"ImageObject\",\"inLanguage\":\"en-US\",\"@id\":\"https:\/\/www.patrick-koglin.com\/#\/schema\/logo\/image\/\",\"url\":\"https:\/\/www.patrick-koglin.com\/wp-content\/uploads\/2025\/07\/cropped-PK16.png\",\"contentUrl\":\"https:\/\/www.patrick-koglin.com\/wp-content\/uploads\/2025\/07\/cropped-PK16.png\",\"width\":619,\"height\":287,\"caption\":\"Patrick Koglin | CEO von PK Coaching\"},\"image\":{\"@id\":\"https:\/\/www.patrick-koglin.com\/#\/schema\/logo\/image\/\"},\"sameAs\":[\"https:\/\/www.facebook.com\/profile.php?id=61566852463657\"]}]}<\/script>\n<!-- \/ Yoast SEO plugin. -->","yoast_head_json":{"title":"Keine Freunde, kein wir - Patrick Koglin","robots":{"index":"index","follow":"follow","max-snippet":"max-snippet:-1","max-image-preview":"max-image-preview:large","max-video-preview":"max-video-preview:-1"},"canonical":"https:\/\/www.patrick-koglin.com\/en\/musik\/pk-music-productions\/song\/keine-freunde-kein-wir\/","og_locale":"en_US","og_type":"article","og_title":"Keine Freunde, kein wir - Patrick Koglin","og_description":"[Verse 1]Du sitzt da und tust so k\u00fchl,doch ich seh, was unter dir gl\u00fcht.Ich wollt nur N\u00e4he, nur zwei,kein Spiel, kein Rand, kein Vielleicht. Ich hab mich reingeworfen, echt,mit offenem Herz und schiefer Brust.Du machst die T\u00fcr mit Blicken zu,als w\u00e4r ich blo\u00df zu viel im Raum. Ich hab nicht viel, nur diesen Wunsch,dass jemand ... Read more","og_url":"https:\/\/www.patrick-koglin.com\/en\/musik\/pk-music-productions\/song\/keine-freunde-kein-wir\/","og_site_name":"Patrick Koglin","article_publisher":"https:\/\/www.facebook.com\/profile.php?id=61566852463657","article_modified_time":"2026-05-09T19:31:10+00:00","og_image":[{"width":1024,"height":1024,"url":"https:\/\/www.patrick-koglin.com\/wp-content\/uploads\/2026\/05\/image-42.png","type":"image\/png"}],"twitter_card":"summary_large_image","twitter_misc":{"Est. reading time":"3 minutes"},"schema":{"@context":"https:\/\/schema.org","@graph":[{"@type":"WebPage","@id":"https:\/\/www.patrick-koglin.com\/musik\/pk-music-productions\/song\/keine-freunde-kein-wir\/","url":"https:\/\/www.patrick-koglin.com\/musik\/pk-music-productions\/song\/keine-freunde-kein-wir\/","name":"Keine Freunde, kein wir - Patrick Koglin","isPartOf":{"@id":"https:\/\/www.patrick-koglin.com\/#website"},"primaryImageOfPage":{"@id":"https:\/\/www.patrick-koglin.com\/musik\/pk-music-productions\/song\/keine-freunde-kein-wir\/#primaryimage"},"image":{"@id":"https:\/\/www.patrick-koglin.com\/musik\/pk-music-productions\/song\/keine-freunde-kein-wir\/#primaryimage"},"thumbnailUrl":"https:\/\/www.patrick-koglin.com\/wp-content\/uploads\/2026\/05\/image-42.png","datePublished":"2026-05-09T19:31:08+00:00","dateModified":"2026-05-09T19:31:10+00:00","breadcrumb":{"@id":"https:\/\/www.patrick-koglin.com\/musik\/pk-music-productions\/song\/keine-freunde-kein-wir\/#breadcrumb"},"inLanguage":"en-US","potentialAction":[{"@type":"ReadAction","target":["https:\/\/www.patrick-koglin.com\/musik\/pk-music-productions\/song\/keine-freunde-kein-wir\/"]}]},{"@type":"ImageObject","inLanguage":"en-US","@id":"https:\/\/www.patrick-koglin.com\/musik\/pk-music-productions\/song\/keine-freunde-kein-wir\/#primaryimage","url":"https:\/\/www.patrick-koglin.com\/wp-content\/uploads\/2026\/05\/image-42.png","contentUrl":"https:\/\/www.patrick-koglin.com\/wp-content\/uploads\/2026\/05\/image-42.png"},{"@type":"BreadcrumbList","@id":"https:\/\/www.patrick-koglin.com\/musik\/pk-music-productions\/song\/keine-freunde-kein-wir\/#breadcrumb","itemListElement":[{"@type":"ListItem","position":1,"name":"Startseite","item":"https:\/\/www.patrick-koglin.com\/"},{"@type":"ListItem","position":2,"name":"Musik","item":"https:\/\/www.patrick-koglin.com\/musik\/"},{"@type":"ListItem","position":3,"name":"PK Music Productions","item":"https:\/\/www.patrick-koglin.com\/musik\/pk-music-productions\/"},{"@type":"ListItem","position":4,"name":"Song (PKM)","item":"https:\/\/www.patrick-koglin.com\/musik\/pk-music-productions\/song\/"},{"@type":"ListItem","position":5,"name":"Keine Freunde, kein wir"}]},{"@type":"WebSite","@id":"https:\/\/www.patrick-koglin.com\/#website","url":"https:\/\/www.patrick-koglin.com\/","name":"PK Coaching - Patrick Koglin Unternehmensgruppe","description":"PK Coaching, Business-Design &amp; Development","publisher":{"@id":"https:\/\/www.patrick-koglin.com\/#organization"},"potentialAction":[{"@type":"SearchAction","target":{"@type":"EntryPoint","urlTemplate":"https:\/\/www.patrick-koglin.com\/?s={search_term_string}"},"query-input":{"@type":"PropertyValueSpecification","valueRequired":true,"valueName":"search_term_string"}}],"inLanguage":"en-US"},{"@type":"Organization","@id":"https:\/\/www.patrick-koglin.com\/#organization","name":"Patrick Koglin | CEO von PK Coaching","url":"https:\/\/www.patrick-koglin.com\/","logo":{"@type":"ImageObject","inLanguage":"en-US","@id":"https:\/\/www.patrick-koglin.com\/#\/schema\/logo\/image\/","url":"https:\/\/www.patrick-koglin.com\/wp-content\/uploads\/2025\/07\/cropped-PK16.png","contentUrl":"https:\/\/www.patrick-koglin.com\/wp-content\/uploads\/2025\/07\/cropped-PK16.png","width":619,"height":287,"caption":"Patrick Koglin | CEO von PK Coaching"},"image":{"@id":"https:\/\/www.patrick-koglin.com\/#\/schema\/logo\/image\/"},"sameAs":["https:\/\/www.facebook.com\/profile.php?id=61566852463657"]}]}},"_links":{"self":[{"href":"https:\/\/www.patrick-koglin.com\/en\/wp-json\/wp\/v2\/pages\/15272","targetHints":{"allow":["GET"]}}],"collection":[{"href":"https:\/\/www.patrick-koglin.com\/en\/wp-json\/wp\/v2\/pages"}],"about":[{"href":"https:\/\/www.patrick-koglin.com\/en\/wp-json\/wp\/v2\/types\/page"}],"author":[{"embeddable":true,"href":"https:\/\/www.patrick-koglin.com\/en\/wp-json\/wp\/v2\/users\/1"}],"replies":[{"embeddable":true,"href":"https:\/\/www.patrick-koglin.com\/en\/wp-json\/wp\/v2\/comments?post=15272"}],"version-history":[{"count":1,"href":"https:\/\/www.patrick-koglin.com\/en\/wp-json\/wp\/v2\/pages\/15272\/revisions"}],"predecessor-version":[{"id":15274,"href":"https:\/\/www.patrick-koglin.com\/en\/wp-json\/wp\/v2\/pages\/15272\/revisions\/15274"}],"up":[{"embeddable":true,"href":"https:\/\/www.patrick-koglin.com\/en\/wp-json\/wp\/v2\/pages\/15137"}],"wp:attachment":[{"href":"https:\/\/www.patrick-koglin.com\/en\/wp-json\/wp\/v2\/media?parent=15272"}],"curies":[{"name":"wp","href":"https:\/\/api.w.org\/{rel}","templated":true}]}}