{"id":15275,"date":"2026-05-09T21:34:47","date_gmt":"2026-05-09T19:34:47","guid":{"rendered":"https:\/\/www.patrick-koglin.com\/?page_id=15275"},"modified":"2026-05-09T21:34:48","modified_gmt":"2026-05-09T19:34:48","slug":"mehr-als-mehr","status":"publish","type":"page","link":"https:\/\/www.patrick-koglin.com\/en\/musik\/pk-music-productions\/song\/mehr-als-mehr\/","title":{"rendered":"Mehr als mehr"},"content":{"rendered":"\n<figure class=\"wp-block-image size-full is-resized\"><img fetchpriority=\"high\" decoding=\"async\" width=\"1024\" height=\"1024\" src=\"https:\/\/www.patrick-koglin.com\/wp-content\/uploads\/2026\/05\/image-43.png\" alt=\"\" class=\"wp-image-15276\" style=\"width:311px;height:auto\" srcset=\"https:\/\/www.patrick-koglin.com\/wp-content\/uploads\/2026\/05\/image-43.png 1024w, https:\/\/www.patrick-koglin.com\/wp-content\/uploads\/2026\/05\/image-43-300x300.png 300w, https:\/\/www.patrick-koglin.com\/wp-content\/uploads\/2026\/05\/image-43-150x150.png 150w, https:\/\/www.patrick-koglin.com\/wp-content\/uploads\/2026\/05\/image-43-768x768.png 768w, https:\/\/www.patrick-koglin.com\/wp-content\/uploads\/2026\/05\/image-43-12x12.png 12w\" sizes=\"(max-width: 1024px) 100vw, 1024px\" \/><\/figure>\n\n\n\n<p><\/p>\n\n\n\n<p>[Verse 1]<br>Wachstum hei\u00dft nicht nur mehr Geld,<br>es hei\u00dft, ich werd\u2019 echt mit der Welt.<br>Mehr Reife in Blick und Ton,<br>mehr Ruhe im eigenen Wohnraum schon.<\/p>\n\n\n\n<p>Aus Fehlern wird Haltung gebaut,<br>aus Druck wird ein klarer Vertraut.<br>Nicht h\u00f6her nur, tiefer hinein,<br>ins Leben, ins Sein, ins Menschlichsein.<\/p>\n\n\n\n<p>Ein Schritt nach vorn im Kopf,<br>ein Schritt nach innen im Stoff.<br>Nicht nur schneller, nicht nur viel,<br>sondern mit Sinn als neues Ziel.<\/p>\n\n\n\n<p>[Pre-Chorus]<br>Mehr Klarheit, wenn\u2019s eng wird,<br>mehr Kraft, wenn der Tag dich dr\u00fcckt.<br>Mehr Mut, wenn die Angst dich h\u00e4lt,<br>mehr Liebe, die tr\u00e4gt und nicht f\u00e4llt.<\/p>\n\n\n\n<p>[Chorus]<br>Mehr als mehr, mehr als mehr<br>Wachstum macht das Herz nicht leer<br>Mehr als mehr, mehr als mehr<br>Wir geh\u2019n weiter, leise und fair<\/p>\n\n\n\n<p>Mehr als mehr, mehr als mehr<br>Gutes Leben, das ist der Kern<br>Mehr als mehr, mehr als mehr<br>Mit Sinn voran, mit Blick auf fern<\/p>\n\n\n\n<p>[Verse 2]<br>Unternehmerisch hei\u00dft: nicht nur Profit,<br>sondern ein Weg, der Zukunft mitnimmt.<br>Arbeitspl\u00e4tze, die wirklich tragen,<br>nicht nur Zahlen, die nach oben jagen.<\/p>\n\n\n\n<p>Gute Wirtschaft mit klarem Blick,<br>und \u00d6kologie als Teil vom Gl\u00fcck.<br>Denn was wir nehmen, kommt zur\u00fcck,<br>der Boden, die Luft, unser St\u00fcck.<\/p>\n\n\n\n<p>Mehr Sicherheit, die nicht nur sch\u00fctzt,<br>sondern den Menschen nach vorne st\u00fctzt.<br>Mehr Gesundheit in jedem Tag,<br>weil ich mich sorg\u2019 und weil ich\u2019s mag.<\/p>\n\n\n\n<p>[Pre-Chorus]<br>Mehr Zeit f\u00fcr das Wesentliche,<br>mehr Raum f\u00fcr das M\u00f6gliche.<br>Mehr Frieden im Miteinander,<br>mehr H\u00e4nde statt Gegeneinander.<\/p>\n\n\n\n<p>[Chorus]<br>Mehr als mehr, mehr als mehr<br>Wachstum macht das Herz nicht leer<br>Mehr als mehr, mehr als mehr<br>Wir geh\u2019n weiter, leise und fair<\/p>\n\n\n\n<p>Mehr als mehr, mehr als mehr<br>Gutes Leben, das ist der Kern<br>Mehr als mehr, mehr als mehr<br>Mit Sinn voran, mit Blick auf fern<\/p>\n\n\n\n<p>[Bridge]<br>Mehr Freiheit hei\u00dft nicht Flucht allein,<br>es hei\u00dft, bei sich und offen sein.<br>Mehr Licht in den dunklen Tagen,<br>mehr Liebe in den schnellen Fragen.<\/p>\n\n\n\n<p>Wenn einer f\u00e4llt, dann heb ihn mit,<br>Frieden w\u00e4chst im n\u00e4chsten Schritt.<br>Und was uns stark macht, bleibt nicht klein:<br>Es kann f\u00fcr alle Zukunft sein.<\/p>\n\n\n\n<p>[Chorus]<br>Mehr als mehr, mehr als mehr<br>Wachstum macht das Herz nicht leer<br>Mehr als mehr, mehr als mehr<br>Wir geh\u2019n weiter, leise und fair<\/p>\n\n\n\n<p>Mehr als mehr, mehr als mehr<br>Gutes Leben, das ist der Kern<br>Mehr als mehr, mehr als mehr<br>Mit Sinn voran, mit Blick auf fern<\/p>\n","protected":false},"excerpt":{"rendered":"<p>[Verse 1]Wachstum hei\u00dft nicht nur mehr Geld,es hei\u00dft, ich werd\u2019 echt mit der Welt.Mehr Reife in Blick und Ton,mehr Ruhe im eigenen Wohnraum schon. Aus Fehlern wird Haltung gebaut,aus Druck wird ein klarer Vertraut.Nicht h\u00f6her nur, tiefer hinein,ins Leben, ins Sein, ins Menschlichsein. Ein Schritt nach vorn im Kopf,ein Schritt nach innen im Stoff.Nicht nur &#8230; <a title=\"Mehr als mehr\" class=\"read-more\" href=\"https:\/\/www.patrick-koglin.com\/en\/musik\/pk-music-productions\/song\/mehr-als-mehr\/\" aria-label=\"Read more about Mehr als mehr\">Read more<\/a><\/p>\n","protected":false},"author":1,"featured_media":0,"parent":15137,"menu_order":0,"comment_status":"closed","ping_status":"closed","template":"","meta":{"footnotes":""},"class_list":["post-15275","page","type-page","status-publish"],"yoast_head":"<!-- This site is optimized with the Yoast SEO plugin v25.8 - https:\/\/yoast.com\/wordpress\/plugins\/seo\/ -->\n<title>Mehr als mehr - Patrick Koglin<\/title>\n<meta name=\"robots\" content=\"index, follow, max-snippet:-1, max-image-preview:large, max-video-preview:-1\" \/>\n<link rel=\"canonical\" href=\"https:\/\/www.patrick-koglin.com\/en\/musik\/pk-music-productions\/song\/mehr-als-mehr\/\" \/>\n<meta property=\"og:locale\" content=\"en_US\" \/>\n<meta property=\"og:type\" content=\"article\" \/>\n<meta property=\"og:title\" content=\"Mehr als mehr - Patrick Koglin\" \/>\n<meta property=\"og:description\" content=\"[Verse 1]Wachstum hei\u00dft nicht nur mehr Geld,es hei\u00dft, ich werd\u2019 echt mit der Welt.Mehr Reife in Blick und Ton,mehr Ruhe im eigenen Wohnraum schon. Aus Fehlern wird Haltung gebaut,aus Druck wird ein klarer Vertraut.Nicht h\u00f6her nur, tiefer hinein,ins Leben, ins Sein, ins Menschlichsein. Ein Schritt nach vorn im Kopf,ein Schritt nach innen im Stoff.Nicht nur ... Read more\" \/>\n<meta property=\"og:url\" content=\"https:\/\/www.patrick-koglin.com\/en\/musik\/pk-music-productions\/song\/mehr-als-mehr\/\" \/>\n<meta property=\"og:site_name\" content=\"Patrick Koglin\" \/>\n<meta property=\"article:publisher\" content=\"https:\/\/www.facebook.com\/profile.php?id=61566852463657\" \/>\n<meta property=\"article:modified_time\" content=\"2026-05-09T19:34:48+00:00\" \/>\n<meta property=\"og:image\" content=\"https:\/\/www.patrick-koglin.com\/wp-content\/uploads\/2026\/05\/image-43.png\" \/>\n\t<meta property=\"og:image:width\" content=\"1024\" \/>\n\t<meta property=\"og:image:height\" content=\"1024\" \/>\n\t<meta property=\"og:image:type\" content=\"image\/png\" \/>\n<meta name=\"twitter:card\" content=\"summary_large_image\" \/>\n<meta name=\"twitter:label1\" content=\"Est. reading time\" \/>\n\t<meta name=\"twitter:data1\" content=\"3 minutes\" \/>\n<script type=\"application\/ld+json\" class=\"yoast-schema-graph\">{\"@context\":\"https:\/\/schema.org\",\"@graph\":[{\"@type\":\"WebPage\",\"@id\":\"https:\/\/www.patrick-koglin.com\/musik\/pk-music-productions\/song\/mehr-als-mehr\/\",\"url\":\"https:\/\/www.patrick-koglin.com\/musik\/pk-music-productions\/song\/mehr-als-mehr\/\",\"name\":\"Mehr als mehr - Patrick Koglin\",\"isPartOf\":{\"@id\":\"https:\/\/www.patrick-koglin.com\/#website\"},\"primaryImageOfPage\":{\"@id\":\"https:\/\/www.patrick-koglin.com\/musik\/pk-music-productions\/song\/mehr-als-mehr\/#primaryimage\"},\"image\":{\"@id\":\"https:\/\/www.patrick-koglin.com\/musik\/pk-music-productions\/song\/mehr-als-mehr\/#primaryimage\"},\"thumbnailUrl\":\"https:\/\/www.patrick-koglin.com\/wp-content\/uploads\/2026\/05\/image-43.png\",\"datePublished\":\"2026-05-09T19:34:47+00:00\",\"dateModified\":\"2026-05-09T19:34:48+00:00\",\"breadcrumb\":{\"@id\":\"https:\/\/www.patrick-koglin.com\/musik\/pk-music-productions\/song\/mehr-als-mehr\/#breadcrumb\"},\"inLanguage\":\"en-US\",\"potentialAction\":[{\"@type\":\"ReadAction\",\"target\":[\"https:\/\/www.patrick-koglin.com\/musik\/pk-music-productions\/song\/mehr-als-mehr\/\"]}]},{\"@type\":\"ImageObject\",\"inLanguage\":\"en-US\",\"@id\":\"https:\/\/www.patrick-koglin.com\/musik\/pk-music-productions\/song\/mehr-als-mehr\/#primaryimage\",\"url\":\"https:\/\/www.patrick-koglin.com\/wp-content\/uploads\/2026\/05\/image-43.png\",\"contentUrl\":\"https:\/\/www.patrick-koglin.com\/wp-content\/uploads\/2026\/05\/image-43.png\"},{\"@type\":\"BreadcrumbList\",\"@id\":\"https:\/\/www.patrick-koglin.com\/musik\/pk-music-productions\/song\/mehr-als-mehr\/#breadcrumb\",\"itemListElement\":[{\"@type\":\"ListItem\",\"position\":1,\"name\":\"Startseite\",\"item\":\"https:\/\/www.patrick-koglin.com\/\"},{\"@type\":\"ListItem\",\"position\":2,\"name\":\"Musik\",\"item\":\"https:\/\/www.patrick-koglin.com\/musik\/\"},{\"@type\":\"ListItem\",\"position\":3,\"name\":\"PK Music Productions\",\"item\":\"https:\/\/www.patrick-koglin.com\/musik\/pk-music-productions\/\"},{\"@type\":\"ListItem\",\"position\":4,\"name\":\"Song (PKM)\",\"item\":\"https:\/\/www.patrick-koglin.com\/musik\/pk-music-productions\/song\/\"},{\"@type\":\"ListItem\",\"position\":5,\"name\":\"Mehr als mehr\"}]},{\"@type\":\"WebSite\",\"@id\":\"https:\/\/www.patrick-koglin.com\/#website\",\"url\":\"https:\/\/www.patrick-koglin.com\/\",\"name\":\"PK Coaching - Patrick Koglin Unternehmensgruppe\",\"description\":\"PK Coaching, Business-Design &amp; Development\",\"publisher\":{\"@id\":\"https:\/\/www.patrick-koglin.com\/#organization\"},\"potentialAction\":[{\"@type\":\"SearchAction\",\"target\":{\"@type\":\"EntryPoint\",\"urlTemplate\":\"https:\/\/www.patrick-koglin.com\/?s={search_term_string}\"},\"query-input\":{\"@type\":\"PropertyValueSpecification\",\"valueRequired\":true,\"valueName\":\"search_term_string\"}}],\"inLanguage\":\"en-US\"},{\"@type\":\"Organization\",\"@id\":\"https:\/\/www.patrick-koglin.com\/#organization\",\"name\":\"Patrick Koglin | CEO von PK Coaching\",\"url\":\"https:\/\/www.patrick-koglin.com\/\",\"logo\":{\"@type\":\"ImageObject\",\"inLanguage\":\"en-US\",\"@id\":\"https:\/\/www.patrick-koglin.com\/#\/schema\/logo\/image\/\",\"url\":\"https:\/\/www.patrick-koglin.com\/wp-content\/uploads\/2025\/07\/cropped-PK16.png\",\"contentUrl\":\"https:\/\/www.patrick-koglin.com\/wp-content\/uploads\/2025\/07\/cropped-PK16.png\",\"width\":619,\"height\":287,\"caption\":\"Patrick Koglin | CEO von PK Coaching\"},\"image\":{\"@id\":\"https:\/\/www.patrick-koglin.com\/#\/schema\/logo\/image\/\"},\"sameAs\":[\"https:\/\/www.facebook.com\/profile.php?id=61566852463657\"]}]}<\/script>\n<!-- \/ Yoast SEO plugin. -->","yoast_head_json":{"title":"Mehr als mehr - Patrick Koglin","robots":{"index":"index","follow":"follow","max-snippet":"max-snippet:-1","max-image-preview":"max-image-preview:large","max-video-preview":"max-video-preview:-1"},"canonical":"https:\/\/www.patrick-koglin.com\/en\/musik\/pk-music-productions\/song\/mehr-als-mehr\/","og_locale":"en_US","og_type":"article","og_title":"Mehr als mehr - Patrick Koglin","og_description":"[Verse 1]Wachstum hei\u00dft nicht nur mehr Geld,es hei\u00dft, ich werd\u2019 echt mit der Welt.Mehr Reife in Blick und Ton,mehr Ruhe im eigenen Wohnraum schon. Aus Fehlern wird Haltung gebaut,aus Druck wird ein klarer Vertraut.Nicht h\u00f6her nur, tiefer hinein,ins Leben, ins Sein, ins Menschlichsein. Ein Schritt nach vorn im Kopf,ein Schritt nach innen im Stoff.Nicht nur ... Read more","og_url":"https:\/\/www.patrick-koglin.com\/en\/musik\/pk-music-productions\/song\/mehr-als-mehr\/","og_site_name":"Patrick Koglin","article_publisher":"https:\/\/www.facebook.com\/profile.php?id=61566852463657","article_modified_time":"2026-05-09T19:34:48+00:00","og_image":[{"width":1024,"height":1024,"url":"https:\/\/www.patrick-koglin.com\/wp-content\/uploads\/2026\/05\/image-43.png","type":"image\/png"}],"twitter_card":"summary_large_image","twitter_misc":{"Est. reading time":"3 minutes"},"schema":{"@context":"https:\/\/schema.org","@graph":[{"@type":"WebPage","@id":"https:\/\/www.patrick-koglin.com\/musik\/pk-music-productions\/song\/mehr-als-mehr\/","url":"https:\/\/www.patrick-koglin.com\/musik\/pk-music-productions\/song\/mehr-als-mehr\/","name":"Mehr als mehr - Patrick Koglin","isPartOf":{"@id":"https:\/\/www.patrick-koglin.com\/#website"},"primaryImageOfPage":{"@id":"https:\/\/www.patrick-koglin.com\/musik\/pk-music-productions\/song\/mehr-als-mehr\/#primaryimage"},"image":{"@id":"https:\/\/www.patrick-koglin.com\/musik\/pk-music-productions\/song\/mehr-als-mehr\/#primaryimage"},"thumbnailUrl":"https:\/\/www.patrick-koglin.com\/wp-content\/uploads\/2026\/05\/image-43.png","datePublished":"2026-05-09T19:34:47+00:00","dateModified":"2026-05-09T19:34:48+00:00","breadcrumb":{"@id":"https:\/\/www.patrick-koglin.com\/musik\/pk-music-productions\/song\/mehr-als-mehr\/#breadcrumb"},"inLanguage":"en-US","potentialAction":[{"@type":"ReadAction","target":["https:\/\/www.patrick-koglin.com\/musik\/pk-music-productions\/song\/mehr-als-mehr\/"]}]},{"@type":"ImageObject","inLanguage":"en-US","@id":"https:\/\/www.patrick-koglin.com\/musik\/pk-music-productions\/song\/mehr-als-mehr\/#primaryimage","url":"https:\/\/www.patrick-koglin.com\/wp-content\/uploads\/2026\/05\/image-43.png","contentUrl":"https:\/\/www.patrick-koglin.com\/wp-content\/uploads\/2026\/05\/image-43.png"},{"@type":"BreadcrumbList","@id":"https:\/\/www.patrick-koglin.com\/musik\/pk-music-productions\/song\/mehr-als-mehr\/#breadcrumb","itemListElement":[{"@type":"ListItem","position":1,"name":"Startseite","item":"https:\/\/www.patrick-koglin.com\/"},{"@type":"ListItem","position":2,"name":"Musik","item":"https:\/\/www.patrick-koglin.com\/musik\/"},{"@type":"ListItem","position":3,"name":"PK Music Productions","item":"https:\/\/www.patrick-koglin.com\/musik\/pk-music-productions\/"},{"@type":"ListItem","position":4,"name":"Song (PKM)","item":"https:\/\/www.patrick-koglin.com\/musik\/pk-music-productions\/song\/"},{"@type":"ListItem","position":5,"name":"Mehr als mehr"}]},{"@type":"WebSite","@id":"https:\/\/www.patrick-koglin.com\/#website","url":"https:\/\/www.patrick-koglin.com\/","name":"PK Coaching - Patrick Koglin Unternehmensgruppe","description":"PK Coaching, Business-Design &amp; Development","publisher":{"@id":"https:\/\/www.patrick-koglin.com\/#organization"},"potentialAction":[{"@type":"SearchAction","target":{"@type":"EntryPoint","urlTemplate":"https:\/\/www.patrick-koglin.com\/?s={search_term_string}"},"query-input":{"@type":"PropertyValueSpecification","valueRequired":true,"valueName":"search_term_string"}}],"inLanguage":"en-US"},{"@type":"Organization","@id":"https:\/\/www.patrick-koglin.com\/#organization","name":"Patrick Koglin | CEO von PK Coaching","url":"https:\/\/www.patrick-koglin.com\/","logo":{"@type":"ImageObject","inLanguage":"en-US","@id":"https:\/\/www.patrick-koglin.com\/#\/schema\/logo\/image\/","url":"https:\/\/www.patrick-koglin.com\/wp-content\/uploads\/2025\/07\/cropped-PK16.png","contentUrl":"https:\/\/www.patrick-koglin.com\/wp-content\/uploads\/2025\/07\/cropped-PK16.png","width":619,"height":287,"caption":"Patrick Koglin | CEO von PK Coaching"},"image":{"@id":"https:\/\/www.patrick-koglin.com\/#\/schema\/logo\/image\/"},"sameAs":["https:\/\/www.facebook.com\/profile.php?id=61566852463657"]}]}},"_links":{"self":[{"href":"https:\/\/www.patrick-koglin.com\/en\/wp-json\/wp\/v2\/pages\/15275","targetHints":{"allow":["GET"]}}],"collection":[{"href":"https:\/\/www.patrick-koglin.com\/en\/wp-json\/wp\/v2\/pages"}],"about":[{"href":"https:\/\/www.patrick-koglin.com\/en\/wp-json\/wp\/v2\/types\/page"}],"author":[{"embeddable":true,"href":"https:\/\/www.patrick-koglin.com\/en\/wp-json\/wp\/v2\/users\/1"}],"replies":[{"embeddable":true,"href":"https:\/\/www.patrick-koglin.com\/en\/wp-json\/wp\/v2\/comments?post=15275"}],"version-history":[{"count":1,"href":"https:\/\/www.patrick-koglin.com\/en\/wp-json\/wp\/v2\/pages\/15275\/revisions"}],"predecessor-version":[{"id":15277,"href":"https:\/\/www.patrick-koglin.com\/en\/wp-json\/wp\/v2\/pages\/15275\/revisions\/15277"}],"up":[{"embeddable":true,"href":"https:\/\/www.patrick-koglin.com\/en\/wp-json\/wp\/v2\/pages\/15137"}],"wp:attachment":[{"href":"https:\/\/www.patrick-koglin.com\/en\/wp-json\/wp\/v2\/media?parent=15275"}],"curies":[{"name":"wp","href":"https:\/\/api.w.org\/{rel}","templated":true}]}}