{"id":15422,"date":"2026-05-12T00:11:56","date_gmt":"2026-05-11T22:11:56","guid":{"rendered":"https:\/\/www.patrick-koglin.com\/?page_id=15422"},"modified":"2026-05-12T00:12:16","modified_gmt":"2026-05-11T22:12:16","slug":"lass-sie-reden","status":"publish","type":"page","link":"https:\/\/www.patrick-koglin.com\/en\/musik\/pk-music-productions\/song\/lass-sie-reden\/","title":{"rendered":"Lass Sie reden"},"content":{"rendered":"\n<figure class=\"wp-block-image size-full is-resized\"><img fetchpriority=\"high\" decoding=\"async\" width=\"1024\" height=\"1024\" src=\"https:\/\/www.patrick-koglin.com\/wp-content\/uploads\/2026\/05\/grafik-25.png\" alt=\"\" class=\"wp-image-15423\" style=\"width:421px;height:auto\" srcset=\"https:\/\/www.patrick-koglin.com\/wp-content\/uploads\/2026\/05\/grafik-25.png 1024w, https:\/\/www.patrick-koglin.com\/wp-content\/uploads\/2026\/05\/grafik-25-300x300.png 300w, https:\/\/www.patrick-koglin.com\/wp-content\/uploads\/2026\/05\/grafik-25-150x150.png 150w, https:\/\/www.patrick-koglin.com\/wp-content\/uploads\/2026\/05\/grafik-25-768x768.png 768w, https:\/\/www.patrick-koglin.com\/wp-content\/uploads\/2026\/05\/grafik-25-12x12.png 12w\" sizes=\"(max-width: 1024px) 100vw, 1024px\" \/><\/figure>\n\n\n\n<p><\/p>\n\n\n\n<p>[Verse 1]<br>Lass sie reden, ich bleib stehen<br>Jeder Blick will mich verdrehen<br>Doch ich trag den Kopf noch hoch<br>Auch wenn jeder meint, er w\u00fcsst\u2019 genug<\/p>\n\n\n\n<p>Sie streuen Gift in jeden Satz<br>Ich mach draus keinen Gegenwarts<br>Denn was sie sagen, f\u00e4llt wie Staub<br>Und ich geb dem kein Gewicht, kein Glaub\u2019<\/p>\n\n\n\n<p>Jeder hat hier seine Sicht<br>Doch die Wahrheit biegt sich nicht<br>Wer mich kennt, der sieht mich klar<br>Der Rest erz\u00e4hlt sich selbst Gefahr<\/p>\n\n\n\n<p>[Pre-Chorus]<br>Reden ist billig<br>Worte sind Wind<br>Ich nehm nur mit<br>Was wirklich stimmt<\/p>\n\n\n\n<p>[Chorus]<br>Lass sie reden<br>Lass sie reden<br>Ich lass sie reden<br>Und geh meinen Weg<\/p>\n\n\n\n<p>Lass sie reden<br>Lass sie reden<br>\u00dcble Nachrede vergeht<br>Wenn sie selber nichts bewegt<\/p>\n\n\n\n<p>[Verse 2]<br>Sie warnen mich vor allem m\u00f6glichen Kram<br>Als w\u00e4r ihr Rat ein heiliger Plan<br>Doch ich h\u00f6r zu, dann geh ich weiter<br>Mit ruhigem Blick und fester Leiter<\/p>\n\n\n\n<p>Keiner muss mein Spiegel sein<br>Keiner spricht mir Herz und Bein<br>Ich geb Respekt, selbst ohne Applaus<br>Denn Druck von au\u00dfen macht mich nicht aus<\/p>\n\n\n\n<p>Wer schlecht \u00fcber andre spricht<br>Zeigt oft nur sein eigenes Licht<br>Ich bleib sauber, bleib loyal<br>Und die Ger\u00fcchte werden allm\u00e4hlich fade und banal<\/p>\n\n\n\n<p>[Pre-Chorus]<br>Reden ist billig<br>Worte sind Wind<br>Ich nehm nur mit<br>Was wirklich stimmt<\/p>\n\n\n\n<p>[Chorus]<br>Lass sie reden<br>Lass sie reden<br>Ich lass sie reden<br>Und geh meinen Weg<\/p>\n\n\n\n<p>Lass sie reden<br>Lass sie reden<br>\u00dcble Nachrede vergeht<br>Wenn sie selber nichts bewegt<\/p>\n\n\n\n<p>[Bridge]<br>Ich brauch kein Gericht aus fremdem Mund<br>Jeder Mensch sieht die Welt auf seine Rund\u2019<br>Ich halt mich an das, was tr\u00e4gt und bleibt<br>An Ehre, die nicht nach Beifall schreit<\/p>\n\n\n\n<p>Und wenn sie heut noch laut sein woll\u2019n<br>Morgen wird ihr L\u00e4rm schon schwoll\u2019n<br>Denn alles, was nur speist aus Neid<br>Verliert am Ende seine Zeit<\/p>\n\n\n\n<p>[Chorus]<br>Lass sie reden<br>Lass sie reden<br>Ich lass sie reden<br>Und geh meinen Weg<\/p>\n\n\n\n<p>Lass sie reden<br>Lass sie reden<br>\u00dcble Nachrede vergeht<br>Wenn sie selber nichts bewegt<\/p>\n","protected":false},"excerpt":{"rendered":"<p>[Verse 1]Lass sie reden, ich bleib stehenJeder Blick will mich verdrehenDoch ich trag den Kopf noch hochAuch wenn jeder meint, er w\u00fcsst\u2019 genug Sie streuen Gift in jeden SatzIch mach draus keinen GegenwartsDenn was sie sagen, f\u00e4llt wie StaubUnd ich geb dem kein Gewicht, kein Glaub\u2019 Jeder hat hier seine SichtDoch die Wahrheit biegt sich &#8230; <a title=\"Lass Sie reden\" class=\"read-more\" href=\"https:\/\/www.patrick-koglin.com\/en\/musik\/pk-music-productions\/song\/lass-sie-reden\/\" aria-label=\"Read more about Lass Sie reden\">Read more<\/a><\/p>\n","protected":false},"author":1,"featured_media":0,"parent":15137,"menu_order":0,"comment_status":"closed","ping_status":"closed","template":"","meta":{"footnotes":""},"class_list":["post-15422","page","type-page","status-publish"],"yoast_head":"<!-- This site is optimized with the Yoast SEO plugin v25.8 - https:\/\/yoast.com\/wordpress\/plugins\/seo\/ -->\n<title>Lass Sie reden - Patrick Koglin<\/title>\n<meta name=\"robots\" content=\"index, follow, max-snippet:-1, max-image-preview:large, max-video-preview:-1\" \/>\n<link rel=\"canonical\" href=\"https:\/\/www.patrick-koglin.com\/en\/musik\/pk-music-productions\/song\/lass-sie-reden\/\" \/>\n<meta property=\"og:locale\" content=\"en_US\" \/>\n<meta property=\"og:type\" content=\"article\" \/>\n<meta property=\"og:title\" content=\"Lass Sie reden - Patrick Koglin\" \/>\n<meta property=\"og:description\" content=\"[Verse 1]Lass sie reden, ich bleib stehenJeder Blick will mich verdrehenDoch ich trag den Kopf noch hochAuch wenn jeder meint, er w\u00fcsst\u2019 genug Sie streuen Gift in jeden SatzIch mach draus keinen GegenwartsDenn was sie sagen, f\u00e4llt wie StaubUnd ich geb dem kein Gewicht, kein Glaub\u2019 Jeder hat hier seine SichtDoch die Wahrheit biegt sich ... Read more\" \/>\n<meta property=\"og:url\" content=\"https:\/\/www.patrick-koglin.com\/en\/musik\/pk-music-productions\/song\/lass-sie-reden\/\" \/>\n<meta property=\"og:site_name\" content=\"Patrick Koglin\" \/>\n<meta property=\"article:publisher\" content=\"https:\/\/www.facebook.com\/profile.php?id=61566852463657\" \/>\n<meta property=\"article:modified_time\" content=\"2026-05-11T22:12:16+00:00\" \/>\n<meta property=\"og:image\" content=\"https:\/\/www.patrick-koglin.com\/wp-content\/uploads\/2026\/05\/grafik-25.png\" \/>\n\t<meta property=\"og:image:width\" content=\"1024\" \/>\n\t<meta property=\"og:image:height\" content=\"1024\" \/>\n\t<meta property=\"og:image:type\" content=\"image\/png\" \/>\n<meta name=\"twitter:card\" content=\"summary_large_image\" \/>\n<meta name=\"twitter:label1\" content=\"Est. reading time\" \/>\n\t<meta name=\"twitter:data1\" content=\"3 minutes\" \/>\n<script type=\"application\/ld+json\" class=\"yoast-schema-graph\">{\"@context\":\"https:\/\/schema.org\",\"@graph\":[{\"@type\":\"WebPage\",\"@id\":\"https:\/\/www.patrick-koglin.com\/musik\/pk-music-productions\/song\/lass-sie-reden\/\",\"url\":\"https:\/\/www.patrick-koglin.com\/musik\/pk-music-productions\/song\/lass-sie-reden\/\",\"name\":\"Lass Sie reden - Patrick Koglin\",\"isPartOf\":{\"@id\":\"https:\/\/www.patrick-koglin.com\/#website\"},\"primaryImageOfPage\":{\"@id\":\"https:\/\/www.patrick-koglin.com\/musik\/pk-music-productions\/song\/lass-sie-reden\/#primaryimage\"},\"image\":{\"@id\":\"https:\/\/www.patrick-koglin.com\/musik\/pk-music-productions\/song\/lass-sie-reden\/#primaryimage\"},\"thumbnailUrl\":\"https:\/\/www.patrick-koglin.com\/wp-content\/uploads\/2026\/05\/grafik-25.png\",\"datePublished\":\"2026-05-11T22:11:56+00:00\",\"dateModified\":\"2026-05-11T22:12:16+00:00\",\"breadcrumb\":{\"@id\":\"https:\/\/www.patrick-koglin.com\/musik\/pk-music-productions\/song\/lass-sie-reden\/#breadcrumb\"},\"inLanguage\":\"en-US\",\"potentialAction\":[{\"@type\":\"ReadAction\",\"target\":[\"https:\/\/www.patrick-koglin.com\/musik\/pk-music-productions\/song\/lass-sie-reden\/\"]}]},{\"@type\":\"ImageObject\",\"inLanguage\":\"en-US\",\"@id\":\"https:\/\/www.patrick-koglin.com\/musik\/pk-music-productions\/song\/lass-sie-reden\/#primaryimage\",\"url\":\"https:\/\/www.patrick-koglin.com\/wp-content\/uploads\/2026\/05\/grafik-25.png\",\"contentUrl\":\"https:\/\/www.patrick-koglin.com\/wp-content\/uploads\/2026\/05\/grafik-25.png\"},{\"@type\":\"BreadcrumbList\",\"@id\":\"https:\/\/www.patrick-koglin.com\/musik\/pk-music-productions\/song\/lass-sie-reden\/#breadcrumb\",\"itemListElement\":[{\"@type\":\"ListItem\",\"position\":1,\"name\":\"Startseite\",\"item\":\"https:\/\/www.patrick-koglin.com\/\"},{\"@type\":\"ListItem\",\"position\":2,\"name\":\"Musik\",\"item\":\"https:\/\/www.patrick-koglin.com\/musik\/\"},{\"@type\":\"ListItem\",\"position\":3,\"name\":\"PK Music Productions\",\"item\":\"https:\/\/www.patrick-koglin.com\/musik\/pk-music-productions\/\"},{\"@type\":\"ListItem\",\"position\":4,\"name\":\"Song (PKM)\",\"item\":\"https:\/\/www.patrick-koglin.com\/musik\/pk-music-productions\/song\/\"},{\"@type\":\"ListItem\",\"position\":5,\"name\":\"Lass Sie reden\"}]},{\"@type\":\"WebSite\",\"@id\":\"https:\/\/www.patrick-koglin.com\/#website\",\"url\":\"https:\/\/www.patrick-koglin.com\/\",\"name\":\"PK Coaching - Patrick Koglin Unternehmensgruppe\",\"description\":\"PK Coaching, Business-Design &amp; Development\",\"publisher\":{\"@id\":\"https:\/\/www.patrick-koglin.com\/#organization\"},\"potentialAction\":[{\"@type\":\"SearchAction\",\"target\":{\"@type\":\"EntryPoint\",\"urlTemplate\":\"https:\/\/www.patrick-koglin.com\/?s={search_term_string}\"},\"query-input\":{\"@type\":\"PropertyValueSpecification\",\"valueRequired\":true,\"valueName\":\"search_term_string\"}}],\"inLanguage\":\"en-US\"},{\"@type\":\"Organization\",\"@id\":\"https:\/\/www.patrick-koglin.com\/#organization\",\"name\":\"Patrick Koglin | CEO von PK Coaching\",\"url\":\"https:\/\/www.patrick-koglin.com\/\",\"logo\":{\"@type\":\"ImageObject\",\"inLanguage\":\"en-US\",\"@id\":\"https:\/\/www.patrick-koglin.com\/#\/schema\/logo\/image\/\",\"url\":\"https:\/\/www.patrick-koglin.com\/wp-content\/uploads\/2025\/07\/cropped-PK16.png\",\"contentUrl\":\"https:\/\/www.patrick-koglin.com\/wp-content\/uploads\/2025\/07\/cropped-PK16.png\",\"width\":619,\"height\":287,\"caption\":\"Patrick Koglin | CEO von PK Coaching\"},\"image\":{\"@id\":\"https:\/\/www.patrick-koglin.com\/#\/schema\/logo\/image\/\"},\"sameAs\":[\"https:\/\/www.facebook.com\/profile.php?id=61566852463657\"]}]}<\/script>\n<!-- \/ Yoast SEO plugin. -->","yoast_head_json":{"title":"Lass Sie reden - Patrick Koglin","robots":{"index":"index","follow":"follow","max-snippet":"max-snippet:-1","max-image-preview":"max-image-preview:large","max-video-preview":"max-video-preview:-1"},"canonical":"https:\/\/www.patrick-koglin.com\/en\/musik\/pk-music-productions\/song\/lass-sie-reden\/","og_locale":"en_US","og_type":"article","og_title":"Lass Sie reden - Patrick Koglin","og_description":"[Verse 1]Lass sie reden, ich bleib stehenJeder Blick will mich verdrehenDoch ich trag den Kopf noch hochAuch wenn jeder meint, er w\u00fcsst\u2019 genug Sie streuen Gift in jeden SatzIch mach draus keinen GegenwartsDenn was sie sagen, f\u00e4llt wie StaubUnd ich geb dem kein Gewicht, kein Glaub\u2019 Jeder hat hier seine SichtDoch die Wahrheit biegt sich ... Read more","og_url":"https:\/\/www.patrick-koglin.com\/en\/musik\/pk-music-productions\/song\/lass-sie-reden\/","og_site_name":"Patrick Koglin","article_publisher":"https:\/\/www.facebook.com\/profile.php?id=61566852463657","article_modified_time":"2026-05-11T22:12:16+00:00","og_image":[{"width":1024,"height":1024,"url":"https:\/\/www.patrick-koglin.com\/wp-content\/uploads\/2026\/05\/grafik-25.png","type":"image\/png"}],"twitter_card":"summary_large_image","twitter_misc":{"Est. reading time":"3 minutes"},"schema":{"@context":"https:\/\/schema.org","@graph":[{"@type":"WebPage","@id":"https:\/\/www.patrick-koglin.com\/musik\/pk-music-productions\/song\/lass-sie-reden\/","url":"https:\/\/www.patrick-koglin.com\/musik\/pk-music-productions\/song\/lass-sie-reden\/","name":"Lass Sie reden - Patrick Koglin","isPartOf":{"@id":"https:\/\/www.patrick-koglin.com\/#website"},"primaryImageOfPage":{"@id":"https:\/\/www.patrick-koglin.com\/musik\/pk-music-productions\/song\/lass-sie-reden\/#primaryimage"},"image":{"@id":"https:\/\/www.patrick-koglin.com\/musik\/pk-music-productions\/song\/lass-sie-reden\/#primaryimage"},"thumbnailUrl":"https:\/\/www.patrick-koglin.com\/wp-content\/uploads\/2026\/05\/grafik-25.png","datePublished":"2026-05-11T22:11:56+00:00","dateModified":"2026-05-11T22:12:16+00:00","breadcrumb":{"@id":"https:\/\/www.patrick-koglin.com\/musik\/pk-music-productions\/song\/lass-sie-reden\/#breadcrumb"},"inLanguage":"en-US","potentialAction":[{"@type":"ReadAction","target":["https:\/\/www.patrick-koglin.com\/musik\/pk-music-productions\/song\/lass-sie-reden\/"]}]},{"@type":"ImageObject","inLanguage":"en-US","@id":"https:\/\/www.patrick-koglin.com\/musik\/pk-music-productions\/song\/lass-sie-reden\/#primaryimage","url":"https:\/\/www.patrick-koglin.com\/wp-content\/uploads\/2026\/05\/grafik-25.png","contentUrl":"https:\/\/www.patrick-koglin.com\/wp-content\/uploads\/2026\/05\/grafik-25.png"},{"@type":"BreadcrumbList","@id":"https:\/\/www.patrick-koglin.com\/musik\/pk-music-productions\/song\/lass-sie-reden\/#breadcrumb","itemListElement":[{"@type":"ListItem","position":1,"name":"Startseite","item":"https:\/\/www.patrick-koglin.com\/"},{"@type":"ListItem","position":2,"name":"Musik","item":"https:\/\/www.patrick-koglin.com\/musik\/"},{"@type":"ListItem","position":3,"name":"PK Music Productions","item":"https:\/\/www.patrick-koglin.com\/musik\/pk-music-productions\/"},{"@type":"ListItem","position":4,"name":"Song (PKM)","item":"https:\/\/www.patrick-koglin.com\/musik\/pk-music-productions\/song\/"},{"@type":"ListItem","position":5,"name":"Lass Sie reden"}]},{"@type":"WebSite","@id":"https:\/\/www.patrick-koglin.com\/#website","url":"https:\/\/www.patrick-koglin.com\/","name":"PK Coaching - Patrick Koglin Unternehmensgruppe","description":"PK Coaching, Business-Design &amp; Development","publisher":{"@id":"https:\/\/www.patrick-koglin.com\/#organization"},"potentialAction":[{"@type":"SearchAction","target":{"@type":"EntryPoint","urlTemplate":"https:\/\/www.patrick-koglin.com\/?s={search_term_string}"},"query-input":{"@type":"PropertyValueSpecification","valueRequired":true,"valueName":"search_term_string"}}],"inLanguage":"en-US"},{"@type":"Organization","@id":"https:\/\/www.patrick-koglin.com\/#organization","name":"Patrick Koglin | CEO von PK Coaching","url":"https:\/\/www.patrick-koglin.com\/","logo":{"@type":"ImageObject","inLanguage":"en-US","@id":"https:\/\/www.patrick-koglin.com\/#\/schema\/logo\/image\/","url":"https:\/\/www.patrick-koglin.com\/wp-content\/uploads\/2025\/07\/cropped-PK16.png","contentUrl":"https:\/\/www.patrick-koglin.com\/wp-content\/uploads\/2025\/07\/cropped-PK16.png","width":619,"height":287,"caption":"Patrick Koglin | CEO von PK Coaching"},"image":{"@id":"https:\/\/www.patrick-koglin.com\/#\/schema\/logo\/image\/"},"sameAs":["https:\/\/www.facebook.com\/profile.php?id=61566852463657"]}]}},"_links":{"self":[{"href":"https:\/\/www.patrick-koglin.com\/en\/wp-json\/wp\/v2\/pages\/15422","targetHints":{"allow":["GET"]}}],"collection":[{"href":"https:\/\/www.patrick-koglin.com\/en\/wp-json\/wp\/v2\/pages"}],"about":[{"href":"https:\/\/www.patrick-koglin.com\/en\/wp-json\/wp\/v2\/types\/page"}],"author":[{"embeddable":true,"href":"https:\/\/www.patrick-koglin.com\/en\/wp-json\/wp\/v2\/users\/1"}],"replies":[{"embeddable":true,"href":"https:\/\/www.patrick-koglin.com\/en\/wp-json\/wp\/v2\/comments?post=15422"}],"version-history":[{"count":1,"href":"https:\/\/www.patrick-koglin.com\/en\/wp-json\/wp\/v2\/pages\/15422\/revisions"}],"predecessor-version":[{"id":15424,"href":"https:\/\/www.patrick-koglin.com\/en\/wp-json\/wp\/v2\/pages\/15422\/revisions\/15424"}],"up":[{"embeddable":true,"href":"https:\/\/www.patrick-koglin.com\/en\/wp-json\/wp\/v2\/pages\/15137"}],"wp:attachment":[{"href":"https:\/\/www.patrick-koglin.com\/en\/wp-json\/wp\/v2\/media?parent=15422"}],"curies":[{"name":"wp","href":"https:\/\/api.w.org\/{rel}","templated":true}]}}