{"id":15434,"date":"2026-05-12T03:06:34","date_gmt":"2026-05-12T01:06:34","guid":{"rendered":"https:\/\/www.patrick-koglin.com\/?page_id=15434"},"modified":"2026-05-12T03:06:37","modified_gmt":"2026-05-12T01:06:37","slug":"traumfrau-ade","status":"publish","type":"page","link":"https:\/\/www.patrick-koglin.com\/en\/musik\/pk-music-productions\/song\/traumfrau-ade\/","title":{"rendered":"Traumfrau Ad\u00e9"},"content":{"rendered":"\n<figure class=\"wp-block-image size-full is-resized\"><img fetchpriority=\"high\" decoding=\"async\" width=\"1024\" height=\"1024\" src=\"https:\/\/www.patrick-koglin.com\/wp-content\/uploads\/2026\/05\/image-46.png\" alt=\"\" class=\"wp-image-15435\" style=\"width:399px;height:auto\" srcset=\"https:\/\/www.patrick-koglin.com\/wp-content\/uploads\/2026\/05\/image-46.png 1024w, https:\/\/www.patrick-koglin.com\/wp-content\/uploads\/2026\/05\/image-46-300x300.png 300w, https:\/\/www.patrick-koglin.com\/wp-content\/uploads\/2026\/05\/image-46-150x150.png 150w, https:\/\/www.patrick-koglin.com\/wp-content\/uploads\/2026\/05\/image-46-768x768.png 768w, https:\/\/www.patrick-koglin.com\/wp-content\/uploads\/2026\/05\/image-46-12x12.png 12w\" sizes=\"(max-width: 1024px) 100vw, 1024px\" \/><\/figure>\n\n\n\n<p><\/p>\n\n\n\n<p>[Verse 1]<br>Sie kam rein, ganz still<br>und nahm mir den Raum<br>ein Blick von ihr,<br>und ich stand schon im Traum<\/p>\n\n\n\n<p>Ihr L\u00e4cheln hing<br>an meinem Morgen fest<br>doch ihre Schritte<br>gingen viel zu schnell ins Nichts<\/p>\n\n\n\n<p>Ich hielt das Bild,<br>als w\u00e4r es f\u00fcr immer<br>doch aus dem Gl\u00fcck<br>wird oft nur ein Schimmer<\/p>\n\n\n\n<p>Zu nah f\u00fcr ein Wunder,<br>zu kurz f\u00fcr ein Plan<br>ich hab sie geliebt,<br>doch sie zog einfach an<\/p>\n\n\n\n<p>[Pre-Chorus]<br>Und jetzt bleibt nur<br>ihr Abdruck im Kopf<br>ihr Name im Bauch,<br>wie ein viel zu harter Stopp<\/p>\n\n\n\n<p>Ich seh noch ihr Kleid<br>an der T\u00fcr im Licht<br>und alles in mir<br>sagt leise: vergiss mich nicht<\/p>\n\n\n\n<p>[Chorus]<br>Traumfrau ad\u00e9<br>du warst da, dann fort<br>Traumfrau ad\u00e9<br>und ich such noch den Ort<\/p>\n\n\n\n<p>Traumfrau ad\u00e9<br>viel zu schnell vorbei<br>Traumfrau ad\u00e9<br>doch dein Schatten bleibt frei<\/p>\n\n\n\n<p>(traumfrau ad\u00e9)<br>(traumfrau ad\u00e9)<\/p>\n\n\n\n<p>[Verse 2]<br>Dein Becher stand noch<br>auf dem Tisch im Flur<br>doch du warst l\u00e4ngst weg<br>und ich h\u00f6rte nur Uhr<\/p>\n\n\n\n<p>Kein Drama, kein Knall,<br>nur ein stiller Schnitt<br>du warst mein Ja,<br>und dann nahmst du es mit<\/p>\n\n\n\n<p>Ich schreib deinen Namen<br>in den Rand von mein Heft<br>als w\u00e4r da noch N\u00e4he,<br>als w\u00e4r da noch Recht<\/p>\n\n\n\n<p>Doch jede Seite<br>ist wieder nur wei\u00df<br>und dein Abschied war kalt,<br>aber klar und leis<\/p>\n\n\n\n<p>[Pre-Chorus]<br>Und jetzt bleibt nur<br>ihr Abdruck im Kopf<br>ihr Name im Bauch,<br>wie ein viel zu harter Stopp<\/p>\n\n\n\n<p>Ich seh noch ihr Kleid<br>an der T\u00fcr im Licht<br>und alles in mir<br>sagt leise: vergiss mich nicht<\/p>\n\n\n\n<p>[Chorus]<br>Traumfrau ad\u00e9<br>du warst da, dann fort<br>Traumfrau ad\u00e9<br>und ich such noch den Ort<\/p>\n\n\n\n<p>Traumfrau ad\u00e9<br>viel zu schnell vorbei<br>Traumfrau ad\u00e9<br>doch dein Schatten bleibt frei<\/p>\n\n\n\n<p>(traumfrau ad\u00e9)<br>(traumfrau ad\u00e9)<\/p>\n\n\n\n<p>[Bridge]<br>Vielleicht war ich zu tief<br>in ein Spiegelbild<br>vielleicht warst du nur echt<br>solang der Abend hielt<\/p>\n\n\n\n<p>Ich lern jetzt den Schmerz<br>ohne Wut zu tragen<br>und h\u00f6r auf, dein Gesicht<br>in der Menge zu jagen<\/p>\n\n\n\n<p>Denn manche gehen weich<br>und trotzdem zerrei\u00dft es<br>man liebt einen Traum<br>bis der Morgen ihn bei\u00dft<\/p>\n\n\n\n<p>[Chorus]<br>Traumfrau ad\u00e9<br>du warst da, dann fort<br>Traumfrau ad\u00e9<br>und ich such noch den Ort<\/p>\n\n\n\n<p>Traumfrau ad\u00e9<br>viel zu schnell vorbei<br>Traumfrau ad\u00e9<br>doch dein Schatten bleibt frei<\/p>\n\n\n\n<p>(traumfrau ad\u00e9)<br>(traumfrau ad\u00e9)<\/p>\n","protected":false},"excerpt":{"rendered":"<p>[Verse 1]Sie kam rein, ganz stillund nahm mir den Raumein Blick von ihr,und ich stand schon im Traum Ihr L\u00e4cheln hingan meinem Morgen festdoch ihre Schrittegingen viel zu schnell ins Nichts Ich hielt das Bild,als w\u00e4r es f\u00fcr immerdoch aus dem Gl\u00fcckwird oft nur ein Schimmer Zu nah f\u00fcr ein Wunder,zu kurz f\u00fcr ein Planich &#8230; <a title=\"Traumfrau Ad\u00e9\" class=\"read-more\" href=\"https:\/\/www.patrick-koglin.com\/en\/musik\/pk-music-productions\/song\/traumfrau-ade\/\" aria-label=\"Read more about Traumfrau Ad\u00e9\">Read more<\/a><\/p>\n","protected":false},"author":1,"featured_media":0,"parent":15137,"menu_order":0,"comment_status":"closed","ping_status":"closed","template":"","meta":{"footnotes":""},"class_list":["post-15434","page","type-page","status-publish"],"yoast_head":"<!-- This site is optimized with the Yoast SEO plugin v25.8 - https:\/\/yoast.com\/wordpress\/plugins\/seo\/ -->\n<title>Traumfrau Ad\u00e9 - Patrick Koglin<\/title>\n<meta name=\"robots\" content=\"index, follow, max-snippet:-1, max-image-preview:large, max-video-preview:-1\" \/>\n<link rel=\"canonical\" href=\"https:\/\/www.patrick-koglin.com\/en\/musik\/pk-music-productions\/song\/traumfrau-ade\/\" \/>\n<meta property=\"og:locale\" content=\"en_US\" \/>\n<meta property=\"og:type\" content=\"article\" \/>\n<meta property=\"og:title\" content=\"Traumfrau Ad\u00e9 - Patrick Koglin\" \/>\n<meta property=\"og:description\" content=\"[Verse 1]Sie kam rein, ganz stillund nahm mir den Raumein Blick von ihr,und ich stand schon im Traum Ihr L\u00e4cheln hingan meinem Morgen festdoch ihre Schrittegingen viel zu schnell ins Nichts Ich hielt das Bild,als w\u00e4r es f\u00fcr immerdoch aus dem Gl\u00fcckwird oft nur ein Schimmer Zu nah f\u00fcr ein Wunder,zu kurz f\u00fcr ein Planich ... Read more\" \/>\n<meta property=\"og:url\" content=\"https:\/\/www.patrick-koglin.com\/en\/musik\/pk-music-productions\/song\/traumfrau-ade\/\" \/>\n<meta property=\"og:site_name\" content=\"Patrick Koglin\" \/>\n<meta property=\"article:publisher\" content=\"https:\/\/www.facebook.com\/profile.php?id=61566852463657\" \/>\n<meta property=\"article:modified_time\" content=\"2026-05-12T01:06:37+00:00\" \/>\n<meta property=\"og:image\" content=\"https:\/\/www.patrick-koglin.com\/wp-content\/uploads\/2026\/05\/image-46.png\" \/>\n\t<meta property=\"og:image:width\" content=\"1024\" \/>\n\t<meta property=\"og:image:height\" content=\"1024\" \/>\n\t<meta property=\"og:image:type\" content=\"image\/png\" \/>\n<meta name=\"twitter:card\" content=\"summary_large_image\" \/>\n<meta name=\"twitter:label1\" content=\"Est. reading time\" \/>\n\t<meta name=\"twitter:data1\" content=\"3 minutes\" \/>\n<script type=\"application\/ld+json\" class=\"yoast-schema-graph\">{\"@context\":\"https:\/\/schema.org\",\"@graph\":[{\"@type\":\"WebPage\",\"@id\":\"https:\/\/www.patrick-koglin.com\/musik\/pk-music-productions\/song\/traumfrau-ade\/\",\"url\":\"https:\/\/www.patrick-koglin.com\/musik\/pk-music-productions\/song\/traumfrau-ade\/\",\"name\":\"Traumfrau Ad\u00e9 - Patrick Koglin\",\"isPartOf\":{\"@id\":\"https:\/\/www.patrick-koglin.com\/#website\"},\"primaryImageOfPage\":{\"@id\":\"https:\/\/www.patrick-koglin.com\/musik\/pk-music-productions\/song\/traumfrau-ade\/#primaryimage\"},\"image\":{\"@id\":\"https:\/\/www.patrick-koglin.com\/musik\/pk-music-productions\/song\/traumfrau-ade\/#primaryimage\"},\"thumbnailUrl\":\"https:\/\/www.patrick-koglin.com\/wp-content\/uploads\/2026\/05\/image-46.png\",\"datePublished\":\"2026-05-12T01:06:34+00:00\",\"dateModified\":\"2026-05-12T01:06:37+00:00\",\"breadcrumb\":{\"@id\":\"https:\/\/www.patrick-koglin.com\/musik\/pk-music-productions\/song\/traumfrau-ade\/#breadcrumb\"},\"inLanguage\":\"en-US\",\"potentialAction\":[{\"@type\":\"ReadAction\",\"target\":[\"https:\/\/www.patrick-koglin.com\/musik\/pk-music-productions\/song\/traumfrau-ade\/\"]}]},{\"@type\":\"ImageObject\",\"inLanguage\":\"en-US\",\"@id\":\"https:\/\/www.patrick-koglin.com\/musik\/pk-music-productions\/song\/traumfrau-ade\/#primaryimage\",\"url\":\"https:\/\/www.patrick-koglin.com\/wp-content\/uploads\/2026\/05\/image-46.png\",\"contentUrl\":\"https:\/\/www.patrick-koglin.com\/wp-content\/uploads\/2026\/05\/image-46.png\"},{\"@type\":\"BreadcrumbList\",\"@id\":\"https:\/\/www.patrick-koglin.com\/musik\/pk-music-productions\/song\/traumfrau-ade\/#breadcrumb\",\"itemListElement\":[{\"@type\":\"ListItem\",\"position\":1,\"name\":\"Startseite\",\"item\":\"https:\/\/www.patrick-koglin.com\/\"},{\"@type\":\"ListItem\",\"position\":2,\"name\":\"Musik\",\"item\":\"https:\/\/www.patrick-koglin.com\/musik\/\"},{\"@type\":\"ListItem\",\"position\":3,\"name\":\"PK Music Productions\",\"item\":\"https:\/\/www.patrick-koglin.com\/musik\/pk-music-productions\/\"},{\"@type\":\"ListItem\",\"position\":4,\"name\":\"Song (PKM)\",\"item\":\"https:\/\/www.patrick-koglin.com\/musik\/pk-music-productions\/song\/\"},{\"@type\":\"ListItem\",\"position\":5,\"name\":\"Traumfrau Ad\u00e9\"}]},{\"@type\":\"WebSite\",\"@id\":\"https:\/\/www.patrick-koglin.com\/#website\",\"url\":\"https:\/\/www.patrick-koglin.com\/\",\"name\":\"PK Coaching - Patrick Koglin Unternehmensgruppe\",\"description\":\"PK Coaching, Business-Design &amp; Development\",\"publisher\":{\"@id\":\"https:\/\/www.patrick-koglin.com\/#organization\"},\"potentialAction\":[{\"@type\":\"SearchAction\",\"target\":{\"@type\":\"EntryPoint\",\"urlTemplate\":\"https:\/\/www.patrick-koglin.com\/?s={search_term_string}\"},\"query-input\":{\"@type\":\"PropertyValueSpecification\",\"valueRequired\":true,\"valueName\":\"search_term_string\"}}],\"inLanguage\":\"en-US\"},{\"@type\":\"Organization\",\"@id\":\"https:\/\/www.patrick-koglin.com\/#organization\",\"name\":\"Patrick Koglin | CEO von PK Coaching\",\"url\":\"https:\/\/www.patrick-koglin.com\/\",\"logo\":{\"@type\":\"ImageObject\",\"inLanguage\":\"en-US\",\"@id\":\"https:\/\/www.patrick-koglin.com\/#\/schema\/logo\/image\/\",\"url\":\"https:\/\/www.patrick-koglin.com\/wp-content\/uploads\/2025\/07\/cropped-PK16.png\",\"contentUrl\":\"https:\/\/www.patrick-koglin.com\/wp-content\/uploads\/2025\/07\/cropped-PK16.png\",\"width\":619,\"height\":287,\"caption\":\"Patrick Koglin | CEO von PK Coaching\"},\"image\":{\"@id\":\"https:\/\/www.patrick-koglin.com\/#\/schema\/logo\/image\/\"},\"sameAs\":[\"https:\/\/www.facebook.com\/profile.php?id=61566852463657\"]}]}<\/script>\n<!-- \/ Yoast SEO plugin. -->","yoast_head_json":{"title":"Traumfrau Ad\u00e9 - Patrick Koglin","robots":{"index":"index","follow":"follow","max-snippet":"max-snippet:-1","max-image-preview":"max-image-preview:large","max-video-preview":"max-video-preview:-1"},"canonical":"https:\/\/www.patrick-koglin.com\/en\/musik\/pk-music-productions\/song\/traumfrau-ade\/","og_locale":"en_US","og_type":"article","og_title":"Traumfrau Ad\u00e9 - Patrick Koglin","og_description":"[Verse 1]Sie kam rein, ganz stillund nahm mir den Raumein Blick von ihr,und ich stand schon im Traum Ihr L\u00e4cheln hingan meinem Morgen festdoch ihre Schrittegingen viel zu schnell ins Nichts Ich hielt das Bild,als w\u00e4r es f\u00fcr immerdoch aus dem Gl\u00fcckwird oft nur ein Schimmer Zu nah f\u00fcr ein Wunder,zu kurz f\u00fcr ein Planich ... Read more","og_url":"https:\/\/www.patrick-koglin.com\/en\/musik\/pk-music-productions\/song\/traumfrau-ade\/","og_site_name":"Patrick Koglin","article_publisher":"https:\/\/www.facebook.com\/profile.php?id=61566852463657","article_modified_time":"2026-05-12T01:06:37+00:00","og_image":[{"width":1024,"height":1024,"url":"https:\/\/www.patrick-koglin.com\/wp-content\/uploads\/2026\/05\/image-46.png","type":"image\/png"}],"twitter_card":"summary_large_image","twitter_misc":{"Est. reading time":"3 minutes"},"schema":{"@context":"https:\/\/schema.org","@graph":[{"@type":"WebPage","@id":"https:\/\/www.patrick-koglin.com\/musik\/pk-music-productions\/song\/traumfrau-ade\/","url":"https:\/\/www.patrick-koglin.com\/musik\/pk-music-productions\/song\/traumfrau-ade\/","name":"Traumfrau Ad\u00e9 - Patrick Koglin","isPartOf":{"@id":"https:\/\/www.patrick-koglin.com\/#website"},"primaryImageOfPage":{"@id":"https:\/\/www.patrick-koglin.com\/musik\/pk-music-productions\/song\/traumfrau-ade\/#primaryimage"},"image":{"@id":"https:\/\/www.patrick-koglin.com\/musik\/pk-music-productions\/song\/traumfrau-ade\/#primaryimage"},"thumbnailUrl":"https:\/\/www.patrick-koglin.com\/wp-content\/uploads\/2026\/05\/image-46.png","datePublished":"2026-05-12T01:06:34+00:00","dateModified":"2026-05-12T01:06:37+00:00","breadcrumb":{"@id":"https:\/\/www.patrick-koglin.com\/musik\/pk-music-productions\/song\/traumfrau-ade\/#breadcrumb"},"inLanguage":"en-US","potentialAction":[{"@type":"ReadAction","target":["https:\/\/www.patrick-koglin.com\/musik\/pk-music-productions\/song\/traumfrau-ade\/"]}]},{"@type":"ImageObject","inLanguage":"en-US","@id":"https:\/\/www.patrick-koglin.com\/musik\/pk-music-productions\/song\/traumfrau-ade\/#primaryimage","url":"https:\/\/www.patrick-koglin.com\/wp-content\/uploads\/2026\/05\/image-46.png","contentUrl":"https:\/\/www.patrick-koglin.com\/wp-content\/uploads\/2026\/05\/image-46.png"},{"@type":"BreadcrumbList","@id":"https:\/\/www.patrick-koglin.com\/musik\/pk-music-productions\/song\/traumfrau-ade\/#breadcrumb","itemListElement":[{"@type":"ListItem","position":1,"name":"Startseite","item":"https:\/\/www.patrick-koglin.com\/"},{"@type":"ListItem","position":2,"name":"Musik","item":"https:\/\/www.patrick-koglin.com\/musik\/"},{"@type":"ListItem","position":3,"name":"PK Music Productions","item":"https:\/\/www.patrick-koglin.com\/musik\/pk-music-productions\/"},{"@type":"ListItem","position":4,"name":"Song (PKM)","item":"https:\/\/www.patrick-koglin.com\/musik\/pk-music-productions\/song\/"},{"@type":"ListItem","position":5,"name":"Traumfrau Ad\u00e9"}]},{"@type":"WebSite","@id":"https:\/\/www.patrick-koglin.com\/#website","url":"https:\/\/www.patrick-koglin.com\/","name":"PK Coaching - Patrick Koglin Unternehmensgruppe","description":"PK Coaching, Business-Design &amp; Development","publisher":{"@id":"https:\/\/www.patrick-koglin.com\/#organization"},"potentialAction":[{"@type":"SearchAction","target":{"@type":"EntryPoint","urlTemplate":"https:\/\/www.patrick-koglin.com\/?s={search_term_string}"},"query-input":{"@type":"PropertyValueSpecification","valueRequired":true,"valueName":"search_term_string"}}],"inLanguage":"en-US"},{"@type":"Organization","@id":"https:\/\/www.patrick-koglin.com\/#organization","name":"Patrick Koglin | CEO von PK Coaching","url":"https:\/\/www.patrick-koglin.com\/","logo":{"@type":"ImageObject","inLanguage":"en-US","@id":"https:\/\/www.patrick-koglin.com\/#\/schema\/logo\/image\/","url":"https:\/\/www.patrick-koglin.com\/wp-content\/uploads\/2025\/07\/cropped-PK16.png","contentUrl":"https:\/\/www.patrick-koglin.com\/wp-content\/uploads\/2025\/07\/cropped-PK16.png","width":619,"height":287,"caption":"Patrick Koglin | CEO von PK Coaching"},"image":{"@id":"https:\/\/www.patrick-koglin.com\/#\/schema\/logo\/image\/"},"sameAs":["https:\/\/www.facebook.com\/profile.php?id=61566852463657"]}]}},"_links":{"self":[{"href":"https:\/\/www.patrick-koglin.com\/en\/wp-json\/wp\/v2\/pages\/15434","targetHints":{"allow":["GET"]}}],"collection":[{"href":"https:\/\/www.patrick-koglin.com\/en\/wp-json\/wp\/v2\/pages"}],"about":[{"href":"https:\/\/www.patrick-koglin.com\/en\/wp-json\/wp\/v2\/types\/page"}],"author":[{"embeddable":true,"href":"https:\/\/www.patrick-koglin.com\/en\/wp-json\/wp\/v2\/users\/1"}],"replies":[{"embeddable":true,"href":"https:\/\/www.patrick-koglin.com\/en\/wp-json\/wp\/v2\/comments?post=15434"}],"version-history":[{"count":1,"href":"https:\/\/www.patrick-koglin.com\/en\/wp-json\/wp\/v2\/pages\/15434\/revisions"}],"predecessor-version":[{"id":15436,"href":"https:\/\/www.patrick-koglin.com\/en\/wp-json\/wp\/v2\/pages\/15434\/revisions\/15436"}],"up":[{"embeddable":true,"href":"https:\/\/www.patrick-koglin.com\/en\/wp-json\/wp\/v2\/pages\/15137"}],"wp:attachment":[{"href":"https:\/\/www.patrick-koglin.com\/en\/wp-json\/wp\/v2\/media?parent=15434"}],"curies":[{"name":"wp","href":"https:\/\/api.w.org\/{rel}","templated":true}]}}