{"id":15438,"date":"2026-05-12T03:08:00","date_gmt":"2026-05-12T01:08:00","guid":{"rendered":"https:\/\/www.patrick-koglin.com\/?page_id=15438"},"modified":"2026-05-12T03:08:03","modified_gmt":"2026-05-12T01:08:03","slug":"zu-viel-und-nicht-richtig","status":"publish","type":"page","link":"https:\/\/www.patrick-koglin.com\/en\/musik\/pk-music-productions\/song\/zu-viel-und-nicht-richtig\/","title":{"rendered":"Zu viel und nicht richtig"},"content":{"rendered":"\n<figure class=\"wp-block-image size-full is-resized\"><img fetchpriority=\"high\" decoding=\"async\" width=\"1024\" height=\"1024\" src=\"https:\/\/www.patrick-koglin.com\/wp-content\/uploads\/2026\/05\/image-47.png\" alt=\"\" class=\"wp-image-15439\" style=\"width:337px;height:auto\" srcset=\"https:\/\/www.patrick-koglin.com\/wp-content\/uploads\/2026\/05\/image-47.png 1024w, https:\/\/www.patrick-koglin.com\/wp-content\/uploads\/2026\/05\/image-47-300x300.png 300w, https:\/\/www.patrick-koglin.com\/wp-content\/uploads\/2026\/05\/image-47-150x150.png 150w, https:\/\/www.patrick-koglin.com\/wp-content\/uploads\/2026\/05\/image-47-768x768.png 768w, https:\/\/www.patrick-koglin.com\/wp-content\/uploads\/2026\/05\/image-47-12x12.png 12w\" sizes=\"(max-width: 1024px) 100vw, 1024px\" \/><\/figure>\n\n\n\n<p><\/p>\n\n\n\n<p>[Verse 1]<br>Du passt nie in ihre Schublade<br>weil du mehr bist als die Norm<br>zu laut f\u00fcr ihre Regeln<br>zu schlau f\u00fcr ihren Sturm<br>sie sagen: sei doch kleiner<br>doch du w\u00e4chst in jedem Blick<br>dein Kopf voll voller Funken<br>dein Herz schl\u00e4gt Takt f\u00fcr Takt<\/p>\n\n\n\n<p>[Pre-Chorus]<br>Nicht richtig, sagen sie<br>weil du anders lebst als sie<br>zu viel, sagen sie<br>doch genau das h\u00e4lt dich hier<\/p>\n\n\n\n<p>[Chorus]<br>Nicht richtig und zu viel<br>und trotzdem stehst du<br>Nicht richtig und zu viel<br>doch du gehst nicht zur\u00fcck<br>Nicht richtig und zu viel<br>das ist deine Kraft<br>Nicht richtig und zu viel<br>und genau das macht dich stark<\/p>\n\n\n\n<p>[Verse 2]<br>Ich seh die Narben unter Gold<br>und die Ruhe in dem L\u00e4rm<br>du tr\u00e4gst so viele Farben<br>doch sie wollen nur ein Stern<br>dein Blick durchbohrt die Fassade<br>dein Verstand macht keine Pause<br>du baust dir deine Stra\u00dfen<br>aus dem, was keiner braucht<br>und wenn sie dich verschieben<br>bleibst du mitten in dem Raum<br>weil dein Chaos voller Ordnung<br>ist ein Haus auf festem Grund<\/p>\n\n\n\n<p>[Pre-Chorus]<br>Nicht richtig, sagen sie<br>weil dein Licht nicht f\u00fcr sie passt<br>zu viel, sagen sie<br>doch genau das h\u00e4lt dich wach<\/p>\n\n\n\n<p>[Chorus]<br>Nicht richtig und zu viel<br>und trotzdem stehst du<br>Nicht richtig und zu viel<br>doch du gehst nicht zur\u00fcck<br>Nicht richtig und zu viel<br>das ist deine Kraft<br>Nicht richtig und zu viel<br>und genau das macht dich stark<\/p>\n\n\n\n<p>[Bridge]<br>F\u00fcr die, die man klein macht<br>weil sie nicht still genug sind<br>f\u00fcr die, die man falsch nennt<br>weil ihr Kopf weiter springt<br>f\u00fcr die mit dem Feuer<br>und dem Mut im Blick<br>ihr seid nicht zu viel<br>ihr seid der Blick nach vorn<\/p>\n\n\n\n<p>[Chorus]<br>Nicht richtig und zu viel<br>und trotzdem stehst du<br>Nicht richtig und zu viel<br>doch du gehst nicht zur\u00fcck<br>Nicht richtig und zu viel<br>das ist deine Kraft<br>Nicht richtig und zu viel<br>und genau das macht dich stark<\/p>\n\n\n\n<p><\/p>\n","protected":false},"excerpt":{"rendered":"<p>[Verse 1]Du passt nie in ihre Schubladeweil du mehr bist als die Normzu laut f\u00fcr ihre Regelnzu schlau f\u00fcr ihren Sturmsie sagen: sei doch kleinerdoch du w\u00e4chst in jedem Blickdein Kopf voll voller Funkendein Herz schl\u00e4gt Takt f\u00fcr Takt [Pre-Chorus]Nicht richtig, sagen sieweil du anders lebst als siezu viel, sagen siedoch genau das h\u00e4lt dich &#8230; <a title=\"Zu viel und nicht richtig\" class=\"read-more\" href=\"https:\/\/www.patrick-koglin.com\/en\/musik\/pk-music-productions\/song\/zu-viel-und-nicht-richtig\/\" aria-label=\"Read more about Zu viel und nicht richtig\">Read more<\/a><\/p>\n","protected":false},"author":1,"featured_media":0,"parent":15137,"menu_order":0,"comment_status":"closed","ping_status":"closed","template":"","meta":{"footnotes":""},"class_list":["post-15438","page","type-page","status-publish"],"yoast_head":"<!-- This site is optimized with the Yoast SEO plugin v25.8 - https:\/\/yoast.com\/wordpress\/plugins\/seo\/ -->\n<title>Zu viel und nicht richtig - Patrick Koglin<\/title>\n<meta name=\"robots\" content=\"index, follow, max-snippet:-1, max-image-preview:large, max-video-preview:-1\" \/>\n<link rel=\"canonical\" href=\"https:\/\/www.patrick-koglin.com\/en\/musik\/pk-music-productions\/song\/zu-viel-und-nicht-richtig\/\" \/>\n<meta property=\"og:locale\" content=\"en_US\" \/>\n<meta property=\"og:type\" content=\"article\" \/>\n<meta property=\"og:title\" content=\"Zu viel und nicht richtig - Patrick Koglin\" \/>\n<meta property=\"og:description\" content=\"[Verse 1]Du passt nie in ihre Schubladeweil du mehr bist als die Normzu laut f\u00fcr ihre Regelnzu schlau f\u00fcr ihren Sturmsie sagen: sei doch kleinerdoch du w\u00e4chst in jedem Blickdein Kopf voll voller Funkendein Herz schl\u00e4gt Takt f\u00fcr Takt [Pre-Chorus]Nicht richtig, sagen sieweil du anders lebst als siezu viel, sagen siedoch genau das h\u00e4lt dich ... Read more\" \/>\n<meta property=\"og:url\" content=\"https:\/\/www.patrick-koglin.com\/en\/musik\/pk-music-productions\/song\/zu-viel-und-nicht-richtig\/\" \/>\n<meta property=\"og:site_name\" content=\"Patrick Koglin\" \/>\n<meta property=\"article:publisher\" content=\"https:\/\/www.facebook.com\/profile.php?id=61566852463657\" \/>\n<meta property=\"article:modified_time\" content=\"2026-05-12T01:08:03+00:00\" \/>\n<meta property=\"og:image\" content=\"https:\/\/www.patrick-koglin.com\/wp-content\/uploads\/2026\/05\/image-47.png\" \/>\n\t<meta property=\"og:image:width\" content=\"1024\" \/>\n\t<meta property=\"og:image:height\" content=\"1024\" \/>\n\t<meta property=\"og:image:type\" content=\"image\/png\" \/>\n<meta name=\"twitter:card\" content=\"summary_large_image\" \/>\n<meta name=\"twitter:label1\" content=\"Est. reading time\" \/>\n\t<meta name=\"twitter:data1\" content=\"2 minutes\" \/>\n<script type=\"application\/ld+json\" class=\"yoast-schema-graph\">{\"@context\":\"https:\/\/schema.org\",\"@graph\":[{\"@type\":\"WebPage\",\"@id\":\"https:\/\/www.patrick-koglin.com\/musik\/pk-music-productions\/song\/zu-viel-und-nicht-richtig\/\",\"url\":\"https:\/\/www.patrick-koglin.com\/musik\/pk-music-productions\/song\/zu-viel-und-nicht-richtig\/\",\"name\":\"Zu viel und nicht richtig - Patrick Koglin\",\"isPartOf\":{\"@id\":\"https:\/\/www.patrick-koglin.com\/#website\"},\"primaryImageOfPage\":{\"@id\":\"https:\/\/www.patrick-koglin.com\/musik\/pk-music-productions\/song\/zu-viel-und-nicht-richtig\/#primaryimage\"},\"image\":{\"@id\":\"https:\/\/www.patrick-koglin.com\/musik\/pk-music-productions\/song\/zu-viel-und-nicht-richtig\/#primaryimage\"},\"thumbnailUrl\":\"https:\/\/www.patrick-koglin.com\/wp-content\/uploads\/2026\/05\/image-47.png\",\"datePublished\":\"2026-05-12T01:08:00+00:00\",\"dateModified\":\"2026-05-12T01:08:03+00:00\",\"breadcrumb\":{\"@id\":\"https:\/\/www.patrick-koglin.com\/musik\/pk-music-productions\/song\/zu-viel-und-nicht-richtig\/#breadcrumb\"},\"inLanguage\":\"en-US\",\"potentialAction\":[{\"@type\":\"ReadAction\",\"target\":[\"https:\/\/www.patrick-koglin.com\/musik\/pk-music-productions\/song\/zu-viel-und-nicht-richtig\/\"]}]},{\"@type\":\"ImageObject\",\"inLanguage\":\"en-US\",\"@id\":\"https:\/\/www.patrick-koglin.com\/musik\/pk-music-productions\/song\/zu-viel-und-nicht-richtig\/#primaryimage\",\"url\":\"https:\/\/www.patrick-koglin.com\/wp-content\/uploads\/2026\/05\/image-47.png\",\"contentUrl\":\"https:\/\/www.patrick-koglin.com\/wp-content\/uploads\/2026\/05\/image-47.png\"},{\"@type\":\"BreadcrumbList\",\"@id\":\"https:\/\/www.patrick-koglin.com\/musik\/pk-music-productions\/song\/zu-viel-und-nicht-richtig\/#breadcrumb\",\"itemListElement\":[{\"@type\":\"ListItem\",\"position\":1,\"name\":\"Startseite\",\"item\":\"https:\/\/www.patrick-koglin.com\/\"},{\"@type\":\"ListItem\",\"position\":2,\"name\":\"Musik\",\"item\":\"https:\/\/www.patrick-koglin.com\/musik\/\"},{\"@type\":\"ListItem\",\"position\":3,\"name\":\"PK Music Productions\",\"item\":\"https:\/\/www.patrick-koglin.com\/musik\/pk-music-productions\/\"},{\"@type\":\"ListItem\",\"position\":4,\"name\":\"Song (PKM)\",\"item\":\"https:\/\/www.patrick-koglin.com\/musik\/pk-music-productions\/song\/\"},{\"@type\":\"ListItem\",\"position\":5,\"name\":\"Zu viel und nicht richtig\"}]},{\"@type\":\"WebSite\",\"@id\":\"https:\/\/www.patrick-koglin.com\/#website\",\"url\":\"https:\/\/www.patrick-koglin.com\/\",\"name\":\"PK Coaching - Patrick Koglin Unternehmensgruppe\",\"description\":\"PK Coaching, Business-Design &amp; Development\",\"publisher\":{\"@id\":\"https:\/\/www.patrick-koglin.com\/#organization\"},\"potentialAction\":[{\"@type\":\"SearchAction\",\"target\":{\"@type\":\"EntryPoint\",\"urlTemplate\":\"https:\/\/www.patrick-koglin.com\/?s={search_term_string}\"},\"query-input\":{\"@type\":\"PropertyValueSpecification\",\"valueRequired\":true,\"valueName\":\"search_term_string\"}}],\"inLanguage\":\"en-US\"},{\"@type\":\"Organization\",\"@id\":\"https:\/\/www.patrick-koglin.com\/#organization\",\"name\":\"Patrick Koglin | CEO von PK Coaching\",\"url\":\"https:\/\/www.patrick-koglin.com\/\",\"logo\":{\"@type\":\"ImageObject\",\"inLanguage\":\"en-US\",\"@id\":\"https:\/\/www.patrick-koglin.com\/#\/schema\/logo\/image\/\",\"url\":\"https:\/\/www.patrick-koglin.com\/wp-content\/uploads\/2025\/07\/cropped-PK16.png\",\"contentUrl\":\"https:\/\/www.patrick-koglin.com\/wp-content\/uploads\/2025\/07\/cropped-PK16.png\",\"width\":619,\"height\":287,\"caption\":\"Patrick Koglin | CEO von PK Coaching\"},\"image\":{\"@id\":\"https:\/\/www.patrick-koglin.com\/#\/schema\/logo\/image\/\"},\"sameAs\":[\"https:\/\/www.facebook.com\/profile.php?id=61566852463657\"]}]}<\/script>\n<!-- \/ Yoast SEO plugin. -->","yoast_head_json":{"title":"Zu viel und nicht richtig - Patrick Koglin","robots":{"index":"index","follow":"follow","max-snippet":"max-snippet:-1","max-image-preview":"max-image-preview:large","max-video-preview":"max-video-preview:-1"},"canonical":"https:\/\/www.patrick-koglin.com\/en\/musik\/pk-music-productions\/song\/zu-viel-und-nicht-richtig\/","og_locale":"en_US","og_type":"article","og_title":"Zu viel und nicht richtig - Patrick Koglin","og_description":"[Verse 1]Du passt nie in ihre Schubladeweil du mehr bist als die Normzu laut f\u00fcr ihre Regelnzu schlau f\u00fcr ihren Sturmsie sagen: sei doch kleinerdoch du w\u00e4chst in jedem Blickdein Kopf voll voller Funkendein Herz schl\u00e4gt Takt f\u00fcr Takt [Pre-Chorus]Nicht richtig, sagen sieweil du anders lebst als siezu viel, sagen siedoch genau das h\u00e4lt dich ... Read more","og_url":"https:\/\/www.patrick-koglin.com\/en\/musik\/pk-music-productions\/song\/zu-viel-und-nicht-richtig\/","og_site_name":"Patrick Koglin","article_publisher":"https:\/\/www.facebook.com\/profile.php?id=61566852463657","article_modified_time":"2026-05-12T01:08:03+00:00","og_image":[{"width":1024,"height":1024,"url":"https:\/\/www.patrick-koglin.com\/wp-content\/uploads\/2026\/05\/image-47.png","type":"image\/png"}],"twitter_card":"summary_large_image","twitter_misc":{"Est. reading time":"2 minutes"},"schema":{"@context":"https:\/\/schema.org","@graph":[{"@type":"WebPage","@id":"https:\/\/www.patrick-koglin.com\/musik\/pk-music-productions\/song\/zu-viel-und-nicht-richtig\/","url":"https:\/\/www.patrick-koglin.com\/musik\/pk-music-productions\/song\/zu-viel-und-nicht-richtig\/","name":"Zu viel und nicht richtig - Patrick Koglin","isPartOf":{"@id":"https:\/\/www.patrick-koglin.com\/#website"},"primaryImageOfPage":{"@id":"https:\/\/www.patrick-koglin.com\/musik\/pk-music-productions\/song\/zu-viel-und-nicht-richtig\/#primaryimage"},"image":{"@id":"https:\/\/www.patrick-koglin.com\/musik\/pk-music-productions\/song\/zu-viel-und-nicht-richtig\/#primaryimage"},"thumbnailUrl":"https:\/\/www.patrick-koglin.com\/wp-content\/uploads\/2026\/05\/image-47.png","datePublished":"2026-05-12T01:08:00+00:00","dateModified":"2026-05-12T01:08:03+00:00","breadcrumb":{"@id":"https:\/\/www.patrick-koglin.com\/musik\/pk-music-productions\/song\/zu-viel-und-nicht-richtig\/#breadcrumb"},"inLanguage":"en-US","potentialAction":[{"@type":"ReadAction","target":["https:\/\/www.patrick-koglin.com\/musik\/pk-music-productions\/song\/zu-viel-und-nicht-richtig\/"]}]},{"@type":"ImageObject","inLanguage":"en-US","@id":"https:\/\/www.patrick-koglin.com\/musik\/pk-music-productions\/song\/zu-viel-und-nicht-richtig\/#primaryimage","url":"https:\/\/www.patrick-koglin.com\/wp-content\/uploads\/2026\/05\/image-47.png","contentUrl":"https:\/\/www.patrick-koglin.com\/wp-content\/uploads\/2026\/05\/image-47.png"},{"@type":"BreadcrumbList","@id":"https:\/\/www.patrick-koglin.com\/musik\/pk-music-productions\/song\/zu-viel-und-nicht-richtig\/#breadcrumb","itemListElement":[{"@type":"ListItem","position":1,"name":"Startseite","item":"https:\/\/www.patrick-koglin.com\/"},{"@type":"ListItem","position":2,"name":"Musik","item":"https:\/\/www.patrick-koglin.com\/musik\/"},{"@type":"ListItem","position":3,"name":"PK Music Productions","item":"https:\/\/www.patrick-koglin.com\/musik\/pk-music-productions\/"},{"@type":"ListItem","position":4,"name":"Song (PKM)","item":"https:\/\/www.patrick-koglin.com\/musik\/pk-music-productions\/song\/"},{"@type":"ListItem","position":5,"name":"Zu viel und nicht richtig"}]},{"@type":"WebSite","@id":"https:\/\/www.patrick-koglin.com\/#website","url":"https:\/\/www.patrick-koglin.com\/","name":"PK Coaching - Patrick Koglin Unternehmensgruppe","description":"PK Coaching, Business-Design &amp; Development","publisher":{"@id":"https:\/\/www.patrick-koglin.com\/#organization"},"potentialAction":[{"@type":"SearchAction","target":{"@type":"EntryPoint","urlTemplate":"https:\/\/www.patrick-koglin.com\/?s={search_term_string}"},"query-input":{"@type":"PropertyValueSpecification","valueRequired":true,"valueName":"search_term_string"}}],"inLanguage":"en-US"},{"@type":"Organization","@id":"https:\/\/www.patrick-koglin.com\/#organization","name":"Patrick Koglin | CEO von PK Coaching","url":"https:\/\/www.patrick-koglin.com\/","logo":{"@type":"ImageObject","inLanguage":"en-US","@id":"https:\/\/www.patrick-koglin.com\/#\/schema\/logo\/image\/","url":"https:\/\/www.patrick-koglin.com\/wp-content\/uploads\/2025\/07\/cropped-PK16.png","contentUrl":"https:\/\/www.patrick-koglin.com\/wp-content\/uploads\/2025\/07\/cropped-PK16.png","width":619,"height":287,"caption":"Patrick Koglin | CEO von PK Coaching"},"image":{"@id":"https:\/\/www.patrick-koglin.com\/#\/schema\/logo\/image\/"},"sameAs":["https:\/\/www.facebook.com\/profile.php?id=61566852463657"]}]}},"_links":{"self":[{"href":"https:\/\/www.patrick-koglin.com\/en\/wp-json\/wp\/v2\/pages\/15438","targetHints":{"allow":["GET"]}}],"collection":[{"href":"https:\/\/www.patrick-koglin.com\/en\/wp-json\/wp\/v2\/pages"}],"about":[{"href":"https:\/\/www.patrick-koglin.com\/en\/wp-json\/wp\/v2\/types\/page"}],"author":[{"embeddable":true,"href":"https:\/\/www.patrick-koglin.com\/en\/wp-json\/wp\/v2\/users\/1"}],"replies":[{"embeddable":true,"href":"https:\/\/www.patrick-koglin.com\/en\/wp-json\/wp\/v2\/comments?post=15438"}],"version-history":[{"count":1,"href":"https:\/\/www.patrick-koglin.com\/en\/wp-json\/wp\/v2\/pages\/15438\/revisions"}],"predecessor-version":[{"id":15440,"href":"https:\/\/www.patrick-koglin.com\/en\/wp-json\/wp\/v2\/pages\/15438\/revisions\/15440"}],"up":[{"embeddable":true,"href":"https:\/\/www.patrick-koglin.com\/en\/wp-json\/wp\/v2\/pages\/15137"}],"wp:attachment":[{"href":"https:\/\/www.patrick-koglin.com\/en\/wp-json\/wp\/v2\/media?parent=15438"}],"curies":[{"name":"wp","href":"https:\/\/api.w.org\/{rel}","templated":true}]}}