{"id":15442,"date":"2026-05-12T03:11:20","date_gmt":"2026-05-12T01:11:20","guid":{"rendered":"https:\/\/www.patrick-koglin.com\/?page_id=15442"},"modified":"2026-05-12T03:11:22","modified_gmt":"2026-05-12T01:11:22","slug":"zeit-verpulvert","status":"publish","type":"page","link":"https:\/\/www.patrick-koglin.com\/en\/musik\/pk-music-productions\/song\/zeit-verpulvert\/","title":{"rendered":"Zeit verpulvert"},"content":{"rendered":"\n<figure class=\"wp-block-image is-resized\"><img decoding=\"async\" src=\"https:\/\/cdn2.suno.ai\/image_large_0c05f9e6-9eb1-42b7-b6f0-eeb7e051d926.jpeg\" alt=\"Song Cover Image\" style=\"width:326px;height:auto\"\/><\/figure>\n\n\n\n<p><\/p>\n\n\n\n<h2 class=\"wp-block-heading\">Songtext<\/h2>\n\n\n\n<p>[Verse 1]<br>Du redest von Wandel, doch bleibst in der Spur,<br>ziehst Karten und Kreise und nennst das Struktur.<br>Dein Coaching im Raum, doch der Blick bleibt leer,<br>du kaufst dir nur Worte, doch du lernst nicht mehr.<\/p>\n\n\n\n<p>Jede Kritik prallt ab, wie Regen am Blech,<br>du nennst es &#8222;Entwicklung&#8220;, doch meinst nur dein Recht.<br>Und wenn einer was sagt, kommt direkt deine Mauer,<br>aus Angst vor dem Spiegel wirst du immer nur lauer.<\/p>\n\n\n\n<p>Du zahlst f\u00fcr den Satz, dass du bald schon erwachst,<br>doch vergrabst deine Zeit in dem Loch, das du machst.<br>Immer neuer Anfang, nie wirklich ein Schnitt,<br>und am Ende nimmst du nur denselben Mist mit.<\/p>\n\n\n\n<p>[Pre-Chorus]<br>Du willst Heilung, doch greifst nach dem alten Gift,<br>tief drin wei\u00dft du genau, was dich immer wieder trifft.<br>Die Uhr l\u00e4uft weiter, und du schaust nur zu,<br>bis dein eigenes Muster dich auffrisst im Nu.<\/p>\n\n\n\n<p>[Chorus]<br>Zeit verpulvert, Zeit verpulvert<br>du drehst dich im Kreis, bis nichts mehr \u00fcbrig ist<br>Zeit verpulvert, Zeit verpulvert<br>weil du vor der Wahrheit viel zu lange fliehst<br>Zeit verpulvert, Zeit verpulvert<br>und jeder Applaus macht die Leere nur laut<br>Zeit verpulvert, Zeit verpulvert<br>bis du merkst, dass dir keiner dein Leben klaut<\/p>\n\n\n\n<p>[Verse 2]<br>Du sitzt in dem Kreis und du nickst nur mit,<br>doch innerlich kocht da derselbe alte Schiss.<br>Lieber sch\u00f6n reden als einmal konkret,<br>lieber neue Methode, statt dass wirklich was geht.<\/p>\n\n\n\n<p>Du nimmst dir die Zeit, doch du gibst ihr nichts zur\u00fcck,<br>jeder kleine Impuls, nur ein halbes St\u00fcck Gl\u00fcck.<br>Und wenn Kritik kommt, wird sie weich geb\u00fcgelt,<br>damit dein Bild von dir weiter geschniegelt aussieht.<\/p>\n\n\n\n<p>Doch Muster sind Schlingen, und Schlingen zieh&#8217;n fest,<br>wenn du sie f\u00fctterst, machen sie keinen Rest.<br>Dein Kalender voll, doch dein Herz bleibt blank,<br>und dein Wille wird klein auf der Wartelistenbank.<\/p>\n\n\n\n<p>[Pre-Chorus]<br>Du willst Heilung, doch greifst nach dem alten Gift,<br>tief drin wei\u00dft du genau, was dich immer wieder trifft.<br>Die Uhr l\u00e4uft weiter, und du schaust nur zu,<br>bis dein eigenes Muster dich auffrisst im Nu.<\/p>\n\n\n\n<p>[Chorus]<br>Zeit verpulvert, Zeit verpulvert<br>du drehst dich im Kreis, bis nichts mehr \u00fcbrig ist<br>Zeit verpulvert, Zeit verpulvert<br>weil du vor der Wahrheit viel zu lange fliehst<br>Zeit verpulvert, Zeit verpulvert<br>und jeder Applaus macht die Leere nur laut<br>Zeit verpulvert, Zeit verpulvert<br>bis du merkst, dass dir keiner dein Leben klaut<\/p>\n\n\n\n<p>[Bridge]<br>Wenn du wirklich h\u00f6rst, dann tut&#8217;s erstmal weh,<br>doch genau da beginnt, was ich endlich versteh.<br>Nicht noch mehr Gerede, nicht noch mehr Show,<br>nur ein klarer Blick auf dein eigenes Loch.<\/p>\n\n\n\n<p>[Final Chorus]<br>Zeit verpulvert, Zeit verpulvert<br>du drehst dich im Kreis, bis nichts mehr \u00fcbrig ist<br>Zeit verpulvert, Zeit verpulvert<br>weil du vor der Wahrheit viel zu lange fliehst<br>Zeit verpulvert, Zeit verpulvert<br>und jeder Applaus macht die Leere nur laut<br>Zeit verpulvert, Zeit verpulvert<br>bis du merkst, dass dir keiner dein Leben klaut<\/p>\n","protected":false},"excerpt":{"rendered":"<p>Songtext [Verse 1]Du redest von Wandel, doch bleibst in der Spur,ziehst Karten und Kreise und nennst das Struktur.Dein Coaching im Raum, doch der Blick bleibt leer,du kaufst dir nur Worte, doch du lernst nicht mehr. Jede Kritik prallt ab, wie Regen am Blech,du nennst es &#8222;Entwicklung&#8220;, doch meinst nur dein Recht.Und wenn einer was sagt, &#8230; <a title=\"Zeit verpulvert\" class=\"read-more\" href=\"https:\/\/www.patrick-koglin.com\/en\/musik\/pk-music-productions\/song\/zeit-verpulvert\/\" aria-label=\"Read more about Zeit verpulvert\">Read more<\/a><\/p>\n","protected":false},"author":1,"featured_media":0,"parent":15137,"menu_order":0,"comment_status":"closed","ping_status":"closed","template":"","meta":{"footnotes":""},"class_list":["post-15442","page","type-page","status-publish"],"yoast_head":"<!-- This site is optimized with the Yoast SEO plugin v25.8 - https:\/\/yoast.com\/wordpress\/plugins\/seo\/ -->\n<title>Zeit verpulvert - Patrick Koglin<\/title>\n<meta name=\"robots\" content=\"index, follow, max-snippet:-1, max-image-preview:large, max-video-preview:-1\" \/>\n<link rel=\"canonical\" href=\"https:\/\/www.patrick-koglin.com\/en\/musik\/pk-music-productions\/song\/zeit-verpulvert\/\" \/>\n<meta property=\"og:locale\" content=\"en_US\" \/>\n<meta property=\"og:type\" content=\"article\" \/>\n<meta property=\"og:title\" content=\"Zeit verpulvert - Patrick Koglin\" \/>\n<meta property=\"og:description\" content=\"Songtext [Verse 1]Du redest von Wandel, doch bleibst in der Spur,ziehst Karten und Kreise und nennst das Struktur.Dein Coaching im Raum, doch der Blick bleibt leer,du kaufst dir nur Worte, doch du lernst nicht mehr. Jede Kritik prallt ab, wie Regen am Blech,du nennst es &#8222;Entwicklung&#8220;, doch meinst nur dein Recht.Und wenn einer was sagt, ... Read more\" \/>\n<meta property=\"og:url\" content=\"https:\/\/www.patrick-koglin.com\/en\/musik\/pk-music-productions\/song\/zeit-verpulvert\/\" \/>\n<meta property=\"og:site_name\" content=\"Patrick Koglin\" \/>\n<meta property=\"article:publisher\" content=\"https:\/\/www.facebook.com\/profile.php?id=61566852463657\" \/>\n<meta property=\"article:modified_time\" content=\"2026-05-12T01:11:22+00:00\" \/>\n<meta property=\"og:image\" content=\"https:\/\/cdn2.suno.ai\/image_large_0c05f9e6-9eb1-42b7-b6f0-eeb7e051d926.jpeg\" \/>\n<meta name=\"twitter:card\" content=\"summary_large_image\" \/>\n<meta name=\"twitter:label1\" content=\"Est. reading time\" \/>\n\t<meta name=\"twitter:data1\" content=\"3 minutes\" \/>\n<script type=\"application\/ld+json\" class=\"yoast-schema-graph\">{\"@context\":\"https:\/\/schema.org\",\"@graph\":[{\"@type\":\"WebPage\",\"@id\":\"https:\/\/www.patrick-koglin.com\/musik\/pk-music-productions\/song\/zeit-verpulvert\/\",\"url\":\"https:\/\/www.patrick-koglin.com\/musik\/pk-music-productions\/song\/zeit-verpulvert\/\",\"name\":\"Zeit verpulvert - Patrick Koglin\",\"isPartOf\":{\"@id\":\"https:\/\/www.patrick-koglin.com\/#website\"},\"primaryImageOfPage\":{\"@id\":\"https:\/\/www.patrick-koglin.com\/musik\/pk-music-productions\/song\/zeit-verpulvert\/#primaryimage\"},\"image\":{\"@id\":\"https:\/\/www.patrick-koglin.com\/musik\/pk-music-productions\/song\/zeit-verpulvert\/#primaryimage\"},\"thumbnailUrl\":\"https:\/\/cdn2.suno.ai\/image_large_0c05f9e6-9eb1-42b7-b6f0-eeb7e051d926.jpeg\",\"datePublished\":\"2026-05-12T01:11:20+00:00\",\"dateModified\":\"2026-05-12T01:11:22+00:00\",\"breadcrumb\":{\"@id\":\"https:\/\/www.patrick-koglin.com\/musik\/pk-music-productions\/song\/zeit-verpulvert\/#breadcrumb\"},\"inLanguage\":\"en-US\",\"potentialAction\":[{\"@type\":\"ReadAction\",\"target\":[\"https:\/\/www.patrick-koglin.com\/musik\/pk-music-productions\/song\/zeit-verpulvert\/\"]}]},{\"@type\":\"ImageObject\",\"inLanguage\":\"en-US\",\"@id\":\"https:\/\/www.patrick-koglin.com\/musik\/pk-music-productions\/song\/zeit-verpulvert\/#primaryimage\",\"url\":\"https:\/\/cdn2.suno.ai\/image_large_0c05f9e6-9eb1-42b7-b6f0-eeb7e051d926.jpeg\",\"contentUrl\":\"https:\/\/cdn2.suno.ai\/image_large_0c05f9e6-9eb1-42b7-b6f0-eeb7e051d926.jpeg\"},{\"@type\":\"BreadcrumbList\",\"@id\":\"https:\/\/www.patrick-koglin.com\/musik\/pk-music-productions\/song\/zeit-verpulvert\/#breadcrumb\",\"itemListElement\":[{\"@type\":\"ListItem\",\"position\":1,\"name\":\"Startseite\",\"item\":\"https:\/\/www.patrick-koglin.com\/\"},{\"@type\":\"ListItem\",\"position\":2,\"name\":\"Musik\",\"item\":\"https:\/\/www.patrick-koglin.com\/musik\/\"},{\"@type\":\"ListItem\",\"position\":3,\"name\":\"PK Music Productions\",\"item\":\"https:\/\/www.patrick-koglin.com\/musik\/pk-music-productions\/\"},{\"@type\":\"ListItem\",\"position\":4,\"name\":\"Song (PKM)\",\"item\":\"https:\/\/www.patrick-koglin.com\/musik\/pk-music-productions\/song\/\"},{\"@type\":\"ListItem\",\"position\":5,\"name\":\"Zeit verpulvert\"}]},{\"@type\":\"WebSite\",\"@id\":\"https:\/\/www.patrick-koglin.com\/#website\",\"url\":\"https:\/\/www.patrick-koglin.com\/\",\"name\":\"PK Coaching - Patrick Koglin Unternehmensgruppe\",\"description\":\"PK Coaching, Business-Design &amp; Development\",\"publisher\":{\"@id\":\"https:\/\/www.patrick-koglin.com\/#organization\"},\"potentialAction\":[{\"@type\":\"SearchAction\",\"target\":{\"@type\":\"EntryPoint\",\"urlTemplate\":\"https:\/\/www.patrick-koglin.com\/?s={search_term_string}\"},\"query-input\":{\"@type\":\"PropertyValueSpecification\",\"valueRequired\":true,\"valueName\":\"search_term_string\"}}],\"inLanguage\":\"en-US\"},{\"@type\":\"Organization\",\"@id\":\"https:\/\/www.patrick-koglin.com\/#organization\",\"name\":\"Patrick Koglin | CEO von PK Coaching\",\"url\":\"https:\/\/www.patrick-koglin.com\/\",\"logo\":{\"@type\":\"ImageObject\",\"inLanguage\":\"en-US\",\"@id\":\"https:\/\/www.patrick-koglin.com\/#\/schema\/logo\/image\/\",\"url\":\"https:\/\/www.patrick-koglin.com\/wp-content\/uploads\/2025\/07\/cropped-PK16.png\",\"contentUrl\":\"https:\/\/www.patrick-koglin.com\/wp-content\/uploads\/2025\/07\/cropped-PK16.png\",\"width\":619,\"height\":287,\"caption\":\"Patrick Koglin | CEO von PK Coaching\"},\"image\":{\"@id\":\"https:\/\/www.patrick-koglin.com\/#\/schema\/logo\/image\/\"},\"sameAs\":[\"https:\/\/www.facebook.com\/profile.php?id=61566852463657\"]}]}<\/script>\n<!-- \/ Yoast SEO plugin. -->","yoast_head_json":{"title":"Zeit verpulvert - Patrick Koglin","robots":{"index":"index","follow":"follow","max-snippet":"max-snippet:-1","max-image-preview":"max-image-preview:large","max-video-preview":"max-video-preview:-1"},"canonical":"https:\/\/www.patrick-koglin.com\/en\/musik\/pk-music-productions\/song\/zeit-verpulvert\/","og_locale":"en_US","og_type":"article","og_title":"Zeit verpulvert - Patrick Koglin","og_description":"Songtext [Verse 1]Du redest von Wandel, doch bleibst in der Spur,ziehst Karten und Kreise und nennst das Struktur.Dein Coaching im Raum, doch der Blick bleibt leer,du kaufst dir nur Worte, doch du lernst nicht mehr. Jede Kritik prallt ab, wie Regen am Blech,du nennst es &#8222;Entwicklung&#8220;, doch meinst nur dein Recht.Und wenn einer was sagt, ... Read more","og_url":"https:\/\/www.patrick-koglin.com\/en\/musik\/pk-music-productions\/song\/zeit-verpulvert\/","og_site_name":"Patrick Koglin","article_publisher":"https:\/\/www.facebook.com\/profile.php?id=61566852463657","article_modified_time":"2026-05-12T01:11:22+00:00","og_image":[{"url":"https:\/\/cdn2.suno.ai\/image_large_0c05f9e6-9eb1-42b7-b6f0-eeb7e051d926.jpeg","type":"","width":"","height":""}],"twitter_card":"summary_large_image","twitter_misc":{"Est. reading time":"3 minutes"},"schema":{"@context":"https:\/\/schema.org","@graph":[{"@type":"WebPage","@id":"https:\/\/www.patrick-koglin.com\/musik\/pk-music-productions\/song\/zeit-verpulvert\/","url":"https:\/\/www.patrick-koglin.com\/musik\/pk-music-productions\/song\/zeit-verpulvert\/","name":"Zeit verpulvert - Patrick Koglin","isPartOf":{"@id":"https:\/\/www.patrick-koglin.com\/#website"},"primaryImageOfPage":{"@id":"https:\/\/www.patrick-koglin.com\/musik\/pk-music-productions\/song\/zeit-verpulvert\/#primaryimage"},"image":{"@id":"https:\/\/www.patrick-koglin.com\/musik\/pk-music-productions\/song\/zeit-verpulvert\/#primaryimage"},"thumbnailUrl":"https:\/\/cdn2.suno.ai\/image_large_0c05f9e6-9eb1-42b7-b6f0-eeb7e051d926.jpeg","datePublished":"2026-05-12T01:11:20+00:00","dateModified":"2026-05-12T01:11:22+00:00","breadcrumb":{"@id":"https:\/\/www.patrick-koglin.com\/musik\/pk-music-productions\/song\/zeit-verpulvert\/#breadcrumb"},"inLanguage":"en-US","potentialAction":[{"@type":"ReadAction","target":["https:\/\/www.patrick-koglin.com\/musik\/pk-music-productions\/song\/zeit-verpulvert\/"]}]},{"@type":"ImageObject","inLanguage":"en-US","@id":"https:\/\/www.patrick-koglin.com\/musik\/pk-music-productions\/song\/zeit-verpulvert\/#primaryimage","url":"https:\/\/cdn2.suno.ai\/image_large_0c05f9e6-9eb1-42b7-b6f0-eeb7e051d926.jpeg","contentUrl":"https:\/\/cdn2.suno.ai\/image_large_0c05f9e6-9eb1-42b7-b6f0-eeb7e051d926.jpeg"},{"@type":"BreadcrumbList","@id":"https:\/\/www.patrick-koglin.com\/musik\/pk-music-productions\/song\/zeit-verpulvert\/#breadcrumb","itemListElement":[{"@type":"ListItem","position":1,"name":"Startseite","item":"https:\/\/www.patrick-koglin.com\/"},{"@type":"ListItem","position":2,"name":"Musik","item":"https:\/\/www.patrick-koglin.com\/musik\/"},{"@type":"ListItem","position":3,"name":"PK Music Productions","item":"https:\/\/www.patrick-koglin.com\/musik\/pk-music-productions\/"},{"@type":"ListItem","position":4,"name":"Song (PKM)","item":"https:\/\/www.patrick-koglin.com\/musik\/pk-music-productions\/song\/"},{"@type":"ListItem","position":5,"name":"Zeit verpulvert"}]},{"@type":"WebSite","@id":"https:\/\/www.patrick-koglin.com\/#website","url":"https:\/\/www.patrick-koglin.com\/","name":"PK Coaching - Patrick Koglin Unternehmensgruppe","description":"PK Coaching, Business-Design &amp; Development","publisher":{"@id":"https:\/\/www.patrick-koglin.com\/#organization"},"potentialAction":[{"@type":"SearchAction","target":{"@type":"EntryPoint","urlTemplate":"https:\/\/www.patrick-koglin.com\/?s={search_term_string}"},"query-input":{"@type":"PropertyValueSpecification","valueRequired":true,"valueName":"search_term_string"}}],"inLanguage":"en-US"},{"@type":"Organization","@id":"https:\/\/www.patrick-koglin.com\/#organization","name":"Patrick Koglin | CEO von PK Coaching","url":"https:\/\/www.patrick-koglin.com\/","logo":{"@type":"ImageObject","inLanguage":"en-US","@id":"https:\/\/www.patrick-koglin.com\/#\/schema\/logo\/image\/","url":"https:\/\/www.patrick-koglin.com\/wp-content\/uploads\/2025\/07\/cropped-PK16.png","contentUrl":"https:\/\/www.patrick-koglin.com\/wp-content\/uploads\/2025\/07\/cropped-PK16.png","width":619,"height":287,"caption":"Patrick Koglin | CEO von PK Coaching"},"image":{"@id":"https:\/\/www.patrick-koglin.com\/#\/schema\/logo\/image\/"},"sameAs":["https:\/\/www.facebook.com\/profile.php?id=61566852463657"]}]}},"_links":{"self":[{"href":"https:\/\/www.patrick-koglin.com\/en\/wp-json\/wp\/v2\/pages\/15442","targetHints":{"allow":["GET"]}}],"collection":[{"href":"https:\/\/www.patrick-koglin.com\/en\/wp-json\/wp\/v2\/pages"}],"about":[{"href":"https:\/\/www.patrick-koglin.com\/en\/wp-json\/wp\/v2\/types\/page"}],"author":[{"embeddable":true,"href":"https:\/\/www.patrick-koglin.com\/en\/wp-json\/wp\/v2\/users\/1"}],"replies":[{"embeddable":true,"href":"https:\/\/www.patrick-koglin.com\/en\/wp-json\/wp\/v2\/comments?post=15442"}],"version-history":[{"count":1,"href":"https:\/\/www.patrick-koglin.com\/en\/wp-json\/wp\/v2\/pages\/15442\/revisions"}],"predecessor-version":[{"id":15443,"href":"https:\/\/www.patrick-koglin.com\/en\/wp-json\/wp\/v2\/pages\/15442\/revisions\/15443"}],"up":[{"embeddable":true,"href":"https:\/\/www.patrick-koglin.com\/en\/wp-json\/wp\/v2\/pages\/15137"}],"wp:attachment":[{"href":"https:\/\/www.patrick-koglin.com\/en\/wp-json\/wp\/v2\/media?parent=15442"}],"curies":[{"name":"wp","href":"https:\/\/api.w.org\/{rel}","templated":true}]}}