{"id":15445,"date":"2026-05-12T03:32:47","date_gmt":"2026-05-12T01:32:47","guid":{"rendered":"https:\/\/www.patrick-koglin.com\/?page_id=15445"},"modified":"2026-05-12T03:32:49","modified_gmt":"2026-05-12T01:32:49","slug":"puls-der-gedanken","status":"publish","type":"page","link":"https:\/\/www.patrick-koglin.com\/en\/musik\/pk-music-productions\/song\/puls-der-gedanken\/","title":{"rendered":"Puls der Gedanken"},"content":{"rendered":"\n<figure class=\"wp-block-image size-full is-resized\"><img fetchpriority=\"high\" decoding=\"async\" width=\"1024\" height=\"1024\" src=\"https:\/\/www.patrick-koglin.com\/wp-content\/uploads\/2026\/05\/image-48.png\" alt=\"\" class=\"wp-image-15448\" style=\"width:281px;height:auto\" srcset=\"https:\/\/www.patrick-koglin.com\/wp-content\/uploads\/2026\/05\/image-48.png 1024w, https:\/\/www.patrick-koglin.com\/wp-content\/uploads\/2026\/05\/image-48-300x300.png 300w, https:\/\/www.patrick-koglin.com\/wp-content\/uploads\/2026\/05\/image-48-150x150.png 150w, https:\/\/www.patrick-koglin.com\/wp-content\/uploads\/2026\/05\/image-48-768x768.png 768w, https:\/\/www.patrick-koglin.com\/wp-content\/uploads\/2026\/05\/image-48-12x12.png 12w\" sizes=\"(max-width: 1024px) 100vw, 1024px\" \/><\/figure>\n\n\n\n<p><\/p>\n\n\n\n<p>[Verse 1]<br>Dein Blick zieht Kreise<br>in mein stilles Zimmer<br>Gedanken werden Schwerter<br>doch ich w\u00e4hle immer<\/p>\n\n\n\n<p>Ich bau aus Worten Br\u00fccken<br>\u00fcber jedes Nein<br>was innen klar gedacht wird<br>zieht ins Leben rein<\/p>\n\n\n\n<p>Die H\u00e4nde bleiben offen<br>der Kopf bleibt hell<br>aus einem kleinen Funken<br>wird mein ganzes Feld<\/p>\n\n\n\n<p>[Pre-Chorus]<br>Wenn ich mich sammel<br>wird der Sturm ganz klein<br>ein sanfter Satz im Innern<br>kann ein K\u00f6nig sein<\/p>\n\n\n\n<p>[Chorus]<br>Meine Gedanken sind Macht<br>zieh sie n\u00e4her heran<br>Meine Gedanken sind Macht<br>und ich glaub daran<\/p>\n\n\n\n<p>Meine Gedanken sind Macht<br>mach aus Zweifel ein Bild<br>Meine Gedanken sind Macht<br>bis mein Herz es erf\u00fcllt<\/p>\n\n\n\n<p>[Verse 2]<br>Ich trag den Morgen leise<br>wie ein Feuerkranz<br>mit goldenen Linien<br>und neuem Tanz<\/p>\n\n\n\n<p>Ein tiefer Ton im Raum<br>wie ein ferner Wind<br>der meinen Namen ruft<br>weil wir verbunden sind<\/p>\n\n\n\n<p>Und in der Luft ein Glanz<br>so weich, so klar<br>als ob die ganze Welt sagt<br>du bist schon da<\/p>\n\n\n\n<p>[Pre-Chorus]<br>Wenn ich mich sammel<br>wird der Sturm ganz klein<br>ein sanfter Satz im Innern<br>kann ein K\u00f6nig sein<\/p>\n\n\n\n<p>[Chorus]<br>Meine Gedanken sind Macht<br>zieh sie n\u00e4her heran<br>Meine Gedanken sind Macht<br>und ich glaub daran<\/p>\n\n\n\n<p>Meine Gedanken sind Macht<br>mach aus Zweifel ein Bild<br>Meine Gedanken sind Macht<br>bis mein Herz es erf\u00fcllt<\/p>\n\n\n\n<p>[Bridge]<br>PK Music Productions<br>fl\u00fcstert nah an mein Ohr<br>und der Raum wird weiter<br>als je zuvor<\/p>\n\n\n\n<p>Ein fremder Morgen tanzt<br>mit Bambus und Sand<br>und der Dudelsack ruft<br>durch mein offenes Land<\/p>\n\n\n\n<p>[Chorus]<br>Meine Gedanken sind Macht<br>zieh sie n\u00e4her heran<br>Meine Gedanken sind Macht<br>und ich glaub daran<\/p>\n\n\n\n<p>Meine Gedanken sind Macht<br>mach aus Zweifel ein Bild<br>Meine Gedanken sind Macht<br>bis mein Herz es erf\u00fcllt<\/p>\n","protected":false},"excerpt":{"rendered":"<p>[Verse 1]Dein Blick zieht Kreisein mein stilles ZimmerGedanken werden Schwerterdoch ich w\u00e4hle immer Ich bau aus Worten Br\u00fccken\u00fcber jedes Neinwas innen klar gedacht wirdzieht ins Leben rein Die H\u00e4nde bleiben offender Kopf bleibt hellaus einem kleinen Funkenwird mein ganzes Feld [Pre-Chorus]Wenn ich mich sammelwird der Sturm ganz kleinein sanfter Satz im Innernkann ein K\u00f6nig sein &#8230; <a title=\"Puls der Gedanken\" class=\"read-more\" href=\"https:\/\/www.patrick-koglin.com\/en\/musik\/pk-music-productions\/song\/puls-der-gedanken\/\" aria-label=\"Read more about Puls der Gedanken\">Read more<\/a><\/p>\n","protected":false},"author":1,"featured_media":0,"parent":15137,"menu_order":0,"comment_status":"closed","ping_status":"closed","template":"","meta":{"footnotes":""},"class_list":["post-15445","page","type-page","status-publish"],"yoast_head":"<!-- This site is optimized with the Yoast SEO plugin v25.8 - https:\/\/yoast.com\/wordpress\/plugins\/seo\/ -->\n<title>Puls der Gedanken - Patrick Koglin<\/title>\n<meta name=\"robots\" content=\"index, follow, max-snippet:-1, max-image-preview:large, max-video-preview:-1\" \/>\n<link rel=\"canonical\" href=\"https:\/\/www.patrick-koglin.com\/en\/musik\/pk-music-productions\/song\/puls-der-gedanken\/\" \/>\n<meta property=\"og:locale\" content=\"en_US\" \/>\n<meta property=\"og:type\" content=\"article\" \/>\n<meta property=\"og:title\" content=\"Puls der Gedanken - Patrick Koglin\" \/>\n<meta property=\"og:description\" content=\"[Verse 1]Dein Blick zieht Kreisein mein stilles ZimmerGedanken werden Schwerterdoch ich w\u00e4hle immer Ich bau aus Worten Br\u00fccken\u00fcber jedes Neinwas innen klar gedacht wirdzieht ins Leben rein Die H\u00e4nde bleiben offender Kopf bleibt hellaus einem kleinen Funkenwird mein ganzes Feld [Pre-Chorus]Wenn ich mich sammelwird der Sturm ganz kleinein sanfter Satz im Innernkann ein K\u00f6nig sein ... Read more\" \/>\n<meta property=\"og:url\" content=\"https:\/\/www.patrick-koglin.com\/en\/musik\/pk-music-productions\/song\/puls-der-gedanken\/\" \/>\n<meta property=\"og:site_name\" content=\"Patrick Koglin\" \/>\n<meta property=\"article:publisher\" content=\"https:\/\/www.facebook.com\/profile.php?id=61566852463657\" \/>\n<meta property=\"article:modified_time\" content=\"2026-05-12T01:32:49+00:00\" \/>\n<meta property=\"og:image\" content=\"https:\/\/www.patrick-koglin.com\/wp-content\/uploads\/2026\/05\/image-48.png\" \/>\n\t<meta property=\"og:image:width\" content=\"1024\" \/>\n\t<meta property=\"og:image:height\" content=\"1024\" \/>\n\t<meta property=\"og:image:type\" content=\"image\/png\" \/>\n<meta name=\"twitter:card\" content=\"summary_large_image\" \/>\n<meta name=\"twitter:label1\" content=\"Est. reading time\" \/>\n\t<meta name=\"twitter:data1\" content=\"2 minutes\" \/>\n<script type=\"application\/ld+json\" class=\"yoast-schema-graph\">{\"@context\":\"https:\/\/schema.org\",\"@graph\":[{\"@type\":\"WebPage\",\"@id\":\"https:\/\/www.patrick-koglin.com\/musik\/pk-music-productions\/song\/puls-der-gedanken\/\",\"url\":\"https:\/\/www.patrick-koglin.com\/musik\/pk-music-productions\/song\/puls-der-gedanken\/\",\"name\":\"Puls der Gedanken - Patrick Koglin\",\"isPartOf\":{\"@id\":\"https:\/\/www.patrick-koglin.com\/#website\"},\"primaryImageOfPage\":{\"@id\":\"https:\/\/www.patrick-koglin.com\/musik\/pk-music-productions\/song\/puls-der-gedanken\/#primaryimage\"},\"image\":{\"@id\":\"https:\/\/www.patrick-koglin.com\/musik\/pk-music-productions\/song\/puls-der-gedanken\/#primaryimage\"},\"thumbnailUrl\":\"https:\/\/www.patrick-koglin.com\/wp-content\/uploads\/2026\/05\/image-48.png\",\"datePublished\":\"2026-05-12T01:32:47+00:00\",\"dateModified\":\"2026-05-12T01:32:49+00:00\",\"breadcrumb\":{\"@id\":\"https:\/\/www.patrick-koglin.com\/musik\/pk-music-productions\/song\/puls-der-gedanken\/#breadcrumb\"},\"inLanguage\":\"en-US\",\"potentialAction\":[{\"@type\":\"ReadAction\",\"target\":[\"https:\/\/www.patrick-koglin.com\/musik\/pk-music-productions\/song\/puls-der-gedanken\/\"]}]},{\"@type\":\"ImageObject\",\"inLanguage\":\"en-US\",\"@id\":\"https:\/\/www.patrick-koglin.com\/musik\/pk-music-productions\/song\/puls-der-gedanken\/#primaryimage\",\"url\":\"https:\/\/www.patrick-koglin.com\/wp-content\/uploads\/2026\/05\/image-48.png\",\"contentUrl\":\"https:\/\/www.patrick-koglin.com\/wp-content\/uploads\/2026\/05\/image-48.png\"},{\"@type\":\"BreadcrumbList\",\"@id\":\"https:\/\/www.patrick-koglin.com\/musik\/pk-music-productions\/song\/puls-der-gedanken\/#breadcrumb\",\"itemListElement\":[{\"@type\":\"ListItem\",\"position\":1,\"name\":\"Startseite\",\"item\":\"https:\/\/www.patrick-koglin.com\/\"},{\"@type\":\"ListItem\",\"position\":2,\"name\":\"Musik\",\"item\":\"https:\/\/www.patrick-koglin.com\/musik\/\"},{\"@type\":\"ListItem\",\"position\":3,\"name\":\"PK Music Productions\",\"item\":\"https:\/\/www.patrick-koglin.com\/musik\/pk-music-productions\/\"},{\"@type\":\"ListItem\",\"position\":4,\"name\":\"Song (PKM)\",\"item\":\"https:\/\/www.patrick-koglin.com\/musik\/pk-music-productions\/song\/\"},{\"@type\":\"ListItem\",\"position\":5,\"name\":\"Puls der Gedanken\"}]},{\"@type\":\"WebSite\",\"@id\":\"https:\/\/www.patrick-koglin.com\/#website\",\"url\":\"https:\/\/www.patrick-koglin.com\/\",\"name\":\"PK Coaching - Patrick Koglin Unternehmensgruppe\",\"description\":\"PK Coaching, Business-Design &amp; Development\",\"publisher\":{\"@id\":\"https:\/\/www.patrick-koglin.com\/#organization\"},\"potentialAction\":[{\"@type\":\"SearchAction\",\"target\":{\"@type\":\"EntryPoint\",\"urlTemplate\":\"https:\/\/www.patrick-koglin.com\/?s={search_term_string}\"},\"query-input\":{\"@type\":\"PropertyValueSpecification\",\"valueRequired\":true,\"valueName\":\"search_term_string\"}}],\"inLanguage\":\"en-US\"},{\"@type\":\"Organization\",\"@id\":\"https:\/\/www.patrick-koglin.com\/#organization\",\"name\":\"Patrick Koglin | CEO von PK Coaching\",\"url\":\"https:\/\/www.patrick-koglin.com\/\",\"logo\":{\"@type\":\"ImageObject\",\"inLanguage\":\"en-US\",\"@id\":\"https:\/\/www.patrick-koglin.com\/#\/schema\/logo\/image\/\",\"url\":\"https:\/\/www.patrick-koglin.com\/wp-content\/uploads\/2025\/07\/cropped-PK16.png\",\"contentUrl\":\"https:\/\/www.patrick-koglin.com\/wp-content\/uploads\/2025\/07\/cropped-PK16.png\",\"width\":619,\"height\":287,\"caption\":\"Patrick Koglin | CEO von PK Coaching\"},\"image\":{\"@id\":\"https:\/\/www.patrick-koglin.com\/#\/schema\/logo\/image\/\"},\"sameAs\":[\"https:\/\/www.facebook.com\/profile.php?id=61566852463657\"]}]}<\/script>\n<!-- \/ Yoast SEO plugin. -->","yoast_head_json":{"title":"Puls der Gedanken - Patrick Koglin","robots":{"index":"index","follow":"follow","max-snippet":"max-snippet:-1","max-image-preview":"max-image-preview:large","max-video-preview":"max-video-preview:-1"},"canonical":"https:\/\/www.patrick-koglin.com\/en\/musik\/pk-music-productions\/song\/puls-der-gedanken\/","og_locale":"en_US","og_type":"article","og_title":"Puls der Gedanken - Patrick Koglin","og_description":"[Verse 1]Dein Blick zieht Kreisein mein stilles ZimmerGedanken werden Schwerterdoch ich w\u00e4hle immer Ich bau aus Worten Br\u00fccken\u00fcber jedes Neinwas innen klar gedacht wirdzieht ins Leben rein Die H\u00e4nde bleiben offender Kopf bleibt hellaus einem kleinen Funkenwird mein ganzes Feld [Pre-Chorus]Wenn ich mich sammelwird der Sturm ganz kleinein sanfter Satz im Innernkann ein K\u00f6nig sein ... Read more","og_url":"https:\/\/www.patrick-koglin.com\/en\/musik\/pk-music-productions\/song\/puls-der-gedanken\/","og_site_name":"Patrick Koglin","article_publisher":"https:\/\/www.facebook.com\/profile.php?id=61566852463657","article_modified_time":"2026-05-12T01:32:49+00:00","og_image":[{"width":1024,"height":1024,"url":"https:\/\/www.patrick-koglin.com\/wp-content\/uploads\/2026\/05\/image-48.png","type":"image\/png"}],"twitter_card":"summary_large_image","twitter_misc":{"Est. reading time":"2 minutes"},"schema":{"@context":"https:\/\/schema.org","@graph":[{"@type":"WebPage","@id":"https:\/\/www.patrick-koglin.com\/musik\/pk-music-productions\/song\/puls-der-gedanken\/","url":"https:\/\/www.patrick-koglin.com\/musik\/pk-music-productions\/song\/puls-der-gedanken\/","name":"Puls der Gedanken - Patrick Koglin","isPartOf":{"@id":"https:\/\/www.patrick-koglin.com\/#website"},"primaryImageOfPage":{"@id":"https:\/\/www.patrick-koglin.com\/musik\/pk-music-productions\/song\/puls-der-gedanken\/#primaryimage"},"image":{"@id":"https:\/\/www.patrick-koglin.com\/musik\/pk-music-productions\/song\/puls-der-gedanken\/#primaryimage"},"thumbnailUrl":"https:\/\/www.patrick-koglin.com\/wp-content\/uploads\/2026\/05\/image-48.png","datePublished":"2026-05-12T01:32:47+00:00","dateModified":"2026-05-12T01:32:49+00:00","breadcrumb":{"@id":"https:\/\/www.patrick-koglin.com\/musik\/pk-music-productions\/song\/puls-der-gedanken\/#breadcrumb"},"inLanguage":"en-US","potentialAction":[{"@type":"ReadAction","target":["https:\/\/www.patrick-koglin.com\/musik\/pk-music-productions\/song\/puls-der-gedanken\/"]}]},{"@type":"ImageObject","inLanguage":"en-US","@id":"https:\/\/www.patrick-koglin.com\/musik\/pk-music-productions\/song\/puls-der-gedanken\/#primaryimage","url":"https:\/\/www.patrick-koglin.com\/wp-content\/uploads\/2026\/05\/image-48.png","contentUrl":"https:\/\/www.patrick-koglin.com\/wp-content\/uploads\/2026\/05\/image-48.png"},{"@type":"BreadcrumbList","@id":"https:\/\/www.patrick-koglin.com\/musik\/pk-music-productions\/song\/puls-der-gedanken\/#breadcrumb","itemListElement":[{"@type":"ListItem","position":1,"name":"Startseite","item":"https:\/\/www.patrick-koglin.com\/"},{"@type":"ListItem","position":2,"name":"Musik","item":"https:\/\/www.patrick-koglin.com\/musik\/"},{"@type":"ListItem","position":3,"name":"PK Music Productions","item":"https:\/\/www.patrick-koglin.com\/musik\/pk-music-productions\/"},{"@type":"ListItem","position":4,"name":"Song (PKM)","item":"https:\/\/www.patrick-koglin.com\/musik\/pk-music-productions\/song\/"},{"@type":"ListItem","position":5,"name":"Puls der Gedanken"}]},{"@type":"WebSite","@id":"https:\/\/www.patrick-koglin.com\/#website","url":"https:\/\/www.patrick-koglin.com\/","name":"PK Coaching - Patrick Koglin Unternehmensgruppe","description":"PK Coaching, Business-Design &amp; Development","publisher":{"@id":"https:\/\/www.patrick-koglin.com\/#organization"},"potentialAction":[{"@type":"SearchAction","target":{"@type":"EntryPoint","urlTemplate":"https:\/\/www.patrick-koglin.com\/?s={search_term_string}"},"query-input":{"@type":"PropertyValueSpecification","valueRequired":true,"valueName":"search_term_string"}}],"inLanguage":"en-US"},{"@type":"Organization","@id":"https:\/\/www.patrick-koglin.com\/#organization","name":"Patrick Koglin | CEO von PK Coaching","url":"https:\/\/www.patrick-koglin.com\/","logo":{"@type":"ImageObject","inLanguage":"en-US","@id":"https:\/\/www.patrick-koglin.com\/#\/schema\/logo\/image\/","url":"https:\/\/www.patrick-koglin.com\/wp-content\/uploads\/2025\/07\/cropped-PK16.png","contentUrl":"https:\/\/www.patrick-koglin.com\/wp-content\/uploads\/2025\/07\/cropped-PK16.png","width":619,"height":287,"caption":"Patrick Koglin | CEO von PK Coaching"},"image":{"@id":"https:\/\/www.patrick-koglin.com\/#\/schema\/logo\/image\/"},"sameAs":["https:\/\/www.facebook.com\/profile.php?id=61566852463657"]}]}},"_links":{"self":[{"href":"https:\/\/www.patrick-koglin.com\/en\/wp-json\/wp\/v2\/pages\/15445","targetHints":{"allow":["GET"]}}],"collection":[{"href":"https:\/\/www.patrick-koglin.com\/en\/wp-json\/wp\/v2\/pages"}],"about":[{"href":"https:\/\/www.patrick-koglin.com\/en\/wp-json\/wp\/v2\/types\/page"}],"author":[{"embeddable":true,"href":"https:\/\/www.patrick-koglin.com\/en\/wp-json\/wp\/v2\/users\/1"}],"replies":[{"embeddable":true,"href":"https:\/\/www.patrick-koglin.com\/en\/wp-json\/wp\/v2\/comments?post=15445"}],"version-history":[{"count":1,"href":"https:\/\/www.patrick-koglin.com\/en\/wp-json\/wp\/v2\/pages\/15445\/revisions"}],"predecessor-version":[{"id":15449,"href":"https:\/\/www.patrick-koglin.com\/en\/wp-json\/wp\/v2\/pages\/15445\/revisions\/15449"}],"up":[{"embeddable":true,"href":"https:\/\/www.patrick-koglin.com\/en\/wp-json\/wp\/v2\/pages\/15137"}],"wp:attachment":[{"href":"https:\/\/www.patrick-koglin.com\/en\/wp-json\/wp\/v2\/media?parent=15445"}],"curies":[{"name":"wp","href":"https:\/\/api.w.org\/{rel}","templated":true}]}}