{"id":15450,"date":"2026-05-12T03:37:04","date_gmt":"2026-05-12T01:37:04","guid":{"rendered":"https:\/\/www.patrick-koglin.com\/?page_id=15450"},"modified":"2026-05-12T03:37:08","modified_gmt":"2026-05-12T01:37:08","slug":"beats-fuer-die-broetchen","status":"publish","type":"page","link":"https:\/\/www.patrick-koglin.com\/en\/musik\/pk-music-productions\/song\/beats-fuer-die-broetchen\/","title":{"rendered":"Beats f\u00fcr die Br\u00f6tchen"},"content":{"rendered":"\n<figure class=\"wp-block-image size-full is-resized\"><img fetchpriority=\"high\" decoding=\"async\" width=\"1024\" height=\"1024\" src=\"https:\/\/www.patrick-koglin.com\/wp-content\/uploads\/2026\/05\/image-49.png\" alt=\"\" class=\"wp-image-15451\" style=\"width:421px;height:auto\" srcset=\"https:\/\/www.patrick-koglin.com\/wp-content\/uploads\/2026\/05\/image-49.png 1024w, https:\/\/www.patrick-koglin.com\/wp-content\/uploads\/2026\/05\/image-49-300x300.png 300w, https:\/\/www.patrick-koglin.com\/wp-content\/uploads\/2026\/05\/image-49-150x150.png 150w, https:\/\/www.patrick-koglin.com\/wp-content\/uploads\/2026\/05\/image-49-768x768.png 768w, https:\/\/www.patrick-koglin.com\/wp-content\/uploads\/2026\/05\/image-49-12x12.png 12w\" sizes=\"(max-width: 1024px) 100vw, 1024px\" \/><\/figure>\n\n\n\n<p><\/p>\n\n\n\n<p>[Verse 1]<br>Morgens auf, Augen noch schwer<br>Doch der Duft zieht schon quer durch den Raum<br>Br\u00f6tchen auf dem Brett, warm und rund<br>Und die erste Tasse macht mich wach und schlau<\/p>\n\n\n\n<p>Butter gl\u00e4nzt wie Gold auf dem Rand<br>Marmelade klebt an den Mundwinkeln fest<br>Ich nehm&#8216; noch ein St\u00fcck, ganz ohne Stress<br>Weil der kleine Genuss mich so leben l\u00e4sst<\/p>\n\n\n\n<p>[Pre-Chorus]<br>Kaffee in der Hand<br>Und der Tag wird leicht<br>Ein Biss, ein Schluck<br>Und alles hier reicht<\/p>\n\n\n\n<p>[Chorus]<br>Beats f\u00fcr die Br\u00f6tchen<br>Kaffee f\u00fcr den Kick<br>Beats f\u00fcr die Br\u00f6tchen<br>Und der Morgen macht Klick<br>(Beats f\u00fcr die Br\u00f6tchen)<br>(Kaffee f\u00fcr den Kick)<br>Die kleinen Dinge hier<br>Sind mein Lieblingsblick<\/p>\n\n\n\n<p>[Verse 2]<br>K\u00e4se auf dem Teller, Apfel ganz frisch<br>Und ein Ei mit Pfeffer, perfekt getroffen<br>Der L\u00f6ffel klirrt kurz, ich l\u00e4chle dazu<br>Lass den L\u00e4rm da drau\u00dfen einfach versanden<\/p>\n\n\n\n<p>Kein gro\u00dfes Programm, nur mein Ritual<br>Ein ruhiger Moment vor dem schnellen Lauf<br>Wenn der Becher dampft und das Br\u00f6tchen knackt<br>Dann baut sich mein Tag von alleine auf<\/p>\n\n\n\n<p>[Pre-Chorus]<br>Kaffee in der Hand<br>Und der Tag wird leicht<br>Ein Biss, ein Schluck<br>Und alles hier reicht<\/p>\n\n\n\n<p>[Chorus]<br>Beats f\u00fcr die Br\u00f6tchen<br>Kaffee f\u00fcr den Kick<br>Beats f\u00fcr die Br\u00f6tchen<br>Und der Morgen macht Klick<br>(Beats f\u00fcr die Br\u00f6tchen)<br>(Kaffee f\u00fcr den Kick)<br>Die kleinen Dinge hier<br>Sind mein Lieblingsblick<\/p>\n\n\n\n<p>[Bridge]<br>Ich brauch nicht viel, nur diesen Start<br>Kr\u00fcmel auf dem Tisch, Herz wird warm<br>Einfach sitzen, einfach sein<br>Und der Alltag f\u00e4llt mir weniger schwer<\/p>\n\n\n\n<p>[Chorus]<br>Beats f\u00fcr die Br\u00f6tchen<br>Kaffee f\u00fcr den Kick<br>Beats f\u00fcr die Br\u00f6tchen<br>Und der Morgen macht Klick<br>(Beats f\u00fcr die Br\u00f6tchen)<br>(Kaffee f\u00fcr den Kick)<br>Die kleinen Dinge hier<br>Sind mein Lieblingsblick<\/p>\n","protected":false},"excerpt":{"rendered":"<p>[Verse 1]Morgens auf, Augen noch schwerDoch der Duft zieht schon quer durch den RaumBr\u00f6tchen auf dem Brett, warm und rundUnd die erste Tasse macht mich wach und schlau Butter gl\u00e4nzt wie Gold auf dem RandMarmelade klebt an den Mundwinkeln festIch nehm&#8216; noch ein St\u00fcck, ganz ohne StressWeil der kleine Genuss mich so leben l\u00e4sst [Pre-Chorus]Kaffee &#8230; <a title=\"Beats f\u00fcr die Br\u00f6tchen\" class=\"read-more\" href=\"https:\/\/www.patrick-koglin.com\/en\/musik\/pk-music-productions\/song\/beats-fuer-die-broetchen\/\" aria-label=\"Read more about Beats f\u00fcr die Br\u00f6tchen\">Read more<\/a><\/p>\n","protected":false},"author":1,"featured_media":0,"parent":15137,"menu_order":0,"comment_status":"closed","ping_status":"closed","template":"","meta":{"footnotes":""},"class_list":["post-15450","page","type-page","status-publish"],"yoast_head":"<!-- This site is optimized with the Yoast SEO plugin v25.8 - https:\/\/yoast.com\/wordpress\/plugins\/seo\/ -->\n<title>Beats f\u00fcr die Br\u00f6tchen - Patrick Koglin<\/title>\n<meta name=\"robots\" content=\"index, follow, max-snippet:-1, max-image-preview:large, max-video-preview:-1\" \/>\n<link rel=\"canonical\" href=\"https:\/\/www.patrick-koglin.com\/en\/musik\/pk-music-productions\/song\/beats-fuer-die-broetchen\/\" \/>\n<meta property=\"og:locale\" content=\"en_US\" \/>\n<meta property=\"og:type\" content=\"article\" \/>\n<meta property=\"og:title\" content=\"Beats f\u00fcr die Br\u00f6tchen - Patrick Koglin\" \/>\n<meta property=\"og:description\" content=\"[Verse 1]Morgens auf, Augen noch schwerDoch der Duft zieht schon quer durch den RaumBr\u00f6tchen auf dem Brett, warm und rundUnd die erste Tasse macht mich wach und schlau Butter gl\u00e4nzt wie Gold auf dem RandMarmelade klebt an den Mundwinkeln festIch nehm&#8216; noch ein St\u00fcck, ganz ohne StressWeil der kleine Genuss mich so leben l\u00e4sst [Pre-Chorus]Kaffee ... Read more\" \/>\n<meta property=\"og:url\" content=\"https:\/\/www.patrick-koglin.com\/en\/musik\/pk-music-productions\/song\/beats-fuer-die-broetchen\/\" \/>\n<meta property=\"og:site_name\" content=\"Patrick Koglin\" \/>\n<meta property=\"article:publisher\" content=\"https:\/\/www.facebook.com\/profile.php?id=61566852463657\" \/>\n<meta property=\"article:modified_time\" content=\"2026-05-12T01:37:08+00:00\" \/>\n<meta property=\"og:image\" content=\"https:\/\/www.patrick-koglin.com\/wp-content\/uploads\/2026\/05\/image-49.png\" \/>\n\t<meta property=\"og:image:width\" content=\"1024\" \/>\n\t<meta property=\"og:image:height\" content=\"1024\" \/>\n\t<meta property=\"og:image:type\" content=\"image\/png\" \/>\n<meta name=\"twitter:card\" content=\"summary_large_image\" \/>\n<meta name=\"twitter:label1\" content=\"Est. reading time\" \/>\n\t<meta name=\"twitter:data1\" content=\"2 minutes\" \/>\n<script type=\"application\/ld+json\" class=\"yoast-schema-graph\">{\"@context\":\"https:\/\/schema.org\",\"@graph\":[{\"@type\":\"WebPage\",\"@id\":\"https:\/\/www.patrick-koglin.com\/musik\/pk-music-productions\/song\/beats-fuer-die-broetchen\/\",\"url\":\"https:\/\/www.patrick-koglin.com\/musik\/pk-music-productions\/song\/beats-fuer-die-broetchen\/\",\"name\":\"Beats f\u00fcr die Br\u00f6tchen - Patrick Koglin\",\"isPartOf\":{\"@id\":\"https:\/\/www.patrick-koglin.com\/#website\"},\"primaryImageOfPage\":{\"@id\":\"https:\/\/www.patrick-koglin.com\/musik\/pk-music-productions\/song\/beats-fuer-die-broetchen\/#primaryimage\"},\"image\":{\"@id\":\"https:\/\/www.patrick-koglin.com\/musik\/pk-music-productions\/song\/beats-fuer-die-broetchen\/#primaryimage\"},\"thumbnailUrl\":\"https:\/\/www.patrick-koglin.com\/wp-content\/uploads\/2026\/05\/image-49.png\",\"datePublished\":\"2026-05-12T01:37:04+00:00\",\"dateModified\":\"2026-05-12T01:37:08+00:00\",\"breadcrumb\":{\"@id\":\"https:\/\/www.patrick-koglin.com\/musik\/pk-music-productions\/song\/beats-fuer-die-broetchen\/#breadcrumb\"},\"inLanguage\":\"en-US\",\"potentialAction\":[{\"@type\":\"ReadAction\",\"target\":[\"https:\/\/www.patrick-koglin.com\/musik\/pk-music-productions\/song\/beats-fuer-die-broetchen\/\"]}]},{\"@type\":\"ImageObject\",\"inLanguage\":\"en-US\",\"@id\":\"https:\/\/www.patrick-koglin.com\/musik\/pk-music-productions\/song\/beats-fuer-die-broetchen\/#primaryimage\",\"url\":\"https:\/\/www.patrick-koglin.com\/wp-content\/uploads\/2026\/05\/image-49.png\",\"contentUrl\":\"https:\/\/www.patrick-koglin.com\/wp-content\/uploads\/2026\/05\/image-49.png\"},{\"@type\":\"BreadcrumbList\",\"@id\":\"https:\/\/www.patrick-koglin.com\/musik\/pk-music-productions\/song\/beats-fuer-die-broetchen\/#breadcrumb\",\"itemListElement\":[{\"@type\":\"ListItem\",\"position\":1,\"name\":\"Startseite\",\"item\":\"https:\/\/www.patrick-koglin.com\/\"},{\"@type\":\"ListItem\",\"position\":2,\"name\":\"Musik\",\"item\":\"https:\/\/www.patrick-koglin.com\/musik\/\"},{\"@type\":\"ListItem\",\"position\":3,\"name\":\"PK Music Productions\",\"item\":\"https:\/\/www.patrick-koglin.com\/musik\/pk-music-productions\/\"},{\"@type\":\"ListItem\",\"position\":4,\"name\":\"Song (PKM)\",\"item\":\"https:\/\/www.patrick-koglin.com\/musik\/pk-music-productions\/song\/\"},{\"@type\":\"ListItem\",\"position\":5,\"name\":\"Beats f\u00fcr die Br\u00f6tchen\"}]},{\"@type\":\"WebSite\",\"@id\":\"https:\/\/www.patrick-koglin.com\/#website\",\"url\":\"https:\/\/www.patrick-koglin.com\/\",\"name\":\"PK Coaching - Patrick Koglin Unternehmensgruppe\",\"description\":\"PK Coaching, Business-Design &amp; Development\",\"publisher\":{\"@id\":\"https:\/\/www.patrick-koglin.com\/#organization\"},\"potentialAction\":[{\"@type\":\"SearchAction\",\"target\":{\"@type\":\"EntryPoint\",\"urlTemplate\":\"https:\/\/www.patrick-koglin.com\/?s={search_term_string}\"},\"query-input\":{\"@type\":\"PropertyValueSpecification\",\"valueRequired\":true,\"valueName\":\"search_term_string\"}}],\"inLanguage\":\"en-US\"},{\"@type\":\"Organization\",\"@id\":\"https:\/\/www.patrick-koglin.com\/#organization\",\"name\":\"Patrick Koglin | CEO von PK Coaching\",\"url\":\"https:\/\/www.patrick-koglin.com\/\",\"logo\":{\"@type\":\"ImageObject\",\"inLanguage\":\"en-US\",\"@id\":\"https:\/\/www.patrick-koglin.com\/#\/schema\/logo\/image\/\",\"url\":\"https:\/\/www.patrick-koglin.com\/wp-content\/uploads\/2025\/07\/cropped-PK16.png\",\"contentUrl\":\"https:\/\/www.patrick-koglin.com\/wp-content\/uploads\/2025\/07\/cropped-PK16.png\",\"width\":619,\"height\":287,\"caption\":\"Patrick Koglin | CEO von PK Coaching\"},\"image\":{\"@id\":\"https:\/\/www.patrick-koglin.com\/#\/schema\/logo\/image\/\"},\"sameAs\":[\"https:\/\/www.facebook.com\/profile.php?id=61566852463657\"]}]}<\/script>\n<!-- \/ Yoast SEO plugin. -->","yoast_head_json":{"title":"Beats f\u00fcr die Br\u00f6tchen - Patrick Koglin","robots":{"index":"index","follow":"follow","max-snippet":"max-snippet:-1","max-image-preview":"max-image-preview:large","max-video-preview":"max-video-preview:-1"},"canonical":"https:\/\/www.patrick-koglin.com\/en\/musik\/pk-music-productions\/song\/beats-fuer-die-broetchen\/","og_locale":"en_US","og_type":"article","og_title":"Beats f\u00fcr die Br\u00f6tchen - Patrick Koglin","og_description":"[Verse 1]Morgens auf, Augen noch schwerDoch der Duft zieht schon quer durch den RaumBr\u00f6tchen auf dem Brett, warm und rundUnd die erste Tasse macht mich wach und schlau Butter gl\u00e4nzt wie Gold auf dem RandMarmelade klebt an den Mundwinkeln festIch nehm&#8216; noch ein St\u00fcck, ganz ohne StressWeil der kleine Genuss mich so leben l\u00e4sst [Pre-Chorus]Kaffee ... Read more","og_url":"https:\/\/www.patrick-koglin.com\/en\/musik\/pk-music-productions\/song\/beats-fuer-die-broetchen\/","og_site_name":"Patrick Koglin","article_publisher":"https:\/\/www.facebook.com\/profile.php?id=61566852463657","article_modified_time":"2026-05-12T01:37:08+00:00","og_image":[{"width":1024,"height":1024,"url":"https:\/\/www.patrick-koglin.com\/wp-content\/uploads\/2026\/05\/image-49.png","type":"image\/png"}],"twitter_card":"summary_large_image","twitter_misc":{"Est. reading time":"2 minutes"},"schema":{"@context":"https:\/\/schema.org","@graph":[{"@type":"WebPage","@id":"https:\/\/www.patrick-koglin.com\/musik\/pk-music-productions\/song\/beats-fuer-die-broetchen\/","url":"https:\/\/www.patrick-koglin.com\/musik\/pk-music-productions\/song\/beats-fuer-die-broetchen\/","name":"Beats f\u00fcr die Br\u00f6tchen - Patrick Koglin","isPartOf":{"@id":"https:\/\/www.patrick-koglin.com\/#website"},"primaryImageOfPage":{"@id":"https:\/\/www.patrick-koglin.com\/musik\/pk-music-productions\/song\/beats-fuer-die-broetchen\/#primaryimage"},"image":{"@id":"https:\/\/www.patrick-koglin.com\/musik\/pk-music-productions\/song\/beats-fuer-die-broetchen\/#primaryimage"},"thumbnailUrl":"https:\/\/www.patrick-koglin.com\/wp-content\/uploads\/2026\/05\/image-49.png","datePublished":"2026-05-12T01:37:04+00:00","dateModified":"2026-05-12T01:37:08+00:00","breadcrumb":{"@id":"https:\/\/www.patrick-koglin.com\/musik\/pk-music-productions\/song\/beats-fuer-die-broetchen\/#breadcrumb"},"inLanguage":"en-US","potentialAction":[{"@type":"ReadAction","target":["https:\/\/www.patrick-koglin.com\/musik\/pk-music-productions\/song\/beats-fuer-die-broetchen\/"]}]},{"@type":"ImageObject","inLanguage":"en-US","@id":"https:\/\/www.patrick-koglin.com\/musik\/pk-music-productions\/song\/beats-fuer-die-broetchen\/#primaryimage","url":"https:\/\/www.patrick-koglin.com\/wp-content\/uploads\/2026\/05\/image-49.png","contentUrl":"https:\/\/www.patrick-koglin.com\/wp-content\/uploads\/2026\/05\/image-49.png"},{"@type":"BreadcrumbList","@id":"https:\/\/www.patrick-koglin.com\/musik\/pk-music-productions\/song\/beats-fuer-die-broetchen\/#breadcrumb","itemListElement":[{"@type":"ListItem","position":1,"name":"Startseite","item":"https:\/\/www.patrick-koglin.com\/"},{"@type":"ListItem","position":2,"name":"Musik","item":"https:\/\/www.patrick-koglin.com\/musik\/"},{"@type":"ListItem","position":3,"name":"PK Music Productions","item":"https:\/\/www.patrick-koglin.com\/musik\/pk-music-productions\/"},{"@type":"ListItem","position":4,"name":"Song (PKM)","item":"https:\/\/www.patrick-koglin.com\/musik\/pk-music-productions\/song\/"},{"@type":"ListItem","position":5,"name":"Beats f\u00fcr die Br\u00f6tchen"}]},{"@type":"WebSite","@id":"https:\/\/www.patrick-koglin.com\/#website","url":"https:\/\/www.patrick-koglin.com\/","name":"PK Coaching - Patrick Koglin Unternehmensgruppe","description":"PK Coaching, Business-Design &amp; Development","publisher":{"@id":"https:\/\/www.patrick-koglin.com\/#organization"},"potentialAction":[{"@type":"SearchAction","target":{"@type":"EntryPoint","urlTemplate":"https:\/\/www.patrick-koglin.com\/?s={search_term_string}"},"query-input":{"@type":"PropertyValueSpecification","valueRequired":true,"valueName":"search_term_string"}}],"inLanguage":"en-US"},{"@type":"Organization","@id":"https:\/\/www.patrick-koglin.com\/#organization","name":"Patrick Koglin | CEO von PK Coaching","url":"https:\/\/www.patrick-koglin.com\/","logo":{"@type":"ImageObject","inLanguage":"en-US","@id":"https:\/\/www.patrick-koglin.com\/#\/schema\/logo\/image\/","url":"https:\/\/www.patrick-koglin.com\/wp-content\/uploads\/2025\/07\/cropped-PK16.png","contentUrl":"https:\/\/www.patrick-koglin.com\/wp-content\/uploads\/2025\/07\/cropped-PK16.png","width":619,"height":287,"caption":"Patrick Koglin | CEO von PK Coaching"},"image":{"@id":"https:\/\/www.patrick-koglin.com\/#\/schema\/logo\/image\/"},"sameAs":["https:\/\/www.facebook.com\/profile.php?id=61566852463657"]}]}},"_links":{"self":[{"href":"https:\/\/www.patrick-koglin.com\/en\/wp-json\/wp\/v2\/pages\/15450","targetHints":{"allow":["GET"]}}],"collection":[{"href":"https:\/\/www.patrick-koglin.com\/en\/wp-json\/wp\/v2\/pages"}],"about":[{"href":"https:\/\/www.patrick-koglin.com\/en\/wp-json\/wp\/v2\/types\/page"}],"author":[{"embeddable":true,"href":"https:\/\/www.patrick-koglin.com\/en\/wp-json\/wp\/v2\/users\/1"}],"replies":[{"embeddable":true,"href":"https:\/\/www.patrick-koglin.com\/en\/wp-json\/wp\/v2\/comments?post=15450"}],"version-history":[{"count":1,"href":"https:\/\/www.patrick-koglin.com\/en\/wp-json\/wp\/v2\/pages\/15450\/revisions"}],"predecessor-version":[{"id":15452,"href":"https:\/\/www.patrick-koglin.com\/en\/wp-json\/wp\/v2\/pages\/15450\/revisions\/15452"}],"up":[{"embeddable":true,"href":"https:\/\/www.patrick-koglin.com\/en\/wp-json\/wp\/v2\/pages\/15137"}],"wp:attachment":[{"href":"https:\/\/www.patrick-koglin.com\/en\/wp-json\/wp\/v2\/media?parent=15450"}],"curies":[{"name":"wp","href":"https:\/\/api.w.org\/{rel}","templated":true}]}}