{"id":1672,"date":"2024-09-30T16:22:43","date_gmt":"2024-09-30T14:22:43","guid":{"rendered":"https:\/\/www.patrick-koglin.com\/?page_id=1672"},"modified":"2024-12-12T17:30:36","modified_gmt":"2024-12-12T16:30:36","slug":"kundenstimmen-2","status":"publish","type":"page","link":"https:\/\/www.patrick-koglin.com\/en\/kundenstimmen-2\/","title":{"rendered":"Kundenstimmen"},"content":{"rendered":"<p>Patrick Koglin unterst\u00fctzt seit 2010 <em>Fach- und F\u00fchrungskr\u00e4fte<\/em>, <em>Angestellte , komplette Unternehmen <\/em>und <em>Unternehmer<\/em> in <em>pers\u00f6nlichen 1zu1-Coachings<\/em>, <em>Online-Workshops<\/em>, <em>Ausbildungen<\/em>, <em>Kursen<\/em>, <em>Weiterbildungen<\/em>, <em>Live-Workshops<\/em>, <em>Transformationen <\/em>und <em>Trainings<\/em>.<\/p>\n\n\n\n<hr class=\"wp-block-separator has-alpha-channel-opacity\"\/>\n\n\n\n<div class=\"wp-block-columns is-layout-flex wp-container-core-columns-is-layout-9d6595d7 wp-block-columns-is-layout-flex\">\n<div class=\"wp-block-column is-layout-flow wp-block-column-is-layout-flow\">\n<h2 class=\"wp-block-heading has-text-align-center\">Best\u00e4tigter Experte<\/h2>\n\n\n\n<p class=\"has-text-align-center has-medium-font-size\"><strong>Sehr gut<\/strong><br>auf <a href=\"https:\/\/www.provenexpert.com\/patrick-koglin\/\">provenExpert.com<\/a><\/p>\n\n\n\n<p class=\"has-text-align-center\"><strong>Durchschnittliche Bewertung<\/strong><br>Gesamtanzahl: <a href=\"https:\/\/www.provenexpert.com\/patrick-koglin\">13 Bewertungen<\/a><\/p>\n\n\n\n<h2 class=\"wp-block-heading has-text-align-center\"><strong>4,95 <\/strong>von 5<\/h2>\n\n\n<div class=\"wp-block-image\">\n<figure class=\"aligncenter size-full\"><img decoding=\"async\" width=\"133\" height=\"35\" src=\"https:\/\/www.patrick-koglin.com\/wp-content\/uploads\/2024\/10\/grafik.png\" alt=\"\" class=\"wp-image-2393\"\/><\/figure>\n<\/div><\/div>\n\n\n\n<div class=\"wp-block-column is-layout-flow wp-block-column-is-layout-flow\">\n<h2 class=\"wp-block-heading has-text-align-center\">Top10-Coach<\/h2>\n\n\n\n<p class=\"has-text-align-center has-medium-font-size\"><strong>Hervorragend<\/strong><br>auf <a href=\"https:\/\/de.trustpilot.com\/review\/patrick-koglin.com\">trustpilot.com<\/a><\/p>\n\n\n\n<p class=\"has-text-align-center\"><strong>Durschnittliche Bewertung<\/strong><br>Gesamtanzahl: <a href=\"https:\/\/de.trustpilot.com\/review\/patrick-koglin.com\">239 Bewertungen<\/a><\/p>\n\n\n\n<h2 class=\"wp-block-heading has-text-align-center\"><strong>4,9 <\/strong>von 5<\/h2>\n\n\n<div class=\"wp-block-image\">\n<figure class=\"aligncenter size-full is-resized\"><img decoding=\"async\" width=\"277\" height=\"51\" src=\"https:\/\/www.patrick-koglin.com\/wp-content\/uploads\/2024\/10\/grafik-1.png\" alt=\"\" class=\"wp-image-2471\" style=\"width:165px;height:auto\"\/><\/figure>\n<\/div><\/div>\n<\/div>\n\n\n\n<hr class=\"wp-block-separator has-alpha-channel-opacity\"\/>\n\n\n\n<p><strong>Hier finden Sie die einzelnen <em>Kundenr\u00fcckmeldungen <\/em>sortiert nach den jeweiligen Bereichen: <\/strong><\/p>\n\n\n\n<div class=\"wp-block-buttons is-content-justification-center is-layout-flex wp-container-core-buttons-is-layout-16018d1d wp-block-buttons-is-layout-flex\">\n<div class=\"wp-block-button\"><a class=\"wp-block-button__link has-accent-background-color has-background wp-element-button\" href=\"https:\/\/www.patrick-koglin.com\/en\/kundenstimmen\/persoenliches-1zu1-coaching\/\" style=\"border-radius:5px\">Pers\u00f6nliches 1zu1-Coaching<\/a><\/div>\n\n\n\n<div class=\"wp-block-button\"><a class=\"wp-block-button__link has-accent-background-color has-background wp-element-button\" style=\"border-radius:5px\">Unternehmens-Coaching<\/a><\/div>\n<\/div>\n\n\n\n<div style=\"height:60px\" aria-hidden=\"true\" class=\"wp-block-spacer\"><\/div>\n\n\n\n<p><strong>Aktuelle Kundenstimmen in den Online-Portalen:<\/strong><br><a href=\"https:\/\/de.trustpilot.com\/review\/patrick-koglin.com\">trustpilot<\/a>, <a href=\"https:\/\/www.provenexpert.com\/de-de\/patrick-koglin\/\">provenExpert<\/a> und <a href=\"https:\/\/www.google.com\/search?q=Life%20Coaching%20Patrick%20Koglin%20Rezensionen&amp;rflfq=1&amp;num=20&amp;stick=H4sIAAAAAAAAAONgkxI2MjI2MLQ0sDA1N7Y0tTA2NTIx3cDI-IpRwyczLVXBOT8xOSMzL10hILGkKDM5W8E7Pz0nM08hKLUqNa84Mz8vNW8RK9FKAX8X00FwAAAA&amp;rldimm=2230190857395835245&amp;tbm=lcl&amp;client=firefox-b-d&amp;hl=de&amp;sa=X&amp;ved=0CCEQ9fQKKAFqFwoTCMDB07zQ64gDFQAAAAAdAAAAABAG&amp;biw=1920&amp;bih=955&amp;dpr=1#lkt=LocalPoiReviews\">go<\/a><a href=\"https:\/\/g.co\/kgs\/4L1j5Gt\" target=\"_blank\" rel=\"noreferrer noopener\">ogle-Rezensionen<\/a><\/p>\n\n\n\n<hr class=\"wp-block-separator has-alpha-channel-opacity\"\/>\n\n\n\n<p><strong>Kundenstimmen aus anderen Bereichen: <\/strong><a href=\"https:\/\/www.patrick-koglin.com\/en\/coaching\/business-coaching\/kundenstimmen\/\">Business-Coaching<\/a>, <a href=\"https:\/\/www.patrick-koglin.com\/en\/coaching\/life-design-coaching\/\">Life Design Coaching<\/a>, <a href=\"https:\/\/www.patrick-koglin.com\/en\/coaching\/vak-coaching\/kundenstimmen\/\">VAK-Coaching<\/a>, <a href=\"https:\/\/www.patrick-koglin.com\/en\/training\/verkaufstraining\/kundenstimmen\/\">Verkaufstraining<\/a>, <a href=\"https:\/\/www.patrick-koglin.com\/en\/sonstige-rueckmeldungen\/\">Sonstige R\u00fcckmeldungen<\/a>, <a href=\"https:\/\/www.patrick-koglin.com\/en\/ausbildung\/timeline-coach\/teilnehmerstimmen\/\">Timeline-Coach Ausbildung<\/a>, <a href=\"https:\/\/www.patrick-koglin.com\/en\/events\/webinare\/\">Webinare<\/a><\/p>\n\n\n\n<hr class=\"wp-block-separator has-alpha-channel-opacity\"\/>\n\n\n\n<h2 class=\"wp-block-heading\">Video-R\u00fcckmeldungen<\/h2>\n\n\n\n<div class=\"wp-block-columns is-layout-flex wp-container-core-columns-is-layout-9d6595d7 wp-block-columns-is-layout-flex\">\n<div class=\"wp-block-column is-layout-flow wp-block-column-is-layout-flow\"><\/div>\n\n\n\n<div class=\"wp-block-column is-layout-flow wp-block-column-is-layout-flow\">\n<iframe width=\"415\" height=\"737\" src=\"https:\/\/www.youtube.com\/embed\/XRUlwe71gMc\" title=\"Neues Business-Konzept, neue Ideen und Motivation | Ines berichtet vom PK Trainer 11\/2024\" frameborder=\"0\" allow=\"accelerometer; autoplay; clipboard-write; encrypted-media; gyroscope; picture-in-picture; web-share\" referrerpolicy=\"strict-origin-when-cross-origin\" allowfullscreen><\/iframe>\n\n\n\n<div class=\"wp-block-buttons is-content-justification-center is-layout-flex wp-container-core-buttons-is-layout-16018d1d wp-block-buttons-is-layout-flex\">\n<div class=\"wp-block-button\"><a class=\"wp-block-button__link has-accent-background-color has-background wp-element-button\" href=\"https:\/\/www.patrick-koglin.com\/en\/pk-trainer-ausbildung\/\" style=\"border-radius:5px\">zur Trainer-Ausbildung<\/a><\/div>\n<\/div>\n<\/div>\n\n\n\n<div class=\"wp-block-column is-layout-flow wp-block-column-is-layout-flow\"><\/div>\n<\/div>\n\n\n\n<hr class=\"wp-block-separator has-alpha-channel-opacity\"\/>\n\n\n\n<div class=\"wp-block-columns is-layout-flex wp-container-core-columns-is-layout-9d6595d7 wp-block-columns-is-layout-flex\">\n<div class=\"wp-block-column is-layout-flow wp-block-column-is-layout-flow\">\n<iframe width=\"483\" height=\"858\" src=\"https:\/\/www.youtube.com\/embed\/HFqCEhSlSD0\" title=\"Koglin\u00ae Testkunden Konzept - Life Coach Melanie Prost ist begeistert | testkunden-konzept.de\" frameborder=\"0\" allow=\"accelerometer; autoplay; clipboard-write; encrypted-media; gyroscope; picture-in-picture; web-share\" referrerpolicy=\"strict-origin-when-cross-origin\" allowfullscreen><\/iframe>\n<\/div>\n\n\n\n<div class=\"wp-block-column is-layout-flow wp-block-column-is-layout-flow\">\n<iframe width=\"483\" height=\"858\" src=\"https:\/\/www.youtube.com\/embed\/tSodps5StmM\" title=\"&quot;Ich habe jetzt das Gef\u00fchl, das ich wertvoll bin.&quot; | VAK-Zielf\u00fchrungsprozess bei Patrick Koglin\" frameborder=\"0\" allow=\"accelerometer; autoplay; clipboard-write; encrypted-media; gyroscope; picture-in-picture; web-share\" referrerpolicy=\"strict-origin-when-cross-origin\" allowfullscreen><\/iframe>\n<\/div>\n<\/div>\n\n\n\n<div class=\"wp-block-columns is-layout-flex wp-container-core-columns-is-layout-9d6595d7 wp-block-columns-is-layout-flex\">\n<div class=\"wp-block-column is-layout-flow wp-block-column-is-layout-flow\">\n<iframe width=\"483\" height=\"858\" src=\"https:\/\/www.youtube.com\/embed\/mpiLx3upQxM\" title=\"Koglin\u00ae Testkunden-Konzept: Coach Hanka Drung gibt ihre Empfehlung ab\" frameborder=\"0\" allow=\"accelerometer; autoplay; clipboard-write; encrypted-media; gyroscope; picture-in-picture; web-share\" referrerpolicy=\"strict-origin-when-cross-origin\" allowfullscreen><\/iframe>\n<\/div>\n\n\n\n<div class=\"wp-block-column is-layout-flow wp-block-column-is-layout-flow\">\n<iframe width=\"483\" height=\"858\" src=\"https:\/\/www.youtube.com\/embed\/jTpvyI7whOw\" title=\"&quot;Das gibt mir unheimlich viel Sicherheit.&quot; | Verkaufstraining bei Patrick Koglin\" frameborder=\"0\" allow=\"accelerometer; autoplay; clipboard-write; encrypted-media; gyroscope; picture-in-picture; web-share\" referrerpolicy=\"strict-origin-when-cross-origin\" allowfullscreen><\/iframe>\n<\/div>\n<\/div>\n\n\n\n<div class=\"wp-block-columns are-vertically-aligned-center is-layout-flex wp-container-core-columns-is-layout-9d6595d7 wp-block-columns-is-layout-flex\">\n<div class=\"wp-block-column is-vertically-aligned-center is-layout-flow wp-block-column-is-layout-flow\"><\/div>\n<\/div>\n\n\n\n<div class=\"wp-block-columns is-layout-flex wp-container-core-columns-is-layout-9d6595d7 wp-block-columns-is-layout-flex\">\n<div class=\"wp-block-column is-layout-flow wp-block-column-is-layout-flow\">\n<iframe width=\"483\" height=\"858\" src=\"https:\/\/www.youtube.com\/embed\/ZTUs_QsM5MA\" title=\"Koglin\u00ae Testkunden Konzept - Speaker Gernot Fr\u00e4ger empfiehlt | testkunden-konzept.de\" frameborder=\"0\" allow=\"accelerometer; autoplay; clipboard-write; encrypted-media; gyroscope; picture-in-picture; web-share\" referrerpolicy=\"strict-origin-when-cross-origin\" allowfullscreen><\/iframe>\n<\/div>\n\n\n\n<div class=\"wp-block-column is-layout-flow wp-block-column-is-layout-flow\">\n<iframe width=\"483\" height=\"858\" src=\"https:\/\/www.youtube.com\/embed\/kceEOAIeyEI\" title=\"Koglin \u00ae Testkunden-Konzept - M\u00fctter-Coach Nicole Fr\u00e4ger empfiehlt | testkunden-konzept.de\" frameborder=\"0\" allow=\"accelerometer; autoplay; clipboard-write; encrypted-media; gyroscope; picture-in-picture; web-share\" referrerpolicy=\"strict-origin-when-cross-origin\" allowfullscreen><\/iframe>\n<\/div>\n<\/div>\n\n\n\n<div class=\"wp-block-columns is-layout-flex wp-container-core-columns-is-layout-9d6595d7 wp-block-columns-is-layout-flex\">\n<div class=\"wp-block-column is-layout-flow wp-block-column-is-layout-flow\">\n<iframe width=\"483\" height=\"858\" src=\"https:\/\/www.youtube.com\/embed\/ctlF-3UFr60\" title=\"&quot;Patrick Koglin ist einer der besten und authentischsten Coaches!&quot; | Life Coaching Patrick Koglin\" frameborder=\"0\" allow=\"accelerometer; autoplay; clipboard-write; encrypted-media; gyroscope; picture-in-picture; web-share\" referrerpolicy=\"strict-origin-when-cross-origin\" allowfullscreen><\/iframe>\n<\/div>\n\n\n\n<div class=\"wp-block-column is-layout-flow wp-block-column-is-layout-flow\">\n<iframe width=\"408\" height=\"726\" src=\"https:\/\/www.youtube.com\/embed\/WS574vqnmaY\" title=\"\u201eAusprobieren, denn es lohnt sich!\u201c | VAK-Zielf\u00fchrungsprozess bei Patrick Koglin\" frameborder=\"0\" allow=\"accelerometer; autoplay; clipboard-write; encrypted-media; gyroscope; picture-in-picture; web-share\" referrerpolicy=\"strict-origin-when-cross-origin\" allowfullscreen><\/iframe>\n<\/div>\n<\/div>\n\n\n\n\n\n<div class=\"wp-block-columns is-layout-flex wp-container-core-columns-is-layout-9d6595d7 wp-block-columns-is-layout-flex\">\n<div class=\"wp-block-column is-layout-flow wp-block-column-is-layout-flow\"><\/div>\n\n\n\n<div class=\"wp-block-column is-layout-flow wp-block-column-is-layout-flow\"><\/div>\n\n\n\n<div class=\"wp-block-column is-layout-flow wp-block-column-is-layout-flow\"><\/div>\n<\/div>\n\n\n\n<hr class=\"wp-block-separator has-alpha-channel-opacity\"\/>\n\n\n\n<p><\/p>","protected":false},"excerpt":{"rendered":"<p>Patrick Koglin unterst\u00fctzt seit 2010 Fach- und F\u00fchrungskr\u00e4fte, Angestellte , komplette Unternehmen und Unternehmer in pers\u00f6nlichen 1zu1-Coachings, Online-Workshops, Ausbildungen, Kursen, Weiterbildungen, Live-Workshops, Transformationen und Trainings. Best\u00e4tigter Experte Sehr gutauf provenExpert.com Durchschnittliche BewertungGesamtanzahl: 13 Bewertungen 4,95 von 5 Top10-Coach Hervorragendauf trustpilot.com Durschnittliche BewertungGesamtanzahl: 239 Bewertungen 4,9 von 5 Hier finden Sie die einzelnen Kundenr\u00fcckmeldungen sortiert nach &#8230; <a title=\"Kundenstimmen\" class=\"read-more\" href=\"https:\/\/www.patrick-koglin.com\/en\/kundenstimmen-2\/\" aria-label=\"Read more about Kundenstimmen\">Read more<\/a><\/p>","protected":false},"author":1,"featured_media":0,"parent":0,"menu_order":0,"comment_status":"closed","ping_status":"closed","template":"","meta":{"footnotes":""},"class_list":["post-1672","page","type-page","status-publish"],"yoast_head":"<!-- This site is optimized with the Yoast SEO plugin v25.8 - https:\/\/yoast.com\/wordpress\/plugins\/seo\/ -->\n<title>Kundenstimmen - Patrick Koglin<\/title>\n<meta name=\"robots\" content=\"index, follow, max-snippet:-1, max-image-preview:large, max-video-preview:-1\" \/>\n<link rel=\"canonical\" href=\"https:\/\/www.patrick-koglin.com\/en\/kundenstimmen-2\/\" \/>\n<meta property=\"og:locale\" content=\"en_US\" \/>\n<meta property=\"og:type\" content=\"article\" \/>\n<meta property=\"og:title\" content=\"Kundenstimmen - Patrick Koglin\" \/>\n<meta property=\"og:description\" content=\"Patrick Koglin unterst\u00fctzt seit 2010 Fach- und F\u00fchrungskr\u00e4fte, Angestellte , komplette Unternehmen und Unternehmer in pers\u00f6nlichen 1zu1-Coachings, Online-Workshops, Ausbildungen, Kursen, Weiterbildungen, Live-Workshops, Transformationen und Trainings. Best\u00e4tigter Experte Sehr gutauf provenExpert.com Durchschnittliche BewertungGesamtanzahl: 13 Bewertungen 4,95 von 5 Top10-Coach Hervorragendauf trustpilot.com Durschnittliche BewertungGesamtanzahl: 239 Bewertungen 4,9 von 5 Hier finden Sie die einzelnen Kundenr\u00fcckmeldungen sortiert nach ... Read more\" \/>\n<meta property=\"og:url\" content=\"https:\/\/www.patrick-koglin.com\/en\/kundenstimmen-2\/\" \/>\n<meta property=\"og:site_name\" content=\"Patrick Koglin\" \/>\n<meta property=\"article:publisher\" content=\"https:\/\/www.facebook.com\/profile.php?id=61566852463657\" \/>\n<meta property=\"article:modified_time\" content=\"2024-12-12T16:30:36+00:00\" \/>\n<meta property=\"og:image\" content=\"https:\/\/www.patrick-koglin.com\/wp-content\/uploads\/2024\/10\/grafik.png\" \/>\n<meta name=\"twitter:card\" content=\"summary_large_image\" \/>\n<meta name=\"twitter:label1\" content=\"Est. reading time\" \/>\n\t<meta name=\"twitter:data1\" content=\"1 minute\" \/>\n<script type=\"application\/ld+json\" class=\"yoast-schema-graph\">{\"@context\":\"https:\/\/schema.org\",\"@graph\":[{\"@type\":\"WebPage\",\"@id\":\"https:\/\/www.patrick-koglin.com\/kundenstimmen-2\/\",\"url\":\"https:\/\/www.patrick-koglin.com\/kundenstimmen-2\/\",\"name\":\"Kundenstimmen - Patrick Koglin\",\"isPartOf\":{\"@id\":\"https:\/\/www.patrick-koglin.com\/#website\"},\"primaryImageOfPage\":{\"@id\":\"https:\/\/www.patrick-koglin.com\/kundenstimmen-2\/#primaryimage\"},\"image\":{\"@id\":\"https:\/\/www.patrick-koglin.com\/kundenstimmen-2\/#primaryimage\"},\"thumbnailUrl\":\"https:\/\/www.patrick-koglin.com\/wp-content\/uploads\/2024\/10\/grafik.png\",\"datePublished\":\"2024-09-30T14:22:43+00:00\",\"dateModified\":\"2024-12-12T16:30:36+00:00\",\"breadcrumb\":{\"@id\":\"https:\/\/www.patrick-koglin.com\/kundenstimmen-2\/#breadcrumb\"},\"inLanguage\":\"en-US\",\"potentialAction\":[{\"@type\":\"ReadAction\",\"target\":[\"https:\/\/www.patrick-koglin.com\/kundenstimmen-2\/\"]}]},{\"@type\":\"ImageObject\",\"inLanguage\":\"en-US\",\"@id\":\"https:\/\/www.patrick-koglin.com\/kundenstimmen-2\/#primaryimage\",\"url\":\"https:\/\/www.patrick-koglin.com\/wp-content\/uploads\/2024\/10\/grafik.png\",\"contentUrl\":\"https:\/\/www.patrick-koglin.com\/wp-content\/uploads\/2024\/10\/grafik.png\"},{\"@type\":\"BreadcrumbList\",\"@id\":\"https:\/\/www.patrick-koglin.com\/kundenstimmen-2\/#breadcrumb\",\"itemListElement\":[{\"@type\":\"ListItem\",\"position\":1,\"name\":\"Startseite\",\"item\":\"https:\/\/www.patrick-koglin.com\/\"},{\"@type\":\"ListItem\",\"position\":2,\"name\":\"Kundenstimmen\"}]},{\"@type\":\"WebSite\",\"@id\":\"https:\/\/www.patrick-koglin.com\/#website\",\"url\":\"https:\/\/www.patrick-koglin.com\/\",\"name\":\"PK Coaching - Patrick Koglin Unternehmensgruppe\",\"description\":\"PK Coaching, Business-Design &amp; Development\",\"publisher\":{\"@id\":\"https:\/\/www.patrick-koglin.com\/#organization\"},\"potentialAction\":[{\"@type\":\"SearchAction\",\"target\":{\"@type\":\"EntryPoint\",\"urlTemplate\":\"https:\/\/www.patrick-koglin.com\/?s={search_term_string}\"},\"query-input\":{\"@type\":\"PropertyValueSpecification\",\"valueRequired\":true,\"valueName\":\"search_term_string\"}}],\"inLanguage\":\"en-US\"},{\"@type\":\"Organization\",\"@id\":\"https:\/\/www.patrick-koglin.com\/#organization\",\"name\":\"Patrick Koglin | CEO von PK Coaching\",\"url\":\"https:\/\/www.patrick-koglin.com\/\",\"logo\":{\"@type\":\"ImageObject\",\"inLanguage\":\"en-US\",\"@id\":\"https:\/\/www.patrick-koglin.com\/#\/schema\/logo\/image\/\",\"url\":\"https:\/\/www.patrick-koglin.com\/wp-content\/uploads\/2025\/07\/cropped-PK16.png\",\"contentUrl\":\"https:\/\/www.patrick-koglin.com\/wp-content\/uploads\/2025\/07\/cropped-PK16.png\",\"width\":619,\"height\":287,\"caption\":\"Patrick Koglin | CEO von PK Coaching\"},\"image\":{\"@id\":\"https:\/\/www.patrick-koglin.com\/#\/schema\/logo\/image\/\"},\"sameAs\":[\"https:\/\/www.facebook.com\/profile.php?id=61566852463657\"]}]}<\/script>\n<!-- \/ Yoast SEO plugin. -->","yoast_head_json":{"title":"Kundenstimmen - Patrick Koglin","robots":{"index":"index","follow":"follow","max-snippet":"max-snippet:-1","max-image-preview":"max-image-preview:large","max-video-preview":"max-video-preview:-1"},"canonical":"https:\/\/www.patrick-koglin.com\/en\/kundenstimmen-2\/","og_locale":"en_US","og_type":"article","og_title":"Kundenstimmen - Patrick Koglin","og_description":"Patrick Koglin unterst\u00fctzt seit 2010 Fach- und F\u00fchrungskr\u00e4fte, Angestellte , komplette Unternehmen und Unternehmer in pers\u00f6nlichen 1zu1-Coachings, Online-Workshops, Ausbildungen, Kursen, Weiterbildungen, Live-Workshops, Transformationen und Trainings. Best\u00e4tigter Experte Sehr gutauf provenExpert.com Durchschnittliche BewertungGesamtanzahl: 13 Bewertungen 4,95 von 5 Top10-Coach Hervorragendauf trustpilot.com Durschnittliche BewertungGesamtanzahl: 239 Bewertungen 4,9 von 5 Hier finden Sie die einzelnen Kundenr\u00fcckmeldungen sortiert nach ... Read more","og_url":"https:\/\/www.patrick-koglin.com\/en\/kundenstimmen-2\/","og_site_name":"Patrick Koglin","article_publisher":"https:\/\/www.facebook.com\/profile.php?id=61566852463657","article_modified_time":"2024-12-12T16:30:36+00:00","og_image":[{"url":"https:\/\/www.patrick-koglin.com\/wp-content\/uploads\/2024\/10\/grafik.png","type":"","width":"","height":""}],"twitter_card":"summary_large_image","twitter_misc":{"Est. reading time":"1 minute"},"schema":{"@context":"https:\/\/schema.org","@graph":[{"@type":"WebPage","@id":"https:\/\/www.patrick-koglin.com\/kundenstimmen-2\/","url":"https:\/\/www.patrick-koglin.com\/kundenstimmen-2\/","name":"Kundenstimmen - Patrick Koglin","isPartOf":{"@id":"https:\/\/www.patrick-koglin.com\/#website"},"primaryImageOfPage":{"@id":"https:\/\/www.patrick-koglin.com\/kundenstimmen-2\/#primaryimage"},"image":{"@id":"https:\/\/www.patrick-koglin.com\/kundenstimmen-2\/#primaryimage"},"thumbnailUrl":"https:\/\/www.patrick-koglin.com\/wp-content\/uploads\/2024\/10\/grafik.png","datePublished":"2024-09-30T14:22:43+00:00","dateModified":"2024-12-12T16:30:36+00:00","breadcrumb":{"@id":"https:\/\/www.patrick-koglin.com\/kundenstimmen-2\/#breadcrumb"},"inLanguage":"en-US","potentialAction":[{"@type":"ReadAction","target":["https:\/\/www.patrick-koglin.com\/kundenstimmen-2\/"]}]},{"@type":"ImageObject","inLanguage":"en-US","@id":"https:\/\/www.patrick-koglin.com\/kundenstimmen-2\/#primaryimage","url":"https:\/\/www.patrick-koglin.com\/wp-content\/uploads\/2024\/10\/grafik.png","contentUrl":"https:\/\/www.patrick-koglin.com\/wp-content\/uploads\/2024\/10\/grafik.png"},{"@type":"BreadcrumbList","@id":"https:\/\/www.patrick-koglin.com\/kundenstimmen-2\/#breadcrumb","itemListElement":[{"@type":"ListItem","position":1,"name":"Startseite","item":"https:\/\/www.patrick-koglin.com\/"},{"@type":"ListItem","position":2,"name":"Kundenstimmen"}]},{"@type":"WebSite","@id":"https:\/\/www.patrick-koglin.com\/#website","url":"https:\/\/www.patrick-koglin.com\/","name":"PK Coaching - Patrick Koglin Unternehmensgruppe","description":"PK Coaching, Business-Design &amp; Development","publisher":{"@id":"https:\/\/www.patrick-koglin.com\/#organization"},"potentialAction":[{"@type":"SearchAction","target":{"@type":"EntryPoint","urlTemplate":"https:\/\/www.patrick-koglin.com\/?s={search_term_string}"},"query-input":{"@type":"PropertyValueSpecification","valueRequired":true,"valueName":"search_term_string"}}],"inLanguage":"en-US"},{"@type":"Organization","@id":"https:\/\/www.patrick-koglin.com\/#organization","name":"Patrick Koglin | CEO von PK Coaching","url":"https:\/\/www.patrick-koglin.com\/","logo":{"@type":"ImageObject","inLanguage":"en-US","@id":"https:\/\/www.patrick-koglin.com\/#\/schema\/logo\/image\/","url":"https:\/\/www.patrick-koglin.com\/wp-content\/uploads\/2025\/07\/cropped-PK16.png","contentUrl":"https:\/\/www.patrick-koglin.com\/wp-content\/uploads\/2025\/07\/cropped-PK16.png","width":619,"height":287,"caption":"Patrick Koglin | CEO von PK Coaching"},"image":{"@id":"https:\/\/www.patrick-koglin.com\/#\/schema\/logo\/image\/"},"sameAs":["https:\/\/www.facebook.com\/profile.php?id=61566852463657"]}]}},"_links":{"self":[{"href":"https:\/\/www.patrick-koglin.com\/en\/wp-json\/wp\/v2\/pages\/1672","targetHints":{"allow":["GET"]}}],"collection":[{"href":"https:\/\/www.patrick-koglin.com\/en\/wp-json\/wp\/v2\/pages"}],"about":[{"href":"https:\/\/www.patrick-koglin.com\/en\/wp-json\/wp\/v2\/types\/page"}],"author":[{"embeddable":true,"href":"https:\/\/www.patrick-koglin.com\/en\/wp-json\/wp\/v2\/users\/1"}],"replies":[{"embeddable":true,"href":"https:\/\/www.patrick-koglin.com\/en\/wp-json\/wp\/v2\/comments?post=1672"}],"version-history":[{"count":39,"href":"https:\/\/www.patrick-koglin.com\/en\/wp-json\/wp\/v2\/pages\/1672\/revisions"}],"predecessor-version":[{"id":5202,"href":"https:\/\/www.patrick-koglin.com\/en\/wp-json\/wp\/v2\/pages\/1672\/revisions\/5202"}],"wp:attachment":[{"href":"https:\/\/www.patrick-koglin.com\/en\/wp-json\/wp\/v2\/media?parent=1672"}],"curies":[{"name":"wp","href":"https:\/\/api.w.org\/{rel}","templated":true}]}}