{"id":1789,"date":"2024-09-30T19:14:53","date_gmt":"2024-09-30T17:14:53","guid":{"rendered":"https:\/\/www.patrick-koglin.com\/?page_id=1789"},"modified":"2024-11-04T13:53:42","modified_gmt":"2024-11-04T12:53:42","slug":"timeline-coach","status":"publish","type":"page","link":"https:\/\/www.patrick-koglin.com\/en\/ausbildung\/timeline-coach\/","title":{"rendered":"Timeline-Coach Ausbildung"},"content":{"rendered":"<h2 class=\"wp-block-heading\">Meistere die Geschichte und heile die Wunden der Vergangenheit<\/h2>\n\n\n\n<h4 class=\"wp-block-heading\">Professionelle Coaching-Ausbildung f\u00fcr Einsteiger ins Coaching oder bereits ausgebildete Experten<\/h4>\n\n\n\n<p>Auch f\u00fcr Therapeuten, Personalverantwortliche, P\u00e4dagogische Fachkr\u00e4fte, Eltern sowie andere Fach- und F\u00fchrungskr\u00e4fte<\/p>\n\n\n\n<h4 class=\"wp-block-heading\">Wandle negative Emotionen und Erfahrungen aus der Vergangenheit<\/h4>\n\n\n\n<p><strong>Inhalt und Aufbau:<\/strong><\/p>\n\n\n\n<ul class=\"wp-block-list\">\n<li>Online-Mitgliederbereich mit \u00fcber 30 Videos<\/li>\n\n\n\n<li>Mehr als 20 Arbeitsbl\u00e4tter<\/li>\n\n\n\n<li>Anleitungen, Demo-Coachings, Anwendungsbeispiele und Skript<\/li>\n\n\n\n<li>Coaching in \u00dcbungsgruppen und nach Anleitung lernen<\/li>\n\n\n\n<li>3-Tage Pr\u00e4senz- und Online-Event<\/li>\n\n\n\n<li>gemeinsame Coaching-Community<\/li>\n\n\n\n<li>ausgewogene Mischung aus Theorie und Praxis<\/li>\n\n\n\n<li>\u00dcbungs-Coachings und Schritt-f\u00fcr-Schritt Anleitungen<\/li>\n<\/ul>\n\n\n\n<p><em>Sehr effektives, strukturiertes und wirksames 60-90min\u00fctiges Coaching-Format um mehr Bewusstsein \u00fcber die eigene Lebensgeschichte und die Aufl\u00f6sung emotionaler Wunden erlangen. <\/em>Sowohl f\u00fcr sich, als auch in der Begleitung und F\u00fchrung anderer Menschen. <\/p>\n\n\n\n<p><strong>F\u00fcr einen besseren Umgang mit der Zeit, mehr emotionale Freiheit und St\u00e4rkung des eigenen Selbstbewusstseins.<\/strong><\/p>\n\n\n\n<p><em>Einschlie\u00dflich der Vermittlung aller Coaching-Grundlagen, Aufbau der Gespr\u00e4chsf\u00fchrung, Ethikkodex und Aufbau eines eigenen Coaching-Business in Haupt- oder Nebenberuf (freiwillig). <\/em><\/p>\n\n\n\n<div class=\"wp-block-buttons is-layout-flex wp-block-buttons-is-layout-flex\">\n<div class=\"wp-block-button\"><a class=\"wp-block-button__link has-accent-background-color has-background wp-element-button\" href=\"mailto:kontakt@patrick-koglin.com\" style=\"border-radius:5px\">Jetzt anfragen<\/a><\/div>\n\n\n\n<div class=\"wp-block-button\"><a class=\"wp-block-button__link has-contrast-background-color has-background wp-element-button\" href=\"https:\/\/www.patrick-koglin.com\/en\/ausbildung\/timeline-coach\/termine\/\" style=\"border-radius:5px\">N\u00e4chste Termine<\/a><\/div>\n<\/div>\n\n\n\n<hr class=\"wp-block-separator has-alpha-channel-opacity\"\/>\n\n\n\n<div class=\"wp-block-buttons is-layout-flex wp-block-buttons-is-layout-flex\">\n<div class=\"wp-block-button\"><a class=\"wp-block-button__link has-accent-background-color has-background wp-element-button\" href=\"https:\/\/www.patrick-koglin.com\/en\/ausbildung\/timeline-coach\/teilnehmerstimmen\/\" style=\"border-radius:5px\">Teilnehmerstimmen<\/a><\/div>\n<\/div>","protected":false},"excerpt":{"rendered":"<p>Meistere die Geschichte und heile die Wunden der Vergangenheit Professionelle Coaching-Ausbildung f\u00fcr Einsteiger ins Coaching oder bereits ausgebildete Experten Auch f\u00fcr Therapeuten, Personalverantwortliche, P\u00e4dagogische Fachkr\u00e4fte, Eltern sowie andere Fach- und F\u00fchrungskr\u00e4fte Wandle negative Emotionen und Erfahrungen aus der Vergangenheit Inhalt und Aufbau: Sehr effektives, strukturiertes und wirksames 60-90min\u00fctiges Coaching-Format um mehr Bewusstsein \u00fcber die eigene &#8230; <a title=\"Timeline-Coach Ausbildung\" class=\"read-more\" href=\"https:\/\/www.patrick-koglin.com\/en\/ausbildung\/timeline-coach\/\" aria-label=\"Read more about Timeline-Coach Ausbildung\">Read more<\/a><\/p>","protected":false},"author":1,"featured_media":0,"parent":1794,"menu_order":0,"comment_status":"closed","ping_status":"closed","template":"","meta":{"footnotes":""},"class_list":["post-1789","page","type-page","status-publish"],"yoast_head":"<!-- This site is optimized with the Yoast SEO plugin v25.8 - https:\/\/yoast.com\/wordpress\/plugins\/seo\/ -->\n<title>Timeline-Coach Ausbildung - Patrick Koglin<\/title>\n<meta name=\"robots\" content=\"index, follow, max-snippet:-1, max-image-preview:large, max-video-preview:-1\" \/>\n<link rel=\"canonical\" href=\"https:\/\/www.patrick-koglin.com\/en\/ausbildung\/timeline-coach\/\" \/>\n<meta property=\"og:locale\" content=\"en_US\" \/>\n<meta property=\"og:type\" content=\"article\" \/>\n<meta property=\"og:title\" content=\"Timeline-Coach Ausbildung - Patrick Koglin\" \/>\n<meta property=\"og:description\" content=\"Meistere die Geschichte und heile die Wunden der Vergangenheit Professionelle Coaching-Ausbildung f\u00fcr Einsteiger ins Coaching oder bereits ausgebildete Experten Auch f\u00fcr Therapeuten, Personalverantwortliche, P\u00e4dagogische Fachkr\u00e4fte, Eltern sowie andere Fach- und F\u00fchrungskr\u00e4fte Wandle negative Emotionen und Erfahrungen aus der Vergangenheit Inhalt und Aufbau: Sehr effektives, strukturiertes und wirksames 60-90min\u00fctiges Coaching-Format um mehr Bewusstsein \u00fcber die eigene ... Read more\" \/>\n<meta property=\"og:url\" content=\"https:\/\/www.patrick-koglin.com\/en\/ausbildung\/timeline-coach\/\" \/>\n<meta property=\"og:site_name\" content=\"Patrick Koglin\" \/>\n<meta property=\"article:publisher\" content=\"https:\/\/www.facebook.com\/profile.php?id=61566852463657\" \/>\n<meta property=\"article:modified_time\" content=\"2024-11-04T12:53:42+00:00\" \/>\n<meta name=\"twitter:card\" content=\"summary_large_image\" \/>\n<meta name=\"twitter:label1\" content=\"Est. reading time\" \/>\n\t<meta name=\"twitter:data1\" content=\"1 minute\" \/>\n<script type=\"application\/ld+json\" class=\"yoast-schema-graph\">{\"@context\":\"https:\/\/schema.org\",\"@graph\":[{\"@type\":\"WebPage\",\"@id\":\"https:\/\/www.patrick-koglin.com\/ausbildung\/timeline-coach\/\",\"url\":\"https:\/\/www.patrick-koglin.com\/ausbildung\/timeline-coach\/\",\"name\":\"Timeline-Coach Ausbildung - Patrick Koglin\",\"isPartOf\":{\"@id\":\"https:\/\/www.patrick-koglin.com\/#website\"},\"datePublished\":\"2024-09-30T17:14:53+00:00\",\"dateModified\":\"2024-11-04T12:53:42+00:00\",\"breadcrumb\":{\"@id\":\"https:\/\/www.patrick-koglin.com\/ausbildung\/timeline-coach\/#breadcrumb\"},\"inLanguage\":\"en-US\",\"potentialAction\":[{\"@type\":\"ReadAction\",\"target\":[\"https:\/\/www.patrick-koglin.com\/ausbildung\/timeline-coach\/\"]}]},{\"@type\":\"BreadcrumbList\",\"@id\":\"https:\/\/www.patrick-koglin.com\/ausbildung\/timeline-coach\/#breadcrumb\",\"itemListElement\":[{\"@type\":\"ListItem\",\"position\":1,\"name\":\"Startseite\",\"item\":\"https:\/\/www.patrick-koglin.com\/\"},{\"@type\":\"ListItem\",\"position\":2,\"name\":\"Ausbildung\",\"item\":\"https:\/\/www.patrick-koglin.com\/ausbildung\/\"},{\"@type\":\"ListItem\",\"position\":3,\"name\":\"Timeline-Coach Ausbildung\"}]},{\"@type\":\"WebSite\",\"@id\":\"https:\/\/www.patrick-koglin.com\/#website\",\"url\":\"https:\/\/www.patrick-koglin.com\/\",\"name\":\"PK Coaching - Patrick Koglin Unternehmensgruppe\",\"description\":\"PK Coaching, Business-Design &amp; Development\",\"publisher\":{\"@id\":\"https:\/\/www.patrick-koglin.com\/#organization\"},\"potentialAction\":[{\"@type\":\"SearchAction\",\"target\":{\"@type\":\"EntryPoint\",\"urlTemplate\":\"https:\/\/www.patrick-koglin.com\/?s={search_term_string}\"},\"query-input\":{\"@type\":\"PropertyValueSpecification\",\"valueRequired\":true,\"valueName\":\"search_term_string\"}}],\"inLanguage\":\"en-US\"},{\"@type\":\"Organization\",\"@id\":\"https:\/\/www.patrick-koglin.com\/#organization\",\"name\":\"Patrick Koglin | CEO von PK Coaching\",\"url\":\"https:\/\/www.patrick-koglin.com\/\",\"logo\":{\"@type\":\"ImageObject\",\"inLanguage\":\"en-US\",\"@id\":\"https:\/\/www.patrick-koglin.com\/#\/schema\/logo\/image\/\",\"url\":\"https:\/\/www.patrick-koglin.com\/wp-content\/uploads\/2025\/07\/cropped-PK16.png\",\"contentUrl\":\"https:\/\/www.patrick-koglin.com\/wp-content\/uploads\/2025\/07\/cropped-PK16.png\",\"width\":619,\"height\":287,\"caption\":\"Patrick Koglin | CEO von PK Coaching\"},\"image\":{\"@id\":\"https:\/\/www.patrick-koglin.com\/#\/schema\/logo\/image\/\"},\"sameAs\":[\"https:\/\/www.facebook.com\/profile.php?id=61566852463657\"]}]}<\/script>\n<!-- \/ Yoast SEO plugin. -->","yoast_head_json":{"title":"Timeline-Coach Ausbildung - Patrick Koglin","robots":{"index":"index","follow":"follow","max-snippet":"max-snippet:-1","max-image-preview":"max-image-preview:large","max-video-preview":"max-video-preview:-1"},"canonical":"https:\/\/www.patrick-koglin.com\/en\/ausbildung\/timeline-coach\/","og_locale":"en_US","og_type":"article","og_title":"Timeline-Coach Ausbildung - Patrick Koglin","og_description":"Meistere die Geschichte und heile die Wunden der Vergangenheit Professionelle Coaching-Ausbildung f\u00fcr Einsteiger ins Coaching oder bereits ausgebildete Experten Auch f\u00fcr Therapeuten, Personalverantwortliche, P\u00e4dagogische Fachkr\u00e4fte, Eltern sowie andere Fach- und F\u00fchrungskr\u00e4fte Wandle negative Emotionen und Erfahrungen aus der Vergangenheit Inhalt und Aufbau: Sehr effektives, strukturiertes und wirksames 60-90min\u00fctiges Coaching-Format um mehr Bewusstsein \u00fcber die eigene ... Read more","og_url":"https:\/\/www.patrick-koglin.com\/en\/ausbildung\/timeline-coach\/","og_site_name":"Patrick Koglin","article_publisher":"https:\/\/www.facebook.com\/profile.php?id=61566852463657","article_modified_time":"2024-11-04T12:53:42+00:00","twitter_card":"summary_large_image","twitter_misc":{"Est. reading time":"1 minute"},"schema":{"@context":"https:\/\/schema.org","@graph":[{"@type":"WebPage","@id":"https:\/\/www.patrick-koglin.com\/ausbildung\/timeline-coach\/","url":"https:\/\/www.patrick-koglin.com\/ausbildung\/timeline-coach\/","name":"Timeline-Coach Ausbildung - Patrick Koglin","isPartOf":{"@id":"https:\/\/www.patrick-koglin.com\/#website"},"datePublished":"2024-09-30T17:14:53+00:00","dateModified":"2024-11-04T12:53:42+00:00","breadcrumb":{"@id":"https:\/\/www.patrick-koglin.com\/ausbildung\/timeline-coach\/#breadcrumb"},"inLanguage":"en-US","potentialAction":[{"@type":"ReadAction","target":["https:\/\/www.patrick-koglin.com\/ausbildung\/timeline-coach\/"]}]},{"@type":"BreadcrumbList","@id":"https:\/\/www.patrick-koglin.com\/ausbildung\/timeline-coach\/#breadcrumb","itemListElement":[{"@type":"ListItem","position":1,"name":"Startseite","item":"https:\/\/www.patrick-koglin.com\/"},{"@type":"ListItem","position":2,"name":"Ausbildung","item":"https:\/\/www.patrick-koglin.com\/ausbildung\/"},{"@type":"ListItem","position":3,"name":"Timeline-Coach Ausbildung"}]},{"@type":"WebSite","@id":"https:\/\/www.patrick-koglin.com\/#website","url":"https:\/\/www.patrick-koglin.com\/","name":"PK Coaching - Patrick Koglin Unternehmensgruppe","description":"PK Coaching, Business-Design &amp; Development","publisher":{"@id":"https:\/\/www.patrick-koglin.com\/#organization"},"potentialAction":[{"@type":"SearchAction","target":{"@type":"EntryPoint","urlTemplate":"https:\/\/www.patrick-koglin.com\/?s={search_term_string}"},"query-input":{"@type":"PropertyValueSpecification","valueRequired":true,"valueName":"search_term_string"}}],"inLanguage":"en-US"},{"@type":"Organization","@id":"https:\/\/www.patrick-koglin.com\/#organization","name":"Patrick Koglin | CEO von PK Coaching","url":"https:\/\/www.patrick-koglin.com\/","logo":{"@type":"ImageObject","inLanguage":"en-US","@id":"https:\/\/www.patrick-koglin.com\/#\/schema\/logo\/image\/","url":"https:\/\/www.patrick-koglin.com\/wp-content\/uploads\/2025\/07\/cropped-PK16.png","contentUrl":"https:\/\/www.patrick-koglin.com\/wp-content\/uploads\/2025\/07\/cropped-PK16.png","width":619,"height":287,"caption":"Patrick Koglin | CEO von PK Coaching"},"image":{"@id":"https:\/\/www.patrick-koglin.com\/#\/schema\/logo\/image\/"},"sameAs":["https:\/\/www.facebook.com\/profile.php?id=61566852463657"]}]}},"_links":{"self":[{"href":"https:\/\/www.patrick-koglin.com\/en\/wp-json\/wp\/v2\/pages\/1789","targetHints":{"allow":["GET"]}}],"collection":[{"href":"https:\/\/www.patrick-koglin.com\/en\/wp-json\/wp\/v2\/pages"}],"about":[{"href":"https:\/\/www.patrick-koglin.com\/en\/wp-json\/wp\/v2\/types\/page"}],"author":[{"embeddable":true,"href":"https:\/\/www.patrick-koglin.com\/en\/wp-json\/wp\/v2\/users\/1"}],"replies":[{"embeddable":true,"href":"https:\/\/www.patrick-koglin.com\/en\/wp-json\/wp\/v2\/comments?post=1789"}],"version-history":[{"count":23,"href":"https:\/\/www.patrick-koglin.com\/en\/wp-json\/wp\/v2\/pages\/1789\/revisions"}],"predecessor-version":[{"id":4780,"href":"https:\/\/www.patrick-koglin.com\/en\/wp-json\/wp\/v2\/pages\/1789\/revisions\/4780"}],"up":[{"embeddable":true,"href":"https:\/\/www.patrick-koglin.com\/en\/wp-json\/wp\/v2\/pages\/1794"}],"wp:attachment":[{"href":"https:\/\/www.patrick-koglin.com\/en\/wp-json\/wp\/v2\/media?parent=1789"}],"curies":[{"name":"wp","href":"https:\/\/api.w.org\/{rel}","templated":true}]}}