{"id":1850,"date":"2024-09-30T19:45:01","date_gmt":"2024-09-30T17:45:01","guid":{"rendered":"https:\/\/www.patrick-koglin.com\/?page_id=1850"},"modified":"2024-10-11T10:57:32","modified_gmt":"2024-10-11T08:57:32","slug":"vak-coaching","status":"publish","type":"page","link":"https:\/\/www.patrick-koglin.com\/en\/coachings\/vak-coaching\/","title":{"rendered":"VAK-Coaching"},"content":{"rendered":"<p>VAK steht f\u00fcr &#8222;visuell&#8220;, &#8222;auditiv&#8220; und &#8222;kin\u00e4sthetisch&#8220;. Es handelt sich um eine zertifizierte Coaching-Vorgehensweise um Probleme und Herausforderungen zu l\u00f6sen.<\/p>\n\n\n\n<p>Bei einem VAK-Zielf\u00fchrungs-Coaching geht es darum ein bestehendes Problem in einem der acht \u00fcbergeordneten Lebensbereiche zu identifizieren, ein neues Ziel zu formulieren und dann in einer Entspannungsreise zu visualisieren. <\/p>\n\n\n\n<p>Die acht \u00fcbergeordeten Lebensbereiche sind: <em>Gesundheit<\/em>, <em>Beziehungen<\/em>, <em>Finanzen<\/em> &amp; Wohlstand, <em>Karriere und Beruf<\/em>, <em>Sozialer Beitrag<\/em> und <em>Feiern<\/em>, emotionale Fitness,<em> Liebe &amp; Partnerschaft<\/em>, Zeit und <em>pers\u00f6nliche Entwicklung<\/em>.<\/p>\n\n\n\n<p><strong>Die Preise f\u00fcr ein VAK-Coaching beginnen ab 149 \u20ac pro Session, inklusive 4 Wochen-Support per Messenger, E-Mail und Kurzgespr\u00e4chen. <\/strong><\/p>\n\n\n\n<div class=\"wp-block-buttons is-layout-flex wp-block-buttons-is-layout-flex\">\n<div class=\"wp-block-button\"><a class=\"wp-block-button__link has-accent-background-color has-background wp-element-button\" href=\"https:\/\/www.patrick-koglin.com\/en\/coaching\/vak-coaching\/kundenstimmen\/\" style=\"border-radius:5px\">Kundenstimmen<\/a><\/div>\n<\/div>","protected":false},"excerpt":{"rendered":"<p>VAK steht f\u00fcr &#8222;visuell&#8220;, &#8222;auditiv&#8220; und &#8222;kin\u00e4sthetisch&#8220;. Es handelt sich um eine zertifizierte Coaching-Vorgehensweise um Probleme und Herausforderungen zu l\u00f6sen. Bei einem VAK-Zielf\u00fchrungs-Coaching geht es darum ein bestehendes Problem in einem der acht \u00fcbergeordneten Lebensbereiche zu identifizieren, ein neues Ziel zu formulieren und dann in einer Entspannungsreise zu visualisieren. Die acht \u00fcbergeordeten Lebensbereiche sind: Gesundheit, &#8230; <a title=\"VAK-Coaching\" class=\"read-more\" href=\"https:\/\/www.patrick-koglin.com\/en\/coachings\/vak-coaching\/\" aria-label=\"Read more about VAK-Coaching\">Read more<\/a><\/p>","protected":false},"author":1,"featured_media":0,"parent":1826,"menu_order":0,"comment_status":"closed","ping_status":"closed","template":"","meta":{"footnotes":""},"class_list":["post-1850","page","type-page","status-publish"],"yoast_head":"<!-- This site is optimized with the Yoast SEO plugin v25.8 - https:\/\/yoast.com\/wordpress\/plugins\/seo\/ -->\n<title>VAK-Coaching - Patrick Koglin<\/title>\n<meta name=\"robots\" content=\"index, follow, max-snippet:-1, max-image-preview:large, max-video-preview:-1\" \/>\n<link rel=\"canonical\" href=\"https:\/\/www.patrick-koglin.com\/en\/coachings\/vak-coaching\/\" \/>\n<meta property=\"og:locale\" content=\"en_US\" \/>\n<meta property=\"og:type\" content=\"article\" \/>\n<meta property=\"og:title\" content=\"VAK-Coaching - Patrick Koglin\" \/>\n<meta property=\"og:description\" content=\"VAK steht f\u00fcr &#8222;visuell&#8220;, &#8222;auditiv&#8220; und &#8222;kin\u00e4sthetisch&#8220;. Es handelt sich um eine zertifizierte Coaching-Vorgehensweise um Probleme und Herausforderungen zu l\u00f6sen. Bei einem VAK-Zielf\u00fchrungs-Coaching geht es darum ein bestehendes Problem in einem der acht \u00fcbergeordneten Lebensbereiche zu identifizieren, ein neues Ziel zu formulieren und dann in einer Entspannungsreise zu visualisieren. Die acht \u00fcbergeordeten Lebensbereiche sind: Gesundheit, ... Read more\" \/>\n<meta property=\"og:url\" content=\"https:\/\/www.patrick-koglin.com\/en\/coachings\/vak-coaching\/\" \/>\n<meta property=\"og:site_name\" content=\"Patrick Koglin\" \/>\n<meta property=\"article:publisher\" content=\"https:\/\/www.facebook.com\/profile.php?id=61566852463657\" \/>\n<meta property=\"article:modified_time\" content=\"2024-10-11T08:57:32+00:00\" \/>\n<meta name=\"twitter:card\" content=\"summary_large_image\" \/>\n<meta name=\"twitter:label1\" content=\"Est. reading time\" \/>\n\t<meta name=\"twitter:data1\" content=\"1 minute\" \/>\n<script type=\"application\/ld+json\" class=\"yoast-schema-graph\">{\"@context\":\"https:\/\/schema.org\",\"@graph\":[{\"@type\":\"WebPage\",\"@id\":\"https:\/\/www.patrick-koglin.com\/coachings\/vak-coaching\/\",\"url\":\"https:\/\/www.patrick-koglin.com\/coachings\/vak-coaching\/\",\"name\":\"VAK-Coaching - Patrick Koglin\",\"isPartOf\":{\"@id\":\"https:\/\/www.patrick-koglin.com\/#website\"},\"datePublished\":\"2024-09-30T17:45:01+00:00\",\"dateModified\":\"2024-10-11T08:57:32+00:00\",\"breadcrumb\":{\"@id\":\"https:\/\/www.patrick-koglin.com\/coachings\/vak-coaching\/#breadcrumb\"},\"inLanguage\":\"en-US\",\"potentialAction\":[{\"@type\":\"ReadAction\",\"target\":[\"https:\/\/www.patrick-koglin.com\/coachings\/vak-coaching\/\"]}]},{\"@type\":\"BreadcrumbList\",\"@id\":\"https:\/\/www.patrick-koglin.com\/coachings\/vak-coaching\/#breadcrumb\",\"itemListElement\":[{\"@type\":\"ListItem\",\"position\":1,\"name\":\"Startseite\",\"item\":\"https:\/\/www.patrick-koglin.com\/\"},{\"@type\":\"ListItem\",\"position\":2,\"name\":\"Coaching-Bereiche\",\"item\":\"https:\/\/www.patrick-koglin.com\/coachings\/\"},{\"@type\":\"ListItem\",\"position\":3,\"name\":\"VAK-Coaching\"}]},{\"@type\":\"WebSite\",\"@id\":\"https:\/\/www.patrick-koglin.com\/#website\",\"url\":\"https:\/\/www.patrick-koglin.com\/\",\"name\":\"PK Coaching - Patrick Koglin Unternehmensgruppe\",\"description\":\"PK Coaching, Business-Design &amp; Development\",\"publisher\":{\"@id\":\"https:\/\/www.patrick-koglin.com\/#organization\"},\"potentialAction\":[{\"@type\":\"SearchAction\",\"target\":{\"@type\":\"EntryPoint\",\"urlTemplate\":\"https:\/\/www.patrick-koglin.com\/?s={search_term_string}\"},\"query-input\":{\"@type\":\"PropertyValueSpecification\",\"valueRequired\":true,\"valueName\":\"search_term_string\"}}],\"inLanguage\":\"en-US\"},{\"@type\":\"Organization\",\"@id\":\"https:\/\/www.patrick-koglin.com\/#organization\",\"name\":\"Patrick Koglin | CEO von PK Coaching\",\"url\":\"https:\/\/www.patrick-koglin.com\/\",\"logo\":{\"@type\":\"ImageObject\",\"inLanguage\":\"en-US\",\"@id\":\"https:\/\/www.patrick-koglin.com\/#\/schema\/logo\/image\/\",\"url\":\"https:\/\/www.patrick-koglin.com\/wp-content\/uploads\/2025\/07\/cropped-PK16.png\",\"contentUrl\":\"https:\/\/www.patrick-koglin.com\/wp-content\/uploads\/2025\/07\/cropped-PK16.png\",\"width\":619,\"height\":287,\"caption\":\"Patrick Koglin | CEO von PK Coaching\"},\"image\":{\"@id\":\"https:\/\/www.patrick-koglin.com\/#\/schema\/logo\/image\/\"},\"sameAs\":[\"https:\/\/www.facebook.com\/profile.php?id=61566852463657\"]}]}<\/script>\n<!-- \/ Yoast SEO plugin. -->","yoast_head_json":{"title":"VAK-Coaching - Patrick Koglin","robots":{"index":"index","follow":"follow","max-snippet":"max-snippet:-1","max-image-preview":"max-image-preview:large","max-video-preview":"max-video-preview:-1"},"canonical":"https:\/\/www.patrick-koglin.com\/en\/coachings\/vak-coaching\/","og_locale":"en_US","og_type":"article","og_title":"VAK-Coaching - Patrick Koglin","og_description":"VAK steht f\u00fcr &#8222;visuell&#8220;, &#8222;auditiv&#8220; und &#8222;kin\u00e4sthetisch&#8220;. Es handelt sich um eine zertifizierte Coaching-Vorgehensweise um Probleme und Herausforderungen zu l\u00f6sen. Bei einem VAK-Zielf\u00fchrungs-Coaching geht es darum ein bestehendes Problem in einem der acht \u00fcbergeordneten Lebensbereiche zu identifizieren, ein neues Ziel zu formulieren und dann in einer Entspannungsreise zu visualisieren. Die acht \u00fcbergeordeten Lebensbereiche sind: Gesundheit, ... Read more","og_url":"https:\/\/www.patrick-koglin.com\/en\/coachings\/vak-coaching\/","og_site_name":"Patrick Koglin","article_publisher":"https:\/\/www.facebook.com\/profile.php?id=61566852463657","article_modified_time":"2024-10-11T08:57:32+00:00","twitter_card":"summary_large_image","twitter_misc":{"Est. reading time":"1 minute"},"schema":{"@context":"https:\/\/schema.org","@graph":[{"@type":"WebPage","@id":"https:\/\/www.patrick-koglin.com\/coachings\/vak-coaching\/","url":"https:\/\/www.patrick-koglin.com\/coachings\/vak-coaching\/","name":"VAK-Coaching - Patrick Koglin","isPartOf":{"@id":"https:\/\/www.patrick-koglin.com\/#website"},"datePublished":"2024-09-30T17:45:01+00:00","dateModified":"2024-10-11T08:57:32+00:00","breadcrumb":{"@id":"https:\/\/www.patrick-koglin.com\/coachings\/vak-coaching\/#breadcrumb"},"inLanguage":"en-US","potentialAction":[{"@type":"ReadAction","target":["https:\/\/www.patrick-koglin.com\/coachings\/vak-coaching\/"]}]},{"@type":"BreadcrumbList","@id":"https:\/\/www.patrick-koglin.com\/coachings\/vak-coaching\/#breadcrumb","itemListElement":[{"@type":"ListItem","position":1,"name":"Startseite","item":"https:\/\/www.patrick-koglin.com\/"},{"@type":"ListItem","position":2,"name":"Coaching-Bereiche","item":"https:\/\/www.patrick-koglin.com\/coachings\/"},{"@type":"ListItem","position":3,"name":"VAK-Coaching"}]},{"@type":"WebSite","@id":"https:\/\/www.patrick-koglin.com\/#website","url":"https:\/\/www.patrick-koglin.com\/","name":"PK Coaching - Patrick Koglin Unternehmensgruppe","description":"PK Coaching, Business-Design &amp; Development","publisher":{"@id":"https:\/\/www.patrick-koglin.com\/#organization"},"potentialAction":[{"@type":"SearchAction","target":{"@type":"EntryPoint","urlTemplate":"https:\/\/www.patrick-koglin.com\/?s={search_term_string}"},"query-input":{"@type":"PropertyValueSpecification","valueRequired":true,"valueName":"search_term_string"}}],"inLanguage":"en-US"},{"@type":"Organization","@id":"https:\/\/www.patrick-koglin.com\/#organization","name":"Patrick Koglin | CEO von PK Coaching","url":"https:\/\/www.patrick-koglin.com\/","logo":{"@type":"ImageObject","inLanguage":"en-US","@id":"https:\/\/www.patrick-koglin.com\/#\/schema\/logo\/image\/","url":"https:\/\/www.patrick-koglin.com\/wp-content\/uploads\/2025\/07\/cropped-PK16.png","contentUrl":"https:\/\/www.patrick-koglin.com\/wp-content\/uploads\/2025\/07\/cropped-PK16.png","width":619,"height":287,"caption":"Patrick Koglin | CEO von PK Coaching"},"image":{"@id":"https:\/\/www.patrick-koglin.com\/#\/schema\/logo\/image\/"},"sameAs":["https:\/\/www.facebook.com\/profile.php?id=61566852463657"]}]}},"_links":{"self":[{"href":"https:\/\/www.patrick-koglin.com\/en\/wp-json\/wp\/v2\/pages\/1850","targetHints":{"allow":["GET"]}}],"collection":[{"href":"https:\/\/www.patrick-koglin.com\/en\/wp-json\/wp\/v2\/pages"}],"about":[{"href":"https:\/\/www.patrick-koglin.com\/en\/wp-json\/wp\/v2\/types\/page"}],"author":[{"embeddable":true,"href":"https:\/\/www.patrick-koglin.com\/en\/wp-json\/wp\/v2\/users\/1"}],"replies":[{"embeddable":true,"href":"https:\/\/www.patrick-koglin.com\/en\/wp-json\/wp\/v2\/comments?post=1850"}],"version-history":[{"count":5,"href":"https:\/\/www.patrick-koglin.com\/en\/wp-json\/wp\/v2\/pages\/1850\/revisions"}],"predecessor-version":[{"id":1868,"href":"https:\/\/www.patrick-koglin.com\/en\/wp-json\/wp\/v2\/pages\/1850\/revisions\/1868"}],"up":[{"embeddable":true,"href":"https:\/\/www.patrick-koglin.com\/en\/wp-json\/wp\/v2\/pages\/1826"}],"wp:attachment":[{"href":"https:\/\/www.patrick-koglin.com\/en\/wp-json\/wp\/v2\/media?parent=1850"}],"curies":[{"name":"wp","href":"https:\/\/api.w.org\/{rel}","templated":true}]}}