{"id":1934,"date":"2024-09-30T20:37:55","date_gmt":"2024-09-30T18:37:55","guid":{"rendered":"https:\/\/www.patrick-koglin.com\/?page_id=1934"},"modified":"2024-10-11T10:57:41","modified_gmt":"2024-10-11T08:57:41","slug":"kundenfeedback","status":"publish","type":"page","link":"https:\/\/www.patrick-koglin.com\/en\/coachings\/timeline-coaching\/kundenfeedback\/","title":{"rendered":"Kundenfeedback"},"content":{"rendered":"<h2 class=\"wp-block-heading\">aus dem Timeline-Coaching bei Patrick Koglin<\/h2>\n\n\n\n<hr class=\"wp-block-separator has-alpha-channel-opacity\"\/>\n\n\n\n<h3 class=\"wp-block-heading has-text-align-center\"><em>Sehr wertvoll, ich kann ihn w\u00e4rmstens empfehlen!<\/em><\/h3>\n\n\n<div class=\"wp-block-image is-style-rounded\">\n<figure class=\"aligncenter size-full is-resized\"><img fetchpriority=\"high\" decoding=\"async\" width=\"275\" height=\"183\" src=\"https:\/\/www.patrick-koglin.com\/wp-content\/uploads\/2024\/10\/Nicole-Montavon.jpeg\" alt=\"\" class=\"wp-image-2718\" style=\"aspect-ratio:1;object-fit:cover;width:203px;height:auto\"\/><\/figure>\n<\/div>\n\n\n<p class=\"has-text-align-center\">\u2b50\u2b50\u2b50\u2b50\u2b50<\/p>\n\n\n\n<p class=\"has-text-align-center has-medium-font-size\">&#8222;Patrick Koglin verbindet in seiner Arbeit sein Wissen mit Intuition und Feinf\u00fchligkeit. Ich hatte zwei sehr aufbauende Gespr\u00e4che mit ihm, wo er mir mit seinen Fragen dabei geholfen hat, meine <strong>Herzensantworten zu Beziehungsthemen<\/strong> zu finden. <\/p>\n\n\n\n<p class=\"has-text-align-center has-medium-font-size\">Wichtig und wertvoll fand ich dabei, dass er nicht einfach \u201eein Programm\u201c durchzieht, sondern eben intuitiv entscheidet, mit welchen Tools er am besten helfen kann. Er bietet Hilfe zur Selbsthilfe. <\/p>\n\n\n\n<p class=\"has-text-align-center has-medium-font-size\"><strong>Er reflektiert auch immer sein eigenes Handeln und seine eigenen Themen<\/strong>, also nicht im Gespr\u00e4ch, aber das weiss ich von seinen Posts auf <a href=\"https:\/\/www.patrick-koglin.com\/en\/facebook\/\" target=\"_blank\" rel=\"noreferrer noopener\">Facebook<\/a>. Und das zeigt mir, dass er selber lebt, was er anderen weitergibt. Dadurch ist es <strong>lebendig <\/strong>und <strong>authentisch<\/strong>. <strong>Sehr wertvoll, ich kann ihn w\u00e4rmstens empfehlen<\/strong>! Vielen Dank, lieber Patrick!&#8220;<\/p>\n\n\n\n<p class=\"has-text-align-center\">Nicole Montavon, 14. Januar 2022, Schweiz<\/p>\n\n\n\n<hr class=\"wp-block-separator has-alpha-channel-opacity\"\/>\n\n\n\n<p class=\"has-text-align-center has-medium-font-size\"><em>&#8222;Ich bin seit 5 Jahren in einer Verhaltenstherapie und Patrick schafft es in 1 Stunde Geschehnisse aufzul\u00f6sen, zu verarbeiten und dein Leben klar zu gestalten \ud83e\udd73\ud83e\udd73\ud83d\ude03 Echter Held ,ich bin mega gl\u00fccklich und dankbar dich im Leben kennengelernt&nbsp;zu&nbsp;haben.\u201c<\/em><\/p>\n\n\n\n<p class=\"has-text-align-center has-medium-font-size\">\u2b50\u2b50\u2b50\u2b50\u2b50<\/p>\n\n\n\n<p class=\"has-text-align-center has-medium-font-size\">Selvedina Duratovic, November 2023<\/p>\n\n\n\n<hr class=\"wp-block-separator has-alpha-channel-opacity\"\/>\n\n\n\n<div class=\"wp-block-columns is-layout-flex wp-container-core-columns-is-layout-9d6595d7 wp-block-columns-is-layout-flex\">\n<div class=\"wp-block-column is-layout-flow wp-block-column-is-layout-flow\" style=\"flex-basis:33.33%\">\n<h3 class=\"wp-block-heading has-text-align-center\">Nadine Fernandez<\/h3>\n\n\n\n<p class=\"has-text-align-center\">T\u00e4nzerin und Mutter, <br>16. September 2021<\/p>\n<\/div>\n\n\n\n<div class=\"wp-block-column is-layout-flow wp-block-column-is-layout-flow\" style=\"flex-basis:66.66%\">\n<h3 class=\"wp-block-heading has-text-align-center\">Professionell, einf\u00fchlsam und verst\u00e4ndnisvoll<\/h3>\n\n\n\n<p class=\"has-text-align-center\">\u2b50\u2b50\u2b50\u2b50\u2b50<\/p>\n\n\n\n<p class=\"has-text-align-center has-medium-font-size\">&#8222;<em>Ich danke Patrick Koglin f\u00fcr seine geduldige, ruhige und einf\u00fchlsame Art und Weise wie er mit mir gearbeitet hat. Er hat sich mehr Zeit genommen als ich erwartet habe. Er h\u00f6rte mir interessiert zu und hat meine Themen angenommen, viel Verst\u00e4ndnis gezeigt und den passenden Prozess ausgew\u00e4hlt. Ich konnte durch seine Art und durch seine Professionalit\u00e4t rasch Vertrauen finden.<br>Vielen herzlichen Dank!&#8220;<\/em><\/p>\n<\/div>\n<\/div>\n\n\n\n<hr class=\"wp-block-separator has-alpha-channel-opacity\"\/>\n\n\n\n<p class=\"has-text-align-center\"><a href=\"https:\/\/www.patrick-koglin.com\/en\/kundenstimmen\/\"><em>zur\u00fcck zu den Kundenstimmen<\/em><\/a><\/p>\n\n\n\n<hr class=\"wp-block-separator has-alpha-channel-opacity\"\/>\n\n\n<div class=\"wp-block-image is-style-rounded\">\n<figure class=\"aligncenter size-full\"><img decoding=\"async\" width=\"225\" height=\"224\" src=\"https:\/\/www.patrick-koglin.com\/wp-content\/uploads\/2024\/09\/Vanessas-Schnittstelle.jpeg\" alt=\"\" class=\"wp-image-2077\" srcset=\"https:\/\/www.patrick-koglin.com\/wp-content\/uploads\/2024\/09\/Vanessas-Schnittstelle.jpeg 225w, https:\/\/www.patrick-koglin.com\/wp-content\/uploads\/2024\/09\/Vanessas-Schnittstelle-150x150.jpeg 150w\" sizes=\"(max-width: 225px) 100vw, 225px\" \/><\/figure>\n<\/div>\n\n\n<h3 class=\"wp-block-heading has-text-align-center\">Vanessa<\/h3>\n\n\n\n<p class=\"has-text-align-center\">Friseurmeisterin, 24. Mai 2023<\/p>\n\n\n\n<p class=\"has-text-align-center\">\u2b50\u2b50\u2b50\u2b50\u2b50<\/p>\n\n\n\n<h2 class=\"wp-block-heading has-text-align-center\"><em>&#8222;Coach mit Herz und Verstand&#8220;<\/em><\/h2>\n\n\n\n<p class=\"has-text-align-center has-medium-font-size\">&#8222;<em>Wow, Patrick hatte mit mir einen Timeline-Prozess durchgef\u00fchrt und wir haben mit der Zeit Linie der Vergangenheit gearbeitet. Es war eine wundervolle Erfahrung. Patrick ist sehr liebevoll, strukturiert und auch humorvoll. Er hat mich echt abgeholt, und eine bestimmte Angst in mir gel\u00f6st. Vielen Dank f\u00fcr diese wertvolle Erfahrung, und auch die wertvollen Impulse, die du mir immer gibst ;)&#8220;<\/em><\/p>\n\n\n\n<hr class=\"wp-block-separator has-alpha-channel-opacity\"\/>\n\n\n\n<p class=\"has-medium-font-size\"><em>\u2b50\u2b50\u2b50\u2b50\u2b50 &#8222;Patrick ist die Ruhe selbst, entspannt, offen, zuh\u00f6rend und verstehend begleitet er mich zu meinen Fragen, h\u00f6rt sich meine Herausforderungen an und begleitet mich in ein Prozess der Aufl\u00f6sung. Ich bin dankbar f\u00fcr diesen Weg, dass ich ihn kennengelernt habe. :-)&#8220;<\/em>. Rico S., 20. November 2022<\/p>\n\n\n\n<hr class=\"wp-block-separator has-alpha-channel-opacity\"\/>\n\n\n\n<div class=\"wp-block-columns is-layout-flex wp-container-core-columns-is-layout-9d6595d7 wp-block-columns-is-layout-flex\">\n<div class=\"wp-block-column is-layout-flow wp-block-column-is-layout-flow\" style=\"flex-basis:66.66%\">\n<h2 class=\"wp-block-heading has-text-align-center\"><em>Einfach grandios<\/em><\/h2>\n\n\n\n<p class=\"has-text-align-center has-medium-font-size\">&#8222;Patrick hat mich im Gespr\u00e4ch direkt abgeholt, quasi an die Hand genommen und mir in meiner dunklen Stra\u00dfe meines Lebens, eine Laterne eingeschaltet. Ich habe das Gef\u00fchl gehabt, dass er das Buch meines Lebens, nach dem ich mein Leben lang suche um das R\u00e4tsel zu l\u00f6sen, aufgeschlagen hat. Einfach grandios! Ich habe ein Gesehautmoment nach dem anderen erlebt. Das ist unbezahlbar! DANKE lieber Patrick.&#8220;<\/p>\n<\/div>\n\n\n\n<div class=\"wp-block-column is-layout-flow wp-block-column-is-layout-flow\" style=\"flex-basis:33.33%\"><div class=\"wp-block-image is-style-rounded\">\n<figure class=\"aligncenter size-full\"><img decoding=\"async\" width=\"73\" height=\"73\" src=\"https:\/\/www.patrick-koglin.com\/wp-content\/uploads\/2024\/09\/Anna-Mielcarek.png\" alt=\"\" class=\"wp-image-2199\"\/><\/figure>\n<\/div>\n\n\n<p class=\"has-text-align-center\">\u2b50\u2b50\u2b50\u2b50\u2b50<\/p>\n\n\n\n<h3 class=\"wp-block-heading has-text-align-center\">Anna Mielcarek<\/h3>\n\n\n\n<p class=\"has-text-align-center\">7. Oktober 2022<\/p>\n<\/div>\n<\/div>\n\n\n\n<hr class=\"wp-block-separator has-alpha-channel-opacity\"\/>\n\n\n\n<div class=\"wp-block-columns is-layout-flex wp-container-core-columns-is-layout-9d6595d7 wp-block-columns-is-layout-flex\">\n<div class=\"wp-block-column is-layout-flow wp-block-column-is-layout-flow\" style=\"flex-basis:33.33%\">\n<p class=\"has-text-align-center\">\u2b50\u2b50\u2b50\u2b50\u2b50<\/p>\n\n\n\n<h3 class=\"wp-block-heading has-text-align-center\">Susanne Gerter<\/h3>\n\n\n\n<p class=\"has-text-align-center\">2022<\/p>\n<\/div>\n\n\n\n<div class=\"wp-block-column is-layout-flow wp-block-column-is-layout-flow\" style=\"flex-basis:66.66%\">\n<h3 class=\"wp-block-heading has-text-align-center\"><em>Mein Tag heute ist voller Freude<\/em><\/h3>\n\n\n\n<p class=\"has-text-align-center has-medium-font-size\">&#8222;Wir haben ein undienliches Gef\u00fchl so ver\u00e4ndert, bis es sich gut angef\u00fchlt hat und wieder integriert werden durfte. Mein Tag heute ist voller Freude, voller Leichtigkeit. Ich bin mit mir so im Einklang wie schon lange nicht mehr! Ich habe eine innere Ruhe, die ich so fast nicht kenne.<br>Wow! Danke f\u00fcr diese Erfahrung!&#8220;<\/p>\n<\/div>\n<\/div>\n\n\n\n<hr class=\"wp-block-separator has-alpha-channel-opacity\"\/>\n\n\n\n<div class=\"wp-block-columns is-layout-flex wp-container-core-columns-is-layout-9d6595d7 wp-block-columns-is-layout-flex\">\n<div class=\"wp-block-column is-layout-flow wp-block-column-is-layout-flow\" style=\"flex-basis:66.66%\">\n<h3 class=\"wp-block-heading has-text-align-center\"><em>Professionelle und strukturierte Vorgehensweise<\/em><\/h3>\n\n\n\n<p class=\"has-text-align-center has-medium-font-size\">&#8222;Patrick hat sich Zeit genommen und ich hab mich verstanden gef\u00fchlt. Die professionelle und strukturierte Vorgehensweise hat es mir sehr leicht gemacht mich darauf einzulassen.&#8220;<\/p>\n<\/div>\n\n\n\n<div class=\"wp-block-column is-layout-flow wp-block-column-is-layout-flow\" style=\"flex-basis:33.33%\">\n<p class=\"has-text-align-center\">\u2b50\u2b50\u2b50\u2b50\u2b50<\/p>\n\n\n\n<h2 class=\"wp-block-heading has-text-align-center\">Udo Buck<\/h2>\n\n\n\n<p class=\"has-text-align-center\"><em>25. Mai 2022<\/em><\/p>\n<\/div>\n<\/div>\n\n\n\n<hr class=\"wp-block-separator has-alpha-channel-opacity\"\/>\n\n\n<div class=\"wp-block-image is-style-rounded\">\n<figure class=\"aligncenter size-full is-resized\"><img loading=\"lazy\" decoding=\"async\" width=\"204\" height=\"192\" src=\"https:\/\/www.patrick-koglin.com\/wp-content\/uploads\/2024\/10\/Susann-Nartschik.jpeg\" alt=\"\" class=\"wp-image-2379\" style=\"width:142px;height:auto\"\/><\/figure>\n<\/div>\n\n\n<h2 class=\"wp-block-heading has-text-align-center\"><em>Hilfreiche Befreiung<\/em><\/h2>\n\n\n\n<p class=\"has-text-align-center\">\u2b50\u2b50\u2b50\u2b50\u2b50<\/p>\n\n\n\n<p class=\"has-text-align-center has-medium-font-size\">&#8222;Patrick war super einf\u00fchlsam, empathisch und hat SOFORT mein Thema erkannt. Das Geniale an Patrick ist, dass er sich selbst nicht mit einbringt, sondern wirklich neutral arbeitet. Er ist in die Tiefe gegangen, hat alles &#8222;verstanden&#8220; ohne gro\u00dfe Erkl\u00e4rungen und war 100% bei mir. Seine Technik, die Bilder im Kopf zu ver\u00e4ndern, wirkt. Ich danke dir sehr f\u00fcr diese 2 wunderbaren, hilfreichen Befreiungs-Stunden!!&#8220;<\/p>\n\n\n\n<p class=\"has-text-align-center has-medium-font-size\">Susann Nartschik, 8. September 2021<\/p>\n\n\n\n<hr class=\"wp-block-separator has-alpha-channel-opacity\"\/>\n\n\n\n<h2 class=\"wp-block-heading has-text-align-center\"><em>wieder Lebensmut<\/em><\/h2>\n\n\n\n<p class=\"has-text-align-center\">\u2b50\u2b50\u2b50\u2b50\u2b50<\/p>\n\n\n\n<p class=\"has-text-align-center has-medium-font-size\">&#8222;Ich wurde von Patrick Koglin gecoacht! Ich habe durch seine Technik und sein Einf\u00fchlungsverm\u00f6gen <strong>wieder eine Ausrichtung in die Zukunft<\/strong> bekommen! <em>Ich war so in meinen Fehlern verhaftet das ich den Glauben an das Leben verloren hatte<\/em>! Ich habe alles getan um dem zu entkommen doch ich hatte <em>keine Perspektive<\/em> und wollte mich hinlegen und einfach sterben! <\/p>\n\n\n\n<p class=\"has-text-align-center has-medium-font-size\"><strong>Er hat mich mental wieder mit meinen Erfolgen verbunden!<\/strong> Dadurch habe ich wieder <strong>Lebensmut <\/strong>erlangt in einer schwierigen Zeit ! Also volle Punktzahl! Danke lieber Patrick Koglin f\u00fcr dein Sein und Tun!&#8220;<\/p>\n\n\n\n<p class=\"has-text-align-center has-medium-font-size\">Doris Kastens, 5.11.2020<\/p>\n\n\n\n<hr class=\"wp-block-separator has-alpha-channel-opacity\"\/>\n\n\n\n<p><a href=\"https:\/\/www.patrick-koglin.com\/en\/coaching\/timeline-coaching\/kundenfeedback\/\">Sei<\/a><a href=\"https:\/\/www.patrick-koglin.com\/en\/coaching\/timeline-coaching\/kundenstimmen-2\/\">te 2<\/a><\/p>\n\n\n\n<p><a href=\"https:\/\/www.patrick-koglin.com\/en\/kundenstimmen\/\"><em>zur\u00fcck zu den Kundenstimmen<\/em><\/a><\/p>","protected":false},"excerpt":{"rendered":"<p>aus dem Timeline-Coaching bei Patrick Koglin Sehr wertvoll, ich kann ihn w\u00e4rmstens empfehlen! \u2b50\u2b50\u2b50\u2b50\u2b50 &#8222;Patrick Koglin verbindet in seiner Arbeit sein Wissen mit Intuition und Feinf\u00fchligkeit. Ich hatte zwei sehr aufbauende Gespr\u00e4che mit ihm, wo er mir mit seinen Fragen dabei geholfen hat, meine Herzensantworten zu Beziehungsthemen zu finden. Wichtig und wertvoll fand ich dabei, &#8230; <a title=\"Kundenfeedback\" class=\"read-more\" href=\"https:\/\/www.patrick-koglin.com\/en\/coachings\/timeline-coaching\/kundenfeedback\/\" aria-label=\"Read more about Kundenfeedback\">Read more<\/a><\/p>","protected":false},"author":1,"featured_media":0,"parent":1931,"menu_order":0,"comment_status":"closed","ping_status":"closed","template":"","meta":{"footnotes":""},"class_list":["post-1934","page","type-page","status-publish"],"yoast_head":"<!-- This site is optimized with the Yoast SEO plugin v25.8 - https:\/\/yoast.com\/wordpress\/plugins\/seo\/ -->\n<title>Kundenfeedback - Patrick Koglin<\/title>\n<meta name=\"robots\" content=\"index, follow, max-snippet:-1, max-image-preview:large, max-video-preview:-1\" \/>\n<link rel=\"canonical\" href=\"https:\/\/www.patrick-koglin.com\/en\/coachings\/timeline-coaching\/kundenfeedback\/\" \/>\n<meta property=\"og:locale\" content=\"en_US\" \/>\n<meta property=\"og:type\" content=\"article\" \/>\n<meta property=\"og:title\" content=\"Kundenfeedback - Patrick Koglin\" \/>\n<meta property=\"og:description\" content=\"aus dem Timeline-Coaching bei Patrick Koglin Sehr wertvoll, ich kann ihn w\u00e4rmstens empfehlen! \u2b50\u2b50\u2b50\u2b50\u2b50 &#8222;Patrick Koglin verbindet in seiner Arbeit sein Wissen mit Intuition und Feinf\u00fchligkeit. Ich hatte zwei sehr aufbauende Gespr\u00e4che mit ihm, wo er mir mit seinen Fragen dabei geholfen hat, meine Herzensantworten zu Beziehungsthemen zu finden. Wichtig und wertvoll fand ich dabei, ... Read more\" \/>\n<meta property=\"og:url\" content=\"https:\/\/www.patrick-koglin.com\/en\/coachings\/timeline-coaching\/kundenfeedback\/\" \/>\n<meta property=\"og:site_name\" content=\"Patrick Koglin\" \/>\n<meta property=\"article:publisher\" content=\"https:\/\/www.facebook.com\/profile.php?id=61566852463657\" \/>\n<meta property=\"article:modified_time\" content=\"2024-10-11T08:57:41+00:00\" \/>\n<meta property=\"og:image\" content=\"https:\/\/www.patrick-koglin.com\/wp-content\/uploads\/2024\/10\/Nicole-Montavon.jpeg\" \/>\n<meta name=\"twitter:card\" content=\"summary_large_image\" \/>\n<meta name=\"twitter:label1\" content=\"Est. reading time\" \/>\n\t<meta name=\"twitter:data1\" content=\"5 minutes\" \/>\n<script type=\"application\/ld+json\" class=\"yoast-schema-graph\">{\"@context\":\"https:\/\/schema.org\",\"@graph\":[{\"@type\":\"WebPage\",\"@id\":\"https:\/\/www.patrick-koglin.com\/coachings\/timeline-coaching\/kundenfeedback\/\",\"url\":\"https:\/\/www.patrick-koglin.com\/coachings\/timeline-coaching\/kundenfeedback\/\",\"name\":\"Kundenfeedback - Patrick Koglin\",\"isPartOf\":{\"@id\":\"https:\/\/www.patrick-koglin.com\/#website\"},\"primaryImageOfPage\":{\"@id\":\"https:\/\/www.patrick-koglin.com\/coachings\/timeline-coaching\/kundenfeedback\/#primaryimage\"},\"image\":{\"@id\":\"https:\/\/www.patrick-koglin.com\/coachings\/timeline-coaching\/kundenfeedback\/#primaryimage\"},\"thumbnailUrl\":\"https:\/\/www.patrick-koglin.com\/wp-content\/uploads\/2024\/10\/Nicole-Montavon.jpeg\",\"datePublished\":\"2024-09-30T18:37:55+00:00\",\"dateModified\":\"2024-10-11T08:57:41+00:00\",\"breadcrumb\":{\"@id\":\"https:\/\/www.patrick-koglin.com\/coachings\/timeline-coaching\/kundenfeedback\/#breadcrumb\"},\"inLanguage\":\"en-US\",\"potentialAction\":[{\"@type\":\"ReadAction\",\"target\":[\"https:\/\/www.patrick-koglin.com\/coachings\/timeline-coaching\/kundenfeedback\/\"]}]},{\"@type\":\"ImageObject\",\"inLanguage\":\"en-US\",\"@id\":\"https:\/\/www.patrick-koglin.com\/coachings\/timeline-coaching\/kundenfeedback\/#primaryimage\",\"url\":\"https:\/\/www.patrick-koglin.com\/wp-content\/uploads\/2024\/10\/Nicole-Montavon.jpeg\",\"contentUrl\":\"https:\/\/www.patrick-koglin.com\/wp-content\/uploads\/2024\/10\/Nicole-Montavon.jpeg\"},{\"@type\":\"BreadcrumbList\",\"@id\":\"https:\/\/www.patrick-koglin.com\/coachings\/timeline-coaching\/kundenfeedback\/#breadcrumb\",\"itemListElement\":[{\"@type\":\"ListItem\",\"position\":1,\"name\":\"Startseite\",\"item\":\"https:\/\/www.patrick-koglin.com\/\"},{\"@type\":\"ListItem\",\"position\":2,\"name\":\"Coaching-Bereiche\",\"item\":\"https:\/\/www.patrick-koglin.com\/coachings\/\"},{\"@type\":\"ListItem\",\"position\":3,\"name\":\"Timeline-Coaching\",\"item\":\"https:\/\/www.patrick-koglin.com\/coachings\/timeline-coaching\/\"},{\"@type\":\"ListItem\",\"position\":4,\"name\":\"Kundenfeedback\"}]},{\"@type\":\"WebSite\",\"@id\":\"https:\/\/www.patrick-koglin.com\/#website\",\"url\":\"https:\/\/www.patrick-koglin.com\/\",\"name\":\"PK Coaching - Patrick Koglin Unternehmensgruppe\",\"description\":\"PK Coaching, Business-Design &amp; Development\",\"publisher\":{\"@id\":\"https:\/\/www.patrick-koglin.com\/#organization\"},\"potentialAction\":[{\"@type\":\"SearchAction\",\"target\":{\"@type\":\"EntryPoint\",\"urlTemplate\":\"https:\/\/www.patrick-koglin.com\/?s={search_term_string}\"},\"query-input\":{\"@type\":\"PropertyValueSpecification\",\"valueRequired\":true,\"valueName\":\"search_term_string\"}}],\"inLanguage\":\"en-US\"},{\"@type\":\"Organization\",\"@id\":\"https:\/\/www.patrick-koglin.com\/#organization\",\"name\":\"Patrick Koglin | CEO von PK Coaching\",\"url\":\"https:\/\/www.patrick-koglin.com\/\",\"logo\":{\"@type\":\"ImageObject\",\"inLanguage\":\"en-US\",\"@id\":\"https:\/\/www.patrick-koglin.com\/#\/schema\/logo\/image\/\",\"url\":\"https:\/\/www.patrick-koglin.com\/wp-content\/uploads\/2025\/07\/cropped-PK16.png\",\"contentUrl\":\"https:\/\/www.patrick-koglin.com\/wp-content\/uploads\/2025\/07\/cropped-PK16.png\",\"width\":619,\"height\":287,\"caption\":\"Patrick Koglin | CEO von PK Coaching\"},\"image\":{\"@id\":\"https:\/\/www.patrick-koglin.com\/#\/schema\/logo\/image\/\"},\"sameAs\":[\"https:\/\/www.facebook.com\/profile.php?id=61566852463657\"]}]}<\/script>\n<!-- \/ Yoast SEO plugin. -->","yoast_head_json":{"title":"Kundenfeedback - Patrick Koglin","robots":{"index":"index","follow":"follow","max-snippet":"max-snippet:-1","max-image-preview":"max-image-preview:large","max-video-preview":"max-video-preview:-1"},"canonical":"https:\/\/www.patrick-koglin.com\/en\/coachings\/timeline-coaching\/kundenfeedback\/","og_locale":"en_US","og_type":"article","og_title":"Kundenfeedback - Patrick Koglin","og_description":"aus dem Timeline-Coaching bei Patrick Koglin Sehr wertvoll, ich kann ihn w\u00e4rmstens empfehlen! \u2b50\u2b50\u2b50\u2b50\u2b50 &#8222;Patrick Koglin verbindet in seiner Arbeit sein Wissen mit Intuition und Feinf\u00fchligkeit. Ich hatte zwei sehr aufbauende Gespr\u00e4che mit ihm, wo er mir mit seinen Fragen dabei geholfen hat, meine Herzensantworten zu Beziehungsthemen zu finden. Wichtig und wertvoll fand ich dabei, ... Read more","og_url":"https:\/\/www.patrick-koglin.com\/en\/coachings\/timeline-coaching\/kundenfeedback\/","og_site_name":"Patrick Koglin","article_publisher":"https:\/\/www.facebook.com\/profile.php?id=61566852463657","article_modified_time":"2024-10-11T08:57:41+00:00","og_image":[{"url":"https:\/\/www.patrick-koglin.com\/wp-content\/uploads\/2024\/10\/Nicole-Montavon.jpeg","type":"","width":"","height":""}],"twitter_card":"summary_large_image","twitter_misc":{"Est. reading time":"5 minutes"},"schema":{"@context":"https:\/\/schema.org","@graph":[{"@type":"WebPage","@id":"https:\/\/www.patrick-koglin.com\/coachings\/timeline-coaching\/kundenfeedback\/","url":"https:\/\/www.patrick-koglin.com\/coachings\/timeline-coaching\/kundenfeedback\/","name":"Kundenfeedback - Patrick Koglin","isPartOf":{"@id":"https:\/\/www.patrick-koglin.com\/#website"},"primaryImageOfPage":{"@id":"https:\/\/www.patrick-koglin.com\/coachings\/timeline-coaching\/kundenfeedback\/#primaryimage"},"image":{"@id":"https:\/\/www.patrick-koglin.com\/coachings\/timeline-coaching\/kundenfeedback\/#primaryimage"},"thumbnailUrl":"https:\/\/www.patrick-koglin.com\/wp-content\/uploads\/2024\/10\/Nicole-Montavon.jpeg","datePublished":"2024-09-30T18:37:55+00:00","dateModified":"2024-10-11T08:57:41+00:00","breadcrumb":{"@id":"https:\/\/www.patrick-koglin.com\/coachings\/timeline-coaching\/kundenfeedback\/#breadcrumb"},"inLanguage":"en-US","potentialAction":[{"@type":"ReadAction","target":["https:\/\/www.patrick-koglin.com\/coachings\/timeline-coaching\/kundenfeedback\/"]}]},{"@type":"ImageObject","inLanguage":"en-US","@id":"https:\/\/www.patrick-koglin.com\/coachings\/timeline-coaching\/kundenfeedback\/#primaryimage","url":"https:\/\/www.patrick-koglin.com\/wp-content\/uploads\/2024\/10\/Nicole-Montavon.jpeg","contentUrl":"https:\/\/www.patrick-koglin.com\/wp-content\/uploads\/2024\/10\/Nicole-Montavon.jpeg"},{"@type":"BreadcrumbList","@id":"https:\/\/www.patrick-koglin.com\/coachings\/timeline-coaching\/kundenfeedback\/#breadcrumb","itemListElement":[{"@type":"ListItem","position":1,"name":"Startseite","item":"https:\/\/www.patrick-koglin.com\/"},{"@type":"ListItem","position":2,"name":"Coaching-Bereiche","item":"https:\/\/www.patrick-koglin.com\/coachings\/"},{"@type":"ListItem","position":3,"name":"Timeline-Coaching","item":"https:\/\/www.patrick-koglin.com\/coachings\/timeline-coaching\/"},{"@type":"ListItem","position":4,"name":"Kundenfeedback"}]},{"@type":"WebSite","@id":"https:\/\/www.patrick-koglin.com\/#website","url":"https:\/\/www.patrick-koglin.com\/","name":"PK Coaching - Patrick Koglin Unternehmensgruppe","description":"PK Coaching, Business-Design &amp; Development","publisher":{"@id":"https:\/\/www.patrick-koglin.com\/#organization"},"potentialAction":[{"@type":"SearchAction","target":{"@type":"EntryPoint","urlTemplate":"https:\/\/www.patrick-koglin.com\/?s={search_term_string}"},"query-input":{"@type":"PropertyValueSpecification","valueRequired":true,"valueName":"search_term_string"}}],"inLanguage":"en-US"},{"@type":"Organization","@id":"https:\/\/www.patrick-koglin.com\/#organization","name":"Patrick Koglin | CEO von PK Coaching","url":"https:\/\/www.patrick-koglin.com\/","logo":{"@type":"ImageObject","inLanguage":"en-US","@id":"https:\/\/www.patrick-koglin.com\/#\/schema\/logo\/image\/","url":"https:\/\/www.patrick-koglin.com\/wp-content\/uploads\/2025\/07\/cropped-PK16.png","contentUrl":"https:\/\/www.patrick-koglin.com\/wp-content\/uploads\/2025\/07\/cropped-PK16.png","width":619,"height":287,"caption":"Patrick Koglin | CEO von PK Coaching"},"image":{"@id":"https:\/\/www.patrick-koglin.com\/#\/schema\/logo\/image\/"},"sameAs":["https:\/\/www.facebook.com\/profile.php?id=61566852463657"]}]}},"_links":{"self":[{"href":"https:\/\/www.patrick-koglin.com\/en\/wp-json\/wp\/v2\/pages\/1934","targetHints":{"allow":["GET"]}}],"collection":[{"href":"https:\/\/www.patrick-koglin.com\/en\/wp-json\/wp\/v2\/pages"}],"about":[{"href":"https:\/\/www.patrick-koglin.com\/en\/wp-json\/wp\/v2\/types\/page"}],"author":[{"embeddable":true,"href":"https:\/\/www.patrick-koglin.com\/en\/wp-json\/wp\/v2\/users\/1"}],"replies":[{"embeddable":true,"href":"https:\/\/www.patrick-koglin.com\/en\/wp-json\/wp\/v2\/comments?post=1934"}],"version-history":[{"count":39,"href":"https:\/\/www.patrick-koglin.com\/en\/wp-json\/wp\/v2\/pages\/1934\/revisions"}],"predecessor-version":[{"id":2743,"href":"https:\/\/www.patrick-koglin.com\/en\/wp-json\/wp\/v2\/pages\/1934\/revisions\/2743"}],"up":[{"embeddable":true,"href":"https:\/\/www.patrick-koglin.com\/en\/wp-json\/wp\/v2\/pages\/1931"}],"wp:attachment":[{"href":"https:\/\/www.patrick-koglin.com\/en\/wp-json\/wp\/v2\/media?parent=1934"}],"curies":[{"name":"wp","href":"https:\/\/api.w.org\/{rel}","templated":true}]}}