{"id":1992,"date":"2024-09-30T21:12:11","date_gmt":"2024-09-30T19:12:11","guid":{"rendered":"https:\/\/www.patrick-koglin.com\/?page_id=1992"},"modified":"2024-10-11T10:58:07","modified_gmt":"2024-10-11T08:58:07","slug":"teilnehmerstimmen","status":"publish","type":"page","link":"https:\/\/www.patrick-koglin.com\/en\/ausbildung\/timeline-coach\/teilnehmerstimmen\/","title":{"rendered":"Kundenstimmen"},"content":{"rendered":"<h3 class=\"wp-block-heading\">aus der TTF-Coach Ausbildung<\/h3>\n\n\n\n<hr class=\"wp-block-separator has-alpha-channel-opacity\"\/>\n\n\n\n<div class=\"wp-block-columns is-layout-flex wp-container-core-columns-is-layout-9d6595d7 wp-block-columns-is-layout-flex\">\n<div class=\"wp-block-column is-layout-flow wp-block-column-is-layout-flow\" style=\"flex-basis:33.33%\"><div class=\"wp-block-image is-style-rounded\">\n<figure class=\"aligncenter size-full\"><img decoding=\"async\" width=\"200\" height=\"200\" src=\"https:\/\/www.patrick-koglin.com\/wp-content\/uploads\/2024\/09\/Gabriela-Stirnimann.jpeg\" alt=\"\" class=\"wp-image-1994\" srcset=\"https:\/\/www.patrick-koglin.com\/wp-content\/uploads\/2024\/09\/Gabriela-Stirnimann.jpeg 200w, https:\/\/www.patrick-koglin.com\/wp-content\/uploads\/2024\/09\/Gabriela-Stirnimann-150x150.jpeg 150w\" sizes=\"(max-width: 200px) 100vw, 200px\" \/><\/figure>\n<\/div>\n\n\n<h3 class=\"wp-block-heading has-text-align-center\">Gabriela Stirnimann<\/h3>\n\n\n\n<p class=\"has-text-align-center\">Timeline-Coach, Schweiz<\/p>\n\n\n\n<p class=\"has-text-align-center\"><a href=\"https:\/\/www.gabriela-stirnimann.ch\/\">gabriela-stirnimann.ch<\/a><\/p>\n<\/div>\n\n\n\n<div class=\"wp-block-column is-layout-flow wp-block-column-is-layout-flow\" style=\"flex-basis:66.66%\">\n<h3 class=\"wp-block-heading\">Sehr zu empfehlen<\/h3>\n\n\n\n<p class=\"has-medium-font-size\"><em>&#8222;Ich durfte bei Patrick die Ausbildung zum zertifizierten TTF (Timeline-Transformations) Coach absolvieren. Patrick hat uns sein Wissen auf eine l\u00e4ssige Art und Weise vermittelt. Theorie und Praxis war gut durchmischt, auf Fragen ist er stets eingegangen und hat uns mit Ruhe und Gelassenheit, aber dennoch mit viel positiver Energie durch die Ausbildung gef\u00fchrt. Ich kann die TTF Ausbildung und Patrick als Coach allen sehr empfehlen. DANKE Patrick \ud83d\ude4f&#8220;<\/em>, 26. Dezember 2022<\/p>\n<\/div>\n<\/div>\n\n\n\n<hr class=\"wp-block-separator has-alpha-channel-opacity\"\/>\n\n\n\n<div class=\"wp-block-columns is-layout-flex wp-container-core-columns-is-layout-9d6595d7 wp-block-columns-is-layout-flex\">\n<div class=\"wp-block-column is-layout-flow wp-block-column-is-layout-flow\" style=\"flex-basis:33.33%\">\n<h2 class=\"wp-block-heading has-text-align-center\">Petra<\/h2>\n\n\n\n<p class=\"has-text-align-center\">\u2b50\u2b50\u2b50\u2b50\u2b50<\/p>\n\n\n\n<p class=\"has-text-align-center\">19. Januar 2023<\/p>\n<\/div>\n\n\n\n<div class=\"wp-block-column is-layout-flow wp-block-column-is-layout-flow\" style=\"flex-basis:66.66%\">\n<h2 class=\"wp-block-heading has-text-align-center\">TTF-Ausbildung sehr zu empfehlen<\/h2>\n\n\n\n<p class=\"has-text-align-center\"><em>&#8222;Nach einigen Coaching-Sessions mit Patrick habe ich mich daf\u00fcr entschieden, die Ausbildung zum Timeline Transformation Coach (kurz TTF) bei ihm zu buchen. Was soll ich sagen: Das Feedback schon nach meinem ersten, selbst durchgef\u00fchrten Prozess war \u00fcberw\u00e4ltigend. Die Ausbildung wurde durch viel Zusatzmaterial, Videos und extra \u00dcbungsrunden angereichert, die Sessions mit viel Fingerspitzengef\u00fchl und toller Vorbereitung durchgef\u00fchrt. Gekr\u00f6nt wird das ganze von einem Zertifikat mit Siegel, welches auch zu Marketing-Zwecken gut verwendet werden kann. Patrick hat wie immer &#8222;overdelivered&#8220;. Danke f\u00fcr diese Ausbildung!&#8220;<\/em><\/p>\n<\/div>\n<\/div>\n\n\n\n<hr class=\"wp-block-separator has-alpha-channel-opacity\"\/>\n\n\n\n<div class=\"wp-block-columns is-layout-flex wp-container-core-columns-is-layout-9d6595d7 wp-block-columns-is-layout-flex\">\n<div class=\"wp-block-column is-layout-flow wp-block-column-is-layout-flow\" style=\"flex-basis:33.33%\">\n<h2 class=\"wp-block-heading has-text-align-center\">Sarah Ostmann<\/h2>\n\n\n\n<p class=\"has-text-align-center\">\u2b50\u2b50\u2b50\u2b50\u2b50<\/p>\n\n\n\n<p class=\"has-text-align-center\">9. Janar 2023<\/p>\n<\/div>\n\n\n\n<div class=\"wp-block-column is-layout-flow wp-block-column-is-layout-flow\" style=\"flex-basis:66.66%\">\n<h3 class=\"wp-block-heading has-text-align-center\"><em>Die Timeline-Transformation (kurz TTF) ist der perfekte Gegenpart zu meiner VAK-Coach-Ausbildung<\/em><\/h3>\n\n\n\n<p class=\"has-text-align-center\">&#8222;<em>Ich bin mega happy \u00fcber die TTF-Ausbildung bei Patrick und kann sie nur empfehlen \ud83d\ude42 Er hat die Gruppe gut gef\u00fchrt, schnell die Hintergr\u00fcnde hinter den Blockaden begriffen und uns mit Klarheit und Geduld durch die Ausbildung begleitet. Patrick hat uns mit jedem Zoom mehr Verst\u00e4ndnis und Wissen vermittelt und in der Praxis gut geschult. Er ist sehr individuell auf jeden eingegangen. Die Timeline-Transformation (kurz TTF) ist der perfekte Gegenpart zu meiner VAK-Coach-Ausbildung und rundet mein Angebot perfekt ab. Vielen Dank f\u00fcr diese Ausbildung, Patrick.<\/em>&#8222;<\/p>\n<\/div>\n<\/div>\n\n\n\n<hr class=\"wp-block-separator has-alpha-channel-opacity\"\/>\n\n\n\n<p><a href=\"https:\/\/www.patrick-koglin.com\/en\/ausbildung\/timeline-coach\/\"><em>zur\u00fcck zur TTF-Coach Ausbildung<\/em><\/a><\/p>","protected":false},"excerpt":{"rendered":"<p>aus der TTF-Coach Ausbildung Gabriela Stirnimann Timeline-Coach, Schweiz gabriela-stirnimann.ch Sehr zu empfehlen &#8222;Ich durfte bei Patrick die Ausbildung zum zertifizierten TTF (Timeline-Transformations) Coach absolvieren. Patrick hat uns sein Wissen auf eine l\u00e4ssige Art und Weise vermittelt. Theorie und Praxis war gut durchmischt, auf Fragen ist er stets eingegangen und hat uns mit Ruhe und Gelassenheit, &#8230; <a title=\"Kundenstimmen\" class=\"read-more\" href=\"https:\/\/www.patrick-koglin.com\/en\/ausbildung\/timeline-coach\/teilnehmerstimmen\/\" aria-label=\"Read more about Kundenstimmen\">Read more<\/a><\/p>","protected":false},"author":1,"featured_media":0,"parent":1789,"menu_order":0,"comment_status":"closed","ping_status":"closed","template":"","meta":{"footnotes":""},"class_list":["post-1992","page","type-page","status-publish"],"yoast_head":"<!-- This site is optimized with the Yoast SEO plugin v25.8 - https:\/\/yoast.com\/wordpress\/plugins\/seo\/ -->\n<title>Kundenstimmen - Patrick Koglin<\/title>\n<meta name=\"robots\" content=\"index, follow, max-snippet:-1, max-image-preview:large, max-video-preview:-1\" \/>\n<link rel=\"canonical\" href=\"https:\/\/www.patrick-koglin.com\/en\/ausbildung\/timeline-coach\/teilnehmerstimmen\/\" \/>\n<meta property=\"og:locale\" content=\"en_US\" \/>\n<meta property=\"og:type\" content=\"article\" \/>\n<meta property=\"og:title\" content=\"Kundenstimmen - Patrick Koglin\" \/>\n<meta property=\"og:description\" content=\"aus der TTF-Coach Ausbildung Gabriela Stirnimann Timeline-Coach, Schweiz gabriela-stirnimann.ch Sehr zu empfehlen &#8222;Ich durfte bei Patrick die Ausbildung zum zertifizierten TTF (Timeline-Transformations) Coach absolvieren. Patrick hat uns sein Wissen auf eine l\u00e4ssige Art und Weise vermittelt. Theorie und Praxis war gut durchmischt, auf Fragen ist er stets eingegangen und hat uns mit Ruhe und Gelassenheit, ... Read more\" \/>\n<meta property=\"og:url\" content=\"https:\/\/www.patrick-koglin.com\/en\/ausbildung\/timeline-coach\/teilnehmerstimmen\/\" \/>\n<meta property=\"og:site_name\" content=\"Patrick Koglin\" \/>\n<meta property=\"article:publisher\" content=\"https:\/\/www.facebook.com\/profile.php?id=61566852463657\" \/>\n<meta property=\"article:modified_time\" content=\"2024-10-11T08:58:07+00:00\" \/>\n<meta property=\"og:image\" content=\"https:\/\/www.patrick-koglin.com\/wp-content\/uploads\/2024\/09\/Gabriela-Stirnimann.jpeg\" \/>\n<meta name=\"twitter:card\" content=\"summary_large_image\" \/>\n<meta name=\"twitter:label1\" content=\"Est. reading time\" \/>\n\t<meta name=\"twitter:data1\" content=\"2 minutes\" \/>\n<script type=\"application\/ld+json\" class=\"yoast-schema-graph\">{\"@context\":\"https:\/\/schema.org\",\"@graph\":[{\"@type\":\"WebPage\",\"@id\":\"https:\/\/www.patrick-koglin.com\/ausbildung\/timeline-coach\/teilnehmerstimmen\/\",\"url\":\"https:\/\/www.patrick-koglin.com\/ausbildung\/timeline-coach\/teilnehmerstimmen\/\",\"name\":\"Kundenstimmen - Patrick Koglin\",\"isPartOf\":{\"@id\":\"https:\/\/www.patrick-koglin.com\/#website\"},\"primaryImageOfPage\":{\"@id\":\"https:\/\/www.patrick-koglin.com\/ausbildung\/timeline-coach\/teilnehmerstimmen\/#primaryimage\"},\"image\":{\"@id\":\"https:\/\/www.patrick-koglin.com\/ausbildung\/timeline-coach\/teilnehmerstimmen\/#primaryimage\"},\"thumbnailUrl\":\"https:\/\/www.patrick-koglin.com\/wp-content\/uploads\/2024\/09\/Gabriela-Stirnimann.jpeg\",\"datePublished\":\"2024-09-30T19:12:11+00:00\",\"dateModified\":\"2024-10-11T08:58:07+00:00\",\"breadcrumb\":{\"@id\":\"https:\/\/www.patrick-koglin.com\/ausbildung\/timeline-coach\/teilnehmerstimmen\/#breadcrumb\"},\"inLanguage\":\"en-US\",\"potentialAction\":[{\"@type\":\"ReadAction\",\"target\":[\"https:\/\/www.patrick-koglin.com\/ausbildung\/timeline-coach\/teilnehmerstimmen\/\"]}]},{\"@type\":\"ImageObject\",\"inLanguage\":\"en-US\",\"@id\":\"https:\/\/www.patrick-koglin.com\/ausbildung\/timeline-coach\/teilnehmerstimmen\/#primaryimage\",\"url\":\"https:\/\/www.patrick-koglin.com\/wp-content\/uploads\/2024\/09\/Gabriela-Stirnimann.jpeg\",\"contentUrl\":\"https:\/\/www.patrick-koglin.com\/wp-content\/uploads\/2024\/09\/Gabriela-Stirnimann.jpeg\"},{\"@type\":\"BreadcrumbList\",\"@id\":\"https:\/\/www.patrick-koglin.com\/ausbildung\/timeline-coach\/teilnehmerstimmen\/#breadcrumb\",\"itemListElement\":[{\"@type\":\"ListItem\",\"position\":1,\"name\":\"Startseite\",\"item\":\"https:\/\/www.patrick-koglin.com\/\"},{\"@type\":\"ListItem\",\"position\":2,\"name\":\"Ausbildung\",\"item\":\"https:\/\/www.patrick-koglin.com\/ausbildung\/\"},{\"@type\":\"ListItem\",\"position\":3,\"name\":\"Timeline-Coach Ausbildung\",\"item\":\"https:\/\/www.patrick-koglin.com\/ausbildung\/timeline-coach\/\"},{\"@type\":\"ListItem\",\"position\":4,\"name\":\"Kundenstimmen\"}]},{\"@type\":\"WebSite\",\"@id\":\"https:\/\/www.patrick-koglin.com\/#website\",\"url\":\"https:\/\/www.patrick-koglin.com\/\",\"name\":\"PK Coaching - Patrick Koglin Unternehmensgruppe\",\"description\":\"PK Coaching, Business-Design &amp; Development\",\"publisher\":{\"@id\":\"https:\/\/www.patrick-koglin.com\/#organization\"},\"potentialAction\":[{\"@type\":\"SearchAction\",\"target\":{\"@type\":\"EntryPoint\",\"urlTemplate\":\"https:\/\/www.patrick-koglin.com\/?s={search_term_string}\"},\"query-input\":{\"@type\":\"PropertyValueSpecification\",\"valueRequired\":true,\"valueName\":\"search_term_string\"}}],\"inLanguage\":\"en-US\"},{\"@type\":\"Organization\",\"@id\":\"https:\/\/www.patrick-koglin.com\/#organization\",\"name\":\"Patrick Koglin | CEO von PK Coaching\",\"url\":\"https:\/\/www.patrick-koglin.com\/\",\"logo\":{\"@type\":\"ImageObject\",\"inLanguage\":\"en-US\",\"@id\":\"https:\/\/www.patrick-koglin.com\/#\/schema\/logo\/image\/\",\"url\":\"https:\/\/www.patrick-koglin.com\/wp-content\/uploads\/2025\/07\/cropped-PK16.png\",\"contentUrl\":\"https:\/\/www.patrick-koglin.com\/wp-content\/uploads\/2025\/07\/cropped-PK16.png\",\"width\":619,\"height\":287,\"caption\":\"Patrick Koglin | CEO von PK Coaching\"},\"image\":{\"@id\":\"https:\/\/www.patrick-koglin.com\/#\/schema\/logo\/image\/\"},\"sameAs\":[\"https:\/\/www.facebook.com\/profile.php?id=61566852463657\"]}]}<\/script>\n<!-- \/ Yoast SEO plugin. -->","yoast_head_json":{"title":"Kundenstimmen - Patrick Koglin","robots":{"index":"index","follow":"follow","max-snippet":"max-snippet:-1","max-image-preview":"max-image-preview:large","max-video-preview":"max-video-preview:-1"},"canonical":"https:\/\/www.patrick-koglin.com\/en\/ausbildung\/timeline-coach\/teilnehmerstimmen\/","og_locale":"en_US","og_type":"article","og_title":"Kundenstimmen - Patrick Koglin","og_description":"aus der TTF-Coach Ausbildung Gabriela Stirnimann Timeline-Coach, Schweiz gabriela-stirnimann.ch Sehr zu empfehlen &#8222;Ich durfte bei Patrick die Ausbildung zum zertifizierten TTF (Timeline-Transformations) Coach absolvieren. Patrick hat uns sein Wissen auf eine l\u00e4ssige Art und Weise vermittelt. Theorie und Praxis war gut durchmischt, auf Fragen ist er stets eingegangen und hat uns mit Ruhe und Gelassenheit, ... Read more","og_url":"https:\/\/www.patrick-koglin.com\/en\/ausbildung\/timeline-coach\/teilnehmerstimmen\/","og_site_name":"Patrick Koglin","article_publisher":"https:\/\/www.facebook.com\/profile.php?id=61566852463657","article_modified_time":"2024-10-11T08:58:07+00:00","og_image":[{"url":"https:\/\/www.patrick-koglin.com\/wp-content\/uploads\/2024\/09\/Gabriela-Stirnimann.jpeg","type":"","width":"","height":""}],"twitter_card":"summary_large_image","twitter_misc":{"Est. reading time":"2 minutes"},"schema":{"@context":"https:\/\/schema.org","@graph":[{"@type":"WebPage","@id":"https:\/\/www.patrick-koglin.com\/ausbildung\/timeline-coach\/teilnehmerstimmen\/","url":"https:\/\/www.patrick-koglin.com\/ausbildung\/timeline-coach\/teilnehmerstimmen\/","name":"Kundenstimmen - Patrick Koglin","isPartOf":{"@id":"https:\/\/www.patrick-koglin.com\/#website"},"primaryImageOfPage":{"@id":"https:\/\/www.patrick-koglin.com\/ausbildung\/timeline-coach\/teilnehmerstimmen\/#primaryimage"},"image":{"@id":"https:\/\/www.patrick-koglin.com\/ausbildung\/timeline-coach\/teilnehmerstimmen\/#primaryimage"},"thumbnailUrl":"https:\/\/www.patrick-koglin.com\/wp-content\/uploads\/2024\/09\/Gabriela-Stirnimann.jpeg","datePublished":"2024-09-30T19:12:11+00:00","dateModified":"2024-10-11T08:58:07+00:00","breadcrumb":{"@id":"https:\/\/www.patrick-koglin.com\/ausbildung\/timeline-coach\/teilnehmerstimmen\/#breadcrumb"},"inLanguage":"en-US","potentialAction":[{"@type":"ReadAction","target":["https:\/\/www.patrick-koglin.com\/ausbildung\/timeline-coach\/teilnehmerstimmen\/"]}]},{"@type":"ImageObject","inLanguage":"en-US","@id":"https:\/\/www.patrick-koglin.com\/ausbildung\/timeline-coach\/teilnehmerstimmen\/#primaryimage","url":"https:\/\/www.patrick-koglin.com\/wp-content\/uploads\/2024\/09\/Gabriela-Stirnimann.jpeg","contentUrl":"https:\/\/www.patrick-koglin.com\/wp-content\/uploads\/2024\/09\/Gabriela-Stirnimann.jpeg"},{"@type":"BreadcrumbList","@id":"https:\/\/www.patrick-koglin.com\/ausbildung\/timeline-coach\/teilnehmerstimmen\/#breadcrumb","itemListElement":[{"@type":"ListItem","position":1,"name":"Startseite","item":"https:\/\/www.patrick-koglin.com\/"},{"@type":"ListItem","position":2,"name":"Ausbildung","item":"https:\/\/www.patrick-koglin.com\/ausbildung\/"},{"@type":"ListItem","position":3,"name":"Timeline-Coach Ausbildung","item":"https:\/\/www.patrick-koglin.com\/ausbildung\/timeline-coach\/"},{"@type":"ListItem","position":4,"name":"Kundenstimmen"}]},{"@type":"WebSite","@id":"https:\/\/www.patrick-koglin.com\/#website","url":"https:\/\/www.patrick-koglin.com\/","name":"PK Coaching - Patrick Koglin Unternehmensgruppe","description":"PK Coaching, Business-Design &amp; Development","publisher":{"@id":"https:\/\/www.patrick-koglin.com\/#organization"},"potentialAction":[{"@type":"SearchAction","target":{"@type":"EntryPoint","urlTemplate":"https:\/\/www.patrick-koglin.com\/?s={search_term_string}"},"query-input":{"@type":"PropertyValueSpecification","valueRequired":true,"valueName":"search_term_string"}}],"inLanguage":"en-US"},{"@type":"Organization","@id":"https:\/\/www.patrick-koglin.com\/#organization","name":"Patrick Koglin | CEO von PK Coaching","url":"https:\/\/www.patrick-koglin.com\/","logo":{"@type":"ImageObject","inLanguage":"en-US","@id":"https:\/\/www.patrick-koglin.com\/#\/schema\/logo\/image\/","url":"https:\/\/www.patrick-koglin.com\/wp-content\/uploads\/2025\/07\/cropped-PK16.png","contentUrl":"https:\/\/www.patrick-koglin.com\/wp-content\/uploads\/2025\/07\/cropped-PK16.png","width":619,"height":287,"caption":"Patrick Koglin | CEO von PK Coaching"},"image":{"@id":"https:\/\/www.patrick-koglin.com\/#\/schema\/logo\/image\/"},"sameAs":["https:\/\/www.facebook.com\/profile.php?id=61566852463657"]}]}},"_links":{"self":[{"href":"https:\/\/www.patrick-koglin.com\/en\/wp-json\/wp\/v2\/pages\/1992","targetHints":{"allow":["GET"]}}],"collection":[{"href":"https:\/\/www.patrick-koglin.com\/en\/wp-json\/wp\/v2\/pages"}],"about":[{"href":"https:\/\/www.patrick-koglin.com\/en\/wp-json\/wp\/v2\/types\/page"}],"author":[{"embeddable":true,"href":"https:\/\/www.patrick-koglin.com\/en\/wp-json\/wp\/v2\/users\/1"}],"replies":[{"embeddable":true,"href":"https:\/\/www.patrick-koglin.com\/en\/wp-json\/wp\/v2\/comments?post=1992"}],"version-history":[{"count":7,"href":"https:\/\/www.patrick-koglin.com\/en\/wp-json\/wp\/v2\/pages\/1992\/revisions"}],"predecessor-version":[{"id":2600,"href":"https:\/\/www.patrick-koglin.com\/en\/wp-json\/wp\/v2\/pages\/1992\/revisions\/2600"}],"up":[{"embeddable":true,"href":"https:\/\/www.patrick-koglin.com\/en\/wp-json\/wp\/v2\/pages\/1789"}],"wp:attachment":[{"href":"https:\/\/www.patrick-koglin.com\/en\/wp-json\/wp\/v2\/media?parent=1992"}],"curies":[{"name":"wp","href":"https:\/\/api.w.org\/{rel}","templated":true}]}}