{"id":2037,"date":"2024-09-30T21:36:22","date_gmt":"2024-09-30T19:36:22","guid":{"rendered":"https:\/\/www.patrick-koglin.com\/?page_id=2037"},"modified":"2024-10-11T11:06:41","modified_gmt":"2024-10-11T09:06:41","slug":"beziehungs-coaching","status":"publish","type":"page","link":"https:\/\/www.patrick-koglin.com\/en\/coachings\/beziehungs-coaching\/","title":{"rendered":"Beziehungs-Coaching"},"content":{"rendered":"<p>Wir sind allt\u00e4glich &#8222;<em>in Beziehung<\/em>&#8220; mit etwas oder jemand. Wir haben Beziehungen zu Geld, zu unserer Arbeit, zu Kollegen, Chefs, Familie, Verwandten, Partnern und Bekannten. In all diesen Beziehungen k\u00f6nnen Konflikte oder Probleme auftreten. <\/p>\n\n\n\n<p>Im Beziehungs-Coaching kann mit Hilfe der Stellvertrer-Funktion ohne den zweiten Beteiligten gearbeitet werden und ein Konflikt von einer Seite aus gel\u00f6st werden. Das bedeutet nicht automatisch das dieser nicht auf der anderen Seite des Gegen\u00fcbers harmonisiert wird, sich allerdings L\u00f6sungswege auftun die es einem selbst leichter machen sich zu l\u00f6sen, ein bessere Verbindung aufzubauen oder eine Beziehung zu harmonisieren. Wichtig ist das hier keine Ver\u00e4nderung am anderen vorgenommen werden, sondern die Beziehung wird aus Sicht des Kunden im Coachings zu der anderen Person gekl\u00e4rt.<\/p>\n\n\n\n<p>Somit k\u00f6nnen Themen zu Partnern, Ex-Partnern, Kindern, Kollegen, Chefs und sogar zu H\u00e4usern, Wohnungen und Immobilien oder sogar Geldthemen gekl\u00e4rt werden. Auch Beziehungen zu Haustieren k\u00f6nnen damit harmonisiert werden. <\/p>\n\n\n\n<p><strong>Im Coaching nimmt der Coach dazu &#8211;<em> nach Erlaubnis und Auftragskl\u00e4rung<\/em> &#8211;  die Stellvertreter-Rolle ein. Alles wird Schritt-f\u00fcr-Schritt, vertraulich und professionell behandelt. <\/strong><\/p>\n\n\n\n<div class=\"wp-block-buttons is-layout-flex wp-block-buttons-is-layout-flex\">\n<div class=\"wp-block-button\"><a class=\"wp-block-button__link has-accent-background-color has-background wp-element-button\" href=\"https:\/\/www.patrick-koglin.com\/en\/coaching\/beziehungs-coaching\/kundenstimmen\/\" style=\"border-radius:5px\">Kundenstimmen<\/a><\/div>\n<\/div>","protected":false},"excerpt":{"rendered":"<p>Wir sind allt\u00e4glich &#8222;in Beziehung&#8220; mit etwas oder jemand. Wir haben Beziehungen zu Geld, zu unserer Arbeit, zu Kollegen, Chefs, Familie, Verwandten, Partnern und Bekannten. In all diesen Beziehungen k\u00f6nnen Konflikte oder Probleme auftreten. Im Beziehungs-Coaching kann mit Hilfe der Stellvertrer-Funktion ohne den zweiten Beteiligten gearbeitet werden und ein Konflikt von einer Seite aus gel\u00f6st &#8230; <a title=\"Beziehungs-Coaching\" class=\"read-more\" href=\"https:\/\/www.patrick-koglin.com\/en\/coachings\/beziehungs-coaching\/\" aria-label=\"Read more about Beziehungs-Coaching\">Read more<\/a><\/p>","protected":false},"author":1,"featured_media":0,"parent":1826,"menu_order":0,"comment_status":"closed","ping_status":"closed","template":"","meta":{"footnotes":""},"class_list":["post-2037","page","type-page","status-publish"],"yoast_head":"<!-- This site is optimized with the Yoast SEO plugin v25.8 - https:\/\/yoast.com\/wordpress\/plugins\/seo\/ -->\n<title>Beziehungs-Coaching - Patrick Koglin<\/title>\n<meta name=\"robots\" content=\"index, follow, max-snippet:-1, max-image-preview:large, max-video-preview:-1\" \/>\n<link rel=\"canonical\" href=\"https:\/\/www.patrick-koglin.com\/en\/coachings\/beziehungs-coaching\/\" \/>\n<meta property=\"og:locale\" content=\"en_US\" \/>\n<meta property=\"og:type\" content=\"article\" \/>\n<meta property=\"og:title\" content=\"Beziehungs-Coaching - Patrick Koglin\" \/>\n<meta property=\"og:description\" content=\"Wir sind allt\u00e4glich &#8222;in Beziehung&#8220; mit etwas oder jemand. Wir haben Beziehungen zu Geld, zu unserer Arbeit, zu Kollegen, Chefs, Familie, Verwandten, Partnern und Bekannten. In all diesen Beziehungen k\u00f6nnen Konflikte oder Probleme auftreten. Im Beziehungs-Coaching kann mit Hilfe der Stellvertrer-Funktion ohne den zweiten Beteiligten gearbeitet werden und ein Konflikt von einer Seite aus gel\u00f6st ... Read more\" \/>\n<meta property=\"og:url\" content=\"https:\/\/www.patrick-koglin.com\/en\/coachings\/beziehungs-coaching\/\" \/>\n<meta property=\"og:site_name\" content=\"Patrick Koglin\" \/>\n<meta property=\"article:publisher\" content=\"https:\/\/www.facebook.com\/profile.php?id=61566852463657\" \/>\n<meta property=\"article:modified_time\" content=\"2024-10-11T09:06:41+00:00\" \/>\n<meta name=\"twitter:card\" content=\"summary_large_image\" \/>\n<meta name=\"twitter:label1\" content=\"Est. reading time\" \/>\n\t<meta name=\"twitter:data1\" content=\"1 minute\" \/>\n<script type=\"application\/ld+json\" class=\"yoast-schema-graph\">{\"@context\":\"https:\/\/schema.org\",\"@graph\":[{\"@type\":\"WebPage\",\"@id\":\"https:\/\/www.patrick-koglin.com\/coachings\/beziehungs-coaching\/\",\"url\":\"https:\/\/www.patrick-koglin.com\/coachings\/beziehungs-coaching\/\",\"name\":\"Beziehungs-Coaching - Patrick Koglin\",\"isPartOf\":{\"@id\":\"https:\/\/www.patrick-koglin.com\/#website\"},\"datePublished\":\"2024-09-30T19:36:22+00:00\",\"dateModified\":\"2024-10-11T09:06:41+00:00\",\"breadcrumb\":{\"@id\":\"https:\/\/www.patrick-koglin.com\/coachings\/beziehungs-coaching\/#breadcrumb\"},\"inLanguage\":\"en-US\",\"potentialAction\":[{\"@type\":\"ReadAction\",\"target\":[\"https:\/\/www.patrick-koglin.com\/coachings\/beziehungs-coaching\/\"]}]},{\"@type\":\"BreadcrumbList\",\"@id\":\"https:\/\/www.patrick-koglin.com\/coachings\/beziehungs-coaching\/#breadcrumb\",\"itemListElement\":[{\"@type\":\"ListItem\",\"position\":1,\"name\":\"Startseite\",\"item\":\"https:\/\/www.patrick-koglin.com\/\"},{\"@type\":\"ListItem\",\"position\":2,\"name\":\"Coaching-Bereiche\",\"item\":\"https:\/\/www.patrick-koglin.com\/coachings\/\"},{\"@type\":\"ListItem\",\"position\":3,\"name\":\"Beziehungs-Coaching\"}]},{\"@type\":\"WebSite\",\"@id\":\"https:\/\/www.patrick-koglin.com\/#website\",\"url\":\"https:\/\/www.patrick-koglin.com\/\",\"name\":\"PK Coaching - Patrick Koglin Unternehmensgruppe\",\"description\":\"PK Coaching, Business-Design &amp; Development\",\"publisher\":{\"@id\":\"https:\/\/www.patrick-koglin.com\/#organization\"},\"potentialAction\":[{\"@type\":\"SearchAction\",\"target\":{\"@type\":\"EntryPoint\",\"urlTemplate\":\"https:\/\/www.patrick-koglin.com\/?s={search_term_string}\"},\"query-input\":{\"@type\":\"PropertyValueSpecification\",\"valueRequired\":true,\"valueName\":\"search_term_string\"}}],\"inLanguage\":\"en-US\"},{\"@type\":\"Organization\",\"@id\":\"https:\/\/www.patrick-koglin.com\/#organization\",\"name\":\"Patrick Koglin | CEO von PK Coaching\",\"url\":\"https:\/\/www.patrick-koglin.com\/\",\"logo\":{\"@type\":\"ImageObject\",\"inLanguage\":\"en-US\",\"@id\":\"https:\/\/www.patrick-koglin.com\/#\/schema\/logo\/image\/\",\"url\":\"https:\/\/www.patrick-koglin.com\/wp-content\/uploads\/2025\/07\/cropped-PK16.png\",\"contentUrl\":\"https:\/\/www.patrick-koglin.com\/wp-content\/uploads\/2025\/07\/cropped-PK16.png\",\"width\":619,\"height\":287,\"caption\":\"Patrick Koglin | CEO von PK Coaching\"},\"image\":{\"@id\":\"https:\/\/www.patrick-koglin.com\/#\/schema\/logo\/image\/\"},\"sameAs\":[\"https:\/\/www.facebook.com\/profile.php?id=61566852463657\"]}]}<\/script>\n<!-- \/ Yoast SEO plugin. -->","yoast_head_json":{"title":"Beziehungs-Coaching - Patrick Koglin","robots":{"index":"index","follow":"follow","max-snippet":"max-snippet:-1","max-image-preview":"max-image-preview:large","max-video-preview":"max-video-preview:-1"},"canonical":"https:\/\/www.patrick-koglin.com\/en\/coachings\/beziehungs-coaching\/","og_locale":"en_US","og_type":"article","og_title":"Beziehungs-Coaching - Patrick Koglin","og_description":"Wir sind allt\u00e4glich &#8222;in Beziehung&#8220; mit etwas oder jemand. Wir haben Beziehungen zu Geld, zu unserer Arbeit, zu Kollegen, Chefs, Familie, Verwandten, Partnern und Bekannten. In all diesen Beziehungen k\u00f6nnen Konflikte oder Probleme auftreten. Im Beziehungs-Coaching kann mit Hilfe der Stellvertrer-Funktion ohne den zweiten Beteiligten gearbeitet werden und ein Konflikt von einer Seite aus gel\u00f6st ... Read more","og_url":"https:\/\/www.patrick-koglin.com\/en\/coachings\/beziehungs-coaching\/","og_site_name":"Patrick Koglin","article_publisher":"https:\/\/www.facebook.com\/profile.php?id=61566852463657","article_modified_time":"2024-10-11T09:06:41+00:00","twitter_card":"summary_large_image","twitter_misc":{"Est. reading time":"1 minute"},"schema":{"@context":"https:\/\/schema.org","@graph":[{"@type":"WebPage","@id":"https:\/\/www.patrick-koglin.com\/coachings\/beziehungs-coaching\/","url":"https:\/\/www.patrick-koglin.com\/coachings\/beziehungs-coaching\/","name":"Beziehungs-Coaching - Patrick Koglin","isPartOf":{"@id":"https:\/\/www.patrick-koglin.com\/#website"},"datePublished":"2024-09-30T19:36:22+00:00","dateModified":"2024-10-11T09:06:41+00:00","breadcrumb":{"@id":"https:\/\/www.patrick-koglin.com\/coachings\/beziehungs-coaching\/#breadcrumb"},"inLanguage":"en-US","potentialAction":[{"@type":"ReadAction","target":["https:\/\/www.patrick-koglin.com\/coachings\/beziehungs-coaching\/"]}]},{"@type":"BreadcrumbList","@id":"https:\/\/www.patrick-koglin.com\/coachings\/beziehungs-coaching\/#breadcrumb","itemListElement":[{"@type":"ListItem","position":1,"name":"Startseite","item":"https:\/\/www.patrick-koglin.com\/"},{"@type":"ListItem","position":2,"name":"Coaching-Bereiche","item":"https:\/\/www.patrick-koglin.com\/coachings\/"},{"@type":"ListItem","position":3,"name":"Beziehungs-Coaching"}]},{"@type":"WebSite","@id":"https:\/\/www.patrick-koglin.com\/#website","url":"https:\/\/www.patrick-koglin.com\/","name":"PK Coaching - Patrick Koglin Unternehmensgruppe","description":"PK Coaching, Business-Design &amp; Development","publisher":{"@id":"https:\/\/www.patrick-koglin.com\/#organization"},"potentialAction":[{"@type":"SearchAction","target":{"@type":"EntryPoint","urlTemplate":"https:\/\/www.patrick-koglin.com\/?s={search_term_string}"},"query-input":{"@type":"PropertyValueSpecification","valueRequired":true,"valueName":"search_term_string"}}],"inLanguage":"en-US"},{"@type":"Organization","@id":"https:\/\/www.patrick-koglin.com\/#organization","name":"Patrick Koglin | CEO von PK Coaching","url":"https:\/\/www.patrick-koglin.com\/","logo":{"@type":"ImageObject","inLanguage":"en-US","@id":"https:\/\/www.patrick-koglin.com\/#\/schema\/logo\/image\/","url":"https:\/\/www.patrick-koglin.com\/wp-content\/uploads\/2025\/07\/cropped-PK16.png","contentUrl":"https:\/\/www.patrick-koglin.com\/wp-content\/uploads\/2025\/07\/cropped-PK16.png","width":619,"height":287,"caption":"Patrick Koglin | CEO von PK Coaching"},"image":{"@id":"https:\/\/www.patrick-koglin.com\/#\/schema\/logo\/image\/"},"sameAs":["https:\/\/www.facebook.com\/profile.php?id=61566852463657"]}]}},"_links":{"self":[{"href":"https:\/\/www.patrick-koglin.com\/en\/wp-json\/wp\/v2\/pages\/2037","targetHints":{"allow":["GET"]}}],"collection":[{"href":"https:\/\/www.patrick-koglin.com\/en\/wp-json\/wp\/v2\/pages"}],"about":[{"href":"https:\/\/www.patrick-koglin.com\/en\/wp-json\/wp\/v2\/types\/page"}],"author":[{"embeddable":true,"href":"https:\/\/www.patrick-koglin.com\/en\/wp-json\/wp\/v2\/users\/1"}],"replies":[{"embeddable":true,"href":"https:\/\/www.patrick-koglin.com\/en\/wp-json\/wp\/v2\/comments?post=2037"}],"version-history":[{"count":3,"href":"https:\/\/www.patrick-koglin.com\/en\/wp-json\/wp\/v2\/pages\/2037\/revisions"}],"predecessor-version":[{"id":3292,"href":"https:\/\/www.patrick-koglin.com\/en\/wp-json\/wp\/v2\/pages\/2037\/revisions\/3292"}],"up":[{"embeddable":true,"href":"https:\/\/www.patrick-koglin.com\/en\/wp-json\/wp\/v2\/pages\/1826"}],"wp:attachment":[{"href":"https:\/\/www.patrick-koglin.com\/en\/wp-json\/wp\/v2\/media?parent=2037"}],"curies":[{"name":"wp","href":"https:\/\/api.w.org\/{rel}","templated":true}]}}