{"id":2056,"date":"2024-09-30T21:47:53","date_gmt":"2024-09-30T19:47:53","guid":{"rendered":"https:\/\/www.patrick-koglin.com\/?page_id=2056"},"modified":"2024-10-29T12:32:40","modified_gmt":"2024-10-29T11:32:40","slug":"beziehungsworkshop","status":"publish","type":"page","link":"https:\/\/www.patrick-koglin.com\/en\/workshop\/beziehungsworkshop\/","title":{"rendered":"Beziehungsworkshop"},"content":{"rendered":"<p>Im Beziehungsworkshop geht es f\u00fcr Unternehmer und F\u00fchrungskr\u00e4fte darum wie sie Beziehungen zu Mitarbeitern, Angestellten, Dienstleistern und Zulieferern besser managen k\u00f6nnen. F\u00fcr Menschen in Beziehung geht es darum wie sie ihre Beziehungen st\u00e4rken und das Feuer der Leidenschaft dauerhaft erhalten k\u00f6nnen. <\/p>\n\n\n\n<p>F\u00fcr Singles dreht es sich in diesem Workshop darum wie sie ihren <em>Wunschpartner manifestieren<\/em> und finden k\u00f6nnen. Wir heilen und transformieren dazu die tiefsten Wunden der Kindheit, sprechen \u00fcber wesentliche Grundlagen wie Beziehungsgl\u00fcck gelingen und unterschiedliche Arten von Beziehungen gemeistert werden k\u00f6nnen. <\/p>\n\n\n\n<p>Es geht darum um in Beziehungen ein gesundes und gl\u00fcckliches Gleichgewicht zu schaffen, sie zu meistern und dadurch m\u00f6glichst dauerhaft erfolgreich zu werden oder zu bleiben. <\/p>\n\n\n\n<p>Alle Kunden-, Mitarbeiter- und Familienbeziehungen werden davon profitieren. Auch Freundschaften verbessern sich. <\/p>\n\n\n\n<div class=\"wp-block-buttons is-layout-flex wp-block-buttons-is-layout-flex\">\n<div class=\"wp-block-button\"><a class=\"wp-block-button__link has-midnight-gradient-background has-background wp-element-button\" style=\"border-radius:5px\">N\u00e4chste Termine<\/a><\/div>\n\n\n\n<div class=\"wp-block-button\"><a class=\"wp-block-button__link has-accent-background-color has-background wp-element-button\" href=\"https:\/\/www.patrick-koglin.com\/en\/workshop\/beziehungsworkshop\/teilnehmerstimmen\/\" style=\"border-radius:5px\">Teilnehmerstimmen<\/a><\/div>\n<\/div>\n\n\n\n<hr class=\"wp-block-separator has-alpha-channel-opacity\"\/>\n\n\n\n<h3 class=\"wp-block-heading\">Ein Workshop nicht nur f\u00fcr Paare<\/h3>\n\n\n\n<p>Bereits gefundene Paare finden in diesem interaktiven Workshop neue M\u00f6glichkeiten ihre Beziehung zu verbessern und alle Beteiligte lernen die Sprache zwischen Mann-Frau zu verbessern. Dazu k\u00f6nnen sie gemeinsam oder einzeln teilnehmen.<\/p>\n\n\n\n<p>Jeder wird mehr Klarheit f\u00fcr sich selbst finden, die zentralsten Beziehungen im Leben heilen k\u00f6nnen und mit mehr Liebe, Klarheit und Bewusstsein aus diesem Workshop gehen. <\/p>\n\n\n\n<p><strong>Der Beziehungsworkshop findet online per Zoom statt. <\/strong>Preise auf Anfrage.<\/p>\n\n\n\n<div class=\"wp-block-buttons is-layout-flex wp-block-buttons-is-layout-flex\">\n<div class=\"wp-block-button\"><a class=\"wp-block-button__link has-midnight-gradient-background has-background wp-element-button\" style=\"border-radius:5px\">N\u00e4chste Termine<\/a><\/div>\n\n\n\n<div class=\"wp-block-button\"><a class=\"wp-block-button__link has-accent-background-color has-background wp-element-button\" href=\"https:\/\/www.patrick-koglin.com\/en\/workshop\/beziehungsworkshop\/teilnehmerstimmen\/\" style=\"border-radius:5px\">Teilnehmerstimmen<\/a><\/div>\n<\/div>\n\n\n\n<p><\/p>\n\n\n\n<p><em>Die Investition f\u00fcr diesen Workshop liegt bei 1.297 \u20ac. Paare profitieren von gemeinsamer Buchung und nehmen gemeinsam f\u00fcr nur 997 \u20ac teil. Ratenzahlung ab 100 \u20ac \/ Monat m\u00f6glich (zzgl 200 \u20ac Ratenaufschlag). <\/em><\/p>","protected":false},"excerpt":{"rendered":"<p>Im Beziehungsworkshop geht es f\u00fcr Unternehmer und F\u00fchrungskr\u00e4fte darum wie sie Beziehungen zu Mitarbeitern, Angestellten, Dienstleistern und Zulieferern besser managen k\u00f6nnen. F\u00fcr Menschen in Beziehung geht es darum wie sie ihre Beziehungen st\u00e4rken und das Feuer der Leidenschaft dauerhaft erhalten k\u00f6nnen. F\u00fcr Singles dreht es sich in diesem Workshop darum wie sie ihren Wunschpartner manifestieren &#8230; <a title=\"Beziehungsworkshop\" class=\"read-more\" href=\"https:\/\/www.patrick-koglin.com\/en\/workshop\/beziehungsworkshop\/\" aria-label=\"Read more about Beziehungsworkshop\">Read more<\/a><\/p>","protected":false},"author":1,"featured_media":0,"parent":2053,"menu_order":0,"comment_status":"closed","ping_status":"closed","template":"","meta":{"footnotes":""},"class_list":["post-2056","page","type-page","status-publish"],"yoast_head":"<!-- This site is optimized with the Yoast SEO plugin v25.8 - https:\/\/yoast.com\/wordpress\/plugins\/seo\/ -->\n<title>Beziehungsworkshop - Patrick Koglin<\/title>\n<meta name=\"robots\" content=\"index, follow, max-snippet:-1, max-image-preview:large, max-video-preview:-1\" \/>\n<link rel=\"canonical\" href=\"https:\/\/www.patrick-koglin.com\/en\/workshop\/beziehungsworkshop\/\" \/>\n<meta property=\"og:locale\" content=\"en_US\" \/>\n<meta property=\"og:type\" content=\"article\" \/>\n<meta property=\"og:title\" content=\"Beziehungsworkshop - Patrick Koglin\" \/>\n<meta property=\"og:description\" content=\"Im Beziehungsworkshop geht es f\u00fcr Unternehmer und F\u00fchrungskr\u00e4fte darum wie sie Beziehungen zu Mitarbeitern, Angestellten, Dienstleistern und Zulieferern besser managen k\u00f6nnen. F\u00fcr Menschen in Beziehung geht es darum wie sie ihre Beziehungen st\u00e4rken und das Feuer der Leidenschaft dauerhaft erhalten k\u00f6nnen. F\u00fcr Singles dreht es sich in diesem Workshop darum wie sie ihren Wunschpartner manifestieren ... Read more\" \/>\n<meta property=\"og:url\" content=\"https:\/\/www.patrick-koglin.com\/en\/workshop\/beziehungsworkshop\/\" \/>\n<meta property=\"og:site_name\" content=\"Patrick Koglin\" \/>\n<meta property=\"article:publisher\" content=\"https:\/\/www.facebook.com\/profile.php?id=61566852463657\" \/>\n<meta property=\"article:modified_time\" content=\"2024-10-29T11:32:40+00:00\" \/>\n<meta name=\"twitter:card\" content=\"summary_large_image\" \/>\n<meta name=\"twitter:label1\" content=\"Est. reading time\" \/>\n\t<meta name=\"twitter:data1\" content=\"2 minutes\" \/>\n<script type=\"application\/ld+json\" class=\"yoast-schema-graph\">{\"@context\":\"https:\/\/schema.org\",\"@graph\":[{\"@type\":\"WebPage\",\"@id\":\"https:\/\/www.patrick-koglin.com\/workshop\/beziehungsworkshop\/\",\"url\":\"https:\/\/www.patrick-koglin.com\/workshop\/beziehungsworkshop\/\",\"name\":\"Beziehungsworkshop - Patrick Koglin\",\"isPartOf\":{\"@id\":\"https:\/\/www.patrick-koglin.com\/#website\"},\"datePublished\":\"2024-09-30T19:47:53+00:00\",\"dateModified\":\"2024-10-29T11:32:40+00:00\",\"breadcrumb\":{\"@id\":\"https:\/\/www.patrick-koglin.com\/workshop\/beziehungsworkshop\/#breadcrumb\"},\"inLanguage\":\"en-US\",\"potentialAction\":[{\"@type\":\"ReadAction\",\"target\":[\"https:\/\/www.patrick-koglin.com\/workshop\/beziehungsworkshop\/\"]}]},{\"@type\":\"BreadcrumbList\",\"@id\":\"https:\/\/www.patrick-koglin.com\/workshop\/beziehungsworkshop\/#breadcrumb\",\"itemListElement\":[{\"@type\":\"ListItem\",\"position\":1,\"name\":\"Startseite\",\"item\":\"https:\/\/www.patrick-koglin.com\/\"},{\"@type\":\"ListItem\",\"position\":2,\"name\":\"Workshop\",\"item\":\"https:\/\/www.patrick-koglin.com\/workshop\/\"},{\"@type\":\"ListItem\",\"position\":3,\"name\":\"Beziehungsworkshop\"}]},{\"@type\":\"WebSite\",\"@id\":\"https:\/\/www.patrick-koglin.com\/#website\",\"url\":\"https:\/\/www.patrick-koglin.com\/\",\"name\":\"PK Coaching - Patrick Koglin Unternehmensgruppe\",\"description\":\"PK Coaching, Business-Design &amp; Development\",\"publisher\":{\"@id\":\"https:\/\/www.patrick-koglin.com\/#organization\"},\"potentialAction\":[{\"@type\":\"SearchAction\",\"target\":{\"@type\":\"EntryPoint\",\"urlTemplate\":\"https:\/\/www.patrick-koglin.com\/?s={search_term_string}\"},\"query-input\":{\"@type\":\"PropertyValueSpecification\",\"valueRequired\":true,\"valueName\":\"search_term_string\"}}],\"inLanguage\":\"en-US\"},{\"@type\":\"Organization\",\"@id\":\"https:\/\/www.patrick-koglin.com\/#organization\",\"name\":\"Patrick Koglin | CEO von PK Coaching\",\"url\":\"https:\/\/www.patrick-koglin.com\/\",\"logo\":{\"@type\":\"ImageObject\",\"inLanguage\":\"en-US\",\"@id\":\"https:\/\/www.patrick-koglin.com\/#\/schema\/logo\/image\/\",\"url\":\"https:\/\/www.patrick-koglin.com\/wp-content\/uploads\/2025\/07\/cropped-PK16.png\",\"contentUrl\":\"https:\/\/www.patrick-koglin.com\/wp-content\/uploads\/2025\/07\/cropped-PK16.png\",\"width\":619,\"height\":287,\"caption\":\"Patrick Koglin | CEO von PK Coaching\"},\"image\":{\"@id\":\"https:\/\/www.patrick-koglin.com\/#\/schema\/logo\/image\/\"},\"sameAs\":[\"https:\/\/www.facebook.com\/profile.php?id=61566852463657\"]}]}<\/script>\n<!-- \/ Yoast SEO plugin. -->","yoast_head_json":{"title":"Beziehungsworkshop - Patrick Koglin","robots":{"index":"index","follow":"follow","max-snippet":"max-snippet:-1","max-image-preview":"max-image-preview:large","max-video-preview":"max-video-preview:-1"},"canonical":"https:\/\/www.patrick-koglin.com\/en\/workshop\/beziehungsworkshop\/","og_locale":"en_US","og_type":"article","og_title":"Beziehungsworkshop - Patrick Koglin","og_description":"Im Beziehungsworkshop geht es f\u00fcr Unternehmer und F\u00fchrungskr\u00e4fte darum wie sie Beziehungen zu Mitarbeitern, Angestellten, Dienstleistern und Zulieferern besser managen k\u00f6nnen. F\u00fcr Menschen in Beziehung geht es darum wie sie ihre Beziehungen st\u00e4rken und das Feuer der Leidenschaft dauerhaft erhalten k\u00f6nnen. F\u00fcr Singles dreht es sich in diesem Workshop darum wie sie ihren Wunschpartner manifestieren ... Read more","og_url":"https:\/\/www.patrick-koglin.com\/en\/workshop\/beziehungsworkshop\/","og_site_name":"Patrick Koglin","article_publisher":"https:\/\/www.facebook.com\/profile.php?id=61566852463657","article_modified_time":"2024-10-29T11:32:40+00:00","twitter_card":"summary_large_image","twitter_misc":{"Est. reading time":"2 minutes"},"schema":{"@context":"https:\/\/schema.org","@graph":[{"@type":"WebPage","@id":"https:\/\/www.patrick-koglin.com\/workshop\/beziehungsworkshop\/","url":"https:\/\/www.patrick-koglin.com\/workshop\/beziehungsworkshop\/","name":"Beziehungsworkshop - Patrick Koglin","isPartOf":{"@id":"https:\/\/www.patrick-koglin.com\/#website"},"datePublished":"2024-09-30T19:47:53+00:00","dateModified":"2024-10-29T11:32:40+00:00","breadcrumb":{"@id":"https:\/\/www.patrick-koglin.com\/workshop\/beziehungsworkshop\/#breadcrumb"},"inLanguage":"en-US","potentialAction":[{"@type":"ReadAction","target":["https:\/\/www.patrick-koglin.com\/workshop\/beziehungsworkshop\/"]}]},{"@type":"BreadcrumbList","@id":"https:\/\/www.patrick-koglin.com\/workshop\/beziehungsworkshop\/#breadcrumb","itemListElement":[{"@type":"ListItem","position":1,"name":"Startseite","item":"https:\/\/www.patrick-koglin.com\/"},{"@type":"ListItem","position":2,"name":"Workshop","item":"https:\/\/www.patrick-koglin.com\/workshop\/"},{"@type":"ListItem","position":3,"name":"Beziehungsworkshop"}]},{"@type":"WebSite","@id":"https:\/\/www.patrick-koglin.com\/#website","url":"https:\/\/www.patrick-koglin.com\/","name":"PK Coaching - Patrick Koglin Unternehmensgruppe","description":"PK Coaching, Business-Design &amp; Development","publisher":{"@id":"https:\/\/www.patrick-koglin.com\/#organization"},"potentialAction":[{"@type":"SearchAction","target":{"@type":"EntryPoint","urlTemplate":"https:\/\/www.patrick-koglin.com\/?s={search_term_string}"},"query-input":{"@type":"PropertyValueSpecification","valueRequired":true,"valueName":"search_term_string"}}],"inLanguage":"en-US"},{"@type":"Organization","@id":"https:\/\/www.patrick-koglin.com\/#organization","name":"Patrick Koglin | CEO von PK Coaching","url":"https:\/\/www.patrick-koglin.com\/","logo":{"@type":"ImageObject","inLanguage":"en-US","@id":"https:\/\/www.patrick-koglin.com\/#\/schema\/logo\/image\/","url":"https:\/\/www.patrick-koglin.com\/wp-content\/uploads\/2025\/07\/cropped-PK16.png","contentUrl":"https:\/\/www.patrick-koglin.com\/wp-content\/uploads\/2025\/07\/cropped-PK16.png","width":619,"height":287,"caption":"Patrick Koglin | CEO von PK Coaching"},"image":{"@id":"https:\/\/www.patrick-koglin.com\/#\/schema\/logo\/image\/"},"sameAs":["https:\/\/www.facebook.com\/profile.php?id=61566852463657"]}]}},"_links":{"self":[{"href":"https:\/\/www.patrick-koglin.com\/en\/wp-json\/wp\/v2\/pages\/2056","targetHints":{"allow":["GET"]}}],"collection":[{"href":"https:\/\/www.patrick-koglin.com\/en\/wp-json\/wp\/v2\/pages"}],"about":[{"href":"https:\/\/www.patrick-koglin.com\/en\/wp-json\/wp\/v2\/types\/page"}],"author":[{"embeddable":true,"href":"https:\/\/www.patrick-koglin.com\/en\/wp-json\/wp\/v2\/users\/1"}],"replies":[{"embeddable":true,"href":"https:\/\/www.patrick-koglin.com\/en\/wp-json\/wp\/v2\/comments?post=2056"}],"version-history":[{"count":13,"href":"https:\/\/www.patrick-koglin.com\/en\/wp-json\/wp\/v2\/pages\/2056\/revisions"}],"predecessor-version":[{"id":7734,"href":"https:\/\/www.patrick-koglin.com\/en\/wp-json\/wp\/v2\/pages\/2056\/revisions\/7734"}],"up":[{"embeddable":true,"href":"https:\/\/www.patrick-koglin.com\/en\/wp-json\/wp\/v2\/pages\/2053"}],"wp:attachment":[{"href":"https:\/\/www.patrick-koglin.com\/en\/wp-json\/wp\/v2\/media?parent=2056"}],"curies":[{"name":"wp","href":"https:\/\/api.w.org\/{rel}","templated":true}]}}