{"id":2060,"date":"2024-09-30T21:50:34","date_gmt":"2024-09-30T19:50:34","guid":{"rendered":"https:\/\/www.patrick-koglin.com\/?page_id=2060"},"modified":"2024-10-29T12:26:19","modified_gmt":"2024-10-29T11:26:19","slug":"teilnehmerstimmen","status":"publish","type":"page","link":"https:\/\/www.patrick-koglin.com\/en\/workshop\/beziehungsworkshop\/teilnehmerstimmen\/","title":{"rendered":"Beziehungsworkshop"},"content":{"rendered":"<h3 class=\"wp-block-heading\">Bisherige Teilnehmerstimmen<\/h3>\n\n\n\n<hr class=\"wp-block-separator has-alpha-channel-opacity\"\/>\n\n\n\n<div class=\"wp-block-columns is-layout-flex wp-container-core-columns-is-layout-9d6595d7 wp-block-columns-is-layout-flex\">\n<div class=\"wp-block-column is-layout-flow wp-block-column-is-layout-flow\" style=\"flex-basis:33.33%\">\n<h2 class=\"wp-block-heading has-text-align-center\">Lukas B.<\/h2>\n\n\n\n<p class=\"has-text-align-center\">\u2b50\u2b50\u2b50\u2b50\u2b50<\/p>\n\n\n\n<p class=\"has-text-align-center\">Februar 2024<\/p>\n<\/div>\n\n\n\n<div class=\"wp-block-column is-layout-flow wp-block-column-is-layout-flow\" style=\"flex-basis:66.66%\">\n<h3 class=\"wp-block-heading has-text-align-center\">Tolle Impulse und unheimlich viel in mir gel\u00f6st!<\/h3>\n\n\n\n<p class=\"has-text-align-center has-medium-font-size\"><em>&#8222;Der Beziehungsworkshop bei Patrick war super strukturiert und konnte ganz viele tolle Impulse mitnehmen, die die Beziehung zu mir selbst und meiner Partnerin st\u00e4rken und auf ein neues Level heben. Die F\u00fchrung zur Harmonisierung der Beziehung zu meinen Eltern war einfach nur magisch und hat unglaublich viel in mir gel\u00f6st! Ich danke von Herzen lieber Patrick!&#8220;<\/em><\/p>\n<\/div>\n<\/div>\n\n\n\n<hr class=\"wp-block-separator has-alpha-channel-opacity\"\/>\n\n\n\n<div class=\"wp-block-columns is-layout-flex wp-container-core-columns-is-layout-9d6595d7 wp-block-columns-is-layout-flex\">\n<div class=\"wp-block-column is-layout-flow wp-block-column-is-layout-flow\" style=\"flex-basis:33.33%\">\n<h2 class=\"wp-block-heading has-text-align-center\">Natalie Eibe<\/h2>\n\n\n\n<p class=\"has-text-align-center\">\u2b50\u2b50\u2b50\u2b50\u2b50<\/p>\n\n\n\n<p class=\"has-text-align-center has-medium-font-size\"><strong><em>&#8222;Riesen Ver\u00e4nderung in der Beziehung zu mir selbst<\/em>.&#8220;<\/strong><\/p>\n\n\n\n<p class=\"has-text-align-center\">Februar 2024<\/p>\n\n\n\n<p><\/p>\n<\/div>\n\n\n\n<div class=\"wp-block-column is-layout-flow wp-block-column-is-layout-flow\" style=\"flex-basis:66.66%\">\n<h2 class=\"wp-block-heading has-text-align-center\"><em> Ich kann mich endlich als Mama lieben<\/em><\/h2>\n\n\n\n<p class=\"has-text-align-center has-medium-font-size\"><em>&#8222;Ich hatte das gro\u00dfe Gl\u00fcck, dass ich an Patricks Beziehungs Workshop teilgenommen durfte. Eine ganz klare eindeutige Empfehlung von mir f\u00fcr jeden Menschen!!!! Nicht nur f\u00fcr die Beziehung zum Partner oder zum potentiellen Partner. F\u00fcr mich hat es grunds\u00e4tzlich eine riesen Ver\u00e4nderung in der Beziehung zu mir selbst und auch zu meinen Kindern gegeben. Ich kann mich endlich als Mama lieben und die Mutter Rolle annehmen. Ich h\u00e4tte nie gedacht, dass mir dieser Workshop so sehr helfen w\u00fcrde, einen besseren Zugang zu meinen Kindern zu bekommen. Wer das nicht nutzt, ist selber schuld. Danke Patrick, danke danke danke.&#8220;<\/em><\/p>\n<\/div>\n<\/div>\n\n\n\n<hr class=\"wp-block-separator has-alpha-channel-opacity\"\/>\n\n\n\n<p><em><a href=\"https:\/\/www.patrick-koglin.com\/en\/workshop\/beziehungsworkshop\/\">zur\u00fcck zum Workshop<\/a><\/em><\/p>\n\n\n\n<p><\/p>","protected":false},"excerpt":{"rendered":"<p>Bisherige Teilnehmerstimmen Lukas B. \u2b50\u2b50\u2b50\u2b50\u2b50 Februar 2024 Tolle Impulse und unheimlich viel in mir gel\u00f6st! &#8222;Der Beziehungsworkshop bei Patrick war super strukturiert und konnte ganz viele tolle Impulse mitnehmen, die die Beziehung zu mir selbst und meiner Partnerin st\u00e4rken und auf ein neues Level heben. Die F\u00fchrung zur Harmonisierung der Beziehung zu meinen Eltern war &#8230; <a title=\"Beziehungsworkshop\" class=\"read-more\" href=\"https:\/\/www.patrick-koglin.com\/en\/workshop\/beziehungsworkshop\/teilnehmerstimmen\/\" aria-label=\"Read more about Beziehungsworkshop\">Read more<\/a><\/p>","protected":false},"author":1,"featured_media":0,"parent":2056,"menu_order":0,"comment_status":"closed","ping_status":"closed","template":"","meta":{"footnotes":""},"class_list":["post-2060","page","type-page","status-publish"],"yoast_head":"<!-- This site is optimized with the Yoast SEO plugin v25.8 - https:\/\/yoast.com\/wordpress\/plugins\/seo\/ -->\n<title>Beziehungsworkshop - Patrick Koglin<\/title>\n<meta name=\"robots\" content=\"index, follow, max-snippet:-1, max-image-preview:large, max-video-preview:-1\" \/>\n<link rel=\"canonical\" href=\"https:\/\/www.patrick-koglin.com\/en\/workshop\/beziehungsworkshop\/teilnehmerstimmen\/\" \/>\n<meta property=\"og:locale\" content=\"en_US\" \/>\n<meta property=\"og:type\" content=\"article\" \/>\n<meta property=\"og:title\" content=\"Beziehungsworkshop - Patrick Koglin\" \/>\n<meta property=\"og:description\" content=\"Bisherige Teilnehmerstimmen Lukas B. \u2b50\u2b50\u2b50\u2b50\u2b50 Februar 2024 Tolle Impulse und unheimlich viel in mir gel\u00f6st! &#8222;Der Beziehungsworkshop bei Patrick war super strukturiert und konnte ganz viele tolle Impulse mitnehmen, die die Beziehung zu mir selbst und meiner Partnerin st\u00e4rken und auf ein neues Level heben. Die F\u00fchrung zur Harmonisierung der Beziehung zu meinen Eltern war ... Read more\" \/>\n<meta property=\"og:url\" content=\"https:\/\/www.patrick-koglin.com\/en\/workshop\/beziehungsworkshop\/teilnehmerstimmen\/\" \/>\n<meta property=\"og:site_name\" content=\"Patrick Koglin\" \/>\n<meta property=\"article:publisher\" content=\"https:\/\/www.facebook.com\/profile.php?id=61566852463657\" \/>\n<meta property=\"article:modified_time\" content=\"2024-10-29T11:26:19+00:00\" \/>\n<meta name=\"twitter:card\" content=\"summary_large_image\" \/>\n<meta name=\"twitter:label1\" content=\"Est. reading time\" \/>\n\t<meta name=\"twitter:data1\" content=\"2 minutes\" \/>\n<script type=\"application\/ld+json\" class=\"yoast-schema-graph\">{\"@context\":\"https:\/\/schema.org\",\"@graph\":[{\"@type\":\"WebPage\",\"@id\":\"https:\/\/www.patrick-koglin.com\/workshop\/beziehungsworkshop\/teilnehmerstimmen\/\",\"url\":\"https:\/\/www.patrick-koglin.com\/workshop\/beziehungsworkshop\/teilnehmerstimmen\/\",\"name\":\"Beziehungsworkshop - Patrick Koglin\",\"isPartOf\":{\"@id\":\"https:\/\/www.patrick-koglin.com\/#website\"},\"datePublished\":\"2024-09-30T19:50:34+00:00\",\"dateModified\":\"2024-10-29T11:26:19+00:00\",\"breadcrumb\":{\"@id\":\"https:\/\/www.patrick-koglin.com\/workshop\/beziehungsworkshop\/teilnehmerstimmen\/#breadcrumb\"},\"inLanguage\":\"en-US\",\"potentialAction\":[{\"@type\":\"ReadAction\",\"target\":[\"https:\/\/www.patrick-koglin.com\/workshop\/beziehungsworkshop\/teilnehmerstimmen\/\"]}]},{\"@type\":\"BreadcrumbList\",\"@id\":\"https:\/\/www.patrick-koglin.com\/workshop\/beziehungsworkshop\/teilnehmerstimmen\/#breadcrumb\",\"itemListElement\":[{\"@type\":\"ListItem\",\"position\":1,\"name\":\"Startseite\",\"item\":\"https:\/\/www.patrick-koglin.com\/\"},{\"@type\":\"ListItem\",\"position\":2,\"name\":\"Workshop\",\"item\":\"https:\/\/www.patrick-koglin.com\/workshop\/\"},{\"@type\":\"ListItem\",\"position\":3,\"name\":\"Beziehungsworkshop\",\"item\":\"https:\/\/www.patrick-koglin.com\/workshop\/beziehungsworkshop\/\"},{\"@type\":\"ListItem\",\"position\":4,\"name\":\"Beziehungsworkshop\"}]},{\"@type\":\"WebSite\",\"@id\":\"https:\/\/www.patrick-koglin.com\/#website\",\"url\":\"https:\/\/www.patrick-koglin.com\/\",\"name\":\"PK Coaching - Patrick Koglin Unternehmensgruppe\",\"description\":\"PK Coaching, Business-Design &amp; Development\",\"publisher\":{\"@id\":\"https:\/\/www.patrick-koglin.com\/#organization\"},\"potentialAction\":[{\"@type\":\"SearchAction\",\"target\":{\"@type\":\"EntryPoint\",\"urlTemplate\":\"https:\/\/www.patrick-koglin.com\/?s={search_term_string}\"},\"query-input\":{\"@type\":\"PropertyValueSpecification\",\"valueRequired\":true,\"valueName\":\"search_term_string\"}}],\"inLanguage\":\"en-US\"},{\"@type\":\"Organization\",\"@id\":\"https:\/\/www.patrick-koglin.com\/#organization\",\"name\":\"Patrick Koglin | CEO von PK Coaching\",\"url\":\"https:\/\/www.patrick-koglin.com\/\",\"logo\":{\"@type\":\"ImageObject\",\"inLanguage\":\"en-US\",\"@id\":\"https:\/\/www.patrick-koglin.com\/#\/schema\/logo\/image\/\",\"url\":\"https:\/\/www.patrick-koglin.com\/wp-content\/uploads\/2025\/07\/cropped-PK16.png\",\"contentUrl\":\"https:\/\/www.patrick-koglin.com\/wp-content\/uploads\/2025\/07\/cropped-PK16.png\",\"width\":619,\"height\":287,\"caption\":\"Patrick Koglin | CEO von PK Coaching\"},\"image\":{\"@id\":\"https:\/\/www.patrick-koglin.com\/#\/schema\/logo\/image\/\"},\"sameAs\":[\"https:\/\/www.facebook.com\/profile.php?id=61566852463657\"]}]}<\/script>\n<!-- \/ Yoast SEO plugin. -->","yoast_head_json":{"title":"Beziehungsworkshop - Patrick Koglin","robots":{"index":"index","follow":"follow","max-snippet":"max-snippet:-1","max-image-preview":"max-image-preview:large","max-video-preview":"max-video-preview:-1"},"canonical":"https:\/\/www.patrick-koglin.com\/en\/workshop\/beziehungsworkshop\/teilnehmerstimmen\/","og_locale":"en_US","og_type":"article","og_title":"Beziehungsworkshop - Patrick Koglin","og_description":"Bisherige Teilnehmerstimmen Lukas B. \u2b50\u2b50\u2b50\u2b50\u2b50 Februar 2024 Tolle Impulse und unheimlich viel in mir gel\u00f6st! &#8222;Der Beziehungsworkshop bei Patrick war super strukturiert und konnte ganz viele tolle Impulse mitnehmen, die die Beziehung zu mir selbst und meiner Partnerin st\u00e4rken und auf ein neues Level heben. Die F\u00fchrung zur Harmonisierung der Beziehung zu meinen Eltern war ... Read more","og_url":"https:\/\/www.patrick-koglin.com\/en\/workshop\/beziehungsworkshop\/teilnehmerstimmen\/","og_site_name":"Patrick Koglin","article_publisher":"https:\/\/www.facebook.com\/profile.php?id=61566852463657","article_modified_time":"2024-10-29T11:26:19+00:00","twitter_card":"summary_large_image","twitter_misc":{"Est. reading time":"2 minutes"},"schema":{"@context":"https:\/\/schema.org","@graph":[{"@type":"WebPage","@id":"https:\/\/www.patrick-koglin.com\/workshop\/beziehungsworkshop\/teilnehmerstimmen\/","url":"https:\/\/www.patrick-koglin.com\/workshop\/beziehungsworkshop\/teilnehmerstimmen\/","name":"Beziehungsworkshop - Patrick Koglin","isPartOf":{"@id":"https:\/\/www.patrick-koglin.com\/#website"},"datePublished":"2024-09-30T19:50:34+00:00","dateModified":"2024-10-29T11:26:19+00:00","breadcrumb":{"@id":"https:\/\/www.patrick-koglin.com\/workshop\/beziehungsworkshop\/teilnehmerstimmen\/#breadcrumb"},"inLanguage":"en-US","potentialAction":[{"@type":"ReadAction","target":["https:\/\/www.patrick-koglin.com\/workshop\/beziehungsworkshop\/teilnehmerstimmen\/"]}]},{"@type":"BreadcrumbList","@id":"https:\/\/www.patrick-koglin.com\/workshop\/beziehungsworkshop\/teilnehmerstimmen\/#breadcrumb","itemListElement":[{"@type":"ListItem","position":1,"name":"Startseite","item":"https:\/\/www.patrick-koglin.com\/"},{"@type":"ListItem","position":2,"name":"Workshop","item":"https:\/\/www.patrick-koglin.com\/workshop\/"},{"@type":"ListItem","position":3,"name":"Beziehungsworkshop","item":"https:\/\/www.patrick-koglin.com\/workshop\/beziehungsworkshop\/"},{"@type":"ListItem","position":4,"name":"Beziehungsworkshop"}]},{"@type":"WebSite","@id":"https:\/\/www.patrick-koglin.com\/#website","url":"https:\/\/www.patrick-koglin.com\/","name":"PK Coaching - Patrick Koglin Unternehmensgruppe","description":"PK Coaching, Business-Design &amp; Development","publisher":{"@id":"https:\/\/www.patrick-koglin.com\/#organization"},"potentialAction":[{"@type":"SearchAction","target":{"@type":"EntryPoint","urlTemplate":"https:\/\/www.patrick-koglin.com\/?s={search_term_string}"},"query-input":{"@type":"PropertyValueSpecification","valueRequired":true,"valueName":"search_term_string"}}],"inLanguage":"en-US"},{"@type":"Organization","@id":"https:\/\/www.patrick-koglin.com\/#organization","name":"Patrick Koglin | CEO von PK Coaching","url":"https:\/\/www.patrick-koglin.com\/","logo":{"@type":"ImageObject","inLanguage":"en-US","@id":"https:\/\/www.patrick-koglin.com\/#\/schema\/logo\/image\/","url":"https:\/\/www.patrick-koglin.com\/wp-content\/uploads\/2025\/07\/cropped-PK16.png","contentUrl":"https:\/\/www.patrick-koglin.com\/wp-content\/uploads\/2025\/07\/cropped-PK16.png","width":619,"height":287,"caption":"Patrick Koglin | CEO von PK Coaching"},"image":{"@id":"https:\/\/www.patrick-koglin.com\/#\/schema\/logo\/image\/"},"sameAs":["https:\/\/www.facebook.com\/profile.php?id=61566852463657"]}]}},"_links":{"self":[{"href":"https:\/\/www.patrick-koglin.com\/en\/wp-json\/wp\/v2\/pages\/2060","targetHints":{"allow":["GET"]}}],"collection":[{"href":"https:\/\/www.patrick-koglin.com\/en\/wp-json\/wp\/v2\/pages"}],"about":[{"href":"https:\/\/www.patrick-koglin.com\/en\/wp-json\/wp\/v2\/types\/page"}],"author":[{"embeddable":true,"href":"https:\/\/www.patrick-koglin.com\/en\/wp-json\/wp\/v2\/users\/1"}],"replies":[{"embeddable":true,"href":"https:\/\/www.patrick-koglin.com\/en\/wp-json\/wp\/v2\/comments?post=2060"}],"version-history":[{"count":17,"href":"https:\/\/www.patrick-koglin.com\/en\/wp-json\/wp\/v2\/pages\/2060\/revisions"}],"predecessor-version":[{"id":2556,"href":"https:\/\/www.patrick-koglin.com\/en\/wp-json\/wp\/v2\/pages\/2060\/revisions\/2556"}],"up":[{"embeddable":true,"href":"https:\/\/www.patrick-koglin.com\/en\/wp-json\/wp\/v2\/pages\/2056"}],"wp:attachment":[{"href":"https:\/\/www.patrick-koglin.com\/en\/wp-json\/wp\/v2\/media?parent=2060"}],"curies":[{"name":"wp","href":"https:\/\/api.w.org\/{rel}","templated":true}]}}