{"id":2104,"date":"2024-09-30T22:21:40","date_gmt":"2024-09-30T20:21:40","guid":{"rendered":"https:\/\/www.patrick-koglin.com\/?page_id=2104"},"modified":"2024-10-11T10:57:18","modified_gmt":"2024-10-11T08:57:18","slug":"management-und-it-coaching","status":"publish","type":"page","link":"https:\/\/www.patrick-koglin.com\/en\/coachings\/management-und-it-coaching\/","title":{"rendered":"Management und IT-Coaching"},"content":{"rendered":"<p>Manager (m\/w\/d), F\u00fchrungskr\u00e4fte und IT-Fachangestellte sind h\u00e4ufig hoher Komplexit\u00e4t ausgesetzt. F\u00fcr sie ist besonders wichtig effizientes, klares und professionelles Coaching zu erhalten.<\/p>\n\n\n\n<p>Patrick Koglin kennt die Anforderungen des typischen IT-Alltags aus seiner eigenen Berufserfahrung in internationalen DAX-Konzernen, dem schnellwachsenden eCommerce Markt und hochkomplexen Projekten. <\/p>\n\n\n\n<p>Daher kann er Sie hier selbst bei schwierigen Herausforderungen unterst\u00fctzen und ideal abholen. <\/p>\n\n\n\n<p><a href=\"https:\/\/www.patrick-koglin.com\/en\/impressum\/\">Jetzt anfragen<\/a><\/p>\n\n\n\n<div class=\"wp-block-buttons is-layout-flex wp-block-buttons-is-layout-flex\">\n<div class=\"wp-block-button\"><a class=\"wp-block-button__link has-accent-background-color has-background wp-element-button\" href=\"https:\/\/www.patrick-koglin.com\/en\/coaching\/management-und-it-coaching\/kundenstimmen\/\" style=\"border-radius:5px\">Kundenstimmen<\/a><\/div>\n<\/div>\n\n\n\n<p><\/p>","protected":false},"excerpt":{"rendered":"<p>Manager (m\/w\/d), F\u00fchrungskr\u00e4fte und IT-Fachangestellte sind h\u00e4ufig hoher Komplexit\u00e4t ausgesetzt. F\u00fcr sie ist besonders wichtig effizientes, klares und professionelles Coaching zu erhalten. Patrick Koglin kennt die Anforderungen des typischen IT-Alltags aus seiner eigenen Berufserfahrung in internationalen DAX-Konzernen, dem schnellwachsenden eCommerce Markt und hochkomplexen Projekten. Daher kann er Sie hier selbst bei schwierigen Herausforderungen unterst\u00fctzen und &#8230; <a title=\"Management und IT-Coaching\" class=\"read-more\" href=\"https:\/\/www.patrick-koglin.com\/en\/coachings\/management-und-it-coaching\/\" aria-label=\"Read more about Management und IT-Coaching\">Read more<\/a><\/p>","protected":false},"author":1,"featured_media":0,"parent":1826,"menu_order":0,"comment_status":"closed","ping_status":"closed","template":"","meta":{"footnotes":""},"class_list":["post-2104","page","type-page","status-publish"],"yoast_head":"<!-- This site is optimized with the Yoast SEO plugin v25.8 - https:\/\/yoast.com\/wordpress\/plugins\/seo\/ -->\n<title>Management und IT-Coaching - Patrick Koglin<\/title>\n<meta name=\"robots\" content=\"index, follow, max-snippet:-1, max-image-preview:large, max-video-preview:-1\" \/>\n<link rel=\"canonical\" href=\"https:\/\/www.patrick-koglin.com\/en\/coachings\/management-und-it-coaching\/\" \/>\n<meta property=\"og:locale\" content=\"en_US\" \/>\n<meta property=\"og:type\" content=\"article\" \/>\n<meta property=\"og:title\" content=\"Management und IT-Coaching - Patrick Koglin\" \/>\n<meta property=\"og:description\" content=\"Manager (m\/w\/d), F\u00fchrungskr\u00e4fte und IT-Fachangestellte sind h\u00e4ufig hoher Komplexit\u00e4t ausgesetzt. F\u00fcr sie ist besonders wichtig effizientes, klares und professionelles Coaching zu erhalten. Patrick Koglin kennt die Anforderungen des typischen IT-Alltags aus seiner eigenen Berufserfahrung in internationalen DAX-Konzernen, dem schnellwachsenden eCommerce Markt und hochkomplexen Projekten. Daher kann er Sie hier selbst bei schwierigen Herausforderungen unterst\u00fctzen und ... Read more\" \/>\n<meta property=\"og:url\" content=\"https:\/\/www.patrick-koglin.com\/en\/coachings\/management-und-it-coaching\/\" \/>\n<meta property=\"og:site_name\" content=\"Patrick Koglin\" \/>\n<meta property=\"article:publisher\" content=\"https:\/\/www.facebook.com\/profile.php?id=61566852463657\" \/>\n<meta property=\"article:modified_time\" content=\"2024-10-11T08:57:18+00:00\" \/>\n<meta name=\"twitter:card\" content=\"summary_large_image\" \/>\n<meta name=\"twitter:label1\" content=\"Est. reading time\" \/>\n\t<meta name=\"twitter:data1\" content=\"1 minute\" \/>\n<script type=\"application\/ld+json\" class=\"yoast-schema-graph\">{\"@context\":\"https:\/\/schema.org\",\"@graph\":[{\"@type\":\"WebPage\",\"@id\":\"https:\/\/www.patrick-koglin.com\/coachings\/management-und-it-coaching\/\",\"url\":\"https:\/\/www.patrick-koglin.com\/coachings\/management-und-it-coaching\/\",\"name\":\"Management und IT-Coaching - Patrick Koglin\",\"isPartOf\":{\"@id\":\"https:\/\/www.patrick-koglin.com\/#website\"},\"datePublished\":\"2024-09-30T20:21:40+00:00\",\"dateModified\":\"2024-10-11T08:57:18+00:00\",\"breadcrumb\":{\"@id\":\"https:\/\/www.patrick-koglin.com\/coachings\/management-und-it-coaching\/#breadcrumb\"},\"inLanguage\":\"en-US\",\"potentialAction\":[{\"@type\":\"ReadAction\",\"target\":[\"https:\/\/www.patrick-koglin.com\/coachings\/management-und-it-coaching\/\"]}]},{\"@type\":\"BreadcrumbList\",\"@id\":\"https:\/\/www.patrick-koglin.com\/coachings\/management-und-it-coaching\/#breadcrumb\",\"itemListElement\":[{\"@type\":\"ListItem\",\"position\":1,\"name\":\"Startseite\",\"item\":\"https:\/\/www.patrick-koglin.com\/\"},{\"@type\":\"ListItem\",\"position\":2,\"name\":\"Coaching-Bereiche\",\"item\":\"https:\/\/www.patrick-koglin.com\/coachings\/\"},{\"@type\":\"ListItem\",\"position\":3,\"name\":\"Management und IT-Coaching\"}]},{\"@type\":\"WebSite\",\"@id\":\"https:\/\/www.patrick-koglin.com\/#website\",\"url\":\"https:\/\/www.patrick-koglin.com\/\",\"name\":\"PK Coaching - Patrick Koglin Unternehmensgruppe\",\"description\":\"PK Coaching, Business-Design &amp; Development\",\"publisher\":{\"@id\":\"https:\/\/www.patrick-koglin.com\/#organization\"},\"potentialAction\":[{\"@type\":\"SearchAction\",\"target\":{\"@type\":\"EntryPoint\",\"urlTemplate\":\"https:\/\/www.patrick-koglin.com\/?s={search_term_string}\"},\"query-input\":{\"@type\":\"PropertyValueSpecification\",\"valueRequired\":true,\"valueName\":\"search_term_string\"}}],\"inLanguage\":\"en-US\"},{\"@type\":\"Organization\",\"@id\":\"https:\/\/www.patrick-koglin.com\/#organization\",\"name\":\"Patrick Koglin | CEO von PK Coaching\",\"url\":\"https:\/\/www.patrick-koglin.com\/\",\"logo\":{\"@type\":\"ImageObject\",\"inLanguage\":\"en-US\",\"@id\":\"https:\/\/www.patrick-koglin.com\/#\/schema\/logo\/image\/\",\"url\":\"https:\/\/www.patrick-koglin.com\/wp-content\/uploads\/2025\/07\/cropped-PK16.png\",\"contentUrl\":\"https:\/\/www.patrick-koglin.com\/wp-content\/uploads\/2025\/07\/cropped-PK16.png\",\"width\":619,\"height\":287,\"caption\":\"Patrick Koglin | CEO von PK Coaching\"},\"image\":{\"@id\":\"https:\/\/www.patrick-koglin.com\/#\/schema\/logo\/image\/\"},\"sameAs\":[\"https:\/\/www.facebook.com\/profile.php?id=61566852463657\"]}]}<\/script>\n<!-- \/ Yoast SEO plugin. -->","yoast_head_json":{"title":"Management und IT-Coaching - Patrick Koglin","robots":{"index":"index","follow":"follow","max-snippet":"max-snippet:-1","max-image-preview":"max-image-preview:large","max-video-preview":"max-video-preview:-1"},"canonical":"https:\/\/www.patrick-koglin.com\/en\/coachings\/management-und-it-coaching\/","og_locale":"en_US","og_type":"article","og_title":"Management und IT-Coaching - Patrick Koglin","og_description":"Manager (m\/w\/d), F\u00fchrungskr\u00e4fte und IT-Fachangestellte sind h\u00e4ufig hoher Komplexit\u00e4t ausgesetzt. F\u00fcr sie ist besonders wichtig effizientes, klares und professionelles Coaching zu erhalten. Patrick Koglin kennt die Anforderungen des typischen IT-Alltags aus seiner eigenen Berufserfahrung in internationalen DAX-Konzernen, dem schnellwachsenden eCommerce Markt und hochkomplexen Projekten. Daher kann er Sie hier selbst bei schwierigen Herausforderungen unterst\u00fctzen und ... Read more","og_url":"https:\/\/www.patrick-koglin.com\/en\/coachings\/management-und-it-coaching\/","og_site_name":"Patrick Koglin","article_publisher":"https:\/\/www.facebook.com\/profile.php?id=61566852463657","article_modified_time":"2024-10-11T08:57:18+00:00","twitter_card":"summary_large_image","twitter_misc":{"Est. reading time":"1 minute"},"schema":{"@context":"https:\/\/schema.org","@graph":[{"@type":"WebPage","@id":"https:\/\/www.patrick-koglin.com\/coachings\/management-und-it-coaching\/","url":"https:\/\/www.patrick-koglin.com\/coachings\/management-und-it-coaching\/","name":"Management und IT-Coaching - Patrick Koglin","isPartOf":{"@id":"https:\/\/www.patrick-koglin.com\/#website"},"datePublished":"2024-09-30T20:21:40+00:00","dateModified":"2024-10-11T08:57:18+00:00","breadcrumb":{"@id":"https:\/\/www.patrick-koglin.com\/coachings\/management-und-it-coaching\/#breadcrumb"},"inLanguage":"en-US","potentialAction":[{"@type":"ReadAction","target":["https:\/\/www.patrick-koglin.com\/coachings\/management-und-it-coaching\/"]}]},{"@type":"BreadcrumbList","@id":"https:\/\/www.patrick-koglin.com\/coachings\/management-und-it-coaching\/#breadcrumb","itemListElement":[{"@type":"ListItem","position":1,"name":"Startseite","item":"https:\/\/www.patrick-koglin.com\/"},{"@type":"ListItem","position":2,"name":"Coaching-Bereiche","item":"https:\/\/www.patrick-koglin.com\/coachings\/"},{"@type":"ListItem","position":3,"name":"Management und IT-Coaching"}]},{"@type":"WebSite","@id":"https:\/\/www.patrick-koglin.com\/#website","url":"https:\/\/www.patrick-koglin.com\/","name":"PK Coaching - Patrick Koglin Unternehmensgruppe","description":"PK Coaching, Business-Design &amp; Development","publisher":{"@id":"https:\/\/www.patrick-koglin.com\/#organization"},"potentialAction":[{"@type":"SearchAction","target":{"@type":"EntryPoint","urlTemplate":"https:\/\/www.patrick-koglin.com\/?s={search_term_string}"},"query-input":{"@type":"PropertyValueSpecification","valueRequired":true,"valueName":"search_term_string"}}],"inLanguage":"en-US"},{"@type":"Organization","@id":"https:\/\/www.patrick-koglin.com\/#organization","name":"Patrick Koglin | CEO von PK Coaching","url":"https:\/\/www.patrick-koglin.com\/","logo":{"@type":"ImageObject","inLanguage":"en-US","@id":"https:\/\/www.patrick-koglin.com\/#\/schema\/logo\/image\/","url":"https:\/\/www.patrick-koglin.com\/wp-content\/uploads\/2025\/07\/cropped-PK16.png","contentUrl":"https:\/\/www.patrick-koglin.com\/wp-content\/uploads\/2025\/07\/cropped-PK16.png","width":619,"height":287,"caption":"Patrick Koglin | CEO von PK Coaching"},"image":{"@id":"https:\/\/www.patrick-koglin.com\/#\/schema\/logo\/image\/"},"sameAs":["https:\/\/www.facebook.com\/profile.php?id=61566852463657"]}]}},"_links":{"self":[{"href":"https:\/\/www.patrick-koglin.com\/en\/wp-json\/wp\/v2\/pages\/2104","targetHints":{"allow":["GET"]}}],"collection":[{"href":"https:\/\/www.patrick-koglin.com\/en\/wp-json\/wp\/v2\/pages"}],"about":[{"href":"https:\/\/www.patrick-koglin.com\/en\/wp-json\/wp\/v2\/types\/page"}],"author":[{"embeddable":true,"href":"https:\/\/www.patrick-koglin.com\/en\/wp-json\/wp\/v2\/users\/1"}],"replies":[{"embeddable":true,"href":"https:\/\/www.patrick-koglin.com\/en\/wp-json\/wp\/v2\/comments?post=2104"}],"version-history":[{"count":6,"href":"https:\/\/www.patrick-koglin.com\/en\/wp-json\/wp\/v2\/pages\/2104\/revisions"}],"predecessor-version":[{"id":2117,"href":"https:\/\/www.patrick-koglin.com\/en\/wp-json\/wp\/v2\/pages\/2104\/revisions\/2117"}],"up":[{"embeddable":true,"href":"https:\/\/www.patrick-koglin.com\/en\/wp-json\/wp\/v2\/pages\/1826"}],"wp:attachment":[{"href":"https:\/\/www.patrick-koglin.com\/en\/wp-json\/wp\/v2\/media?parent=2104"}],"curies":[{"name":"wp","href":"https:\/\/api.w.org\/{rel}","templated":true}]}}