{"id":2165,"date":"2024-09-30T22:56:55","date_gmt":"2024-09-30T20:56:55","guid":{"rendered":"https:\/\/www.patrick-koglin.com\/?page_id=2165"},"modified":"2024-10-11T10:58:27","modified_gmt":"2024-10-11T08:58:27","slug":"kundenstimmen","status":"publish","type":"page","link":"https:\/\/www.patrick-koglin.com\/en\/kundenstimmen\/","title":{"rendered":"Kundenstimmen"},"content":{"rendered":"<div class=\"wp-block-image is-style-rounded\">\n<figure class=\"aligncenter size-full is-resized\"><a href=\"https:\/\/dianaweisser.de\/\" target=\"_blank\" rel=\"noreferrer noopener\"><img fetchpriority=\"high\" decoding=\"async\" width=\"225\" height=\"225\" src=\"https:\/\/www.patrick-koglin.com\/wp-content\/uploads\/2024\/09\/Diana-weisser.jpeg\" alt=\"\" class=\"wp-image-2166\" style=\"width:197px;height:auto\" srcset=\"https:\/\/www.patrick-koglin.com\/wp-content\/uploads\/2024\/09\/Diana-weisser.jpeg 225w, https:\/\/www.patrick-koglin.com\/wp-content\/uploads\/2024\/09\/Diana-weisser-150x150.jpeg 150w\" sizes=\"(max-width: 225px) 100vw, 225px\" \/><\/a><\/figure>\n<\/div>\n\n\n<h2 class=\"wp-block-heading has-text-align-center\"><\/h2>\n\n\n\n<h2 class=\"wp-block-heading has-text-align-center\">Als Mentor schafft er unglaubliche R\u00e4ume!<\/h2>\n\n\n\n<p class=\"has-text-align-center has-medium-font-size\"><em>&#8222;Patrick schafft es R\u00e4ume zu er\u00f6ffnen, in Sprache, Empathie und einer Klarheit die f\u00fcr jeden v\u00f6llig neue Denkweisen und Ans\u00e4tze er\u00f6ffnen. Das Learning ist mit Ruhe und Geduld Simply zum erfahren. Als Mentor und Trainer,ein unglaubliches Wissen was er mit Viel Liebe, Geduld und Leidenschaft absolut Ruhig schenkt.Danke Patrick f\u00fcr die vielen Klicks und die die da noch kommen. Danke.&#8220;<\/em> \ud83d\udc8e<\/p>\n\n\n\n<h3 class=\"wp-block-heading has-text-align-center\">Diana Wei\u00dfer<\/h3>\n\n\n\n<h4 class=\"wp-block-heading has-text-align-center\">\ud83d\udc8e Motivations- und Mindset-Coach<\/h4>\n\n\n\n<p class=\"has-text-align-center has-medium-font-size\"><a href=\"https:\/\/dianaweisser.de\/startseite\" target=\"_blank\" rel=\"noreferrer noopener\">dianaweisser.de<\/a><\/p>\n\n\n\n<hr class=\"wp-block-separator has-alpha-channel-opacity\"\/>\n\n\n\n<h2 class=\"wp-block-heading has-text-align-center\">Ines Doenicke<\/h2>\n\n\n<div class=\"wp-block-image is-style-rounded\">\n<figure class=\"aligncenter size-full is-resized\"><img decoding=\"async\" width=\"213\" height=\"237\" src=\"https:\/\/www.patrick-koglin.com\/wp-content\/uploads\/2024\/09\/Ines-Doenicke.jpeg\" alt=\"\" class=\"wp-image-2093\" style=\"width:145px;height:auto\"\/><\/figure>\n<\/div>\n\n\n<p class=\"has-text-align-center has-medium-font-size\"><em>&#8222;Danke f\u00fcr die Zeit in der du mich begleitet hast. F\u00fcr die Unterst\u00fctzung, Motivation, Inspirationen und die Tipps. Danke einfach f\u00fcr den Mehrwert den ich jetzt dauerhaft nutzen kann.\ud83d\udcaa\ud83c\udffb\ud83d\udc4d\ud83c\udffb&#8220;<\/em>, Mai 2024<\/p>\n\n\n\n<p class=\"has-text-align-center\"><a href=\"https:\/\/coaching-inesdoenicke.de\/\">coaching-inesdoenicke.de<\/a><\/p>","protected":false},"excerpt":{"rendered":"<p>Als Mentor schafft er unglaubliche R\u00e4ume! &#8222;Patrick schafft es R\u00e4ume zu er\u00f6ffnen, in Sprache, Empathie und einer Klarheit die f\u00fcr jeden v\u00f6llig neue Denkweisen und Ans\u00e4tze er\u00f6ffnen. Das Learning ist mit Ruhe und Geduld Simply zum erfahren. Als Mentor und Trainer,ein unglaubliches Wissen was er mit Viel Liebe, Geduld und Leidenschaft absolut Ruhig schenkt.Danke Patrick &#8230; <a title=\"Kundenstimmen\" class=\"read-more\" href=\"https:\/\/www.patrick-koglin.com\/en\/kundenstimmen\/\" aria-label=\"Read more about Kundenstimmen\">Read more<\/a><\/p>","protected":false},"author":1,"featured_media":0,"parent":0,"menu_order":0,"comment_status":"closed","ping_status":"closed","template":"","meta":{"footnotes":""},"class_list":["post-2165","page","type-page","status-publish"],"yoast_head":"<!-- This site is optimized with the Yoast SEO plugin v25.8 - https:\/\/yoast.com\/wordpress\/plugins\/seo\/ -->\n<title>Kundenstimmen - Patrick Koglin<\/title>\n<meta name=\"robots\" content=\"index, follow, max-snippet:-1, max-image-preview:large, max-video-preview:-1\" \/>\n<link rel=\"canonical\" href=\"https:\/\/www.patrick-koglin.com\/en\/mentoring__trashed\/kundenstimmen\/\" \/>\n<meta property=\"og:locale\" content=\"en_US\" \/>\n<meta property=\"og:type\" content=\"article\" \/>\n<meta property=\"og:title\" content=\"Kundenstimmen - Patrick Koglin\" \/>\n<meta property=\"og:description\" content=\"Als Mentor schafft er unglaubliche R\u00e4ume! &#8222;Patrick schafft es R\u00e4ume zu er\u00f6ffnen, in Sprache, Empathie und einer Klarheit die f\u00fcr jeden v\u00f6llig neue Denkweisen und Ans\u00e4tze er\u00f6ffnen. Das Learning ist mit Ruhe und Geduld Simply zum erfahren. Als Mentor und Trainer,ein unglaubliches Wissen was er mit Viel Liebe, Geduld und Leidenschaft absolut Ruhig schenkt.Danke Patrick ... Read more\" \/>\n<meta property=\"og:url\" content=\"https:\/\/www.patrick-koglin.com\/en\/mentoring__trashed\/kundenstimmen\/\" \/>\n<meta property=\"og:site_name\" content=\"Patrick Koglin\" \/>\n<meta property=\"article:publisher\" content=\"https:\/\/www.facebook.com\/profile.php?id=61566852463657\" \/>\n<meta property=\"article:modified_time\" content=\"2024-10-11T08:58:27+00:00\" \/>\n<meta property=\"og:image\" content=\"https:\/\/www.patrick-koglin.com\/wp-content\/uploads\/2024\/09\/Diana-weisser.jpeg\" \/>\n<meta name=\"twitter:card\" content=\"summary_large_image\" \/>\n<meta name=\"twitter:label1\" content=\"Est. reading time\" \/>\n\t<meta name=\"twitter:data1\" content=\"2 minutes\" \/>\n<script type=\"application\/ld+json\" class=\"yoast-schema-graph\">{\"@context\":\"https:\/\/schema.org\",\"@graph\":[{\"@type\":\"WebPage\",\"@id\":\"https:\/\/www.patrick-koglin.com\/mentoring__trashed\/kundenstimmen\/\",\"url\":\"https:\/\/www.patrick-koglin.com\/mentoring__trashed\/kundenstimmen\/\",\"name\":\"Kundenstimmen - Patrick Koglin\",\"isPartOf\":{\"@id\":\"https:\/\/www.patrick-koglin.com\/#website\"},\"primaryImageOfPage\":{\"@id\":\"https:\/\/www.patrick-koglin.com\/mentoring__trashed\/kundenstimmen\/#primaryimage\"},\"image\":{\"@id\":\"https:\/\/www.patrick-koglin.com\/mentoring__trashed\/kundenstimmen\/#primaryimage\"},\"thumbnailUrl\":\"https:\/\/www.patrick-koglin.com\/wp-content\/uploads\/2024\/09\/Diana-weisser.jpeg\",\"datePublished\":\"2024-09-30T20:56:55+00:00\",\"dateModified\":\"2024-10-11T08:58:27+00:00\",\"breadcrumb\":{\"@id\":\"https:\/\/www.patrick-koglin.com\/mentoring__trashed\/kundenstimmen\/#breadcrumb\"},\"inLanguage\":\"en-US\",\"potentialAction\":[{\"@type\":\"ReadAction\",\"target\":[\"https:\/\/www.patrick-koglin.com\/mentoring__trashed\/kundenstimmen\/\"]}]},{\"@type\":\"ImageObject\",\"inLanguage\":\"en-US\",\"@id\":\"https:\/\/www.patrick-koglin.com\/mentoring__trashed\/kundenstimmen\/#primaryimage\",\"url\":\"https:\/\/www.patrick-koglin.com\/wp-content\/uploads\/2024\/09\/Diana-weisser.jpeg\",\"contentUrl\":\"https:\/\/www.patrick-koglin.com\/wp-content\/uploads\/2024\/09\/Diana-weisser.jpeg\"},{\"@type\":\"BreadcrumbList\",\"@id\":\"https:\/\/www.patrick-koglin.com\/mentoring__trashed\/kundenstimmen\/#breadcrumb\",\"itemListElement\":[{\"@type\":\"ListItem\",\"position\":1,\"name\":\"Startseite\",\"item\":\"https:\/\/www.patrick-koglin.com\/\"},{\"@type\":\"ListItem\",\"position\":2,\"name\":\"Kundenstimmen\"}]},{\"@type\":\"WebSite\",\"@id\":\"https:\/\/www.patrick-koglin.com\/#website\",\"url\":\"https:\/\/www.patrick-koglin.com\/\",\"name\":\"PK Coaching - Patrick Koglin Unternehmensgruppe\",\"description\":\"PK Coaching, Business-Design &amp; Development\",\"publisher\":{\"@id\":\"https:\/\/www.patrick-koglin.com\/#organization\"},\"potentialAction\":[{\"@type\":\"SearchAction\",\"target\":{\"@type\":\"EntryPoint\",\"urlTemplate\":\"https:\/\/www.patrick-koglin.com\/?s={search_term_string}\"},\"query-input\":{\"@type\":\"PropertyValueSpecification\",\"valueRequired\":true,\"valueName\":\"search_term_string\"}}],\"inLanguage\":\"en-US\"},{\"@type\":\"Organization\",\"@id\":\"https:\/\/www.patrick-koglin.com\/#organization\",\"name\":\"Patrick Koglin | CEO von PK Coaching\",\"url\":\"https:\/\/www.patrick-koglin.com\/\",\"logo\":{\"@type\":\"ImageObject\",\"inLanguage\":\"en-US\",\"@id\":\"https:\/\/www.patrick-koglin.com\/#\/schema\/logo\/image\/\",\"url\":\"https:\/\/www.patrick-koglin.com\/wp-content\/uploads\/2025\/07\/cropped-PK16.png\",\"contentUrl\":\"https:\/\/www.patrick-koglin.com\/wp-content\/uploads\/2025\/07\/cropped-PK16.png\",\"width\":619,\"height\":287,\"caption\":\"Patrick Koglin | CEO von PK Coaching\"},\"image\":{\"@id\":\"https:\/\/www.patrick-koglin.com\/#\/schema\/logo\/image\/\"},\"sameAs\":[\"https:\/\/www.facebook.com\/profile.php?id=61566852463657\"]}]}<\/script>\n<!-- \/ Yoast SEO plugin. -->","yoast_head_json":{"title":"Kundenstimmen - Patrick Koglin","robots":{"index":"index","follow":"follow","max-snippet":"max-snippet:-1","max-image-preview":"max-image-preview:large","max-video-preview":"max-video-preview:-1"},"canonical":"https:\/\/www.patrick-koglin.com\/en\/mentoring__trashed\/kundenstimmen\/","og_locale":"en_US","og_type":"article","og_title":"Kundenstimmen - Patrick Koglin","og_description":"Als Mentor schafft er unglaubliche R\u00e4ume! &#8222;Patrick schafft es R\u00e4ume zu er\u00f6ffnen, in Sprache, Empathie und einer Klarheit die f\u00fcr jeden v\u00f6llig neue Denkweisen und Ans\u00e4tze er\u00f6ffnen. Das Learning ist mit Ruhe und Geduld Simply zum erfahren. Als Mentor und Trainer,ein unglaubliches Wissen was er mit Viel Liebe, Geduld und Leidenschaft absolut Ruhig schenkt.Danke Patrick ... Read more","og_url":"https:\/\/www.patrick-koglin.com\/en\/mentoring__trashed\/kundenstimmen\/","og_site_name":"Patrick Koglin","article_publisher":"https:\/\/www.facebook.com\/profile.php?id=61566852463657","article_modified_time":"2024-10-11T08:58:27+00:00","og_image":[{"url":"https:\/\/www.patrick-koglin.com\/wp-content\/uploads\/2024\/09\/Diana-weisser.jpeg","type":"","width":"","height":""}],"twitter_card":"summary_large_image","twitter_misc":{"Est. reading time":"2 minutes"},"schema":{"@context":"https:\/\/schema.org","@graph":[{"@type":"WebPage","@id":"https:\/\/www.patrick-koglin.com\/mentoring__trashed\/kundenstimmen\/","url":"https:\/\/www.patrick-koglin.com\/mentoring__trashed\/kundenstimmen\/","name":"Kundenstimmen - Patrick Koglin","isPartOf":{"@id":"https:\/\/www.patrick-koglin.com\/#website"},"primaryImageOfPage":{"@id":"https:\/\/www.patrick-koglin.com\/mentoring__trashed\/kundenstimmen\/#primaryimage"},"image":{"@id":"https:\/\/www.patrick-koglin.com\/mentoring__trashed\/kundenstimmen\/#primaryimage"},"thumbnailUrl":"https:\/\/www.patrick-koglin.com\/wp-content\/uploads\/2024\/09\/Diana-weisser.jpeg","datePublished":"2024-09-30T20:56:55+00:00","dateModified":"2024-10-11T08:58:27+00:00","breadcrumb":{"@id":"https:\/\/www.patrick-koglin.com\/mentoring__trashed\/kundenstimmen\/#breadcrumb"},"inLanguage":"en-US","potentialAction":[{"@type":"ReadAction","target":["https:\/\/www.patrick-koglin.com\/mentoring__trashed\/kundenstimmen\/"]}]},{"@type":"ImageObject","inLanguage":"en-US","@id":"https:\/\/www.patrick-koglin.com\/mentoring__trashed\/kundenstimmen\/#primaryimage","url":"https:\/\/www.patrick-koglin.com\/wp-content\/uploads\/2024\/09\/Diana-weisser.jpeg","contentUrl":"https:\/\/www.patrick-koglin.com\/wp-content\/uploads\/2024\/09\/Diana-weisser.jpeg"},{"@type":"BreadcrumbList","@id":"https:\/\/www.patrick-koglin.com\/mentoring__trashed\/kundenstimmen\/#breadcrumb","itemListElement":[{"@type":"ListItem","position":1,"name":"Startseite","item":"https:\/\/www.patrick-koglin.com\/"},{"@type":"ListItem","position":2,"name":"Kundenstimmen"}]},{"@type":"WebSite","@id":"https:\/\/www.patrick-koglin.com\/#website","url":"https:\/\/www.patrick-koglin.com\/","name":"PK Coaching - Patrick Koglin Unternehmensgruppe","description":"PK Coaching, Business-Design &amp; Development","publisher":{"@id":"https:\/\/www.patrick-koglin.com\/#organization"},"potentialAction":[{"@type":"SearchAction","target":{"@type":"EntryPoint","urlTemplate":"https:\/\/www.patrick-koglin.com\/?s={search_term_string}"},"query-input":{"@type":"PropertyValueSpecification","valueRequired":true,"valueName":"search_term_string"}}],"inLanguage":"en-US"},{"@type":"Organization","@id":"https:\/\/www.patrick-koglin.com\/#organization","name":"Patrick Koglin | CEO von PK Coaching","url":"https:\/\/www.patrick-koglin.com\/","logo":{"@type":"ImageObject","inLanguage":"en-US","@id":"https:\/\/www.patrick-koglin.com\/#\/schema\/logo\/image\/","url":"https:\/\/www.patrick-koglin.com\/wp-content\/uploads\/2025\/07\/cropped-PK16.png","contentUrl":"https:\/\/www.patrick-koglin.com\/wp-content\/uploads\/2025\/07\/cropped-PK16.png","width":619,"height":287,"caption":"Patrick Koglin | CEO von PK Coaching"},"image":{"@id":"https:\/\/www.patrick-koglin.com\/#\/schema\/logo\/image\/"},"sameAs":["https:\/\/www.facebook.com\/profile.php?id=61566852463657"]}]}},"_links":{"self":[{"href":"https:\/\/www.patrick-koglin.com\/en\/wp-json\/wp\/v2\/pages\/2165","targetHints":{"allow":["GET"]}}],"collection":[{"href":"https:\/\/www.patrick-koglin.com\/en\/wp-json\/wp\/v2\/pages"}],"about":[{"href":"https:\/\/www.patrick-koglin.com\/en\/wp-json\/wp\/v2\/types\/page"}],"author":[{"embeddable":true,"href":"https:\/\/www.patrick-koglin.com\/en\/wp-json\/wp\/v2\/users\/1"}],"replies":[{"embeddable":true,"href":"https:\/\/www.patrick-koglin.com\/en\/wp-json\/wp\/v2\/comments?post=2165"}],"version-history":[{"count":11,"href":"https:\/\/www.patrick-koglin.com\/en\/wp-json\/wp\/v2\/pages\/2165\/revisions"}],"predecessor-version":[{"id":2267,"href":"https:\/\/www.patrick-koglin.com\/en\/wp-json\/wp\/v2\/pages\/2165\/revisions\/2267"}],"wp:attachment":[{"href":"https:\/\/www.patrick-koglin.com\/en\/wp-json\/wp\/v2\/media?parent=2165"}],"curies":[{"name":"wp","href":"https:\/\/api.w.org\/{rel}","templated":true}]}}