{"id":2231,"date":"2024-09-30T23:41:53","date_gmt":"2024-09-30T21:41:53","guid":{"rendered":"https:\/\/www.patrick-koglin.com\/?page_id=2231"},"modified":"2024-10-11T10:57:37","modified_gmt":"2024-10-11T08:57:37","slug":"ceo-stimmen","status":"publish","type":"page","link":"https:\/\/www.patrick-koglin.com\/en\/coachings\/ceo-coaching\/ceo-stimmen\/","title":{"rendered":"CEO-Stimmen"},"content":{"rendered":"<h3 class=\"wp-block-heading\">Kundenstimmen aus dem exklusiven CEO-Coaching.<\/h3>\n\n\n\n<hr class=\"wp-block-separator has-alpha-channel-opacity\"\/>\n\n\n\n<div class=\"wp-block-columns is-layout-flex wp-container-core-columns-is-layout-9d6595d7 wp-block-columns-is-layout-flex\">\n<div class=\"wp-block-column is-layout-flow wp-block-column-is-layout-flow\" style=\"flex-basis:66.66%\">\n<p class=\"has-text-align-center\">\u2b50\u2b50\u2b50\u2b50\u2b50<\/p>\n\n\n\n<h2 class=\"wp-block-heading has-text-align-center\">Zuverl\u00e4ssig und professionell<\/h2>\n\n\n\n<p class=\"has-text-align-center has-medium-font-size\"><em>&#8222;Patrick ist ein zuverl\u00e4ssiger und professioneller Unternehmer, der schon oft sehr kurzfristig und unb\u00fcrokratisch f\u00fcr meine Fragen da war! Absout empfehlenswert!&#8220;<\/em><\/p>\n<\/div>\n\n\n\n<div class=\"wp-block-column is-layout-flow wp-block-column-is-layout-flow\" style=\"flex-basis:33.33%\">\n<figure class=\"wp-block-image size-full is-style-rounded\"><img fetchpriority=\"high\" decoding=\"async\" width=\"300\" height=\"290\" src=\"https:\/\/www.patrick-koglin.com\/wp-content\/uploads\/2024\/09\/slider-portrait-300x290-1.png\" alt=\"\" class=\"wp-image-2235\"\/><\/figure>\n\n\n\n<h2 class=\"wp-block-heading has-text-align-center\">Bernd Lester<\/h2>\n\n\n\n<p class=\"has-text-align-center\">Osteopathie-Praxis, Kassel<br><a href=\"https:\/\/www.praxis-lester.de\/\">www.praxis-lester.de<\/a><\/p>\n<\/div>\n<\/div>\n\n\n\n<hr class=\"wp-block-separator has-alpha-channel-opacity\"\/>\n\n\n\n<div class=\"wp-block-columns is-layout-flex wp-container-core-columns-is-layout-9d6595d7 wp-block-columns-is-layout-flex\">\n<div class=\"wp-block-column is-layout-flow wp-block-column-is-layout-flow\" style=\"flex-basis:33.33%\">\n<figure class=\"wp-block-image size-full is-style-rounded\"><img decoding=\"async\" width=\"200\" height=\"189\" src=\"https:\/\/www.patrick-koglin.com\/wp-content\/uploads\/2024\/09\/jan-griesel.jpeg\" alt=\"Jan Griesel, Gesch\u00e4ftsf\u00fchrer plentyMarkets AG, Kassel\" class=\"wp-image-1612\"\/><\/figure>\n\n\n\n<p><em>Jan Griesel, Gesch\u00e4ftsf\u00fchrer <a href=\"https:\/\/www.plentymarkets.com\">plentyMarkets AG<\/a>, Kassel<\/em><\/p>\n<\/div>\n\n\n\n<div class=\"wp-block-column is-layout-flow wp-block-column-is-layout-flow\" style=\"flex-basis:66.66%\">\n<p><\/p>\n\n\n\n<p class=\"has-text-align-center\">\u2b50\u2b50\u2b50\u2b50\u2b50<\/p>\n\n\n\n<p class=\"has-text-align-center has-large-font-size\"><em>&#8222;Patrick Koglin bringt die Wahrheit hervor und bietet vielf\u00e4ltige L\u00f6sungsoptionen.&#8220;<\/em><\/p>\n<\/div>\n<\/div>\n\n\n\n<hr class=\"wp-block-separator has-alpha-channel-opacity\"\/>\n\n\n\n<p><a href=\"https:\/\/www.patrick-koglin.com\/en\/kundenstimmen\/\"><em>zur\u00fcck zu allen Kundenstimme<\/em><\/a><em><a href=\"https:\/\/www.patrick-koglin.com\/en\/coaching\/ceo-coaching\/\">n<\/a><\/em><\/p>","protected":false},"excerpt":{"rendered":"<p>Kundenstimmen aus dem exklusiven CEO-Coaching. \u2b50\u2b50\u2b50\u2b50\u2b50 Zuverl\u00e4ssig und professionell &#8222;Patrick ist ein zuverl\u00e4ssiger und professioneller Unternehmer, der schon oft sehr kurzfristig und unb\u00fcrokratisch f\u00fcr meine Fragen da war! Absout empfehlenswert!&#8220; Bernd Lester Osteopathie-Praxis, Kasselwww.praxis-lester.de Jan Griesel, Gesch\u00e4ftsf\u00fchrer plentyMarkets AG, Kassel \u2b50\u2b50\u2b50\u2b50\u2b50 &#8222;Patrick Koglin bringt die Wahrheit hervor und bietet vielf\u00e4ltige L\u00f6sungsoptionen.&#8220; zur\u00fcck zu allen Kundenstimmen<\/p>","protected":false},"author":1,"featured_media":0,"parent":2230,"menu_order":0,"comment_status":"closed","ping_status":"closed","template":"","meta":{"footnotes":""},"class_list":["post-2231","page","type-page","status-publish"],"yoast_head":"<!-- This site is optimized with the Yoast SEO plugin v25.8 - https:\/\/yoast.com\/wordpress\/plugins\/seo\/ -->\n<title>CEO-Stimmen - Patrick Koglin<\/title>\n<meta name=\"robots\" content=\"index, follow, max-snippet:-1, max-image-preview:large, max-video-preview:-1\" \/>\n<link rel=\"canonical\" href=\"https:\/\/www.patrick-koglin.com\/en\/coachings\/ceo-coaching\/ceo-stimmen\/\" \/>\n<meta property=\"og:locale\" content=\"en_US\" \/>\n<meta property=\"og:type\" content=\"article\" \/>\n<meta property=\"og:title\" content=\"CEO-Stimmen - Patrick Koglin\" \/>\n<meta property=\"og:description\" content=\"Kundenstimmen aus dem exklusiven CEO-Coaching. \u2b50\u2b50\u2b50\u2b50\u2b50 Zuverl\u00e4ssig und professionell &#8222;Patrick ist ein zuverl\u00e4ssiger und professioneller Unternehmer, der schon oft sehr kurzfristig und unb\u00fcrokratisch f\u00fcr meine Fragen da war! Absout empfehlenswert!&#8220; Bernd Lester Osteopathie-Praxis, Kasselwww.praxis-lester.de Jan Griesel, Gesch\u00e4ftsf\u00fchrer plentyMarkets AG, Kassel \u2b50\u2b50\u2b50\u2b50\u2b50 &#8222;Patrick Koglin bringt die Wahrheit hervor und bietet vielf\u00e4ltige L\u00f6sungsoptionen.&#8220; zur\u00fcck zu allen Kundenstimmen\" \/>\n<meta property=\"og:url\" content=\"https:\/\/www.patrick-koglin.com\/en\/coachings\/ceo-coaching\/ceo-stimmen\/\" \/>\n<meta property=\"og:site_name\" content=\"Patrick Koglin\" \/>\n<meta property=\"article:publisher\" content=\"https:\/\/www.facebook.com\/profile.php?id=61566852463657\" \/>\n<meta property=\"article:modified_time\" content=\"2024-10-11T08:57:37+00:00\" \/>\n<meta property=\"og:image\" content=\"https:\/\/www.patrick-koglin.com\/wp-content\/uploads\/2024\/09\/slider-portrait-300x290-1.png\" \/>\n<meta name=\"twitter:card\" content=\"summary_large_image\" \/>\n<meta name=\"twitter:label1\" content=\"Est. reading time\" \/>\n\t<meta name=\"twitter:data1\" content=\"1 minute\" \/>\n<script type=\"application\/ld+json\" class=\"yoast-schema-graph\">{\"@context\":\"https:\/\/schema.org\",\"@graph\":[{\"@type\":\"WebPage\",\"@id\":\"https:\/\/www.patrick-koglin.com\/coachings\/ceo-coaching\/ceo-stimmen\/\",\"url\":\"https:\/\/www.patrick-koglin.com\/coachings\/ceo-coaching\/ceo-stimmen\/\",\"name\":\"CEO-Stimmen - Patrick Koglin\",\"isPartOf\":{\"@id\":\"https:\/\/www.patrick-koglin.com\/#website\"},\"primaryImageOfPage\":{\"@id\":\"https:\/\/www.patrick-koglin.com\/coachings\/ceo-coaching\/ceo-stimmen\/#primaryimage\"},\"image\":{\"@id\":\"https:\/\/www.patrick-koglin.com\/coachings\/ceo-coaching\/ceo-stimmen\/#primaryimage\"},\"thumbnailUrl\":\"https:\/\/www.patrick-koglin.com\/wp-content\/uploads\/2024\/09\/slider-portrait-300x290-1.png\",\"datePublished\":\"2024-09-30T21:41:53+00:00\",\"dateModified\":\"2024-10-11T08:57:37+00:00\",\"breadcrumb\":{\"@id\":\"https:\/\/www.patrick-koglin.com\/coachings\/ceo-coaching\/ceo-stimmen\/#breadcrumb\"},\"inLanguage\":\"en-US\",\"potentialAction\":[{\"@type\":\"ReadAction\",\"target\":[\"https:\/\/www.patrick-koglin.com\/coachings\/ceo-coaching\/ceo-stimmen\/\"]}]},{\"@type\":\"ImageObject\",\"inLanguage\":\"en-US\",\"@id\":\"https:\/\/www.patrick-koglin.com\/coachings\/ceo-coaching\/ceo-stimmen\/#primaryimage\",\"url\":\"https:\/\/www.patrick-koglin.com\/wp-content\/uploads\/2024\/09\/slider-portrait-300x290-1.png\",\"contentUrl\":\"https:\/\/www.patrick-koglin.com\/wp-content\/uploads\/2024\/09\/slider-portrait-300x290-1.png\"},{\"@type\":\"BreadcrumbList\",\"@id\":\"https:\/\/www.patrick-koglin.com\/coachings\/ceo-coaching\/ceo-stimmen\/#breadcrumb\",\"itemListElement\":[{\"@type\":\"ListItem\",\"position\":1,\"name\":\"Startseite\",\"item\":\"https:\/\/www.patrick-koglin.com\/\"},{\"@type\":\"ListItem\",\"position\":2,\"name\":\"Coaching-Bereiche\",\"item\":\"https:\/\/www.patrick-koglin.com\/coachings\/\"},{\"@type\":\"ListItem\",\"position\":3,\"name\":\"CEO-Coaching\",\"item\":\"https:\/\/www.patrick-koglin.com\/coachings\/ceo-coaching\/\"},{\"@type\":\"ListItem\",\"position\":4,\"name\":\"CEO-Stimmen\"}]},{\"@type\":\"WebSite\",\"@id\":\"https:\/\/www.patrick-koglin.com\/#website\",\"url\":\"https:\/\/www.patrick-koglin.com\/\",\"name\":\"PK Coaching - Patrick Koglin Unternehmensgruppe\",\"description\":\"PK Coaching, Business-Design &amp; Development\",\"publisher\":{\"@id\":\"https:\/\/www.patrick-koglin.com\/#organization\"},\"potentialAction\":[{\"@type\":\"SearchAction\",\"target\":{\"@type\":\"EntryPoint\",\"urlTemplate\":\"https:\/\/www.patrick-koglin.com\/?s={search_term_string}\"},\"query-input\":{\"@type\":\"PropertyValueSpecification\",\"valueRequired\":true,\"valueName\":\"search_term_string\"}}],\"inLanguage\":\"en-US\"},{\"@type\":\"Organization\",\"@id\":\"https:\/\/www.patrick-koglin.com\/#organization\",\"name\":\"Patrick Koglin | CEO von PK Coaching\",\"url\":\"https:\/\/www.patrick-koglin.com\/\",\"logo\":{\"@type\":\"ImageObject\",\"inLanguage\":\"en-US\",\"@id\":\"https:\/\/www.patrick-koglin.com\/#\/schema\/logo\/image\/\",\"url\":\"https:\/\/www.patrick-koglin.com\/wp-content\/uploads\/2025\/07\/cropped-PK16.png\",\"contentUrl\":\"https:\/\/www.patrick-koglin.com\/wp-content\/uploads\/2025\/07\/cropped-PK16.png\",\"width\":619,\"height\":287,\"caption\":\"Patrick Koglin | CEO von PK Coaching\"},\"image\":{\"@id\":\"https:\/\/www.patrick-koglin.com\/#\/schema\/logo\/image\/\"},\"sameAs\":[\"https:\/\/www.facebook.com\/profile.php?id=61566852463657\"]}]}<\/script>\n<!-- \/ Yoast SEO plugin. -->","yoast_head_json":{"title":"CEO-Stimmen - Patrick Koglin","robots":{"index":"index","follow":"follow","max-snippet":"max-snippet:-1","max-image-preview":"max-image-preview:large","max-video-preview":"max-video-preview:-1"},"canonical":"https:\/\/www.patrick-koglin.com\/en\/coachings\/ceo-coaching\/ceo-stimmen\/","og_locale":"en_US","og_type":"article","og_title":"CEO-Stimmen - Patrick Koglin","og_description":"Kundenstimmen aus dem exklusiven CEO-Coaching. \u2b50\u2b50\u2b50\u2b50\u2b50 Zuverl\u00e4ssig und professionell &#8222;Patrick ist ein zuverl\u00e4ssiger und professioneller Unternehmer, der schon oft sehr kurzfristig und unb\u00fcrokratisch f\u00fcr meine Fragen da war! Absout empfehlenswert!&#8220; Bernd Lester Osteopathie-Praxis, Kasselwww.praxis-lester.de Jan Griesel, Gesch\u00e4ftsf\u00fchrer plentyMarkets AG, Kassel \u2b50\u2b50\u2b50\u2b50\u2b50 &#8222;Patrick Koglin bringt die Wahrheit hervor und bietet vielf\u00e4ltige L\u00f6sungsoptionen.&#8220; zur\u00fcck zu allen Kundenstimmen","og_url":"https:\/\/www.patrick-koglin.com\/en\/coachings\/ceo-coaching\/ceo-stimmen\/","og_site_name":"Patrick Koglin","article_publisher":"https:\/\/www.facebook.com\/profile.php?id=61566852463657","article_modified_time":"2024-10-11T08:57:37+00:00","og_image":[{"url":"https:\/\/www.patrick-koglin.com\/wp-content\/uploads\/2024\/09\/slider-portrait-300x290-1.png","type":"","width":"","height":""}],"twitter_card":"summary_large_image","twitter_misc":{"Est. reading time":"1 minute"},"schema":{"@context":"https:\/\/schema.org","@graph":[{"@type":"WebPage","@id":"https:\/\/www.patrick-koglin.com\/coachings\/ceo-coaching\/ceo-stimmen\/","url":"https:\/\/www.patrick-koglin.com\/coachings\/ceo-coaching\/ceo-stimmen\/","name":"CEO-Stimmen - Patrick Koglin","isPartOf":{"@id":"https:\/\/www.patrick-koglin.com\/#website"},"primaryImageOfPage":{"@id":"https:\/\/www.patrick-koglin.com\/coachings\/ceo-coaching\/ceo-stimmen\/#primaryimage"},"image":{"@id":"https:\/\/www.patrick-koglin.com\/coachings\/ceo-coaching\/ceo-stimmen\/#primaryimage"},"thumbnailUrl":"https:\/\/www.patrick-koglin.com\/wp-content\/uploads\/2024\/09\/slider-portrait-300x290-1.png","datePublished":"2024-09-30T21:41:53+00:00","dateModified":"2024-10-11T08:57:37+00:00","breadcrumb":{"@id":"https:\/\/www.patrick-koglin.com\/coachings\/ceo-coaching\/ceo-stimmen\/#breadcrumb"},"inLanguage":"en-US","potentialAction":[{"@type":"ReadAction","target":["https:\/\/www.patrick-koglin.com\/coachings\/ceo-coaching\/ceo-stimmen\/"]}]},{"@type":"ImageObject","inLanguage":"en-US","@id":"https:\/\/www.patrick-koglin.com\/coachings\/ceo-coaching\/ceo-stimmen\/#primaryimage","url":"https:\/\/www.patrick-koglin.com\/wp-content\/uploads\/2024\/09\/slider-portrait-300x290-1.png","contentUrl":"https:\/\/www.patrick-koglin.com\/wp-content\/uploads\/2024\/09\/slider-portrait-300x290-1.png"},{"@type":"BreadcrumbList","@id":"https:\/\/www.patrick-koglin.com\/coachings\/ceo-coaching\/ceo-stimmen\/#breadcrumb","itemListElement":[{"@type":"ListItem","position":1,"name":"Startseite","item":"https:\/\/www.patrick-koglin.com\/"},{"@type":"ListItem","position":2,"name":"Coaching-Bereiche","item":"https:\/\/www.patrick-koglin.com\/coachings\/"},{"@type":"ListItem","position":3,"name":"CEO-Coaching","item":"https:\/\/www.patrick-koglin.com\/coachings\/ceo-coaching\/"},{"@type":"ListItem","position":4,"name":"CEO-Stimmen"}]},{"@type":"WebSite","@id":"https:\/\/www.patrick-koglin.com\/#website","url":"https:\/\/www.patrick-koglin.com\/","name":"PK Coaching - Patrick Koglin Unternehmensgruppe","description":"PK Coaching, Business-Design &amp; Development","publisher":{"@id":"https:\/\/www.patrick-koglin.com\/#organization"},"potentialAction":[{"@type":"SearchAction","target":{"@type":"EntryPoint","urlTemplate":"https:\/\/www.patrick-koglin.com\/?s={search_term_string}"},"query-input":{"@type":"PropertyValueSpecification","valueRequired":true,"valueName":"search_term_string"}}],"inLanguage":"en-US"},{"@type":"Organization","@id":"https:\/\/www.patrick-koglin.com\/#organization","name":"Patrick Koglin | CEO von PK Coaching","url":"https:\/\/www.patrick-koglin.com\/","logo":{"@type":"ImageObject","inLanguage":"en-US","@id":"https:\/\/www.patrick-koglin.com\/#\/schema\/logo\/image\/","url":"https:\/\/www.patrick-koglin.com\/wp-content\/uploads\/2025\/07\/cropped-PK16.png","contentUrl":"https:\/\/www.patrick-koglin.com\/wp-content\/uploads\/2025\/07\/cropped-PK16.png","width":619,"height":287,"caption":"Patrick Koglin | CEO von PK Coaching"},"image":{"@id":"https:\/\/www.patrick-koglin.com\/#\/schema\/logo\/image\/"},"sameAs":["https:\/\/www.facebook.com\/profile.php?id=61566852463657"]}]}},"_links":{"self":[{"href":"https:\/\/www.patrick-koglin.com\/en\/wp-json\/wp\/v2\/pages\/2231","targetHints":{"allow":["GET"]}}],"collection":[{"href":"https:\/\/www.patrick-koglin.com\/en\/wp-json\/wp\/v2\/pages"}],"about":[{"href":"https:\/\/www.patrick-koglin.com\/en\/wp-json\/wp\/v2\/types\/page"}],"author":[{"embeddable":true,"href":"https:\/\/www.patrick-koglin.com\/en\/wp-json\/wp\/v2\/users\/1"}],"replies":[{"embeddable":true,"href":"https:\/\/www.patrick-koglin.com\/en\/wp-json\/wp\/v2\/comments?post=2231"}],"version-history":[{"count":4,"href":"https:\/\/www.patrick-koglin.com\/en\/wp-json\/wp\/v2\/pages\/2231\/revisions"}],"predecessor-version":[{"id":2238,"href":"https:\/\/www.patrick-koglin.com\/en\/wp-json\/wp\/v2\/pages\/2231\/revisions\/2238"}],"up":[{"embeddable":true,"href":"https:\/\/www.patrick-koglin.com\/en\/wp-json\/wp\/v2\/pages\/2230"}],"wp:attachment":[{"href":"https:\/\/www.patrick-koglin.com\/en\/wp-json\/wp\/v2\/media?parent=2231"}],"curies":[{"name":"wp","href":"https:\/\/api.w.org\/{rel}","templated":true}]}}