{"id":254,"date":"2026-02-06T13:29:24","date_gmt":"2026-02-06T12:29:24","guid":{"rendered":"https:\/\/www.patrick-koglin.com\/?page_id=254"},"modified":"2026-05-11T17:57:10","modified_gmt":"2026-05-11T15:57:10","slug":"coaching","status":"publish","type":"page","link":"https:\/\/www.patrick-koglin.com\/en\/coaching\/","title":{"rendered":"Coaching"},"content":{"rendered":"<p>Coaching ist die Auseinandersetzung mit sich, den eigenen Zielen, der Motivation oder auch die Arbeit an der eigenen Pers\u00f6nlichkeit, Beruf, Karriere und inneren Ausrichtung. Coaching ist essentiell f\u00fcr F\u00fchrungskr\u00e4fte, Manager und Lehrkr\u00e4fte.<\/p>\n\n\n\n<p>Patrick Koglin bietet effizientes Online-Coaching \u00fcber Zoom, aber auch pers\u00f6nlich vor Ort in Kassel oder nach Vereinbarung auch auf Abruf.<\/p>\n\n\n\n<p><em>Anfragen k\u00f6nnen per E-Mail und telefonisch gestellt werden: <a href=\"mailto:mail@patrick-koglin.com\">mail@patrick-koglin.com<\/a><\/em><\/p>\n\n\n\n<p><\/p>","protected":false},"excerpt":{"rendered":"<p>Coaching ist die Auseinandersetzung mit sich, den eigenen Zielen, der Motivation oder auch die Arbeit an der eigenen Pers\u00f6nlichkeit, Beruf, Karriere und inneren Ausrichtung. Coaching ist essentiell f\u00fcr F\u00fchrungskr\u00e4fte, Manager und Lehrkr\u00e4fte. Patrick Koglin bietet effizientes Online-Coaching \u00fcber Zoom, aber auch pers\u00f6nlich vor Ort in Kassel oder nach Vereinbarung auch auf Abruf. Anfragen k\u00f6nnen per &#8230; <a title=\"Coaching\" class=\"read-more\" href=\"https:\/\/www.patrick-koglin.com\/en\/coaching\/\" aria-label=\"Read more about Coaching\">Read more<\/a><\/p>","protected":false},"author":1,"featured_media":0,"parent":0,"menu_order":0,"comment_status":"closed","ping_status":"closed","template":"","meta":{"footnotes":""},"class_list":["post-254","page","type-page","status-publish"],"yoast_head":"<!-- This site is optimized with the Yoast SEO plugin v25.8 - https:\/\/yoast.com\/wordpress\/plugins\/seo\/ -->\n<title>Coaching - Patrick Koglin<\/title>\n<meta name=\"robots\" content=\"index, follow, max-snippet:-1, max-image-preview:large, max-video-preview:-1\" \/>\n<link rel=\"canonical\" href=\"https:\/\/www.patrick-koglin.com\/en\/coaching\/\" \/>\n<meta property=\"og:locale\" content=\"en_US\" \/>\n<meta property=\"og:type\" content=\"article\" \/>\n<meta property=\"og:title\" content=\"Coaching - Patrick Koglin\" \/>\n<meta property=\"og:description\" content=\"Coaching ist die Auseinandersetzung mit sich, den eigenen Zielen, der Motivation oder auch die Arbeit an der eigenen Pers\u00f6nlichkeit, Beruf, Karriere und inneren Ausrichtung. Coaching ist essentiell f\u00fcr F\u00fchrungskr\u00e4fte, Manager und Lehrkr\u00e4fte. Patrick Koglin bietet effizientes Online-Coaching \u00fcber Zoom, aber auch pers\u00f6nlich vor Ort in Kassel oder nach Vereinbarung auch auf Abruf. Anfragen k\u00f6nnen per ... Read more\" \/>\n<meta property=\"og:url\" content=\"https:\/\/www.patrick-koglin.com\/en\/coaching\/\" \/>\n<meta property=\"og:site_name\" content=\"Patrick Koglin\" \/>\n<meta property=\"article:publisher\" content=\"https:\/\/www.facebook.com\/profile.php?id=61566852463657\" \/>\n<meta property=\"article:modified_time\" content=\"2026-05-11T15:57:10+00:00\" \/>\n<meta name=\"twitter:card\" content=\"summary_large_image\" \/>\n<meta name=\"twitter:label1\" content=\"Est. reading time\" \/>\n\t<meta name=\"twitter:data1\" content=\"1 minute\" \/>\n<script type=\"application\/ld+json\" class=\"yoast-schema-graph\">{\"@context\":\"https:\/\/schema.org\",\"@graph\":[{\"@type\":\"WebPage\",\"@id\":\"https:\/\/www.patrick-koglin.com\/coaching\/\",\"url\":\"https:\/\/www.patrick-koglin.com\/coaching\/\",\"name\":\"Coaching - Patrick Koglin\",\"isPartOf\":{\"@id\":\"https:\/\/www.patrick-koglin.com\/#website\"},\"datePublished\":\"2026-02-06T12:29:24+00:00\",\"dateModified\":\"2026-05-11T15:57:10+00:00\",\"breadcrumb\":{\"@id\":\"https:\/\/www.patrick-koglin.com\/coaching\/#breadcrumb\"},\"inLanguage\":\"en-US\",\"potentialAction\":[{\"@type\":\"ReadAction\",\"target\":[\"https:\/\/www.patrick-koglin.com\/coaching\/\"]}]},{\"@type\":\"BreadcrumbList\",\"@id\":\"https:\/\/www.patrick-koglin.com\/coaching\/#breadcrumb\",\"itemListElement\":[{\"@type\":\"ListItem\",\"position\":1,\"name\":\"Startseite\",\"item\":\"https:\/\/www.patrick-koglin.com\/\"},{\"@type\":\"ListItem\",\"position\":2,\"name\":\"Coaching\"}]},{\"@type\":\"WebSite\",\"@id\":\"https:\/\/www.patrick-koglin.com\/#website\",\"url\":\"https:\/\/www.patrick-koglin.com\/\",\"name\":\"PK Coaching - Patrick Koglin Unternehmensgruppe\",\"description\":\"PK Coaching, Business-Design &amp; Development\",\"publisher\":{\"@id\":\"https:\/\/www.patrick-koglin.com\/#organization\"},\"potentialAction\":[{\"@type\":\"SearchAction\",\"target\":{\"@type\":\"EntryPoint\",\"urlTemplate\":\"https:\/\/www.patrick-koglin.com\/?s={search_term_string}\"},\"query-input\":{\"@type\":\"PropertyValueSpecification\",\"valueRequired\":true,\"valueName\":\"search_term_string\"}}],\"inLanguage\":\"en-US\"},{\"@type\":\"Organization\",\"@id\":\"https:\/\/www.patrick-koglin.com\/#organization\",\"name\":\"Patrick Koglin | CEO von PK Coaching\",\"url\":\"https:\/\/www.patrick-koglin.com\/\",\"logo\":{\"@type\":\"ImageObject\",\"inLanguage\":\"en-US\",\"@id\":\"https:\/\/www.patrick-koglin.com\/#\/schema\/logo\/image\/\",\"url\":\"https:\/\/www.patrick-koglin.com\/wp-content\/uploads\/2025\/07\/cropped-PK16.png\",\"contentUrl\":\"https:\/\/www.patrick-koglin.com\/wp-content\/uploads\/2025\/07\/cropped-PK16.png\",\"width\":619,\"height\":287,\"caption\":\"Patrick Koglin | CEO von PK Coaching\"},\"image\":{\"@id\":\"https:\/\/www.patrick-koglin.com\/#\/schema\/logo\/image\/\"},\"sameAs\":[\"https:\/\/www.facebook.com\/profile.php?id=61566852463657\"]}]}<\/script>\n<!-- \/ Yoast SEO plugin. -->","yoast_head_json":{"title":"Coaching - Patrick Koglin","robots":{"index":"index","follow":"follow","max-snippet":"max-snippet:-1","max-image-preview":"max-image-preview:large","max-video-preview":"max-video-preview:-1"},"canonical":"https:\/\/www.patrick-koglin.com\/en\/coaching\/","og_locale":"en_US","og_type":"article","og_title":"Coaching - Patrick Koglin","og_description":"Coaching ist die Auseinandersetzung mit sich, den eigenen Zielen, der Motivation oder auch die Arbeit an der eigenen Pers\u00f6nlichkeit, Beruf, Karriere und inneren Ausrichtung. Coaching ist essentiell f\u00fcr F\u00fchrungskr\u00e4fte, Manager und Lehrkr\u00e4fte. Patrick Koglin bietet effizientes Online-Coaching \u00fcber Zoom, aber auch pers\u00f6nlich vor Ort in Kassel oder nach Vereinbarung auch auf Abruf. Anfragen k\u00f6nnen per ... Read more","og_url":"https:\/\/www.patrick-koglin.com\/en\/coaching\/","og_site_name":"Patrick Koglin","article_publisher":"https:\/\/www.facebook.com\/profile.php?id=61566852463657","article_modified_time":"2026-05-11T15:57:10+00:00","twitter_card":"summary_large_image","twitter_misc":{"Est. reading time":"1 minute"},"schema":{"@context":"https:\/\/schema.org","@graph":[{"@type":"WebPage","@id":"https:\/\/www.patrick-koglin.com\/coaching\/","url":"https:\/\/www.patrick-koglin.com\/coaching\/","name":"Coaching - Patrick Koglin","isPartOf":{"@id":"https:\/\/www.patrick-koglin.com\/#website"},"datePublished":"2026-02-06T12:29:24+00:00","dateModified":"2026-05-11T15:57:10+00:00","breadcrumb":{"@id":"https:\/\/www.patrick-koglin.com\/coaching\/#breadcrumb"},"inLanguage":"en-US","potentialAction":[{"@type":"ReadAction","target":["https:\/\/www.patrick-koglin.com\/coaching\/"]}]},{"@type":"BreadcrumbList","@id":"https:\/\/www.patrick-koglin.com\/coaching\/#breadcrumb","itemListElement":[{"@type":"ListItem","position":1,"name":"Startseite","item":"https:\/\/www.patrick-koglin.com\/"},{"@type":"ListItem","position":2,"name":"Coaching"}]},{"@type":"WebSite","@id":"https:\/\/www.patrick-koglin.com\/#website","url":"https:\/\/www.patrick-koglin.com\/","name":"PK Coaching - Patrick Koglin Unternehmensgruppe","description":"PK Coaching, Business-Design &amp; Development","publisher":{"@id":"https:\/\/www.patrick-koglin.com\/#organization"},"potentialAction":[{"@type":"SearchAction","target":{"@type":"EntryPoint","urlTemplate":"https:\/\/www.patrick-koglin.com\/?s={search_term_string}"},"query-input":{"@type":"PropertyValueSpecification","valueRequired":true,"valueName":"search_term_string"}}],"inLanguage":"en-US"},{"@type":"Organization","@id":"https:\/\/www.patrick-koglin.com\/#organization","name":"Patrick Koglin | CEO von PK Coaching","url":"https:\/\/www.patrick-koglin.com\/","logo":{"@type":"ImageObject","inLanguage":"en-US","@id":"https:\/\/www.patrick-koglin.com\/#\/schema\/logo\/image\/","url":"https:\/\/www.patrick-koglin.com\/wp-content\/uploads\/2025\/07\/cropped-PK16.png","contentUrl":"https:\/\/www.patrick-koglin.com\/wp-content\/uploads\/2025\/07\/cropped-PK16.png","width":619,"height":287,"caption":"Patrick Koglin | CEO von PK Coaching"},"image":{"@id":"https:\/\/www.patrick-koglin.com\/#\/schema\/logo\/image\/"},"sameAs":["https:\/\/www.facebook.com\/profile.php?id=61566852463657"]}]}},"_links":{"self":[{"href":"https:\/\/www.patrick-koglin.com\/en\/wp-json\/wp\/v2\/pages\/254","targetHints":{"allow":["GET"]}}],"collection":[{"href":"https:\/\/www.patrick-koglin.com\/en\/wp-json\/wp\/v2\/pages"}],"about":[{"href":"https:\/\/www.patrick-koglin.com\/en\/wp-json\/wp\/v2\/types\/page"}],"author":[{"embeddable":true,"href":"https:\/\/www.patrick-koglin.com\/en\/wp-json\/wp\/v2\/users\/1"}],"replies":[{"embeddable":true,"href":"https:\/\/www.patrick-koglin.com\/en\/wp-json\/wp\/v2\/comments?post=254"}],"version-history":[{"count":10,"href":"https:\/\/www.patrick-koglin.com\/en\/wp-json\/wp\/v2\/pages\/254\/revisions"}],"predecessor-version":[{"id":15317,"href":"https:\/\/www.patrick-koglin.com\/en\/wp-json\/wp\/v2\/pages\/254\/revisions\/15317"}],"wp:attachment":[{"href":"https:\/\/www.patrick-koglin.com\/en\/wp-json\/wp\/v2\/media?parent=254"}],"curies":[{"name":"wp","href":"https:\/\/api.w.org\/{rel}","templated":true}]}}