{"id":3342,"date":"2024-10-12T10:56:56","date_gmt":"2024-10-12T08:56:56","guid":{"rendered":"https:\/\/www.patrick-koglin.com\/?page_id=3342"},"modified":"2026-05-11T17:05:21","modified_gmt":"2026-05-11T15:05:21","slug":"seminare","status":"publish","type":"page","link":"https:\/\/www.patrick-koglin.com\/en\/seminare\/","title":{"rendered":"Seminare"},"content":{"rendered":"<p>Seminare sind der Schl\u00fcssel zu fundiertem Fachwissen und praxisnahen L\u00f6sungen. Seit \u00fcber 15 Jahren hat sich Patrick Koglin auf die Konzeption und Durchf\u00fchrung hochwertiger Aus- und Weiterbildungen spezialisiert . <\/p>\n\n\n\n<p>Das Portfolio umfasst interaktive Online-Workshops, zielgerichtete Webinare sowie intensive Live-Seminare, die individuell auf Ihre Bed\u00fcrfnisse zugeschnitten sind.<\/p>\n\n\n\n<h3 class=\"wp-block-heading\">F\u00fcr alle Zielgruppen<\/h3>\n\n\n\n<p>In diesen Formaten flie\u00dfen technisches Know-how und strategische Beratung zusammen, um Ihre berufliche Kompetenz nachhaltig zu st\u00e4rken. Egal ob angestellt, auf dem Weg zu einer F\u00fchrungsposition, in der beruflichen Ausbildung, kurz vor der Rente oder noch im Studium &#8211; selbst danach sind Weiterbildungen und Seminare die beste Option um zielgerichtet und effizient zur Fachwissen zu gelangen.<\/p>\n\n\n\n<p>Sie profitieren von didaktisch aufbereiteten Inhalten, die direkt in die Praxis anwendbar sind \u2013 sei es zur Vertiefung von IT-Fachwissen, zur Optimierung Ihrer Webstrategie oder zur Implementierung moderner Arbeitsmethoden. Sichern Sie sich durch gezielte Weiterentwicklung Ihren Vorsprung im digitalen Wandel.<\/p>","protected":false},"excerpt":{"rendered":"<p>Seminare sind der Schl\u00fcssel zu fundiertem Fachwissen und praxisnahen L\u00f6sungen. Seit \u00fcber 15 Jahren hat sich Patrick Koglin auf die Konzeption und Durchf\u00fchrung hochwertiger Aus- und Weiterbildungen spezialisiert . Das Portfolio umfasst interaktive Online-Workshops, zielgerichtete Webinare sowie intensive Live-Seminare, die individuell auf Ihre Bed\u00fcrfnisse zugeschnitten sind. F\u00fcr alle Zielgruppen In diesen Formaten flie\u00dfen technisches Know-how &#8230; <a title=\"Seminare\" class=\"read-more\" href=\"https:\/\/www.patrick-koglin.com\/en\/seminare\/\" aria-label=\"Read more about Seminare\">Read more<\/a><\/p>","protected":false},"author":1,"featured_media":0,"parent":0,"menu_order":0,"comment_status":"closed","ping_status":"closed","template":"","meta":{"footnotes":""},"class_list":["post-3342","page","type-page","status-publish"],"yoast_head":"<!-- This site is optimized with the Yoast SEO plugin v25.8 - https:\/\/yoast.com\/wordpress\/plugins\/seo\/ -->\n<title>Seminare - Patrick Koglin<\/title>\n<meta name=\"robots\" content=\"index, follow, max-snippet:-1, max-image-preview:large, max-video-preview:-1\" \/>\n<link rel=\"canonical\" href=\"https:\/\/www.patrick-koglin.com\/en\/seminare\/\" \/>\n<meta property=\"og:locale\" content=\"en_US\" \/>\n<meta property=\"og:type\" content=\"article\" \/>\n<meta property=\"og:title\" content=\"Seminare - Patrick Koglin\" \/>\n<meta property=\"og:description\" content=\"Seminare sind der Schl\u00fcssel zu fundiertem Fachwissen und praxisnahen L\u00f6sungen. Seit \u00fcber 15 Jahren hat sich Patrick Koglin auf die Konzeption und Durchf\u00fchrung hochwertiger Aus- und Weiterbildungen spezialisiert . Das Portfolio umfasst interaktive Online-Workshops, zielgerichtete Webinare sowie intensive Live-Seminare, die individuell auf Ihre Bed\u00fcrfnisse zugeschnitten sind. F\u00fcr alle Zielgruppen In diesen Formaten flie\u00dfen technisches Know-how ... Read more\" \/>\n<meta property=\"og:url\" content=\"https:\/\/www.patrick-koglin.com\/en\/seminare\/\" \/>\n<meta property=\"og:site_name\" content=\"Patrick Koglin\" \/>\n<meta property=\"article:publisher\" content=\"https:\/\/www.facebook.com\/profile.php?id=61566852463657\" \/>\n<meta property=\"article:modified_time\" content=\"2026-05-11T15:05:21+00:00\" \/>\n<meta name=\"twitter:card\" content=\"summary_large_image\" \/>\n<meta name=\"twitter:label1\" content=\"Est. reading time\" \/>\n\t<meta name=\"twitter:data1\" content=\"1 minute\" \/>\n<script type=\"application\/ld+json\" class=\"yoast-schema-graph\">{\"@context\":\"https:\/\/schema.org\",\"@graph\":[{\"@type\":\"WebPage\",\"@id\":\"https:\/\/www.patrick-koglin.com\/seminare\/\",\"url\":\"https:\/\/www.patrick-koglin.com\/seminare\/\",\"name\":\"Seminare - Patrick Koglin\",\"isPartOf\":{\"@id\":\"https:\/\/www.patrick-koglin.com\/#website\"},\"datePublished\":\"2024-10-12T08:56:56+00:00\",\"dateModified\":\"2026-05-11T15:05:21+00:00\",\"breadcrumb\":{\"@id\":\"https:\/\/www.patrick-koglin.com\/seminare\/#breadcrumb\"},\"inLanguage\":\"en-US\",\"potentialAction\":[{\"@type\":\"ReadAction\",\"target\":[\"https:\/\/www.patrick-koglin.com\/seminare\/\"]}]},{\"@type\":\"BreadcrumbList\",\"@id\":\"https:\/\/www.patrick-koglin.com\/seminare\/#breadcrumb\",\"itemListElement\":[{\"@type\":\"ListItem\",\"position\":1,\"name\":\"Startseite\",\"item\":\"https:\/\/www.patrick-koglin.com\/\"},{\"@type\":\"ListItem\",\"position\":2,\"name\":\"Seminare\"}]},{\"@type\":\"WebSite\",\"@id\":\"https:\/\/www.patrick-koglin.com\/#website\",\"url\":\"https:\/\/www.patrick-koglin.com\/\",\"name\":\"PK Coaching - Patrick Koglin Unternehmensgruppe\",\"description\":\"PK Coaching, Business-Design &amp; Development\",\"publisher\":{\"@id\":\"https:\/\/www.patrick-koglin.com\/#organization\"},\"potentialAction\":[{\"@type\":\"SearchAction\",\"target\":{\"@type\":\"EntryPoint\",\"urlTemplate\":\"https:\/\/www.patrick-koglin.com\/?s={search_term_string}\"},\"query-input\":{\"@type\":\"PropertyValueSpecification\",\"valueRequired\":true,\"valueName\":\"search_term_string\"}}],\"inLanguage\":\"en-US\"},{\"@type\":\"Organization\",\"@id\":\"https:\/\/www.patrick-koglin.com\/#organization\",\"name\":\"Patrick Koglin | CEO von PK Coaching\",\"url\":\"https:\/\/www.patrick-koglin.com\/\",\"logo\":{\"@type\":\"ImageObject\",\"inLanguage\":\"en-US\",\"@id\":\"https:\/\/www.patrick-koglin.com\/#\/schema\/logo\/image\/\",\"url\":\"https:\/\/www.patrick-koglin.com\/wp-content\/uploads\/2025\/07\/cropped-PK16.png\",\"contentUrl\":\"https:\/\/www.patrick-koglin.com\/wp-content\/uploads\/2025\/07\/cropped-PK16.png\",\"width\":619,\"height\":287,\"caption\":\"Patrick Koglin | CEO von PK Coaching\"},\"image\":{\"@id\":\"https:\/\/www.patrick-koglin.com\/#\/schema\/logo\/image\/\"},\"sameAs\":[\"https:\/\/www.facebook.com\/profile.php?id=61566852463657\"]}]}<\/script>\n<!-- \/ Yoast SEO plugin. -->","yoast_head_json":{"title":"Seminare - Patrick Koglin","robots":{"index":"index","follow":"follow","max-snippet":"max-snippet:-1","max-image-preview":"max-image-preview:large","max-video-preview":"max-video-preview:-1"},"canonical":"https:\/\/www.patrick-koglin.com\/en\/seminare\/","og_locale":"en_US","og_type":"article","og_title":"Seminare - Patrick Koglin","og_description":"Seminare sind der Schl\u00fcssel zu fundiertem Fachwissen und praxisnahen L\u00f6sungen. Seit \u00fcber 15 Jahren hat sich Patrick Koglin auf die Konzeption und Durchf\u00fchrung hochwertiger Aus- und Weiterbildungen spezialisiert . Das Portfolio umfasst interaktive Online-Workshops, zielgerichtete Webinare sowie intensive Live-Seminare, die individuell auf Ihre Bed\u00fcrfnisse zugeschnitten sind. F\u00fcr alle Zielgruppen In diesen Formaten flie\u00dfen technisches Know-how ... Read more","og_url":"https:\/\/www.patrick-koglin.com\/en\/seminare\/","og_site_name":"Patrick Koglin","article_publisher":"https:\/\/www.facebook.com\/profile.php?id=61566852463657","article_modified_time":"2026-05-11T15:05:21+00:00","twitter_card":"summary_large_image","twitter_misc":{"Est. reading time":"1 minute"},"schema":{"@context":"https:\/\/schema.org","@graph":[{"@type":"WebPage","@id":"https:\/\/www.patrick-koglin.com\/seminare\/","url":"https:\/\/www.patrick-koglin.com\/seminare\/","name":"Seminare - Patrick Koglin","isPartOf":{"@id":"https:\/\/www.patrick-koglin.com\/#website"},"datePublished":"2024-10-12T08:56:56+00:00","dateModified":"2026-05-11T15:05:21+00:00","breadcrumb":{"@id":"https:\/\/www.patrick-koglin.com\/seminare\/#breadcrumb"},"inLanguage":"en-US","potentialAction":[{"@type":"ReadAction","target":["https:\/\/www.patrick-koglin.com\/seminare\/"]}]},{"@type":"BreadcrumbList","@id":"https:\/\/www.patrick-koglin.com\/seminare\/#breadcrumb","itemListElement":[{"@type":"ListItem","position":1,"name":"Startseite","item":"https:\/\/www.patrick-koglin.com\/"},{"@type":"ListItem","position":2,"name":"Seminare"}]},{"@type":"WebSite","@id":"https:\/\/www.patrick-koglin.com\/#website","url":"https:\/\/www.patrick-koglin.com\/","name":"PK Coaching - Patrick Koglin Unternehmensgruppe","description":"PK Coaching, Business-Design &amp; Development","publisher":{"@id":"https:\/\/www.patrick-koglin.com\/#organization"},"potentialAction":[{"@type":"SearchAction","target":{"@type":"EntryPoint","urlTemplate":"https:\/\/www.patrick-koglin.com\/?s={search_term_string}"},"query-input":{"@type":"PropertyValueSpecification","valueRequired":true,"valueName":"search_term_string"}}],"inLanguage":"en-US"},{"@type":"Organization","@id":"https:\/\/www.patrick-koglin.com\/#organization","name":"Patrick Koglin | CEO von PK Coaching","url":"https:\/\/www.patrick-koglin.com\/","logo":{"@type":"ImageObject","inLanguage":"en-US","@id":"https:\/\/www.patrick-koglin.com\/#\/schema\/logo\/image\/","url":"https:\/\/www.patrick-koglin.com\/wp-content\/uploads\/2025\/07\/cropped-PK16.png","contentUrl":"https:\/\/www.patrick-koglin.com\/wp-content\/uploads\/2025\/07\/cropped-PK16.png","width":619,"height":287,"caption":"Patrick Koglin | CEO von PK Coaching"},"image":{"@id":"https:\/\/www.patrick-koglin.com\/#\/schema\/logo\/image\/"},"sameAs":["https:\/\/www.facebook.com\/profile.php?id=61566852463657"]}]}},"_links":{"self":[{"href":"https:\/\/www.patrick-koglin.com\/en\/wp-json\/wp\/v2\/pages\/3342","targetHints":{"allow":["GET"]}}],"collection":[{"href":"https:\/\/www.patrick-koglin.com\/en\/wp-json\/wp\/v2\/pages"}],"about":[{"href":"https:\/\/www.patrick-koglin.com\/en\/wp-json\/wp\/v2\/types\/page"}],"author":[{"embeddable":true,"href":"https:\/\/www.patrick-koglin.com\/en\/wp-json\/wp\/v2\/users\/1"}],"replies":[{"embeddable":true,"href":"https:\/\/www.patrick-koglin.com\/en\/wp-json\/wp\/v2\/comments?post=3342"}],"version-history":[{"count":3,"href":"https:\/\/www.patrick-koglin.com\/en\/wp-json\/wp\/v2\/pages\/3342\/revisions"}],"predecessor-version":[{"id":15296,"href":"https:\/\/www.patrick-koglin.com\/en\/wp-json\/wp\/v2\/pages\/3342\/revisions\/15296"}],"wp:attachment":[{"href":"https:\/\/www.patrick-koglin.com\/en\/wp-json\/wp\/v2\/media?parent=3342"}],"curies":[{"name":"wp","href":"https:\/\/api.w.org\/{rel}","templated":true}]}}