{"id":4252,"date":"2024-10-23T15:11:19","date_gmt":"2024-10-23T13:11:19","guid":{"rendered":"https:\/\/www.patrick-koglin.com\/?page_id=4252"},"modified":"2024-10-23T15:53:43","modified_gmt":"2024-10-23T13:53:43","slug":"power-of-love","status":"publish","type":"page","link":"https:\/\/www.patrick-koglin.com\/en\/webinar\/power-of-love\/","title":{"rendered":"Power of love"},"content":{"rendered":"<h2 class=\"wp-block-heading\">Wunden der Vergangenheit heilen, Traumpartnerschaft kreieren, verankern und manifestieren<\/h2>\n\n\n\n<p><strong><em>Interaktives Webinar, Freitag, 25. Oktober 2024 um 19 Uhr auf www.koglin.tv <\/em><\/strong><\/p>\n\n\n\n<h3 class=\"wp-block-heading\">Was Du an diesem Abend erf\u00e4hrst:<\/h3>\n\n\n\n<ol class=\"wp-block-list\">\n<li>Die <strong>Anleitung <\/strong>wie Du Red flags in Beziehungen und Datings erkennst<\/li>\n\n\n\n<li>Was <strong>wahre Liebe <\/strong>wirklich ist<\/li>\n\n\n\n<li>Warum es wichtig ist <strong>eigene Klarheit<\/strong> zu haben und wie Du sie findest<\/li>\n\n\n\n<li>Wie Du <strong>Geben und Nehmen auf Ausgleich<\/strong> bringen kannst<\/li>\n\n\n\n<li>Wir erstellen Deine <strong>Wunschpartnerliste <\/strong>und einen <strong>Zielsatz<\/strong><\/li>\n\n\n\n<li>Weshalb es besser ist <strong>Dich selbst anzunehmen<\/strong>, alleine zu sein <em>statt f\u00fcr jemanden eine Option<\/em> zu sein<\/li>\n\n\n\n<li>Wof\u00fcr richtiges <strong>Selbstmarketing <\/strong>wichtig ist und wie Du <strong>Ehrlichkeit <\/strong>leben kannst<\/li>\n<\/ol>\n\n\n\n<p><em>Gemeinsam machen wir eine ph\u00e4nomenale F\u00fchrung die mir meine Wunschpartnerin in 48 Stunden zu mir gef\u00fchrt hat. Das mag nicht f\u00fcr alle so gelten und funktionieren, ist aber auf jeden Fall ein Schritt in die richtige Richtung. <\/em><\/p>\n\n\n\n<div class=\"wp-block-buttons is-layout-flex wp-block-buttons-is-layout-flex\">\n<div class=\"wp-block-button\"><a class=\"wp-block-button__link has-accent-background-color has-background wp-element-button\" href=\"https:\/\/us02web.zoom.us\/meeting\/register\/tZcsdu-orzsvHNWxfHRXgg4VgFfU2P3Y93OU\" style=\"border-radius:5px\" target=\"_blank\" rel=\"noreferrer noopener\">jetzt kostenfrei anmelden<\/a><\/div>\n<\/div>\n\n\n\n<hr class=\"wp-block-separator has-alpha-channel-opacity\"\/>\n\n\n\n<iframe width=\"960\" height=\"540\" src=\"https:\/\/www.youtube.com\/embed\/NngvkCNZLJI\" title=\"Power of love - Freitag Abend\" frameborder=\"0\" allow=\"accelerometer; autoplay; clipboard-write; encrypted-media; gyroscope; picture-in-picture; web-share\" referrerpolicy=\"strict-origin-when-cross-origin\" allowfullscreen><\/iframe>\n\n\n\n<div class=\"wp-block-buttons is-layout-flex wp-block-buttons-is-layout-flex\">\n<div class=\"wp-block-button\"><a class=\"wp-block-button__link has-accent-background-color has-background wp-element-button\" href=\"https:\/\/us02web.zoom.us\/meeting\/register\/tZcsdu-orzsvHNWxfHRXgg4VgFfU2P3Y93OU\" style=\"border-radius:5px\" target=\"_blank\" rel=\"noreferrer noopener\">jetzt kostenfrei anmelden<\/a><\/div>\n<\/div>","protected":false},"excerpt":{"rendered":"<p>Wunden der Vergangenheit heilen, Traumpartnerschaft kreieren, verankern und manifestieren Interaktives Webinar, Freitag, 25. Oktober 2024 um 19 Uhr auf www.koglin.tv Was Du an diesem Abend erf\u00e4hrst: Gemeinsam machen wir eine ph\u00e4nomenale F\u00fchrung die mir meine Wunschpartnerin in 48 Stunden zu mir gef\u00fchrt hat. Das mag nicht f\u00fcr alle so gelten und funktionieren, ist aber auf &#8230; <a title=\"Power of love\" class=\"read-more\" href=\"https:\/\/www.patrick-koglin.com\/en\/webinar\/power-of-love\/\" aria-label=\"Read more about Power of love\">Read more<\/a><\/p>","protected":false},"author":1,"featured_media":0,"parent":3922,"menu_order":0,"comment_status":"closed","ping_status":"closed","template":"","meta":{"footnotes":""},"class_list":["post-4252","page","type-page","status-publish"],"yoast_head":"<!-- This site is optimized with the Yoast SEO plugin v25.8 - https:\/\/yoast.com\/wordpress\/plugins\/seo\/ -->\n<title>Power of love - Patrick Koglin<\/title>\n<meta name=\"robots\" content=\"index, follow, max-snippet:-1, max-image-preview:large, max-video-preview:-1\" \/>\n<link rel=\"canonical\" href=\"https:\/\/www.patrick-koglin.com\/en\/webinar\/power-of-love\/\" \/>\n<meta property=\"og:locale\" content=\"en_US\" \/>\n<meta property=\"og:type\" content=\"article\" \/>\n<meta property=\"og:title\" content=\"Power of love - Patrick Koglin\" \/>\n<meta property=\"og:description\" content=\"Wunden der Vergangenheit heilen, Traumpartnerschaft kreieren, verankern und manifestieren Interaktives Webinar, Freitag, 25. Oktober 2024 um 19 Uhr auf www.koglin.tv Was Du an diesem Abend erf\u00e4hrst: Gemeinsam machen wir eine ph\u00e4nomenale F\u00fchrung die mir meine Wunschpartnerin in 48 Stunden zu mir gef\u00fchrt hat. Das mag nicht f\u00fcr alle so gelten und funktionieren, ist aber auf ... Read more\" \/>\n<meta property=\"og:url\" content=\"https:\/\/www.patrick-koglin.com\/en\/webinar\/power-of-love\/\" \/>\n<meta property=\"og:site_name\" content=\"Patrick Koglin\" \/>\n<meta property=\"article:publisher\" content=\"https:\/\/www.facebook.com\/profile.php?id=61566852463657\" \/>\n<meta property=\"article:modified_time\" content=\"2024-10-23T13:53:43+00:00\" \/>\n<meta name=\"twitter:card\" content=\"summary_large_image\" \/>\n<meta name=\"twitter:label1\" content=\"Est. reading time\" \/>\n\t<meta name=\"twitter:data1\" content=\"1 minute\" \/>\n<script type=\"application\/ld+json\" class=\"yoast-schema-graph\">{\"@context\":\"https:\/\/schema.org\",\"@graph\":[{\"@type\":\"WebPage\",\"@id\":\"https:\/\/www.patrick-koglin.com\/webinar\/power-of-love\/\",\"url\":\"https:\/\/www.patrick-koglin.com\/webinar\/power-of-love\/\",\"name\":\"Power of love - Patrick Koglin\",\"isPartOf\":{\"@id\":\"https:\/\/www.patrick-koglin.com\/#website\"},\"datePublished\":\"2024-10-23T13:11:19+00:00\",\"dateModified\":\"2024-10-23T13:53:43+00:00\",\"breadcrumb\":{\"@id\":\"https:\/\/www.patrick-koglin.com\/webinar\/power-of-love\/#breadcrumb\"},\"inLanguage\":\"en-US\",\"potentialAction\":[{\"@type\":\"ReadAction\",\"target\":[\"https:\/\/www.patrick-koglin.com\/webinar\/power-of-love\/\"]}]},{\"@type\":\"BreadcrumbList\",\"@id\":\"https:\/\/www.patrick-koglin.com\/webinar\/power-of-love\/#breadcrumb\",\"itemListElement\":[{\"@type\":\"ListItem\",\"position\":1,\"name\":\"Startseite\",\"item\":\"https:\/\/www.patrick-koglin.com\/\"},{\"@type\":\"ListItem\",\"position\":2,\"name\":\"Webinar\",\"item\":\"https:\/\/www.patrick-koglin.com\/webinar\/\"},{\"@type\":\"ListItem\",\"position\":3,\"name\":\"Power of love\"}]},{\"@type\":\"WebSite\",\"@id\":\"https:\/\/www.patrick-koglin.com\/#website\",\"url\":\"https:\/\/www.patrick-koglin.com\/\",\"name\":\"PK Coaching - Patrick Koglin Unternehmensgruppe\",\"description\":\"PK Coaching, Business-Design &amp; Development\",\"publisher\":{\"@id\":\"https:\/\/www.patrick-koglin.com\/#organization\"},\"potentialAction\":[{\"@type\":\"SearchAction\",\"target\":{\"@type\":\"EntryPoint\",\"urlTemplate\":\"https:\/\/www.patrick-koglin.com\/?s={search_term_string}\"},\"query-input\":{\"@type\":\"PropertyValueSpecification\",\"valueRequired\":true,\"valueName\":\"search_term_string\"}}],\"inLanguage\":\"en-US\"},{\"@type\":\"Organization\",\"@id\":\"https:\/\/www.patrick-koglin.com\/#organization\",\"name\":\"Patrick Koglin | CEO von PK Coaching\",\"url\":\"https:\/\/www.patrick-koglin.com\/\",\"logo\":{\"@type\":\"ImageObject\",\"inLanguage\":\"en-US\",\"@id\":\"https:\/\/www.patrick-koglin.com\/#\/schema\/logo\/image\/\",\"url\":\"https:\/\/www.patrick-koglin.com\/wp-content\/uploads\/2025\/07\/cropped-PK16.png\",\"contentUrl\":\"https:\/\/www.patrick-koglin.com\/wp-content\/uploads\/2025\/07\/cropped-PK16.png\",\"width\":619,\"height\":287,\"caption\":\"Patrick Koglin | CEO von PK Coaching\"},\"image\":{\"@id\":\"https:\/\/www.patrick-koglin.com\/#\/schema\/logo\/image\/\"},\"sameAs\":[\"https:\/\/www.facebook.com\/profile.php?id=61566852463657\"]}]}<\/script>\n<!-- \/ Yoast SEO plugin. -->","yoast_head_json":{"title":"Power of love - Patrick Koglin","robots":{"index":"index","follow":"follow","max-snippet":"max-snippet:-1","max-image-preview":"max-image-preview:large","max-video-preview":"max-video-preview:-1"},"canonical":"https:\/\/www.patrick-koglin.com\/en\/webinar\/power-of-love\/","og_locale":"en_US","og_type":"article","og_title":"Power of love - Patrick Koglin","og_description":"Wunden der Vergangenheit heilen, Traumpartnerschaft kreieren, verankern und manifestieren Interaktives Webinar, Freitag, 25. Oktober 2024 um 19 Uhr auf www.koglin.tv Was Du an diesem Abend erf\u00e4hrst: Gemeinsam machen wir eine ph\u00e4nomenale F\u00fchrung die mir meine Wunschpartnerin in 48 Stunden zu mir gef\u00fchrt hat. Das mag nicht f\u00fcr alle so gelten und funktionieren, ist aber auf ... Read more","og_url":"https:\/\/www.patrick-koglin.com\/en\/webinar\/power-of-love\/","og_site_name":"Patrick Koglin","article_publisher":"https:\/\/www.facebook.com\/profile.php?id=61566852463657","article_modified_time":"2024-10-23T13:53:43+00:00","twitter_card":"summary_large_image","twitter_misc":{"Est. reading time":"1 minute"},"schema":{"@context":"https:\/\/schema.org","@graph":[{"@type":"WebPage","@id":"https:\/\/www.patrick-koglin.com\/webinar\/power-of-love\/","url":"https:\/\/www.patrick-koglin.com\/webinar\/power-of-love\/","name":"Power of love - Patrick Koglin","isPartOf":{"@id":"https:\/\/www.patrick-koglin.com\/#website"},"datePublished":"2024-10-23T13:11:19+00:00","dateModified":"2024-10-23T13:53:43+00:00","breadcrumb":{"@id":"https:\/\/www.patrick-koglin.com\/webinar\/power-of-love\/#breadcrumb"},"inLanguage":"en-US","potentialAction":[{"@type":"ReadAction","target":["https:\/\/www.patrick-koglin.com\/webinar\/power-of-love\/"]}]},{"@type":"BreadcrumbList","@id":"https:\/\/www.patrick-koglin.com\/webinar\/power-of-love\/#breadcrumb","itemListElement":[{"@type":"ListItem","position":1,"name":"Startseite","item":"https:\/\/www.patrick-koglin.com\/"},{"@type":"ListItem","position":2,"name":"Webinar","item":"https:\/\/www.patrick-koglin.com\/webinar\/"},{"@type":"ListItem","position":3,"name":"Power of love"}]},{"@type":"WebSite","@id":"https:\/\/www.patrick-koglin.com\/#website","url":"https:\/\/www.patrick-koglin.com\/","name":"PK Coaching - Patrick Koglin Unternehmensgruppe","description":"PK Coaching, Business-Design &amp; Development","publisher":{"@id":"https:\/\/www.patrick-koglin.com\/#organization"},"potentialAction":[{"@type":"SearchAction","target":{"@type":"EntryPoint","urlTemplate":"https:\/\/www.patrick-koglin.com\/?s={search_term_string}"},"query-input":{"@type":"PropertyValueSpecification","valueRequired":true,"valueName":"search_term_string"}}],"inLanguage":"en-US"},{"@type":"Organization","@id":"https:\/\/www.patrick-koglin.com\/#organization","name":"Patrick Koglin | CEO von PK Coaching","url":"https:\/\/www.patrick-koglin.com\/","logo":{"@type":"ImageObject","inLanguage":"en-US","@id":"https:\/\/www.patrick-koglin.com\/#\/schema\/logo\/image\/","url":"https:\/\/www.patrick-koglin.com\/wp-content\/uploads\/2025\/07\/cropped-PK16.png","contentUrl":"https:\/\/www.patrick-koglin.com\/wp-content\/uploads\/2025\/07\/cropped-PK16.png","width":619,"height":287,"caption":"Patrick Koglin | CEO von PK Coaching"},"image":{"@id":"https:\/\/www.patrick-koglin.com\/#\/schema\/logo\/image\/"},"sameAs":["https:\/\/www.facebook.com\/profile.php?id=61566852463657"]}]}},"_links":{"self":[{"href":"https:\/\/www.patrick-koglin.com\/en\/wp-json\/wp\/v2\/pages\/4252","targetHints":{"allow":["GET"]}}],"collection":[{"href":"https:\/\/www.patrick-koglin.com\/en\/wp-json\/wp\/v2\/pages"}],"about":[{"href":"https:\/\/www.patrick-koglin.com\/en\/wp-json\/wp\/v2\/types\/page"}],"author":[{"embeddable":true,"href":"https:\/\/www.patrick-koglin.com\/en\/wp-json\/wp\/v2\/users\/1"}],"replies":[{"embeddable":true,"href":"https:\/\/www.patrick-koglin.com\/en\/wp-json\/wp\/v2\/comments?post=4252"}],"version-history":[{"count":6,"href":"https:\/\/www.patrick-koglin.com\/en\/wp-json\/wp\/v2\/pages\/4252\/revisions"}],"predecessor-version":[{"id":4268,"href":"https:\/\/www.patrick-koglin.com\/en\/wp-json\/wp\/v2\/pages\/4252\/revisions\/4268"}],"up":[{"embeddable":true,"href":"https:\/\/www.patrick-koglin.com\/en\/wp-json\/wp\/v2\/pages\/3922"}],"wp:attachment":[{"href":"https:\/\/www.patrick-koglin.com\/en\/wp-json\/wp\/v2\/media?parent=4252"}],"curies":[{"name":"wp","href":"https:\/\/api.w.org\/{rel}","templated":true}]}}