{"id":4723,"date":"2024-11-04T12:52:01","date_gmt":"2024-11-04T11:52:01","guid":{"rendered":"https:\/\/www.patrick-koglin.com\/?page_id=4723"},"modified":"2024-11-04T13:55:44","modified_gmt":"2024-11-04T12:55:44","slug":"termine","status":"publish","type":"page","link":"https:\/\/www.patrick-koglin.com\/en\/ausbildung\/timeline-coach\/termine\/","title":{"rendered":"Termine"},"content":{"rendered":"<h2 class=\"wp-block-heading\">Timeline-Coach Ausbildung<\/h2>\n\n\n\n<h3 class=\"wp-block-heading\">Neue Termine 2025<\/h3>\n\n\n\n<h4 class=\"wp-block-heading\">Online \/ Digital<\/h4>\n\n\n\n<p>Die Timeline-Coach Ausbildung Digital findet am Wochenende von <em>Freitag, 18 bis Sonntag um 18 Uhr <\/em>in einem gesch\u00fctzten Workshopraum per Zoom ohne Aufzeichnung statt. Es wird ein Notebook\/PC an einem ruhigen Arbeitsplatz mit Kamera und Mikrofon ben\u00f6tigt.<\/p>\n\n\n\n<p>Dar\u00fcber hinaus gibt es einen Online-Mitgliederbereich mit Demo- und Erkl\u00e4rungsvideos, Grafiken, Skript, Arbeitsbl\u00e4ttern und Ausbildungsunterlagen. <\/p>\n\n\n\n<p><strong>Folgende Termine werden 2025 angeboten<\/strong>:<\/p>\n\n\n\n<ul class=\"wp-block-list\">\n<li>Freitag, 10. Januar bis Sonntag 13. Januar 2025 (<em>ausgebucht<\/em>)<\/li>\n\n\n\n<li>Freitag, 21. M\u00e4rz bis Sonntag, 23. M\u00e4rz 2025 (<em>ausgebucht<\/em>)<\/li>\n\n\n\n<li>Freitag, 30. Mai bis Sonntag, 1. Juni 2025<\/li>\n\n\n\n<li>Freitag, 17. Oktober bis Sonntag, 19. Oktober <\/li>\n<\/ul>\n\n\n\n<p>Die Ausbildung kann mit einem bezahlten &#8222;<em>Lifetime&#8220;<\/em>-Account beliebig oft wiederholt und die Ausbildungsunterlagen \u00fcber die PK Online-Akademie abgerufen werden.<\/p>\n\n\n\n<div class=\"wp-block-buttons is-layout-flex wp-block-buttons-is-layout-flex\">\n<div class=\"wp-block-button\"><a class=\"wp-block-button__link has-accent-background-color has-background wp-element-button\" href=\"mailto:kontakt@patrick-koglin.com\" style=\"border-radius:5px\" target=\"_blank\" rel=\"noreferrer noopener\">Jetzt anfragen<\/a><\/div>\n<\/div>\n\n\n\n<p><\/p>\n\n\n\n<p>Es wird um Anmeldung und Vorreservierung gebeten, da die Pl\u00e4tze auch von Wiederholern genutzt werden und derzeit typischerweise mit kleinen Gruppen zwischen 10 und 20 Personen ausgebildet wird.<\/p>\n\n\n\n<p><em><strong>Kein Platz mehr frei?<\/strong><\/em> <a href=\"mailto:kontakt@patrick-koglin.com\">Interesse bekunden<\/a> und auf die Warteliste setzen lassen.<\/p>\n\n\n\n<h4 class=\"wp-block-heading\">Pr\u00e4senztermine &#8211; vor Ort in Kassel<\/h4>\n\n\n\n<p>Pr\u00e4senztermine finden derzeit auf Anfrage und ab 8-12 Personen statt. <\/p>\n\n\n\n<p><a href=\"mailto:kontakt@patrick-koglin.com\">Jetzt anfragen<\/a><\/p>","protected":false},"excerpt":{"rendered":"<p>Timeline-Coach Ausbildung Neue Termine 2025 Online \/ Digital Die Timeline-Coach Ausbildung Digital findet am Wochenende von Freitag, 18 bis Sonntag um 18 Uhr in einem gesch\u00fctzten Workshopraum per Zoom ohne Aufzeichnung statt. Es wird ein Notebook\/PC an einem ruhigen Arbeitsplatz mit Kamera und Mikrofon ben\u00f6tigt. Dar\u00fcber hinaus gibt es einen Online-Mitgliederbereich mit Demo- und Erkl\u00e4rungsvideos, &#8230; <a title=\"Termine\" class=\"read-more\" href=\"https:\/\/www.patrick-koglin.com\/en\/ausbildung\/timeline-coach\/termine\/\" aria-label=\"Read more about Termine\">Read more<\/a><\/p>","protected":false},"author":1,"featured_media":0,"parent":1789,"menu_order":0,"comment_status":"closed","ping_status":"closed","template":"","meta":{"footnotes":""},"class_list":["post-4723","page","type-page","status-publish"],"yoast_head":"<!-- This site is optimized with the Yoast SEO plugin v25.8 - https:\/\/yoast.com\/wordpress\/plugins\/seo\/ -->\n<title>Termine - Patrick Koglin<\/title>\n<meta name=\"robots\" content=\"index, follow, max-snippet:-1, max-image-preview:large, max-video-preview:-1\" \/>\n<link rel=\"canonical\" href=\"https:\/\/www.patrick-koglin.com\/en\/ausbildung\/timeline-coach\/termine\/\" \/>\n<meta property=\"og:locale\" content=\"en_US\" \/>\n<meta property=\"og:type\" content=\"article\" \/>\n<meta property=\"og:title\" content=\"Termine - Patrick Koglin\" \/>\n<meta property=\"og:description\" content=\"Timeline-Coach Ausbildung Neue Termine 2025 Online \/ Digital Die Timeline-Coach Ausbildung Digital findet am Wochenende von Freitag, 18 bis Sonntag um 18 Uhr in einem gesch\u00fctzten Workshopraum per Zoom ohne Aufzeichnung statt. Es wird ein Notebook\/PC an einem ruhigen Arbeitsplatz mit Kamera und Mikrofon ben\u00f6tigt. Dar\u00fcber hinaus gibt es einen Online-Mitgliederbereich mit Demo- und Erkl\u00e4rungsvideos, ... Read more\" \/>\n<meta property=\"og:url\" content=\"https:\/\/www.patrick-koglin.com\/en\/ausbildung\/timeline-coach\/termine\/\" \/>\n<meta property=\"og:site_name\" content=\"Patrick Koglin\" \/>\n<meta property=\"article:publisher\" content=\"https:\/\/www.facebook.com\/profile.php?id=61566852463657\" \/>\n<meta property=\"article:modified_time\" content=\"2024-11-04T12:55:44+00:00\" \/>\n<meta name=\"twitter:card\" content=\"summary_large_image\" \/>\n<meta name=\"twitter:label1\" content=\"Est. reading time\" \/>\n\t<meta name=\"twitter:data1\" content=\"1 minute\" \/>\n<script type=\"application\/ld+json\" class=\"yoast-schema-graph\">{\"@context\":\"https:\/\/schema.org\",\"@graph\":[{\"@type\":\"WebPage\",\"@id\":\"https:\/\/www.patrick-koglin.com\/ausbildung\/timeline-coach\/termine\/\",\"url\":\"https:\/\/www.patrick-koglin.com\/ausbildung\/timeline-coach\/termine\/\",\"name\":\"Termine - Patrick Koglin\",\"isPartOf\":{\"@id\":\"https:\/\/www.patrick-koglin.com\/#website\"},\"datePublished\":\"2024-11-04T11:52:01+00:00\",\"dateModified\":\"2024-11-04T12:55:44+00:00\",\"breadcrumb\":{\"@id\":\"https:\/\/www.patrick-koglin.com\/ausbildung\/timeline-coach\/termine\/#breadcrumb\"},\"inLanguage\":\"en-US\",\"potentialAction\":[{\"@type\":\"ReadAction\",\"target\":[\"https:\/\/www.patrick-koglin.com\/ausbildung\/timeline-coach\/termine\/\"]}]},{\"@type\":\"BreadcrumbList\",\"@id\":\"https:\/\/www.patrick-koglin.com\/ausbildung\/timeline-coach\/termine\/#breadcrumb\",\"itemListElement\":[{\"@type\":\"ListItem\",\"position\":1,\"name\":\"Startseite\",\"item\":\"https:\/\/www.patrick-koglin.com\/\"},{\"@type\":\"ListItem\",\"position\":2,\"name\":\"Ausbildung\",\"item\":\"https:\/\/www.patrick-koglin.com\/ausbildung\/\"},{\"@type\":\"ListItem\",\"position\":3,\"name\":\"Timeline-Coach Ausbildung\",\"item\":\"https:\/\/www.patrick-koglin.com\/ausbildung\/timeline-coach\/\"},{\"@type\":\"ListItem\",\"position\":4,\"name\":\"Termine\"}]},{\"@type\":\"WebSite\",\"@id\":\"https:\/\/www.patrick-koglin.com\/#website\",\"url\":\"https:\/\/www.patrick-koglin.com\/\",\"name\":\"PK Coaching - Patrick Koglin Unternehmensgruppe\",\"description\":\"PK Coaching, Business-Design &amp; Development\",\"publisher\":{\"@id\":\"https:\/\/www.patrick-koglin.com\/#organization\"},\"potentialAction\":[{\"@type\":\"SearchAction\",\"target\":{\"@type\":\"EntryPoint\",\"urlTemplate\":\"https:\/\/www.patrick-koglin.com\/?s={search_term_string}\"},\"query-input\":{\"@type\":\"PropertyValueSpecification\",\"valueRequired\":true,\"valueName\":\"search_term_string\"}}],\"inLanguage\":\"en-US\"},{\"@type\":\"Organization\",\"@id\":\"https:\/\/www.patrick-koglin.com\/#organization\",\"name\":\"Patrick Koglin | CEO von PK Coaching\",\"url\":\"https:\/\/www.patrick-koglin.com\/\",\"logo\":{\"@type\":\"ImageObject\",\"inLanguage\":\"en-US\",\"@id\":\"https:\/\/www.patrick-koglin.com\/#\/schema\/logo\/image\/\",\"url\":\"https:\/\/www.patrick-koglin.com\/wp-content\/uploads\/2025\/07\/cropped-PK16.png\",\"contentUrl\":\"https:\/\/www.patrick-koglin.com\/wp-content\/uploads\/2025\/07\/cropped-PK16.png\",\"width\":619,\"height\":287,\"caption\":\"Patrick Koglin | CEO von PK Coaching\"},\"image\":{\"@id\":\"https:\/\/www.patrick-koglin.com\/#\/schema\/logo\/image\/\"},\"sameAs\":[\"https:\/\/www.facebook.com\/profile.php?id=61566852463657\"]}]}<\/script>\n<!-- \/ Yoast SEO plugin. -->","yoast_head_json":{"title":"Termine - Patrick Koglin","robots":{"index":"index","follow":"follow","max-snippet":"max-snippet:-1","max-image-preview":"max-image-preview:large","max-video-preview":"max-video-preview:-1"},"canonical":"https:\/\/www.patrick-koglin.com\/en\/ausbildung\/timeline-coach\/termine\/","og_locale":"en_US","og_type":"article","og_title":"Termine - Patrick Koglin","og_description":"Timeline-Coach Ausbildung Neue Termine 2025 Online \/ Digital Die Timeline-Coach Ausbildung Digital findet am Wochenende von Freitag, 18 bis Sonntag um 18 Uhr in einem gesch\u00fctzten Workshopraum per Zoom ohne Aufzeichnung statt. Es wird ein Notebook\/PC an einem ruhigen Arbeitsplatz mit Kamera und Mikrofon ben\u00f6tigt. Dar\u00fcber hinaus gibt es einen Online-Mitgliederbereich mit Demo- und Erkl\u00e4rungsvideos, ... Read more","og_url":"https:\/\/www.patrick-koglin.com\/en\/ausbildung\/timeline-coach\/termine\/","og_site_name":"Patrick Koglin","article_publisher":"https:\/\/www.facebook.com\/profile.php?id=61566852463657","article_modified_time":"2024-11-04T12:55:44+00:00","twitter_card":"summary_large_image","twitter_misc":{"Est. reading time":"1 minute"},"schema":{"@context":"https:\/\/schema.org","@graph":[{"@type":"WebPage","@id":"https:\/\/www.patrick-koglin.com\/ausbildung\/timeline-coach\/termine\/","url":"https:\/\/www.patrick-koglin.com\/ausbildung\/timeline-coach\/termine\/","name":"Termine - Patrick Koglin","isPartOf":{"@id":"https:\/\/www.patrick-koglin.com\/#website"},"datePublished":"2024-11-04T11:52:01+00:00","dateModified":"2024-11-04T12:55:44+00:00","breadcrumb":{"@id":"https:\/\/www.patrick-koglin.com\/ausbildung\/timeline-coach\/termine\/#breadcrumb"},"inLanguage":"en-US","potentialAction":[{"@type":"ReadAction","target":["https:\/\/www.patrick-koglin.com\/ausbildung\/timeline-coach\/termine\/"]}]},{"@type":"BreadcrumbList","@id":"https:\/\/www.patrick-koglin.com\/ausbildung\/timeline-coach\/termine\/#breadcrumb","itemListElement":[{"@type":"ListItem","position":1,"name":"Startseite","item":"https:\/\/www.patrick-koglin.com\/"},{"@type":"ListItem","position":2,"name":"Ausbildung","item":"https:\/\/www.patrick-koglin.com\/ausbildung\/"},{"@type":"ListItem","position":3,"name":"Timeline-Coach Ausbildung","item":"https:\/\/www.patrick-koglin.com\/ausbildung\/timeline-coach\/"},{"@type":"ListItem","position":4,"name":"Termine"}]},{"@type":"WebSite","@id":"https:\/\/www.patrick-koglin.com\/#website","url":"https:\/\/www.patrick-koglin.com\/","name":"PK Coaching - Patrick Koglin Unternehmensgruppe","description":"PK Coaching, Business-Design &amp; Development","publisher":{"@id":"https:\/\/www.patrick-koglin.com\/#organization"},"potentialAction":[{"@type":"SearchAction","target":{"@type":"EntryPoint","urlTemplate":"https:\/\/www.patrick-koglin.com\/?s={search_term_string}"},"query-input":{"@type":"PropertyValueSpecification","valueRequired":true,"valueName":"search_term_string"}}],"inLanguage":"en-US"},{"@type":"Organization","@id":"https:\/\/www.patrick-koglin.com\/#organization","name":"Patrick Koglin | CEO von PK Coaching","url":"https:\/\/www.patrick-koglin.com\/","logo":{"@type":"ImageObject","inLanguage":"en-US","@id":"https:\/\/www.patrick-koglin.com\/#\/schema\/logo\/image\/","url":"https:\/\/www.patrick-koglin.com\/wp-content\/uploads\/2025\/07\/cropped-PK16.png","contentUrl":"https:\/\/www.patrick-koglin.com\/wp-content\/uploads\/2025\/07\/cropped-PK16.png","width":619,"height":287,"caption":"Patrick Koglin | CEO von PK Coaching"},"image":{"@id":"https:\/\/www.patrick-koglin.com\/#\/schema\/logo\/image\/"},"sameAs":["https:\/\/www.facebook.com\/profile.php?id=61566852463657"]}]}},"_links":{"self":[{"href":"https:\/\/www.patrick-koglin.com\/en\/wp-json\/wp\/v2\/pages\/4723","targetHints":{"allow":["GET"]}}],"collection":[{"href":"https:\/\/www.patrick-koglin.com\/en\/wp-json\/wp\/v2\/pages"}],"about":[{"href":"https:\/\/www.patrick-koglin.com\/en\/wp-json\/wp\/v2\/types\/page"}],"author":[{"embeddable":true,"href":"https:\/\/www.patrick-koglin.com\/en\/wp-json\/wp\/v2\/users\/1"}],"replies":[{"embeddable":true,"href":"https:\/\/www.patrick-koglin.com\/en\/wp-json\/wp\/v2\/comments?post=4723"}],"version-history":[{"count":23,"href":"https:\/\/www.patrick-koglin.com\/en\/wp-json\/wp\/v2\/pages\/4723\/revisions"}],"predecessor-version":[{"id":4770,"href":"https:\/\/www.patrick-koglin.com\/en\/wp-json\/wp\/v2\/pages\/4723\/revisions\/4770"}],"up":[{"embeddable":true,"href":"https:\/\/www.patrick-koglin.com\/en\/wp-json\/wp\/v2\/pages\/1789"}],"wp:attachment":[{"href":"https:\/\/www.patrick-koglin.com\/en\/wp-json\/wp\/v2\/media?parent=4723"}],"curies":[{"name":"wp","href":"https:\/\/api.w.org\/{rel}","templated":true}]}}