{"id":4827,"date":"2024-11-05T12:48:12","date_gmt":"2024-11-05T11:48:12","guid":{"rendered":"https:\/\/www.patrick-koglin.com\/?page_id=4827"},"modified":"2026-04-22T12:59:05","modified_gmt":"2026-04-22T10:59:05","slug":"karriere","status":"publish","type":"page","link":"https:\/\/www.patrick-koglin.com\/en\/karriere\/","title":{"rendered":"Karriere"},"content":{"rendered":"<h2 class=\"wp-block-heading\">Wir bauen auf und aus <\/h2>\n\n\n\n<p>Wir suchen derzeit verantwortungsbewusste Charaktere die mutig, engagiert, konstruktiv und professionell genug sind die Coaching- und IT-Branche mitzubeleben. Warum? Wir bei PK Coaching gestalten Ver\u00e4nderung proaktiv, wirksam und machen den Unterschied. <\/p>\n\n\n\n<div class=\"wp-block-columns is-layout-flex wp-container-core-columns-is-layout-9d6595d7 wp-block-columns-is-layout-flex\">\n<div class=\"wp-block-column is-vertically-aligned-center is-layout-flow wp-block-column-is-layout-flow\"><div class=\"wp-block-image\">\n<figure class=\"aligncenter size-full is-resized\"><img fetchpriority=\"high\" decoding=\"async\" width=\"600\" height=\"441\" src=\"https:\/\/www.patrick-koglin.com\/wp-content\/uploads\/2024\/09\/ProvenExpert-Siegel-mit-Hintergrund-1.png\" alt=\"\" class=\"wp-image-207\" style=\"aspect-ratio:1.3605793492935685;width:177px;height:auto\" srcset=\"https:\/\/www.patrick-koglin.com\/wp-content\/uploads\/2024\/09\/ProvenExpert-Siegel-mit-Hintergrund-1.png 600w, https:\/\/www.patrick-koglin.com\/wp-content\/uploads\/2024\/09\/ProvenExpert-Siegel-mit-Hintergrund-1-300x221.png 300w\" sizes=\"(max-width: 600px) 100vw, 600px\" \/><\/figure>\n<\/div><\/div>\n\n\n\n<div class=\"wp-block-column is-vertically-aligned-center is-layout-flow wp-block-column-is-layout-flow\"><div class=\"wp-block-image\">\n<figure class=\"aligncenter size-full\"><img decoding=\"async\" width=\"161\" height=\"95\" src=\"https:\/\/www.patrick-koglin.com\/wp-content\/uploads\/2026\/02\/topscore-siegel.png\" alt=\"\" class=\"wp-image-9525\"\/><\/figure>\n<\/div><\/div>\n\n\n\n<div class=\"wp-block-column is-vertically-aligned-center is-layout-flow wp-block-column-is-layout-flow\"><div class=\"wp-block-image\">\n<figure class=\"aligncenter size-full\"><img decoding=\"async\" width=\"227\" height=\"90\" src=\"https:\/\/www.patrick-koglin.com\/wp-content\/uploads\/2026\/02\/grafik-31.png\" alt=\"\" class=\"wp-image-9261\"\/><\/figure>\n<\/div><\/div>\n<\/div>\n\n\n\n<p>Die Zusammenarbeit mit Patrick Koglin erfordert ein positives pers\u00f6nliches Auftreten, gute Auffassungsgabe und Konformit\u00e4t mit den Unternehmenswerten sowie den Erwartungen unserer Kunden. Die Arbeit im Coaching stellt hohe Anforderungen an die Vertraulichkeit, Resilienz und mentale Stabili\u00e4t. Im Coaching geht es sowohl um pers\u00f6nliche und unternehmerische Ziele. Deshalb wird die Einhaltung eines &#8222;<em>Code of conduct<\/em>&#8220; (Vertraulichkeitserkl\u00e4rung) erw\u00fcnscht und erwartet.<\/p>\n\n\n\n<p><strong>Aktuell ausgeschriebene T\u00e4tigkeiten:<\/strong><\/p>\n\n\n\n<ul class=\"wp-block-list\">\n<li><a href=\"http:\/\/assistanz\">Assistenz<\/a><\/li>\n\n\n\n<li><a href=\"#workshoptrainer\">Workshop-Trainer<\/a> (Online)<\/li>\n\n\n\n<li>Social Media Support <\/li>\n\n\n\n<li id=\"timelineCoach\"><a href=\"#timelineCoach\">Timeline-Coach<\/a><\/li>\n\n\n\n<li>Sales People<\/li>\n\n\n\n<li>Software-Entwickler, KI und IT<\/li>\n\n\n\n<li>Web-Entwickler (auch Apps)<\/li>\n\n\n\n<li>SEO- und eCommerce-Experten<\/li>\n\n\n\n<li><a href=\"https:\/\/www.patrick-koglin.com\/en\/job\/it-projektmanager-m-w-d\/\">IT-Projektmanager<\/a><\/li>\n\n\n\n<li><a href=\"https:\/\/www.patrick-koglin.com\/en\/karriere\/it-security-experte-und-consultant\/\">IT-Security Experte<\/a><\/li>\n\n\n\n<li>IT-Sicherheitsbeauftrager<\/li>\n\n\n\n<li><a href=\"#customerService\">Customer Support &amp; Service<\/a><\/li>\n\n\n\n<li>Gute Seele mit Herz<\/li>\n\n\n\n<li>Hard oder Heart Seller (Vertrieb)<\/li>\n\n\n\n<li><a href=\"https:\/\/www.patrick-koglin.com\/en\/karriere\/unterstuetzung-im-forderungsmanagement\/\">Unterst\u00fctzung im Forderungsmanagement<\/a><\/li>\n<\/ul>\n\n\n\n<p>Die T\u00e4tigkeiten sind immer f\u00fcr M\u00e4nner und Frauen ausgeschrieben. Nat\u00fcrlich HR-konform m \/ w \/ d und nach dem Gleichstellungsgesetz. <\/p>\n\n\n\n<p>Idealerweise ist eine Abrechnung auf freiberuflicher Basis m\u00f6glich. F\u00fcr die Abrechnung als Nebent\u00e4tigkeit oder Minijob-Basis suchen wir noch jemanden der sich mit Personalverantwortung und -abrechnung auskennt.<\/p>\n\n\n\n<p>Nat\u00fcrlich profitiert man gleichzeitig von der Mitentwicklung im Unternehmen und erh\u00e4lt bei Bedarf jederzeit Unterst\u00fctzung durch Patrick Koglin selbst oder entsprechende Coaches. Das ersetzt kein vollst\u00e4ndiges Coaching, begleitet aber konstruktiv bei der Weiterentwicklung der eigenen Pers\u00f6nlichkeit und Karriere.<\/p>\n\n\n\n<p>Bewerbungen bitte immer per E-Mail an: <a href=\"mailto:bewerbung@patrick-koglin.com\">bewerbung@patrick-koglin.com<\/a> <\/p>\n\n\n\n<p><strong>Bitte beachten:<\/strong> <em>Lebenslauf und Abschlusszeugnisse bitte als PDF mit weniger als 2 MB versenden. Ein separates Anschreiben ist nicht erforderlich. Kurzes Motivationsschreiben mit 2-3 S\u00e4tzen in der E-Mail ist ausreichend. Im Idealfall den Link zum instagram-, Facebook- oder Linkedin-Profil mitsenden. <\/em><\/p>\n\n\n\n<hr class=\"wp-block-separator has-alpha-channel-opacity is-style-dots\"\/>\n\n\n\n<h1 class=\"wp-block-heading has-text-align-center\">Ausgeschriebene T\u00e4tigkeiten:<\/h1>\n\n\n\n<div class=\"wp-block-columns is-layout-flex wp-container-core-columns-is-layout-9d6595d7 wp-block-columns-is-layout-flex\">\n<div class=\"wp-block-column is-layout-flow wp-block-column-is-layout-flow\">\n<h2 class=\"wp-block-heading has-text-align-center\" id=\"assistanz\">Assistenz<\/h2>\n\n\n\n<p class=\"has-text-align-center\">Unterst\u00fctzung bei der Produktentwicklung, Termin- und Kundenkommunikation, Gespr\u00e4chsf\u00fchrung, Workshop-Vorbereitung, Lektorat und Korrektur, perspektivisch auch Mitarbeiterf\u00fchrung und Lohnabrechnung, Community-Support und Customer-Service, Einholen von Kundenr\u00fcckmeldungen und dem strategischen Unternehmensaufbau.  <\/p>\n\n\n\n<div class=\"wp-block-buttons is-content-justification-center is-layout-flex wp-container-core-buttons-is-layout-16018d1d wp-block-buttons-is-layout-flex\">\n<div class=\"wp-block-button\"><a class=\"wp-block-button__link wp-element-button\" href=\"mailto:bewerbung@patrick-koglin.com\" style=\"border-top-left-radius:2px;border-top-right-radius:2px;border-bottom-left-radius:2px;border-bottom-right-radius:2px\">per E-Mail bewerben<\/a><\/div>\n<\/div>\n\n\n\n<hr class=\"wp-block-separator has-alpha-channel-opacity\"\/>\n<\/div>\n\n\n\n<div class=\"wp-block-column is-layout-flow wp-block-column-is-layout-flow\">\n<h2 class=\"wp-block-heading has-text-align-center\" id=\"workshoptrainer\">Workshop-Trainer Online<\/h2>\n\n\n\n<p class=\"has-text-align-center\">Organisation und Durchf\u00fchrung von Online- und Pr\u00e4senz-Workshops nach Anleitung, vorgegebenen Zielen und entsprechendem Inhalt. <\/p>\n\n\n\n<p class=\"has-text-align-center\">Auch Teilverantwortung oder einzelne Module m\u00f6glich. <\/p>\n\n\n\n<p class=\"has-text-align-center\">Wichtigste Themen: Social Media Grundlagen, Marketing &amp; Sales, IT und Technik, Online-Business, Webdesign und SEO, Trauma-Transformation<\/p>\n\n\n\n<div class=\"wp-block-buttons is-content-justification-center is-layout-flex wp-container-core-buttons-is-layout-16018d1d wp-block-buttons-is-layout-flex\">\n<div class=\"wp-block-button\"><a class=\"wp-block-button__link wp-element-button\" href=\"mailto:bewerbung@patrick-koglin.com\" style=\"border-top-left-radius:2px;border-top-right-radius:2px;border-bottom-left-radius:2px;border-bottom-right-radius:2px\">per E-Mail bewerben<\/a><\/div>\n<\/div>\n\n\n\n<hr class=\"wp-block-separator has-alpha-channel-opacity\"\/>\n<\/div>\n<\/div>\n\n\n\n<div class=\"wp-block-columns is-layout-flex wp-container-core-columns-is-layout-9d6595d7 wp-block-columns-is-layout-flex\">\n<div class=\"wp-block-column is-layout-flow wp-block-column-is-layout-flow\">\n<h2 class=\"wp-block-heading has-text-align-center\">Social Media Support<\/h2>\n\n\n\n<p class=\"has-text-align-center\">Engagierte Social Media Nerds die online gerne Zeit verbringen, Bewusstsein und Verst\u00e4ndnis f\u00fcr die moderne Kommunikation mitbringen, Beitr\u00e4ge liken, kommentieren und teilen.<\/p>\n\n\n\n<hr class=\"wp-block-separator has-alpha-channel-opacity\"\/>\n\n\n\n<h2 class=\"wp-block-heading has-text-align-center\" id=\"timelineCoach\">Timeline-Coach<\/h2>\n\n\n\n<p class=\"has-text-align-center\">Wir suchen einen Timeline-Coach der Coachings \u00fcbernehmen und die Timeline-Coach Ausbildung unterst\u00fctzen kann.<\/p>\n\n\n\n<hr class=\"wp-block-separator has-alpha-channel-opacity\"\/>\n<\/div>\n\n\n\n<div class=\"wp-block-column is-layout-flow wp-block-column-is-layout-flow\">\n<h2 class=\"wp-block-heading has-text-align-center\">Sales People<\/h2>\n\n\n\n<p class=\"has-text-align-center\">Du verkaufst gerne ohne verkaufen oder aufgesetzt wirken zu m\u00fcssen? Wir suchen authentische Vertriebs- und Verkaufspers\u00f6nlichkeiten die unsere Workshops, Ausbildungen und 1zu1-Coachings aus \u00dcberzeugung weiterempfehlen. <\/p>\n\n\n\n<p class=\"has-text-align-center\">Die Bezahlung erfolgt aus Provisionsbasis. Eigene Selbst\u00e4ndigkeit zur Abrechnung und grundlegendes Verst\u00e4ndnis f\u00fcr copecart erforderlich. <\/p>\n\n\n\n<div class=\"wp-block-buttons is-content-justification-center is-layout-flex wp-container-core-buttons-is-layout-16018d1d wp-block-buttons-is-layout-flex\">\n<div class=\"wp-block-button\"><a class=\"wp-block-button__link wp-element-button\" href=\"mailto:bewerbung@patrick-koglin.com\" style=\"border-top-left-radius:2px;border-top-right-radius:2px;border-bottom-left-radius:2px;border-bottom-right-radius:2px\">per E-Mail bewerben<\/a><\/div>\n<\/div>\n\n\n\n<hr class=\"wp-block-separator has-alpha-channel-opacity\"\/>\n<\/div>\n<\/div>\n\n\n\n<div class=\"wp-block-columns is-layout-flex wp-container-core-columns-is-layout-9d6595d7 wp-block-columns-is-layout-flex\">\n<div class=\"wp-block-column is-vertically-aligned-center is-layout-flow wp-block-column-is-layout-flow\"><div class=\"wp-block-image\">\n<figure class=\"aligncenter size-full is-resized\"><img fetchpriority=\"high\" decoding=\"async\" width=\"600\" height=\"441\" src=\"https:\/\/www.patrick-koglin.com\/wp-content\/uploads\/2024\/09\/ProvenExpert-Siegel-mit-Hintergrund-1.png\" alt=\"\" class=\"wp-image-207\" style=\"aspect-ratio:1.3605793492935685;width:177px;height:auto\" srcset=\"https:\/\/www.patrick-koglin.com\/wp-content\/uploads\/2024\/09\/ProvenExpert-Siegel-mit-Hintergrund-1.png 600w, https:\/\/www.patrick-koglin.com\/wp-content\/uploads\/2024\/09\/ProvenExpert-Siegel-mit-Hintergrund-1-300x221.png 300w\" sizes=\"(max-width: 600px) 100vw, 600px\" \/><\/figure>\n<\/div><\/div>\n\n\n\n<div class=\"wp-block-column is-vertically-aligned-center is-layout-flow wp-block-column-is-layout-flow\"><div class=\"wp-block-image\">\n<figure class=\"aligncenter size-full\"><img decoding=\"async\" width=\"161\" height=\"95\" src=\"https:\/\/www.patrick-koglin.com\/wp-content\/uploads\/2026\/02\/topscore-siegel.png\" alt=\"\" class=\"wp-image-9525\"\/><\/figure>\n<\/div><\/div>\n\n\n\n<div class=\"wp-block-column is-vertically-aligned-center is-layout-flow wp-block-column-is-layout-flow\"><div class=\"wp-block-image\">\n<figure class=\"aligncenter size-full\"><img decoding=\"async\" width=\"227\" height=\"90\" src=\"https:\/\/www.patrick-koglin.com\/wp-content\/uploads\/2026\/02\/grafik-31.png\" alt=\"\" class=\"wp-image-9261\"\/><\/figure>\n<\/div><\/div>\n<\/div>\n\n\n\n<hr class=\"wp-block-separator has-alpha-channel-opacity\"\/>\n\n\n\n<div class=\"wp-block-columns is-layout-flex wp-container-core-columns-is-layout-9d6595d7 wp-block-columns-is-layout-flex\">\n<div class=\"wp-block-column is-layout-flow wp-block-column-is-layout-flow\">\n<h2 class=\"wp-block-heading has-text-align-center\">Software-Entwicklung, KI und IT<\/h2>\n\n\n\n<p class=\"has-text-align-center\">Zur Umsetzung von neuen Projekten und Ideen suchen wir fortlaufend Software-Entwickler die eigenst\u00e4ndig in der Lage sind Projekte erfolgreich technisch umzusetzen, Ideen mit einbringen, aber auch unter Berachtung \u00f6konomischer Rahmenbedingungen umsetzen k\u00f6nnen und wollen. <\/p>\n\n\n\n<hr class=\"wp-block-separator has-alpha-channel-opacity\"\/>\n<\/div>\n\n\n\n<div class=\"wp-block-column is-layout-flow wp-block-column-is-layout-flow\">\n<h2 class=\"wp-block-heading has-text-align-center\">Web- und App-Entwickler<\/h2>\n\n\n\n<p class=\"has-text-align-center\">Zur Weiterentwicklung des Unternehmens suchen wir sowohl Web- als auch Web-Entwickler. Idealerweise Full-Stack-Knowhow. <\/p>\n\n\n\n<hr class=\"wp-block-separator has-alpha-channel-opacity\"\/>\n<\/div>\n<\/div>\n\n\n\n<div class=\"wp-block-columns is-layout-flex wp-container-core-columns-is-layout-9d6595d7 wp-block-columns-is-layout-flex\">\n<div class=\"wp-block-column is-layout-flow wp-block-column-is-layout-flow\">\n<h2 class=\"wp-block-heading has-text-align-center\" id=\"customerService\">Customer Service<\/h2>\n\n\n\n<p class=\"has-text-align-center\">Hier suchen wir so etwas wie einen &#8222;<em>Feelgood<\/em>&#8222;-Manager und <em>Happiness-Coach<\/em> f\u00fcr unsere Kunden. Es geht darum die Kundenzufriedenheit im Auge zu behalten ohne das wir unsere Mission und Vision aus den Augen verlieren. <\/p>\n\n\n\n<p class=\"has-text-align-center\">Feingef\u00fchl, innere Balance und die F\u00e4higkeit mit Kritik gut umzugehen sind hier gefragt. Es geht darum, das Kundenfeedback m\u00f6glichst konstruktiv an die Unternehmensspitze weiterzugeben, sodass wir zeitnah und qualitativ auf Kundenr\u00fcckmeldungen reagieren k\u00f6nnen.<\/p>\n\n\n\n<hr class=\"wp-block-separator has-alpha-channel-opacity\"\/>\n<\/div>\n\n\n\n<div class=\"wp-block-column is-layout-flow wp-block-column-is-layout-flow\">\n<h2 class=\"wp-block-heading has-text-align-center\">Co-Coach<\/h2>\n\n\n\n<p class=\"has-text-align-center\">Professionell ausgebildeter Coach der in Workshops und 1zu1-Gespr\u00e4chen unterst\u00fctzen kann. Idealerweise mit fundiertem Business-Knowhow, erfolgreich absolvierter NLP- oder vergleichbare Coaching-Ausbildung aber OHNE psychologische Ausbildung. <\/p>\n\n\n\n<p class=\"has-text-align-center\">Hier geht es auch darum, das Unternehmen sowie die Mitarbeiter im Unternehmen zu stabilisieren, mit sensiblen Themen vertrauensvoll und professionell umzugehen und die Trigger aus dem Wettbewerb zu harmonisieren. <\/p>\n\n\n\n<hr class=\"wp-block-separator has-alpha-channel-opacity\"\/>\n<\/div>\n<\/div>\n\n\n\n<div class=\"wp-block-columns is-layout-flex wp-container-core-columns-is-layout-9d6595d7 wp-block-columns-is-layout-flex\">\n<div class=\"wp-block-column is-layout-flow wp-block-column-is-layout-flow\">\n<h2 class=\"wp-block-heading has-text-align-center\">Gute Seele mit Herz<\/h2>\n\n\n\n<p class=\"has-text-align-center\">Wir suchen mindestens eine &#8222;<em>gute Seele<\/em>&#8220; mit Herz die bei der erforderlichen Schlagfertigkeit im Wettbewerb nicht vergisst das wir immer auch mit Menschen arbeiten und auf dieser Unternehmensreise auch unseren kostenfreien Beitrag und guten Zweck im Auge behalten.<\/p>\n\n\n\n<hr class=\"wp-block-separator has-alpha-channel-opacity\"\/>\n\n\n\n<p class=\"has-text-align-center\">IT-Projektmanager<\/p>\n<\/div>\n\n\n\n<div class=\"wp-block-column is-layout-flow wp-block-column-is-layout-flow\">\n<h2 class=\"wp-block-heading has-text-align-center\">Hard\/Heart-Seller (Vertrieb)<\/h2>\n\n\n\n<p class=\"has-text-align-center\">Ich suche derzeit ein &#8222;<em>Hard Seller<\/em>&#8220; der nicht nur in der Lage ist ggf. vorliegenden Kundenbedarf zu erkennen und die Beauftragung abzuschlie\u00dfen, sondern auch in der Lage ist den Bedarf im Markt zu \u00f6ffnen, den Verkaufsprozess zu halten und bewusst zu machen das Entscheidungen und Investitionen notwendig sind um zu wachsen oder Themen zu l\u00f6sen. Es geht darum die Kundengruppe zu erreichen ohne stark zu triggern, aus dem Ego heraus zu provozieren oder zu stark zu verunsichern. Hier braucht es die F\u00e4higkeit von Empathie und Stabilit\u00e4t als auch Sicherheit. Ein bewusstes Ego. <\/p>\n\n\n\n<p class=\"has-text-align-center\">Das erfordert einerseits psychologisches Grundwissen, eigene Erfahrung im Verkauf und fast schon chirurgische Pr\u00e4zision. Anlernung und Ausbildung durch Patrick ist m\u00f6glich. BGB-Grundwissen und Coaching-Verst\u00e4ndnis hilfreich.<\/p>\n<\/div>\n<\/div>\n\n\n\n<hr class=\"wp-block-separator has-alpha-channel-opacity is-style-dots\"\/>\n\n\n\n<p><\/p>","protected":false},"excerpt":{"rendered":"<p>Wir bauen auf und aus Wir suchen derzeit verantwortungsbewusste Charaktere die mutig, engagiert, konstruktiv und professionell genug sind die Coaching- und IT-Branche mitzubeleben. Warum? Wir bei PK Coaching gestalten Ver\u00e4nderung proaktiv, wirksam und machen den Unterschied. Die Zusammenarbeit mit Patrick Koglin erfordert ein positives pers\u00f6nliches Auftreten, gute Auffassungsgabe und Konformit\u00e4t mit den Unternehmenswerten sowie den &#8230; <a title=\"Karriere\" class=\"read-more\" href=\"https:\/\/www.patrick-koglin.com\/en\/karriere\/\" aria-label=\"Read more about Karriere\">Read more<\/a><\/p>","protected":false},"author":1,"featured_media":0,"parent":0,"menu_order":0,"comment_status":"closed","ping_status":"closed","template":"","meta":{"footnotes":""},"class_list":["post-4827","page","type-page","status-publish"],"yoast_head":"<!-- This site is optimized with the Yoast SEO plugin v25.8 - https:\/\/yoast.com\/wordpress\/plugins\/seo\/ -->\n<title>Karriere - Patrick Koglin<\/title>\n<meta name=\"robots\" content=\"index, follow, max-snippet:-1, max-image-preview:large, max-video-preview:-1\" \/>\n<link rel=\"canonical\" href=\"https:\/\/www.patrick-koglin.com\/en\/karriere\/\" \/>\n<meta property=\"og:locale\" content=\"en_US\" \/>\n<meta property=\"og:type\" content=\"article\" \/>\n<meta property=\"og:title\" content=\"Karriere - Patrick Koglin\" \/>\n<meta property=\"og:description\" content=\"Wir bauen auf und aus Wir suchen derzeit verantwortungsbewusste Charaktere die mutig, engagiert, konstruktiv und professionell genug sind die Coaching- und IT-Branche mitzubeleben. Warum? Wir bei PK Coaching gestalten Ver\u00e4nderung proaktiv, wirksam und machen den Unterschied. Die Zusammenarbeit mit Patrick Koglin erfordert ein positives pers\u00f6nliches Auftreten, gute Auffassungsgabe und Konformit\u00e4t mit den Unternehmenswerten sowie den ... Read more\" \/>\n<meta property=\"og:url\" content=\"https:\/\/www.patrick-koglin.com\/en\/karriere\/\" \/>\n<meta property=\"og:site_name\" content=\"Patrick Koglin\" \/>\n<meta property=\"article:publisher\" content=\"https:\/\/www.facebook.com\/profile.php?id=61566852463657\" \/>\n<meta property=\"article:modified_time\" content=\"2026-04-22T10:59:05+00:00\" \/>\n<meta property=\"og:image\" content=\"https:\/\/www.patrick-koglin.com\/wp-content\/uploads\/2024\/09\/ProvenExpert-Siegel-mit-Hintergrund-1.png\" \/>\n\t<meta property=\"og:image:width\" content=\"600\" \/>\n\t<meta property=\"og:image:height\" content=\"441\" \/>\n\t<meta property=\"og:image:type\" content=\"image\/png\" \/>\n<meta name=\"twitter:card\" content=\"summary_large_image\" \/>\n<meta name=\"twitter:label1\" content=\"Est. reading time\" \/>\n\t<meta name=\"twitter:data1\" content=\"6 minutes\" \/>\n<script type=\"application\/ld+json\" class=\"yoast-schema-graph\">{\"@context\":\"https:\/\/schema.org\",\"@graph\":[{\"@type\":\"WebPage\",\"@id\":\"https:\/\/www.patrick-koglin.com\/karriere\/\",\"url\":\"https:\/\/www.patrick-koglin.com\/karriere\/\",\"name\":\"Karriere - Patrick Koglin\",\"isPartOf\":{\"@id\":\"https:\/\/www.patrick-koglin.com\/#website\"},\"primaryImageOfPage\":{\"@id\":\"https:\/\/www.patrick-koglin.com\/karriere\/#primaryimage\"},\"image\":{\"@id\":\"https:\/\/www.patrick-koglin.com\/karriere\/#primaryimage\"},\"thumbnailUrl\":\"https:\/\/www.patrick-koglin.com\/wp-content\/uploads\/2024\/09\/ProvenExpert-Siegel-mit-Hintergrund-1.png\",\"datePublished\":\"2024-11-05T11:48:12+00:00\",\"dateModified\":\"2026-04-22T10:59:05+00:00\",\"breadcrumb\":{\"@id\":\"https:\/\/www.patrick-koglin.com\/karriere\/#breadcrumb\"},\"inLanguage\":\"en-US\",\"potentialAction\":[{\"@type\":\"ReadAction\",\"target\":[\"https:\/\/www.patrick-koglin.com\/karriere\/\"]}]},{\"@type\":\"ImageObject\",\"inLanguage\":\"en-US\",\"@id\":\"https:\/\/www.patrick-koglin.com\/karriere\/#primaryimage\",\"url\":\"https:\/\/www.patrick-koglin.com\/wp-content\/uploads\/2024\/09\/ProvenExpert-Siegel-mit-Hintergrund-1.png\",\"contentUrl\":\"https:\/\/www.patrick-koglin.com\/wp-content\/uploads\/2024\/09\/ProvenExpert-Siegel-mit-Hintergrund-1.png\"},{\"@type\":\"BreadcrumbList\",\"@id\":\"https:\/\/www.patrick-koglin.com\/karriere\/#breadcrumb\",\"itemListElement\":[{\"@type\":\"ListItem\",\"position\":1,\"name\":\"Startseite\",\"item\":\"https:\/\/www.patrick-koglin.com\/\"},{\"@type\":\"ListItem\",\"position\":2,\"name\":\"Karriere\"}]},{\"@type\":\"WebSite\",\"@id\":\"https:\/\/www.patrick-koglin.com\/#website\",\"url\":\"https:\/\/www.patrick-koglin.com\/\",\"name\":\"PK Coaching - Patrick Koglin Unternehmensgruppe\",\"description\":\"PK Coaching, Business-Design &amp; Development\",\"publisher\":{\"@id\":\"https:\/\/www.patrick-koglin.com\/#organization\"},\"potentialAction\":[{\"@type\":\"SearchAction\",\"target\":{\"@type\":\"EntryPoint\",\"urlTemplate\":\"https:\/\/www.patrick-koglin.com\/?s={search_term_string}\"},\"query-input\":{\"@type\":\"PropertyValueSpecification\",\"valueRequired\":true,\"valueName\":\"search_term_string\"}}],\"inLanguage\":\"en-US\"},{\"@type\":\"Organization\",\"@id\":\"https:\/\/www.patrick-koglin.com\/#organization\",\"name\":\"Patrick Koglin | CEO von PK Coaching\",\"url\":\"https:\/\/www.patrick-koglin.com\/\",\"logo\":{\"@type\":\"ImageObject\",\"inLanguage\":\"en-US\",\"@id\":\"https:\/\/www.patrick-koglin.com\/#\/schema\/logo\/image\/\",\"url\":\"https:\/\/www.patrick-koglin.com\/wp-content\/uploads\/2025\/07\/cropped-PK16.png\",\"contentUrl\":\"https:\/\/www.patrick-koglin.com\/wp-content\/uploads\/2025\/07\/cropped-PK16.png\",\"width\":619,\"height\":287,\"caption\":\"Patrick Koglin | CEO von PK Coaching\"},\"image\":{\"@id\":\"https:\/\/www.patrick-koglin.com\/#\/schema\/logo\/image\/\"},\"sameAs\":[\"https:\/\/www.facebook.com\/profile.php?id=61566852463657\"]}]}<\/script>\n<!-- \/ Yoast SEO plugin. -->","yoast_head_json":{"title":"Karriere - Patrick Koglin","robots":{"index":"index","follow":"follow","max-snippet":"max-snippet:-1","max-image-preview":"max-image-preview:large","max-video-preview":"max-video-preview:-1"},"canonical":"https:\/\/www.patrick-koglin.com\/en\/karriere\/","og_locale":"en_US","og_type":"article","og_title":"Karriere - Patrick Koglin","og_description":"Wir bauen auf und aus Wir suchen derzeit verantwortungsbewusste Charaktere die mutig, engagiert, konstruktiv und professionell genug sind die Coaching- und IT-Branche mitzubeleben. Warum? Wir bei PK Coaching gestalten Ver\u00e4nderung proaktiv, wirksam und machen den Unterschied. Die Zusammenarbeit mit Patrick Koglin erfordert ein positives pers\u00f6nliches Auftreten, gute Auffassungsgabe und Konformit\u00e4t mit den Unternehmenswerten sowie den ... Read more","og_url":"https:\/\/www.patrick-koglin.com\/en\/karriere\/","og_site_name":"Patrick Koglin","article_publisher":"https:\/\/www.facebook.com\/profile.php?id=61566852463657","article_modified_time":"2026-04-22T10:59:05+00:00","og_image":[{"width":600,"height":441,"url":"https:\/\/www.patrick-koglin.com\/wp-content\/uploads\/2024\/09\/ProvenExpert-Siegel-mit-Hintergrund-1.png","type":"image\/png"}],"twitter_card":"summary_large_image","twitter_misc":{"Est. reading time":"6 minutes"},"schema":{"@context":"https:\/\/schema.org","@graph":[{"@type":"WebPage","@id":"https:\/\/www.patrick-koglin.com\/karriere\/","url":"https:\/\/www.patrick-koglin.com\/karriere\/","name":"Karriere - Patrick Koglin","isPartOf":{"@id":"https:\/\/www.patrick-koglin.com\/#website"},"primaryImageOfPage":{"@id":"https:\/\/www.patrick-koglin.com\/karriere\/#primaryimage"},"image":{"@id":"https:\/\/www.patrick-koglin.com\/karriere\/#primaryimage"},"thumbnailUrl":"https:\/\/www.patrick-koglin.com\/wp-content\/uploads\/2024\/09\/ProvenExpert-Siegel-mit-Hintergrund-1.png","datePublished":"2024-11-05T11:48:12+00:00","dateModified":"2026-04-22T10:59:05+00:00","breadcrumb":{"@id":"https:\/\/www.patrick-koglin.com\/karriere\/#breadcrumb"},"inLanguage":"en-US","potentialAction":[{"@type":"ReadAction","target":["https:\/\/www.patrick-koglin.com\/karriere\/"]}]},{"@type":"ImageObject","inLanguage":"en-US","@id":"https:\/\/www.patrick-koglin.com\/karriere\/#primaryimage","url":"https:\/\/www.patrick-koglin.com\/wp-content\/uploads\/2024\/09\/ProvenExpert-Siegel-mit-Hintergrund-1.png","contentUrl":"https:\/\/www.patrick-koglin.com\/wp-content\/uploads\/2024\/09\/ProvenExpert-Siegel-mit-Hintergrund-1.png"},{"@type":"BreadcrumbList","@id":"https:\/\/www.patrick-koglin.com\/karriere\/#breadcrumb","itemListElement":[{"@type":"ListItem","position":1,"name":"Startseite","item":"https:\/\/www.patrick-koglin.com\/"},{"@type":"ListItem","position":2,"name":"Karriere"}]},{"@type":"WebSite","@id":"https:\/\/www.patrick-koglin.com\/#website","url":"https:\/\/www.patrick-koglin.com\/","name":"PK Coaching - Patrick Koglin Unternehmensgruppe","description":"PK Coaching, Business-Design &amp; Development","publisher":{"@id":"https:\/\/www.patrick-koglin.com\/#organization"},"potentialAction":[{"@type":"SearchAction","target":{"@type":"EntryPoint","urlTemplate":"https:\/\/www.patrick-koglin.com\/?s={search_term_string}"},"query-input":{"@type":"PropertyValueSpecification","valueRequired":true,"valueName":"search_term_string"}}],"inLanguage":"en-US"},{"@type":"Organization","@id":"https:\/\/www.patrick-koglin.com\/#organization","name":"Patrick Koglin | CEO von PK Coaching","url":"https:\/\/www.patrick-koglin.com\/","logo":{"@type":"ImageObject","inLanguage":"en-US","@id":"https:\/\/www.patrick-koglin.com\/#\/schema\/logo\/image\/","url":"https:\/\/www.patrick-koglin.com\/wp-content\/uploads\/2025\/07\/cropped-PK16.png","contentUrl":"https:\/\/www.patrick-koglin.com\/wp-content\/uploads\/2025\/07\/cropped-PK16.png","width":619,"height":287,"caption":"Patrick Koglin | CEO von PK Coaching"},"image":{"@id":"https:\/\/www.patrick-koglin.com\/#\/schema\/logo\/image\/"},"sameAs":["https:\/\/www.facebook.com\/profile.php?id=61566852463657"]}]}},"_links":{"self":[{"href":"https:\/\/www.patrick-koglin.com\/en\/wp-json\/wp\/v2\/pages\/4827","targetHints":{"allow":["GET"]}}],"collection":[{"href":"https:\/\/www.patrick-koglin.com\/en\/wp-json\/wp\/v2\/pages"}],"about":[{"href":"https:\/\/www.patrick-koglin.com\/en\/wp-json\/wp\/v2\/types\/page"}],"author":[{"embeddable":true,"href":"https:\/\/www.patrick-koglin.com\/en\/wp-json\/wp\/v2\/users\/1"}],"replies":[{"embeddable":true,"href":"https:\/\/www.patrick-koglin.com\/en\/wp-json\/wp\/v2\/comments?post=4827"}],"version-history":[{"count":74,"href":"https:\/\/www.patrick-koglin.com\/en\/wp-json\/wp\/v2\/pages\/4827\/revisions"}],"predecessor-version":[{"id":14182,"href":"https:\/\/www.patrick-koglin.com\/en\/wp-json\/wp\/v2\/pages\/4827\/revisions\/14182"}],"wp:attachment":[{"href":"https:\/\/www.patrick-koglin.com\/en\/wp-json\/wp\/v2\/media?parent=4827"}],"curies":[{"name":"wp","href":"https:\/\/api.w.org\/{rel}","templated":true}]}}