{"id":4926,"date":"2024-11-14T14:46:52","date_gmt":"2024-11-14T13:46:52","guid":{"rendered":"https:\/\/www.patrick-koglin.com\/?page_id=4926"},"modified":"2025-01-08T15:39:26","modified_gmt":"2025-01-08T14:39:26","slug":"nlp-basics","status":"publish","type":"page","link":"https:\/\/www.patrick-koglin.com\/en\/workshop\/nlp-basics\/","title":{"rendered":"NLP-Basics &#8211; Praxiskurs"},"content":{"rendered":"<h2 class=\"wp-block-heading\">Online-Gruppen-Seminar und Workshop<\/h2>\n\n\n\n<p>NLP-Basisseminar, online per Zoom zur <em>Verbesserung von Pr\u00e4sentation und Kommunikation<\/em>, <em>NLP-Grundverst\u00e4ndnis<\/em>, <em>Modelle der Ver\u00e4nderung<\/em>, <em>Grundlagen f\u00fcr Klarheit<\/em> und <em>pers\u00f6nliche Entwicklung<\/em>.<\/p>\n\n\n\n<h3 class=\"wp-block-heading\">Gesunde Mischung aus Theorie und Praxis<\/h3>\n\n\n\n<p>Ziel des Workshops ist es die eigene Kommunikation zu verbessern, mehr pers\u00f6nliche Unabh\u00e4ngigkeit und emotionale Flexibilit\u00e4t zu erlangen, Formate f\u00fcr Ver\u00e4nderung kennenzulernen, famili\u00e4re Verbindungen zu verbessern, Verstrickungen zu l\u00f6sen, mehr Klarheit zu entwickeln und nat\u00fcrlich die eigene Ausrichtung zu verbessern. Weg vom Problem, hin zu L\u00f6sung: Also gl\u00fccklicher, freundlicher, zuversichtlicher und empathischer zu werden um z.B. die Liebe zu leben, besser zu kommunizieren, innere Negativit\u00e4t zu heilen oder einfach ein Leuchtturm f\u00fcr andere zu sein.<\/p>\n\n\n\n<p>Es werden grundlegende theoretische und praktische Modelle aus dem NLP vermitteln.<\/p>\n\n\n\n<p>4+1 Module mit Aufzeichnung.<\/p>\n\n\n\n<h2 class=\"wp-block-heading\">Inhalte:<\/h2>\n\n\n\n<ul class=\"wp-block-list\">\n<li>NLP-Grundverst\u00e4ndnis<\/li>\n\n\n\n<li>Modelle der Ver\u00e4nderung<\/li>\n\n\n\n<li>Pr\u00e4senz, Mindset und Sprache<\/li>\n\n\n\n<li>Grundlagen f\u00fcr Klarheit<\/li>\n\n\n\n<li>Pers\u00f6nliche Entwicklung<\/li>\n<\/ul>\n\n\n\n<p>F\u00fcr kurze Zeit nur 249 \u20ac. Bei Anmeldung bis 31. Januar 2025.<\/p>\n\n\n\n<div class=\"wp-block-buttons is-layout-flex wp-block-buttons-is-layout-flex\">\n<div class=\"wp-block-button\"><a class=\"wp-block-button__link has-accent-background-color has-background wp-element-button\" href=\"https:\/\/www.patrick-koglin.com\/en\/workshop\/nlp-basics\/termine\/\" style=\"border-radius:5px\">Termine<\/a><\/div>\n<\/div>\n\n\n\n<hr class=\"wp-block-separator has-alpha-channel-opacity\"\/>\n\n\n\n<div class=\"wp-block-columns is-layout-flex wp-container-core-columns-is-layout-9d6595d7 wp-block-columns-is-layout-flex\">\n<div class=\"wp-block-column is-layout-flow wp-block-column-is-layout-flow\">\n<figure class=\"wp-block-image size-large\"><img fetchpriority=\"high\" decoding=\"async\" width=\"1024\" height=\"1024\" src=\"https:\/\/www.patrick-koglin.com\/wp-content\/uploads\/2024\/11\/Banner-NLP-Basisseminar-1024x1024.png\" alt=\"\" class=\"wp-image-4940\" srcset=\"https:\/\/www.patrick-koglin.com\/wp-content\/uploads\/2024\/11\/Banner-NLP-Basisseminar-1024x1024.png 1024w, https:\/\/www.patrick-koglin.com\/wp-content\/uploads\/2024\/11\/Banner-NLP-Basisseminar-300x300.png 300w, https:\/\/www.patrick-koglin.com\/wp-content\/uploads\/2024\/11\/Banner-NLP-Basisseminar-150x150.png 150w, https:\/\/www.patrick-koglin.com\/wp-content\/uploads\/2024\/11\/Banner-NLP-Basisseminar-768x768.png 768w, https:\/\/www.patrick-koglin.com\/wp-content\/uploads\/2024\/11\/Banner-NLP-Basisseminar.png 1080w\" sizes=\"(max-width: 1024px) 100vw, 1024px\" \/><\/figure>\n<\/div>\n\n\n\n<div class=\"wp-block-column is-layout-flow wp-block-column-is-layout-flow\">\n<figure class=\"wp-block-image size-large\"><img decoding=\"async\" width=\"1024\" height=\"1024\" src=\"https:\/\/www.patrick-koglin.com\/wp-content\/uploads\/2024\/11\/Banner-NLP-Basisseminar-Termine-2025-1024x1024.png\" alt=\"\" class=\"wp-image-4942\" srcset=\"https:\/\/www.patrick-koglin.com\/wp-content\/uploads\/2024\/11\/Banner-NLP-Basisseminar-Termine-2025-1024x1024.png 1024w, https:\/\/www.patrick-koglin.com\/wp-content\/uploads\/2024\/11\/Banner-NLP-Basisseminar-Termine-2025-300x300.png 300w, https:\/\/www.patrick-koglin.com\/wp-content\/uploads\/2024\/11\/Banner-NLP-Basisseminar-Termine-2025-150x150.png 150w, https:\/\/www.patrick-koglin.com\/wp-content\/uploads\/2024\/11\/Banner-NLP-Basisseminar-Termine-2025-768x768.png 768w, https:\/\/www.patrick-koglin.com\/wp-content\/uploads\/2024\/11\/Banner-NLP-Basisseminar-Termine-2025.png 1080w\" sizes=\"(max-width: 1024px) 100vw, 1024px\" \/><\/figure>\n<\/div>\n<\/div>\n\n\n\n<hr class=\"wp-block-separator has-alpha-channel-opacity\"\/>\n\n\n\n<h2 class=\"wp-block-heading\">Kundenstimmen<\/h2>\n\n\n\n<h3 class=\"wp-block-heading has-text-align-center\"><em>&#8222;Super NLP-Kurs&#8220;<\/em><\/h3>\n\n\n\n<blockquote class=\"wp-block-quote is-layout-flow wp-block-quote-is-layout-flow\">\n<p class=\"has-text-align-center has-medium-font-size\"><em>\u201eIch war bei Patrick im NLP Praxis Kurs und bin einfach begeistert.<br>Kurze Theorie Einheit und dann ins kalte Wasser geschmissen zum \u00fcben in kleinen Gruppen.<br>Ich habe so viel lernen k\u00f6nnen z.B. Sprache besser zu nutzen oder einige Tools zum \u00e4ndern von Verhaltensweisen.<br>Danke f\u00fcr diesen unglaublich wertvollen Kurs, dem ich jeden nur ans Herz legen kann!\u201c<\/em><\/p>\n<\/blockquote>\n\n\n\n<hr class=\"wp-block-separator has-alpha-channel-opacity\"\/>\n\n\n\n<blockquote class=\"wp-block-quote is-layout-flow wp-block-quote-is-layout-flow\">\n<p class=\"has-text-align-center has-medium-font-size\"><em>&#8222;Seine Technik, die Bilder im Kopf zu ver\u00e4ndern, wirkt.&#8220;<\/em><\/p>\n<\/blockquote>\n\n\n\n<div class=\"wp-block-buttons is-content-justification-center is-layout-flex wp-container-core-buttons-is-layout-16018d1d wp-block-buttons-is-layout-flex\">\n<div class=\"wp-block-button\"><a class=\"wp-block-button__link has-base-3-color has-accent-background-color has-text-color has-background has-link-color wp-element-button\" href=\"https:\/\/www.patrick-koglin.com\/en\/workshop\/nlp-basics\/kundenstimmen\/\" style=\"border-radius:5px\">weitere Kundenstimmen<\/a><\/div>\n<\/div>","protected":false},"excerpt":{"rendered":"<p>Online-Gruppen-Seminar und Workshop NLP-Basisseminar, online per Zoom zur Verbesserung von Pr\u00e4sentation und Kommunikation, NLP-Grundverst\u00e4ndnis, Modelle der Ver\u00e4nderung, Grundlagen f\u00fcr Klarheit und pers\u00f6nliche Entwicklung. Gesunde Mischung aus Theorie und Praxis Ziel des Workshops ist es die eigene Kommunikation zu verbessern, mehr pers\u00f6nliche Unabh\u00e4ngigkeit und emotionale Flexibilit\u00e4t zu erlangen, Formate f\u00fcr Ver\u00e4nderung kennenzulernen, famili\u00e4re Verbindungen zu verbessern, &#8230; <a title=\"NLP-Basics &#8211; Praxiskurs\" class=\"read-more\" href=\"https:\/\/www.patrick-koglin.com\/en\/workshop\/nlp-basics\/\" aria-label=\"Read more about NLP-Basics &#8211; Praxiskurs\">Read more<\/a><\/p>","protected":false},"author":1,"featured_media":0,"parent":2053,"menu_order":0,"comment_status":"closed","ping_status":"closed","template":"","meta":{"footnotes":""},"class_list":["post-4926","page","type-page","status-publish"],"yoast_head":"<!-- This site is optimized with the Yoast SEO plugin v25.8 - https:\/\/yoast.com\/wordpress\/plugins\/seo\/ -->\n<title>NLP-Basics - Praxiskurs - Patrick Koglin<\/title>\n<meta name=\"robots\" content=\"index, follow, max-snippet:-1, max-image-preview:large, max-video-preview:-1\" \/>\n<link rel=\"canonical\" href=\"https:\/\/www.patrick-koglin.com\/en\/workshop\/nlp-basics\/\" \/>\n<meta property=\"og:locale\" content=\"en_US\" \/>\n<meta property=\"og:type\" content=\"article\" \/>\n<meta property=\"og:title\" content=\"NLP-Basics - Praxiskurs - Patrick Koglin\" \/>\n<meta property=\"og:description\" content=\"Online-Gruppen-Seminar und Workshop NLP-Basisseminar, online per Zoom zur Verbesserung von Pr\u00e4sentation und Kommunikation, NLP-Grundverst\u00e4ndnis, Modelle der Ver\u00e4nderung, Grundlagen f\u00fcr Klarheit und pers\u00f6nliche Entwicklung. Gesunde Mischung aus Theorie und Praxis Ziel des Workshops ist es die eigene Kommunikation zu verbessern, mehr pers\u00f6nliche Unabh\u00e4ngigkeit und emotionale Flexibilit\u00e4t zu erlangen, Formate f\u00fcr Ver\u00e4nderung kennenzulernen, famili\u00e4re Verbindungen zu verbessern, ... Read more\" \/>\n<meta property=\"og:url\" content=\"https:\/\/www.patrick-koglin.com\/en\/workshop\/nlp-basics\/\" \/>\n<meta property=\"og:site_name\" content=\"Patrick Koglin\" \/>\n<meta property=\"article:publisher\" content=\"https:\/\/www.facebook.com\/profile.php?id=61566852463657\" \/>\n<meta property=\"article:modified_time\" content=\"2025-01-08T14:39:26+00:00\" \/>\n<meta property=\"og:image\" content=\"https:\/\/www.patrick-koglin.com\/wp-content\/uploads\/2024\/11\/Banner-NLP-Basisseminar-1024x1024.png\" \/>\n<meta name=\"twitter:card\" content=\"summary_large_image\" \/>\n<meta name=\"twitter:label1\" content=\"Est. reading time\" \/>\n\t<meta name=\"twitter:data1\" content=\"2 minutes\" \/>\n<script type=\"application\/ld+json\" class=\"yoast-schema-graph\">{\"@context\":\"https:\/\/schema.org\",\"@graph\":[{\"@type\":\"WebPage\",\"@id\":\"https:\/\/www.patrick-koglin.com\/workshop\/nlp-basics\/\",\"url\":\"https:\/\/www.patrick-koglin.com\/workshop\/nlp-basics\/\",\"name\":\"NLP-Basics - Praxiskurs - Patrick Koglin\",\"isPartOf\":{\"@id\":\"https:\/\/www.patrick-koglin.com\/#website\"},\"primaryImageOfPage\":{\"@id\":\"https:\/\/www.patrick-koglin.com\/workshop\/nlp-basics\/#primaryimage\"},\"image\":{\"@id\":\"https:\/\/www.patrick-koglin.com\/workshop\/nlp-basics\/#primaryimage\"},\"thumbnailUrl\":\"https:\/\/www.patrick-koglin.com\/wp-content\/uploads\/2024\/11\/Banner-NLP-Basisseminar-1024x1024.png\",\"datePublished\":\"2024-11-14T13:46:52+00:00\",\"dateModified\":\"2025-01-08T14:39:26+00:00\",\"breadcrumb\":{\"@id\":\"https:\/\/www.patrick-koglin.com\/workshop\/nlp-basics\/#breadcrumb\"},\"inLanguage\":\"en-US\",\"potentialAction\":[{\"@type\":\"ReadAction\",\"target\":[\"https:\/\/www.patrick-koglin.com\/workshop\/nlp-basics\/\"]}]},{\"@type\":\"ImageObject\",\"inLanguage\":\"en-US\",\"@id\":\"https:\/\/www.patrick-koglin.com\/workshop\/nlp-basics\/#primaryimage\",\"url\":\"https:\/\/www.patrick-koglin.com\/wp-content\/uploads\/2024\/11\/Banner-NLP-Basisseminar-1024x1024.png\",\"contentUrl\":\"https:\/\/www.patrick-koglin.com\/wp-content\/uploads\/2024\/11\/Banner-NLP-Basisseminar-1024x1024.png\"},{\"@type\":\"BreadcrumbList\",\"@id\":\"https:\/\/www.patrick-koglin.com\/workshop\/nlp-basics\/#breadcrumb\",\"itemListElement\":[{\"@type\":\"ListItem\",\"position\":1,\"name\":\"Startseite\",\"item\":\"https:\/\/www.patrick-koglin.com\/\"},{\"@type\":\"ListItem\",\"position\":2,\"name\":\"Workshop\",\"item\":\"https:\/\/www.patrick-koglin.com\/workshop\/\"},{\"@type\":\"ListItem\",\"position\":3,\"name\":\"NLP-Basics &#8211; Praxiskurs\"}]},{\"@type\":\"WebSite\",\"@id\":\"https:\/\/www.patrick-koglin.com\/#website\",\"url\":\"https:\/\/www.patrick-koglin.com\/\",\"name\":\"PK Coaching - Patrick Koglin Unternehmensgruppe\",\"description\":\"PK Coaching, Business-Design &amp; Development\",\"publisher\":{\"@id\":\"https:\/\/www.patrick-koglin.com\/#organization\"},\"potentialAction\":[{\"@type\":\"SearchAction\",\"target\":{\"@type\":\"EntryPoint\",\"urlTemplate\":\"https:\/\/www.patrick-koglin.com\/?s={search_term_string}\"},\"query-input\":{\"@type\":\"PropertyValueSpecification\",\"valueRequired\":true,\"valueName\":\"search_term_string\"}}],\"inLanguage\":\"en-US\"},{\"@type\":\"Organization\",\"@id\":\"https:\/\/www.patrick-koglin.com\/#organization\",\"name\":\"Patrick Koglin | CEO von PK Coaching\",\"url\":\"https:\/\/www.patrick-koglin.com\/\",\"logo\":{\"@type\":\"ImageObject\",\"inLanguage\":\"en-US\",\"@id\":\"https:\/\/www.patrick-koglin.com\/#\/schema\/logo\/image\/\",\"url\":\"https:\/\/www.patrick-koglin.com\/wp-content\/uploads\/2025\/07\/cropped-PK16.png\",\"contentUrl\":\"https:\/\/www.patrick-koglin.com\/wp-content\/uploads\/2025\/07\/cropped-PK16.png\",\"width\":619,\"height\":287,\"caption\":\"Patrick Koglin | CEO von PK Coaching\"},\"image\":{\"@id\":\"https:\/\/www.patrick-koglin.com\/#\/schema\/logo\/image\/\"},\"sameAs\":[\"https:\/\/www.facebook.com\/profile.php?id=61566852463657\"]}]}<\/script>\n<!-- \/ Yoast SEO plugin. -->","yoast_head_json":{"title":"NLP-Basics - Praxiskurs - Patrick Koglin","robots":{"index":"index","follow":"follow","max-snippet":"max-snippet:-1","max-image-preview":"max-image-preview:large","max-video-preview":"max-video-preview:-1"},"canonical":"https:\/\/www.patrick-koglin.com\/en\/workshop\/nlp-basics\/","og_locale":"en_US","og_type":"article","og_title":"NLP-Basics - Praxiskurs - Patrick Koglin","og_description":"Online-Gruppen-Seminar und Workshop NLP-Basisseminar, online per Zoom zur Verbesserung von Pr\u00e4sentation und Kommunikation, NLP-Grundverst\u00e4ndnis, Modelle der Ver\u00e4nderung, Grundlagen f\u00fcr Klarheit und pers\u00f6nliche Entwicklung. Gesunde Mischung aus Theorie und Praxis Ziel des Workshops ist es die eigene Kommunikation zu verbessern, mehr pers\u00f6nliche Unabh\u00e4ngigkeit und emotionale Flexibilit\u00e4t zu erlangen, Formate f\u00fcr Ver\u00e4nderung kennenzulernen, famili\u00e4re Verbindungen zu verbessern, ... Read more","og_url":"https:\/\/www.patrick-koglin.com\/en\/workshop\/nlp-basics\/","og_site_name":"Patrick Koglin","article_publisher":"https:\/\/www.facebook.com\/profile.php?id=61566852463657","article_modified_time":"2025-01-08T14:39:26+00:00","og_image":[{"url":"https:\/\/www.patrick-koglin.com\/wp-content\/uploads\/2024\/11\/Banner-NLP-Basisseminar-1024x1024.png","type":"","width":"","height":""}],"twitter_card":"summary_large_image","twitter_misc":{"Est. reading time":"2 minutes"},"schema":{"@context":"https:\/\/schema.org","@graph":[{"@type":"WebPage","@id":"https:\/\/www.patrick-koglin.com\/workshop\/nlp-basics\/","url":"https:\/\/www.patrick-koglin.com\/workshop\/nlp-basics\/","name":"NLP-Basics - Praxiskurs - Patrick Koglin","isPartOf":{"@id":"https:\/\/www.patrick-koglin.com\/#website"},"primaryImageOfPage":{"@id":"https:\/\/www.patrick-koglin.com\/workshop\/nlp-basics\/#primaryimage"},"image":{"@id":"https:\/\/www.patrick-koglin.com\/workshop\/nlp-basics\/#primaryimage"},"thumbnailUrl":"https:\/\/www.patrick-koglin.com\/wp-content\/uploads\/2024\/11\/Banner-NLP-Basisseminar-1024x1024.png","datePublished":"2024-11-14T13:46:52+00:00","dateModified":"2025-01-08T14:39:26+00:00","breadcrumb":{"@id":"https:\/\/www.patrick-koglin.com\/workshop\/nlp-basics\/#breadcrumb"},"inLanguage":"en-US","potentialAction":[{"@type":"ReadAction","target":["https:\/\/www.patrick-koglin.com\/workshop\/nlp-basics\/"]}]},{"@type":"ImageObject","inLanguage":"en-US","@id":"https:\/\/www.patrick-koglin.com\/workshop\/nlp-basics\/#primaryimage","url":"https:\/\/www.patrick-koglin.com\/wp-content\/uploads\/2024\/11\/Banner-NLP-Basisseminar-1024x1024.png","contentUrl":"https:\/\/www.patrick-koglin.com\/wp-content\/uploads\/2024\/11\/Banner-NLP-Basisseminar-1024x1024.png"},{"@type":"BreadcrumbList","@id":"https:\/\/www.patrick-koglin.com\/workshop\/nlp-basics\/#breadcrumb","itemListElement":[{"@type":"ListItem","position":1,"name":"Startseite","item":"https:\/\/www.patrick-koglin.com\/"},{"@type":"ListItem","position":2,"name":"Workshop","item":"https:\/\/www.patrick-koglin.com\/workshop\/"},{"@type":"ListItem","position":3,"name":"NLP-Basics &#8211; Praxiskurs"}]},{"@type":"WebSite","@id":"https:\/\/www.patrick-koglin.com\/#website","url":"https:\/\/www.patrick-koglin.com\/","name":"PK Coaching - Patrick Koglin Unternehmensgruppe","description":"PK Coaching, Business-Design &amp; Development","publisher":{"@id":"https:\/\/www.patrick-koglin.com\/#organization"},"potentialAction":[{"@type":"SearchAction","target":{"@type":"EntryPoint","urlTemplate":"https:\/\/www.patrick-koglin.com\/?s={search_term_string}"},"query-input":{"@type":"PropertyValueSpecification","valueRequired":true,"valueName":"search_term_string"}}],"inLanguage":"en-US"},{"@type":"Organization","@id":"https:\/\/www.patrick-koglin.com\/#organization","name":"Patrick Koglin | CEO von PK Coaching","url":"https:\/\/www.patrick-koglin.com\/","logo":{"@type":"ImageObject","inLanguage":"en-US","@id":"https:\/\/www.patrick-koglin.com\/#\/schema\/logo\/image\/","url":"https:\/\/www.patrick-koglin.com\/wp-content\/uploads\/2025\/07\/cropped-PK16.png","contentUrl":"https:\/\/www.patrick-koglin.com\/wp-content\/uploads\/2025\/07\/cropped-PK16.png","width":619,"height":287,"caption":"Patrick Koglin | CEO von PK Coaching"},"image":{"@id":"https:\/\/www.patrick-koglin.com\/#\/schema\/logo\/image\/"},"sameAs":["https:\/\/www.facebook.com\/profile.php?id=61566852463657"]}]}},"_links":{"self":[{"href":"https:\/\/www.patrick-koglin.com\/en\/wp-json\/wp\/v2\/pages\/4926","targetHints":{"allow":["GET"]}}],"collection":[{"href":"https:\/\/www.patrick-koglin.com\/en\/wp-json\/wp\/v2\/pages"}],"about":[{"href":"https:\/\/www.patrick-koglin.com\/en\/wp-json\/wp\/v2\/types\/page"}],"author":[{"embeddable":true,"href":"https:\/\/www.patrick-koglin.com\/en\/wp-json\/wp\/v2\/users\/1"}],"replies":[{"embeddable":true,"href":"https:\/\/www.patrick-koglin.com\/en\/wp-json\/wp\/v2\/comments?post=4926"}],"version-history":[{"count":16,"href":"https:\/\/www.patrick-koglin.com\/en\/wp-json\/wp\/v2\/pages\/4926\/revisions"}],"predecessor-version":[{"id":5504,"href":"https:\/\/www.patrick-koglin.com\/en\/wp-json\/wp\/v2\/pages\/4926\/revisions\/5504"}],"up":[{"embeddable":true,"href":"https:\/\/www.patrick-koglin.com\/en\/wp-json\/wp\/v2\/pages\/2053"}],"wp:attachment":[{"href":"https:\/\/www.patrick-koglin.com\/en\/wp-json\/wp\/v2\/media?parent=4926"}],"curies":[{"name":"wp","href":"https:\/\/api.w.org\/{rel}","templated":true}]}}