{"id":5483,"date":"2025-01-08T13:02:42","date_gmt":"2025-01-08T12:02:42","guid":{"rendered":"https:\/\/www.patrick-koglin.com\/?page_id=5483"},"modified":"2025-01-08T14:46:12","modified_gmt":"2025-01-08T13:46:12","slug":"kundenstimmen","status":"publish","type":"page","link":"https:\/\/www.patrick-koglin.com\/en\/workshop\/nlp-basics\/kundenstimmen\/","title":{"rendered":"Kundenstimmen"},"content":{"rendered":"<div class=\"wp-block-columns is-layout-flex wp-container-core-columns-is-layout-9d6595d7 wp-block-columns-is-layout-flex\">\n<div class=\"wp-block-column is-layout-flow wp-block-column-is-layout-flow\">\n<p class=\"has-text-align-center has-large-font-size\"><em>&#8222;Seine Technik, die Bilder im Kopf zu ver\u00e4ndern, wirkt.&#8220;<\/em><\/p>\n\n\n<div class=\"wp-block-image is-style-rounded\">\n<figure class=\"aligncenter size-full is-resized\"><img decoding=\"async\" width=\"204\" height=\"192\" src=\"https:\/\/www.patrick-koglin.com\/wp-content\/uploads\/2024\/10\/Susann-Nartschik.jpeg\" alt=\"\" class=\"wp-image-2379\" style=\"width:166px;height:auto\"\/><\/figure>\n<\/div><\/div>\n\n\n\n<div class=\"wp-block-column is-layout-flow wp-block-column-is-layout-flow\">\n<h2 class=\"wp-block-heading has-text-align-center\">&#8222;<em>Super NLP-Kurs&#8220;<\/em><\/h2>\n\n\n\n<p class=\"has-text-align-center has-medium-font-size\">&#8222;Ich war bei Patrick im <em>NLP<\/em> Praxis Kurs und bin einfach begeistert. Kurze Theorie Einheit und dann ins kalte Wasser geschmissen zum \u00fcben in kleinen Gruppen. Ich habe so viel lernen k\u00f6nnen z.B. Sprache besser zu nutzen oder einige Tools zum \u00e4ndern von Verhaltensweisen.<br>Danke f\u00fcr diesen unglaublich wertvollen Kurs, dem ich jeden nur ans Herz legen kann!&#8220;<\/p>\n<\/div>\n\n\n\n<div class=\"wp-block-column is-layout-flow wp-block-column-is-layout-flow\">\n<p><\/p>\n\n\n<div class=\"wp-block-image is-style-rounded\">\n<figure class=\"aligncenter size-full is-resized\"><img fetchpriority=\"high\" decoding=\"async\" width=\"526\" height=\"527\" src=\"https:\/\/www.patrick-koglin.com\/wp-content\/uploads\/2025\/01\/92620721_156844485802507_575731973662703616_n.jpg\" alt=\"\" class=\"wp-image-5488\" style=\"width:196px;height:auto\" srcset=\"https:\/\/www.patrick-koglin.com\/wp-content\/uploads\/2025\/01\/92620721_156844485802507_575731973662703616_n.jpg 526w, https:\/\/www.patrick-koglin.com\/wp-content\/uploads\/2025\/01\/92620721_156844485802507_575731973662703616_n-300x300.jpg 300w, https:\/\/www.patrick-koglin.com\/wp-content\/uploads\/2025\/01\/92620721_156844485802507_575731973662703616_n-150x150.jpg 150w\" sizes=\"(max-width: 526px) 100vw, 526px\" \/><\/figure>\n<\/div>\n\n\n<p><\/p>\n\n\n\n<h3 class=\"wp-block-heading has-text-align-center\">Alle Angebote von ihm haben gro\u00dfen Mehrwert<\/h3>\n\n\n\n<p class=\"has-text-align-center has-medium-font-size\"><em>&#8222;F\u00fcr mich haben alle Angebote von Patrick, wie zb. NLP, Social Seller,&#8230; einen gro\u00dfen Mehrwert und f\u00fchren mich in die Sichtbarkeit.<br>Danke Patrick\ud83d\ude4f\u2764<\/em>&#8222;<\/p>\n<\/div>\n<\/div>","protected":false},"excerpt":{"rendered":"<p>&#8222;Seine Technik, die Bilder im Kopf zu ver\u00e4ndern, wirkt.&#8220; &#8222;Super NLP-Kurs&#8220; &#8222;Ich war bei Patrick im NLP Praxis Kurs und bin einfach begeistert. Kurze Theorie Einheit und dann ins kalte Wasser geschmissen zum \u00fcben in kleinen Gruppen. Ich habe so viel lernen k\u00f6nnen z.B. Sprache besser zu nutzen oder einige Tools zum \u00e4ndern von Verhaltensweisen.Danke &#8230; <a title=\"Kundenstimmen\" class=\"read-more\" href=\"https:\/\/www.patrick-koglin.com\/en\/workshop\/nlp-basics\/kundenstimmen\/\" aria-label=\"Read more about Kundenstimmen\">Read more<\/a><\/p>","protected":false},"author":1,"featured_media":0,"parent":4926,"menu_order":0,"comment_status":"closed","ping_status":"closed","template":"","meta":{"footnotes":""},"class_list":["post-5483","page","type-page","status-publish"],"yoast_head":"<!-- This site is optimized with the Yoast SEO plugin v25.8 - https:\/\/yoast.com\/wordpress\/plugins\/seo\/ -->\n<title>Kundenstimmen - Patrick Koglin<\/title>\n<meta name=\"robots\" content=\"index, follow, max-snippet:-1, max-image-preview:large, max-video-preview:-1\" \/>\n<link rel=\"canonical\" href=\"https:\/\/www.patrick-koglin.com\/en\/workshop\/nlp-basics\/kundenstimmen\/\" \/>\n<meta property=\"og:locale\" content=\"en_US\" \/>\n<meta property=\"og:type\" content=\"article\" \/>\n<meta property=\"og:title\" content=\"Kundenstimmen - Patrick Koglin\" \/>\n<meta property=\"og:description\" content=\"&#8222;Seine Technik, die Bilder im Kopf zu ver\u00e4ndern, wirkt.&#8220; &#8222;Super NLP-Kurs&#8220; &#8222;Ich war bei Patrick im NLP Praxis Kurs und bin einfach begeistert. Kurze Theorie Einheit und dann ins kalte Wasser geschmissen zum \u00fcben in kleinen Gruppen. Ich habe so viel lernen k\u00f6nnen z.B. Sprache besser zu nutzen oder einige Tools zum \u00e4ndern von Verhaltensweisen.Danke ... Read more\" \/>\n<meta property=\"og:url\" content=\"https:\/\/www.patrick-koglin.com\/en\/workshop\/nlp-basics\/kundenstimmen\/\" \/>\n<meta property=\"og:site_name\" content=\"Patrick Koglin\" \/>\n<meta property=\"article:publisher\" content=\"https:\/\/www.facebook.com\/profile.php?id=61566852463657\" \/>\n<meta property=\"article:modified_time\" content=\"2025-01-08T13:46:12+00:00\" \/>\n<meta property=\"og:image\" content=\"https:\/\/www.patrick-koglin.com\/wp-content\/uploads\/2024\/10\/Susann-Nartschik.jpeg\" \/>\n<meta name=\"twitter:card\" content=\"summary_large_image\" \/>\n<meta name=\"twitter:label1\" content=\"Est. reading time\" \/>\n\t<meta name=\"twitter:data1\" content=\"1 minute\" \/>\n<script type=\"application\/ld+json\" class=\"yoast-schema-graph\">{\"@context\":\"https:\/\/schema.org\",\"@graph\":[{\"@type\":\"WebPage\",\"@id\":\"https:\/\/www.patrick-koglin.com\/workshop\/nlp-basics\/kundenstimmen\/\",\"url\":\"https:\/\/www.patrick-koglin.com\/workshop\/nlp-basics\/kundenstimmen\/\",\"name\":\"Kundenstimmen - Patrick Koglin\",\"isPartOf\":{\"@id\":\"https:\/\/www.patrick-koglin.com\/#website\"},\"primaryImageOfPage\":{\"@id\":\"https:\/\/www.patrick-koglin.com\/workshop\/nlp-basics\/kundenstimmen\/#primaryimage\"},\"image\":{\"@id\":\"https:\/\/www.patrick-koglin.com\/workshop\/nlp-basics\/kundenstimmen\/#primaryimage\"},\"thumbnailUrl\":\"https:\/\/www.patrick-koglin.com\/wp-content\/uploads\/2024\/10\/Susann-Nartschik.jpeg\",\"datePublished\":\"2025-01-08T12:02:42+00:00\",\"dateModified\":\"2025-01-08T13:46:12+00:00\",\"breadcrumb\":{\"@id\":\"https:\/\/www.patrick-koglin.com\/workshop\/nlp-basics\/kundenstimmen\/#breadcrumb\"},\"inLanguage\":\"en-US\",\"potentialAction\":[{\"@type\":\"ReadAction\",\"target\":[\"https:\/\/www.patrick-koglin.com\/workshop\/nlp-basics\/kundenstimmen\/\"]}]},{\"@type\":\"ImageObject\",\"inLanguage\":\"en-US\",\"@id\":\"https:\/\/www.patrick-koglin.com\/workshop\/nlp-basics\/kundenstimmen\/#primaryimage\",\"url\":\"https:\/\/www.patrick-koglin.com\/wp-content\/uploads\/2024\/10\/Susann-Nartschik.jpeg\",\"contentUrl\":\"https:\/\/www.patrick-koglin.com\/wp-content\/uploads\/2024\/10\/Susann-Nartschik.jpeg\"},{\"@type\":\"BreadcrumbList\",\"@id\":\"https:\/\/www.patrick-koglin.com\/workshop\/nlp-basics\/kundenstimmen\/#breadcrumb\",\"itemListElement\":[{\"@type\":\"ListItem\",\"position\":1,\"name\":\"Startseite\",\"item\":\"https:\/\/www.patrick-koglin.com\/\"},{\"@type\":\"ListItem\",\"position\":2,\"name\":\"Workshop\",\"item\":\"https:\/\/www.patrick-koglin.com\/workshop\/\"},{\"@type\":\"ListItem\",\"position\":3,\"name\":\"NLP-Basics &#8211; Praxiskurs\",\"item\":\"https:\/\/www.patrick-koglin.com\/workshop\/nlp-basics\/\"},{\"@type\":\"ListItem\",\"position\":4,\"name\":\"Kundenstimmen\"}]},{\"@type\":\"WebSite\",\"@id\":\"https:\/\/www.patrick-koglin.com\/#website\",\"url\":\"https:\/\/www.patrick-koglin.com\/\",\"name\":\"PK Coaching - Patrick Koglin Unternehmensgruppe\",\"description\":\"PK Coaching, Business-Design &amp; Development\",\"publisher\":{\"@id\":\"https:\/\/www.patrick-koglin.com\/#organization\"},\"potentialAction\":[{\"@type\":\"SearchAction\",\"target\":{\"@type\":\"EntryPoint\",\"urlTemplate\":\"https:\/\/www.patrick-koglin.com\/?s={search_term_string}\"},\"query-input\":{\"@type\":\"PropertyValueSpecification\",\"valueRequired\":true,\"valueName\":\"search_term_string\"}}],\"inLanguage\":\"en-US\"},{\"@type\":\"Organization\",\"@id\":\"https:\/\/www.patrick-koglin.com\/#organization\",\"name\":\"Patrick Koglin | CEO von PK Coaching\",\"url\":\"https:\/\/www.patrick-koglin.com\/\",\"logo\":{\"@type\":\"ImageObject\",\"inLanguage\":\"en-US\",\"@id\":\"https:\/\/www.patrick-koglin.com\/#\/schema\/logo\/image\/\",\"url\":\"https:\/\/www.patrick-koglin.com\/wp-content\/uploads\/2025\/07\/cropped-PK16.png\",\"contentUrl\":\"https:\/\/www.patrick-koglin.com\/wp-content\/uploads\/2025\/07\/cropped-PK16.png\",\"width\":619,\"height\":287,\"caption\":\"Patrick Koglin | CEO von PK Coaching\"},\"image\":{\"@id\":\"https:\/\/www.patrick-koglin.com\/#\/schema\/logo\/image\/\"},\"sameAs\":[\"https:\/\/www.facebook.com\/profile.php?id=61566852463657\"]}]}<\/script>\n<!-- \/ Yoast SEO plugin. -->","yoast_head_json":{"title":"Kundenstimmen - Patrick Koglin","robots":{"index":"index","follow":"follow","max-snippet":"max-snippet:-1","max-image-preview":"max-image-preview:large","max-video-preview":"max-video-preview:-1"},"canonical":"https:\/\/www.patrick-koglin.com\/en\/workshop\/nlp-basics\/kundenstimmen\/","og_locale":"en_US","og_type":"article","og_title":"Kundenstimmen - Patrick Koglin","og_description":"&#8222;Seine Technik, die Bilder im Kopf zu ver\u00e4ndern, wirkt.&#8220; &#8222;Super NLP-Kurs&#8220; &#8222;Ich war bei Patrick im NLP Praxis Kurs und bin einfach begeistert. Kurze Theorie Einheit und dann ins kalte Wasser geschmissen zum \u00fcben in kleinen Gruppen. Ich habe so viel lernen k\u00f6nnen z.B. Sprache besser zu nutzen oder einige Tools zum \u00e4ndern von Verhaltensweisen.Danke ... Read more","og_url":"https:\/\/www.patrick-koglin.com\/en\/workshop\/nlp-basics\/kundenstimmen\/","og_site_name":"Patrick Koglin","article_publisher":"https:\/\/www.facebook.com\/profile.php?id=61566852463657","article_modified_time":"2025-01-08T13:46:12+00:00","og_image":[{"url":"https:\/\/www.patrick-koglin.com\/wp-content\/uploads\/2024\/10\/Susann-Nartschik.jpeg","type":"","width":"","height":""}],"twitter_card":"summary_large_image","twitter_misc":{"Est. reading time":"1 minute"},"schema":{"@context":"https:\/\/schema.org","@graph":[{"@type":"WebPage","@id":"https:\/\/www.patrick-koglin.com\/workshop\/nlp-basics\/kundenstimmen\/","url":"https:\/\/www.patrick-koglin.com\/workshop\/nlp-basics\/kundenstimmen\/","name":"Kundenstimmen - Patrick Koglin","isPartOf":{"@id":"https:\/\/www.patrick-koglin.com\/#website"},"primaryImageOfPage":{"@id":"https:\/\/www.patrick-koglin.com\/workshop\/nlp-basics\/kundenstimmen\/#primaryimage"},"image":{"@id":"https:\/\/www.patrick-koglin.com\/workshop\/nlp-basics\/kundenstimmen\/#primaryimage"},"thumbnailUrl":"https:\/\/www.patrick-koglin.com\/wp-content\/uploads\/2024\/10\/Susann-Nartschik.jpeg","datePublished":"2025-01-08T12:02:42+00:00","dateModified":"2025-01-08T13:46:12+00:00","breadcrumb":{"@id":"https:\/\/www.patrick-koglin.com\/workshop\/nlp-basics\/kundenstimmen\/#breadcrumb"},"inLanguage":"en-US","potentialAction":[{"@type":"ReadAction","target":["https:\/\/www.patrick-koglin.com\/workshop\/nlp-basics\/kundenstimmen\/"]}]},{"@type":"ImageObject","inLanguage":"en-US","@id":"https:\/\/www.patrick-koglin.com\/workshop\/nlp-basics\/kundenstimmen\/#primaryimage","url":"https:\/\/www.patrick-koglin.com\/wp-content\/uploads\/2024\/10\/Susann-Nartschik.jpeg","contentUrl":"https:\/\/www.patrick-koglin.com\/wp-content\/uploads\/2024\/10\/Susann-Nartschik.jpeg"},{"@type":"BreadcrumbList","@id":"https:\/\/www.patrick-koglin.com\/workshop\/nlp-basics\/kundenstimmen\/#breadcrumb","itemListElement":[{"@type":"ListItem","position":1,"name":"Startseite","item":"https:\/\/www.patrick-koglin.com\/"},{"@type":"ListItem","position":2,"name":"Workshop","item":"https:\/\/www.patrick-koglin.com\/workshop\/"},{"@type":"ListItem","position":3,"name":"NLP-Basics &#8211; Praxiskurs","item":"https:\/\/www.patrick-koglin.com\/workshop\/nlp-basics\/"},{"@type":"ListItem","position":4,"name":"Kundenstimmen"}]},{"@type":"WebSite","@id":"https:\/\/www.patrick-koglin.com\/#website","url":"https:\/\/www.patrick-koglin.com\/","name":"PK Coaching - Patrick Koglin Unternehmensgruppe","description":"PK Coaching, Business-Design &amp; Development","publisher":{"@id":"https:\/\/www.patrick-koglin.com\/#organization"},"potentialAction":[{"@type":"SearchAction","target":{"@type":"EntryPoint","urlTemplate":"https:\/\/www.patrick-koglin.com\/?s={search_term_string}"},"query-input":{"@type":"PropertyValueSpecification","valueRequired":true,"valueName":"search_term_string"}}],"inLanguage":"en-US"},{"@type":"Organization","@id":"https:\/\/www.patrick-koglin.com\/#organization","name":"Patrick Koglin | CEO von PK Coaching","url":"https:\/\/www.patrick-koglin.com\/","logo":{"@type":"ImageObject","inLanguage":"en-US","@id":"https:\/\/www.patrick-koglin.com\/#\/schema\/logo\/image\/","url":"https:\/\/www.patrick-koglin.com\/wp-content\/uploads\/2025\/07\/cropped-PK16.png","contentUrl":"https:\/\/www.patrick-koglin.com\/wp-content\/uploads\/2025\/07\/cropped-PK16.png","width":619,"height":287,"caption":"Patrick Koglin | CEO von PK Coaching"},"image":{"@id":"https:\/\/www.patrick-koglin.com\/#\/schema\/logo\/image\/"},"sameAs":["https:\/\/www.facebook.com\/profile.php?id=61566852463657"]}]}},"_links":{"self":[{"href":"https:\/\/www.patrick-koglin.com\/en\/wp-json\/wp\/v2\/pages\/5483","targetHints":{"allow":["GET"]}}],"collection":[{"href":"https:\/\/www.patrick-koglin.com\/en\/wp-json\/wp\/v2\/pages"}],"about":[{"href":"https:\/\/www.patrick-koglin.com\/en\/wp-json\/wp\/v2\/types\/page"}],"author":[{"embeddable":true,"href":"https:\/\/www.patrick-koglin.com\/en\/wp-json\/wp\/v2\/users\/1"}],"replies":[{"embeddable":true,"href":"https:\/\/www.patrick-koglin.com\/en\/wp-json\/wp\/v2\/comments?post=5483"}],"version-history":[{"count":9,"href":"https:\/\/www.patrick-koglin.com\/en\/wp-json\/wp\/v2\/pages\/5483\/revisions"}],"predecessor-version":[{"id":5496,"href":"https:\/\/www.patrick-koglin.com\/en\/wp-json\/wp\/v2\/pages\/5483\/revisions\/5496"}],"up":[{"embeddable":true,"href":"https:\/\/www.patrick-koglin.com\/en\/wp-json\/wp\/v2\/pages\/4926"}],"wp:attachment":[{"href":"https:\/\/www.patrick-koglin.com\/en\/wp-json\/wp\/v2\/media?parent=5483"}],"curies":[{"name":"wp","href":"https:\/\/api.w.org\/{rel}","templated":true}]}}